{"id":233328,"date":"2025-05-16T14:09:58","date_gmt":"2025-05-16T12:09:58","guid":{"rendered":"https:\/\/www.csj-emballages.com\/produit\/schock-chlortabletten-20g-pro-5-kg\/"},"modified":"2026-03-12T16:07:16","modified_gmt":"2026-03-12T15:07:16","slug":"schock-chlortabletten-20g-pro-5-kg","status":"publish","type":"product","link":"https:\/\/www.csj-emballages.com\/de\/produit\/schock-chlortabletten-20g-pro-5-kg\/","title":{"rendered":"Schock-Chlortablette in 20g pro 5 kg"},"content":{"rendered":"<h2 class=\"p1\">Chlortablette<\/h2>\n<hr>\n<h3>Beschreibung unserer Chlorschocktablette 20g pro 5kg<\/h3>\n<p><!--more--><\/p>\n<p data-start=\"152\" data-end=\"493\">Die <strong data-start=\"156\" data-end=\"188\">Chlortabletten Schock 20g<\/strong> im <strong>5-kg-Eimer<\/strong> sind eine leistungsstarke und schnelle L\u00f6sung, um das Wasser Ihres Schwimmbeckens wirksam zu behandeln. Egal, ob Sie als Privatperson um die Qualit\u00e4t Ihres Beckens besorgt sind oder als professioneller Poolpfleger, dieses Produkt ist ein Muss, um in k\u00fcrzester Zeit gesundes und kristallklares Wasser zu gew\u00e4hrleisten. <\/p>\n<p data-start=\"495\" data-end=\"804\">Diese Tabletten sind f\u00fcr <strong data-start=\"512\" data-end=\"532\">Schockbehandlungen<\/strong> konzipiert und wirken sofort bei tr\u00fcbem Wasser, starker Frequentierung oder Algenwachstum. Dank ihrer <strong data-start=\"659\" data-end=\"701\">konzentrierten Formulierung mit Aktivchlor<\/strong> t\u00f6ten sie Bakterien, Pilze und andere Mikroorganismen im Wasser schnell ab. <\/p>\n<p data-start=\"806\" data-end=\"1218\">Sie sind mit ihren <strong data-start=\"833\" data-end=\"857\">20-Gramm-Einheiten<\/strong> leicht zu dosieren und l\u00f6sen sich schnell und ohne R\u00fcckst\u00e4nde auf, um eine schnelle und gleichm\u00e4\u00dfige Wirkung zu erzielen. Die Anwendung ist einfach: Verteilen Sie die Tabletten einfach im Skimmer oder direkt im Teich (wenn keine Badeg\u00e4ste anwesend sind), je nach Empfehlung. Die 5-kg-Gr\u00f6\u00dfe reicht f\u00fcr mehrere Behandlungen und ist daher langfristig eine kosteng\u00fcnstige L\u00f6sung.  <\/p>\n<p data-start=\"1220\" data-end=\"1426\">Diese <strong>Chlortabletten<\/strong> eignen sich f\u00fcr alle Arten von Schwimmbecken und sind ideal zu Beginn der Saison, nach einem starken Regen oder vor einem Temperaturanstieg, der das Algenwachstum f\u00f6rdert.<\/p>\n<p data-start=\"1428\" data-end=\"1681\">Mit diesem <strong>Schock-Chlor<\/strong> k\u00f6nnen Sie sicher sein, dass Ihr <strong data-start=\"1481\" data-end=\"1521\">Wasser kristallklar, desinfiziert und angenehm ist<\/strong>. Kurzum, es ist der Reflex, den Sie haben sollten, um eine kontrollierte Pflege und einen Pool zu haben, der immer bereit ist, Gro\u00df und Klein zu empfangen. <\/p>\n<p>&nbsp;<\/p>\n<p data-start=\"1302\" data-end=\"1517\"><!--more--><\/p>\n<p><strong>Ihre Vorteile :<\/strong><\/p>\n<ul>\n<li>Sparsames Format im 5-kg-Eimer.<\/li>\n<li>20g-Tabletten: einfache und schnelle Dosierung.<\/li>\n<li>Schnelle Aufl\u00f6sung ohne R\u00fcckst\u00e4nde.<\/li>\n<li>Mit allen Arten von Schwimmbecken kompatibel.<\/li>\n<\/ul>\n<p>&nbsp;<\/p>\n<p><!--more--><\/p>\n<p><strong>Weitere Informationen :  <\/strong><\/p>\n<ul>\n<li><strong>Verpackung<\/strong>: Einzeln<\/li>\n<li><strong>Volumen <\/strong>: 5kg<\/li>\n<li><strong>Verwendung<\/strong>: Chlortablette<\/li>\n<\/ul>\n<p>&nbsp;<\/p>\n<p><!--more--><\/p>\n<p>Entdecken Sie auch unser Flockungsmittel in Socken Sandfilter 125 g pro 8 : <span style=\"color: #d12727;\"><a style=\"color: #d12727;\" href=\"https:\/\/www.csj-emballages.com\/produit\/8-chaussette-floculant-filtre-a-sable-125-g\/\">16991<\/a><\/span><\/p>\n<p>&nbsp;<\/p>\n<p><!--more--><\/p>\n<p><a href=\"https:\/\/www.csj-emballages.com\/de\/categorie-produit\/hygiene-und-pflege\/pflegeprodukte\/sanitar\/\">Sehen Sie sich den Rest unseres Sortiments an Pool-\/Spa-Pflegeprodukten an<\/a><\/p>\n","protected":false},"excerpt":{"rendered":"<p>Chlortablette Beschreibung unserer Chlorschocktablette 20g pro 5kg<\/p>\n","protected":false},"featured_media":233323,"template":"","meta":{"_acf_changed":false},"product_brand":[],"product_cat":[1137,1218,1219,1299,10273],"product_tag":[],"class_list":{"0":"post-233328","1":"product","2":"type-product","3":"status-publish","4":"has-post-thumbnail","6":"product_cat-lebensmittelverpackungen","7":"product_cat-hygiene-und-pflege","8":"product_cat-pflegeprodukte","9":"product_cat-pflege-von-swimmingpool-spa","10":"product_cat-lagerbestand","12":"first","13":"instock","14":"sale","15":"taxable","16":"shipping-taxable","17":"purchasable","18":"product-type-simple"},"acf":[],"yoast_head":"<!-- This site is optimized with the Yoast SEO Premium plugin v26.6 (Yoast SEO v26.6) - https:\/\/yoast.com\/wordpress\/plugins\/seo\/ -->\n<title>Chlortablette Choc in 20g pro 5 kg<\/title>\n<meta name=\"description\" content=\"Chlortablette Schock 20g - 5 kg Eimer. Ideal f\u00fcr die schnelle Behandlung von Schwimmbadwasser: beseitigt Algen und Bakterien, starke und sofortige Wirkung.\" \/>\n<meta name=\"robots\" content=\"index, follow, max-snippet:-1, max-image-preview:large, max-video-preview:-1\" \/>\n<link rel=\"canonical\" href=\"https:\/\/www.csj-emballages.com\/de\/produit\/schock-chlortabletten-20g-pro-5-kg\/\" \/>\n<meta property=\"og:locale\" content=\"de_DE\" \/>\n<meta property=\"og:type\" content=\"article\" \/>\n<meta property=\"og:title\" content=\"Schock-Chlortablette in 20g pro 5 kg\" \/>\n<meta property=\"og:description\" content=\"Chlortablette Schock 20g - 5 kg Eimer. Ideal f\u00fcr die schnelle Behandlung von Schwimmbadwasser: beseitigt Algen und Bakterien, starke und sofortige Wirkung.\" \/>\n<meta property=\"og:url\" content=\"https:\/\/www.csj-emballages.com\/de\/produit\/schock-chlortabletten-20g-pro-5-kg\/\" \/>\n<meta property=\"og:site_name\" content=\"CSJ Emballages\" \/>\n<meta property=\"article:publisher\" content=\"https:\/\/www.facebook.com\/csjemballages\" \/>\n<meta property=\"article:modified_time\" content=\"2026-03-12T15:07:16+00:00\" \/>\n<meta property=\"og:image\" content=\"https:\/\/www.csj-emballages.com\/wp-content\/uploads\/2025\/05\/20105.webp\" \/>\n\t<meta property=\"og:image:width\" content=\"800\" \/>\n\t<meta property=\"og:image:height\" content=\"799\" \/>\n\t<meta property=\"og:image:type\" content=\"image\/webp\" \/>\n<meta name=\"twitter:card\" content=\"summary_large_image\" \/>\n<meta name=\"twitter:label1\" content=\"Gesch\u00e4tzte Lesezeit\" \/>\n\t<meta name=\"twitter:data1\" content=\"1\u00a0Minute\" \/>\n<script type=\"application\/ld+json\" class=\"yoast-schema-graph\">{\"@context\":\"https:\/\/schema.org\",\"@graph\":[{\"@type\":\"WebPage\",\"@id\":\"https:\/\/www.csj-emballages.com\/de\/produit\/schock-chlortabletten-20g-pro-5-kg\/\",\"url\":\"https:\/\/www.csj-emballages.com\/de\/produit\/schock-chlortabletten-20g-pro-5-kg\/\",\"name\":\"Chlortablette Choc in 20g pro 5 kg\",\"isPartOf\":{\"@id\":\"https:\/\/www.csj-emballages.com\/de\/#website\"},\"primaryImageOfPage\":{\"@id\":\"https:\/\/www.csj-emballages.com\/de\/produit\/schock-chlortabletten-20g-pro-5-kg\/#primaryimage\"},\"image\":{\"@id\":\"https:\/\/www.csj-emballages.com\/de\/produit\/schock-chlortabletten-20g-pro-5-kg\/#primaryimage\"},\"thumbnailUrl\":\"https:\/\/www.csj-emballages.com\/wp-content\/uploads\/2025\/05\/20105.webp\",\"datePublished\":\"2025-05-16T12:09:58+00:00\",\"dateModified\":\"2026-03-12T15:07:16+00:00\",\"description\":\"Chlortablette Schock 20g - 5 kg Eimer. Ideal f\u00fcr die schnelle Behandlung von Schwimmbadwasser: beseitigt Algen und Bakterien, starke und sofortige Wirkung.\",\"breadcrumb\":{\"@id\":\"https:\/\/www.csj-emballages.com\/de\/produit\/schock-chlortabletten-20g-pro-5-kg\/#breadcrumb\"},\"inLanguage\":\"de\",\"potentialAction\":[{\"@type\":\"ReadAction\",\"target\":[\"https:\/\/www.csj-emballages.com\/de\/produit\/schock-chlortabletten-20g-pro-5-kg\/\"]}]},{\"@type\":\"ImageObject\",\"inLanguage\":\"de\",\"@id\":\"https:\/\/www.csj-emballages.com\/de\/produit\/schock-chlortabletten-20g-pro-5-kg\/#primaryimage\",\"url\":\"https:\/\/www.csj-emballages.com\/wp-content\/uploads\/2025\/05\/20105.webp\",\"contentUrl\":\"https:\/\/www.csj-emballages.com\/wp-content\/uploads\/2025\/05\/20105.webp\",\"width\":800,\"height\":799,\"caption\":\"pastille de chlore\"},{\"@type\":\"BreadcrumbList\",\"@id\":\"https:\/\/www.csj-emballages.com\/de\/produit\/schock-chlortabletten-20g-pro-5-kg\/#breadcrumb\",\"itemListElement\":[{\"@type\":\"ListItem\",\"position\":1,\"name\":\"Accueil\",\"item\":\"https:\/\/www.csj-emballages.com\/de\/universum-lebensmittelverpackungen\/\"},{\"@type\":\"ListItem\",\"position\":2,\"name\":\"Shop\",\"item\":\"https:\/\/www.csj-emballages.com\/shop\/\"},{\"@type\":\"ListItem\",\"position\":3,\"name\":\"Schock-Chlortablette in 20g pro 5 kg\"}]},{\"@type\":\"WebSite\",\"@id\":\"https:\/\/www.csj-emballages.com\/de\/#website\",\"url\":\"https:\/\/www.csj-emballages.com\/de\/\",\"name\":\"CSJ Emballages\",\"description\":\"\",\"publisher\":{\"@id\":\"https:\/\/www.csj-emballages.com\/de\/#organization\"},\"potentialAction\":[{\"@type\":\"SearchAction\",\"target\":{\"@type\":\"EntryPoint\",\"urlTemplate\":\"https:\/\/www.csj-emballages.com\/de\/?s={search_term_string}\"},\"query-input\":{\"@type\":\"PropertyValueSpecification\",\"valueRequired\":true,\"valueName\":\"search_term_string\"}}],\"inLanguage\":\"de\"},{\"@type\":\"Organization\",\"@id\":\"https:\/\/www.csj-emballages.com\/de\/#Organization\/\",\"name\":\"CSJ Emballages\",\"url\":\"https:\/\/www.csj-emballages.com\/de\/\",\"logo\":{\"@type\":\"ImageObject\",\"inLanguage\":\"de\",\"@id\":\"https:\/\/www.csj-emballages.com\/de\/#\/schema\/logo\/image\/\",\"url\":\"https:\/\/www.csj-emballages.com\/wp-content\/uploads\/2023\/10\/logo_csj.webp\",\"contentUrl\":\"https:\/\/www.csj-emballages.com\/wp-content\/uploads\/2023\/10\/logo_csj.webp\",\"width\":250,\"height\":95,\"caption\":\"CSJ Emballages\"},\"image\":{\"@id\":\"https:\/\/www.csj-emballages.com\/de\/#\/schema\/logo\/image\/\"},\"sameAs\":[\"https:\/\/www.facebook.com\/csjemballages\"],\"address\":{\"@type\":\"PostalAddress\",\"streetAddress\":\"ZI La Lechere\",\"addressLocality\":\"Patornay\",\"postalCode\":\"39130\",\"addressCountry\":\"FR\"},\"contactPoint\":[{\"@type\":\"ContactPoint\",\"contactType\":\"Service client\",\"telephone\":\"0384254272\",\"email\":\"contact@csj-emballages.com\"}]}]}<\/script>\n<!-- \/ Yoast SEO Premium plugin. -->","yoast_head_json":{"title":"Chlortablette Choc in 20g pro 5 kg","description":"Chlortablette Schock 20g - 5 kg Eimer. Ideal f\u00fcr die schnelle Behandlung von Schwimmbadwasser: beseitigt Algen und Bakterien, starke und sofortige Wirkung.","robots":{"index":"index","follow":"follow","max-snippet":"max-snippet:-1","max-image-preview":"max-image-preview:large","max-video-preview":"max-video-preview:-1"},"canonical":"https:\/\/www.csj-emballages.com\/de\/produit\/schock-chlortabletten-20g-pro-5-kg\/","og_locale":"de_DE","og_type":"article","og_title":"Schock-Chlortablette in 20g pro 5 kg","og_description":"Chlortablette Schock 20g - 5 kg Eimer. Ideal f\u00fcr die schnelle Behandlung von Schwimmbadwasser: beseitigt Algen und Bakterien, starke und sofortige Wirkung.","og_url":"https:\/\/www.csj-emballages.com\/de\/produit\/schock-chlortabletten-20g-pro-5-kg\/","og_site_name":"CSJ Emballages","article_publisher":"https:\/\/www.facebook.com\/csjemballages","article_modified_time":"2026-03-12T15:07:16+00:00","og_image":[{"width":800,"height":799,"url":"https:\/\/www.csj-emballages.com\/wp-content\/uploads\/2025\/05\/20105.webp","type":"image\/webp"}],"twitter_card":"summary_large_image","twitter_misc":{"Gesch\u00e4tzte Lesezeit":"1\u00a0Minute"},"schema":{"@context":"https:\/\/schema.org","@graph":[{"@type":"WebPage","@id":"https:\/\/www.csj-emballages.com\/de\/produit\/schock-chlortabletten-20g-pro-5-kg\/","url":"https:\/\/www.csj-emballages.com\/de\/produit\/schock-chlortabletten-20g-pro-5-kg\/","name":"Chlortablette Choc in 20g pro 5 kg","isPartOf":{"@id":"https:\/\/www.csj-emballages.com\/de\/#website"},"primaryImageOfPage":{"@id":"https:\/\/www.csj-emballages.com\/de\/produit\/schock-chlortabletten-20g-pro-5-kg\/#primaryimage"},"image":{"@id":"https:\/\/www.csj-emballages.com\/de\/produit\/schock-chlortabletten-20g-pro-5-kg\/#primaryimage"},"thumbnailUrl":"https:\/\/www.csj-emballages.com\/wp-content\/uploads\/2025\/05\/20105.webp","datePublished":"2025-05-16T12:09:58+00:00","dateModified":"2026-03-12T15:07:16+00:00","description":"Chlortablette Schock 20g - 5 kg Eimer. Ideal f\u00fcr die schnelle Behandlung von Schwimmbadwasser: beseitigt Algen und Bakterien, starke und sofortige Wirkung.","breadcrumb":{"@id":"https:\/\/www.csj-emballages.com\/de\/produit\/schock-chlortabletten-20g-pro-5-kg\/#breadcrumb"},"inLanguage":"de","potentialAction":[{"@type":"ReadAction","target":["https:\/\/www.csj-emballages.com\/de\/produit\/schock-chlortabletten-20g-pro-5-kg\/"]}]},{"@type":"ImageObject","inLanguage":"de","@id":"https:\/\/www.csj-emballages.com\/de\/produit\/schock-chlortabletten-20g-pro-5-kg\/#primaryimage","url":"https:\/\/www.csj-emballages.com\/wp-content\/uploads\/2025\/05\/20105.webp","contentUrl":"https:\/\/www.csj-emballages.com\/wp-content\/uploads\/2025\/05\/20105.webp","width":800,"height":799,"caption":"pastille de chlore"},{"@type":"BreadcrumbList","@id":"https:\/\/www.csj-emballages.com\/de\/produit\/schock-chlortabletten-20g-pro-5-kg\/#breadcrumb","itemListElement":[{"@type":"ListItem","position":1,"name":"Accueil","item":"https:\/\/www.csj-emballages.com\/de\/universum-lebensmittelverpackungen\/"},{"@type":"ListItem","position":2,"name":"Shop","item":"https:\/\/www.csj-emballages.com\/shop\/"},{"@type":"ListItem","position":3,"name":"Schock-Chlortablette in 20g pro 5 kg"}]},{"@type":"WebSite","@id":"https:\/\/www.csj-emballages.com\/de\/#website","url":"https:\/\/www.csj-emballages.com\/de\/","name":"CSJ Emballages","description":"","publisher":{"@id":"https:\/\/www.csj-emballages.com\/de\/#organization"},"potentialAction":[{"@type":"SearchAction","target":{"@type":"EntryPoint","urlTemplate":"https:\/\/www.csj-emballages.com\/de\/?s={search_term_string}"},"query-input":{"@type":"PropertyValueSpecification","valueRequired":true,"valueName":"search_term_string"}}],"inLanguage":"de"},{"@type":"Organization","@id":"https:\/\/www.csj-emballages.com\/de\/#Organization\/","name":"CSJ Emballages","url":"https:\/\/www.csj-emballages.com\/de\/","logo":{"@type":"ImageObject","inLanguage":"de","@id":"https:\/\/www.csj-emballages.com\/de\/#\/schema\/logo\/image\/","url":"https:\/\/www.csj-emballages.com\/wp-content\/uploads\/2023\/10\/logo_csj.webp","contentUrl":"https:\/\/www.csj-emballages.com\/wp-content\/uploads\/2023\/10\/logo_csj.webp","width":250,"height":95,"caption":"CSJ Emballages"},"image":{"@id":"https:\/\/www.csj-emballages.com\/de\/#\/schema\/logo\/image\/"},"sameAs":["https:\/\/www.facebook.com\/csjemballages"],"address":{"@type":"PostalAddress","streetAddress":"ZI La Lechere","addressLocality":"Patornay","postalCode":"39130","addressCountry":"FR"},"contactPoint":[{"@type":"ContactPoint","contactType":"Service client","telephone":"0384254272","email":"contact@csj-emballages.com"}]}]}},"df_price":39.74,"df_sale_price":39.74,"df_regular_price":49.68,"df_image_link":"https:\/\/www.csj-emballages.com\/wp-content\/uploads\/2025\/05\/20105-300x300.webp","tiered_pricing_type":"fixed","tiered_pricing_fixed_rules":[],"tiered_pricing_percentage_rules":[],"tiered_pricing_minimum":1,"tiered_pricing_roles_data":[],"_links":{"self":[{"href":"https:\/\/www.csj-emballages.com\/de\/wp-json\/wp\/v2\/product\/233328","targetHints":{"allow":["GET"]}}],"collection":[{"href":"https:\/\/www.csj-emballages.com\/de\/wp-json\/wp\/v2\/product"}],"about":[{"href":"https:\/\/www.csj-emballages.com\/de\/wp-json\/wp\/v2\/types\/product"}],"wp:featuredmedia":[{"embeddable":true,"href":"https:\/\/www.csj-emballages.com\/de\/wp-json\/wp\/v2\/media\/233323"}],"wp:attachment":[{"href":"https:\/\/www.csj-emballages.com\/de\/wp-json\/wp\/v2\/media?parent=233328"}],"wp:term":[{"taxonomy":"product_brand","embeddable":true,"href":"https:\/\/www.csj-emballages.com\/de\/wp-json\/wp\/v2\/product_brand?post=233328"},{"taxonomy":"product_cat","embeddable":true,"href":"https:\/\/www.csj-emballages.com\/de\/wp-json\/wp\/v2\/product_cat?post=233328"},{"taxonomy":"product_tag","embeddable":true,"href":"https:\/\/www.csj-emballages.com\/de\/wp-json\/wp\/v2\/product_tag?post=233328"}],"curies":[{"name":"wp","href":"https:\/\/api.w.org\/{rel}","templated":true}]}}