{"id":23317,"date":"2024-03-01T16:49:22","date_gmt":"2024-03-01T15:49:22","guid":{"rendered":"https:\/\/u15jnbdpoq.preview.infomaniak.website\/produit\/50-einweg-dessertschalen-aus-kristallplastik-236-ml\/"},"modified":"2026-04-01T02:18:07","modified_gmt":"2026-04-01T00:18:07","slug":"50-einweg-dessertschalen-aus-kristallplastik-236-ml","status":"publish","type":"product","link":"https:\/\/www.csj-emballages.com\/de\/produit\/50-einweg-dessertschalen-aus-kristallplastik-236-ml\/","title":{"rendered":"Dessertschalen aus Plastik 236 ml pro 50"},"content":{"rendered":"<h2>Dessertschale<\/h2>\n<hr>\n<h3>Beschreibung von unserer Dessertschale aus Plastik 236 ml pro 50<\/h3>\n<p><!--more--><\/p>\n<p data-start=\"256\" data-end=\"567\">Die <strong>Dessertschale aus Kunststoff (236 ml)<\/strong> ist ideal f\u00fcr die Pr\u00e4sentation und das Servieren von <strong>einzelnen Desserts, Obstsalaten oder s\u00fc\u00dfen und herzhaften Zubereitungen<\/strong>. Sie wurde speziell f\u00fcr Profis aus Gastronomie, Catering, Konditorei und Take-away entwickelt und vereint \u00c4sthetik mit Funktionalit\u00e4t. <\/p>\n<p data-start=\"569\" data-end=\"965\">Diese aus lebensmittelechtem, <strong>transparentem Kunststoff<\/strong> gefertigte Schale setzt Farben und Texturen Ihrer Kreationen perfekt in Szene. Ihr <strong>Fassungsverm\u00f6gen von 236 ml<\/strong> ist ideal f\u00fcr gro\u00dfz\u00fcgige Portionen in einem handlichen Format. Sie eignet sich hervorragend f\u00fcr <strong>frisches Obst, Mousses, Cremes, Tiramisu, Milchspeisen oder kalte Vorspeisen<\/strong>.  <\/p>\n<p data-start=\"967\" data-end=\"1291\">Dank ihrer stabilen und ergonomischen Form gew\u00e4hrleistet sie einen sicheren Stand auf Tischen, Tabletts oder in K\u00fchlvitrinen. Leicht und stapelbar erleichtert sie die Lagerung und optimiert die Organisation im Lager. Zudem kann diese <strong>Schale<\/strong> mit <strong>passenden Deckeln<\/strong> (separat erh\u00e4ltlich) f\u00fcr den Au\u00dfer-Haus-Verkauf oder die Lieferung kombiniert werden.  <\/p>\n<p data-start=\"1293\" data-end=\"1478\">Zusammenfassend ist die <strong>Dessertschale (236 ml)<\/strong>, verpackt zu <strong>50 St\u00fcck<\/strong>, eine wirtschaftliche und zuverl\u00e4ssige L\u00f6sung f\u00fcr Profis, die eine einfache, \u00e4sthetische und effiziente Verpackung suchen.<\/p>\n<p data-start=\"1293\" data-end=\"1478\">\n<p data-start=\"1293\" data-end=\"1478\"><!--more--><\/p>\n<p data-start=\"1293\" data-end=\"1478\"><strong><span style=\"color: #ff0000;\">*Deckel separat erh\u00e4ltlich<\/span><\/strong><\/p>\n<p data-start=\"1293\" data-end=\"1478\">\n<p data-start=\"1293\" data-end=\"1478\"><!--more--><\/p>\n<h4 data-start=\"1293\" data-end=\"1478\">Vorteile :<\/h4>\n<ul>\n<li data-start=\"1516\" data-end=\"1570\"><strong>Fassungsverm\u00f6gen 236 ml<\/strong>, ideal f\u00fcr Einzelportionen.<\/li>\n<li data-start=\"1573\" data-end=\"1624\">Transparenter Kunststoff, lebensmittelecht.<\/li>\n<li data-start=\"1678\" data-end=\"1704\">Stabile und praktische Form.<\/li>\n<li data-start=\"1731\" data-end=\"1777\"><strong>Kompatibel mit Deckeln<\/strong> (separat erh\u00e4ltlich).<\/li>\n<li data-start=\"1780\" data-end=\"1827\">Geeignet f\u00fcr Vitrinen und den Au\u00dfer-Haus-Verkauf.<\/li>\n<li data-start=\"1830\" data-end=\"1870\">Praktische Verpackungseinheit zu <strong>50 Schalen<\/strong>.<\/li>\n<\/ul>\n<p><!--more--><\/p>\n<h4>Weitere Informationen :<\/h4>\n<ul>\n<li><strong>Abmessungen<\/strong>: 92.6 x 65.4 ( \u00d8 x H in mm).<\/li>\n<li><strong>Verpackung<\/strong>: Packungen zu 50<\/li>\n<li><strong>Volumen<\/strong>: 236 ml<\/li>\n<li><strong>Material<\/strong>: PET<\/li>\n<\/ul>\n<p>&nbsp;<\/p>\n<p><!--more--><\/p>\n<p>Hier finden Sie die separat verkauften Deckel, die mit diesem Produkt kompatibel sind: <span style=\"color: #d12727;\"><a style=\"color: #d12727;\" href=\"https:\/\/www.csj-emballages.com\/produit\/50-couvercles-plats-coupe-dessert-sd5-sd8-ts5-tp9-tp5\/\">COUVSD8<\/a><\/span> \/ <span style=\"color: #d12727;\"><a style=\"color: #d12727;\" href=\"https:\/\/www.csj-emballages.com\/produit\/50-couvercles-domes-jetables-sd5-sd8-ts5-tp5-tp9\/\">DOMEST<\/a><\/span><\/p>\n<p>&nbsp;<\/p>\n<p><!--more--><\/p>\n<p><a href=\"https:\/\/www.csj-emballages.com\/de\/categorie-produit\/lebensmittelverpackungen\/metzgerei-und-feinkostgeschaft\/schalen-topfe-glaser\/dessertschalen\/\">Entdecken Sie den Rest unseres Sortiments an Dessertschalen<\/a><\/p>\n","protected":false},"excerpt":{"rendered":"<p>Dessertschale Beschreibung von unserer Dessertschale aus Plastik 236 ml pro 50<\/p>\n","protected":false},"featured_media":264431,"template":"","meta":{"_acf_changed":false},"product_brand":[],"product_cat":[1137,1170,1279,1464],"product_tag":[],"class_list":{"0":"post-23317","1":"product","2":"type-product","3":"status-publish","4":"has-post-thumbnail","6":"product_cat-lebensmittelverpackungen","7":"product_cat-metzgerei-und-feinkostgeschaft","8":"product_cat-schalen-topfe-glaser","9":"product_cat-dessertschalen","11":"first","12":"instock","13":"taxable","14":"shipping-taxable","15":"purchasable","16":"product-type-simple"},"acf":[],"yoast_head":"<!-- This site is optimized with the Yoast SEO Premium plugin v26.6 (Yoast SEO v26.6) - https:\/\/yoast.com\/wordpress\/plugins\/seo\/ -->\n<title>Dessertbecher aus Kunststoff - 236 ml<\/title>\n<meta name=\"description\" content=\"Der Dessertbecher aus Kunststoff wurde entwickelt, um Ihre Zubereitungen zu verfeinern. Er ist stabil und praktisch, garantiert eine gepflegte Pr\u00e4sentation und einen sicheren Transport.\" \/>\n<meta name=\"robots\" content=\"index, follow, max-snippet:-1, max-image-preview:large, max-video-preview:-1\" \/>\n<link rel=\"canonical\" href=\"https:\/\/www.csj-emballages.com\/de\/produit\/50-einweg-dessertschalen-aus-kristallplastik-236-ml\/\" \/>\n<meta property=\"og:locale\" content=\"de_DE\" \/>\n<meta property=\"og:type\" content=\"article\" \/>\n<meta property=\"og:title\" content=\"Dessertschalen aus Plastik 236 ml pro 50\" \/>\n<meta property=\"og:description\" content=\"Der Dessertbecher aus Kunststoff wurde entwickelt, um Ihre Zubereitungen zu verfeinern. Er ist stabil und praktisch, garantiert eine gepflegte Pr\u00e4sentation und einen sicheren Transport.\" \/>\n<meta property=\"og:url\" content=\"https:\/\/www.csj-emballages.com\/de\/produit\/50-einweg-dessertschalen-aus-kristallplastik-236-ml\/\" \/>\n<meta property=\"og:site_name\" content=\"CSJ Emballages\" \/>\n<meta property=\"article:publisher\" content=\"https:\/\/www.facebook.com\/csjemballages\" \/>\n<meta property=\"article:modified_time\" content=\"2026-04-01T00:18:07+00:00\" \/>\n<meta property=\"og:image\" content=\"https:\/\/www.csj-emballages.com\/wp-content\/uploads\/2024\/03\/SD8-2.webp\" \/>\n\t<meta property=\"og:image:width\" content=\"800\" \/>\n\t<meta property=\"og:image:height\" content=\"800\" \/>\n\t<meta property=\"og:image:type\" content=\"image\/webp\" \/>\n<meta name=\"twitter:card\" content=\"summary_large_image\" \/>\n<meta name=\"twitter:label1\" content=\"Gesch\u00e4tzte Lesezeit\" \/>\n\t<meta name=\"twitter:data1\" content=\"1\u00a0Minute\" \/>\n<script type=\"application\/ld+json\" class=\"yoast-schema-graph\">{\"@context\":\"https:\/\/schema.org\",\"@graph\":[{\"@type\":\"WebPage\",\"@id\":\"https:\/\/www.csj-emballages.com\/de\/produit\/50-einweg-dessertschalen-aus-kristallplastik-236-ml\/\",\"url\":\"https:\/\/www.csj-emballages.com\/de\/produit\/50-einweg-dessertschalen-aus-kristallplastik-236-ml\/\",\"name\":\"Dessertbecher aus Kunststoff - 236 ml\",\"isPartOf\":{\"@id\":\"https:\/\/www.csj-emballages.com\/de\/#website\"},\"primaryImageOfPage\":{\"@id\":\"https:\/\/www.csj-emballages.com\/de\/produit\/50-einweg-dessertschalen-aus-kristallplastik-236-ml\/#primaryimage\"},\"image\":{\"@id\":\"https:\/\/www.csj-emballages.com\/de\/produit\/50-einweg-dessertschalen-aus-kristallplastik-236-ml\/#primaryimage\"},\"thumbnailUrl\":\"https:\/\/www.csj-emballages.com\/wp-content\/uploads\/2024\/03\/SD8-2.webp\",\"datePublished\":\"2024-03-01T15:49:22+00:00\",\"dateModified\":\"2026-04-01T00:18:07+00:00\",\"description\":\"Der Dessertbecher aus Kunststoff wurde entwickelt, um Ihre Zubereitungen zu verfeinern. Er ist stabil und praktisch, garantiert eine gepflegte Pr\u00e4sentation und einen sicheren Transport.\",\"breadcrumb\":{\"@id\":\"https:\/\/www.csj-emballages.com\/de\/produit\/50-einweg-dessertschalen-aus-kristallplastik-236-ml\/#breadcrumb\"},\"inLanguage\":\"de\",\"potentialAction\":[{\"@type\":\"ReadAction\",\"target\":[\"https:\/\/www.csj-emballages.com\/de\/produit\/50-einweg-dessertschalen-aus-kristallplastik-236-ml\/\"]}]},{\"@type\":\"ImageObject\",\"inLanguage\":\"de\",\"@id\":\"https:\/\/www.csj-emballages.com\/de\/produit\/50-einweg-dessertschalen-aus-kristallplastik-236-ml\/#primaryimage\",\"url\":\"https:\/\/www.csj-emballages.com\/wp-content\/uploads\/2024\/03\/SD8-2.webp\",\"contentUrl\":\"https:\/\/www.csj-emballages.com\/wp-content\/uploads\/2024\/03\/SD8-2.webp\",\"width\":800,\"height\":800,\"caption\":\"Coupe \u00e0 dessert\"},{\"@type\":\"BreadcrumbList\",\"@id\":\"https:\/\/www.csj-emballages.com\/de\/produit\/50-einweg-dessertschalen-aus-kristallplastik-236-ml\/#breadcrumb\",\"itemListElement\":[{\"@type\":\"ListItem\",\"position\":1,\"name\":\"Accueil\",\"item\":\"https:\/\/www.csj-emballages.com\/de\/universum-lebensmittelverpackungen\/\"},{\"@type\":\"ListItem\",\"position\":2,\"name\":\"Shop\",\"item\":\"https:\/\/www.csj-emballages.com\/shop\/\"},{\"@type\":\"ListItem\",\"position\":3,\"name\":\"Dessertschalen aus Plastik 236 ml pro 50\"}]},{\"@type\":\"WebSite\",\"@id\":\"https:\/\/www.csj-emballages.com\/de\/#website\",\"url\":\"https:\/\/www.csj-emballages.com\/de\/\",\"name\":\"CSJ Emballages\",\"description\":\"\",\"publisher\":{\"@id\":\"https:\/\/www.csj-emballages.com\/de\/#organization\"},\"potentialAction\":[{\"@type\":\"SearchAction\",\"target\":{\"@type\":\"EntryPoint\",\"urlTemplate\":\"https:\/\/www.csj-emballages.com\/de\/?s={search_term_string}\"},\"query-input\":{\"@type\":\"PropertyValueSpecification\",\"valueRequired\":true,\"valueName\":\"search_term_string\"}}],\"inLanguage\":\"de\"},{\"@type\":\"Organization\",\"@id\":\"https:\/\/www.csj-emballages.com\/de\/#Organization\/\",\"name\":\"CSJ Emballages\",\"url\":\"https:\/\/www.csj-emballages.com\/de\/\",\"logo\":{\"@type\":\"ImageObject\",\"inLanguage\":\"de\",\"@id\":\"https:\/\/www.csj-emballages.com\/de\/#\/schema\/logo\/image\/\",\"url\":\"https:\/\/www.csj-emballages.com\/wp-content\/uploads\/2023\/10\/logo_csj.webp\",\"contentUrl\":\"https:\/\/www.csj-emballages.com\/wp-content\/uploads\/2023\/10\/logo_csj.webp\",\"width\":250,\"height\":95,\"caption\":\"CSJ Emballages\"},\"image\":{\"@id\":\"https:\/\/www.csj-emballages.com\/de\/#\/schema\/logo\/image\/\"},\"sameAs\":[\"https:\/\/www.facebook.com\/csjemballages\"],\"address\":{\"@type\":\"PostalAddress\",\"streetAddress\":\"ZI La Lechere\",\"addressLocality\":\"Patornay\",\"postalCode\":\"39130\",\"addressCountry\":\"FR\"},\"contactPoint\":[{\"@type\":\"ContactPoint\",\"contactType\":\"Service client\",\"telephone\":\"0384254272\",\"email\":\"contact@csj-emballages.com\"}]}]}<\/script>\n<!-- \/ Yoast SEO Premium plugin. -->","yoast_head_json":{"title":"Dessertbecher aus Kunststoff - 236 ml","description":"Der Dessertbecher aus Kunststoff wurde entwickelt, um Ihre Zubereitungen zu verfeinern. Er ist stabil und praktisch, garantiert eine gepflegte Pr\u00e4sentation und einen sicheren Transport.","robots":{"index":"index","follow":"follow","max-snippet":"max-snippet:-1","max-image-preview":"max-image-preview:large","max-video-preview":"max-video-preview:-1"},"canonical":"https:\/\/www.csj-emballages.com\/de\/produit\/50-einweg-dessertschalen-aus-kristallplastik-236-ml\/","og_locale":"de_DE","og_type":"article","og_title":"Dessertschalen aus Plastik 236 ml pro 50","og_description":"Der Dessertbecher aus Kunststoff wurde entwickelt, um Ihre Zubereitungen zu verfeinern. Er ist stabil und praktisch, garantiert eine gepflegte Pr\u00e4sentation und einen sicheren Transport.","og_url":"https:\/\/www.csj-emballages.com\/de\/produit\/50-einweg-dessertschalen-aus-kristallplastik-236-ml\/","og_site_name":"CSJ Emballages","article_publisher":"https:\/\/www.facebook.com\/csjemballages","article_modified_time":"2026-04-01T00:18:07+00:00","og_image":[{"width":800,"height":800,"url":"https:\/\/www.csj-emballages.com\/wp-content\/uploads\/2024\/03\/SD8-2.webp","type":"image\/webp"}],"twitter_card":"summary_large_image","twitter_misc":{"Gesch\u00e4tzte Lesezeit":"1\u00a0Minute"},"schema":{"@context":"https:\/\/schema.org","@graph":[{"@type":"WebPage","@id":"https:\/\/www.csj-emballages.com\/de\/produit\/50-einweg-dessertschalen-aus-kristallplastik-236-ml\/","url":"https:\/\/www.csj-emballages.com\/de\/produit\/50-einweg-dessertschalen-aus-kristallplastik-236-ml\/","name":"Dessertbecher aus Kunststoff - 236 ml","isPartOf":{"@id":"https:\/\/www.csj-emballages.com\/de\/#website"},"primaryImageOfPage":{"@id":"https:\/\/www.csj-emballages.com\/de\/produit\/50-einweg-dessertschalen-aus-kristallplastik-236-ml\/#primaryimage"},"image":{"@id":"https:\/\/www.csj-emballages.com\/de\/produit\/50-einweg-dessertschalen-aus-kristallplastik-236-ml\/#primaryimage"},"thumbnailUrl":"https:\/\/www.csj-emballages.com\/wp-content\/uploads\/2024\/03\/SD8-2.webp","datePublished":"2024-03-01T15:49:22+00:00","dateModified":"2026-04-01T00:18:07+00:00","description":"Der Dessertbecher aus Kunststoff wurde entwickelt, um Ihre Zubereitungen zu verfeinern. Er ist stabil und praktisch, garantiert eine gepflegte Pr\u00e4sentation und einen sicheren Transport.","breadcrumb":{"@id":"https:\/\/www.csj-emballages.com\/de\/produit\/50-einweg-dessertschalen-aus-kristallplastik-236-ml\/#breadcrumb"},"inLanguage":"de","potentialAction":[{"@type":"ReadAction","target":["https:\/\/www.csj-emballages.com\/de\/produit\/50-einweg-dessertschalen-aus-kristallplastik-236-ml\/"]}]},{"@type":"ImageObject","inLanguage":"de","@id":"https:\/\/www.csj-emballages.com\/de\/produit\/50-einweg-dessertschalen-aus-kristallplastik-236-ml\/#primaryimage","url":"https:\/\/www.csj-emballages.com\/wp-content\/uploads\/2024\/03\/SD8-2.webp","contentUrl":"https:\/\/www.csj-emballages.com\/wp-content\/uploads\/2024\/03\/SD8-2.webp","width":800,"height":800,"caption":"Coupe \u00e0 dessert"},{"@type":"BreadcrumbList","@id":"https:\/\/www.csj-emballages.com\/de\/produit\/50-einweg-dessertschalen-aus-kristallplastik-236-ml\/#breadcrumb","itemListElement":[{"@type":"ListItem","position":1,"name":"Accueil","item":"https:\/\/www.csj-emballages.com\/de\/universum-lebensmittelverpackungen\/"},{"@type":"ListItem","position":2,"name":"Shop","item":"https:\/\/www.csj-emballages.com\/shop\/"},{"@type":"ListItem","position":3,"name":"Dessertschalen aus Plastik 236 ml pro 50"}]},{"@type":"WebSite","@id":"https:\/\/www.csj-emballages.com\/de\/#website","url":"https:\/\/www.csj-emballages.com\/de\/","name":"CSJ Emballages","description":"","publisher":{"@id":"https:\/\/www.csj-emballages.com\/de\/#organization"},"potentialAction":[{"@type":"SearchAction","target":{"@type":"EntryPoint","urlTemplate":"https:\/\/www.csj-emballages.com\/de\/?s={search_term_string}"},"query-input":{"@type":"PropertyValueSpecification","valueRequired":true,"valueName":"search_term_string"}}],"inLanguage":"de"},{"@type":"Organization","@id":"https:\/\/www.csj-emballages.com\/de\/#Organization\/","name":"CSJ Emballages","url":"https:\/\/www.csj-emballages.com\/de\/","logo":{"@type":"ImageObject","inLanguage":"de","@id":"https:\/\/www.csj-emballages.com\/de\/#\/schema\/logo\/image\/","url":"https:\/\/www.csj-emballages.com\/wp-content\/uploads\/2023\/10\/logo_csj.webp","contentUrl":"https:\/\/www.csj-emballages.com\/wp-content\/uploads\/2023\/10\/logo_csj.webp","width":250,"height":95,"caption":"CSJ Emballages"},"image":{"@id":"https:\/\/www.csj-emballages.com\/de\/#\/schema\/logo\/image\/"},"sameAs":["https:\/\/www.facebook.com\/csjemballages"],"address":{"@type":"PostalAddress","streetAddress":"ZI La Lechere","addressLocality":"Patornay","postalCode":"39130","addressCountry":"FR"},"contactPoint":[{"@type":"ContactPoint","contactType":"Service client","telephone":"0384254272","email":"contact@csj-emballages.com"}]}]}},"df_price":3.97,"df_sale_price":"","df_regular_price":3.97,"df_image_link":"https:\/\/www.csj-emballages.com\/wp-content\/uploads\/2024\/03\/SD8-2-300x300.webp","tiered_pricing_type":"fixed","tiered_pricing_fixed_rules":[],"tiered_pricing_percentage_rules":[],"tiered_pricing_minimum":1,"tiered_pricing_roles_data":[],"_links":{"self":[{"href":"https:\/\/www.csj-emballages.com\/de\/wp-json\/wp\/v2\/product\/23317","targetHints":{"allow":["GET"]}}],"collection":[{"href":"https:\/\/www.csj-emballages.com\/de\/wp-json\/wp\/v2\/product"}],"about":[{"href":"https:\/\/www.csj-emballages.com\/de\/wp-json\/wp\/v2\/types\/product"}],"wp:featuredmedia":[{"embeddable":true,"href":"https:\/\/www.csj-emballages.com\/de\/wp-json\/wp\/v2\/media\/264431"}],"wp:attachment":[{"href":"https:\/\/www.csj-emballages.com\/de\/wp-json\/wp\/v2\/media?parent=23317"}],"wp:term":[{"taxonomy":"product_brand","embeddable":true,"href":"https:\/\/www.csj-emballages.com\/de\/wp-json\/wp\/v2\/product_brand?post=23317"},{"taxonomy":"product_cat","embeddable":true,"href":"https:\/\/www.csj-emballages.com\/de\/wp-json\/wp\/v2\/product_cat?post=23317"},{"taxonomy":"product_tag","embeddable":true,"href":"https:\/\/www.csj-emballages.com\/de\/wp-json\/wp\/v2\/product_tag?post=23317"}],"curies":[{"name":"wp","href":"https:\/\/api.w.org\/{rel}","templated":true}]}}