{"id":23310,"date":"2024-03-01T16:49:23","date_gmt":"2024-03-01T15:49:23","guid":{"rendered":"https:\/\/u15jnbdpoq.preview.infomaniak.website\/produit\/1000-beutel-103-croissants-14-7-x-21-cm\/"},"modified":"2026-04-15T02:16:56","modified_gmt":"2026-04-15T00:16:56","slug":"1000-beutel-103-croissants-14-7-x-21-cm","status":"publish","type":"product","link":"https:\/\/www.csj-emballages.com\/de\/produit\/1000-beutel-103-croissants-14-7-x-21-cm\/","title":{"rendered":"Halbmondtasche 14 + 7 x 21 cm Gr\u00f6\u00dfe 103 pro 1000"},"content":{"rendered":"<h2>Tasche Croissant<\/h2>\n<div style=\"box-sizing: inherit; font-family: Roboto, sans-serif;\">\n<div style=\"box-sizing: inherit; font-family: Roboto, sans-serif;\">\n<div style=\"box-sizing: inherit; font-family: Roboto, sans-serif;\">\n<div style=\"box-sizing: inherit; font-family: Roboto, sans-serif;\">\n<div style=\"box-sizing: inherit; font-family: Roboto, sans-serif;\">\n<div style=\"box-sizing: inherit; font-family: Roboto, sans-serif;\">\n<hr>\n<h3>Beschreibung von unserem Croissant-Beutel 14 + 7 x 21 cm Gr\u00f6\u00dfe 102 von 1000<\/h3>\n<p><!--more--><\/p>\n<p data-start=\"93\" data-end=\"497\">Entdecken Sie unsere <strong data-start=\"109\" data-end=\"147\">Croissant-T\u00fcte aus braunem Kraftpapier<\/strong> im Format <strong>14 + 7 x 21 cm Gr\u00f6\u00dfe 103<\/strong>, die in einer <strong data-start=\"200\" data-end=\"215\">Packung mit 1000 St\u00fcck<\/strong> angeboten wird. Sie wurde speziell f\u00fcr <g id=\"gid_3\">B\u00e4ckereien und Konditoreien<\/g> entwickelt und bietet eine praktische, robuste und umweltfreundliche Verpackung. Mit einem Gewicht von <strong data-start=\"389\" data-end=\"400\">35 g\/m\u00b2<\/strong> vereint diese T\u00fcte Leichtigkeit und Festigkeit und bringt Ihre k\u00f6stlichen Backwaren zur Geltung.  <\/p>\n<p data-start=\"499\" data-end=\"772\">Mit seinem <strong data-start=\"508\" data-end=\"529\">Motiv &#8222;Tradition&#8220;<\/strong> verleiht es einen handwerklichen Touch, der Ihre Kunden sofort verf\u00fchrt. So profitieren Ihre Croissants, Pains au chocolat, Chocolatines und andere S\u00fc\u00dfigkeiten von einer gepflegten Pr\u00e4sentation, die das qualitative Image Ihres Lokals verst\u00e4rkt. <\/p>\n<p data-start=\"774\" data-end=\"1122\">Aber abgesehen von der \u00c4sthetik ist diese <strong data-start=\"807\" data-end=\"840\">Croissanttasche aus Kraftpapier<\/strong> auch auf Funktionalit\u00e4t ausgelegt. Ihre nat\u00fcrliche Zusammensetzung macht sie <strong data-start=\"913\" data-end=\"934\">fettbest\u00e4ndig<\/strong>, was unangenehme Flecken vermeidet und einen sauberen und praktischen Transport gew\u00e4hrleistet. Au\u00dferdem ist ihr Format perfekt geeignet, um Ihr Geb\u00e4ck aufzunehmen, ohne es zu zerdr\u00fccken.  <\/p>\n<p data-start=\"1124\" data-end=\"1477\">Ein weiterer gro\u00dfer Vorteil ist, dass es sich um eine <strong data-start=\"1173\" data-end=\"1204\">biologisch abbaubare und recycelbare<\/strong> Verpackung handelt. Mit dieser Verpackung entscheiden Sie sich f\u00fcr ein umweltfreundliches Produkt, das den aktuellen Erwartungen der umweltbewussten Verbraucher entspricht. Diese einfache Geste wertet Ihr Engagement auf und tr\u00e4gt dazu bei, die \u00f6kologischen Auswirkungen Ihrer T\u00e4tigkeit zu verringern.  <\/p>\n<p data-start=\"1479\" data-end=\"1779\">Zusammenfassend l\u00e4sst sich sagen, dass sich diese <strong>Croissant-Tasche<\/strong> als ideale Verpackung f\u00fcr Ihr t\u00e4gliches Geb\u00e4ck durchsetzt, egal ob Sie Handwerksb\u00e4cker, Konditor, Feinkosth\u00e4ndler oder sogar Privatperson sind. Verbinden Sie die Tradition Ihrer Produkte mit einer modernen und verantwortungsbewussten Verpackung! <\/p>\n<p data-start=\"1479\" data-end=\"1779\">\n<\/div>\n<p data-start=\"1432\" data-end=\"1784\"><!--more--><\/p>\n<\/div>\n<h4 data-start=\"1432\" data-end=\"1784\">Vorteile :<\/h4>\n<ul>\n<li>Hergestellt aus <strong data-start=\"2022\" data-end=\"2051\">braunem Kraftpapier 35 g\/m\u00b2<\/strong>, das stark und leicht ist.<\/li>\n<li><strong data-start=\"2073\" data-end=\"2094\">Fettbest\u00e4ndig<\/strong>, ideal f\u00fcr Croissants und Kleingeb\u00e4ck.<\/li>\n<li>Motiv <strong data-start=\"2146\" data-end=\"2161\">&#8222;Tradition&#8220;<\/strong>, das das Handwerk aufwertet.<\/li>\n<li><strong data-start=\"2192\" data-end=\"2223\">Biologisch abbaubar und recycelbar<\/strong>, umweltfreundlich.<\/li>\n<li>Praktisches Format f\u00fcr einen sauberen und sicheren Transport.<\/li>\n<\/ul>\n<\/div>\n<\/div>\n<p>&nbsp;<\/p>\n<p><!--more--><\/p>\n<p><strong>Weitere Informationen<\/strong>:<\/p>\n<ul>\n<li><strong>Verpackung<\/strong>: Packung mit 1000 St\u00fcck<\/li>\n<li><strong>Gr\u00f6\u00dfe<\/strong>: 103<\/li>\n<li><strong>Ma\u00dfe<\/strong>: 14 + 7 x 21 cm (L + Balg x H in mm)<\/li>\n<li><strong>Farbe<\/strong>: Braun<\/li>\n<li><strong>Material<\/strong>: Kraftpapier<\/li>\n<\/ul>\n<\/div>\n<\/div>\n<p>&nbsp;<\/p>\n<p><!--more--><\/p>\n<p>Diese halbmondf\u00f6rmige Tasche ist in einer kleineren Gr\u00f6\u00dfe erh\u00e4ltlich : <span style=\"color: #d12727;\"><br \/>\n  <a style=\"color: #d12727;\" href=\"https:\/\/www.csj-emballages.com\/es\/produit\/1000-bolsas-102-croissants-12-5-x-21-cm\/\">12 + 5 x 21 cm <\/a><br \/>\n<\/span> <\/p>\n<p>&nbsp;<\/p>\n<div style=\"box-sizing: inherit; font-family: Roboto, sans-serif;\">\n<div style=\"box-sizing: inherit; font-family: Roboto, sans-serif;\">\n<div style=\"box-sizing: inherit; font-family: Roboto, sans-serif;\">\n<div style=\"box-sizing: inherit; font-family: Roboto, sans-serif;\">\n<div style=\"box-sizing: inherit; font-family: Roboto, sans-serif;\">\n<div style=\"box-sizing: inherit; font-family: Roboto, sans-serif;\">\n<p><!--more--><\/p>\n<p><a href=\"https:\/\/www.csj-emballages.com\/de\/categorie-produit\/lebensmittelverpackungen\/backerei-und-konditorei\/sacke-beutel-und-papier\/sacheries-de\/taschen-mit-croissants\/\">Sehen Sie sich den Rest unseres Sortiments an Croissants\/Brioche-Taschen an.<\/a><\/p>\n<\/div>\n<\/div>\n<\/div>\n<\/div>\n<\/div>\n<\/div>\n<p>&nbsp;<\/p>\n","protected":false},"excerpt":{"rendered":"<p>Tasche Croissant Beschreibung von unserem Croissant-Beutel 14 + 7 x 21 cm Gr\u00f6\u00dfe 102 von 1000<\/p>\n","protected":false},"featured_media":245473,"template":"","meta":{"_acf_changed":false},"product_brand":[],"product_cat":[1171,1661,3321],"product_tag":[],"class_list":{"0":"post-23310","1":"product","2":"type-product","3":"status-publish","4":"has-post-thumbnail","6":"product_cat-backerei-und-konditorei","7":"product_cat-sacheries-de","8":"product_cat-taschen-mit-croissants","10":"first","11":"instock","12":"taxable","13":"shipping-taxable","14":"purchasable","15":"product-type-simple"},"acf":[],"yoast_head":"<!-- This site is optimized with the Yoast SEO Premium plugin v26.6 (Yoast SEO v26.6) - https:\/\/yoast.com\/wordpress\/plugins\/seo\/ -->\n<title>Croissant-Tasche 14 + 7 x 21 cm Gr\u00f6\u00dfe 102 pro 1000<\/title>\n<meta name=\"description\" content=\"Braune Kraft-Croissant-Tasche 14 + 7 x 21 cm mit traditionellem Motiv, fettbest\u00e4ndig und biologisch abbaubar. Ideal f\u00fcr B\u00e4ckereien und Konditoreien. Packung mit 1000 St\u00fcck\" \/>\n<meta name=\"robots\" content=\"index, follow, max-snippet:-1, max-image-preview:large, max-video-preview:-1\" \/>\n<link rel=\"canonical\" href=\"https:\/\/www.csj-emballages.com\/de\/produit\/1000-beutel-103-croissants-14-7-x-21-cm\/\" \/>\n<meta property=\"og:locale\" content=\"de_DE\" \/>\n<meta property=\"og:type\" content=\"article\" \/>\n<meta property=\"og:title\" content=\"Halbmondtasche 14 + 7 x 21 cm Gr\u00f6\u00dfe 103 pro 1000\" \/>\n<meta property=\"og:description\" content=\"Braune Kraft-Croissant-Tasche 14 + 7 x 21 cm mit traditionellem Motiv, fettbest\u00e4ndig und biologisch abbaubar. Ideal f\u00fcr B\u00e4ckereien und Konditoreien. Packung mit 1000 St\u00fcck\" \/>\n<meta property=\"og:url\" content=\"https:\/\/www.csj-emballages.com\/de\/produit\/1000-beutel-103-croissants-14-7-x-21-cm\/\" \/>\n<meta property=\"og:site_name\" content=\"CSJ Emballages\" \/>\n<meta property=\"article:publisher\" content=\"https:\/\/www.facebook.com\/csjemballages\" \/>\n<meta property=\"article:modified_time\" content=\"2026-04-15T00:16:56+00:00\" \/>\n<meta property=\"og:image\" content=\"https:\/\/www.csj-emballages.com\/wp-content\/uploads\/2024\/03\/SCR3.webp\" \/>\n\t<meta property=\"og:image:width\" content=\"800\" \/>\n\t<meta property=\"og:image:height\" content=\"800\" \/>\n\t<meta property=\"og:image:type\" content=\"image\/webp\" \/>\n<meta name=\"twitter:card\" content=\"summary_large_image\" \/>\n<meta name=\"twitter:label1\" content=\"Gesch\u00e4tzte Lesezeit\" \/>\n\t<meta name=\"twitter:data1\" content=\"2 Minuten\" \/>\n<script type=\"application\/ld+json\" class=\"yoast-schema-graph\">{\"@context\":\"https:\/\/schema.org\",\"@graph\":[{\"@type\":\"WebPage\",\"@id\":\"https:\/\/www.csj-emballages.com\/de\/produit\/1000-beutel-103-croissants-14-7-x-21-cm\/\",\"url\":\"https:\/\/www.csj-emballages.com\/de\/produit\/1000-beutel-103-croissants-14-7-x-21-cm\/\",\"name\":\"Croissant-Tasche 14 + 7 x 21 cm Gr\u00f6\u00dfe 102 pro 1000\",\"isPartOf\":{\"@id\":\"https:\/\/www.csj-emballages.com\/de\/#website\"},\"primaryImageOfPage\":{\"@id\":\"https:\/\/www.csj-emballages.com\/de\/produit\/1000-beutel-103-croissants-14-7-x-21-cm\/#primaryimage\"},\"image\":{\"@id\":\"https:\/\/www.csj-emballages.com\/de\/produit\/1000-beutel-103-croissants-14-7-x-21-cm\/#primaryimage\"},\"thumbnailUrl\":\"https:\/\/www.csj-emballages.com\/wp-content\/uploads\/2024\/03\/SCR3.webp\",\"datePublished\":\"2024-03-01T15:49:23+00:00\",\"dateModified\":\"2026-04-15T00:16:56+00:00\",\"description\":\"Braune Kraft-Croissant-Tasche 14 + 7 x 21 cm mit traditionellem Motiv, fettbest\u00e4ndig und biologisch abbaubar. Ideal f\u00fcr B\u00e4ckereien und Konditoreien. Packung mit 1000 St\u00fcck\",\"breadcrumb\":{\"@id\":\"https:\/\/www.csj-emballages.com\/de\/produit\/1000-beutel-103-croissants-14-7-x-21-cm\/#breadcrumb\"},\"inLanguage\":\"de\",\"potentialAction\":[{\"@type\":\"ReadAction\",\"target\":[\"https:\/\/www.csj-emballages.com\/de\/produit\/1000-beutel-103-croissants-14-7-x-21-cm\/\"]}]},{\"@type\":\"ImageObject\",\"inLanguage\":\"de\",\"@id\":\"https:\/\/www.csj-emballages.com\/de\/produit\/1000-beutel-103-croissants-14-7-x-21-cm\/#primaryimage\",\"url\":\"https:\/\/www.csj-emballages.com\/wp-content\/uploads\/2024\/03\/SCR3.webp\",\"contentUrl\":\"https:\/\/www.csj-emballages.com\/wp-content\/uploads\/2024\/03\/SCR3.webp\",\"width\":800,\"height\":800,\"caption\":\"Sac croissant\"},{\"@type\":\"BreadcrumbList\",\"@id\":\"https:\/\/www.csj-emballages.com\/de\/produit\/1000-beutel-103-croissants-14-7-x-21-cm\/#breadcrumb\",\"itemListElement\":[{\"@type\":\"ListItem\",\"position\":1,\"name\":\"Accueil\",\"item\":\"https:\/\/www.csj-emballages.com\/de\/universum-lebensmittelverpackungen\/\"},{\"@type\":\"ListItem\",\"position\":2,\"name\":\"Shop\",\"item\":\"https:\/\/www.csj-emballages.com\/shop\/\"},{\"@type\":\"ListItem\",\"position\":3,\"name\":\"Halbmondtasche 14 + 7 x 21 cm Gr\u00f6\u00dfe 103 pro 1000\"}]},{\"@type\":\"WebSite\",\"@id\":\"https:\/\/www.csj-emballages.com\/de\/#website\",\"url\":\"https:\/\/www.csj-emballages.com\/de\/\",\"name\":\"CSJ Emballages\",\"description\":\"\",\"publisher\":{\"@id\":\"https:\/\/www.csj-emballages.com\/de\/#organization\"},\"potentialAction\":[{\"@type\":\"SearchAction\",\"target\":{\"@type\":\"EntryPoint\",\"urlTemplate\":\"https:\/\/www.csj-emballages.com\/de\/?s={search_term_string}\"},\"query-input\":{\"@type\":\"PropertyValueSpecification\",\"valueRequired\":true,\"valueName\":\"search_term_string\"}}],\"inLanguage\":\"de\"},{\"@type\":\"Organization\",\"@id\":\"https:\/\/www.csj-emballages.com\/de\/#Organization\/\",\"name\":\"CSJ Emballages\",\"url\":\"https:\/\/www.csj-emballages.com\/de\/\",\"logo\":{\"@type\":\"ImageObject\",\"inLanguage\":\"de\",\"@id\":\"https:\/\/www.csj-emballages.com\/de\/#\/schema\/logo\/image\/\",\"url\":\"https:\/\/www.csj-emballages.com\/wp-content\/uploads\/2023\/10\/logo_csj.webp\",\"contentUrl\":\"https:\/\/www.csj-emballages.com\/wp-content\/uploads\/2023\/10\/logo_csj.webp\",\"width\":250,\"height\":95,\"caption\":\"CSJ Emballages\"},\"image\":{\"@id\":\"https:\/\/www.csj-emballages.com\/de\/#\/schema\/logo\/image\/\"},\"sameAs\":[\"https:\/\/www.facebook.com\/csjemballages\"],\"address\":{\"@type\":\"PostalAddress\",\"streetAddress\":\"ZI La Lechere\",\"addressLocality\":\"Patornay\",\"postalCode\":\"39130\",\"addressCountry\":\"FR\"},\"contactPoint\":[{\"@type\":\"ContactPoint\",\"contactType\":\"Service client\",\"telephone\":\"0384254272\",\"email\":\"contact@csj-emballages.com\"}]}]}<\/script>\n<!-- \/ Yoast SEO Premium plugin. -->","yoast_head_json":{"title":"Croissant-Tasche 14 + 7 x 21 cm Gr\u00f6\u00dfe 102 pro 1000","description":"Braune Kraft-Croissant-Tasche 14 + 7 x 21 cm mit traditionellem Motiv, fettbest\u00e4ndig und biologisch abbaubar. Ideal f\u00fcr B\u00e4ckereien und Konditoreien. Packung mit 1000 St\u00fcck","robots":{"index":"index","follow":"follow","max-snippet":"max-snippet:-1","max-image-preview":"max-image-preview:large","max-video-preview":"max-video-preview:-1"},"canonical":"https:\/\/www.csj-emballages.com\/de\/produit\/1000-beutel-103-croissants-14-7-x-21-cm\/","og_locale":"de_DE","og_type":"article","og_title":"Halbmondtasche 14 + 7 x 21 cm Gr\u00f6\u00dfe 103 pro 1000","og_description":"Braune Kraft-Croissant-Tasche 14 + 7 x 21 cm mit traditionellem Motiv, fettbest\u00e4ndig und biologisch abbaubar. Ideal f\u00fcr B\u00e4ckereien und Konditoreien. Packung mit 1000 St\u00fcck","og_url":"https:\/\/www.csj-emballages.com\/de\/produit\/1000-beutel-103-croissants-14-7-x-21-cm\/","og_site_name":"CSJ Emballages","article_publisher":"https:\/\/www.facebook.com\/csjemballages","article_modified_time":"2026-04-15T00:16:56+00:00","og_image":[{"width":800,"height":800,"url":"https:\/\/www.csj-emballages.com\/wp-content\/uploads\/2024\/03\/SCR3.webp","type":"image\/webp"}],"twitter_card":"summary_large_image","twitter_misc":{"Gesch\u00e4tzte Lesezeit":"2 Minuten"},"schema":{"@context":"https:\/\/schema.org","@graph":[{"@type":"WebPage","@id":"https:\/\/www.csj-emballages.com\/de\/produit\/1000-beutel-103-croissants-14-7-x-21-cm\/","url":"https:\/\/www.csj-emballages.com\/de\/produit\/1000-beutel-103-croissants-14-7-x-21-cm\/","name":"Croissant-Tasche 14 + 7 x 21 cm Gr\u00f6\u00dfe 102 pro 1000","isPartOf":{"@id":"https:\/\/www.csj-emballages.com\/de\/#website"},"primaryImageOfPage":{"@id":"https:\/\/www.csj-emballages.com\/de\/produit\/1000-beutel-103-croissants-14-7-x-21-cm\/#primaryimage"},"image":{"@id":"https:\/\/www.csj-emballages.com\/de\/produit\/1000-beutel-103-croissants-14-7-x-21-cm\/#primaryimage"},"thumbnailUrl":"https:\/\/www.csj-emballages.com\/wp-content\/uploads\/2024\/03\/SCR3.webp","datePublished":"2024-03-01T15:49:23+00:00","dateModified":"2026-04-15T00:16:56+00:00","description":"Braune Kraft-Croissant-Tasche 14 + 7 x 21 cm mit traditionellem Motiv, fettbest\u00e4ndig und biologisch abbaubar. Ideal f\u00fcr B\u00e4ckereien und Konditoreien. Packung mit 1000 St\u00fcck","breadcrumb":{"@id":"https:\/\/www.csj-emballages.com\/de\/produit\/1000-beutel-103-croissants-14-7-x-21-cm\/#breadcrumb"},"inLanguage":"de","potentialAction":[{"@type":"ReadAction","target":["https:\/\/www.csj-emballages.com\/de\/produit\/1000-beutel-103-croissants-14-7-x-21-cm\/"]}]},{"@type":"ImageObject","inLanguage":"de","@id":"https:\/\/www.csj-emballages.com\/de\/produit\/1000-beutel-103-croissants-14-7-x-21-cm\/#primaryimage","url":"https:\/\/www.csj-emballages.com\/wp-content\/uploads\/2024\/03\/SCR3.webp","contentUrl":"https:\/\/www.csj-emballages.com\/wp-content\/uploads\/2024\/03\/SCR3.webp","width":800,"height":800,"caption":"Sac croissant"},{"@type":"BreadcrumbList","@id":"https:\/\/www.csj-emballages.com\/de\/produit\/1000-beutel-103-croissants-14-7-x-21-cm\/#breadcrumb","itemListElement":[{"@type":"ListItem","position":1,"name":"Accueil","item":"https:\/\/www.csj-emballages.com\/de\/universum-lebensmittelverpackungen\/"},{"@type":"ListItem","position":2,"name":"Shop","item":"https:\/\/www.csj-emballages.com\/shop\/"},{"@type":"ListItem","position":3,"name":"Halbmondtasche 14 + 7 x 21 cm Gr\u00f6\u00dfe 103 pro 1000"}]},{"@type":"WebSite","@id":"https:\/\/www.csj-emballages.com\/de\/#website","url":"https:\/\/www.csj-emballages.com\/de\/","name":"CSJ Emballages","description":"","publisher":{"@id":"https:\/\/www.csj-emballages.com\/de\/#organization"},"potentialAction":[{"@type":"SearchAction","target":{"@type":"EntryPoint","urlTemplate":"https:\/\/www.csj-emballages.com\/de\/?s={search_term_string}"},"query-input":{"@type":"PropertyValueSpecification","valueRequired":true,"valueName":"search_term_string"}}],"inLanguage":"de"},{"@type":"Organization","@id":"https:\/\/www.csj-emballages.com\/de\/#Organization\/","name":"CSJ Emballages","url":"https:\/\/www.csj-emballages.com\/de\/","logo":{"@type":"ImageObject","inLanguage":"de","@id":"https:\/\/www.csj-emballages.com\/de\/#\/schema\/logo\/image\/","url":"https:\/\/www.csj-emballages.com\/wp-content\/uploads\/2023\/10\/logo_csj.webp","contentUrl":"https:\/\/www.csj-emballages.com\/wp-content\/uploads\/2023\/10\/logo_csj.webp","width":250,"height":95,"caption":"CSJ Emballages"},"image":{"@id":"https:\/\/www.csj-emballages.com\/de\/#\/schema\/logo\/image\/"},"sameAs":["https:\/\/www.facebook.com\/csjemballages"],"address":{"@type":"PostalAddress","streetAddress":"ZI La Lechere","addressLocality":"Patornay","postalCode":"39130","addressCountry":"FR"},"contactPoint":[{"@type":"ContactPoint","contactType":"Service client","telephone":"0384254272","email":"contact@csj-emballages.com"}]}]}},"df_price":12.8,"df_sale_price":"","df_regular_price":12.8,"df_image_link":"https:\/\/www.csj-emballages.com\/wp-content\/uploads\/2024\/03\/SCR3-300x300.webp","tiered_pricing_type":"fixed","tiered_pricing_fixed_rules":[],"tiered_pricing_percentage_rules":[],"tiered_pricing_minimum":1,"tiered_pricing_roles_data":[],"_links":{"self":[{"href":"https:\/\/www.csj-emballages.com\/de\/wp-json\/wp\/v2\/product\/23310","targetHints":{"allow":["GET"]}}],"collection":[{"href":"https:\/\/www.csj-emballages.com\/de\/wp-json\/wp\/v2\/product"}],"about":[{"href":"https:\/\/www.csj-emballages.com\/de\/wp-json\/wp\/v2\/types\/product"}],"wp:featuredmedia":[{"embeddable":true,"href":"https:\/\/www.csj-emballages.com\/de\/wp-json\/wp\/v2\/media\/245473"}],"wp:attachment":[{"href":"https:\/\/www.csj-emballages.com\/de\/wp-json\/wp\/v2\/media?parent=23310"}],"wp:term":[{"taxonomy":"product_brand","embeddable":true,"href":"https:\/\/www.csj-emballages.com\/de\/wp-json\/wp\/v2\/product_brand?post=23310"},{"taxonomy":"product_cat","embeddable":true,"href":"https:\/\/www.csj-emballages.com\/de\/wp-json\/wp\/v2\/product_cat?post=23310"},{"taxonomy":"product_tag","embeddable":true,"href":"https:\/\/www.csj-emballages.com\/de\/wp-json\/wp\/v2\/product_tag?post=23310"}],"curies":[{"name":"wp","href":"https:\/\/api.w.org\/{rel}","templated":true}]}}