{"id":233082,"date":"2025-05-14T11:38:31","date_gmt":"2025-05-14T09:38:31","guid":{"rendered":"https:\/\/www.csj-emballages.com\/produit\/weisse-traiteurbox-rechteck-aus-karton-60-x-40-x-6-cm-pro-25\/"},"modified":"2026-04-27T02:10:56","modified_gmt":"2026-04-27T00:10:56","slug":"weisse-traiteurbox-rechteck-aus-karton-60-x-40-x-6-cm-pro-25","status":"publish","type":"product","link":"https:\/\/www.csj-emballages.com\/de\/produit\/weisse-traiteurbox-rechteck-aus-karton-60-x-40-x-6-cm-pro-25\/","title":{"rendered":"Wei\u00dfe Traiteurbox Rechteck aus Karton 60 x 40 x 6 cm pro 25"},"content":{"rendered":"<h2>Traiteurbox<\/h2>\n<hr>\n<h3>Beschreibung unserer wei\u00dfen Traiteurbox Rechteck aus Karton 60 x 40 x 6 cm pro 25 St\u00fcck<\/h3>\n<p><!--more--><\/p>\n<p class=\"\" data-start=\"238\" data-end=\"614\">Ob Konditoren, B\u00e4cker, Caterer oder Eventveranstalter: Diese <strong data-start=\"331\" data-end=\"369\">wei\u00dfe Cateringbox aus Karton<\/strong> ist wie f\u00fcr Sie gemacht. Mit ihren gro\u00dfz\u00fcgigen Abmessungen von <strong data-start=\"425\" data-end=\"443\">60 x 40 x 6 cm<\/strong> ist sie ideal f\u00fcr den Transport oder die Pr\u00e4sentation von gro\u00dfen St\u00fccken wie Geburtstagstorten, Entremets, Baumst\u00e4mmen, Torten oder auch Geb\u00e4cksortimenten. <\/p>\n<p class=\"\" data-start=\"616\" data-end=\"971\">Hergestellt aus lebensmittelechtem <strong>Hartkarton<\/strong>, garantiert sie einen ausgezeichneten Halt der Zubereitungen w\u00e4hrend des Transports. Das schlichte, aber elegante <strong>wei\u00dfe<\/strong> Finish erm\u00f6glicht es Ihnen, Ihre Kreationen hervorzuheben, ohne die Aufmerksamkeit abzulenken. Sie k\u00f6nnen sie auch mit einem Aufkleber mit Ihrem Logo versehen, um Ihr Markenimage zu st\u00e4rken.  <\/p>\n<p class=\"\" data-start=\"973\" data-end=\"1250\">Die Montage ist einfach und schnell, was im Labor oder in der K\u00fcche eine echte Zeitersparnis darstellt. Diese <strong>Feinkostdose<\/strong> wird im <strong>25er-Pack<\/strong> geliefert, was sie zu einer kosteng\u00fcnstigen Wahl f\u00fcr Profis macht, die gro\u00dfe Mengen an Verpackungen ben\u00f6tigen, ohne Kompromisse bei der Qualit\u00e4t eingehen zu m\u00fcssen. <\/p>\n<p class=\"\" data-start=\"1252\" data-end=\"1524\">Sein flaches Format<strong>(6 cm hoch<\/strong>) ist auch praktisch f\u00fcr feine Desserts oder wenig sperrige Produkte, w\u00e4hrend es gleichzeitig verhindert, dass sie sich w\u00e4hrend der Lieferung bewegen oder zerquetscht werden.<br data-start=\"1429\" data-end=\"1432\">Alles in allem ist es die ideale L\u00f6sung, um Ihr Geb\u00e4ck elegant, hygienisch und sicher zu liefern.<\/p>\n<p class=\"\" data-start=\"1302\" data-end=\"1517\"><!--more--><\/p>\n<p><strong>Ihre Vorteile :<\/strong><\/p>\n<ul>\n<li>Gro\u00dfes Format, ideal f\u00fcr volumin\u00f6se Geb\u00e4ckst\u00fccke.<\/li>\n<li>Fester Karton: hervorragender Halt w\u00e4hrend des Transports.<\/li>\n<li>Elegantes wei\u00dfes Finish, das sich leicht individuell gestalten l\u00e4sst.<\/li>\n<li>Schneller und bequemer Aufbau.<\/li>\n<li>Diese Feinkostdose wird f\u00fcr den professionellen Bedarf in Sets von 25 St\u00fcck verkauft.<\/li>\n<\/ul>\n<p>&nbsp;<\/p>\n<p><!--more--><\/p>\n<p><strong>Weitere Informationen :  <\/strong><\/p>\n<ul>\n<li><strong>Verpackung<\/strong>: Packung mit 25 St\u00fcck<\/li>\n<li><strong>Ma\u00dfe<\/strong>: 60 x 40 x 6 cm<\/li>\n<li><strong>Material<\/strong>: Karton<\/li>\n<li><strong>Farbe<\/strong>: Wei\u00df<\/li>\n<\/ul>\n<p>&nbsp;<\/p>\n<p><!--more--><\/p>\n<p>Hier finden Sie die Goldplatte, die mit dieser Feinkostdose kompatibel ist: <span style=\"color: #d12727;\"><a style=\"color: #d12727;\" href=\"https:\/\/www.csj-emballages.com\/produit\/25-plaques-or-40-x-60-cm\/\">PLAQOR6040<\/a><\/span><\/p>\n<p>&nbsp;<\/p>\n<p><!--more--><\/p>\n<p><a href=\"https:\/\/www.csj-emballages.com\/de\/categorie-produit\/lebensmittelverpackungen\/metzgerei-und-feinkostgeschaft\/schalen-dosen-und-glaser\/catering-lunchboxen\/\">Sehen Sie sich den Rest unseres Sortiments an Feinkostdosen an.<\/a><\/p>\n","protected":false},"excerpt":{"rendered":"<p>Traiteurbox Beschreibung unserer wei\u00dfen Traiteurbox Rechteck aus Karton 60 x 40 x 6 cm pro 25 St\u00fcck<\/p>\n","protected":false},"featured_media":233041,"template":"","meta":{"_acf_changed":false},"product_brand":[],"product_cat":[1137,1170,2277,1169,1171,3964,1256,3119],"product_tag":[],"class_list":{"0":"post-233082","1":"product","2":"type-product","3":"status-publish","4":"has-post-thumbnail","6":"product_cat-lebensmittelverpackungen","7":"product_cat-metzgerei-und-feinkostgeschaft","8":"product_cat-schalen-dosen-und-glaser","9":"product_cat-catering-lunchboxen","10":"product_cat-backerei-und-konditorei","11":"product_cat-schachteln-und-etuis","12":"product_cat-gebackschachteln","13":"product_cat-gebackschachteln-de","15":"first","16":"instock","17":"taxable","18":"shipping-taxable","19":"purchasable","20":"product-type-simple"},"acf":[],"yoast_head":"<!-- This site is optimized with the Yoast SEO Premium plugin v26.6 (Yoast SEO v26.6) - https:\/\/yoast.com\/wordpress\/plugins\/seo\/ -->\n<title>Wei\u00dfe Traiteur Box Rechteckiger Karton 60 x 40 x 6 cm pro 25<\/title>\n<meta name=\"description\" content=\"Wei\u00dfe Feinkostbox 60x40x6 cm aus festem Karton, 25er-Set Ideal f\u00fcr den sicheren Transport von Kuchen, Torten und Desserts.\" \/>\n<meta name=\"robots\" content=\"index, follow, max-snippet:-1, max-image-preview:large, max-video-preview:-1\" \/>\n<link rel=\"canonical\" href=\"https:\/\/www.csj-emballages.com\/de\/produit\/weisse-traiteurbox-rechteck-aus-karton-60-x-40-x-6-cm-pro-25\/\" \/>\n<meta property=\"og:locale\" content=\"de_DE\" \/>\n<meta property=\"og:type\" content=\"article\" \/>\n<meta property=\"og:title\" content=\"Wei\u00dfe Traiteurbox Rechteck aus Karton 60 x 40 x 6 cm pro 25\" \/>\n<meta property=\"og:description\" content=\"Wei\u00dfe Feinkostbox 60x40x6 cm aus festem Karton, 25er-Set Ideal f\u00fcr den sicheren Transport von Kuchen, Torten und Desserts.\" \/>\n<meta property=\"og:url\" content=\"https:\/\/www.csj-emballages.com\/de\/produit\/weisse-traiteurbox-rechteck-aus-karton-60-x-40-x-6-cm-pro-25\/\" \/>\n<meta property=\"og:site_name\" content=\"CSJ Emballages\" \/>\n<meta property=\"article:publisher\" content=\"https:\/\/www.facebook.com\/csjemballages\" \/>\n<meta property=\"article:modified_time\" content=\"2026-04-27T00:10:56+00:00\" \/>\n<meta property=\"og:image\" content=\"https:\/\/www.csj-emballages.com\/wp-content\/uploads\/2025\/03\/Boite-traiteur.webp\" \/>\n\t<meta property=\"og:image:width\" content=\"800\" \/>\n\t<meta property=\"og:image:height\" content=\"800\" \/>\n\t<meta property=\"og:image:type\" content=\"image\/webp\" \/>\n<meta name=\"twitter:card\" content=\"summary_large_image\" \/>\n<meta name=\"twitter:label1\" content=\"Gesch\u00e4tzte Lesezeit\" \/>\n\t<meta name=\"twitter:data1\" content=\"2 Minuten\" \/>\n<script type=\"application\/ld+json\" class=\"yoast-schema-graph\">{\"@context\":\"https:\/\/schema.org\",\"@graph\":[{\"@type\":\"WebPage\",\"@id\":\"https:\/\/www.csj-emballages.com\/de\/produit\/weisse-traiteurbox-rechteck-aus-karton-60-x-40-x-6-cm-pro-25\/\",\"url\":\"https:\/\/www.csj-emballages.com\/de\/produit\/weisse-traiteurbox-rechteck-aus-karton-60-x-40-x-6-cm-pro-25\/\",\"name\":\"Wei\u00dfe Traiteur Box Rechteckiger Karton 60 x 40 x 6 cm pro 25\",\"isPartOf\":{\"@id\":\"https:\/\/www.csj-emballages.com\/de\/#website\"},\"primaryImageOfPage\":{\"@id\":\"https:\/\/www.csj-emballages.com\/de\/produit\/weisse-traiteurbox-rechteck-aus-karton-60-x-40-x-6-cm-pro-25\/#primaryimage\"},\"image\":{\"@id\":\"https:\/\/www.csj-emballages.com\/de\/produit\/weisse-traiteurbox-rechteck-aus-karton-60-x-40-x-6-cm-pro-25\/#primaryimage\"},\"thumbnailUrl\":\"https:\/\/www.csj-emballages.com\/wp-content\/uploads\/2025\/03\/Boite-traiteur.webp\",\"datePublished\":\"2025-05-14T09:38:31+00:00\",\"dateModified\":\"2026-04-27T00:10:56+00:00\",\"description\":\"Wei\u00dfe Feinkostbox 60x40x6 cm aus festem Karton, 25er-Set Ideal f\u00fcr den sicheren Transport von Kuchen, Torten und Desserts.\",\"breadcrumb\":{\"@id\":\"https:\/\/www.csj-emballages.com\/de\/produit\/weisse-traiteurbox-rechteck-aus-karton-60-x-40-x-6-cm-pro-25\/#breadcrumb\"},\"inLanguage\":\"de\",\"potentialAction\":[{\"@type\":\"ReadAction\",\"target\":[\"https:\/\/www.csj-emballages.com\/de\/produit\/weisse-traiteurbox-rechteck-aus-karton-60-x-40-x-6-cm-pro-25\/\"]}]},{\"@type\":\"ImageObject\",\"inLanguage\":\"de\",\"@id\":\"https:\/\/www.csj-emballages.com\/de\/produit\/weisse-traiteurbox-rechteck-aus-karton-60-x-40-x-6-cm-pro-25\/#primaryimage\",\"url\":\"https:\/\/www.csj-emballages.com\/wp-content\/uploads\/2025\/03\/Boite-traiteur.webp\",\"contentUrl\":\"https:\/\/www.csj-emballages.com\/wp-content\/uploads\/2025\/03\/Boite-traiteur.webp\",\"width\":800,\"height\":800,\"caption\":\"boite traiteur\"},{\"@type\":\"BreadcrumbList\",\"@id\":\"https:\/\/www.csj-emballages.com\/de\/produit\/weisse-traiteurbox-rechteck-aus-karton-60-x-40-x-6-cm-pro-25\/#breadcrumb\",\"itemListElement\":[{\"@type\":\"ListItem\",\"position\":1,\"name\":\"Accueil\",\"item\":\"https:\/\/www.csj-emballages.com\/de\/universum-lebensmittelverpackungen\/\"},{\"@type\":\"ListItem\",\"position\":2,\"name\":\"Shop\",\"item\":\"https:\/\/www.csj-emballages.com\/shop\/\"},{\"@type\":\"ListItem\",\"position\":3,\"name\":\"Wei\u00dfe Traiteurbox Rechteck aus Karton 60 x 40 x 6 cm pro 25\"}]},{\"@type\":\"WebSite\",\"@id\":\"https:\/\/www.csj-emballages.com\/de\/#website\",\"url\":\"https:\/\/www.csj-emballages.com\/de\/\",\"name\":\"CSJ Emballages\",\"description\":\"\",\"publisher\":{\"@id\":\"https:\/\/www.csj-emballages.com\/de\/#organization\"},\"potentialAction\":[{\"@type\":\"SearchAction\",\"target\":{\"@type\":\"EntryPoint\",\"urlTemplate\":\"https:\/\/www.csj-emballages.com\/de\/?s={search_term_string}\"},\"query-input\":{\"@type\":\"PropertyValueSpecification\",\"valueRequired\":true,\"valueName\":\"search_term_string\"}}],\"inLanguage\":\"de\"},{\"@type\":\"Organization\",\"@id\":\"https:\/\/www.csj-emballages.com\/de\/#Organization\/\",\"name\":\"CSJ Emballages\",\"url\":\"https:\/\/www.csj-emballages.com\/de\/\",\"logo\":{\"@type\":\"ImageObject\",\"inLanguage\":\"de\",\"@id\":\"https:\/\/www.csj-emballages.com\/de\/#\/schema\/logo\/image\/\",\"url\":\"https:\/\/www.csj-emballages.com\/wp-content\/uploads\/2023\/10\/logo_csj.webp\",\"contentUrl\":\"https:\/\/www.csj-emballages.com\/wp-content\/uploads\/2023\/10\/logo_csj.webp\",\"width\":250,\"height\":95,\"caption\":\"CSJ Emballages\"},\"image\":{\"@id\":\"https:\/\/www.csj-emballages.com\/de\/#\/schema\/logo\/image\/\"},\"sameAs\":[\"https:\/\/www.facebook.com\/csjemballages\"],\"address\":{\"@type\":\"PostalAddress\",\"streetAddress\":\"ZI La Lechere\",\"addressLocality\":\"Patornay\",\"postalCode\":\"39130\",\"addressCountry\":\"FR\"},\"contactPoint\":[{\"@type\":\"ContactPoint\",\"contactType\":\"Service client\",\"telephone\":\"0384254272\",\"email\":\"contact@csj-emballages.com\"}]}]}<\/script>\n<!-- \/ Yoast SEO Premium plugin. -->","yoast_head_json":{"title":"Wei\u00dfe Traiteur Box Rechteckiger Karton 60 x 40 x 6 cm pro 25","description":"Wei\u00dfe Feinkostbox 60x40x6 cm aus festem Karton, 25er-Set Ideal f\u00fcr den sicheren Transport von Kuchen, Torten und Desserts.","robots":{"index":"index","follow":"follow","max-snippet":"max-snippet:-1","max-image-preview":"max-image-preview:large","max-video-preview":"max-video-preview:-1"},"canonical":"https:\/\/www.csj-emballages.com\/de\/produit\/weisse-traiteurbox-rechteck-aus-karton-60-x-40-x-6-cm-pro-25\/","og_locale":"de_DE","og_type":"article","og_title":"Wei\u00dfe Traiteurbox Rechteck aus Karton 60 x 40 x 6 cm pro 25","og_description":"Wei\u00dfe Feinkostbox 60x40x6 cm aus festem Karton, 25er-Set Ideal f\u00fcr den sicheren Transport von Kuchen, Torten und Desserts.","og_url":"https:\/\/www.csj-emballages.com\/de\/produit\/weisse-traiteurbox-rechteck-aus-karton-60-x-40-x-6-cm-pro-25\/","og_site_name":"CSJ Emballages","article_publisher":"https:\/\/www.facebook.com\/csjemballages","article_modified_time":"2026-04-27T00:10:56+00:00","og_image":[{"width":800,"height":800,"url":"https:\/\/www.csj-emballages.com\/wp-content\/uploads\/2025\/03\/Boite-traiteur.webp","type":"image\/webp"}],"twitter_card":"summary_large_image","twitter_misc":{"Gesch\u00e4tzte Lesezeit":"2 Minuten"},"schema":{"@context":"https:\/\/schema.org","@graph":[{"@type":"WebPage","@id":"https:\/\/www.csj-emballages.com\/de\/produit\/weisse-traiteurbox-rechteck-aus-karton-60-x-40-x-6-cm-pro-25\/","url":"https:\/\/www.csj-emballages.com\/de\/produit\/weisse-traiteurbox-rechteck-aus-karton-60-x-40-x-6-cm-pro-25\/","name":"Wei\u00dfe Traiteur Box Rechteckiger Karton 60 x 40 x 6 cm pro 25","isPartOf":{"@id":"https:\/\/www.csj-emballages.com\/de\/#website"},"primaryImageOfPage":{"@id":"https:\/\/www.csj-emballages.com\/de\/produit\/weisse-traiteurbox-rechteck-aus-karton-60-x-40-x-6-cm-pro-25\/#primaryimage"},"image":{"@id":"https:\/\/www.csj-emballages.com\/de\/produit\/weisse-traiteurbox-rechteck-aus-karton-60-x-40-x-6-cm-pro-25\/#primaryimage"},"thumbnailUrl":"https:\/\/www.csj-emballages.com\/wp-content\/uploads\/2025\/03\/Boite-traiteur.webp","datePublished":"2025-05-14T09:38:31+00:00","dateModified":"2026-04-27T00:10:56+00:00","description":"Wei\u00dfe Feinkostbox 60x40x6 cm aus festem Karton, 25er-Set Ideal f\u00fcr den sicheren Transport von Kuchen, Torten und Desserts.","breadcrumb":{"@id":"https:\/\/www.csj-emballages.com\/de\/produit\/weisse-traiteurbox-rechteck-aus-karton-60-x-40-x-6-cm-pro-25\/#breadcrumb"},"inLanguage":"de","potentialAction":[{"@type":"ReadAction","target":["https:\/\/www.csj-emballages.com\/de\/produit\/weisse-traiteurbox-rechteck-aus-karton-60-x-40-x-6-cm-pro-25\/"]}]},{"@type":"ImageObject","inLanguage":"de","@id":"https:\/\/www.csj-emballages.com\/de\/produit\/weisse-traiteurbox-rechteck-aus-karton-60-x-40-x-6-cm-pro-25\/#primaryimage","url":"https:\/\/www.csj-emballages.com\/wp-content\/uploads\/2025\/03\/Boite-traiteur.webp","contentUrl":"https:\/\/www.csj-emballages.com\/wp-content\/uploads\/2025\/03\/Boite-traiteur.webp","width":800,"height":800,"caption":"boite traiteur"},{"@type":"BreadcrumbList","@id":"https:\/\/www.csj-emballages.com\/de\/produit\/weisse-traiteurbox-rechteck-aus-karton-60-x-40-x-6-cm-pro-25\/#breadcrumb","itemListElement":[{"@type":"ListItem","position":1,"name":"Accueil","item":"https:\/\/www.csj-emballages.com\/de\/universum-lebensmittelverpackungen\/"},{"@type":"ListItem","position":2,"name":"Shop","item":"https:\/\/www.csj-emballages.com\/shop\/"},{"@type":"ListItem","position":3,"name":"Wei\u00dfe Traiteurbox Rechteck aus Karton 60 x 40 x 6 cm pro 25"}]},{"@type":"WebSite","@id":"https:\/\/www.csj-emballages.com\/de\/#website","url":"https:\/\/www.csj-emballages.com\/de\/","name":"CSJ Emballages","description":"","publisher":{"@id":"https:\/\/www.csj-emballages.com\/de\/#organization"},"potentialAction":[{"@type":"SearchAction","target":{"@type":"EntryPoint","urlTemplate":"https:\/\/www.csj-emballages.com\/de\/?s={search_term_string}"},"query-input":{"@type":"PropertyValueSpecification","valueRequired":true,"valueName":"search_term_string"}}],"inLanguage":"de"},{"@type":"Organization","@id":"https:\/\/www.csj-emballages.com\/de\/#Organization\/","name":"CSJ Emballages","url":"https:\/\/www.csj-emballages.com\/de\/","logo":{"@type":"ImageObject","inLanguage":"de","@id":"https:\/\/www.csj-emballages.com\/de\/#\/schema\/logo\/image\/","url":"https:\/\/www.csj-emballages.com\/wp-content\/uploads\/2023\/10\/logo_csj.webp","contentUrl":"https:\/\/www.csj-emballages.com\/wp-content\/uploads\/2023\/10\/logo_csj.webp","width":250,"height":95,"caption":"CSJ Emballages"},"image":{"@id":"https:\/\/www.csj-emballages.com\/de\/#\/schema\/logo\/image\/"},"sameAs":["https:\/\/www.facebook.com\/csjemballages"],"address":{"@type":"PostalAddress","streetAddress":"ZI La Lechere","addressLocality":"Patornay","postalCode":"39130","addressCountry":"FR"},"contactPoint":[{"@type":"ContactPoint","contactType":"Service client","telephone":"0384254272","email":"contact@csj-emballages.com"}]}]}},"df_price":28.18,"df_sale_price":"","df_regular_price":28.18,"df_image_link":"https:\/\/www.csj-emballages.com\/wp-content\/uploads\/2025\/03\/Boite-traiteur-300x300.webp","tiered_pricing_type":"fixed","tiered_pricing_fixed_rules":[],"tiered_pricing_percentage_rules":[],"tiered_pricing_minimum":1,"tiered_pricing_roles_data":[],"_links":{"self":[{"href":"https:\/\/www.csj-emballages.com\/de\/wp-json\/wp\/v2\/product\/233082","targetHints":{"allow":["GET"]}}],"collection":[{"href":"https:\/\/www.csj-emballages.com\/de\/wp-json\/wp\/v2\/product"}],"about":[{"href":"https:\/\/www.csj-emballages.com\/de\/wp-json\/wp\/v2\/types\/product"}],"wp:featuredmedia":[{"embeddable":true,"href":"https:\/\/www.csj-emballages.com\/de\/wp-json\/wp\/v2\/media\/233041"}],"wp:attachment":[{"href":"https:\/\/www.csj-emballages.com\/de\/wp-json\/wp\/v2\/media?parent=233082"}],"wp:term":[{"taxonomy":"product_brand","embeddable":true,"href":"https:\/\/www.csj-emballages.com\/de\/wp-json\/wp\/v2\/product_brand?post=233082"},{"taxonomy":"product_cat","embeddable":true,"href":"https:\/\/www.csj-emballages.com\/de\/wp-json\/wp\/v2\/product_cat?post=233082"},{"taxonomy":"product_tag","embeddable":true,"href":"https:\/\/www.csj-emballages.com\/de\/wp-json\/wp\/v2\/product_tag?post=233082"}],"curies":[{"name":"wp","href":"https:\/\/api.w.org\/{rel}","templated":true}]}}