{"id":23302,"date":"2024-03-01T16:49:25","date_gmt":"2024-03-01T15:49:25","guid":{"rendered":"https:\/\/u15jnbdpoq.preview.infomaniak.website\/produit\/100-beutel-kartonboden-cocotte-100-x-220-mm\/"},"modified":"2026-03-24T02:18:16","modified_gmt":"2026-03-24T01:18:16","slug":"100-beutel-kartonboden-cocotte-100-x-220-mm","status":"publish","type":"product","link":"https:\/\/www.csj-emballages.com\/de\/produit\/100-beutel-kartonboden-cocotte-100-x-220-mm\/","title":{"rendered":"S\u00fc\u00dfigkeitenbeutel mit Kartonboden \u201eCocotte\u201c 100 x 220 mm, 100 St\u00fcck"},"content":{"rendered":"<h2 class=\"p1\">Beutel mit S\u00fc\u00dfigkeiten<\/h2>\n<hr>\n<h3>Entdecken Sie unseren S\u00fc\u00dfigkeitenbeutel mit Kartonboden \u201eCocotte\u201c 100 x 220 mm, 100 St\u00fcck<\/h3>\n<p><!--more--><\/p>\n<p data-start=\"252\" data-end=\"589\">Der <strong>S\u00fc\u00dfigkeitenbeutel mit Kartonboden \u201eCocotte\u201c 100 x 220 mm<\/strong> eignet sich perfekt, um Ihre Leckereien spielerisch und farbenfroh zu pr\u00e4sentieren. Mit seinem illustrierten Dekor zum Thema Henne und l\u00e4ndliche Welt verleiht er Ihren Pr\u00e4sentationen eine herzliche und festliche Note \u2013 ideal f\u00fcr Ostern oder saisonale Aktionen. <\/p>\n<p data-start=\"591\" data-end=\"852\">Dank des <strong>integrierten Kartonbodens<\/strong> bietet dieser <strong>Beutel<\/strong> eine hervorragende Standfestigkeit, was die Pr\u00e4sentation im Schaufenster oder Regal erleichtert. Sein transparenter Teil setzt den Inhalt perfekt in Szene und sch\u00fctzt gleichzeitig Pralinen, Bonbons oder andere S\u00fc\u00dfigkeiten zuverl\u00e4ssig. <\/p>\n<p data-start=\"854\" data-end=\"1126\">Dank des Formats <strong>100 x 220 mm<\/strong> eignet er sich ideal zum Verpacken von <strong>Schokoladeneiern, Schokofiguren, Gourmet-Sortimenten, Keksen oder kleinen Naschereien<\/strong>. Er l\u00e4sst sich einfach mit einem Band oder Kr\u00e4uselband verschlie\u00dfen, was ein gepflegtes und individuelles Finish erm\u00f6glicht. <\/p>\n<p data-start=\"1128\" data-end=\"1381\">Dieser Beutel ist ideal f\u00fcr Chocolatiers, Konditoren, B\u00e4ckereien und den Lebensmittelhandel und vereint Praktikabilit\u00e4t, Stabilit\u00e4t und eine attraktive Optik. Verpackt in Einheiten zu <strong>100 St\u00fcck<\/strong> erf\u00fcllt er perfekt die Anforderungen von Profis w\u00e4hrend der Festtage. <\/p>\n<p data-start=\"1128\" data-end=\"1381\">\n<p data-start=\"1128\" data-end=\"1381\"><!--more--><\/p>\n<h4 data-start=\"1128\" data-end=\"1381\">Vorteile :<\/h4>\n<ul>\n<li data-start=\"1419\" data-end=\"1471\"><strong>Spielerisches Motiv \u201eCocotte\u201c<\/strong>, passend f\u00fcr das Osterfest.<\/li>\n<li data-start=\"1474\" data-end=\"1517\">Kartonboden f\u00fcr hervorragende Standfestigkeit.<\/li>\n<li data-start=\"1520\" data-end=\"1563\">Transparenter Bereich zur optimalen Pr\u00e4sentation des Inhalts.<\/li>\n<li data-start=\"1566\" data-end=\"1610\">Format <strong>100 x 220 mm<\/strong>, ideal f\u00fcr S\u00fc\u00dfwaren.<\/li>\n<li data-start=\"1613\" data-end=\"1649\">Attraktive und festliche Pr\u00e4sentation.<\/li>\n<li data-start=\"1652\" data-end=\"1696\">Individueller Verschluss (Band, Kr\u00e4uselband\u2026).<\/li>\n<li data-start=\"1699\" data-end=\"1743\">Ideal f\u00fcr Schaufenster und den saisonalen Verkauf.<\/li>\n<li data-start=\"1746\" data-end=\"1793\">Profi-Verpackungseinheit: <strong>100 Beutel<\/strong>.<\/li>\n<\/ul>\n<p>&nbsp;<\/p>\n<p><!--more--><\/p>\n<h4 data-start=\"1128\" data-end=\"1381\">Weitere Informationen :<\/h4>\n<ul>\n<li><strong>Verpackung<\/strong>: Packung mit 100 St\u00fcck<\/li>\n<li><strong>Ma\u00dfe<\/strong>: 100 x 220 (B x H in mm)<\/li>\n<li><strong>Material<\/strong>: Polypropylen<\/li>\n<li><strong>Dicke<\/strong>: 35 Mikron<\/li>\n<\/ul>\n<p>&nbsp;<\/p>\n<p><!--more--><\/p>\n<p><a href=\"https:\/\/www.csj-emballages.com\/de\/categorie-produit\/lebensmittelverpackungen\/backerei-und-konditorei\/sacke-beutel-und-papier\/beutel-fur-suswaren\/themenbeutel\/osterbeutel\/\">Sehen Sie sich den Rest unseres Sortiments an S\u00fc\u00dfwarenbeuteln f\u00fcr Ostern an<\/a><\/p>\n","protected":false},"excerpt":{"rendered":"<p>Beutel mit S\u00fc\u00dfigkeiten Entdecken Sie unseren S\u00fc\u00dfigkeitenbeutel mit Kartonboden \u201eCocotte\u201c 100 x 220 mm, 100 St\u00fcck<\/p>\n","protected":false},"featured_media":220813,"template":"","meta":{"_acf_changed":false},"product_brand":[],"product_cat":[1137,1171,1678,1691,1487,1265],"product_tag":[],"class_list":{"0":"post-23302","1":"product","2":"type-product","3":"status-publish","4":"has-post-thumbnail","6":"product_cat-lebensmittelverpackungen","7":"product_cat-backerei-und-konditorei","8":"product_cat-beutel-fur-suswaren","9":"product_cat-osterbeutel","10":"product_cat-boutique-und-geschaft","11":"product_cat-lagerbestande-promotion","13":"first","14":"instock","15":"sale","16":"taxable","17":"shipping-taxable","18":"purchasable","19":"product-type-simple"},"acf":[],"yoast_head":"<!-- This site is optimized with the Yoast SEO Premium plugin v26.6 (Yoast SEO v26.6) - https:\/\/yoast.com\/wordpress\/plugins\/seo\/ -->\n<title>S\u00fc\u00dfigkeitenbeutel mit Kartonboden \u201eCocotte\u201c 100 x 220 mm, 100 St\u00fcck<\/title>\n<meta name=\"description\" content=\"S\u00fc\u00dfigkeitenbeutel mit Kraftkartonboden 100 x 180 mm, 100 St\u00fcck. Ideal f\u00fcr Pralinen, Macarons oder andere kulinarische Geschenke.\" \/>\n<meta name=\"robots\" content=\"index, follow, max-snippet:-1, max-image-preview:large, max-video-preview:-1\" \/>\n<link rel=\"canonical\" href=\"https:\/\/www.csj-emballages.com\/de\/produit\/100-beutel-kartonboden-cocotte-100-x-220-mm\/\" \/>\n<meta property=\"og:locale\" content=\"de_DE\" \/>\n<meta property=\"og:type\" content=\"article\" \/>\n<meta property=\"og:title\" content=\"S\u00fc\u00dfigkeitenbeutel mit Kartonboden \u201eCocotte\u201c 100 x 220 mm, 100 St\u00fcck\" \/>\n<meta property=\"og:description\" content=\"S\u00fc\u00dfigkeitenbeutel mit Kraftkartonboden 100 x 180 mm, 100 St\u00fcck. Ideal f\u00fcr Pralinen, Macarons oder andere kulinarische Geschenke.\" \/>\n<meta property=\"og:url\" content=\"https:\/\/www.csj-emballages.com\/de\/produit\/100-beutel-kartonboden-cocotte-100-x-220-mm\/\" \/>\n<meta property=\"og:site_name\" content=\"CSJ Emballages\" \/>\n<meta property=\"article:publisher\" content=\"https:\/\/www.facebook.com\/csjemballages\" \/>\n<meta property=\"article:modified_time\" content=\"2026-03-24T01:18:16+00:00\" \/>\n<meta property=\"og:image\" content=\"https:\/\/www.csj-emballages.com\/wp-content\/uploads\/2024\/03\/Cocotte.webp\" \/>\n\t<meta property=\"og:image:width\" content=\"800\" \/>\n\t<meta property=\"og:image:height\" content=\"800\" \/>\n\t<meta property=\"og:image:type\" content=\"image\/webp\" \/>\n<meta name=\"twitter:card\" content=\"summary_large_image\" \/>\n<meta name=\"twitter:label1\" content=\"Gesch\u00e4tzte Lesezeit\" \/>\n\t<meta name=\"twitter:data1\" content=\"1\u00a0Minute\" \/>\n<script type=\"application\/ld+json\" class=\"yoast-schema-graph\">{\"@context\":\"https:\/\/schema.org\",\"@graph\":[{\"@type\":\"WebPage\",\"@id\":\"https:\/\/www.csj-emballages.com\/de\/produit\/100-beutel-kartonboden-cocotte-100-x-220-mm\/\",\"url\":\"https:\/\/www.csj-emballages.com\/de\/produit\/100-beutel-kartonboden-cocotte-100-x-220-mm\/\",\"name\":\"S\u00fc\u00dfigkeitenbeutel mit Kartonboden \u201eCocotte\u201c 100 x 220 mm, 100 St\u00fcck\",\"isPartOf\":{\"@id\":\"https:\/\/www.csj-emballages.com\/de\/#website\"},\"primaryImageOfPage\":{\"@id\":\"https:\/\/www.csj-emballages.com\/de\/produit\/100-beutel-kartonboden-cocotte-100-x-220-mm\/#primaryimage\"},\"image\":{\"@id\":\"https:\/\/www.csj-emballages.com\/de\/produit\/100-beutel-kartonboden-cocotte-100-x-220-mm\/#primaryimage\"},\"thumbnailUrl\":\"https:\/\/www.csj-emballages.com\/wp-content\/uploads\/2024\/03\/Cocotte.webp\",\"datePublished\":\"2024-03-01T15:49:25+00:00\",\"dateModified\":\"2026-03-24T01:18:16+00:00\",\"description\":\"S\u00fc\u00dfigkeitenbeutel mit Kraftkartonboden 100 x 180 mm, 100 St\u00fcck. Ideal f\u00fcr Pralinen, Macarons oder andere kulinarische Geschenke.\",\"breadcrumb\":{\"@id\":\"https:\/\/www.csj-emballages.com\/de\/produit\/100-beutel-kartonboden-cocotte-100-x-220-mm\/#breadcrumb\"},\"inLanguage\":\"de\",\"potentialAction\":[{\"@type\":\"ReadAction\",\"target\":[\"https:\/\/www.csj-emballages.com\/de\/produit\/100-beutel-kartonboden-cocotte-100-x-220-mm\/\"]}]},{\"@type\":\"ImageObject\",\"inLanguage\":\"de\",\"@id\":\"https:\/\/www.csj-emballages.com\/de\/produit\/100-beutel-kartonboden-cocotte-100-x-220-mm\/#primaryimage\",\"url\":\"https:\/\/www.csj-emballages.com\/wp-content\/uploads\/2024\/03\/Cocotte.webp\",\"contentUrl\":\"https:\/\/www.csj-emballages.com\/wp-content\/uploads\/2024\/03\/Cocotte.webp\",\"width\":800,\"height\":800,\"caption\":\"Sachet bonbon\"},{\"@type\":\"BreadcrumbList\",\"@id\":\"https:\/\/www.csj-emballages.com\/de\/produit\/100-beutel-kartonboden-cocotte-100-x-220-mm\/#breadcrumb\",\"itemListElement\":[{\"@type\":\"ListItem\",\"position\":1,\"name\":\"Accueil\",\"item\":\"https:\/\/www.csj-emballages.com\/de\/universum-lebensmittelverpackungen\/\"},{\"@type\":\"ListItem\",\"position\":2,\"name\":\"Shop\",\"item\":\"https:\/\/www.csj-emballages.com\/shop\/\"},{\"@type\":\"ListItem\",\"position\":3,\"name\":\"S\u00fc\u00dfigkeitenbeutel mit Kartonboden \u201eCocotte\u201c 100 x 220 mm, 100 St\u00fcck\"}]},{\"@type\":\"WebSite\",\"@id\":\"https:\/\/www.csj-emballages.com\/de\/#website\",\"url\":\"https:\/\/www.csj-emballages.com\/de\/\",\"name\":\"CSJ Emballages\",\"description\":\"\",\"publisher\":{\"@id\":\"https:\/\/www.csj-emballages.com\/de\/#organization\"},\"potentialAction\":[{\"@type\":\"SearchAction\",\"target\":{\"@type\":\"EntryPoint\",\"urlTemplate\":\"https:\/\/www.csj-emballages.com\/de\/?s={search_term_string}\"},\"query-input\":{\"@type\":\"PropertyValueSpecification\",\"valueRequired\":true,\"valueName\":\"search_term_string\"}}],\"inLanguage\":\"de\"},{\"@type\":\"Organization\",\"@id\":\"https:\/\/www.csj-emballages.com\/de\/#Organization\/\",\"name\":\"CSJ Emballages\",\"url\":\"https:\/\/www.csj-emballages.com\/de\/\",\"logo\":{\"@type\":\"ImageObject\",\"inLanguage\":\"de\",\"@id\":\"https:\/\/www.csj-emballages.com\/de\/#\/schema\/logo\/image\/\",\"url\":\"https:\/\/www.csj-emballages.com\/wp-content\/uploads\/2023\/10\/logo_csj.webp\",\"contentUrl\":\"https:\/\/www.csj-emballages.com\/wp-content\/uploads\/2023\/10\/logo_csj.webp\",\"width\":250,\"height\":95,\"caption\":\"CSJ Emballages\"},\"image\":{\"@id\":\"https:\/\/www.csj-emballages.com\/de\/#\/schema\/logo\/image\/\"},\"sameAs\":[\"https:\/\/www.facebook.com\/csjemballages\"],\"address\":{\"@type\":\"PostalAddress\",\"streetAddress\":\"ZI La Lechere\",\"addressLocality\":\"Patornay\",\"postalCode\":\"39130\",\"addressCountry\":\"FR\"},\"contactPoint\":[{\"@type\":\"ContactPoint\",\"contactType\":\"Service client\",\"telephone\":\"0384254272\",\"email\":\"contact@csj-emballages.com\"}]}]}<\/script>\n<!-- \/ Yoast SEO Premium plugin. -->","yoast_head_json":{"title":"S\u00fc\u00dfigkeitenbeutel mit Kartonboden \u201eCocotte\u201c 100 x 220 mm, 100 St\u00fcck","description":"S\u00fc\u00dfigkeitenbeutel mit Kraftkartonboden 100 x 180 mm, 100 St\u00fcck. Ideal f\u00fcr Pralinen, Macarons oder andere kulinarische Geschenke.","robots":{"index":"index","follow":"follow","max-snippet":"max-snippet:-1","max-image-preview":"max-image-preview:large","max-video-preview":"max-video-preview:-1"},"canonical":"https:\/\/www.csj-emballages.com\/de\/produit\/100-beutel-kartonboden-cocotte-100-x-220-mm\/","og_locale":"de_DE","og_type":"article","og_title":"S\u00fc\u00dfigkeitenbeutel mit Kartonboden \u201eCocotte\u201c 100 x 220 mm, 100 St\u00fcck","og_description":"S\u00fc\u00dfigkeitenbeutel mit Kraftkartonboden 100 x 180 mm, 100 St\u00fcck. Ideal f\u00fcr Pralinen, Macarons oder andere kulinarische Geschenke.","og_url":"https:\/\/www.csj-emballages.com\/de\/produit\/100-beutel-kartonboden-cocotte-100-x-220-mm\/","og_site_name":"CSJ Emballages","article_publisher":"https:\/\/www.facebook.com\/csjemballages","article_modified_time":"2026-03-24T01:18:16+00:00","og_image":[{"width":800,"height":800,"url":"https:\/\/www.csj-emballages.com\/wp-content\/uploads\/2024\/03\/Cocotte.webp","type":"image\/webp"}],"twitter_card":"summary_large_image","twitter_misc":{"Gesch\u00e4tzte Lesezeit":"1\u00a0Minute"},"schema":{"@context":"https:\/\/schema.org","@graph":[{"@type":"WebPage","@id":"https:\/\/www.csj-emballages.com\/de\/produit\/100-beutel-kartonboden-cocotte-100-x-220-mm\/","url":"https:\/\/www.csj-emballages.com\/de\/produit\/100-beutel-kartonboden-cocotte-100-x-220-mm\/","name":"S\u00fc\u00dfigkeitenbeutel mit Kartonboden \u201eCocotte\u201c 100 x 220 mm, 100 St\u00fcck","isPartOf":{"@id":"https:\/\/www.csj-emballages.com\/de\/#website"},"primaryImageOfPage":{"@id":"https:\/\/www.csj-emballages.com\/de\/produit\/100-beutel-kartonboden-cocotte-100-x-220-mm\/#primaryimage"},"image":{"@id":"https:\/\/www.csj-emballages.com\/de\/produit\/100-beutel-kartonboden-cocotte-100-x-220-mm\/#primaryimage"},"thumbnailUrl":"https:\/\/www.csj-emballages.com\/wp-content\/uploads\/2024\/03\/Cocotte.webp","datePublished":"2024-03-01T15:49:25+00:00","dateModified":"2026-03-24T01:18:16+00:00","description":"S\u00fc\u00dfigkeitenbeutel mit Kraftkartonboden 100 x 180 mm, 100 St\u00fcck. Ideal f\u00fcr Pralinen, Macarons oder andere kulinarische Geschenke.","breadcrumb":{"@id":"https:\/\/www.csj-emballages.com\/de\/produit\/100-beutel-kartonboden-cocotte-100-x-220-mm\/#breadcrumb"},"inLanguage":"de","potentialAction":[{"@type":"ReadAction","target":["https:\/\/www.csj-emballages.com\/de\/produit\/100-beutel-kartonboden-cocotte-100-x-220-mm\/"]}]},{"@type":"ImageObject","inLanguage":"de","@id":"https:\/\/www.csj-emballages.com\/de\/produit\/100-beutel-kartonboden-cocotte-100-x-220-mm\/#primaryimage","url":"https:\/\/www.csj-emballages.com\/wp-content\/uploads\/2024\/03\/Cocotte.webp","contentUrl":"https:\/\/www.csj-emballages.com\/wp-content\/uploads\/2024\/03\/Cocotte.webp","width":800,"height":800,"caption":"Sachet bonbon"},{"@type":"BreadcrumbList","@id":"https:\/\/www.csj-emballages.com\/de\/produit\/100-beutel-kartonboden-cocotte-100-x-220-mm\/#breadcrumb","itemListElement":[{"@type":"ListItem","position":1,"name":"Accueil","item":"https:\/\/www.csj-emballages.com\/de\/universum-lebensmittelverpackungen\/"},{"@type":"ListItem","position":2,"name":"Shop","item":"https:\/\/www.csj-emballages.com\/shop\/"},{"@type":"ListItem","position":3,"name":"S\u00fc\u00dfigkeitenbeutel mit Kartonboden \u201eCocotte\u201c 100 x 220 mm, 100 St\u00fcck"}]},{"@type":"WebSite","@id":"https:\/\/www.csj-emballages.com\/de\/#website","url":"https:\/\/www.csj-emballages.com\/de\/","name":"CSJ Emballages","description":"","publisher":{"@id":"https:\/\/www.csj-emballages.com\/de\/#organization"},"potentialAction":[{"@type":"SearchAction","target":{"@type":"EntryPoint","urlTemplate":"https:\/\/www.csj-emballages.com\/de\/?s={search_term_string}"},"query-input":{"@type":"PropertyValueSpecification","valueRequired":true,"valueName":"search_term_string"}}],"inLanguage":"de"},{"@type":"Organization","@id":"https:\/\/www.csj-emballages.com\/de\/#Organization\/","name":"CSJ Emballages","url":"https:\/\/www.csj-emballages.com\/de\/","logo":{"@type":"ImageObject","inLanguage":"de","@id":"https:\/\/www.csj-emballages.com\/de\/#\/schema\/logo\/image\/","url":"https:\/\/www.csj-emballages.com\/wp-content\/uploads\/2023\/10\/logo_csj.webp","contentUrl":"https:\/\/www.csj-emballages.com\/wp-content\/uploads\/2023\/10\/logo_csj.webp","width":250,"height":95,"caption":"CSJ Emballages"},"image":{"@id":"https:\/\/www.csj-emballages.com\/de\/#\/schema\/logo\/image\/"},"sameAs":["https:\/\/www.facebook.com\/csjemballages"],"address":{"@type":"PostalAddress","streetAddress":"ZI La Lechere","addressLocality":"Patornay","postalCode":"39130","addressCountry":"FR"},"contactPoint":[{"@type":"ContactPoint","contactType":"Service client","telephone":"0384254272","email":"contact@csj-emballages.com"}]}]}},"df_price":16.56,"df_sale_price":16.56,"df_regular_price":19.49,"df_image_link":"https:\/\/www.csj-emballages.com\/wp-content\/uploads\/2024\/03\/Cocotte-300x300.webp","tiered_pricing_type":"fixed","tiered_pricing_fixed_rules":[],"tiered_pricing_percentage_rules":[],"tiered_pricing_minimum":1,"tiered_pricing_roles_data":[],"_links":{"self":[{"href":"https:\/\/www.csj-emballages.com\/de\/wp-json\/wp\/v2\/product\/23302","targetHints":{"allow":["GET"]}}],"collection":[{"href":"https:\/\/www.csj-emballages.com\/de\/wp-json\/wp\/v2\/product"}],"about":[{"href":"https:\/\/www.csj-emballages.com\/de\/wp-json\/wp\/v2\/types\/product"}],"wp:featuredmedia":[{"embeddable":true,"href":"https:\/\/www.csj-emballages.com\/de\/wp-json\/wp\/v2\/media\/220813"}],"wp:attachment":[{"href":"https:\/\/www.csj-emballages.com\/de\/wp-json\/wp\/v2\/media?parent=23302"}],"wp:term":[{"taxonomy":"product_brand","embeddable":true,"href":"https:\/\/www.csj-emballages.com\/de\/wp-json\/wp\/v2\/product_brand?post=23302"},{"taxonomy":"product_cat","embeddable":true,"href":"https:\/\/www.csj-emballages.com\/de\/wp-json\/wp\/v2\/product_cat?post=23302"},{"taxonomy":"product_tag","embeddable":true,"href":"https:\/\/www.csj-emballages.com\/de\/wp-json\/wp\/v2\/product_tag?post=23302"}],"curies":[{"name":"wp","href":"https:\/\/api.w.org\/{rel}","templated":true}]}}