{"id":23299,"date":"2024-03-01T16:49:26","date_gmt":"2024-03-01T15:49:26","guid":{"rendered":"https:\/\/u15jnbdpoq.preview.infomaniak.website\/produit\/1000-beutel-pommes-frites-bedrucktes-papier-12-x-12-cm\/"},"modified":"2026-04-14T02:21:01","modified_gmt":"2026-04-14T00:21:01","slug":"1000-beutel-pommes-frites-bedrucktes-papier-12-x-12-cm","status":"publish","type":"product","link":"https:\/\/www.csj-emballages.com\/de\/produit\/1000-beutel-pommes-frites-bedrucktes-papier-12-x-12-cm\/","title":{"rendered":"Pommes-frites-T\u00fcte aus fettdichtem Papier mit News-Druck 12 x 12 cm pro 1000"},"content":{"rendered":"<div style=\"font-family: Roboto, sans-serif;background-color: #ffffff\">\n<div style=\"font-family: Roboto, sans-serif;background-color: #ffffff\">\n<div style=\"font-family: Roboto, sans-serif;background-color: #ffffff\">\n<div style=\"font-family: Roboto, sans-serif;background-color: #ffffff\">\n<div style=\"font-family: Roboto, sans-serif;background-color: #ffffff\">\n<div style=\"font-family: Roboto, sans-serif;background-color: #ffffff\">\n<div style=\"font-family: Roboto, sans-serif;background-color: #ffffff\">\n<div style=\"font-family: Roboto, sans-serif;background-color: #ffffff\">\n<div style=\"font-family: Roboto, sans-serif;background-color: #ffffff\">\n<div style=\"font-family: Roboto, sans-serif;background-color: #ffffff\">\n<h2>Beutel Pommes frites<\/h2>\n<hr>\n<h3>Beschreibung des Produkts<\/h3>\n<p><!--more--><\/p>\n<p data-start=\"272\" data-end=\"654\">Manchmal gen\u00fcgt ein kleines Detail, um den Unterschied zu machen. Diese <strong>Pommes-T\u00fcte<\/strong> aus <strong>fettdichtem Papier<\/strong> von <strong data-start=\"370\" data-end=\"386\">115 x 120 mm<\/strong> ist das perfekte Beispiel daf\u00fcr. Mit ihrem <strong>freundlichen Aufdruck<\/strong> und ihrer positiven Botschaft zieht sie sofort die Blicke auf sich und zaubert schon vor dem ersten Bissen ein L\u00e4cheln ins Gesicht. Genau diese Art von kleinem Extra bleibt in Erinnerung und macht das Kundenerlebnis angenehmer.   <\/p>\n<p data-start=\"656\" data-end=\"1017\">Entwickelt, um eine <strong>Portion goldbrauner Pommes<\/strong> aufzunehmen, erf\u00fcllt diese T\u00fcte ihren Zweck perfekt. Ihr <strong>fettdichtes Papier<\/strong> reduziert \u00d6lflecken und erm\u00f6glicht so einen saubereren und bequemeren Halt. Das Ergebnis: Die Pommes bleiben appetitlich, die T\u00fcte weicht nicht zu schnell auf, und der Kunde genie\u00dft seinen Snack in vollen Z\u00fcgen, ohne Unannehmlichkeiten.  <\/p>\n<p data-start=\"1019\" data-end=\"1367\">Dank ihres kompakten Formats passt sie sich leicht an schnelle Services, Snacks, Food-Trucks, Pommesbuden oder Eventst\u00e4nde an. Bef\u00fcllen, servieren, fertig. Einfach, effizient, ohne Zeitverlust. Und da sie <strong data-start=\"1248\" data-end=\"1267\">im 2000er-Pack<\/strong> angeboten wird, sichern Sie sich einen zuverl\u00e4ssigen Vorrat, um auch bei gro\u00dfem Andrang mithalten zu k\u00f6nnen, ohne sich Gedanken machen zu m\u00fcssen.   <\/p>\n<p data-start=\"1369\" data-end=\"1674\">Neben ihrer praktischen Seite verleiht diese <strong>Pommes-T\u00fcte<\/strong> Ihrem Take-away-Gesch\u00e4ft eine warme und einladende Note. Sie personalisiert den Service, st\u00e4rkt Ihr Image und zeigt, dass Sie an die Details denken. Kurz gesagt, es ist nicht nur eine Verpackung, sondern ein Tr\u00e4ger, der Ihr Produkt bis zum letzten Bissen begleitet.  <\/p>\n<p data-start=\"1369\" data-end=\"1674\">\n<p><!--more--><\/p>\n<p><strong>Vorteile :<\/strong><\/p>\n<ul>\n<li data-start=\"1702\" data-end=\"1758\"><strong>Fettdichtes Papier<\/strong> f\u00fcr einen saubereren Halt.<\/li>\n<li data-start=\"1761\" data-end=\"1787\">Lustiger und ansprechender Aufdruck.<\/li>\n<li data-start=\"1790\" data-end=\"1828\">Ideales Format f\u00fcr <strong>Pommes-Portionen<\/strong>.<\/li>\n<li data-start=\"1831\" data-end=\"1864\">Schnelle und intuitive Nutzung.<\/li>\n<li data-start=\"1867\" data-end=\"1899\">Wirtschaftlicher Pack mit <strong>2000 T\u00fcten<\/strong>.<\/li>\n<li data-start=\"1902\" data-end=\"1956\">Perfekt f\u00fcr Schnellimbiss und Take-away.<\/li>\n<\/ul>\n<p>&nbsp;<\/p>\n<p><!--more--><\/p>\n<p><strong>Weitere Informationen :  <\/strong><\/p>\n<ul>\n<li><strong>Verpackung<\/strong>: Packung mit 2000<\/li>\n<li><strong>Material<\/strong>: Fettdichtes Papier<\/li>\n<li><strong>Ma\u00dfe<\/strong>: 115 x 120 mm<\/li>\n<li><strong>Farbe<\/strong>: Wei\u00df mit Aufdruck<\/li>\n<\/ul>\n<p>&nbsp;<\/p>\n<\/div>\n<\/div>\n<p><!--more--><\/p>\n<div style=\"font-family: Roboto, sans-serif;background-color: #ffffff\">\n<div style=\"font-family: Roboto, sans-serif;background-color: #ffffff\">\n<p><a href=\"https:\/\/www.csj-emballages.com\/de\/categorie-produit\/lebensmittelverpackungen\/restauration-de\/sacke-und-papier\/tuten-mit-pommes-frites\/\">Sehen Sie sich den Rest unseres Sortiments an Pommes frites-Beuteln an<\/a><\/p>\n<\/div>\n<\/div>\n<\/div>\n<\/div>\n<\/div>\n<\/div>\n<\/div>\n<\/div>\n<\/div>\n<\/div>\n","protected":false},"excerpt":{"rendered":"<p>Beutel Pommes frites Beschreibung des Produkts<\/p>\n","protected":false},"featured_media":259898,"template":"","meta":{"_acf_changed":false},"product_brand":[],"product_cat":[1134,3434],"product_tag":[],"class_list":{"0":"post-23299","1":"product","2":"type-product","3":"status-publish","4":"has-post-thumbnail","6":"product_cat-restauration-de","7":"product_cat-tuten-mit-pommes-frites","9":"first","10":"outofstock","11":"taxable","12":"shipping-taxable","13":"purchasable","14":"product-type-simple"},"acf":[],"yoast_head":"<!-- This site is optimized with the Yoast SEO Premium plugin v26.6 (Yoast SEO v26.6) - https:\/\/yoast.com\/wordpress\/plugins\/seo\/ -->\n<title>Bedruckte Pommes-T\u00fcte aus Fettdichtem Papier - 115 x 120 mm<\/title>\n<meta name=\"description\" content=\"Entdecken Sie unsere fettdichte Pommes-T\u00fcte in 115 x 120 mm. Ideal f\u00fcr einen sauberen und umweltbewussten Schnellimbiss-Service!\" \/>\n<meta name=\"robots\" content=\"index, follow, max-snippet:-1, max-image-preview:large, max-video-preview:-1\" \/>\n<link rel=\"canonical\" href=\"https:\/\/www.csj-emballages.com\/de\/produit\/1000-beutel-pommes-frites-bedrucktes-papier-12-x-12-cm\/\" \/>\n<meta property=\"og:locale\" content=\"de_DE\" \/>\n<meta property=\"og:type\" content=\"article\" \/>\n<meta property=\"og:title\" content=\"Pommes-frites-T\u00fcte aus fettdichtem Papier mit News-Druck 12 x 12 cm pro 1000\" \/>\n<meta property=\"og:description\" content=\"Entdecken Sie unsere fettdichte Pommes-T\u00fcte in 115 x 120 mm. Ideal f\u00fcr einen sauberen und umweltbewussten Schnellimbiss-Service!\" \/>\n<meta property=\"og:url\" content=\"https:\/\/www.csj-emballages.com\/de\/produit\/1000-beutel-pommes-frites-bedrucktes-papier-12-x-12-cm\/\" \/>\n<meta property=\"og:site_name\" content=\"CSJ Emballages\" \/>\n<meta property=\"article:publisher\" content=\"https:\/\/www.facebook.com\/csjemballages\" \/>\n<meta property=\"article:modified_time\" content=\"2026-04-14T00:21:01+00:00\" \/>\n<meta property=\"og:image\" content=\"https:\/\/www.csj-emballages.com\/wp-content\/uploads\/2024\/03\/SCFRITE12.webp\" \/>\n\t<meta property=\"og:image:width\" content=\"800\" \/>\n\t<meta property=\"og:image:height\" content=\"800\" \/>\n\t<meta property=\"og:image:type\" content=\"image\/webp\" \/>\n<meta name=\"twitter:card\" content=\"summary_large_image\" \/>\n<meta name=\"twitter:label1\" content=\"Gesch\u00e4tzte Lesezeit\" \/>\n\t<meta name=\"twitter:data1\" content=\"1\u00a0Minute\" \/>\n<script type=\"application\/ld+json\" class=\"yoast-schema-graph\">{\"@context\":\"https:\/\/schema.org\",\"@graph\":[{\"@type\":\"WebPage\",\"@id\":\"https:\/\/www.csj-emballages.com\/de\/produit\/1000-beutel-pommes-frites-bedrucktes-papier-12-x-12-cm\/\",\"url\":\"https:\/\/www.csj-emballages.com\/de\/produit\/1000-beutel-pommes-frites-bedrucktes-papier-12-x-12-cm\/\",\"name\":\"Bedruckte Pommes-T\u00fcte aus Fettdichtem Papier - 115 x 120 mm\",\"isPartOf\":{\"@id\":\"https:\/\/www.csj-emballages.com\/de\/#website\"},\"primaryImageOfPage\":{\"@id\":\"https:\/\/www.csj-emballages.com\/de\/produit\/1000-beutel-pommes-frites-bedrucktes-papier-12-x-12-cm\/#primaryimage\"},\"image\":{\"@id\":\"https:\/\/www.csj-emballages.com\/de\/produit\/1000-beutel-pommes-frites-bedrucktes-papier-12-x-12-cm\/#primaryimage\"},\"thumbnailUrl\":\"https:\/\/www.csj-emballages.com\/wp-content\/uploads\/2024\/03\/SCFRITE12.webp\",\"datePublished\":\"2024-03-01T15:49:26+00:00\",\"dateModified\":\"2026-04-14T00:21:01+00:00\",\"description\":\"Entdecken Sie unsere fettdichte Pommes-T\u00fcte in 115 x 120 mm. Ideal f\u00fcr einen sauberen und umweltbewussten Schnellimbiss-Service!\",\"breadcrumb\":{\"@id\":\"https:\/\/www.csj-emballages.com\/de\/produit\/1000-beutel-pommes-frites-bedrucktes-papier-12-x-12-cm\/#breadcrumb\"},\"inLanguage\":\"de\",\"potentialAction\":[{\"@type\":\"ReadAction\",\"target\":[\"https:\/\/www.csj-emballages.com\/de\/produit\/1000-beutel-pommes-frites-bedrucktes-papier-12-x-12-cm\/\"]}]},{\"@type\":\"ImageObject\",\"inLanguage\":\"de\",\"@id\":\"https:\/\/www.csj-emballages.com\/de\/produit\/1000-beutel-pommes-frites-bedrucktes-papier-12-x-12-cm\/#primaryimage\",\"url\":\"https:\/\/www.csj-emballages.com\/wp-content\/uploads\/2024\/03\/SCFRITE12.webp\",\"contentUrl\":\"https:\/\/www.csj-emballages.com\/wp-content\/uploads\/2024\/03\/SCFRITE12.webp\",\"width\":800,\"height\":800,\"caption\":\"Sachet frite\"},{\"@type\":\"BreadcrumbList\",\"@id\":\"https:\/\/www.csj-emballages.com\/de\/produit\/1000-beutel-pommes-frites-bedrucktes-papier-12-x-12-cm\/#breadcrumb\",\"itemListElement\":[{\"@type\":\"ListItem\",\"position\":1,\"name\":\"Accueil\",\"item\":\"https:\/\/www.csj-emballages.com\/de\/universum-lebensmittelverpackungen\/\"},{\"@type\":\"ListItem\",\"position\":2,\"name\":\"Shop\",\"item\":\"https:\/\/www.csj-emballages.com\/shop\/\"},{\"@type\":\"ListItem\",\"position\":3,\"name\":\"Pommes-frites-T\u00fcte aus fettdichtem Papier mit News-Druck 12 x 12 cm pro 1000\"}]},{\"@type\":\"WebSite\",\"@id\":\"https:\/\/www.csj-emballages.com\/de\/#website\",\"url\":\"https:\/\/www.csj-emballages.com\/de\/\",\"name\":\"CSJ Emballages\",\"description\":\"\",\"publisher\":{\"@id\":\"https:\/\/www.csj-emballages.com\/de\/#organization\"},\"potentialAction\":[{\"@type\":\"SearchAction\",\"target\":{\"@type\":\"EntryPoint\",\"urlTemplate\":\"https:\/\/www.csj-emballages.com\/de\/?s={search_term_string}\"},\"query-input\":{\"@type\":\"PropertyValueSpecification\",\"valueRequired\":true,\"valueName\":\"search_term_string\"}}],\"inLanguage\":\"de\"},{\"@type\":\"Organization\",\"@id\":\"https:\/\/www.csj-emballages.com\/de\/#Organization\/\",\"name\":\"CSJ Emballages\",\"url\":\"https:\/\/www.csj-emballages.com\/de\/\",\"logo\":{\"@type\":\"ImageObject\",\"inLanguage\":\"de\",\"@id\":\"https:\/\/www.csj-emballages.com\/de\/#\/schema\/logo\/image\/\",\"url\":\"https:\/\/www.csj-emballages.com\/wp-content\/uploads\/2023\/10\/logo_csj.webp\",\"contentUrl\":\"https:\/\/www.csj-emballages.com\/wp-content\/uploads\/2023\/10\/logo_csj.webp\",\"width\":250,\"height\":95,\"caption\":\"CSJ Emballages\"},\"image\":{\"@id\":\"https:\/\/www.csj-emballages.com\/de\/#\/schema\/logo\/image\/\"},\"sameAs\":[\"https:\/\/www.facebook.com\/csjemballages\"],\"address\":{\"@type\":\"PostalAddress\",\"streetAddress\":\"ZI La Lechere\",\"addressLocality\":\"Patornay\",\"postalCode\":\"39130\",\"addressCountry\":\"FR\"},\"contactPoint\":[{\"@type\":\"ContactPoint\",\"contactType\":\"Service client\",\"telephone\":\"0384254272\",\"email\":\"contact@csj-emballages.com\"}]}]}<\/script>\n<!-- \/ Yoast SEO Premium plugin. -->","yoast_head_json":{"title":"Bedruckte Pommes-T\u00fcte aus Fettdichtem Papier - 115 x 120 mm","description":"Entdecken Sie unsere fettdichte Pommes-T\u00fcte in 115 x 120 mm. Ideal f\u00fcr einen sauberen und umweltbewussten Schnellimbiss-Service!","robots":{"index":"index","follow":"follow","max-snippet":"max-snippet:-1","max-image-preview":"max-image-preview:large","max-video-preview":"max-video-preview:-1"},"canonical":"https:\/\/www.csj-emballages.com\/de\/produit\/1000-beutel-pommes-frites-bedrucktes-papier-12-x-12-cm\/","og_locale":"de_DE","og_type":"article","og_title":"Pommes-frites-T\u00fcte aus fettdichtem Papier mit News-Druck 12 x 12 cm pro 1000","og_description":"Entdecken Sie unsere fettdichte Pommes-T\u00fcte in 115 x 120 mm. Ideal f\u00fcr einen sauberen und umweltbewussten Schnellimbiss-Service!","og_url":"https:\/\/www.csj-emballages.com\/de\/produit\/1000-beutel-pommes-frites-bedrucktes-papier-12-x-12-cm\/","og_site_name":"CSJ Emballages","article_publisher":"https:\/\/www.facebook.com\/csjemballages","article_modified_time":"2026-04-14T00:21:01+00:00","og_image":[{"width":800,"height":800,"url":"https:\/\/www.csj-emballages.com\/wp-content\/uploads\/2024\/03\/SCFRITE12.webp","type":"image\/webp"}],"twitter_card":"summary_large_image","twitter_misc":{"Gesch\u00e4tzte Lesezeit":"1\u00a0Minute"},"schema":{"@context":"https:\/\/schema.org","@graph":[{"@type":"WebPage","@id":"https:\/\/www.csj-emballages.com\/de\/produit\/1000-beutel-pommes-frites-bedrucktes-papier-12-x-12-cm\/","url":"https:\/\/www.csj-emballages.com\/de\/produit\/1000-beutel-pommes-frites-bedrucktes-papier-12-x-12-cm\/","name":"Bedruckte Pommes-T\u00fcte aus Fettdichtem Papier - 115 x 120 mm","isPartOf":{"@id":"https:\/\/www.csj-emballages.com\/de\/#website"},"primaryImageOfPage":{"@id":"https:\/\/www.csj-emballages.com\/de\/produit\/1000-beutel-pommes-frites-bedrucktes-papier-12-x-12-cm\/#primaryimage"},"image":{"@id":"https:\/\/www.csj-emballages.com\/de\/produit\/1000-beutel-pommes-frites-bedrucktes-papier-12-x-12-cm\/#primaryimage"},"thumbnailUrl":"https:\/\/www.csj-emballages.com\/wp-content\/uploads\/2024\/03\/SCFRITE12.webp","datePublished":"2024-03-01T15:49:26+00:00","dateModified":"2026-04-14T00:21:01+00:00","description":"Entdecken Sie unsere fettdichte Pommes-T\u00fcte in 115 x 120 mm. Ideal f\u00fcr einen sauberen und umweltbewussten Schnellimbiss-Service!","breadcrumb":{"@id":"https:\/\/www.csj-emballages.com\/de\/produit\/1000-beutel-pommes-frites-bedrucktes-papier-12-x-12-cm\/#breadcrumb"},"inLanguage":"de","potentialAction":[{"@type":"ReadAction","target":["https:\/\/www.csj-emballages.com\/de\/produit\/1000-beutel-pommes-frites-bedrucktes-papier-12-x-12-cm\/"]}]},{"@type":"ImageObject","inLanguage":"de","@id":"https:\/\/www.csj-emballages.com\/de\/produit\/1000-beutel-pommes-frites-bedrucktes-papier-12-x-12-cm\/#primaryimage","url":"https:\/\/www.csj-emballages.com\/wp-content\/uploads\/2024\/03\/SCFRITE12.webp","contentUrl":"https:\/\/www.csj-emballages.com\/wp-content\/uploads\/2024\/03\/SCFRITE12.webp","width":800,"height":800,"caption":"Sachet frite"},{"@type":"BreadcrumbList","@id":"https:\/\/www.csj-emballages.com\/de\/produit\/1000-beutel-pommes-frites-bedrucktes-papier-12-x-12-cm\/#breadcrumb","itemListElement":[{"@type":"ListItem","position":1,"name":"Accueil","item":"https:\/\/www.csj-emballages.com\/de\/universum-lebensmittelverpackungen\/"},{"@type":"ListItem","position":2,"name":"Shop","item":"https:\/\/www.csj-emballages.com\/shop\/"},{"@type":"ListItem","position":3,"name":"Pommes-frites-T\u00fcte aus fettdichtem Papier mit News-Druck 12 x 12 cm pro 1000"}]},{"@type":"WebSite","@id":"https:\/\/www.csj-emballages.com\/de\/#website","url":"https:\/\/www.csj-emballages.com\/de\/","name":"CSJ Emballages","description":"","publisher":{"@id":"https:\/\/www.csj-emballages.com\/de\/#organization"},"potentialAction":[{"@type":"SearchAction","target":{"@type":"EntryPoint","urlTemplate":"https:\/\/www.csj-emballages.com\/de\/?s={search_term_string}"},"query-input":{"@type":"PropertyValueSpecification","valueRequired":true,"valueName":"search_term_string"}}],"inLanguage":"de"},{"@type":"Organization","@id":"https:\/\/www.csj-emballages.com\/de\/#Organization\/","name":"CSJ Emballages","url":"https:\/\/www.csj-emballages.com\/de\/","logo":{"@type":"ImageObject","inLanguage":"de","@id":"https:\/\/www.csj-emballages.com\/de\/#\/schema\/logo\/image\/","url":"https:\/\/www.csj-emballages.com\/wp-content\/uploads\/2023\/10\/logo_csj.webp","contentUrl":"https:\/\/www.csj-emballages.com\/wp-content\/uploads\/2023\/10\/logo_csj.webp","width":250,"height":95,"caption":"CSJ Emballages"},"image":{"@id":"https:\/\/www.csj-emballages.com\/de\/#\/schema\/logo\/image\/"},"sameAs":["https:\/\/www.facebook.com\/csjemballages"],"address":{"@type":"PostalAddress","streetAddress":"ZI La Lechere","addressLocality":"Patornay","postalCode":"39130","addressCountry":"FR"},"contactPoint":[{"@type":"ContactPoint","contactType":"Service client","telephone":"0384254272","email":"contact@csj-emballages.com"}]}]}},"df_price":17.96,"df_sale_price":"","df_regular_price":17.96,"df_image_link":"https:\/\/www.csj-emballages.com\/wp-content\/uploads\/2024\/03\/SCFRITE12-300x300.webp","tiered_pricing_type":"fixed","tiered_pricing_fixed_rules":[],"tiered_pricing_percentage_rules":[],"tiered_pricing_minimum":1,"tiered_pricing_roles_data":[],"_links":{"self":[{"href":"https:\/\/www.csj-emballages.com\/de\/wp-json\/wp\/v2\/product\/23299","targetHints":{"allow":["GET"]}}],"collection":[{"href":"https:\/\/www.csj-emballages.com\/de\/wp-json\/wp\/v2\/product"}],"about":[{"href":"https:\/\/www.csj-emballages.com\/de\/wp-json\/wp\/v2\/types\/product"}],"wp:featuredmedia":[{"embeddable":true,"href":"https:\/\/www.csj-emballages.com\/de\/wp-json\/wp\/v2\/media\/259898"}],"wp:attachment":[{"href":"https:\/\/www.csj-emballages.com\/de\/wp-json\/wp\/v2\/media?parent=23299"}],"wp:term":[{"taxonomy":"product_brand","embeddable":true,"href":"https:\/\/www.csj-emballages.com\/de\/wp-json\/wp\/v2\/product_brand?post=23299"},{"taxonomy":"product_cat","embeddable":true,"href":"https:\/\/www.csj-emballages.com\/de\/wp-json\/wp\/v2\/product_cat?post=23299"},{"taxonomy":"product_tag","embeddable":true,"href":"https:\/\/www.csj-emballages.com\/de\/wp-json\/wp\/v2\/product_tag?post=23299"}],"curies":[{"name":"wp","href":"https:\/\/api.w.org\/{rel}","templated":true}]}}