{"id":23293,"date":"2024-03-01T16:49:26","date_gmt":"2024-03-01T15:49:26","guid":{"rendered":"https:\/\/u15jnbdpoq.preview.infomaniak.website\/produit\/100-auf-schuhen-schuhueberzieher-blau\/"},"modified":"2026-04-23T02:15:52","modified_gmt":"2026-04-23T00:15:52","slug":"100-auf-schuhen-schuhueberzieher-blau","status":"publish","type":"product","link":"https:\/\/www.csj-emballages.com\/de\/produit\/100-auf-schuhen-schuhueberzieher-blau\/","title":{"rendered":"Blauer CPE-Polyethylen-\u00dcberschuh, 100 St\u00fcck"},"content":{"rendered":"<h2>Blauer \u00dcberschuh<\/h2>\n<hr>\n<h3>Entdecken Sie unseren blauen CPE-Polyethylen-\u00dcberschuh im 100er-Pack.<\/h3>\n<p><!--more--><\/p>\n<p data-start=\"205\" data-end=\"586\">Diese <strong data-start=\"209\" data-end=\"253\">blauen CPE-Polyethylen-\u00dcberschuhe<\/strong> sind die einfache und effektive L\u00f6sung, um B\u00f6den zu sch\u00fctzen und Kontaminationen zu begrenzen. Sie lassen sich schnell anziehen und schaffen eine sofortige Barriere zwischen Schuhen und Umgebung, wodurch R\u00e4ume m\u00fchelos sauber gehalten werden k\u00f6nnen. Schon bei den ersten Schritten bieten sie zuverl\u00e4ssigen Schutz und bleiben dabei leicht.  <\/p>\n<p data-start=\"588\" data-end=\"961\">Hergestellt aus <strong data-start=\"602\" data-end=\"622\">CPE-Polyethylen<\/strong>, bieten sie eine gute Best\u00e4ndigkeit gegen Feuchtigkeit und allt\u00e4glichen Schmutz. Ihr <strong>flexibles Material passt sich dem Schuh an<\/strong>, ohne ihn einzuengen, was einen angenehmen Tragekomfort auch bei h\u00e4ufigen Bewegungen gew\u00e4hrleistet. Dank ihrer <strong data-start=\"845\" data-end=\"861\">blauen Farbe<\/strong> sind sie leicht erkennbar, ein echter Vorteil in Bereichen, in denen Hygiene oberste Priorit\u00e4t hat.  <\/p>\n<p data-start=\"963\" data-end=\"1350\">Zudem wird ihr Halt durch ein <strong>diskretes, aber effektives Gummiband<\/strong> gew\u00e4hrleistet, das ein Verrutschen des \u00dcberschuhs beim Gehen verhindert. Sie eignen sich hervorragend f\u00fcr <strong>medizinische Bereiche, Labore, Industrien, Besuche sensibler Standorte<\/strong> oder auch f\u00fcr den <strong>Lebensmittelsektor<\/strong>. Ihre intuitive Anwendung spart Zeit beim Betreten gesch\u00fctzter Bereiche.  <\/p>\n<p data-start=\"1352\" data-end=\"1644\">Verkauft <strong data-start=\"1360\" data-end=\"1378\">im 100er-Pack<\/strong>, erf\u00fcllen diese <strong>\u00dcberschuhe<\/strong> die Anforderungen von Profis und f\u00fcr den gelegentlichen Gebrauch. Sie lassen sich leicht lagern und sind stets einsatzbereit. Eine praktische L\u00f6sung, um konstante Hygienebedingungen ohne zus\u00e4tzlichen Aufwand zu gew\u00e4hrleisten.  <\/p>\n<p data-start=\"1646\" data-end=\"1786\">Zusammenfassend vereinen diese <strong>blauen \u00dcberschuhe<\/strong> Einfachheit, Effizienz und Komfort f\u00fcr einen diskreten, aber unverzichtbaren Schutz im Alltag.<\/p>\n<p data-start=\"1518\" data-end=\"1743\"><!--more--><\/p>\n<h4 data-start=\"1518\" data-end=\"1743\">Vorteile :<\/h4>\n<ul>\n<li data-start=\"1771\" data-end=\"1817\"><strong>Polyethylen-Material<\/strong>, leicht und widerstandsf\u00e4hig.<\/li>\n<li data-start=\"1820\" data-end=\"1843\">Schnelles Einrichten.<\/li>\n<li data-start=\"1846\" data-end=\"1877\">Guter Sitz am Schuh.<\/li>\n<li data-start=\"1880\" data-end=\"1920\">F\u00fcr viele Umgebungen geeignet.<\/li>\n<li data-start=\"1923\" data-end=\"1973\">Blaue Farbe, sauberes und professionelles Aussehen.<\/li>\n<li data-start=\"1976\" data-end=\"2005\">Sparpackung mit <strong>100 St\u00fcck<\/strong>.<\/li>\n<\/ul>\n<p>&nbsp;<\/p>\n<p><!--more--><\/p>\n<h4>Weitere Informationen :<\/h4>\n<ul>\n<li><strong>Verpackung<\/strong>: Packung mit 100 St\u00fcck<\/li>\n<li><strong>Abmessungen<\/strong>: 17 x 41 cm<\/li>\n<li><strong>Dicke<\/strong>: 25\u00b5<\/li>\n<li><strong>Farbe<\/strong>: Blau<\/li>\n<li><strong>Material<\/strong>: Polyethylen<\/li>\n<\/ul>\n<p>&nbsp;<\/p>\n<p><!--more--><\/p>\n<p>Diese blauen \u00dcberschuhe sind auch in Wei\u00df erh\u00e4ltlich: <span style=\"color: #d12727;\"><a style=\"color: #d12727;\" href=\"https:\/\/www.csj-emballages.com\/produit\/100-sur-chaussures-couvre-chaussures-blanches\/?_gl=1*wv2dl5*_up*MQ..*_ga*MTQ1MjkxNTU4MC4xNzY5Njk2NDAy*_ga_YNVJLRSSZT*czE3Njk2OTY0MDEkbzEkZzAkdDE3Njk2OTY0MDEkajYwJGwwJGgxMDM5NDc5NjA0\">SCHAUBL<\/a><\/span><\/p>\n<p>&nbsp;<\/p>\n<p><!--more--><\/p>\n<p><a href=\"https:\/\/www.csj-emballages.com\/categorie-produit\/hygiene-et-entretiens\/equipements-individuels\/surchaussures\/?_gl=1*joil33*_up*MQ..*_ga*NTY5Mzc2OTM0LjE3Njk2OTYyNzA.*_ga_YNVJLRSSZT*czE3Njk2OTYyNzAkbzEkZzAkdDE3Njk2OTYyNzAkajYwJGwwJGgxMjg2MzU5Nzk2\">Entdecken Sie unser weiteres Sortiment an \u00dcberschuhen<\/a><\/p>\n","protected":false},"excerpt":{"rendered":"<p>Blauer \u00dcberschuh Entdecken Sie unseren blauen CPE-Polyethylen-\u00dcberschuh im 100er-Pack.<\/p>\n","protected":false},"featured_media":262806,"template":"","meta":{"_acf_changed":false},"product_brand":[],"product_cat":[1218,2348,3431],"product_tag":[],"class_list":{"0":"post-23293","1":"product","2":"type-product","3":"status-publish","4":"has-post-thumbnail","6":"product_cat-hygiene-und-pflege","7":"product_cat-individuelle-ausstattung","8":"product_cat-uberschuhe","10":"first","11":"instock","12":"taxable","13":"shipping-taxable","14":"purchasable","15":"product-type-simple"},"acf":[],"yoast_head":"<!-- This site is optimized with the Yoast SEO Premium plugin v26.6 (Yoast SEO v26.6) - https:\/\/yoast.com\/wordpress\/plugins\/seo\/ -->\n<title>Blauer CPE-Polyethylen-\u00dcberschuh, 100 St\u00fcck<\/title>\n<meta name=\"description\" content=\"Blauer CPE-Polyethylen-\u00dcberschuh, 100 St\u00fcck. Effektiver Bodenschutz, schnelles Anziehen und geeignet f\u00fcr anspruchsvolle Umgebungen.\" \/>\n<meta name=\"robots\" content=\"index, follow, max-snippet:-1, max-image-preview:large, max-video-preview:-1\" \/>\n<link rel=\"canonical\" href=\"https:\/\/www.csj-emballages.com\/de\/produit\/100-auf-schuhen-schuhueberzieher-blau\/\" \/>\n<meta property=\"og:locale\" content=\"de_DE\" \/>\n<meta property=\"og:type\" content=\"article\" \/>\n<meta property=\"og:title\" content=\"Blauer CPE-Polyethylen-\u00dcberschuh, 100 St\u00fcck\" \/>\n<meta property=\"og:description\" content=\"Blauer CPE-Polyethylen-\u00dcberschuh, 100 St\u00fcck. Effektiver Bodenschutz, schnelles Anziehen und geeignet f\u00fcr anspruchsvolle Umgebungen.\" \/>\n<meta property=\"og:url\" content=\"https:\/\/www.csj-emballages.com\/de\/produit\/100-auf-schuhen-schuhueberzieher-blau\/\" \/>\n<meta property=\"og:site_name\" content=\"CSJ Emballages\" \/>\n<meta property=\"article:publisher\" content=\"https:\/\/www.facebook.com\/csjemballages\" \/>\n<meta property=\"article:modified_time\" content=\"2026-04-23T00:15:52+00:00\" \/>\n<meta property=\"og:image\" content=\"https:\/\/www.csj-emballages.com\/wp-content\/uploads\/2024\/03\/Surchaussure-bleu.webp\" \/>\n\t<meta property=\"og:image:width\" content=\"800\" \/>\n\t<meta property=\"og:image:height\" content=\"800\" \/>\n\t<meta property=\"og:image:type\" content=\"image\/webp\" \/>\n<meta name=\"twitter:card\" content=\"summary_large_image\" \/>\n<meta name=\"twitter:label1\" content=\"Gesch\u00e4tzte Lesezeit\" \/>\n\t<meta name=\"twitter:data1\" content=\"1\u00a0Minute\" \/>\n<script type=\"application\/ld+json\" class=\"yoast-schema-graph\">{\"@context\":\"https:\/\/schema.org\",\"@graph\":[{\"@type\":\"WebPage\",\"@id\":\"https:\/\/www.csj-emballages.com\/de\/produit\/100-auf-schuhen-schuhueberzieher-blau\/\",\"url\":\"https:\/\/www.csj-emballages.com\/de\/produit\/100-auf-schuhen-schuhueberzieher-blau\/\",\"name\":\"Blauer CPE-Polyethylen-\u00dcberschuh, 100 St\u00fcck\",\"isPartOf\":{\"@id\":\"https:\/\/www.csj-emballages.com\/de\/#website\"},\"primaryImageOfPage\":{\"@id\":\"https:\/\/www.csj-emballages.com\/de\/produit\/100-auf-schuhen-schuhueberzieher-blau\/#primaryimage\"},\"image\":{\"@id\":\"https:\/\/www.csj-emballages.com\/de\/produit\/100-auf-schuhen-schuhueberzieher-blau\/#primaryimage\"},\"thumbnailUrl\":\"https:\/\/www.csj-emballages.com\/wp-content\/uploads\/2024\/03\/Surchaussure-bleu.webp\",\"datePublished\":\"2024-03-01T15:49:26+00:00\",\"dateModified\":\"2026-04-23T00:15:52+00:00\",\"description\":\"Blauer CPE-Polyethylen-\u00dcberschuh, 100 St\u00fcck. Effektiver Bodenschutz, schnelles Anziehen und geeignet f\u00fcr anspruchsvolle Umgebungen.\",\"breadcrumb\":{\"@id\":\"https:\/\/www.csj-emballages.com\/de\/produit\/100-auf-schuhen-schuhueberzieher-blau\/#breadcrumb\"},\"inLanguage\":\"de\",\"potentialAction\":[{\"@type\":\"ReadAction\",\"target\":[\"https:\/\/www.csj-emballages.com\/de\/produit\/100-auf-schuhen-schuhueberzieher-blau\/\"]}]},{\"@type\":\"ImageObject\",\"inLanguage\":\"de\",\"@id\":\"https:\/\/www.csj-emballages.com\/de\/produit\/100-auf-schuhen-schuhueberzieher-blau\/#primaryimage\",\"url\":\"https:\/\/www.csj-emballages.com\/wp-content\/uploads\/2024\/03\/Surchaussure-bleu.webp\",\"contentUrl\":\"https:\/\/www.csj-emballages.com\/wp-content\/uploads\/2024\/03\/Surchaussure-bleu.webp\",\"width\":800,\"height\":800,\"caption\":\"Surchaussure bleu\"},{\"@type\":\"BreadcrumbList\",\"@id\":\"https:\/\/www.csj-emballages.com\/de\/produit\/100-auf-schuhen-schuhueberzieher-blau\/#breadcrumb\",\"itemListElement\":[{\"@type\":\"ListItem\",\"position\":1,\"name\":\"Accueil\",\"item\":\"https:\/\/www.csj-emballages.com\/de\/universum-lebensmittelverpackungen\/\"},{\"@type\":\"ListItem\",\"position\":2,\"name\":\"Shop\",\"item\":\"https:\/\/www.csj-emballages.com\/shop\/\"},{\"@type\":\"ListItem\",\"position\":3,\"name\":\"Blauer CPE-Polyethylen-\u00dcberschuh, 100 St\u00fcck\"}]},{\"@type\":\"WebSite\",\"@id\":\"https:\/\/www.csj-emballages.com\/de\/#website\",\"url\":\"https:\/\/www.csj-emballages.com\/de\/\",\"name\":\"CSJ Emballages\",\"description\":\"\",\"publisher\":{\"@id\":\"https:\/\/www.csj-emballages.com\/de\/#organization\"},\"potentialAction\":[{\"@type\":\"SearchAction\",\"target\":{\"@type\":\"EntryPoint\",\"urlTemplate\":\"https:\/\/www.csj-emballages.com\/de\/?s={search_term_string}\"},\"query-input\":{\"@type\":\"PropertyValueSpecification\",\"valueRequired\":true,\"valueName\":\"search_term_string\"}}],\"inLanguage\":\"de\"},{\"@type\":\"Organization\",\"@id\":\"https:\/\/www.csj-emballages.com\/de\/#Organization\/\",\"name\":\"CSJ Emballages\",\"url\":\"https:\/\/www.csj-emballages.com\/de\/\",\"logo\":{\"@type\":\"ImageObject\",\"inLanguage\":\"de\",\"@id\":\"https:\/\/www.csj-emballages.com\/de\/#\/schema\/logo\/image\/\",\"url\":\"https:\/\/www.csj-emballages.com\/wp-content\/uploads\/2023\/10\/logo_csj.webp\",\"contentUrl\":\"https:\/\/www.csj-emballages.com\/wp-content\/uploads\/2023\/10\/logo_csj.webp\",\"width\":250,\"height\":95,\"caption\":\"CSJ Emballages\"},\"image\":{\"@id\":\"https:\/\/www.csj-emballages.com\/de\/#\/schema\/logo\/image\/\"},\"sameAs\":[\"https:\/\/www.facebook.com\/csjemballages\"],\"address\":{\"@type\":\"PostalAddress\",\"streetAddress\":\"ZI La Lechere\",\"addressLocality\":\"Patornay\",\"postalCode\":\"39130\",\"addressCountry\":\"FR\"},\"contactPoint\":[{\"@type\":\"ContactPoint\",\"contactType\":\"Service client\",\"telephone\":\"0384254272\",\"email\":\"contact@csj-emballages.com\"}]}]}<\/script>\n<!-- \/ Yoast SEO Premium plugin. -->","yoast_head_json":{"title":"Blauer CPE-Polyethylen-\u00dcberschuh, 100 St\u00fcck","description":"Blauer CPE-Polyethylen-\u00dcberschuh, 100 St\u00fcck. Effektiver Bodenschutz, schnelles Anziehen und geeignet f\u00fcr anspruchsvolle Umgebungen.","robots":{"index":"index","follow":"follow","max-snippet":"max-snippet:-1","max-image-preview":"max-image-preview:large","max-video-preview":"max-video-preview:-1"},"canonical":"https:\/\/www.csj-emballages.com\/de\/produit\/100-auf-schuhen-schuhueberzieher-blau\/","og_locale":"de_DE","og_type":"article","og_title":"Blauer CPE-Polyethylen-\u00dcberschuh, 100 St\u00fcck","og_description":"Blauer CPE-Polyethylen-\u00dcberschuh, 100 St\u00fcck. Effektiver Bodenschutz, schnelles Anziehen und geeignet f\u00fcr anspruchsvolle Umgebungen.","og_url":"https:\/\/www.csj-emballages.com\/de\/produit\/100-auf-schuhen-schuhueberzieher-blau\/","og_site_name":"CSJ Emballages","article_publisher":"https:\/\/www.facebook.com\/csjemballages","article_modified_time":"2026-04-23T00:15:52+00:00","og_image":[{"width":800,"height":800,"url":"https:\/\/www.csj-emballages.com\/wp-content\/uploads\/2024\/03\/Surchaussure-bleu.webp","type":"image\/webp"}],"twitter_card":"summary_large_image","twitter_misc":{"Gesch\u00e4tzte Lesezeit":"1\u00a0Minute"},"schema":{"@context":"https:\/\/schema.org","@graph":[{"@type":"WebPage","@id":"https:\/\/www.csj-emballages.com\/de\/produit\/100-auf-schuhen-schuhueberzieher-blau\/","url":"https:\/\/www.csj-emballages.com\/de\/produit\/100-auf-schuhen-schuhueberzieher-blau\/","name":"Blauer CPE-Polyethylen-\u00dcberschuh, 100 St\u00fcck","isPartOf":{"@id":"https:\/\/www.csj-emballages.com\/de\/#website"},"primaryImageOfPage":{"@id":"https:\/\/www.csj-emballages.com\/de\/produit\/100-auf-schuhen-schuhueberzieher-blau\/#primaryimage"},"image":{"@id":"https:\/\/www.csj-emballages.com\/de\/produit\/100-auf-schuhen-schuhueberzieher-blau\/#primaryimage"},"thumbnailUrl":"https:\/\/www.csj-emballages.com\/wp-content\/uploads\/2024\/03\/Surchaussure-bleu.webp","datePublished":"2024-03-01T15:49:26+00:00","dateModified":"2026-04-23T00:15:52+00:00","description":"Blauer CPE-Polyethylen-\u00dcberschuh, 100 St\u00fcck. Effektiver Bodenschutz, schnelles Anziehen und geeignet f\u00fcr anspruchsvolle Umgebungen.","breadcrumb":{"@id":"https:\/\/www.csj-emballages.com\/de\/produit\/100-auf-schuhen-schuhueberzieher-blau\/#breadcrumb"},"inLanguage":"de","potentialAction":[{"@type":"ReadAction","target":["https:\/\/www.csj-emballages.com\/de\/produit\/100-auf-schuhen-schuhueberzieher-blau\/"]}]},{"@type":"ImageObject","inLanguage":"de","@id":"https:\/\/www.csj-emballages.com\/de\/produit\/100-auf-schuhen-schuhueberzieher-blau\/#primaryimage","url":"https:\/\/www.csj-emballages.com\/wp-content\/uploads\/2024\/03\/Surchaussure-bleu.webp","contentUrl":"https:\/\/www.csj-emballages.com\/wp-content\/uploads\/2024\/03\/Surchaussure-bleu.webp","width":800,"height":800,"caption":"Surchaussure bleu"},{"@type":"BreadcrumbList","@id":"https:\/\/www.csj-emballages.com\/de\/produit\/100-auf-schuhen-schuhueberzieher-blau\/#breadcrumb","itemListElement":[{"@type":"ListItem","position":1,"name":"Accueil","item":"https:\/\/www.csj-emballages.com\/de\/universum-lebensmittelverpackungen\/"},{"@type":"ListItem","position":2,"name":"Shop","item":"https:\/\/www.csj-emballages.com\/shop\/"},{"@type":"ListItem","position":3,"name":"Blauer CPE-Polyethylen-\u00dcberschuh, 100 St\u00fcck"}]},{"@type":"WebSite","@id":"https:\/\/www.csj-emballages.com\/de\/#website","url":"https:\/\/www.csj-emballages.com\/de\/","name":"CSJ Emballages","description":"","publisher":{"@id":"https:\/\/www.csj-emballages.com\/de\/#organization"},"potentialAction":[{"@type":"SearchAction","target":{"@type":"EntryPoint","urlTemplate":"https:\/\/www.csj-emballages.com\/de\/?s={search_term_string}"},"query-input":{"@type":"PropertyValueSpecification","valueRequired":true,"valueName":"search_term_string"}}],"inLanguage":"de"},{"@type":"Organization","@id":"https:\/\/www.csj-emballages.com\/de\/#Organization\/","name":"CSJ Emballages","url":"https:\/\/www.csj-emballages.com\/de\/","logo":{"@type":"ImageObject","inLanguage":"de","@id":"https:\/\/www.csj-emballages.com\/de\/#\/schema\/logo\/image\/","url":"https:\/\/www.csj-emballages.com\/wp-content\/uploads\/2023\/10\/logo_csj.webp","contentUrl":"https:\/\/www.csj-emballages.com\/wp-content\/uploads\/2023\/10\/logo_csj.webp","width":250,"height":95,"caption":"CSJ Emballages"},"image":{"@id":"https:\/\/www.csj-emballages.com\/de\/#\/schema\/logo\/image\/"},"sameAs":["https:\/\/www.facebook.com\/csjemballages"],"address":{"@type":"PostalAddress","streetAddress":"ZI La Lechere","addressLocality":"Patornay","postalCode":"39130","addressCountry":"FR"},"contactPoint":[{"@type":"ContactPoint","contactType":"Service client","telephone":"0384254272","email":"contact@csj-emballages.com"}]}]}},"df_price":2.53,"df_sale_price":"","df_regular_price":2.53,"df_image_link":"https:\/\/www.csj-emballages.com\/wp-content\/uploads\/2024\/03\/Surchaussure-bleu-300x300.webp","tiered_pricing_type":"fixed","tiered_pricing_fixed_rules":[],"tiered_pricing_percentage_rules":[],"tiered_pricing_minimum":1,"tiered_pricing_roles_data":[],"_links":{"self":[{"href":"https:\/\/www.csj-emballages.com\/de\/wp-json\/wp\/v2\/product\/23293","targetHints":{"allow":["GET"]}}],"collection":[{"href":"https:\/\/www.csj-emballages.com\/de\/wp-json\/wp\/v2\/product"}],"about":[{"href":"https:\/\/www.csj-emballages.com\/de\/wp-json\/wp\/v2\/types\/product"}],"wp:featuredmedia":[{"embeddable":true,"href":"https:\/\/www.csj-emballages.com\/de\/wp-json\/wp\/v2\/media\/262806"}],"wp:attachment":[{"href":"https:\/\/www.csj-emballages.com\/de\/wp-json\/wp\/v2\/media?parent=23293"}],"wp:term":[{"taxonomy":"product_brand","embeddable":true,"href":"https:\/\/www.csj-emballages.com\/de\/wp-json\/wp\/v2\/product_brand?post=23293"},{"taxonomy":"product_cat","embeddable":true,"href":"https:\/\/www.csj-emballages.com\/de\/wp-json\/wp\/v2\/product_cat?post=23293"},{"taxonomy":"product_tag","embeddable":true,"href":"https:\/\/www.csj-emballages.com\/de\/wp-json\/wp\/v2\/product_tag?post=23293"}],"curies":[{"name":"wp","href":"https:\/\/api.w.org\/{rel}","templated":true}]}}