{"id":23287,"date":"2024-03-01T16:49:26","date_gmt":"2024-03-01T15:49:26","guid":{"rendered":"https:\/\/u15jnbdpoq.preview.infomaniak.website\/produit\/100-beutel-kartonboden-eierjagd-100-x-220-mm\/"},"modified":"2026-04-09T02:18:24","modified_gmt":"2026-04-09T00:18:24","slug":"100-beutel-kartonboden-eierjagd-100-x-220-mm","status":"publish","type":"product","link":"https:\/\/www.csj-emballages.com\/de\/produit\/100-beutel-kartonboden-eierjagd-100-x-220-mm\/","title":{"rendered":"Oster-S\u00fc\u00dfigkeitent\u00fcte mit Kartonboden &#8222;Eiersuche&#8220; 100 x 220 mm, 100 St\u00fcck"},"content":{"rendered":"<h2>S\u00fc\u00dfwarenbeutel Ostern<\/h2>\n<hr>\n<h3>Entdecken Sie unsere Oster-S\u00fc\u00dfigkeitent\u00fcte mit Kartonboden &#8222;Eiersuche&#8220; 100 x 220 mm, 100 St\u00fcck<\/h3>\n<p><!--more--><\/p>\n<p data-start=\"258\" data-end=\"587\">Die <strong>Oster-S\u00fc\u00dfigkeitent\u00fcte mit Kartonboden &#8222;Eiersuche&#8220; 100 x 220 mm<\/strong> ist ideal, um Schokoladen, Eier und kleine Leckereien zu Ostern zu pr\u00e4sentieren und zu verschenken. Ihr <strong>farbenfrohes und festliches Design<\/strong> zeigt die traditionelle Welt der Eiersuche mit ansprechenden Fr\u00fchlingsmotiven, die Jung und Alt begeistern werden. <\/p>\n<p data-start=\"589\" data-end=\"849\">Mit <strong>integriertem Kartonboden<\/strong> sorgt dieser <strong>Beutel<\/strong> f\u00fcr hervorragende Standfestigkeit im Hochformat \u2013 ideal f\u00fcr Schaufenster und Warenpr\u00e4sentation. Der <strong>transparente Bereich<\/strong> setzt den Inhalt in Szene und sch\u00fctzt die S\u00fc\u00dfwaren zuverl\u00e4ssig. <\/p>\n<p data-start=\"851\" data-end=\"1114\">Mit ihren <strong>Ma\u00dfen 100 x 220 mm<\/strong> eignet sie sich perfekt zum Verpacken von Schokoladeneiern, Ostergeb\u00e4ck, Bonbons oder Gourmet-Sortimenten. Sie l\u00e4sst sich leicht mit einem <strong>Band, einem Bolduc oder einem dekorativen Verschluss<\/strong> verschlie\u00dfen, was eine elegante und personalisierte Veredelung erm\u00f6glicht. <\/p>\n<p data-start=\"1116\" data-end=\"1400\">Ideal f\u00fcr <strong>Chocolatiers, Konditoreien, B\u00e4ckereien und Lebensmittelgesch\u00e4fte<\/strong>: Dieser Beutel ist eine praktische und attraktive L\u00f6sung f\u00fcr das Saison-Gesch\u00e4ft. Verpackt im Set zu <strong>100 St\u00fcck<\/strong> erf\u00fcllt er die Anforderungen von Profis in der Osterzeit optimal. <\/p>\n<p data-start=\"1116\" data-end=\"1400\"><!--more--><\/p>\n<h4>Vorteile :<\/h4>\n<ul>\n<li data-start=\"1438\" data-end=\"1470\">Festliches Motiv \u201e<strong>Eiersuche<\/strong>\u201c.<\/li>\n<li data-start=\"1473\" data-end=\"1516\">Kartonboden f\u00fcr hervorragende Standfestigkeit.<\/li>\n<li data-start=\"1519\" data-end=\"1562\">Transparenter Bereich zur optimalen Pr\u00e4sentation des Inhalts.<\/li>\n<li data-start=\"1565\" data-end=\"1619\">Format <strong>100 x 220 mm<\/strong>, passend f\u00fcr Oster-S\u00fc\u00dfigkeiten.<\/li>\n<li data-start=\"1622\" data-end=\"1676\">Ideal f\u00fcr Schokolade, Eier und Feinschmecker-Mischungen.<\/li>\n<li data-start=\"1679\" data-end=\"1727\">Individueller Verschluss mit Band oder Bast m\u00f6glich.<\/li>\n<li data-start=\"1782\" data-end=\"1829\">Profi-Verpackungseinheit: <strong>100 Beutel<\/strong>.<\/li>\n<\/ul>\n<p>&nbsp;<\/p>\n<p><!--more--><\/p>\n<h4>Weitere Informationen :<\/h4>\n<ul>\n<li><strong>Verpackung<\/strong>: Packung mit 100 St\u00fcck<\/li>\n<li><strong>Ma\u00dfe<\/strong>: 100 x 220 (B x H in mm)<\/li>\n<li><strong>Material<\/strong>: Polypropylen<\/li>\n<li><strong>Dicke<\/strong>: 35 Mikron<\/li>\n<\/ul>\n<p>&nbsp;<\/p>\n<p><!--more--><\/p>\n<p>Diese Oster-S\u00fc\u00dfigkeitent\u00fcte ist auch in 120 x 260 mm erh\u00e4ltlich: <span style=\"color: #d12727;\"><a style=\"color: #d12727;\" href=\"https:\/\/www.csj-emballages.com\/de\/produit\/100-beutel-kartonboden-eierjagd-120-x-260-mm\/\">SCAOT2<\/a><\/span><\/p>\n<p>&nbsp;<\/p>\n<p><!--more--><\/p>\n<p><a href=\"https:\/\/www.csj-emballages.com\/de\/categorie-produit\/lebensmittelverpackungen\/backerei-und-konditorei\/sacke-beutel-und-papier\/beutel-fur-suswaren\/themenbeutel\/osterbeutel\/\">Sehen Sie sich den Rest unseres Sortiments an S\u00fc\u00dfwarenbeuteln f\u00fcr Ostern an<\/a><\/p>\n","protected":false},"excerpt":{"rendered":"<p>S\u00fc\u00dfwarenbeutel Ostern Entdecken Sie unsere Oster-S\u00fc\u00dfigkeitent\u00fcte mit Kartonboden &#8222;Eiersuche&#8220; 100 x 220 mm, 100 St\u00fcck<\/p>\n","protected":false},"featured_media":220825,"template":"","meta":{"_acf_changed":false},"product_brand":[],"product_cat":[1137,1171,1678,1691,1487,1265],"product_tag":[],"class_list":{"0":"post-23287","1":"product","2":"type-product","3":"status-publish","4":"has-post-thumbnail","6":"product_cat-lebensmittelverpackungen","7":"product_cat-backerei-und-konditorei","8":"product_cat-beutel-fur-suswaren","9":"product_cat-osterbeutel","10":"product_cat-boutique-und-geschaft","11":"product_cat-lagerbestande-promotion","13":"first","14":"instock","15":"sale","16":"taxable","17":"shipping-taxable","18":"purchasable","19":"product-type-simple"},"acf":[],"yoast_head":"<!-- This site is optimized with the Yoast SEO Premium plugin v26.6 (Yoast SEO v26.6) - https:\/\/yoast.com\/wordpress\/plugins\/seo\/ -->\n<title>S\u00fc\u00dfwarenbeutel Ostern mit Kartonboden \u201eEiersuche\u201c<\/title>\n<meta name=\"description\" content=\"Oster-S\u00fc\u00dfigkeitent\u00fcte mit Kartonboden, 100 x 220 mm, &quot;Eiersuche&quot;, 100 St\u00fcck. Ideale T\u00fcte f\u00fcr Schokoladen und Ostereier.\" \/>\n<meta name=\"robots\" content=\"index, follow, max-snippet:-1, max-image-preview:large, max-video-preview:-1\" \/>\n<link rel=\"canonical\" href=\"https:\/\/www.csj-emballages.com\/de\/produit\/100-beutel-kartonboden-eierjagd-100-x-220-mm\/\" \/>\n<meta property=\"og:locale\" content=\"de_DE\" \/>\n<meta property=\"og:type\" content=\"article\" \/>\n<meta property=\"og:title\" content=\"Oster-S\u00fc\u00dfigkeitent\u00fcte mit Kartonboden &quot;Eiersuche&quot; 100 x 220 mm, 100 St\u00fcck\" \/>\n<meta property=\"og:description\" content=\"Oster-S\u00fc\u00dfigkeitent\u00fcte mit Kartonboden, 100 x 220 mm, &quot;Eiersuche&quot;, 100 St\u00fcck. Ideale T\u00fcte f\u00fcr Schokoladen und Ostereier.\" \/>\n<meta property=\"og:url\" content=\"https:\/\/www.csj-emballages.com\/de\/produit\/100-beutel-kartonboden-eierjagd-100-x-220-mm\/\" \/>\n<meta property=\"og:site_name\" content=\"CSJ Emballages\" \/>\n<meta property=\"article:publisher\" content=\"https:\/\/www.facebook.com\/csjemballages\" \/>\n<meta property=\"article:modified_time\" content=\"2026-04-09T00:18:24+00:00\" \/>\n<meta property=\"og:image\" content=\"https:\/\/www.csj-emballages.com\/wp-content\/uploads\/2024\/03\/Picorette-1.webp\" \/>\n\t<meta property=\"og:image:width\" content=\"800\" \/>\n\t<meta property=\"og:image:height\" content=\"800\" \/>\n\t<meta property=\"og:image:type\" content=\"image\/webp\" \/>\n<meta name=\"twitter:card\" content=\"summary_large_image\" \/>\n<meta name=\"twitter:label1\" content=\"Gesch\u00e4tzte Lesezeit\" \/>\n\t<meta name=\"twitter:data1\" content=\"1\u00a0Minute\" \/>\n<script type=\"application\/ld+json\" class=\"yoast-schema-graph\">{\"@context\":\"https:\/\/schema.org\",\"@graph\":[{\"@type\":\"WebPage\",\"@id\":\"https:\/\/www.csj-emballages.com\/de\/produit\/100-beutel-kartonboden-eierjagd-100-x-220-mm\/\",\"url\":\"https:\/\/www.csj-emballages.com\/de\/produit\/100-beutel-kartonboden-eierjagd-100-x-220-mm\/\",\"name\":\"S\u00fc\u00dfwarenbeutel Ostern mit Kartonboden \u201eEiersuche\u201c\",\"isPartOf\":{\"@id\":\"https:\/\/www.csj-emballages.com\/de\/#website\"},\"primaryImageOfPage\":{\"@id\":\"https:\/\/www.csj-emballages.com\/de\/produit\/100-beutel-kartonboden-eierjagd-100-x-220-mm\/#primaryimage\"},\"image\":{\"@id\":\"https:\/\/www.csj-emballages.com\/de\/produit\/100-beutel-kartonboden-eierjagd-100-x-220-mm\/#primaryimage\"},\"thumbnailUrl\":\"https:\/\/www.csj-emballages.com\/wp-content\/uploads\/2024\/03\/Picorette-1.webp\",\"datePublished\":\"2024-03-01T15:49:26+00:00\",\"dateModified\":\"2026-04-09T00:18:24+00:00\",\"description\":\"Oster-S\u00fc\u00dfigkeitent\u00fcte mit Kartonboden, 100 x 220 mm, \\\"Eiersuche\\\", 100 St\u00fcck. Ideale T\u00fcte f\u00fcr Schokoladen und Ostereier.\",\"breadcrumb\":{\"@id\":\"https:\/\/www.csj-emballages.com\/de\/produit\/100-beutel-kartonboden-eierjagd-100-x-220-mm\/#breadcrumb\"},\"inLanguage\":\"de\",\"potentialAction\":[{\"@type\":\"ReadAction\",\"target\":[\"https:\/\/www.csj-emballages.com\/de\/produit\/100-beutel-kartonboden-eierjagd-100-x-220-mm\/\"]}]},{\"@type\":\"ImageObject\",\"inLanguage\":\"de\",\"@id\":\"https:\/\/www.csj-emballages.com\/de\/produit\/100-beutel-kartonboden-eierjagd-100-x-220-mm\/#primaryimage\",\"url\":\"https:\/\/www.csj-emballages.com\/wp-content\/uploads\/2024\/03\/Picorette-1.webp\",\"contentUrl\":\"https:\/\/www.csj-emballages.com\/wp-content\/uploads\/2024\/03\/Picorette-1.webp\",\"width\":800,\"height\":800,\"caption\":\"Sachet bonbon\"},{\"@type\":\"BreadcrumbList\",\"@id\":\"https:\/\/www.csj-emballages.com\/de\/produit\/100-beutel-kartonboden-eierjagd-100-x-220-mm\/#breadcrumb\",\"itemListElement\":[{\"@type\":\"ListItem\",\"position\":1,\"name\":\"Accueil\",\"item\":\"https:\/\/www.csj-emballages.com\/de\/universum-lebensmittelverpackungen\/\"},{\"@type\":\"ListItem\",\"position\":2,\"name\":\"Shop\",\"item\":\"https:\/\/www.csj-emballages.com\/shop\/\"},{\"@type\":\"ListItem\",\"position\":3,\"name\":\"Oster-S\u00fc\u00dfigkeitent\u00fcte mit Kartonboden \u00ab\u00a0Eiersuche\u00a0\u00bb 100 x 220 mm, 100 St\u00fcck\"}]},{\"@type\":\"WebSite\",\"@id\":\"https:\/\/www.csj-emballages.com\/de\/#website\",\"url\":\"https:\/\/www.csj-emballages.com\/de\/\",\"name\":\"CSJ Emballages\",\"description\":\"\",\"publisher\":{\"@id\":\"https:\/\/www.csj-emballages.com\/de\/#organization\"},\"potentialAction\":[{\"@type\":\"SearchAction\",\"target\":{\"@type\":\"EntryPoint\",\"urlTemplate\":\"https:\/\/www.csj-emballages.com\/de\/?s={search_term_string}\"},\"query-input\":{\"@type\":\"PropertyValueSpecification\",\"valueRequired\":true,\"valueName\":\"search_term_string\"}}],\"inLanguage\":\"de\"},{\"@type\":\"Organization\",\"@id\":\"https:\/\/www.csj-emballages.com\/de\/#Organization\/\",\"name\":\"CSJ Emballages\",\"url\":\"https:\/\/www.csj-emballages.com\/de\/\",\"logo\":{\"@type\":\"ImageObject\",\"inLanguage\":\"de\",\"@id\":\"https:\/\/www.csj-emballages.com\/de\/#\/schema\/logo\/image\/\",\"url\":\"https:\/\/www.csj-emballages.com\/wp-content\/uploads\/2023\/10\/logo_csj.webp\",\"contentUrl\":\"https:\/\/www.csj-emballages.com\/wp-content\/uploads\/2023\/10\/logo_csj.webp\",\"width\":250,\"height\":95,\"caption\":\"CSJ Emballages\"},\"image\":{\"@id\":\"https:\/\/www.csj-emballages.com\/de\/#\/schema\/logo\/image\/\"},\"sameAs\":[\"https:\/\/www.facebook.com\/csjemballages\"],\"address\":{\"@type\":\"PostalAddress\",\"streetAddress\":\"ZI La Lechere\",\"addressLocality\":\"Patornay\",\"postalCode\":\"39130\",\"addressCountry\":\"FR\"},\"contactPoint\":[{\"@type\":\"ContactPoint\",\"contactType\":\"Service client\",\"telephone\":\"0384254272\",\"email\":\"contact@csj-emballages.com\"}]}]}<\/script>\n<!-- \/ Yoast SEO Premium plugin. -->","yoast_head_json":{"title":"S\u00fc\u00dfwarenbeutel Ostern mit Kartonboden \u201eEiersuche\u201c","description":"Oster-S\u00fc\u00dfigkeitent\u00fcte mit Kartonboden, 100 x 220 mm, \"Eiersuche\", 100 St\u00fcck. Ideale T\u00fcte f\u00fcr Schokoladen und Ostereier.","robots":{"index":"index","follow":"follow","max-snippet":"max-snippet:-1","max-image-preview":"max-image-preview:large","max-video-preview":"max-video-preview:-1"},"canonical":"https:\/\/www.csj-emballages.com\/de\/produit\/100-beutel-kartonboden-eierjagd-100-x-220-mm\/","og_locale":"de_DE","og_type":"article","og_title":"Oster-S\u00fc\u00dfigkeitent\u00fcte mit Kartonboden \"Eiersuche\" 100 x 220 mm, 100 St\u00fcck","og_description":"Oster-S\u00fc\u00dfigkeitent\u00fcte mit Kartonboden, 100 x 220 mm, \"Eiersuche\", 100 St\u00fcck. Ideale T\u00fcte f\u00fcr Schokoladen und Ostereier.","og_url":"https:\/\/www.csj-emballages.com\/de\/produit\/100-beutel-kartonboden-eierjagd-100-x-220-mm\/","og_site_name":"CSJ Emballages","article_publisher":"https:\/\/www.facebook.com\/csjemballages","article_modified_time":"2026-04-09T00:18:24+00:00","og_image":[{"width":800,"height":800,"url":"https:\/\/www.csj-emballages.com\/wp-content\/uploads\/2024\/03\/Picorette-1.webp","type":"image\/webp"}],"twitter_card":"summary_large_image","twitter_misc":{"Gesch\u00e4tzte Lesezeit":"1\u00a0Minute"},"schema":{"@context":"https:\/\/schema.org","@graph":[{"@type":"WebPage","@id":"https:\/\/www.csj-emballages.com\/de\/produit\/100-beutel-kartonboden-eierjagd-100-x-220-mm\/","url":"https:\/\/www.csj-emballages.com\/de\/produit\/100-beutel-kartonboden-eierjagd-100-x-220-mm\/","name":"S\u00fc\u00dfwarenbeutel Ostern mit Kartonboden \u201eEiersuche\u201c","isPartOf":{"@id":"https:\/\/www.csj-emballages.com\/de\/#website"},"primaryImageOfPage":{"@id":"https:\/\/www.csj-emballages.com\/de\/produit\/100-beutel-kartonboden-eierjagd-100-x-220-mm\/#primaryimage"},"image":{"@id":"https:\/\/www.csj-emballages.com\/de\/produit\/100-beutel-kartonboden-eierjagd-100-x-220-mm\/#primaryimage"},"thumbnailUrl":"https:\/\/www.csj-emballages.com\/wp-content\/uploads\/2024\/03\/Picorette-1.webp","datePublished":"2024-03-01T15:49:26+00:00","dateModified":"2026-04-09T00:18:24+00:00","description":"Oster-S\u00fc\u00dfigkeitent\u00fcte mit Kartonboden, 100 x 220 mm, \"Eiersuche\", 100 St\u00fcck. Ideale T\u00fcte f\u00fcr Schokoladen und Ostereier.","breadcrumb":{"@id":"https:\/\/www.csj-emballages.com\/de\/produit\/100-beutel-kartonboden-eierjagd-100-x-220-mm\/#breadcrumb"},"inLanguage":"de","potentialAction":[{"@type":"ReadAction","target":["https:\/\/www.csj-emballages.com\/de\/produit\/100-beutel-kartonboden-eierjagd-100-x-220-mm\/"]}]},{"@type":"ImageObject","inLanguage":"de","@id":"https:\/\/www.csj-emballages.com\/de\/produit\/100-beutel-kartonboden-eierjagd-100-x-220-mm\/#primaryimage","url":"https:\/\/www.csj-emballages.com\/wp-content\/uploads\/2024\/03\/Picorette-1.webp","contentUrl":"https:\/\/www.csj-emballages.com\/wp-content\/uploads\/2024\/03\/Picorette-1.webp","width":800,"height":800,"caption":"Sachet bonbon"},{"@type":"BreadcrumbList","@id":"https:\/\/www.csj-emballages.com\/de\/produit\/100-beutel-kartonboden-eierjagd-100-x-220-mm\/#breadcrumb","itemListElement":[{"@type":"ListItem","position":1,"name":"Accueil","item":"https:\/\/www.csj-emballages.com\/de\/universum-lebensmittelverpackungen\/"},{"@type":"ListItem","position":2,"name":"Shop","item":"https:\/\/www.csj-emballages.com\/shop\/"},{"@type":"ListItem","position":3,"name":"Oster-S\u00fc\u00dfigkeitent\u00fcte mit Kartonboden \u00ab\u00a0Eiersuche\u00a0\u00bb 100 x 220 mm, 100 St\u00fcck"}]},{"@type":"WebSite","@id":"https:\/\/www.csj-emballages.com\/de\/#website","url":"https:\/\/www.csj-emballages.com\/de\/","name":"CSJ Emballages","description":"","publisher":{"@id":"https:\/\/www.csj-emballages.com\/de\/#organization"},"potentialAction":[{"@type":"SearchAction","target":{"@type":"EntryPoint","urlTemplate":"https:\/\/www.csj-emballages.com\/de\/?s={search_term_string}"},"query-input":{"@type":"PropertyValueSpecification","valueRequired":true,"valueName":"search_term_string"}}],"inLanguage":"de"},{"@type":"Organization","@id":"https:\/\/www.csj-emballages.com\/de\/#Organization\/","name":"CSJ Emballages","url":"https:\/\/www.csj-emballages.com\/de\/","logo":{"@type":"ImageObject","inLanguage":"de","@id":"https:\/\/www.csj-emballages.com\/de\/#\/schema\/logo\/image\/","url":"https:\/\/www.csj-emballages.com\/wp-content\/uploads\/2023\/10\/logo_csj.webp","contentUrl":"https:\/\/www.csj-emballages.com\/wp-content\/uploads\/2023\/10\/logo_csj.webp","width":250,"height":95,"caption":"CSJ Emballages"},"image":{"@id":"https:\/\/www.csj-emballages.com\/de\/#\/schema\/logo\/image\/"},"sameAs":["https:\/\/www.facebook.com\/csjemballages"],"address":{"@type":"PostalAddress","streetAddress":"ZI La Lechere","addressLocality":"Patornay","postalCode":"39130","addressCountry":"FR"},"contactPoint":[{"@type":"ContactPoint","contactType":"Service client","telephone":"0384254272","email":"contact@csj-emballages.com"}]}]}},"df_price":16.56,"df_sale_price":16.56,"df_regular_price":19.49,"df_image_link":"https:\/\/www.csj-emballages.com\/wp-content\/uploads\/2024\/03\/Picorette-1-300x300.webp","tiered_pricing_type":"fixed","tiered_pricing_fixed_rules":[],"tiered_pricing_percentage_rules":[],"tiered_pricing_minimum":1,"tiered_pricing_roles_data":[],"_links":{"self":[{"href":"https:\/\/www.csj-emballages.com\/de\/wp-json\/wp\/v2\/product\/23287","targetHints":{"allow":["GET"]}}],"collection":[{"href":"https:\/\/www.csj-emballages.com\/de\/wp-json\/wp\/v2\/product"}],"about":[{"href":"https:\/\/www.csj-emballages.com\/de\/wp-json\/wp\/v2\/types\/product"}],"wp:featuredmedia":[{"embeddable":true,"href":"https:\/\/www.csj-emballages.com\/de\/wp-json\/wp\/v2\/media\/220825"}],"wp:attachment":[{"href":"https:\/\/www.csj-emballages.com\/de\/wp-json\/wp\/v2\/media?parent=23287"}],"wp:term":[{"taxonomy":"product_brand","embeddable":true,"href":"https:\/\/www.csj-emballages.com\/de\/wp-json\/wp\/v2\/product_brand?post=23287"},{"taxonomy":"product_cat","embeddable":true,"href":"https:\/\/www.csj-emballages.com\/de\/wp-json\/wp\/v2\/product_cat?post=23287"},{"taxonomy":"product_tag","embeddable":true,"href":"https:\/\/www.csj-emballages.com\/de\/wp-json\/wp\/v2\/product_tag?post=23287"}],"curies":[{"name":"wp","href":"https:\/\/api.w.org\/{rel}","templated":true}]}}