{"id":23285,"date":"2024-03-01T16:49:26","date_gmt":"2024-03-01T15:49:26","guid":{"rendered":"https:\/\/u15jnbdpoq.preview.infomaniak.website\/produit\/50-beutel-suesswarenpapier-limone-70-40-x-200-mm\/"},"modified":"2026-03-12T16:39:04","modified_gmt":"2026-03-12T15:39:04","slug":"50-beutel-suesswarenpapier-limone-70-40-x-200-mm","status":"publish","type":"product","link":"https:\/\/www.csj-emballages.com\/de\/produit\/50-beutel-suesswarenpapier-limone-70-40-x-200-mm\/","title":{"rendered":"S\u00fc\u00dfwarenbeutel Papier Limone gr\u00fcn 70 + 40 x 200 mm pro 50"},"content":{"rendered":"<div style=\"box-sizing: inherit; font-family: Roboto, sans-serif;\">\n<div style=\"box-sizing: inherit; font-family: Roboto, sans-serif;\">\n<div style=\"box-sizing: inherit; font-family: Roboto, sans-serif;\">\n<div style=\"box-sizing: inherit; font-family: Roboto, sans-serif;\">\n<div style=\"box-sizing: inherit; font-family: Roboto, sans-serif;\">\n<div style=\"box-sizing: inherit; font-family: Roboto, sans-serif;\">\n<div style=\"box-sizing: inherit; font-family: Roboto, sans-serif;\">\n<div style=\"box-sizing: inherit; font-family: Roboto, sans-serif;\">\n<div style=\"box-sizing: inherit; font-family: Roboto, sans-serif;\">\n<div style=\"box-sizing: inherit; font-family: Roboto, sans-serif;\">\n<div style=\"box-sizing: inherit; font-family: Roboto, sans-serif;\">\n<div style=\"box-sizing: inherit; font-family: Roboto, sans-serif;\">\n<div style=\"box-sizing: inherit; font-family: Roboto, sans-serif;\">\n<div class=\"flex flex-grow flex-col max-w-full\">\n<div class=\"min-h-[20px] text-message flex flex-col items-start whitespace-pre-wrap break-words [.text-message+&amp;]:mt-5 juice:w-full juice:items-end overflow-x-auto gap-2\" dir=\"auto\" data-message-author-role=\"assistant\" data-message-id=\"2034782e-88f9-44ef-b4dc-07dd7bf0115f\">\n<div class=\"flex w-full flex-col gap-1 juice:empty:hidden juice:first:pt-[3px]\">\n<div class=\"markdown prose w-full break-words dark:prose-invert light\">\n<div style=\"box-sizing: inherit; font-family: Roboto, sans-serif;\">\n<div style=\"box-sizing: inherit; font-family: Roboto, sans-serif;\">\n<div style=\"box-sizing: inherit; font-family: Roboto, sans-serif;\">\n<div style=\"box-sizing: inherit; font-family: Roboto, sans-serif;\">\n<div style=\"box-sizing: inherit; font-family: Roboto, sans-serif;\">\n<div style=\"box-sizing: inherit; font-family: Roboto, sans-serif;\">\n<h2>Papier-S\u00fc\u00dfigkeiten-Beutel<\/h2>\n<div style=\"box-sizing: inherit; font-family: Roboto, sans-serif;\">\n<div style=\"box-sizing: inherit; font-family: Roboto, sans-serif;\">\n<div style=\"box-sizing: inherit; font-family: Roboto, sans-serif;\">\n<div style=\"text-align: center;\">\n<div style=\"box-sizing: inherit; font-family: Roboto, sans-serif;\">\n<div style=\"box-sizing: inherit; font-family: Roboto, sans-serif;\">\n<div style=\"box-sizing: inherit; font-family: Roboto, sans-serif;\">\n<div style=\"box-sizing: inherit; font-family: Roboto, sans-serif;\">\n<div style=\"box-sizing: inherit; font-family: Roboto, sans-serif;\">\n<div style=\"box-sizing: inherit; font-family: Roboto, sans-serif; text-align: left;\">\n<hr>\n<h3 style=\"text-align: left;\">Beschreibung von unserem S\u00fc\u00dfwarenbeutel Papier Limone 70 + 40 x 200 mm pro 50<\/h3>\n<h3 style=\"text-align: left;\"><!--more--><\/h3>\n<\/div>\n<\/div>\n<\/div>\n<\/div>\n<\/div>\n<\/div>\n<\/div>\n<\/div>\n<\/div>\n<\/div>\n<\/div>\n<\/div>\n<\/div>\n<\/div>\n<\/div>\n<\/div>\n<\/div>\n<\/div>\n<\/div>\n<\/div>\n<\/div>\n<\/div>\n<\/div>\n<\/div>\n<\/div>\n<\/div>\n<\/div>\n<\/div>\n<\/div>\n<\/div>\n<\/div>\n<\/div>\n<\/div>\n<div style=\"box-sizing: inherit; font-family: Roboto, sans-serif;\">\n<div style=\"box-sizing: inherit; font-family: Roboto, sans-serif;\">\n<div style=\"box-sizing: inherit; font-family: Roboto, sans-serif;\">\n<div style=\"box-sizing: inherit; font-family: Roboto, sans-serif;\">\n<div style=\"box-sizing: inherit; font-family: Roboto, sans-serif;\">\n<div style=\"box-sizing: inherit; font-family: Roboto, sans-serif;\">\n<div style=\"box-sizing: inherit; font-family: Roboto, sans-serif;\">\n<div style=\"box-sizing: inherit; font-family: Roboto, sans-serif;\">\n<div style=\"box-sizing: inherit; font-family: Roboto, sans-serif;\">\n<div style=\"box-sizing: inherit; font-family: Roboto, sans-serif;\">\n<div style=\"box-sizing: inherit; font-family: Roboto, sans-serif;\">\n<div style=\"box-sizing: inherit; font-family: Roboto, sans-serif;\">\n<div style=\"box-sizing: inherit; font-family: Roboto, sans-serif;\">\n<div class=\"flex flex-grow flex-col max-w-full\">\n<div class=\"min-h-[20px] text-message flex flex-col items-start whitespace-pre-wrap break-words [.text-message+&amp;]:mt-5 juice:w-full juice:items-end overflow-x-auto gap-2\" dir=\"auto\" data-message-author-role=\"assistant\" data-message-id=\"2034782e-88f9-44ef-b4dc-07dd7bf0115f\">\n<div class=\"flex w-full flex-col gap-1 juice:empty:hidden juice:first:pt-[3px]\">\n<div class=\"markdown prose w-full break-words dark:prose-invert light\">\n<div style=\"box-sizing: inherit; font-family: Roboto, sans-serif;\">\n<div style=\"box-sizing: inherit; font-family: Roboto, sans-serif;\">\n<div style=\"box-sizing: inherit; font-family: Roboto, sans-serif;\">\n<div style=\"box-sizing: inherit; font-family: Roboto, sans-serif;\">\n<div style=\"box-sizing: inherit; font-family: Roboto, sans-serif;\">\n<div style=\"box-sizing: inherit; font-family: Roboto, sans-serif;\">\n<p data-start=\"0\" data-end=\"531\">Verleihen Sie Ihren k\u00f6stlichen Kreationen einen <strong data-start=\"50\" data-end=\"73\">Hauch von Frische<\/strong> mit dem <strong data-start=\"109\" data-end=\"174\">Papierbeutel Confiserie Limette 70 + 40 x 200 mm \u00e0 50 St\u00fcck<\/strong>. Diese aus der <strong data-start=\"191\" data-end=\"208\">Reihe Cabosse<\/strong> entworfene T\u00fcte stellt auf subtile Weise <strong data-start=\"241\" data-end=\"268\">die Schokolade<\/strong> in den Vordergrund und bietet gleichzeitig eine elegante Pr\u00e4sentation Ihrer S\u00fc\u00dfigkeiten. Dank des <strong data-start=\"340\" data-end=\"364\">transparenten Fensters<\/strong> auf der Vorderseite k\u00f6nnen Ihre Kunden mit einem Blick den Reichtum Ihrer <strong data-start=\"445\" data-end=\"458\">Schokolade<\/strong>, <strong data-start=\"460\" data-end=\"472\" data-is-only-node=\"\">Kekse<\/strong> oder <strong data-start=\"476\" data-end=\"487\">Nougats<\/strong> bewundern und so Neugier und Appetit wecken.  <\/p>\n<p data-start=\"533\" data-end=\"952\">Dieser praktische und clevere <strong data-start=\"559\" data-end=\"573\">SOS-Beutel<\/strong> l\u00e4sst sich leicht entfalten und <strong data-start=\"599\" data-end=\"615\">steht<\/strong> schon, bevor er bef\u00fcllt wird. Dank seiner durchdachten Form k\u00f6nnen Sie selbst die empfindlichsten Produkte verpacken, ohne Gefahr zu laufen, sie zu zerdr\u00fccken oder zu besch\u00e4digen. Ob Sie nun <strong data-start=\"777\" data-end=\"791\">Biskuitb\u00e4cker<\/strong>, <strong data-start=\"793\" data-end=\"808\">Chocolatier<\/strong>, <strong data-start=\"810\" data-end=\"823\">Confiseur<\/strong>, <strong data-start=\"825\" data-end=\"838\">Drageehersteller<\/strong>, <strong data-start=\"840\" data-end=\"853\">Nougatier<\/strong> oder <strong data-start=\"879\" data-end=\"893\">Konditor<\/strong> sind, dieser <strong>Papierbeutel f\u00fcr S\u00fc\u00dfwaren<\/strong> erf\u00fcllt alle Ihre beruflichen Anforderungen.  <\/p>\n<p data-start=\"954\" data-end=\"1420\">Die <strong data-start=\"966\" data-end=\"987\">T\u00fcte<\/strong> ist aus hochwertigem <strong data-start=\"966\" data-end=\"987\">Papier<\/strong> hergestellt und nat\u00fcrlich <strong data-start=\"1005\" data-end=\"1036\">f\u00fcr den Kontakt mit Lebensmitteln geeignet<\/strong>, wodurch die Sicherheit und Frische Ihrer Kreationen gew\u00e4hrleistet ist. Dank ihrer kr\u00e4ftigen und spritzigen Farbe <strong data-start=\"1112\" data-end=\"1127\">Limette<\/strong> verleiht sie eine <strong data-start=\"1159\" data-end=\"1180\">moderne Note<\/strong>, die Ihre Kunden begeistern wird. Ideal f\u00fcr Feste, Hochzeiten oder Feinschmeckerveranstaltungen, ist diese <strong>T\u00fcte<\/strong> auch <strong data-start=\"1355\" data-end=\"1369\">umweltfreundlich<\/strong>, da das Papier vollst\u00e4ndig <strong data-start=\"1405\" data-end=\"1419\">recycelbar<\/strong> ist.  <\/p>\n<p data-start=\"1422\" data-end=\"1833\">Mit der Wahl dieses <strong>S\u00fc\u00dfwarenbeutels<\/strong> entscheiden Sie sich f\u00fcr eine Verpackung, die <strong data-start=\"1502\" data-end=\"1516\">\u00c4sthetik<\/strong>, <strong data-start=\"1518\" data-end=\"1531\">Zweckm\u00e4\u00dfigkeit<\/strong> und <strong data-start=\"1535\" data-end=\"1565\">Umweltfreundlichkeit<\/strong> miteinander verbindet. Sie k\u00f6nnen damit Ihre Produkte in den <strong data-start=\"1585\" data-end=\"1604\">Vordergrund stellen<\/strong>, die Blicke auf sich ziehen und das Geschmackserlebnis verst\u00e4rken. Kurz gesagt, bieten Sie Ihren Kreationen eine elegante und funktionelle Schachtel: Ihre Kunden werden sich sowohl an den Geschmack als auch an die Pr\u00e4sentation erinnern.  <\/p>\n<p data-start=\"1422\" data-end=\"1833\">\n<p><!--more--><\/p>\n<h4 style=\"text-align: left;\">Vorteile :<\/h4>\n<ul style=\"text-align: left;\">\n<li><strong data-start=\"2065\" data-end=\"2082\">Vorderes Fenster<\/strong>: Bringt Ihre Schokolade und S\u00fc\u00dfigkeiten besonders gut zur Geltung.<\/li>\n<li><strong data-start=\"2133\" data-end=\"2147\">SOS-Format<\/strong>: Steht ohne F\u00fcllung, leicht zu bef\u00fcllen.<\/li>\n<li><strong data-start=\"2202\" data-end=\"2223\">Recycelbares Papier<\/strong>: umweltfreundlich.<\/li>\n<li><strong data-start=\"2262\" data-end=\"2293\">Geeignet f\u00fcr den Kontakt mit Lebensmitteln<\/strong>: Sicherheit und Frische garantiert.<\/li>\n<li><strong data-start=\"2333\" data-end=\"2356\">Limettenfarbe<\/strong>: modern und auff\u00e4llig f\u00fcr Ihre Schaufenster.<\/li>\n<\/ul>\n<\/div>\n<\/div>\n<\/div>\n<\/div>\n<\/div>\n<\/div>\n<\/div>\n<\/div>\n<\/div>\n<\/div>\n<\/div>\n<\/div>\n<p>&nbsp;<\/p>\n<\/div>\n<\/div>\n<\/div>\n<\/div>\n<\/div>\n<\/div>\n<\/div>\n<\/div>\n<\/div>\n<\/div>\n<\/div>\n<p><!--more--><\/p>\n<h4>Weitere Informationen :<\/h4>\n<ul style=\"box-sizing: inherit; font-family: Roboto, sans-serif;\">\n<li><strong>Verpackung<\/strong>: Packung mit 50 St\u00fcck<\/li>\n<li><span style=\"font-weight: bold;\">Ma\u00dfe<\/span>: 70 + 40 x 200 mm<\/li>\n<li><strong>Material<\/strong>: SOS-Papier \/ PP<\/li>\n<li><strong>Farbe<\/strong>: Zitronengr\u00fcn<\/li>\n<\/ul>\n<p>&nbsp;<\/p>\n<p><!--more--><\/p>\n<p>Diese T\u00fcte ist in verschiedenen Farben erh\u00e4ltlich : <span style=\"color: #d12727;\"><a style=\"color: #d12727;\" href=\"https:\/\/www.csj-emballages.com\/de\/produit\/50-papiertueten-himbeerkonfekt-70-40-x-200-mm\/\">Himbeere<\/a><\/span> \/ <span style=\"color: #d12727;\"><a style=\"color: #d12727;\" href=\"https:\/\/www.csj-emballages.com\/de\/produit\/50-beutel-suesswarenpapier-mandarine-70-40-x-200-mm\/\">Mandarine<\/a><\/span> \/ <span style=\"color: #d12727;\"><a style=\"color: #d12727;\" href=\"https:\/\/www.csj-emballages.com\/de\/produit\/50-beutel-vanille-konfektpapier-70-40-x-200-mm\/\">Vanille<\/a><\/span><\/p>\n<p>&nbsp;<\/p>\n<p><!--more--><\/p>\n<p><a href=\"https:\/\/www.csj-emballages.com\/de\/categorie-produit\/lebensmittelverpackungen\/backerei-und-konditorei\/sacke-beutel-und-papier\/beutel-fur-suswaren\/papierbeutel\/sos-papiertuten\/\">Sehen Sie sich den Rest unseres Sortiments an SOS-Papierbeuteln an<\/a><\/p>\n","protected":false},"excerpt":{"rendered":"<p>Papier-S\u00fc\u00dfigkeiten-Beutel Beschreibung von unserem S\u00fc\u00dfwarenbeutel Papier Limone 70 + 40 x 200 mm pro 50<\/p>\n","protected":false},"featured_media":243641,"template":"","meta":{"_acf_changed":false},"product_brand":[],"product_cat":[1137,1171,1678,1711,1487],"product_tag":[],"class_list":{"0":"post-23285","1":"product","2":"type-product","3":"status-publish","4":"has-post-thumbnail","6":"product_cat-lebensmittelverpackungen","7":"product_cat-backerei-und-konditorei","8":"product_cat-beutel-fur-suswaren","9":"product_cat-sos-papiertuten","10":"product_cat-boutique-und-geschaft","12":"first","13":"instock","14":"taxable","15":"shipping-taxable","16":"purchasable","17":"product-type-simple"},"acf":[],"yoast_head":"<!-- This site is optimized with the Yoast SEO Premium plugin v26.6 (Yoast SEO v26.6) - https:\/\/yoast.com\/wordpress\/plugins\/seo\/ -->\n<title>Papierkonfektt\u00fcte Limonengr\u00fcn 70 + 40 x 200 mm pro 50<\/title>\n<meta name=\"description\" content=\"S\u00fc\u00dfwarenbeutel Limone mit Fenster, 70+ 40 x 200 mm. Ideal f\u00fcr Chocolatiers und Konditoren. Elegant, praktisch und zu 100 % f\u00fcr den Kontakt mit Lebensmitteln geeignet.\" \/>\n<meta name=\"robots\" content=\"index, follow, max-snippet:-1, max-image-preview:large, max-video-preview:-1\" \/>\n<link rel=\"canonical\" href=\"https:\/\/www.csj-emballages.com\/de\/produit\/50-beutel-suesswarenpapier-limone-70-40-x-200-mm\/\" \/>\n<meta property=\"og:locale\" content=\"de_DE\" \/>\n<meta property=\"og:type\" content=\"article\" \/>\n<meta property=\"og:title\" content=\"S\u00fc\u00dfwarenbeutel Papier Limone gr\u00fcn 70 + 40 x 200 mm pro 50\" \/>\n<meta property=\"og:description\" content=\"S\u00fc\u00dfwarenbeutel Limone mit Fenster, 70+ 40 x 200 mm. Ideal f\u00fcr Chocolatiers und Konditoren. Elegant, praktisch und zu 100 % f\u00fcr den Kontakt mit Lebensmitteln geeignet.\" \/>\n<meta property=\"og:url\" content=\"https:\/\/www.csj-emballages.com\/de\/produit\/50-beutel-suesswarenpapier-limone-70-40-x-200-mm\/\" \/>\n<meta property=\"og:site_name\" content=\"CSJ Emballages\" \/>\n<meta property=\"article:publisher\" content=\"https:\/\/www.facebook.com\/csjemballages\" \/>\n<meta property=\"article:modified_time\" content=\"2026-03-12T15:39:04+00:00\" \/>\n<meta property=\"og:image\" content=\"https:\/\/www.csj-emballages.com\/wp-content\/uploads\/2024\/03\/SCITRONVERT.webp\" \/>\n\t<meta property=\"og:image:width\" content=\"800\" \/>\n\t<meta property=\"og:image:height\" content=\"800\" \/>\n\t<meta property=\"og:image:type\" content=\"image\/webp\" \/>\n<meta name=\"twitter:card\" content=\"summary_large_image\" \/>\n<meta name=\"twitter:label1\" content=\"Gesch\u00e4tzte Lesezeit\" \/>\n\t<meta name=\"twitter:data1\" content=\"2 Minuten\" \/>\n<script type=\"application\/ld+json\" class=\"yoast-schema-graph\">{\"@context\":\"https:\/\/schema.org\",\"@graph\":[{\"@type\":\"WebPage\",\"@id\":\"https:\/\/www.csj-emballages.com\/de\/produit\/50-beutel-suesswarenpapier-limone-70-40-x-200-mm\/\",\"url\":\"https:\/\/www.csj-emballages.com\/de\/produit\/50-beutel-suesswarenpapier-limone-70-40-x-200-mm\/\",\"name\":\"Papierkonfektt\u00fcte Limonengr\u00fcn 70 + 40 x 200 mm pro 50\",\"isPartOf\":{\"@id\":\"https:\/\/www.csj-emballages.com\/de\/#website\"},\"primaryImageOfPage\":{\"@id\":\"https:\/\/www.csj-emballages.com\/de\/produit\/50-beutel-suesswarenpapier-limone-70-40-x-200-mm\/#primaryimage\"},\"image\":{\"@id\":\"https:\/\/www.csj-emballages.com\/de\/produit\/50-beutel-suesswarenpapier-limone-70-40-x-200-mm\/#primaryimage\"},\"thumbnailUrl\":\"https:\/\/www.csj-emballages.com\/wp-content\/uploads\/2024\/03\/SCITRONVERT.webp\",\"datePublished\":\"2024-03-01T15:49:26+00:00\",\"dateModified\":\"2026-03-12T15:39:04+00:00\",\"description\":\"S\u00fc\u00dfwarenbeutel Limone mit Fenster, 70+ 40 x 200 mm. Ideal f\u00fcr Chocolatiers und Konditoren. Elegant, praktisch und zu 100 % f\u00fcr den Kontakt mit Lebensmitteln geeignet.\",\"breadcrumb\":{\"@id\":\"https:\/\/www.csj-emballages.com\/de\/produit\/50-beutel-suesswarenpapier-limone-70-40-x-200-mm\/#breadcrumb\"},\"inLanguage\":\"de\",\"potentialAction\":[{\"@type\":\"ReadAction\",\"target\":[\"https:\/\/www.csj-emballages.com\/de\/produit\/50-beutel-suesswarenpapier-limone-70-40-x-200-mm\/\"]}]},{\"@type\":\"ImageObject\",\"inLanguage\":\"de\",\"@id\":\"https:\/\/www.csj-emballages.com\/de\/produit\/50-beutel-suesswarenpapier-limone-70-40-x-200-mm\/#primaryimage\",\"url\":\"https:\/\/www.csj-emballages.com\/wp-content\/uploads\/2024\/03\/SCITRONVERT.webp\",\"contentUrl\":\"https:\/\/www.csj-emballages.com\/wp-content\/uploads\/2024\/03\/SCITRONVERT.webp\",\"width\":800,\"height\":800,\"caption\":\"Sachet confiseries papier\"},{\"@type\":\"BreadcrumbList\",\"@id\":\"https:\/\/www.csj-emballages.com\/de\/produit\/50-beutel-suesswarenpapier-limone-70-40-x-200-mm\/#breadcrumb\",\"itemListElement\":[{\"@type\":\"ListItem\",\"position\":1,\"name\":\"Accueil\",\"item\":\"https:\/\/www.csj-emballages.com\/de\/universum-lebensmittelverpackungen\/\"},{\"@type\":\"ListItem\",\"position\":2,\"name\":\"Shop\",\"item\":\"https:\/\/www.csj-emballages.com\/shop\/\"},{\"@type\":\"ListItem\",\"position\":3,\"name\":\"S\u00fc\u00dfwarenbeutel Papier Limone gr\u00fcn 70 + 40 x 200 mm pro 50\"}]},{\"@type\":\"WebSite\",\"@id\":\"https:\/\/www.csj-emballages.com\/de\/#website\",\"url\":\"https:\/\/www.csj-emballages.com\/de\/\",\"name\":\"CSJ Emballages\",\"description\":\"\",\"publisher\":{\"@id\":\"https:\/\/www.csj-emballages.com\/de\/#organization\"},\"potentialAction\":[{\"@type\":\"SearchAction\",\"target\":{\"@type\":\"EntryPoint\",\"urlTemplate\":\"https:\/\/www.csj-emballages.com\/de\/?s={search_term_string}\"},\"query-input\":{\"@type\":\"PropertyValueSpecification\",\"valueRequired\":true,\"valueName\":\"search_term_string\"}}],\"inLanguage\":\"de\"},{\"@type\":\"Organization\",\"@id\":\"https:\/\/www.csj-emballages.com\/de\/#Organization\/\",\"name\":\"CSJ Emballages\",\"url\":\"https:\/\/www.csj-emballages.com\/de\/\",\"logo\":{\"@type\":\"ImageObject\",\"inLanguage\":\"de\",\"@id\":\"https:\/\/www.csj-emballages.com\/de\/#\/schema\/logo\/image\/\",\"url\":\"https:\/\/www.csj-emballages.com\/wp-content\/uploads\/2023\/10\/logo_csj.webp\",\"contentUrl\":\"https:\/\/www.csj-emballages.com\/wp-content\/uploads\/2023\/10\/logo_csj.webp\",\"width\":250,\"height\":95,\"caption\":\"CSJ Emballages\"},\"image\":{\"@id\":\"https:\/\/www.csj-emballages.com\/de\/#\/schema\/logo\/image\/\"},\"sameAs\":[\"https:\/\/www.facebook.com\/csjemballages\"],\"address\":{\"@type\":\"PostalAddress\",\"streetAddress\":\"ZI La Lechere\",\"addressLocality\":\"Patornay\",\"postalCode\":\"39130\",\"addressCountry\":\"FR\"},\"contactPoint\":[{\"@type\":\"ContactPoint\",\"contactType\":\"Service client\",\"telephone\":\"0384254272\",\"email\":\"contact@csj-emballages.com\"}]}]}<\/script>\n<!-- \/ Yoast SEO Premium plugin. -->","yoast_head_json":{"title":"Papierkonfektt\u00fcte Limonengr\u00fcn 70 + 40 x 200 mm pro 50","description":"S\u00fc\u00dfwarenbeutel Limone mit Fenster, 70+ 40 x 200 mm. Ideal f\u00fcr Chocolatiers und Konditoren. Elegant, praktisch und zu 100 % f\u00fcr den Kontakt mit Lebensmitteln geeignet.","robots":{"index":"index","follow":"follow","max-snippet":"max-snippet:-1","max-image-preview":"max-image-preview:large","max-video-preview":"max-video-preview:-1"},"canonical":"https:\/\/www.csj-emballages.com\/de\/produit\/50-beutel-suesswarenpapier-limone-70-40-x-200-mm\/","og_locale":"de_DE","og_type":"article","og_title":"S\u00fc\u00dfwarenbeutel Papier Limone gr\u00fcn 70 + 40 x 200 mm pro 50","og_description":"S\u00fc\u00dfwarenbeutel Limone mit Fenster, 70+ 40 x 200 mm. Ideal f\u00fcr Chocolatiers und Konditoren. Elegant, praktisch und zu 100 % f\u00fcr den Kontakt mit Lebensmitteln geeignet.","og_url":"https:\/\/www.csj-emballages.com\/de\/produit\/50-beutel-suesswarenpapier-limone-70-40-x-200-mm\/","og_site_name":"CSJ Emballages","article_publisher":"https:\/\/www.facebook.com\/csjemballages","article_modified_time":"2026-03-12T15:39:04+00:00","og_image":[{"width":800,"height":800,"url":"https:\/\/www.csj-emballages.com\/wp-content\/uploads\/2024\/03\/SCITRONVERT.webp","type":"image\/webp"}],"twitter_card":"summary_large_image","twitter_misc":{"Gesch\u00e4tzte Lesezeit":"2 Minuten"},"schema":{"@context":"https:\/\/schema.org","@graph":[{"@type":"WebPage","@id":"https:\/\/www.csj-emballages.com\/de\/produit\/50-beutel-suesswarenpapier-limone-70-40-x-200-mm\/","url":"https:\/\/www.csj-emballages.com\/de\/produit\/50-beutel-suesswarenpapier-limone-70-40-x-200-mm\/","name":"Papierkonfektt\u00fcte Limonengr\u00fcn 70 + 40 x 200 mm pro 50","isPartOf":{"@id":"https:\/\/www.csj-emballages.com\/de\/#website"},"primaryImageOfPage":{"@id":"https:\/\/www.csj-emballages.com\/de\/produit\/50-beutel-suesswarenpapier-limone-70-40-x-200-mm\/#primaryimage"},"image":{"@id":"https:\/\/www.csj-emballages.com\/de\/produit\/50-beutel-suesswarenpapier-limone-70-40-x-200-mm\/#primaryimage"},"thumbnailUrl":"https:\/\/www.csj-emballages.com\/wp-content\/uploads\/2024\/03\/SCITRONVERT.webp","datePublished":"2024-03-01T15:49:26+00:00","dateModified":"2026-03-12T15:39:04+00:00","description":"S\u00fc\u00dfwarenbeutel Limone mit Fenster, 70+ 40 x 200 mm. Ideal f\u00fcr Chocolatiers und Konditoren. Elegant, praktisch und zu 100 % f\u00fcr den Kontakt mit Lebensmitteln geeignet.","breadcrumb":{"@id":"https:\/\/www.csj-emballages.com\/de\/produit\/50-beutel-suesswarenpapier-limone-70-40-x-200-mm\/#breadcrumb"},"inLanguage":"de","potentialAction":[{"@type":"ReadAction","target":["https:\/\/www.csj-emballages.com\/de\/produit\/50-beutel-suesswarenpapier-limone-70-40-x-200-mm\/"]}]},{"@type":"ImageObject","inLanguage":"de","@id":"https:\/\/www.csj-emballages.com\/de\/produit\/50-beutel-suesswarenpapier-limone-70-40-x-200-mm\/#primaryimage","url":"https:\/\/www.csj-emballages.com\/wp-content\/uploads\/2024\/03\/SCITRONVERT.webp","contentUrl":"https:\/\/www.csj-emballages.com\/wp-content\/uploads\/2024\/03\/SCITRONVERT.webp","width":800,"height":800,"caption":"Sachet confiseries papier"},{"@type":"BreadcrumbList","@id":"https:\/\/www.csj-emballages.com\/de\/produit\/50-beutel-suesswarenpapier-limone-70-40-x-200-mm\/#breadcrumb","itemListElement":[{"@type":"ListItem","position":1,"name":"Accueil","item":"https:\/\/www.csj-emballages.com\/de\/universum-lebensmittelverpackungen\/"},{"@type":"ListItem","position":2,"name":"Shop","item":"https:\/\/www.csj-emballages.com\/shop\/"},{"@type":"ListItem","position":3,"name":"S\u00fc\u00dfwarenbeutel Papier Limone gr\u00fcn 70 + 40 x 200 mm pro 50"}]},{"@type":"WebSite","@id":"https:\/\/www.csj-emballages.com\/de\/#website","url":"https:\/\/www.csj-emballages.com\/de\/","name":"CSJ Emballages","description":"","publisher":{"@id":"https:\/\/www.csj-emballages.com\/de\/#organization"},"potentialAction":[{"@type":"SearchAction","target":{"@type":"EntryPoint","urlTemplate":"https:\/\/www.csj-emballages.com\/de\/?s={search_term_string}"},"query-input":{"@type":"PropertyValueSpecification","valueRequired":true,"valueName":"search_term_string"}}],"inLanguage":"de"},{"@type":"Organization","@id":"https:\/\/www.csj-emballages.com\/de\/#Organization\/","name":"CSJ Emballages","url":"https:\/\/www.csj-emballages.com\/de\/","logo":{"@type":"ImageObject","inLanguage":"de","@id":"https:\/\/www.csj-emballages.com\/de\/#\/schema\/logo\/image\/","url":"https:\/\/www.csj-emballages.com\/wp-content\/uploads\/2023\/10\/logo_csj.webp","contentUrl":"https:\/\/www.csj-emballages.com\/wp-content\/uploads\/2023\/10\/logo_csj.webp","width":250,"height":95,"caption":"CSJ Emballages"},"image":{"@id":"https:\/\/www.csj-emballages.com\/de\/#\/schema\/logo\/image\/"},"sameAs":["https:\/\/www.facebook.com\/csjemballages"],"address":{"@type":"PostalAddress","streetAddress":"ZI La Lechere","addressLocality":"Patornay","postalCode":"39130","addressCountry":"FR"},"contactPoint":[{"@type":"ContactPoint","contactType":"Service client","telephone":"0384254272","email":"contact@csj-emballages.com"}]}]}},"df_price":23.52,"df_sale_price":"","df_regular_price":23.52,"df_image_link":"https:\/\/www.csj-emballages.com\/wp-content\/uploads\/2024\/03\/SCITRONVERT-300x300.webp","tiered_pricing_type":"fixed","tiered_pricing_fixed_rules":[],"tiered_pricing_percentage_rules":[],"tiered_pricing_minimum":1,"tiered_pricing_roles_data":[],"_links":{"self":[{"href":"https:\/\/www.csj-emballages.com\/de\/wp-json\/wp\/v2\/product\/23285","targetHints":{"allow":["GET"]}}],"collection":[{"href":"https:\/\/www.csj-emballages.com\/de\/wp-json\/wp\/v2\/product"}],"about":[{"href":"https:\/\/www.csj-emballages.com\/de\/wp-json\/wp\/v2\/types\/product"}],"wp:featuredmedia":[{"embeddable":true,"href":"https:\/\/www.csj-emballages.com\/de\/wp-json\/wp\/v2\/media\/243641"}],"wp:attachment":[{"href":"https:\/\/www.csj-emballages.com\/de\/wp-json\/wp\/v2\/media?parent=23285"}],"wp:term":[{"taxonomy":"product_brand","embeddable":true,"href":"https:\/\/www.csj-emballages.com\/de\/wp-json\/wp\/v2\/product_brand?post=23285"},{"taxonomy":"product_cat","embeddable":true,"href":"https:\/\/www.csj-emballages.com\/de\/wp-json\/wp\/v2\/product_cat?post=23285"},{"taxonomy":"product_tag","embeddable":true,"href":"https:\/\/www.csj-emballages.com\/de\/wp-json\/wp\/v2\/product_tag?post=23285"}],"curies":[{"name":"wp","href":"https:\/\/api.w.org\/{rel}","templated":true}]}}