{"id":23276,"date":"2024-03-01T16:49:26","date_gmt":"2024-03-01T15:49:26","guid":{"rendered":"https:\/\/u15jnbdpoq.preview.infomaniak.website\/produit\/1000-burger-beutel-aus-papier-12-7-x-18-cm\/"},"modified":"2026-04-09T02:18:25","modified_gmt":"2026-04-09T00:18:25","slug":"1000-burger-beutel-aus-papier-12-7-x-18-cm","status":"publish","type":"product","link":"https:\/\/www.csj-emballages.com\/de\/produit\/1000-burger-beutel-aus-papier-12-7-x-18-cm\/","title":{"rendered":"Burger-Papiert\u00fcte 12 + 7 x 18 cm, pro 1000"},"content":{"rendered":"<h2>Beutel Burger<\/h2>\n<hr>\n<h3>Beschreibung des Produkts<\/h3>\n<p><!--more--><\/p>\n<p>Setzen Sie auf Praxistauglichkeit und Qualit\u00e4t mit diesen <strong>Burgerbeuteln aus fettdichtem Papier<\/strong>, ideal f\u00fcr den professionellen Einsatz in Fastfood-Restaurants. Diese <strong>Beutel<\/strong> wurden zum Schutz Ihrer Zubereitungen entwickelt und verhindern durch ihre spezielle Beschichtung das Auslaufen von So\u00dfen und Fetten, w\u00e4hrend sie gleichzeitig eine saubere und hygienische Handhabung bieten. <\/p>\n<p>Mit ihren kompakten Abmessungen von <strong>12 + 7 x 18 cm<\/strong> passen sie ideal zu Standard-Burgern und sorgen f\u00fcr eine gepflegte und professionelle Pr\u00e4sentation. Auch das praktische <strong>1000er-Pack<\/strong> ist perfekt f\u00fcr den Bedarf von Betrieben mit viel Betrieb und garantiert gleichzeitig eine wirtschaftliche Verwaltung Ihrer Verpackungen. <\/p>\n<p>Dar\u00fcber hinaus sind diese Beutel der unverzichtbare Verb\u00fcndete, um Ihren Service zu vereinfachen und gleichzeitig Ihre kulinarischen Zubereitungen aufzuwerten. Kurz gesagt: Entscheiden Sie sich f\u00fcr eine zuverl\u00e4ssige und hochwertige Verpackung, die den Anforderungen anspruchsvoller Profis gerecht wird. <\/p>\n<p><!--more--><\/p>\n<p>Bieten Sie Ihren Kunden eine gepflegte Pr\u00e4sentation und tragen Sie gleichzeitig zur Reduzierung von Plastikm\u00fcll bei.<\/p>\n<p>&nbsp;<\/p>\n<p><!--more--><\/p>\n<p><strong>Ihre Vorteile :<\/strong><\/p>\n<ul>\n<li><strong>Optimaler Schutz<\/strong>: Das fettdichte Papier verhindert das Auslaufen von So\u00dfen und Fetten.<\/li>\n<li><strong>Praktisch<\/strong>: Perfekte Abmessungen (12 + 7 x 18 cm) f\u00fcr Burger in Standardgr\u00f6\u00dfe.<\/li>\n<li><strong>Wirtschaftlich<\/strong>: Wird in Packungen zu 1000 St\u00fcck verkauft und bietet ein hervorragendes Preis-Leistungs-Verh\u00e4ltnis f\u00fcr Fastfood-Profis.<\/li>\n<li><strong>Praktisch<\/strong>: Eine ideale Wahl f\u00fcr diejenigen, die eine praktische Verpackung suchen, die gleichzeitig Qualit\u00e4ts- und Nachhaltigkeitsstandards erf\u00fcllt.<\/li>\n<\/ul>\n<p>&nbsp;<\/p>\n<p><!--more--><\/p>\n<p><strong>Weitere Informationen :  <\/strong><\/p>\n<ul>\n<li><strong>Verpackung<\/strong>: Packung mit 1000 St\u00fcck<\/li>\n<li><strong>Material<\/strong>: Fettdichtes Papier<\/li>\n<li><strong>Abmessungen<\/strong>: 12 + 7 x 18 cm<\/li>\n<li><strong>Gewicht<\/strong>: 35 g\/m\u00b2.<\/li>\n<li><strong>Farbe<\/strong>: Braun mit Druck<\/li>\n<\/ul>\n<p>&nbsp;<\/p>\n<p><!--more--><\/p>\n<p><a href=\"https:\/\/www.csj-emballages.com\/categorie-produit\/emballages\/restauration-sur-place-ou-emporter-fastfood-snacks\/sacs-et-papiers\/sachets-hamburgers\/\">Sehen Sie sich den Rest unseres Sortiments an Hamburger-T\u00fcten an<\/a><\/p>\n","protected":false},"excerpt":{"rendered":"<p>Beutel Burger Beschreibung des Produkts<\/p>\n","protected":false},"featured_media":207455,"template":"","meta":{"_acf_changed":false},"product_brand":[],"product_cat":[1137,1171,3967,1661,3479,1134,3427,3480],"product_tag":[],"class_list":{"0":"post-23276","1":"product","2":"type-product","3":"status-publish","4":"has-post-thumbnail","6":"product_cat-lebensmittelverpackungen","7":"product_cat-backerei-und-konditorei","8":"product_cat-sacke-beutel-und-papier","9":"product_cat-sacheries-de","10":"product_cat-sandwich-taschen","11":"product_cat-restauration-de","12":"product_cat-hamburger-beutel","13":"product_cat-sandwich-taschen-de","15":"first","16":"instock","17":"taxable","18":"shipping-taxable","19":"purchasable","20":"product-type-simple"},"acf":[],"yoast_head":"<!-- This site is optimized with the Yoast SEO Premium plugin v26.6 (Yoast SEO v26.6) - https:\/\/yoast.com\/wordpress\/plugins\/seo\/ -->\n<title>Burger-Beutel aus fettdichtem Papier - 12 + 7 x 18 cm<\/title>\n<meta name=\"description\" content=\"Burgerbeutel aus fettdichtem Papier 12 + 7 x 18 cm, ideal um Ihre Burger vor auslaufender So\u00dfe zu sch\u00fctzen. Praktisch, hygienisch und in Packungen zu 1000 St\u00fcck erh\u00e4ltlich.\" \/>\n<meta name=\"robots\" content=\"index, follow, max-snippet:-1, max-image-preview:large, max-video-preview:-1\" \/>\n<link rel=\"canonical\" href=\"https:\/\/www.csj-emballages.com\/de\/produit\/1000-burger-beutel-aus-papier-12-7-x-18-cm\/\" \/>\n<meta property=\"og:locale\" content=\"de_DE\" \/>\n<meta property=\"og:type\" content=\"article\" \/>\n<meta property=\"og:title\" content=\"Burger-Papiert\u00fcte 12 + 7 x 18 cm, pro 1000\" \/>\n<meta property=\"og:description\" content=\"Burgerbeutel aus fettdichtem Papier 12 + 7 x 18 cm, ideal um Ihre Burger vor auslaufender So\u00dfe zu sch\u00fctzen. Praktisch, hygienisch und in Packungen zu 1000 St\u00fcck erh\u00e4ltlich.\" \/>\n<meta property=\"og:url\" content=\"https:\/\/www.csj-emballages.com\/de\/produit\/1000-burger-beutel-aus-papier-12-7-x-18-cm\/\" \/>\n<meta property=\"og:site_name\" content=\"CSJ Emballages\" \/>\n<meta property=\"article:publisher\" content=\"https:\/\/www.facebook.com\/csjemballages\" \/>\n<meta property=\"article:modified_time\" content=\"2026-04-09T00:18:25+00:00\" \/>\n<meta property=\"og:image\" content=\"https:\/\/www.csj-emballages.com\/wp-content\/uploads\/2024\/03\/Sachet-burger-brun.webp\" \/>\n\t<meta property=\"og:image:width\" content=\"800\" \/>\n\t<meta property=\"og:image:height\" content=\"800\" \/>\n\t<meta property=\"og:image:type\" content=\"image\/webp\" \/>\n<meta name=\"twitter:card\" content=\"summary_large_image\" \/>\n<meta name=\"twitter:label1\" content=\"Gesch\u00e4tzte Lesezeit\" \/>\n\t<meta name=\"twitter:data1\" content=\"1\u00a0Minute\" \/>\n<script type=\"application\/ld+json\" class=\"yoast-schema-graph\">{\"@context\":\"https:\/\/schema.org\",\"@graph\":[{\"@type\":\"WebPage\",\"@id\":\"https:\/\/www.csj-emballages.com\/de\/produit\/1000-burger-beutel-aus-papier-12-7-x-18-cm\/\",\"url\":\"https:\/\/www.csj-emballages.com\/de\/produit\/1000-burger-beutel-aus-papier-12-7-x-18-cm\/\",\"name\":\"Burger-Beutel aus fettdichtem Papier - 12 + 7 x 18 cm\",\"isPartOf\":{\"@id\":\"https:\/\/www.csj-emballages.com\/de\/#website\"},\"primaryImageOfPage\":{\"@id\":\"https:\/\/www.csj-emballages.com\/de\/produit\/1000-burger-beutel-aus-papier-12-7-x-18-cm\/#primaryimage\"},\"image\":{\"@id\":\"https:\/\/www.csj-emballages.com\/de\/produit\/1000-burger-beutel-aus-papier-12-7-x-18-cm\/#primaryimage\"},\"thumbnailUrl\":\"https:\/\/www.csj-emballages.com\/wp-content\/uploads\/2024\/03\/Sachet-burger-brun.webp\",\"datePublished\":\"2024-03-01T15:49:26+00:00\",\"dateModified\":\"2026-04-09T00:18:25+00:00\",\"description\":\"Burgerbeutel aus fettdichtem Papier 12 + 7 x 18 cm, ideal um Ihre Burger vor auslaufender So\u00dfe zu sch\u00fctzen. Praktisch, hygienisch und in Packungen zu 1000 St\u00fcck erh\u00e4ltlich.\",\"breadcrumb\":{\"@id\":\"https:\/\/www.csj-emballages.com\/de\/produit\/1000-burger-beutel-aus-papier-12-7-x-18-cm\/#breadcrumb\"},\"inLanguage\":\"de\",\"potentialAction\":[{\"@type\":\"ReadAction\",\"target\":[\"https:\/\/www.csj-emballages.com\/de\/produit\/1000-burger-beutel-aus-papier-12-7-x-18-cm\/\"]}]},{\"@type\":\"ImageObject\",\"inLanguage\":\"de\",\"@id\":\"https:\/\/www.csj-emballages.com\/de\/produit\/1000-burger-beutel-aus-papier-12-7-x-18-cm\/#primaryimage\",\"url\":\"https:\/\/www.csj-emballages.com\/wp-content\/uploads\/2024\/03\/Sachet-burger-brun.webp\",\"contentUrl\":\"https:\/\/www.csj-emballages.com\/wp-content\/uploads\/2024\/03\/Sachet-burger-brun.webp\",\"width\":800,\"height\":800,\"caption\":\"sachet frite\"},{\"@type\":\"BreadcrumbList\",\"@id\":\"https:\/\/www.csj-emballages.com\/de\/produit\/1000-burger-beutel-aus-papier-12-7-x-18-cm\/#breadcrumb\",\"itemListElement\":[{\"@type\":\"ListItem\",\"position\":1,\"name\":\"Accueil\",\"item\":\"https:\/\/www.csj-emballages.com\/de\/universum-lebensmittelverpackungen\/\"},{\"@type\":\"ListItem\",\"position\":2,\"name\":\"Shop\",\"item\":\"https:\/\/www.csj-emballages.com\/shop\/\"},{\"@type\":\"ListItem\",\"position\":3,\"name\":\"Burger-Papiert\u00fcte 12 + 7 x 18 cm, pro 1000\"}]},{\"@type\":\"WebSite\",\"@id\":\"https:\/\/www.csj-emballages.com\/de\/#website\",\"url\":\"https:\/\/www.csj-emballages.com\/de\/\",\"name\":\"CSJ Emballages\",\"description\":\"\",\"publisher\":{\"@id\":\"https:\/\/www.csj-emballages.com\/de\/#organization\"},\"potentialAction\":[{\"@type\":\"SearchAction\",\"target\":{\"@type\":\"EntryPoint\",\"urlTemplate\":\"https:\/\/www.csj-emballages.com\/de\/?s={search_term_string}\"},\"query-input\":{\"@type\":\"PropertyValueSpecification\",\"valueRequired\":true,\"valueName\":\"search_term_string\"}}],\"inLanguage\":\"de\"},{\"@type\":\"Organization\",\"@id\":\"https:\/\/www.csj-emballages.com\/de\/#Organization\/\",\"name\":\"CSJ Emballages\",\"url\":\"https:\/\/www.csj-emballages.com\/de\/\",\"logo\":{\"@type\":\"ImageObject\",\"inLanguage\":\"de\",\"@id\":\"https:\/\/www.csj-emballages.com\/de\/#\/schema\/logo\/image\/\",\"url\":\"https:\/\/www.csj-emballages.com\/wp-content\/uploads\/2023\/10\/logo_csj.webp\",\"contentUrl\":\"https:\/\/www.csj-emballages.com\/wp-content\/uploads\/2023\/10\/logo_csj.webp\",\"width\":250,\"height\":95,\"caption\":\"CSJ Emballages\"},\"image\":{\"@id\":\"https:\/\/www.csj-emballages.com\/de\/#\/schema\/logo\/image\/\"},\"sameAs\":[\"https:\/\/www.facebook.com\/csjemballages\"],\"address\":{\"@type\":\"PostalAddress\",\"streetAddress\":\"ZI La Lechere\",\"addressLocality\":\"Patornay\",\"postalCode\":\"39130\",\"addressCountry\":\"FR\"},\"contactPoint\":[{\"@type\":\"ContactPoint\",\"contactType\":\"Service client\",\"telephone\":\"0384254272\",\"email\":\"contact@csj-emballages.com\"}]}]}<\/script>\n<!-- \/ Yoast SEO Premium plugin. -->","yoast_head_json":{"title":"Burger-Beutel aus fettdichtem Papier - 12 + 7 x 18 cm","description":"Burgerbeutel aus fettdichtem Papier 12 + 7 x 18 cm, ideal um Ihre Burger vor auslaufender So\u00dfe zu sch\u00fctzen. Praktisch, hygienisch und in Packungen zu 1000 St\u00fcck erh\u00e4ltlich.","robots":{"index":"index","follow":"follow","max-snippet":"max-snippet:-1","max-image-preview":"max-image-preview:large","max-video-preview":"max-video-preview:-1"},"canonical":"https:\/\/www.csj-emballages.com\/de\/produit\/1000-burger-beutel-aus-papier-12-7-x-18-cm\/","og_locale":"de_DE","og_type":"article","og_title":"Burger-Papiert\u00fcte 12 + 7 x 18 cm, pro 1000","og_description":"Burgerbeutel aus fettdichtem Papier 12 + 7 x 18 cm, ideal um Ihre Burger vor auslaufender So\u00dfe zu sch\u00fctzen. Praktisch, hygienisch und in Packungen zu 1000 St\u00fcck erh\u00e4ltlich.","og_url":"https:\/\/www.csj-emballages.com\/de\/produit\/1000-burger-beutel-aus-papier-12-7-x-18-cm\/","og_site_name":"CSJ Emballages","article_publisher":"https:\/\/www.facebook.com\/csjemballages","article_modified_time":"2026-04-09T00:18:25+00:00","og_image":[{"width":800,"height":800,"url":"https:\/\/www.csj-emballages.com\/wp-content\/uploads\/2024\/03\/Sachet-burger-brun.webp","type":"image\/webp"}],"twitter_card":"summary_large_image","twitter_misc":{"Gesch\u00e4tzte Lesezeit":"1\u00a0Minute"},"schema":{"@context":"https:\/\/schema.org","@graph":[{"@type":"WebPage","@id":"https:\/\/www.csj-emballages.com\/de\/produit\/1000-burger-beutel-aus-papier-12-7-x-18-cm\/","url":"https:\/\/www.csj-emballages.com\/de\/produit\/1000-burger-beutel-aus-papier-12-7-x-18-cm\/","name":"Burger-Beutel aus fettdichtem Papier - 12 + 7 x 18 cm","isPartOf":{"@id":"https:\/\/www.csj-emballages.com\/de\/#website"},"primaryImageOfPage":{"@id":"https:\/\/www.csj-emballages.com\/de\/produit\/1000-burger-beutel-aus-papier-12-7-x-18-cm\/#primaryimage"},"image":{"@id":"https:\/\/www.csj-emballages.com\/de\/produit\/1000-burger-beutel-aus-papier-12-7-x-18-cm\/#primaryimage"},"thumbnailUrl":"https:\/\/www.csj-emballages.com\/wp-content\/uploads\/2024\/03\/Sachet-burger-brun.webp","datePublished":"2024-03-01T15:49:26+00:00","dateModified":"2026-04-09T00:18:25+00:00","description":"Burgerbeutel aus fettdichtem Papier 12 + 7 x 18 cm, ideal um Ihre Burger vor auslaufender So\u00dfe zu sch\u00fctzen. Praktisch, hygienisch und in Packungen zu 1000 St\u00fcck erh\u00e4ltlich.","breadcrumb":{"@id":"https:\/\/www.csj-emballages.com\/de\/produit\/1000-burger-beutel-aus-papier-12-7-x-18-cm\/#breadcrumb"},"inLanguage":"de","potentialAction":[{"@type":"ReadAction","target":["https:\/\/www.csj-emballages.com\/de\/produit\/1000-burger-beutel-aus-papier-12-7-x-18-cm\/"]}]},{"@type":"ImageObject","inLanguage":"de","@id":"https:\/\/www.csj-emballages.com\/de\/produit\/1000-burger-beutel-aus-papier-12-7-x-18-cm\/#primaryimage","url":"https:\/\/www.csj-emballages.com\/wp-content\/uploads\/2024\/03\/Sachet-burger-brun.webp","contentUrl":"https:\/\/www.csj-emballages.com\/wp-content\/uploads\/2024\/03\/Sachet-burger-brun.webp","width":800,"height":800,"caption":"sachet frite"},{"@type":"BreadcrumbList","@id":"https:\/\/www.csj-emballages.com\/de\/produit\/1000-burger-beutel-aus-papier-12-7-x-18-cm\/#breadcrumb","itemListElement":[{"@type":"ListItem","position":1,"name":"Accueil","item":"https:\/\/www.csj-emballages.com\/de\/universum-lebensmittelverpackungen\/"},{"@type":"ListItem","position":2,"name":"Shop","item":"https:\/\/www.csj-emballages.com\/shop\/"},{"@type":"ListItem","position":3,"name":"Burger-Papiert\u00fcte 12 + 7 x 18 cm, pro 1000"}]},{"@type":"WebSite","@id":"https:\/\/www.csj-emballages.com\/de\/#website","url":"https:\/\/www.csj-emballages.com\/de\/","name":"CSJ Emballages","description":"","publisher":{"@id":"https:\/\/www.csj-emballages.com\/de\/#organization"},"potentialAction":[{"@type":"SearchAction","target":{"@type":"EntryPoint","urlTemplate":"https:\/\/www.csj-emballages.com\/de\/?s={search_term_string}"},"query-input":{"@type":"PropertyValueSpecification","valueRequired":true,"valueName":"search_term_string"}}],"inLanguage":"de"},{"@type":"Organization","@id":"https:\/\/www.csj-emballages.com\/de\/#Organization\/","name":"CSJ Emballages","url":"https:\/\/www.csj-emballages.com\/de\/","logo":{"@type":"ImageObject","inLanguage":"de","@id":"https:\/\/www.csj-emballages.com\/de\/#\/schema\/logo\/image\/","url":"https:\/\/www.csj-emballages.com\/wp-content\/uploads\/2023\/10\/logo_csj.webp","contentUrl":"https:\/\/www.csj-emballages.com\/wp-content\/uploads\/2023\/10\/logo_csj.webp","width":250,"height":95,"caption":"CSJ Emballages"},"image":{"@id":"https:\/\/www.csj-emballages.com\/de\/#\/schema\/logo\/image\/"},"sameAs":["https:\/\/www.facebook.com\/csjemballages"],"address":{"@type":"PostalAddress","streetAddress":"ZI La Lechere","addressLocality":"Patornay","postalCode":"39130","addressCountry":"FR"},"contactPoint":[{"@type":"ContactPoint","contactType":"Service client","telephone":"0384254272","email":"contact@csj-emballages.com"}]}]}},"df_price":11.84,"df_sale_price":"","df_regular_price":11.84,"df_image_link":"https:\/\/www.csj-emballages.com\/wp-content\/uploads\/2024\/03\/Sachet-burger-brun-300x300.webp","tiered_pricing_type":"fixed","tiered_pricing_fixed_rules":[],"tiered_pricing_percentage_rules":[],"tiered_pricing_minimum":1,"tiered_pricing_roles_data":[],"_links":{"self":[{"href":"https:\/\/www.csj-emballages.com\/de\/wp-json\/wp\/v2\/product\/23276","targetHints":{"allow":["GET"]}}],"collection":[{"href":"https:\/\/www.csj-emballages.com\/de\/wp-json\/wp\/v2\/product"}],"about":[{"href":"https:\/\/www.csj-emballages.com\/de\/wp-json\/wp\/v2\/types\/product"}],"wp:featuredmedia":[{"embeddable":true,"href":"https:\/\/www.csj-emballages.com\/de\/wp-json\/wp\/v2\/media\/207455"}],"wp:attachment":[{"href":"https:\/\/www.csj-emballages.com\/de\/wp-json\/wp\/v2\/media?parent=23276"}],"wp:term":[{"taxonomy":"product_brand","embeddable":true,"href":"https:\/\/www.csj-emballages.com\/de\/wp-json\/wp\/v2\/product_brand?post=23276"},{"taxonomy":"product_cat","embeddable":true,"href":"https:\/\/www.csj-emballages.com\/de\/wp-json\/wp\/v2\/product_cat?post=23276"},{"taxonomy":"product_tag","embeddable":true,"href":"https:\/\/www.csj-emballages.com\/de\/wp-json\/wp\/v2\/product_tag?post=23276"}],"curies":[{"name":"wp","href":"https:\/\/api.w.org\/{rel}","templated":true}]}}