{"id":23259,"date":"2024-03-01T16:49:25","date_gmt":"2024-03-01T15:49:25","guid":{"rendered":"https:\/\/u15jnbdpoq.preview.infomaniak.website\/produit\/100-auf-schuhe-deckt-weisse-schuhe-ab\/"},"modified":"2026-03-19T02:13:39","modified_gmt":"2026-03-19T01:13:39","slug":"100-auf-schuhe-deckt-weisse-schuhe-ab","status":"publish","type":"product","link":"https:\/\/www.csj-emballages.com\/de\/produit\/100-auf-schuhe-deckt-weisse-schuhe-ab\/","title":{"rendered":"Wei\u00dfe PLP-Vlies-\u00dcberschuhe im 100er-Pack"},"content":{"rendered":"<h2>Wei\u00dfe \u00dcberschuhe<\/h2>\n<hr>\n<h3>Entdecken Sie unsere wei\u00dfen PLP-Vlies-\u00dcberschuhe im 100er-Pack<\/h3>\n<p><!--more--><\/p>\n<p data-start=\"205\" data-end=\"523\">Diese <strong data-start=\"209\" data-end=\"252\">wei\u00dfen PLP-Vlies-\u00dcberschuhe<\/strong> sind eine einfache und effektive L\u00f6sung, um R\u00e4ume sauber zu halten, ohne den Alltag zu erschweren. Sie sind schnell angezogen und sch\u00fctzen B\u00f6den, w\u00e4hrend sie Hygienestandards erf\u00fcllen \u2013 ob im Berufsalltag oder bei spontanen Besuchen. <\/p>\n<p data-start=\"525\" data-end=\"850\">Ihr <strong data-start=\"538\" data-end=\"556\">PLP-Vliesmaterial<\/strong> bietet einen guten Kompromiss aus Leichtigkeit und Widerstandsf\u00e4higkeit. Die <strong>\u00dcberschuhe<\/strong> sitzen fest und folgen den Bewegungen, ohne das Gehen zu behindern. Dank ihrer flexiblen Form passen sie sich leicht an verschiedene Schuhtypen an, ideal f\u00fcr kollektiven oder h\u00e4ufigen Einsatz.  <\/p>\n<p data-start=\"852\" data-end=\"1188\">Zudem vermittelt ihre <strong data-start=\"871\" data-end=\"890\">wei\u00dfe Farbe<\/strong> ein sauberes und professionelles Bild. Sie sind ideal f\u00fcr sensible Umgebungen wie Labore, Gesundheitseinrichtungen, Lebensmittelindustrien oder technische Bereiche. Sie helfen, Verschmutzungen und Kreuzkontaminationen zu minimieren, bleiben dabei aber diskret. <\/p>\n<p data-start=\"1190\" data-end=\"1516\">Verkauft <strong data-start=\"1198\" data-end=\"1216\">im 100er-Pack<\/strong>, erm\u00f6glichen diese <strong>\u00dcberschuhe<\/strong> ein stressfreies Management von Ein- und Ausg\u00e4ngen, selbst bei hohem Besucheraufkommen. Sie sind leicht zu lagern, schnell zu verteilen und ideal f\u00fcr tempor\u00e4re Eins\u00e4tze. Eine zuverl\u00e4ssige L\u00f6sung f\u00fcr konstante Hygiene ohne Zeitverlust.  <\/p>\n<p data-start=\"1518\" data-end=\"1743\">Kurz gesagt: Diese <strong>wei\u00dfen PLP-Vlies-\u00dcberschuhe<\/strong> bieten das Wesentliche: effektiven Schutz, einfache Handhabung und nahtlose Integration in alle Umgebungen, wo Sauberkeit oberste Priorit\u00e4t hat.<\/p>\n<p data-start=\"1518\" data-end=\"1743\">\n<p data-start=\"1518\" data-end=\"1743\"><!--more--><\/p>\n<h4 data-start=\"1518\" data-end=\"1743\">Vorteile :<\/h4>\n<ul>\n<li data-start=\"1771\" data-end=\"1817\">Leichtes und widerstandsf\u00e4higes <strong>PLP<\/strong> <strong>Vliesmaterial<\/strong>.<\/li>\n<li data-start=\"1820\" data-end=\"1843\">Schnelles Einrichten.<\/li>\n<li data-start=\"1846\" data-end=\"1877\">Guter Sitz am Schuh.<\/li>\n<li data-start=\"1880\" data-end=\"1920\">F\u00fcr viele Umgebungen geeignet.<\/li>\n<li data-start=\"1923\" data-end=\"1973\">Wei\u00dfe Farbe, sauberes und professionelles Aussehen.<\/li>\n<li data-start=\"1976\" data-end=\"2005\">Sparpackung mit <strong>100 St\u00fcck<\/strong>.<\/li>\n<\/ul>\n<p>&nbsp;<\/p>\n<p><!--more--><\/p>\n<h4>Weitere Informationen :<\/h4>\n<ul>\n<li><strong>Verpackung<\/strong>: Packung mit 100 St\u00fcck<\/li>\n<li><strong>Ma\u00dfe<\/strong>: 18 x 41 cm<\/li>\n<li><strong>Dicke<\/strong>: 40 gr\/m\u00b2<\/li>\n<li><strong>Farbe<\/strong>: Wei\u00df<\/li>\n<li><strong>Material<\/strong>: Polypropylen-Vliesstoff<\/li>\n<\/ul>\n<p>&nbsp;<\/p>\n<p><!--more--><\/p>\n<p>Diese wei\u00dfen \u00dcberschuhe sind auch in Blau erh\u00e4ltlich: <span style=\"color: #d12727;\"><a style=\"color: #d12727;\" href=\"https:\/\/www.csj-emballages.com\/produit\/100-sur-chaussures-couvre-chaussures-bleu\/?_gl=1*17z3t5v*_up*MQ..*_ga*MTQ1MjkxNTU4MC4xNzY5Njk2NDAy*_ga_YNVJLRSSZT*czE3Njk2OTY0MDEkbzEkZzAkdDE3Njk2OTY0MDEkajYwJGwwJGgxMDM5NDc5NjA0\">SCHAUBLEU<\/a><\/span><\/p>\n","protected":false},"excerpt":{"rendered":"<p>Wei\u00dfe \u00dcberschuhe Entdecken Sie unsere wei\u00dfen PLP-Vlies-\u00dcberschuhe im 100er-Pack<\/p>\n","protected":false},"featured_media":262800,"template":"","meta":{"_acf_changed":false},"product_brand":[],"product_cat":[1218,2348,3431],"product_tag":[],"class_list":{"0":"post-23259","1":"product","2":"type-product","3":"status-publish","4":"has-post-thumbnail","6":"product_cat-hygiene-und-pflege","7":"product_cat-individuelle-ausstattung","8":"product_cat-uberschuhe","10":"first","11":"instock","12":"taxable","13":"shipping-taxable","14":"purchasable","15":"product-type-simple"},"acf":[],"yoast_head":"<!-- This site is optimized with the Yoast SEO Premium plugin v26.6 (Yoast SEO v26.6) - https:\/\/yoast.com\/wordpress\/plugins\/seo\/ -->\n<title>Wei\u00dfe PLP-Vlies-\u00dcberschuhe im 100er-Pack<\/title>\n<meta name=\"description\" content=\"Wei\u00dfe PLP-Vlies-\u00dcberschuhe im 100er-Pack. Leicht, praktisch und ideal f\u00fcr Bodenschutz und Hygiene.\" \/>\n<meta name=\"robots\" content=\"index, follow, max-snippet:-1, max-image-preview:large, max-video-preview:-1\" \/>\n<link rel=\"canonical\" href=\"https:\/\/www.csj-emballages.com\/de\/produit\/100-auf-schuhe-deckt-weisse-schuhe-ab\/\" \/>\n<meta property=\"og:locale\" content=\"de_DE\" \/>\n<meta property=\"og:type\" content=\"article\" \/>\n<meta property=\"og:title\" content=\"Wei\u00dfe PLP-Vlies-\u00dcberschuhe im 100er-Pack\" \/>\n<meta property=\"og:description\" content=\"Wei\u00dfe PLP-Vlies-\u00dcberschuhe im 100er-Pack. Leicht, praktisch und ideal f\u00fcr Bodenschutz und Hygiene.\" \/>\n<meta property=\"og:url\" content=\"https:\/\/www.csj-emballages.com\/de\/produit\/100-auf-schuhe-deckt-weisse-schuhe-ab\/\" \/>\n<meta property=\"og:site_name\" content=\"CSJ Emballages\" \/>\n<meta property=\"article:publisher\" content=\"https:\/\/www.facebook.com\/csjemballages\" \/>\n<meta property=\"article:modified_time\" content=\"2026-03-19T01:13:39+00:00\" \/>\n<meta property=\"og:image\" content=\"https:\/\/www.csj-emballages.com\/wp-content\/uploads\/2024\/03\/Surchaussure-blanche.webp\" \/>\n\t<meta property=\"og:image:width\" content=\"800\" \/>\n\t<meta property=\"og:image:height\" content=\"800\" \/>\n\t<meta property=\"og:image:type\" content=\"image\/webp\" \/>\n<meta name=\"twitter:card\" content=\"summary_large_image\" \/>\n<meta name=\"twitter:label1\" content=\"Gesch\u00e4tzte Lesezeit\" \/>\n\t<meta name=\"twitter:data1\" content=\"1\u00a0Minute\" \/>\n<script type=\"application\/ld+json\" class=\"yoast-schema-graph\">{\"@context\":\"https:\/\/schema.org\",\"@graph\":[{\"@type\":\"WebPage\",\"@id\":\"https:\/\/www.csj-emballages.com\/de\/produit\/100-auf-schuhe-deckt-weisse-schuhe-ab\/\",\"url\":\"https:\/\/www.csj-emballages.com\/de\/produit\/100-auf-schuhe-deckt-weisse-schuhe-ab\/\",\"name\":\"Wei\u00dfe PLP-Vlies-\u00dcberschuhe im 100er-Pack\",\"isPartOf\":{\"@id\":\"https:\/\/www.csj-emballages.com\/de\/#website\"},\"primaryImageOfPage\":{\"@id\":\"https:\/\/www.csj-emballages.com\/de\/produit\/100-auf-schuhe-deckt-weisse-schuhe-ab\/#primaryimage\"},\"image\":{\"@id\":\"https:\/\/www.csj-emballages.com\/de\/produit\/100-auf-schuhe-deckt-weisse-schuhe-ab\/#primaryimage\"},\"thumbnailUrl\":\"https:\/\/www.csj-emballages.com\/wp-content\/uploads\/2024\/03\/Surchaussure-blanche.webp\",\"datePublished\":\"2024-03-01T15:49:25+00:00\",\"dateModified\":\"2026-03-19T01:13:39+00:00\",\"description\":\"Wei\u00dfe PLP-Vlies-\u00dcberschuhe im 100er-Pack. Leicht, praktisch und ideal f\u00fcr Bodenschutz und Hygiene.\",\"breadcrumb\":{\"@id\":\"https:\/\/www.csj-emballages.com\/de\/produit\/100-auf-schuhe-deckt-weisse-schuhe-ab\/#breadcrumb\"},\"inLanguage\":\"de\",\"potentialAction\":[{\"@type\":\"ReadAction\",\"target\":[\"https:\/\/www.csj-emballages.com\/de\/produit\/100-auf-schuhe-deckt-weisse-schuhe-ab\/\"]}]},{\"@type\":\"ImageObject\",\"inLanguage\":\"de\",\"@id\":\"https:\/\/www.csj-emballages.com\/de\/produit\/100-auf-schuhe-deckt-weisse-schuhe-ab\/#primaryimage\",\"url\":\"https:\/\/www.csj-emballages.com\/wp-content\/uploads\/2024\/03\/Surchaussure-blanche.webp\",\"contentUrl\":\"https:\/\/www.csj-emballages.com\/wp-content\/uploads\/2024\/03\/Surchaussure-blanche.webp\",\"width\":800,\"height\":800,\"caption\":\"Surchaussure blanche\"},{\"@type\":\"BreadcrumbList\",\"@id\":\"https:\/\/www.csj-emballages.com\/de\/produit\/100-auf-schuhe-deckt-weisse-schuhe-ab\/#breadcrumb\",\"itemListElement\":[{\"@type\":\"ListItem\",\"position\":1,\"name\":\"Accueil\",\"item\":\"https:\/\/www.csj-emballages.com\/de\/universum-lebensmittelverpackungen\/\"},{\"@type\":\"ListItem\",\"position\":2,\"name\":\"Shop\",\"item\":\"https:\/\/www.csj-emballages.com\/shop\/\"},{\"@type\":\"ListItem\",\"position\":3,\"name\":\"Wei\u00dfe PLP-Vlies-\u00dcberschuhe im 100er-Pack\"}]},{\"@type\":\"WebSite\",\"@id\":\"https:\/\/www.csj-emballages.com\/de\/#website\",\"url\":\"https:\/\/www.csj-emballages.com\/de\/\",\"name\":\"CSJ Emballages\",\"description\":\"\",\"publisher\":{\"@id\":\"https:\/\/www.csj-emballages.com\/de\/#organization\"},\"potentialAction\":[{\"@type\":\"SearchAction\",\"target\":{\"@type\":\"EntryPoint\",\"urlTemplate\":\"https:\/\/www.csj-emballages.com\/de\/?s={search_term_string}\"},\"query-input\":{\"@type\":\"PropertyValueSpecification\",\"valueRequired\":true,\"valueName\":\"search_term_string\"}}],\"inLanguage\":\"de\"},{\"@type\":\"Organization\",\"@id\":\"https:\/\/www.csj-emballages.com\/de\/#Organization\/\",\"name\":\"CSJ Emballages\",\"url\":\"https:\/\/www.csj-emballages.com\/de\/\",\"logo\":{\"@type\":\"ImageObject\",\"inLanguage\":\"de\",\"@id\":\"https:\/\/www.csj-emballages.com\/de\/#\/schema\/logo\/image\/\",\"url\":\"https:\/\/www.csj-emballages.com\/wp-content\/uploads\/2023\/10\/logo_csj.webp\",\"contentUrl\":\"https:\/\/www.csj-emballages.com\/wp-content\/uploads\/2023\/10\/logo_csj.webp\",\"width\":250,\"height\":95,\"caption\":\"CSJ Emballages\"},\"image\":{\"@id\":\"https:\/\/www.csj-emballages.com\/de\/#\/schema\/logo\/image\/\"},\"sameAs\":[\"https:\/\/www.facebook.com\/csjemballages\"],\"address\":{\"@type\":\"PostalAddress\",\"streetAddress\":\"ZI La Lechere\",\"addressLocality\":\"Patornay\",\"postalCode\":\"39130\",\"addressCountry\":\"FR\"},\"contactPoint\":[{\"@type\":\"ContactPoint\",\"contactType\":\"Service client\",\"telephone\":\"0384254272\",\"email\":\"contact@csj-emballages.com\"}]}]}<\/script>\n<!-- \/ Yoast SEO Premium plugin. -->","yoast_head_json":{"title":"Wei\u00dfe PLP-Vlies-\u00dcberschuhe im 100er-Pack","description":"Wei\u00dfe PLP-Vlies-\u00dcberschuhe im 100er-Pack. Leicht, praktisch und ideal f\u00fcr Bodenschutz und Hygiene.","robots":{"index":"index","follow":"follow","max-snippet":"max-snippet:-1","max-image-preview":"max-image-preview:large","max-video-preview":"max-video-preview:-1"},"canonical":"https:\/\/www.csj-emballages.com\/de\/produit\/100-auf-schuhe-deckt-weisse-schuhe-ab\/","og_locale":"de_DE","og_type":"article","og_title":"Wei\u00dfe PLP-Vlies-\u00dcberschuhe im 100er-Pack","og_description":"Wei\u00dfe PLP-Vlies-\u00dcberschuhe im 100er-Pack. Leicht, praktisch und ideal f\u00fcr Bodenschutz und Hygiene.","og_url":"https:\/\/www.csj-emballages.com\/de\/produit\/100-auf-schuhe-deckt-weisse-schuhe-ab\/","og_site_name":"CSJ Emballages","article_publisher":"https:\/\/www.facebook.com\/csjemballages","article_modified_time":"2026-03-19T01:13:39+00:00","og_image":[{"width":800,"height":800,"url":"https:\/\/www.csj-emballages.com\/wp-content\/uploads\/2024\/03\/Surchaussure-blanche.webp","type":"image\/webp"}],"twitter_card":"summary_large_image","twitter_misc":{"Gesch\u00e4tzte Lesezeit":"1\u00a0Minute"},"schema":{"@context":"https:\/\/schema.org","@graph":[{"@type":"WebPage","@id":"https:\/\/www.csj-emballages.com\/de\/produit\/100-auf-schuhe-deckt-weisse-schuhe-ab\/","url":"https:\/\/www.csj-emballages.com\/de\/produit\/100-auf-schuhe-deckt-weisse-schuhe-ab\/","name":"Wei\u00dfe PLP-Vlies-\u00dcberschuhe im 100er-Pack","isPartOf":{"@id":"https:\/\/www.csj-emballages.com\/de\/#website"},"primaryImageOfPage":{"@id":"https:\/\/www.csj-emballages.com\/de\/produit\/100-auf-schuhe-deckt-weisse-schuhe-ab\/#primaryimage"},"image":{"@id":"https:\/\/www.csj-emballages.com\/de\/produit\/100-auf-schuhe-deckt-weisse-schuhe-ab\/#primaryimage"},"thumbnailUrl":"https:\/\/www.csj-emballages.com\/wp-content\/uploads\/2024\/03\/Surchaussure-blanche.webp","datePublished":"2024-03-01T15:49:25+00:00","dateModified":"2026-03-19T01:13:39+00:00","description":"Wei\u00dfe PLP-Vlies-\u00dcberschuhe im 100er-Pack. Leicht, praktisch und ideal f\u00fcr Bodenschutz und Hygiene.","breadcrumb":{"@id":"https:\/\/www.csj-emballages.com\/de\/produit\/100-auf-schuhe-deckt-weisse-schuhe-ab\/#breadcrumb"},"inLanguage":"de","potentialAction":[{"@type":"ReadAction","target":["https:\/\/www.csj-emballages.com\/de\/produit\/100-auf-schuhe-deckt-weisse-schuhe-ab\/"]}]},{"@type":"ImageObject","inLanguage":"de","@id":"https:\/\/www.csj-emballages.com\/de\/produit\/100-auf-schuhe-deckt-weisse-schuhe-ab\/#primaryimage","url":"https:\/\/www.csj-emballages.com\/wp-content\/uploads\/2024\/03\/Surchaussure-blanche.webp","contentUrl":"https:\/\/www.csj-emballages.com\/wp-content\/uploads\/2024\/03\/Surchaussure-blanche.webp","width":800,"height":800,"caption":"Surchaussure blanche"},{"@type":"BreadcrumbList","@id":"https:\/\/www.csj-emballages.com\/de\/produit\/100-auf-schuhe-deckt-weisse-schuhe-ab\/#breadcrumb","itemListElement":[{"@type":"ListItem","position":1,"name":"Accueil","item":"https:\/\/www.csj-emballages.com\/de\/universum-lebensmittelverpackungen\/"},{"@type":"ListItem","position":2,"name":"Shop","item":"https:\/\/www.csj-emballages.com\/shop\/"},{"@type":"ListItem","position":3,"name":"Wei\u00dfe PLP-Vlies-\u00dcberschuhe im 100er-Pack"}]},{"@type":"WebSite","@id":"https:\/\/www.csj-emballages.com\/de\/#website","url":"https:\/\/www.csj-emballages.com\/de\/","name":"CSJ Emballages","description":"","publisher":{"@id":"https:\/\/www.csj-emballages.com\/de\/#organization"},"potentialAction":[{"@type":"SearchAction","target":{"@type":"EntryPoint","urlTemplate":"https:\/\/www.csj-emballages.com\/de\/?s={search_term_string}"},"query-input":{"@type":"PropertyValueSpecification","valueRequired":true,"valueName":"search_term_string"}}],"inLanguage":"de"},{"@type":"Organization","@id":"https:\/\/www.csj-emballages.com\/de\/#Organization\/","name":"CSJ Emballages","url":"https:\/\/www.csj-emballages.com\/de\/","logo":{"@type":"ImageObject","inLanguage":"de","@id":"https:\/\/www.csj-emballages.com\/de\/#\/schema\/logo\/image\/","url":"https:\/\/www.csj-emballages.com\/wp-content\/uploads\/2023\/10\/logo_csj.webp","contentUrl":"https:\/\/www.csj-emballages.com\/wp-content\/uploads\/2023\/10\/logo_csj.webp","width":250,"height":95,"caption":"CSJ Emballages"},"image":{"@id":"https:\/\/www.csj-emballages.com\/de\/#\/schema\/logo\/image\/"},"sameAs":["https:\/\/www.facebook.com\/csjemballages"],"address":{"@type":"PostalAddress","streetAddress":"ZI La Lechere","addressLocality":"Patornay","postalCode":"39130","addressCountry":"FR"},"contactPoint":[{"@type":"ContactPoint","contactType":"Service client","telephone":"0384254272","email":"contact@csj-emballages.com"}]}]}},"df_price":6.98,"df_sale_price":"","df_regular_price":6.98,"df_image_link":"https:\/\/www.csj-emballages.com\/wp-content\/uploads\/2024\/03\/Surchaussure-blanche-300x300.webp","tiered_pricing_type":"fixed","tiered_pricing_fixed_rules":[],"tiered_pricing_percentage_rules":[],"tiered_pricing_minimum":1,"tiered_pricing_roles_data":[],"_links":{"self":[{"href":"https:\/\/www.csj-emballages.com\/de\/wp-json\/wp\/v2\/product\/23259","targetHints":{"allow":["GET"]}}],"collection":[{"href":"https:\/\/www.csj-emballages.com\/de\/wp-json\/wp\/v2\/product"}],"about":[{"href":"https:\/\/www.csj-emballages.com\/de\/wp-json\/wp\/v2\/types\/product"}],"wp:featuredmedia":[{"embeddable":true,"href":"https:\/\/www.csj-emballages.com\/de\/wp-json\/wp\/v2\/media\/262800"}],"wp:attachment":[{"href":"https:\/\/www.csj-emballages.com\/de\/wp-json\/wp\/v2\/media?parent=23259"}],"wp:term":[{"taxonomy":"product_brand","embeddable":true,"href":"https:\/\/www.csj-emballages.com\/de\/wp-json\/wp\/v2\/product_brand?post=23259"},{"taxonomy":"product_cat","embeddable":true,"href":"https:\/\/www.csj-emballages.com\/de\/wp-json\/wp\/v2\/product_cat?post=23259"},{"taxonomy":"product_tag","embeddable":true,"href":"https:\/\/www.csj-emballages.com\/de\/wp-json\/wp\/v2\/product_tag?post=23259"}],"curies":[{"name":"wp","href":"https:\/\/api.w.org\/{rel}","templated":true}]}}