{"id":23222,"date":"2024-03-01T16:50:04","date_gmt":"2024-03-01T15:50:04","guid":{"rendered":"https:\/\/u15jnbdpoq.preview.infomaniak.website\/produit\/kartonschachtel-fuer-2-flaschen-mit-griff\/"},"modified":"2026-04-16T02:15:37","modified_gmt":"2026-04-16T00:15:37","slug":"kartonschachtel-fuer-2-flaschen-mit-griff","status":"publish","type":"product","link":"https:\/\/www.csj-emballages.com\/de\/produit\/kartonschachtel-fuer-2-flaschen-mit-griff\/","title":{"rendered":"Kartonschachtel f\u00fcr 2 Flaschen aus Pappe mit Griff 18 x 9 x 34 cm"},"content":{"rendered":"<h2>Etui f\u00fcr 2 Flaschen<\/h2>\n<hr>\n<h3>Beschreibung unserer Schachtel f\u00fcr 2 Flaschen aus Karton mit Griff 18 x 9 x 34 cm<\/h3>\n<p><!--more--><\/p>\n<p data-start=\"0\" data-end=\"509\">Schenken Sie Ihren Flaschen eine <strong data-start=\"73\" data-end=\"84\">elegante<\/strong> und zugleich <strong data-start=\"88\" data-end=\"103\">verantwortungsbewusste<\/strong> <strong data-start=\"115\" data-end=\"174\">Schatulle mit<\/strong> unserem <strong data-start=\"115\" data-end=\"174\">Etui f\u00fcr 2 Flaschen aus Karton mit Griff, 18 x 9 x 34 cm.<\/strong> Diese <strong data-start=\"233\" data-end=\"259\">Geschenkverpackung <\/strong>ist ideal, um Ihre edlen Tropfen zu pr\u00e4sentieren oder zu transportieren, und ist f\u00fcr ihr \u00f6kologisches Engagement bekannt. Dank seines gepflegten Designs und seiner nat\u00fcrlichen Farbe bringt er Ihre Flaschen zur Geltung und spiegelt gleichzeitig Ihre \u00f6kologisch verantwortungsvollen Werte wider.  <\/p>\n<p data-start=\"511\" data-end=\"979\">Dieses <strong>Etui f\u00fcr 2 Flaschen<\/strong> wird aus <strong data-start=\"532\" data-end=\"564\">recycelten Rohstoffen<\/strong> hergestellt und verringert die <strong data-start=\"586\" data-end=\"610\">Auswirkungen auf das Klima<\/strong>, w\u00e4hrend es gleichzeitig eine bemerkenswerte Stabilit\u00e4t bietet. Der <strong data-start=\"657\" data-end=\"677\">integrierte Griff<\/strong> erleichtert den Transport und sorgt f\u00fcr Komfort und Sicherheit, egal ob f\u00fcr Wein, Champagner oder Gourmet\u00f6l. Auch die perfekt durchdachten Abmessungen<strong>(18 x 9 x 34 cm<\/strong>) sorgen f\u00fcr einen optimalen Halt von zwei Standardflaschen und verhindern unerw\u00fcnschte Bewegungen w\u00e4hrend des Transports.  <\/p>\n<p data-start=\"981\" data-end=\"1285\">Wenn Sie sich f\u00fcr diese <strong data-start=\"999\" data-end=\"1020\">nachhaltige Verpackung<\/strong> entscheiden, zeigen Sie Ihren Kunden, dass der <strong data-start=\"1056\" data-end=\"1089\">Umweltschutz<\/strong> f\u00fcr Sie eine zentrale Rolle spielt. Diese Wahl ist nicht nur praktisch: Sie ist auch ein echtes Marketingargument, um Kunden anzusprechen, die auf einen verantwortungsbewussteren Konsum bedacht sind. <\/p>\n<p data-start=\"1287\" data-end=\"1647\">Ob als <strong data-start=\"1314\" data-end=\"1337\">Firmengeschenk<\/strong>, f\u00fcr den <strong data-start=\"1343\" data-end=\"1364\">Verkauf in einer Boutique<\/strong> oder um Ihre eigenen Produkte zu veredeln, diese <strong>umweltfreundliche 2-Flaschen-H\u00fclle<\/strong> bietet ein perfektes Gleichgewicht zwischen <strong data-start=\"1458\" data-end=\"1472\">\u00c4sthetik<\/strong>, <strong data-start=\"1474\" data-end=\"1488\">Robustheit<\/strong> und <strong data-start=\"1492\" data-end=\"1517\">Respekt f\u00fcr unseren Planeten<\/strong>.<\/p>\n<p>&nbsp;<\/p>\n<p><!--more--><\/p>\n<p><strong>Vorteile :<\/strong><\/p>\n<ul>\n<li><strong data-start=\"1842\" data-end=\"1856\">Umweltfreundlich<\/strong>: Recyclingkarton mit geringer Klimawirkung.<\/li>\n<li><strong data-start=\"1905\" data-end=\"1917\">Praktisch<\/strong>: Integrierter Griff zum einfachen Tragen.<\/li>\n<li><strong data-start=\"1966\" data-end=\"1978\">Sicher<\/strong>: Perfekter Halt f\u00fcr 2 Standardflaschen.<\/li>\n<li><strong data-start=\"2028\" data-end=\"2042\">\u00c4sthetisch<\/strong>: Nat\u00fcrliches und schlichtes Design, um Ihre Geschenke zu veredeln.<\/li>\n<li><strong data-start=\"2099\" data-end=\"2113\">Vielseitig<\/strong>: geeignet f\u00fcr hochwertige Weine, Champagner, \u00d6le oder S\u00e4fte.<\/li>\n<\/ul>\n<p>&nbsp;<\/p>\n<p><!--more--><\/p>\n<h4>Weitere Informationen :<\/h4>\n<ul>\n<li><strong>Verpackung<\/strong>: Einzeln<\/li>\n<li><strong>Ma\u00dfe<\/strong>: 18 x 9 x 34 cm<\/li>\n<li><strong>Farbe<\/strong>: Kraft<\/li>\n<li><strong>Material<\/strong>: Karton<\/li>\n<\/ul>\n<p>&nbsp;<\/p>\n<p><!--more--><\/p>\n<p>Dieses Produkt ist auch erh\u00e4ltlich in <span style=\"color: #d12727;\"><br \/>\n  <a style=\"color: #d12727;\" href=\"https:\/\/www.csj-emballages.com\/produit\/etui-carton-pour-3-bouteilles-avec-poignee\/\">3 Flaschen<\/a><br \/>\n<\/span><\/p>\n<p>&nbsp;<\/p>\n<p><!--more--><\/p>\n<p>Hier finden Sie alle Farben, die f\u00fcr dieses Etui f\u00fcr 2 Flaschen erh\u00e4ltlich sind: <span style=\"color: #d12727;\"><a style=\"color: #d12727;\" href=\"https:\/\/www.csj-emballages.com\/de\/produit\/karton-fuer-2-flaschen-weiss-karton-mit-integriertem-griff-180-x-90-x-385-mm-pro-5\/\">Wei\u00df<\/a> <\/span>\/ <span style=\"color: #d12727;\"><a style=\"color: #d12727;\" href=\"https:\/\/www.csj-emballages.com\/de\/produit\/karton-fuer-2-flaschen-schwarz-karton-mit-integriertem-griff-180-x-90-x-385-mm-pro-5\/\">Schwarz<\/a> <\/span>\/ <span style=\"color: #d12727;\"><br \/>\n  <a style=\"color: #d12727;\" href=\"https:\/\/www.csj-emballages.com\/de\/produit\/karton-fuer-2-flaschen-bordeaux-mit-integriertem-griff-180-x-90-x-385-mm-pro-5\/\">Bordeaux<\/a><br \/>\n<\/span><\/p>\n<p>&nbsp;<\/p>\n<p><!--more--><\/p>\n<p><a href=\"https:\/\/www.csj-emballages.com\/de\/categorie-produit\/lebensmittelverpackungen\/boutique-und-geschaft\/sacke-beutel\/flaschensacke\/\">Sehen Sie sich den Rest unseres Sortiments an Flaschentaschen an<\/a><\/p>\n","protected":false},"excerpt":{"rendered":"<p>Etui f\u00fcr 2 Flaschen Beschreibung unserer Schachtel f\u00fcr 2 Flaschen aus Karton mit Griff 18 x 9 x 34 cm<\/p>\n","protected":false},"featured_media":244335,"template":"","meta":{"_acf_changed":false},"product_brand":[],"product_cat":[1137,1487,3415],"product_tag":[],"class_list":{"0":"post-23222","1":"product","2":"type-product","3":"status-publish","4":"has-post-thumbnail","6":"product_cat-lebensmittelverpackungen","7":"product_cat-boutique-und-geschaft","8":"product_cat-flaschensacke","10":"first","11":"instock","12":"taxable","13":"shipping-taxable","14":"purchasable","15":"product-type-simple"},"acf":[],"yoast_head":"<!-- This site is optimized with the Yoast SEO Premium plugin v26.6 (Yoast SEO v26.6) - https:\/\/yoast.com\/wordpress\/plugins\/seo\/ -->\n<title>Etui 2 Flaschen Karton mit Griff 18 x 9 x 34 cm<\/title>\n<meta name=\"description\" content=\"Umweltfreundliches 2-Flaschen-Kartonetui mit integriertem Griff, einfach und schnell aufzubauen, perfekt zum Verschenken und elegant zu transportieren.\" \/>\n<meta name=\"robots\" content=\"index, follow, max-snippet:-1, max-image-preview:large, max-video-preview:-1\" \/>\n<link rel=\"canonical\" href=\"https:\/\/www.csj-emballages.com\/de\/produit\/kartonschachtel-fuer-2-flaschen-mit-griff\/\" \/>\n<meta property=\"og:locale\" content=\"de_DE\" \/>\n<meta property=\"og:type\" content=\"article\" \/>\n<meta property=\"og:title\" content=\"Kartonschachtel f\u00fcr 2 Flaschen aus Pappe mit Griff 18 x 9 x 34 cm\" \/>\n<meta property=\"og:description\" content=\"Umweltfreundliches 2-Flaschen-Kartonetui mit integriertem Griff, einfach und schnell aufzubauen, perfekt zum Verschenken und elegant zu transportieren.\" \/>\n<meta property=\"og:url\" content=\"https:\/\/www.csj-emballages.com\/de\/produit\/kartonschachtel-fuer-2-flaschen-mit-griff\/\" \/>\n<meta property=\"og:site_name\" content=\"CSJ Emballages\" \/>\n<meta property=\"article:publisher\" content=\"https:\/\/www.facebook.com\/csjemballages\" \/>\n<meta property=\"article:modified_time\" content=\"2026-04-16T00:15:37+00:00\" \/>\n<meta property=\"og:image\" content=\"https:\/\/www.csj-emballages.com\/wp-content\/uploads\/2024\/03\/SB2C.jpg\" \/>\n\t<meta property=\"og:image:width\" content=\"800\" \/>\n\t<meta property=\"og:image:height\" content=\"800\" \/>\n\t<meta property=\"og:image:type\" content=\"image\/jpeg\" \/>\n<meta name=\"twitter:card\" content=\"summary_large_image\" \/>\n<meta name=\"twitter:label1\" content=\"Gesch\u00e4tzte Lesezeit\" \/>\n\t<meta name=\"twitter:data1\" content=\"2 Minuten\" \/>\n<script type=\"application\/ld+json\" class=\"yoast-schema-graph\">{\"@context\":\"https:\/\/schema.org\",\"@graph\":[{\"@type\":\"WebPage\",\"@id\":\"https:\/\/www.csj-emballages.com\/de\/produit\/kartonschachtel-fuer-2-flaschen-mit-griff\/\",\"url\":\"https:\/\/www.csj-emballages.com\/de\/produit\/kartonschachtel-fuer-2-flaschen-mit-griff\/\",\"name\":\"Etui 2 Flaschen Karton mit Griff 18 x 9 x 34 cm\",\"isPartOf\":{\"@id\":\"https:\/\/www.csj-emballages.com\/de\/#website\"},\"primaryImageOfPage\":{\"@id\":\"https:\/\/www.csj-emballages.com\/de\/produit\/kartonschachtel-fuer-2-flaschen-mit-griff\/#primaryimage\"},\"image\":{\"@id\":\"https:\/\/www.csj-emballages.com\/de\/produit\/kartonschachtel-fuer-2-flaschen-mit-griff\/#primaryimage\"},\"thumbnailUrl\":\"https:\/\/www.csj-emballages.com\/wp-content\/uploads\/2024\/03\/SB2C.jpg\",\"datePublished\":\"2024-03-01T15:50:04+00:00\",\"dateModified\":\"2026-04-16T00:15:37+00:00\",\"description\":\"Umweltfreundliches 2-Flaschen-Kartonetui mit integriertem Griff, einfach und schnell aufzubauen, perfekt zum Verschenken und elegant zu transportieren.\",\"breadcrumb\":{\"@id\":\"https:\/\/www.csj-emballages.com\/de\/produit\/kartonschachtel-fuer-2-flaschen-mit-griff\/#breadcrumb\"},\"inLanguage\":\"de\",\"potentialAction\":[{\"@type\":\"ReadAction\",\"target\":[\"https:\/\/www.csj-emballages.com\/de\/produit\/kartonschachtel-fuer-2-flaschen-mit-griff\/\"]}]},{\"@type\":\"ImageObject\",\"inLanguage\":\"de\",\"@id\":\"https:\/\/www.csj-emballages.com\/de\/produit\/kartonschachtel-fuer-2-flaschen-mit-griff\/#primaryimage\",\"url\":\"https:\/\/www.csj-emballages.com\/wp-content\/uploads\/2024\/03\/SB2C.jpg\",\"contentUrl\":\"https:\/\/www.csj-emballages.com\/wp-content\/uploads\/2024\/03\/SB2C.jpg\",\"width\":800,\"height\":800,\"caption\":\"\u00c9tui 2 bouteilles\"},{\"@type\":\"BreadcrumbList\",\"@id\":\"https:\/\/www.csj-emballages.com\/de\/produit\/kartonschachtel-fuer-2-flaschen-mit-griff\/#breadcrumb\",\"itemListElement\":[{\"@type\":\"ListItem\",\"position\":1,\"name\":\"Accueil\",\"item\":\"https:\/\/www.csj-emballages.com\/de\/universum-lebensmittelverpackungen\/\"},{\"@type\":\"ListItem\",\"position\":2,\"name\":\"Shop\",\"item\":\"https:\/\/www.csj-emballages.com\/shop\/\"},{\"@type\":\"ListItem\",\"position\":3,\"name\":\"Kartonschachtel f\u00fcr 2 Flaschen aus Pappe mit Griff 18 x 9 x 34 cm\"}]},{\"@type\":\"WebSite\",\"@id\":\"https:\/\/www.csj-emballages.com\/de\/#website\",\"url\":\"https:\/\/www.csj-emballages.com\/de\/\",\"name\":\"CSJ Emballages\",\"description\":\"\",\"publisher\":{\"@id\":\"https:\/\/www.csj-emballages.com\/de\/#organization\"},\"potentialAction\":[{\"@type\":\"SearchAction\",\"target\":{\"@type\":\"EntryPoint\",\"urlTemplate\":\"https:\/\/www.csj-emballages.com\/de\/?s={search_term_string}\"},\"query-input\":{\"@type\":\"PropertyValueSpecification\",\"valueRequired\":true,\"valueName\":\"search_term_string\"}}],\"inLanguage\":\"de\"},{\"@type\":\"Organization\",\"@id\":\"https:\/\/www.csj-emballages.com\/de\/#Organization\/\",\"name\":\"CSJ Emballages\",\"url\":\"https:\/\/www.csj-emballages.com\/de\/\",\"logo\":{\"@type\":\"ImageObject\",\"inLanguage\":\"de\",\"@id\":\"https:\/\/www.csj-emballages.com\/de\/#\/schema\/logo\/image\/\",\"url\":\"https:\/\/www.csj-emballages.com\/wp-content\/uploads\/2023\/10\/logo_csj.webp\",\"contentUrl\":\"https:\/\/www.csj-emballages.com\/wp-content\/uploads\/2023\/10\/logo_csj.webp\",\"width\":250,\"height\":95,\"caption\":\"CSJ Emballages\"},\"image\":{\"@id\":\"https:\/\/www.csj-emballages.com\/de\/#\/schema\/logo\/image\/\"},\"sameAs\":[\"https:\/\/www.facebook.com\/csjemballages\"],\"address\":{\"@type\":\"PostalAddress\",\"streetAddress\":\"ZI La Lechere\",\"addressLocality\":\"Patornay\",\"postalCode\":\"39130\",\"addressCountry\":\"FR\"},\"contactPoint\":[{\"@type\":\"ContactPoint\",\"contactType\":\"Service client\",\"telephone\":\"0384254272\",\"email\":\"contact@csj-emballages.com\"}]}]}<\/script>\n<!-- \/ Yoast SEO Premium plugin. -->","yoast_head_json":{"title":"Etui 2 Flaschen Karton mit Griff 18 x 9 x 34 cm","description":"Umweltfreundliches 2-Flaschen-Kartonetui mit integriertem Griff, einfach und schnell aufzubauen, perfekt zum Verschenken und elegant zu transportieren.","robots":{"index":"index","follow":"follow","max-snippet":"max-snippet:-1","max-image-preview":"max-image-preview:large","max-video-preview":"max-video-preview:-1"},"canonical":"https:\/\/www.csj-emballages.com\/de\/produit\/kartonschachtel-fuer-2-flaschen-mit-griff\/","og_locale":"de_DE","og_type":"article","og_title":"Kartonschachtel f\u00fcr 2 Flaschen aus Pappe mit Griff 18 x 9 x 34 cm","og_description":"Umweltfreundliches 2-Flaschen-Kartonetui mit integriertem Griff, einfach und schnell aufzubauen, perfekt zum Verschenken und elegant zu transportieren.","og_url":"https:\/\/www.csj-emballages.com\/de\/produit\/kartonschachtel-fuer-2-flaschen-mit-griff\/","og_site_name":"CSJ Emballages","article_publisher":"https:\/\/www.facebook.com\/csjemballages","article_modified_time":"2026-04-16T00:15:37+00:00","og_image":[{"width":800,"height":800,"url":"https:\/\/www.csj-emballages.com\/wp-content\/uploads\/2024\/03\/SB2C.jpg","type":"image\/jpeg"}],"twitter_card":"summary_large_image","twitter_misc":{"Gesch\u00e4tzte Lesezeit":"2 Minuten"},"schema":{"@context":"https:\/\/schema.org","@graph":[{"@type":"WebPage","@id":"https:\/\/www.csj-emballages.com\/de\/produit\/kartonschachtel-fuer-2-flaschen-mit-griff\/","url":"https:\/\/www.csj-emballages.com\/de\/produit\/kartonschachtel-fuer-2-flaschen-mit-griff\/","name":"Etui 2 Flaschen Karton mit Griff 18 x 9 x 34 cm","isPartOf":{"@id":"https:\/\/www.csj-emballages.com\/de\/#website"},"primaryImageOfPage":{"@id":"https:\/\/www.csj-emballages.com\/de\/produit\/kartonschachtel-fuer-2-flaschen-mit-griff\/#primaryimage"},"image":{"@id":"https:\/\/www.csj-emballages.com\/de\/produit\/kartonschachtel-fuer-2-flaschen-mit-griff\/#primaryimage"},"thumbnailUrl":"https:\/\/www.csj-emballages.com\/wp-content\/uploads\/2024\/03\/SB2C.jpg","datePublished":"2024-03-01T15:50:04+00:00","dateModified":"2026-04-16T00:15:37+00:00","description":"Umweltfreundliches 2-Flaschen-Kartonetui mit integriertem Griff, einfach und schnell aufzubauen, perfekt zum Verschenken und elegant zu transportieren.","breadcrumb":{"@id":"https:\/\/www.csj-emballages.com\/de\/produit\/kartonschachtel-fuer-2-flaschen-mit-griff\/#breadcrumb"},"inLanguage":"de","potentialAction":[{"@type":"ReadAction","target":["https:\/\/www.csj-emballages.com\/de\/produit\/kartonschachtel-fuer-2-flaschen-mit-griff\/"]}]},{"@type":"ImageObject","inLanguage":"de","@id":"https:\/\/www.csj-emballages.com\/de\/produit\/kartonschachtel-fuer-2-flaschen-mit-griff\/#primaryimage","url":"https:\/\/www.csj-emballages.com\/wp-content\/uploads\/2024\/03\/SB2C.jpg","contentUrl":"https:\/\/www.csj-emballages.com\/wp-content\/uploads\/2024\/03\/SB2C.jpg","width":800,"height":800,"caption":"\u00c9tui 2 bouteilles"},{"@type":"BreadcrumbList","@id":"https:\/\/www.csj-emballages.com\/de\/produit\/kartonschachtel-fuer-2-flaschen-mit-griff\/#breadcrumb","itemListElement":[{"@type":"ListItem","position":1,"name":"Accueil","item":"https:\/\/www.csj-emballages.com\/de\/universum-lebensmittelverpackungen\/"},{"@type":"ListItem","position":2,"name":"Shop","item":"https:\/\/www.csj-emballages.com\/shop\/"},{"@type":"ListItem","position":3,"name":"Kartonschachtel f\u00fcr 2 Flaschen aus Pappe mit Griff 18 x 9 x 34 cm"}]},{"@type":"WebSite","@id":"https:\/\/www.csj-emballages.com\/de\/#website","url":"https:\/\/www.csj-emballages.com\/de\/","name":"CSJ Emballages","description":"","publisher":{"@id":"https:\/\/www.csj-emballages.com\/de\/#organization"},"potentialAction":[{"@type":"SearchAction","target":{"@type":"EntryPoint","urlTemplate":"https:\/\/www.csj-emballages.com\/de\/?s={search_term_string}"},"query-input":{"@type":"PropertyValueSpecification","valueRequired":true,"valueName":"search_term_string"}}],"inLanguage":"de"},{"@type":"Organization","@id":"https:\/\/www.csj-emballages.com\/de\/#Organization\/","name":"CSJ Emballages","url":"https:\/\/www.csj-emballages.com\/de\/","logo":{"@type":"ImageObject","inLanguage":"de","@id":"https:\/\/www.csj-emballages.com\/de\/#\/schema\/logo\/image\/","url":"https:\/\/www.csj-emballages.com\/wp-content\/uploads\/2023\/10\/logo_csj.webp","contentUrl":"https:\/\/www.csj-emballages.com\/wp-content\/uploads\/2023\/10\/logo_csj.webp","width":250,"height":95,"caption":"CSJ Emballages"},"image":{"@id":"https:\/\/www.csj-emballages.com\/de\/#\/schema\/logo\/image\/"},"sameAs":["https:\/\/www.facebook.com\/csjemballages"],"address":{"@type":"PostalAddress","streetAddress":"ZI La Lechere","addressLocality":"Patornay","postalCode":"39130","addressCountry":"FR"},"contactPoint":[{"@type":"ContactPoint","contactType":"Service client","telephone":"0384254272","email":"contact@csj-emballages.com"}]}]}},"df_price":2.23,"df_sale_price":"","df_regular_price":2.23,"df_image_link":"https:\/\/www.csj-emballages.com\/wp-content\/uploads\/2024\/03\/SB2C-300x300.jpg","tiered_pricing_type":"fixed","tiered_pricing_fixed_rules":[],"tiered_pricing_percentage_rules":[],"tiered_pricing_minimum":1,"tiered_pricing_roles_data":[],"_links":{"self":[{"href":"https:\/\/www.csj-emballages.com\/de\/wp-json\/wp\/v2\/product\/23222","targetHints":{"allow":["GET"]}}],"collection":[{"href":"https:\/\/www.csj-emballages.com\/de\/wp-json\/wp\/v2\/product"}],"about":[{"href":"https:\/\/www.csj-emballages.com\/de\/wp-json\/wp\/v2\/types\/product"}],"wp:featuredmedia":[{"embeddable":true,"href":"https:\/\/www.csj-emballages.com\/de\/wp-json\/wp\/v2\/media\/244335"}],"wp:attachment":[{"href":"https:\/\/www.csj-emballages.com\/de\/wp-json\/wp\/v2\/media?parent=23222"}],"wp:term":[{"taxonomy":"product_brand","embeddable":true,"href":"https:\/\/www.csj-emballages.com\/de\/wp-json\/wp\/v2\/product_brand?post=23222"},{"taxonomy":"product_cat","embeddable":true,"href":"https:\/\/www.csj-emballages.com\/de\/wp-json\/wp\/v2\/product_cat?post=23222"},{"taxonomy":"product_tag","embeddable":true,"href":"https:\/\/www.csj-emballages.com\/de\/wp-json\/wp\/v2\/product_tag?post=23222"}],"curies":[{"name":"wp","href":"https:\/\/api.w.org\/{rel}","templated":true}]}}