{"id":23221,"date":"2024-03-01T16:50:05","date_gmt":"2024-03-01T15:50:05","guid":{"rendered":"https:\/\/u15jnbdpoq.preview.infomaniak.website\/produit\/100-transporttaschen-fuer-gebaeckdosen\/"},"modified":"2026-05-01T02:14:23","modified_gmt":"2026-05-01T00:14:23","slug":"100-transporttaschen-fuer-gebaeckdosen","status":"publish","type":"product","link":"https:\/\/www.csj-emballages.com\/de\/produit\/100-transporttaschen-fuer-gebaeckdosen\/","title":{"rendered":"Beutel mit Konditoreidosen pro 100"},"content":{"rendered":"<p>Beschreibung<\/p>\n<p>Transporttaschen f\u00fcr Konditoreidosen erm\u00f6glichen den einfachen Transport Ihrer Dosen.<\/p>\n<p>Merkmale<\/p>\n<p>Verpackung: Karton mit 100 Beuteln<\/p>\n<p>Material :<\/p>\n<p>Abmessungen: 310 mm + 15 cm Faltenbalg + 15 cm Faltenbalg mm x 550 mm Dicke: 50 Mikron<\/p>\n<p>&nbsp;<\/p>\n<p>&nbsp;<\/p>\n<h2 class=\"p1\">Tasche f\u00fcr Geb\u00e4ckdosen<\/h2>\n<hr>\n<h3>Beschreibung unserer Tasche f\u00fcr Konditoreidosen pro 100 St\u00fcck<\/h3>\n<p><!--more--><\/p>\n<p data-start=\"317\" data-end=\"791\">Diese <strong>Taschen f\u00fcr Konditoreidosen<\/strong>, die im <strong>100er-Pack<\/strong> verkauft werden, werden schnell zu einem unverzichtbaren Bestandteil Ihres Alltags werden. Sie wurden entwickelt, um den Transport von <g id=\"gid_2\">Kuchen, Torten, S\u00fc\u00dfspeisen oder kleinen Leckereien<\/g> zu vereinfachen. Sobald Sie Ihre <g id=\"gid_3\">Schachtel<\/g> hineinschieben, h\u00e4lt die <g id=\"gid_4\">Tasche<\/g> fest und sch\u00fctzt Ihr Geb\u00e4ck w\u00e4hrend der Fahrt. Au\u00dferdem bleibt alles sauber und sicher, egal ob Sie eine Bestellung an einen Kunden \u00fcbergeben oder ein Dessert zu Freunden transportieren.   <\/p>\n<p data-start=\"793\" data-end=\"1160\">Ebenso verhindert ihr festes Material, dass sie rei\u00dft, selbst bei etwas schwereren oder gro\u00dfz\u00fcgig verzierten Kuchen. Sie k\u00f6nnen sich also unbesorgt bewegen: Diese <strong>Tasche mit Schulterriemen<\/strong> erf\u00fcllt ihren Zweck. <\/p>\n<p data-start=\"1162\" data-end=\"1464\">Au\u00dferdem passt ihr Format sehr gut in <strong>herk\u00f6mmliche Konditoreidosen<\/strong>. Sie sparen Zeit, packen schneller ein und das Ergebnis bleibt m\u00fchelos sauber und professionell. Ihr schlichtes Design funktioniert mit allen Stilen, so dass Sie eine gepflegte Pr\u00e4sentation beibehalten und sich dennoch auf das Wesentliche beschr\u00e4nken k\u00f6nnen.  <\/p>\n<p data-start=\"1466\" data-end=\"1801\">Zusammenfassend l\u00e4sst sich sagen, dass diese <strong>Tortenschachteltaschen<\/strong> Ihnen das Leben erleichtern. Sie sind praktisch, robust und wirklich f\u00fcr den t\u00e4glichen Gebrauch geeignet. Egal, ob Sie in einer B\u00e4ckerei arbeiten oder als Privatperson gerne Freude bereiten, sie machen den Transport Ihrer Kreationen sicher und sorgen gleichzeitig f\u00fcr echte Ruhe.  <\/p>\n<p data-start=\"1466\" data-end=\"1801\">\n<p><!--more--><\/p>\n<p><strong>Vorteile :<\/strong><\/p>\n<ul>\n<li data-start=\"1828\" data-end=\"1882\">Sehr gute Festigkeit, auch f\u00fcr schwere Kuchen.<\/li>\n<li data-start=\"1885\" data-end=\"1938\">Kompatibel mit den meisten <strong>Konditoreidosen<\/strong>.<\/li>\n<li data-start=\"1941\" data-end=\"1991\">Wird in <strong>100er-Packungen<\/strong> verkauft, um Lieferengp\u00e4sse zu vermeiden.<\/li>\n<li data-start=\"1994\" data-end=\"2042\">Einfach zu verwenden und schnell einzurichten.<\/li>\n<li data-start=\"2045\" data-end=\"2072\">Saubere und professionelle Pr\u00e4sentation.<\/li>\n<\/ul>\n<p>&nbsp;<\/p>\n<p><!--more--><\/p>\n<h4>Weitere Informationen :<\/h4>\n<ul>\n<li><strong>Verpackung<\/strong>: Packung mit 100 St\u00fcck<\/li>\n<li><strong>Ma\u00dfe<\/strong>: 350 + 150 + 150 x 550 mm<\/li>\n<li><strong>Farbe<\/strong>: Transparent<\/li>\n<li><strong>Dicke<\/strong>: 50 Mikron<\/li>\n<li><strong>Material<\/strong>: LDPE<\/li>\n<\/ul>\n<p>&nbsp;<\/p>\n<p><!--more--><\/p>\n<p><a href=\"https:\/\/www.csj-emballages.com\/de\/categorie-produit\/lebensmittelverpackungen\/backerei-und-konditorei\/sacke-beutel-und-papier\/beutel-fur-gebackdosen\/\">Sehen Sie sich den Rest unseres Sortiments an Beuteln f\u00fcr Geb\u00e4ckdosen an<\/a><\/p>\n","protected":false},"excerpt":{"rendered":"<p>Beschreibung Transporttaschen f\u00fcr Konditoreidosen erm\u00f6glichen den einfachen Transport Ihrer Dosen. Merkmale Verpackung: Karton mit 100 Beuteln Material : Abmessungen: 310 mm + 15 cm Faltenbalg + 15 cm Faltenbalg mm x 550 mm Dicke: 50 Mikron &nbsp; &nbsp; Tasche f\u00fcr Geb\u00e4ckdosen Beschreibung unserer Tasche f\u00fcr Konditoreidosen pro 100 St\u00fcck<\/p>\n","protected":false},"featured_media":255151,"template":"","meta":{"_acf_changed":false},"product_brand":[],"product_cat":[1171,3412],"product_tag":[],"class_list":{"0":"post-23221","1":"product","2":"type-product","3":"status-publish","4":"has-post-thumbnail","6":"product_cat-backerei-und-konditorei","7":"product_cat-beutel-fur-gebackdosen","9":"first","10":"instock","11":"taxable","12":"shipping-taxable","13":"purchasable","14":"product-type-simple"},"acf":[],"yoast_head":"<!-- This site is optimized with the Yoast SEO Premium plugin v26.6 (Yoast SEO v26.6) - https:\/\/yoast.com\/wordpress\/plugins\/seo\/ -->\n<title>Beutel Konditoreidosen pro 100<\/title>\n<meta name=\"description\" content=\"100 St\u00fcck: Praktisch, stabil und perfekt f\u00fcr den einfachen Transport von Kuchen, Torten und Geb\u00e4ck.\" \/>\n<meta name=\"robots\" content=\"index, follow, max-snippet:-1, max-image-preview:large, max-video-preview:-1\" \/>\n<link rel=\"canonical\" href=\"https:\/\/www.csj-emballages.com\/de\/produit\/100-transporttaschen-fuer-gebaeckdosen\/\" \/>\n<meta property=\"og:locale\" content=\"de_DE\" \/>\n<meta property=\"og:type\" content=\"article\" \/>\n<meta property=\"og:title\" content=\"Beutel mit Konditoreidosen pro 100\" \/>\n<meta property=\"og:description\" content=\"100 St\u00fcck: Praktisch, stabil und perfekt f\u00fcr den einfachen Transport von Kuchen, Torten und Geb\u00e4ck.\" \/>\n<meta property=\"og:url\" content=\"https:\/\/www.csj-emballages.com\/de\/produit\/100-transporttaschen-fuer-gebaeckdosen\/\" \/>\n<meta property=\"og:site_name\" content=\"CSJ Emballages\" \/>\n<meta property=\"article:publisher\" content=\"https:\/\/www.facebook.com\/csjemballages\" \/>\n<meta property=\"article:modified_time\" content=\"2026-05-01T00:14:23+00:00\" \/>\n<meta property=\"og:image\" content=\"https:\/\/www.csj-emballages.com\/wp-content\/uploads\/2024\/03\/SACS31TRANS.webp\" \/>\n\t<meta property=\"og:image:width\" content=\"800\" \/>\n\t<meta property=\"og:image:height\" content=\"800\" \/>\n\t<meta property=\"og:image:type\" content=\"image\/webp\" \/>\n<meta name=\"twitter:card\" content=\"summary_large_image\" \/>\n<meta name=\"twitter:label1\" content=\"Gesch\u00e4tzte Lesezeit\" \/>\n\t<meta name=\"twitter:data1\" content=\"2 Minuten\" \/>\n<script type=\"application\/ld+json\" class=\"yoast-schema-graph\">{\"@context\":\"https:\/\/schema.org\",\"@graph\":[{\"@type\":\"WebPage\",\"@id\":\"https:\/\/www.csj-emballages.com\/de\/produit\/100-transporttaschen-fuer-gebaeckdosen\/\",\"url\":\"https:\/\/www.csj-emballages.com\/de\/produit\/100-transporttaschen-fuer-gebaeckdosen\/\",\"name\":\"Beutel Konditoreidosen pro 100\",\"isPartOf\":{\"@id\":\"https:\/\/www.csj-emballages.com\/de\/#website\"},\"primaryImageOfPage\":{\"@id\":\"https:\/\/www.csj-emballages.com\/de\/produit\/100-transporttaschen-fuer-gebaeckdosen\/#primaryimage\"},\"image\":{\"@id\":\"https:\/\/www.csj-emballages.com\/de\/produit\/100-transporttaschen-fuer-gebaeckdosen\/#primaryimage\"},\"thumbnailUrl\":\"https:\/\/www.csj-emballages.com\/wp-content\/uploads\/2024\/03\/SACS31TRANS.webp\",\"datePublished\":\"2024-03-01T15:50:05+00:00\",\"dateModified\":\"2026-05-01T00:14:23+00:00\",\"description\":\"100 St\u00fcck: Praktisch, stabil und perfekt f\u00fcr den einfachen Transport von Kuchen, Torten und Geb\u00e4ck.\",\"breadcrumb\":{\"@id\":\"https:\/\/www.csj-emballages.com\/de\/produit\/100-transporttaschen-fuer-gebaeckdosen\/#breadcrumb\"},\"inLanguage\":\"de\",\"potentialAction\":[{\"@type\":\"ReadAction\",\"target\":[\"https:\/\/www.csj-emballages.com\/de\/produit\/100-transporttaschen-fuer-gebaeckdosen\/\"]}]},{\"@type\":\"ImageObject\",\"inLanguage\":\"de\",\"@id\":\"https:\/\/www.csj-emballages.com\/de\/produit\/100-transporttaschen-fuer-gebaeckdosen\/#primaryimage\",\"url\":\"https:\/\/www.csj-emballages.com\/wp-content\/uploads\/2024\/03\/SACS31TRANS.webp\",\"contentUrl\":\"https:\/\/www.csj-emballages.com\/wp-content\/uploads\/2024\/03\/SACS31TRANS.webp\",\"width\":800,\"height\":800,\"caption\":\"Sac boites p\u00e2tissi\u00e8res\"},{\"@type\":\"BreadcrumbList\",\"@id\":\"https:\/\/www.csj-emballages.com\/de\/produit\/100-transporttaschen-fuer-gebaeckdosen\/#breadcrumb\",\"itemListElement\":[{\"@type\":\"ListItem\",\"position\":1,\"name\":\"Accueil\",\"item\":\"https:\/\/www.csj-emballages.com\/de\/universum-lebensmittelverpackungen\/\"},{\"@type\":\"ListItem\",\"position\":2,\"name\":\"Shop\",\"item\":\"https:\/\/www.csj-emballages.com\/shop\/\"},{\"@type\":\"ListItem\",\"position\":3,\"name\":\"Beutel mit Konditoreidosen pro 100\"}]},{\"@type\":\"WebSite\",\"@id\":\"https:\/\/www.csj-emballages.com\/de\/#website\",\"url\":\"https:\/\/www.csj-emballages.com\/de\/\",\"name\":\"CSJ Emballages\",\"description\":\"\",\"publisher\":{\"@id\":\"https:\/\/www.csj-emballages.com\/de\/#organization\"},\"potentialAction\":[{\"@type\":\"SearchAction\",\"target\":{\"@type\":\"EntryPoint\",\"urlTemplate\":\"https:\/\/www.csj-emballages.com\/de\/?s={search_term_string}\"},\"query-input\":{\"@type\":\"PropertyValueSpecification\",\"valueRequired\":true,\"valueName\":\"search_term_string\"}}],\"inLanguage\":\"de\"},{\"@type\":\"Organization\",\"@id\":\"https:\/\/www.csj-emballages.com\/de\/#Organization\/\",\"name\":\"CSJ Emballages\",\"url\":\"https:\/\/www.csj-emballages.com\/de\/\",\"logo\":{\"@type\":\"ImageObject\",\"inLanguage\":\"de\",\"@id\":\"https:\/\/www.csj-emballages.com\/de\/#\/schema\/logo\/image\/\",\"url\":\"https:\/\/www.csj-emballages.com\/wp-content\/uploads\/2023\/10\/logo_csj.webp\",\"contentUrl\":\"https:\/\/www.csj-emballages.com\/wp-content\/uploads\/2023\/10\/logo_csj.webp\",\"width\":250,\"height\":95,\"caption\":\"CSJ Emballages\"},\"image\":{\"@id\":\"https:\/\/www.csj-emballages.com\/de\/#\/schema\/logo\/image\/\"},\"sameAs\":[\"https:\/\/www.facebook.com\/csjemballages\"],\"address\":{\"@type\":\"PostalAddress\",\"streetAddress\":\"ZI La Lechere\",\"addressLocality\":\"Patornay\",\"postalCode\":\"39130\",\"addressCountry\":\"FR\"},\"contactPoint\":[{\"@type\":\"ContactPoint\",\"contactType\":\"Service client\",\"telephone\":\"0384254272\",\"email\":\"contact@csj-emballages.com\"}]}]}<\/script>\n<!-- \/ Yoast SEO Premium plugin. -->","yoast_head_json":{"title":"Beutel Konditoreidosen pro 100","description":"100 St\u00fcck: Praktisch, stabil und perfekt f\u00fcr den einfachen Transport von Kuchen, Torten und Geb\u00e4ck.","robots":{"index":"index","follow":"follow","max-snippet":"max-snippet:-1","max-image-preview":"max-image-preview:large","max-video-preview":"max-video-preview:-1"},"canonical":"https:\/\/www.csj-emballages.com\/de\/produit\/100-transporttaschen-fuer-gebaeckdosen\/","og_locale":"de_DE","og_type":"article","og_title":"Beutel mit Konditoreidosen pro 100","og_description":"100 St\u00fcck: Praktisch, stabil und perfekt f\u00fcr den einfachen Transport von Kuchen, Torten und Geb\u00e4ck.","og_url":"https:\/\/www.csj-emballages.com\/de\/produit\/100-transporttaschen-fuer-gebaeckdosen\/","og_site_name":"CSJ Emballages","article_publisher":"https:\/\/www.facebook.com\/csjemballages","article_modified_time":"2026-05-01T00:14:23+00:00","og_image":[{"width":800,"height":800,"url":"https:\/\/www.csj-emballages.com\/wp-content\/uploads\/2024\/03\/SACS31TRANS.webp","type":"image\/webp"}],"twitter_card":"summary_large_image","twitter_misc":{"Gesch\u00e4tzte Lesezeit":"2 Minuten"},"schema":{"@context":"https:\/\/schema.org","@graph":[{"@type":"WebPage","@id":"https:\/\/www.csj-emballages.com\/de\/produit\/100-transporttaschen-fuer-gebaeckdosen\/","url":"https:\/\/www.csj-emballages.com\/de\/produit\/100-transporttaschen-fuer-gebaeckdosen\/","name":"Beutel Konditoreidosen pro 100","isPartOf":{"@id":"https:\/\/www.csj-emballages.com\/de\/#website"},"primaryImageOfPage":{"@id":"https:\/\/www.csj-emballages.com\/de\/produit\/100-transporttaschen-fuer-gebaeckdosen\/#primaryimage"},"image":{"@id":"https:\/\/www.csj-emballages.com\/de\/produit\/100-transporttaschen-fuer-gebaeckdosen\/#primaryimage"},"thumbnailUrl":"https:\/\/www.csj-emballages.com\/wp-content\/uploads\/2024\/03\/SACS31TRANS.webp","datePublished":"2024-03-01T15:50:05+00:00","dateModified":"2026-05-01T00:14:23+00:00","description":"100 St\u00fcck: Praktisch, stabil und perfekt f\u00fcr den einfachen Transport von Kuchen, Torten und Geb\u00e4ck.","breadcrumb":{"@id":"https:\/\/www.csj-emballages.com\/de\/produit\/100-transporttaschen-fuer-gebaeckdosen\/#breadcrumb"},"inLanguage":"de","potentialAction":[{"@type":"ReadAction","target":["https:\/\/www.csj-emballages.com\/de\/produit\/100-transporttaschen-fuer-gebaeckdosen\/"]}]},{"@type":"ImageObject","inLanguage":"de","@id":"https:\/\/www.csj-emballages.com\/de\/produit\/100-transporttaschen-fuer-gebaeckdosen\/#primaryimage","url":"https:\/\/www.csj-emballages.com\/wp-content\/uploads\/2024\/03\/SACS31TRANS.webp","contentUrl":"https:\/\/www.csj-emballages.com\/wp-content\/uploads\/2024\/03\/SACS31TRANS.webp","width":800,"height":800,"caption":"Sac boites p\u00e2tissi\u00e8res"},{"@type":"BreadcrumbList","@id":"https:\/\/www.csj-emballages.com\/de\/produit\/100-transporttaschen-fuer-gebaeckdosen\/#breadcrumb","itemListElement":[{"@type":"ListItem","position":1,"name":"Accueil","item":"https:\/\/www.csj-emballages.com\/de\/universum-lebensmittelverpackungen\/"},{"@type":"ListItem","position":2,"name":"Shop","item":"https:\/\/www.csj-emballages.com\/shop\/"},{"@type":"ListItem","position":3,"name":"Beutel mit Konditoreidosen pro 100"}]},{"@type":"WebSite","@id":"https:\/\/www.csj-emballages.com\/de\/#website","url":"https:\/\/www.csj-emballages.com\/de\/","name":"CSJ Emballages","description":"","publisher":{"@id":"https:\/\/www.csj-emballages.com\/de\/#organization"},"potentialAction":[{"@type":"SearchAction","target":{"@type":"EntryPoint","urlTemplate":"https:\/\/www.csj-emballages.com\/de\/?s={search_term_string}"},"query-input":{"@type":"PropertyValueSpecification","valueRequired":true,"valueName":"search_term_string"}}],"inLanguage":"de"},{"@type":"Organization","@id":"https:\/\/www.csj-emballages.com\/de\/#Organization\/","name":"CSJ Emballages","url":"https:\/\/www.csj-emballages.com\/de\/","logo":{"@type":"ImageObject","inLanguage":"de","@id":"https:\/\/www.csj-emballages.com\/de\/#\/schema\/logo\/image\/","url":"https:\/\/www.csj-emballages.com\/wp-content\/uploads\/2023\/10\/logo_csj.webp","contentUrl":"https:\/\/www.csj-emballages.com\/wp-content\/uploads\/2023\/10\/logo_csj.webp","width":250,"height":95,"caption":"CSJ Emballages"},"image":{"@id":"https:\/\/www.csj-emballages.com\/de\/#\/schema\/logo\/image\/"},"sameAs":["https:\/\/www.facebook.com\/csjemballages"],"address":{"@type":"PostalAddress","streetAddress":"ZI La Lechere","addressLocality":"Patornay","postalCode":"39130","addressCountry":"FR"},"contactPoint":[{"@type":"ContactPoint","contactType":"Service client","telephone":"0384254272","email":"contact@csj-emballages.com"}]}]}},"df_price":17.21,"df_sale_price":"","df_regular_price":17.21,"df_image_link":"https:\/\/www.csj-emballages.com\/wp-content\/uploads\/2024\/03\/SACS31TRANS-300x300.webp","tiered_pricing_type":"fixed","tiered_pricing_fixed_rules":[],"tiered_pricing_percentage_rules":[],"tiered_pricing_minimum":1,"tiered_pricing_roles_data":[],"_links":{"self":[{"href":"https:\/\/www.csj-emballages.com\/de\/wp-json\/wp\/v2\/product\/23221","targetHints":{"allow":["GET"]}}],"collection":[{"href":"https:\/\/www.csj-emballages.com\/de\/wp-json\/wp\/v2\/product"}],"about":[{"href":"https:\/\/www.csj-emballages.com\/de\/wp-json\/wp\/v2\/types\/product"}],"wp:featuredmedia":[{"embeddable":true,"href":"https:\/\/www.csj-emballages.com\/de\/wp-json\/wp\/v2\/media\/255151"}],"wp:attachment":[{"href":"https:\/\/www.csj-emballages.com\/de\/wp-json\/wp\/v2\/media?parent=23221"}],"wp:term":[{"taxonomy":"product_brand","embeddable":true,"href":"https:\/\/www.csj-emballages.com\/de\/wp-json\/wp\/v2\/product_brand?post=23221"},{"taxonomy":"product_cat","embeddable":true,"href":"https:\/\/www.csj-emballages.com\/de\/wp-json\/wp\/v2\/product_cat?post=23221"},{"taxonomy":"product_tag","embeddable":true,"href":"https:\/\/www.csj-emballages.com\/de\/wp-json\/wp\/v2\/product_tag?post=23221"}],"curies":[{"name":"wp","href":"https:\/\/api.w.org\/{rel}","templated":true}]}}