{"id":23220,"date":"2024-03-01T16:49:27","date_gmt":"2024-03-01T15:49:27","guid":{"rendered":"https:\/\/u15jnbdpoq.preview.infomaniak.website\/produit\/100-beutel-mit-suesswaren-kugeln-und-flocken-100-x-220-mm\/"},"modified":"2026-04-03T02:19:57","modified_gmt":"2026-04-03T00:19:57","slug":"100-beutel-mit-suesswaren-kugeln-und-flocken-100-x-220-mm","status":"publish","type":"product","link":"https:\/\/www.csj-emballages.com\/de\/produit\/100-beutel-mit-suesswaren-kugeln-und-flocken-100-x-220-mm\/","title":{"rendered":"Beutel mit Weihnachtss\u00fc\u00dfwaren Kugeln und Flocken 100 x 220 mm pro 100"},"content":{"rendered":"<div style=\"box-sizing: inherit; font-family: Roboto, sans-serif;\">\n<div style=\"box-sizing: inherit; font-family: Roboto, sans-serif;\">\n<div style=\"box-sizing: inherit; font-family: Roboto, sans-serif;\">\n<div style=\"box-sizing: inherit; font-family: Roboto, sans-serif;\">\n<div style=\"box-sizing: inherit; font-family: Roboto, sans-serif;\">\n<div style=\"box-sizing: inherit; font-family: Roboto, sans-serif;\">\n<div style=\"box-sizing: inherit; font-family: Roboto, sans-serif;\">\n<div style=\"box-sizing: inherit; font-family: Roboto, sans-serif;\">\n<div style=\"box-sizing: inherit; font-family: Roboto, sans-serif;\">\n<div style=\"box-sizing: inherit; font-family: Roboto, sans-serif;\">\n<div style=\"box-sizing: inherit; font-family: Roboto, sans-serif;\">\n<div style=\"box-sizing: inherit; font-family: Roboto, sans-serif;\">\n<div style=\"box-sizing: inherit; font-family: Roboto, sans-serif;\">\n<div class=\"flex flex-grow flex-col max-w-full\">\n<div class=\"min-h-[20px] text-message flex flex-col items-start whitespace-pre-wrap break-words [.text-message+&amp;]:mt-5 juice:w-full juice:items-end overflow-x-auto gap-2\" dir=\"auto\" data-message-author-role=\"assistant\" data-message-id=\"2034782e-88f9-44ef-b4dc-07dd7bf0115f\">\n<div class=\"flex w-full flex-col gap-1 juice:empty:hidden juice:first:pt-[3px]\">\n<div class=\"markdown prose w-full break-words dark:prose-invert light\">\n<div style=\"box-sizing: inherit; font-family: Roboto, sans-serif;\">\n<div style=\"box-sizing: inherit; font-family: Roboto, sans-serif;\">\n<div style=\"box-sizing: inherit; font-family: Roboto, sans-serif;\">\n<div style=\"box-sizing: inherit; font-family: Roboto, sans-serif;\">\n<div style=\"box-sizing: inherit; font-family: Roboto, sans-serif;\">\n<div style=\"box-sizing: inherit; font-family: Roboto, sans-serif;\">\n<h2>Beutel mit S\u00fc\u00dfigkeiten Weihnachten<\/h2>\n<div style=\"box-sizing: inherit; font-family: Roboto, sans-serif;\">\n<div style=\"box-sizing: inherit; font-family: Roboto, sans-serif;\">\n<div style=\"box-sizing: inherit; font-family: Roboto, sans-serif;\">\n<div style=\"text-align: center;\">\n<div style=\"box-sizing: inherit; font-family: Roboto, sans-serif;\">\n<div style=\"box-sizing: inherit; font-family: Roboto, sans-serif;\">\n<div style=\"box-sizing: inherit; font-family: Roboto, sans-serif;\">\n<div style=\"box-sizing: inherit; font-family: Roboto, sans-serif;\">\n<div style=\"box-sizing: inherit; font-family: Roboto, sans-serif;\">\n<div style=\"box-sizing: inherit; font-family: Roboto, sans-serif; text-align: left;\">\n<hr>\n<h3 style=\"text-align: left;\">Beschreibung von unserem Weihnachtss\u00fc\u00dfigkeiten Beutel Kugeln und Flocken 100 x 220 mm pro 100<!--more--><\/h3>\n<\/div>\n<\/div>\n<\/div>\n<\/div>\n<\/div>\n<\/div>\n<\/div>\n<\/div>\n<\/div>\n<\/div>\n<\/div>\n<\/div>\n<\/div>\n<\/div>\n<\/div>\n<\/div>\n<\/div>\n<\/div>\n<\/div>\n<\/div>\n<\/div>\n<\/div>\n<\/div>\n<\/div>\n<\/div>\n<\/div>\n<\/div>\n<\/div>\n<\/div>\n<\/div>\n<\/div>\n<\/div>\n<\/div>\n<p data-start=\"0\" data-end=\"591\">Schenken Sie Ihren S\u00fc\u00dfigkeiten einen festlichen Rahmen mit unserem <strong>Weihnachtskonfektbeutel Kugeln und Schneeflocken 100 x 220 mm<\/strong> pro <strong>100<\/strong> St\u00fcck. Dieser speziell f\u00fcr <strong data-start=\"175\" data-end=\"189\">Konditoren<\/strong> und <strong data-start=\"193\" data-end=\"209\">Chocolatiers<\/strong> entwickelte <strong>S\u00fc\u00dfwarenbeutel<\/strong> im einzigartigen <strong data-start=\"224\" data-end=\"242\">Weihnachtsdesign<\/strong> vereint Eleganz und Praktikabilit\u00e4t. Dank seiner hochwertigen <strong data-start=\"291\" data-end=\"316\">Polypropylenfolie<\/strong> sch\u00fctzt er Ihre Kreationen und hebt gleichzeitig deren Raffinesse hervor. Dar\u00fcber hinaus sorgt der <strong data-start=\"417\" data-end=\"440\">feste, silberfarbene Boden<\/strong> f\u00fcr einen ausgezeichneten Halt, sodass der Beutel perfekt aufrecht steht und sich auf Ihren Regalen oder in Ihren Vitrinen tadellos pr\u00e4sentieren l\u00e4sst.   <\/p>\n<p data-start=\"593\" data-end=\"1073\">Das festliche Motiv mit <strong data-start=\"613\" data-end=\"623\">Kugeln<\/strong> und <strong data-start=\"627\" data-end=\"638\">Schneeflocken<\/strong> gl\u00e4nzt dank des Drucks mit <strong data-start=\"687\" data-end=\"709\">Metallictinten<\/strong>, die ein subtiles <strong data-start=\"732\" data-end=\"748\">Matt-Glanz-Spiel<\/strong> bieten, das ideal ist, um die warme Stimmung der Feiertage widerzuspiegeln. So werden Ihre Bonbons, Schokolade, Kekse oder kleine Leckereien in einer Verpackung veredelt, die die Blicke auf sich zieht und zum Probieren anregt. Au\u00dferdem l\u00e4sst die <strong data-start=\"965\" data-end=\"981\">Transparenz<\/strong> der Folie Ihre Produkte erahnen und schafft so einen unwiderstehlichen Schaufenster-Effekt f\u00fcr Ihre Kunden.  <\/p>\n<p data-start=\"1075\" data-end=\"1454\">Dar\u00fcber hinaus eignet sich die praktische Gr\u00f6\u00dfe von <strong data-start=\"1107\" data-end=\"1123\">100 x 220 mm<\/strong> sowohl f\u00fcr gro\u00dfz\u00fcgige Portionen als auch f\u00fcr vielf\u00e4ltige Sortimente. Sie k\u00f6nnen sie mit einem Band, einer Schleife oder einem individuellen Etikett verwenden, um Ihrem Markenimage den letzten Schliff zu verleihen. Dar\u00fcber hinaus bietet das <strong>Polypropylen<\/strong> eine wirksame Barriere gegen Feuchtigkeit und sorgt so f\u00fcr <strong data-start=\"1431\" data-end=\"1453\">optimale Frische<\/strong>.  <\/p>\n<p data-start=\"1456\" data-end=\"1803\">Zusammenfassend l\u00e4sst sich sagen, dass dieser <strong>Plastikbeutel<\/strong> im <strong data-start=\"1480\" data-end=\"1498\">Premium-Design<\/strong> der perfekte Verb\u00fcndete ist, um Ihre Leckereien w\u00e4hrend der <strong data-start=\"1568\" data-end=\"1588\">Weihnachtszeit<\/strong> in Szene zu setzen, sei es auf Weihnachtsm\u00e4rkten, in Pralinengesch\u00e4ften oder als Firmengeschenk. G\u00f6nnen Sie Ihren Kreationen den <strong data-start=\"1710\" data-end=\"1727\">festlichen Beutel<\/strong>, den sie verdienen, und lassen Sie den Weihnachtszauber schon auf den ersten Blick wirken. <\/p>\n<p data-start=\"1456\" data-end=\"1803\">\n<div style=\"box-sizing: inherit; font-family: Roboto, sans-serif;\">\n<div style=\"box-sizing: inherit; font-family: Roboto, sans-serif;\">\n<div style=\"box-sizing: inherit; font-family: Roboto, sans-serif;\">\n<div style=\"box-sizing: inherit; font-family: Roboto, sans-serif;\">\n<div style=\"box-sizing: inherit; font-family: Roboto, sans-serif;\">\n<div style=\"box-sizing: inherit; font-family: Roboto, sans-serif;\">\n<div style=\"box-sizing: inherit; font-family: Roboto, sans-serif;\">\n<div style=\"box-sizing: inherit; font-family: Roboto, sans-serif;\">\n<div style=\"box-sizing: inherit; font-family: Roboto, sans-serif;\">\n<div style=\"box-sizing: inherit; font-family: Roboto, sans-serif;\">\n<div style=\"box-sizing: inherit; font-family: Roboto, sans-serif;\">\n<div style=\"box-sizing: inherit; font-family: Roboto, sans-serif;\">\n<div style=\"box-sizing: inherit; font-family: Roboto, sans-serif;\">\n<div class=\"flex flex-grow flex-col max-w-full\">\n<div class=\"min-h-[20px] text-message flex flex-col items-start whitespace-pre-wrap break-words [.text-message+&amp;]:mt-5 juice:w-full juice:items-end overflow-x-auto gap-2\" dir=\"auto\" data-message-author-role=\"assistant\" data-message-id=\"2034782e-88f9-44ef-b4dc-07dd7bf0115f\">\n<div class=\"flex w-full flex-col gap-1 juice:empty:hidden juice:first:pt-[3px]\">\n<div class=\"markdown prose w-full break-words dark:prose-invert light\">\n<div style=\"box-sizing: inherit; font-family: Roboto, sans-serif;\">\n<div style=\"box-sizing: inherit; font-family: Roboto, sans-serif;\">\n<div style=\"box-sizing: inherit; font-family: Roboto, sans-serif;\">\n<div style=\"box-sizing: inherit; font-family: Roboto, sans-serif;\">\n<div style=\"box-sizing: inherit; font-family: Roboto, sans-serif;\">\n<div style=\"box-sizing: inherit; font-family: Roboto, sans-serif;\">\n<p><!--more--><\/p>\n<h4 style=\"text-align: left;\">Vorteile :<\/h4>\n<ul style=\"text-align: left;\">\n<li><strong data-start=\"2027\" data-end=\"2044\">Festliches Design<\/strong> Kugeln und Flocken mit Metallic-Tinten.<\/li>\n<li><strong data-start=\"2092\" data-end=\"2115\">Starrer silberner Boden<\/strong> f\u00fcr eine stabile Pr\u00e4sentation.<\/li>\n<li>Widerstandsf\u00e4hige und sch\u00fctzende <strong data-start=\"2150\" data-end=\"2172\">Polypropylenfolie<\/strong>.<\/li>\n<li>Ideale Gr\u00f6\u00dfe f\u00fcr S\u00fc\u00dfwaren, Schokolade und Kekse.<\/li>\n<li>Eleganter <strong data-start=\"2267\" data-end=\"2283\">Matt\/Glanz-Effekt<\/strong>, der die Blicke auf sich zieht.<\/li>\n<\/ul>\n<\/div>\n<\/div>\n<\/div>\n<\/div>\n<\/div>\n<\/div>\n<\/div>\n<\/div>\n<\/div>\n<\/div>\n<\/div>\n<\/div>\n<p>&nbsp;<\/p>\n<\/div>\n<\/div>\n<\/div>\n<\/div>\n<\/div>\n<\/div>\n<\/div>\n<\/div>\n<\/div>\n<\/div>\n<\/div>\n<p><!--more--><\/p>\n<h4>Weitere Informationen :<\/h4>\n<ul style=\"box-sizing: inherit; font-family: Roboto, sans-serif;\">\n<li><strong>Verpackung<\/strong>: Packung mit 100 St\u00fcck<\/li>\n<li><span style=\"font-weight: bold;\">Gr\u00f6\u00dfe<\/span>: 100 x 220 mm<\/li>\n<li><strong>Material<\/strong>: Polystyrol (OPP)<\/li>\n<li><strong>Farbe<\/strong>: Transparent \/ Gold<\/li>\n<li><strong>Option<\/strong>: Beutel mit Kartonboden<\/li>\n<\/ul>\n<p>&nbsp;<\/p>\n<p><!--more--><\/p>\n<p>Dieses Weihnachtss\u00e4ckchen ist in einer gr\u00f6\u00dferen Gr\u00f6\u00dfe erh\u00e4ltlich : <span style=\"color: #d12727;\"><a style=\"color: #d12727;\" href=\"https:\/\/www.csj-emballages.com\/de\/produit\/100-beutel-mit-suesswaren-kugeln-und-flocken-120-x-260-mm\/\">SBOULEFLOCT2<\/a><\/span><\/p>\n<p>&nbsp;<\/p>\n<p><!--more--><\/p>\n<p><a href=\"https:\/\/www.csj-emballages.com\/de\/categorie-produit\/lebensmittelverpackungen\/backerei-und-konditorei\/sacke-beutel-und-papier\/beutel-fur-suswaren\/themenbeutel\/weihnachtsbeutel\/\">Sehen Sie sich den Rest unseres Sortiments an Weihnachtst\u00fcten an<\/a><\/p>\n","protected":false},"excerpt":{"rendered":"<p>Beutel mit S\u00fc\u00dfigkeiten Weihnachten Beschreibung von unserem Weihnachtss\u00fc\u00dfigkeiten Beutel Kugeln und Flocken 100 x 220 mm pro 100<\/p>\n","protected":false},"featured_media":243569,"template":"","meta":{"_acf_changed":false},"product_brand":[],"product_cat":[1137,1171,1678,3413,1487],"product_tag":[],"class_list":{"0":"post-23220","1":"product","2":"type-product","3":"status-publish","4":"has-post-thumbnail","6":"product_cat-lebensmittelverpackungen","7":"product_cat-backerei-und-konditorei","8":"product_cat-beutel-fur-suswaren","9":"product_cat-weihnachtsbeutel","10":"product_cat-boutique-und-geschaft","12":"first","13":"instock","14":"taxable","15":"shipping-taxable","16":"purchasable","17":"product-type-simple"},"acf":[],"yoast_head":"<!-- This site is optimized with the Yoast SEO Premium plugin v26.6 (Yoast SEO v26.6) - https:\/\/yoast.com\/wordpress\/plugins\/seo\/ -->\n<title>Beutel mit Weihnachtss\u00fc\u00dfigkeiten Kugeln und Flocken 100 x 220 mm pro 100<\/title>\n<meta name=\"description\" content=\"S\u00fc\u00dfwarenbeutel Weihnachten 100 x 220 mm. Kugel- &amp; Schneeflockendesign, fester silberner Hintergrund, Metallic-Druck f\u00fcr leckere und elegante Feste.\" \/>\n<meta name=\"robots\" content=\"index, follow, max-snippet:-1, max-image-preview:large, max-video-preview:-1\" \/>\n<link rel=\"canonical\" href=\"https:\/\/www.csj-emballages.com\/de\/produit\/100-beutel-mit-suesswaren-kugeln-und-flocken-100-x-220-mm\/\" \/>\n<meta property=\"og:locale\" content=\"de_DE\" \/>\n<meta property=\"og:type\" content=\"article\" \/>\n<meta property=\"og:title\" content=\"Weihnachtsbeutel &quot;Kugeln und Flocken&quot; 100 x 220 mm\" \/>\n<meta property=\"og:description\" content=\"Weihnachtss\u00fc\u00dfwarenbeutel in 100x220 mm pro 100 St\u00fcck. Ideal f\u00fcr Ihre Festtagss\u00fc\u00dfigkeiten, f\u00fcr Gastgeschenke, Veranstaltungen oder den Verkauf in Ihrem Gesch\u00e4ft.\" \/>\n<meta property=\"og:url\" content=\"https:\/\/www.csj-emballages.com\/de\/produit\/100-beutel-mit-suesswaren-kugeln-und-flocken-100-x-220-mm\/\" \/>\n<meta property=\"og:site_name\" content=\"CSJ Emballages\" \/>\n<meta property=\"article:publisher\" content=\"https:\/\/www.facebook.com\/csjemballages\" \/>\n<meta property=\"article:modified_time\" content=\"2026-04-03T00:19:57+00:00\" \/>\n<meta property=\"og:image\" content=\"https:\/\/www.csj-emballages.com\/wp-content\/uploads\/2024\/03\/SBOULEFLOCT1.webp\" \/>\n\t<meta property=\"og:image:width\" content=\"800\" \/>\n\t<meta property=\"og:image:height\" content=\"800\" \/>\n\t<meta property=\"og:image:type\" content=\"image\/webp\" \/>\n<meta name=\"twitter:card\" content=\"summary_large_image\" \/>\n<meta name=\"twitter:title\" content=\"Weihnachtsbeutel &quot;Kugeln und Flocken&quot; 100 x 220 mm\" \/>\n<meta name=\"twitter:description\" content=\"Weihnachtss\u00fc\u00dfwarenbeutel in 100x220 mm pro 100 St\u00fcck. Ideal f\u00fcr Ihre Festtagss\u00fc\u00dfigkeiten, f\u00fcr Gastgeschenke, Veranstaltungen oder den Verkauf in Ihrem Gesch\u00e4ft.\" \/>\n<meta name=\"twitter:label1\" content=\"Gesch\u00e4tzte Lesezeit\" \/>\n\t<meta name=\"twitter:data1\" content=\"2 Minuten\" \/>\n<script type=\"application\/ld+json\" class=\"yoast-schema-graph\">{\"@context\":\"https:\/\/schema.org\",\"@graph\":[{\"@type\":\"WebPage\",\"@id\":\"https:\/\/www.csj-emballages.com\/de\/produit\/100-beutel-mit-suesswaren-kugeln-und-flocken-100-x-220-mm\/\",\"url\":\"https:\/\/www.csj-emballages.com\/de\/produit\/100-beutel-mit-suesswaren-kugeln-und-flocken-100-x-220-mm\/\",\"name\":\"Beutel mit Weihnachtss\u00fc\u00dfigkeiten Kugeln und Flocken 100 x 220 mm pro 100\",\"isPartOf\":{\"@id\":\"https:\/\/www.csj-emballages.com\/de\/#website\"},\"primaryImageOfPage\":{\"@id\":\"https:\/\/www.csj-emballages.com\/de\/produit\/100-beutel-mit-suesswaren-kugeln-und-flocken-100-x-220-mm\/#primaryimage\"},\"image\":{\"@id\":\"https:\/\/www.csj-emballages.com\/de\/produit\/100-beutel-mit-suesswaren-kugeln-und-flocken-100-x-220-mm\/#primaryimage\"},\"thumbnailUrl\":\"https:\/\/www.csj-emballages.com\/wp-content\/uploads\/2024\/03\/SBOULEFLOCT1.webp\",\"datePublished\":\"2024-03-01T15:49:27+00:00\",\"dateModified\":\"2026-04-03T00:19:57+00:00\",\"description\":\"S\u00fc\u00dfwarenbeutel Weihnachten 100 x 220 mm. Kugel- & Schneeflockendesign, fester silberner Hintergrund, Metallic-Druck f\u00fcr leckere und elegante Feste.\",\"breadcrumb\":{\"@id\":\"https:\/\/www.csj-emballages.com\/de\/produit\/100-beutel-mit-suesswaren-kugeln-und-flocken-100-x-220-mm\/#breadcrumb\"},\"inLanguage\":\"de\",\"potentialAction\":[{\"@type\":\"ReadAction\",\"target\":[\"https:\/\/www.csj-emballages.com\/de\/produit\/100-beutel-mit-suesswaren-kugeln-und-flocken-100-x-220-mm\/\"]}]},{\"@type\":\"ImageObject\",\"inLanguage\":\"de\",\"@id\":\"https:\/\/www.csj-emballages.com\/de\/produit\/100-beutel-mit-suesswaren-kugeln-und-flocken-100-x-220-mm\/#primaryimage\",\"url\":\"https:\/\/www.csj-emballages.com\/wp-content\/uploads\/2024\/03\/SBOULEFLOCT1.webp\",\"contentUrl\":\"https:\/\/www.csj-emballages.com\/wp-content\/uploads\/2024\/03\/SBOULEFLOCT1.webp\",\"width\":800,\"height\":800,\"caption\":\"Sachet confiseries\"},{\"@type\":\"BreadcrumbList\",\"@id\":\"https:\/\/www.csj-emballages.com\/de\/produit\/100-beutel-mit-suesswaren-kugeln-und-flocken-100-x-220-mm\/#breadcrumb\",\"itemListElement\":[{\"@type\":\"ListItem\",\"position\":1,\"name\":\"Accueil\",\"item\":\"https:\/\/www.csj-emballages.com\/de\/universum-lebensmittelverpackungen\/\"},{\"@type\":\"ListItem\",\"position\":2,\"name\":\"Shop\",\"item\":\"https:\/\/www.csj-emballages.com\/shop\/\"},{\"@type\":\"ListItem\",\"position\":3,\"name\":\"Beutel mit Weihnachtss\u00fc\u00dfwaren Kugeln und Flocken 100 x 220 mm pro 100\"}]},{\"@type\":\"WebSite\",\"@id\":\"https:\/\/www.csj-emballages.com\/de\/#website\",\"url\":\"https:\/\/www.csj-emballages.com\/de\/\",\"name\":\"CSJ Emballages\",\"description\":\"\",\"publisher\":{\"@id\":\"https:\/\/www.csj-emballages.com\/de\/#organization\"},\"potentialAction\":[{\"@type\":\"SearchAction\",\"target\":{\"@type\":\"EntryPoint\",\"urlTemplate\":\"https:\/\/www.csj-emballages.com\/de\/?s={search_term_string}\"},\"query-input\":{\"@type\":\"PropertyValueSpecification\",\"valueRequired\":true,\"valueName\":\"search_term_string\"}}],\"inLanguage\":\"de\"},{\"@type\":\"Organization\",\"@id\":\"https:\/\/www.csj-emballages.com\/de\/#Organization\/\",\"name\":\"CSJ Emballages\",\"url\":\"https:\/\/www.csj-emballages.com\/de\/\",\"logo\":{\"@type\":\"ImageObject\",\"inLanguage\":\"de\",\"@id\":\"https:\/\/www.csj-emballages.com\/de\/#\/schema\/logo\/image\/\",\"url\":\"https:\/\/www.csj-emballages.com\/wp-content\/uploads\/2023\/10\/logo_csj.webp\",\"contentUrl\":\"https:\/\/www.csj-emballages.com\/wp-content\/uploads\/2023\/10\/logo_csj.webp\",\"width\":250,\"height\":95,\"caption\":\"CSJ Emballages\"},\"image\":{\"@id\":\"https:\/\/www.csj-emballages.com\/de\/#\/schema\/logo\/image\/\"},\"sameAs\":[\"https:\/\/www.facebook.com\/csjemballages\"],\"address\":{\"@type\":\"PostalAddress\",\"streetAddress\":\"ZI La Lechere\",\"addressLocality\":\"Patornay\",\"postalCode\":\"39130\",\"addressCountry\":\"FR\"},\"contactPoint\":[{\"@type\":\"ContactPoint\",\"contactType\":\"Service client\",\"telephone\":\"0384254272\",\"email\":\"contact@csj-emballages.com\"}]}]}<\/script>\n<!-- \/ Yoast SEO Premium plugin. -->","yoast_head_json":{"title":"Beutel mit Weihnachtss\u00fc\u00dfigkeiten Kugeln und Flocken 100 x 220 mm pro 100","description":"S\u00fc\u00dfwarenbeutel Weihnachten 100 x 220 mm. Kugel- & Schneeflockendesign, fester silberner Hintergrund, Metallic-Druck f\u00fcr leckere und elegante Feste.","robots":{"index":"index","follow":"follow","max-snippet":"max-snippet:-1","max-image-preview":"max-image-preview:large","max-video-preview":"max-video-preview:-1"},"canonical":"https:\/\/www.csj-emballages.com\/de\/produit\/100-beutel-mit-suesswaren-kugeln-und-flocken-100-x-220-mm\/","og_locale":"de_DE","og_type":"article","og_title":"Weihnachtsbeutel \"Kugeln und Flocken\" 100 x 220 mm","og_description":"Weihnachtss\u00fc\u00dfwarenbeutel in 100x220 mm pro 100 St\u00fcck. Ideal f\u00fcr Ihre Festtagss\u00fc\u00dfigkeiten, f\u00fcr Gastgeschenke, Veranstaltungen oder den Verkauf in Ihrem Gesch\u00e4ft.","og_url":"https:\/\/www.csj-emballages.com\/de\/produit\/100-beutel-mit-suesswaren-kugeln-und-flocken-100-x-220-mm\/","og_site_name":"CSJ Emballages","article_publisher":"https:\/\/www.facebook.com\/csjemballages","article_modified_time":"2026-04-03T00:19:57+00:00","og_image":[{"width":800,"height":800,"url":"https:\/\/www.csj-emballages.com\/wp-content\/uploads\/2024\/03\/SBOULEFLOCT1.webp","type":"image\/webp"}],"twitter_card":"summary_large_image","twitter_title":"Weihnachtsbeutel \"Kugeln und Flocken\" 100 x 220 mm","twitter_description":"Weihnachtss\u00fc\u00dfwarenbeutel in 100x220 mm pro 100 St\u00fcck. Ideal f\u00fcr Ihre Festtagss\u00fc\u00dfigkeiten, f\u00fcr Gastgeschenke, Veranstaltungen oder den Verkauf in Ihrem Gesch\u00e4ft.","twitter_misc":{"Gesch\u00e4tzte Lesezeit":"2 Minuten"},"schema":{"@context":"https:\/\/schema.org","@graph":[{"@type":"WebPage","@id":"https:\/\/www.csj-emballages.com\/de\/produit\/100-beutel-mit-suesswaren-kugeln-und-flocken-100-x-220-mm\/","url":"https:\/\/www.csj-emballages.com\/de\/produit\/100-beutel-mit-suesswaren-kugeln-und-flocken-100-x-220-mm\/","name":"Beutel mit Weihnachtss\u00fc\u00dfigkeiten Kugeln und Flocken 100 x 220 mm pro 100","isPartOf":{"@id":"https:\/\/www.csj-emballages.com\/de\/#website"},"primaryImageOfPage":{"@id":"https:\/\/www.csj-emballages.com\/de\/produit\/100-beutel-mit-suesswaren-kugeln-und-flocken-100-x-220-mm\/#primaryimage"},"image":{"@id":"https:\/\/www.csj-emballages.com\/de\/produit\/100-beutel-mit-suesswaren-kugeln-und-flocken-100-x-220-mm\/#primaryimage"},"thumbnailUrl":"https:\/\/www.csj-emballages.com\/wp-content\/uploads\/2024\/03\/SBOULEFLOCT1.webp","datePublished":"2024-03-01T15:49:27+00:00","dateModified":"2026-04-03T00:19:57+00:00","description":"S\u00fc\u00dfwarenbeutel Weihnachten 100 x 220 mm. Kugel- & Schneeflockendesign, fester silberner Hintergrund, Metallic-Druck f\u00fcr leckere und elegante Feste.","breadcrumb":{"@id":"https:\/\/www.csj-emballages.com\/de\/produit\/100-beutel-mit-suesswaren-kugeln-und-flocken-100-x-220-mm\/#breadcrumb"},"inLanguage":"de","potentialAction":[{"@type":"ReadAction","target":["https:\/\/www.csj-emballages.com\/de\/produit\/100-beutel-mit-suesswaren-kugeln-und-flocken-100-x-220-mm\/"]}]},{"@type":"ImageObject","inLanguage":"de","@id":"https:\/\/www.csj-emballages.com\/de\/produit\/100-beutel-mit-suesswaren-kugeln-und-flocken-100-x-220-mm\/#primaryimage","url":"https:\/\/www.csj-emballages.com\/wp-content\/uploads\/2024\/03\/SBOULEFLOCT1.webp","contentUrl":"https:\/\/www.csj-emballages.com\/wp-content\/uploads\/2024\/03\/SBOULEFLOCT1.webp","width":800,"height":800,"caption":"Sachet confiseries"},{"@type":"BreadcrumbList","@id":"https:\/\/www.csj-emballages.com\/de\/produit\/100-beutel-mit-suesswaren-kugeln-und-flocken-100-x-220-mm\/#breadcrumb","itemListElement":[{"@type":"ListItem","position":1,"name":"Accueil","item":"https:\/\/www.csj-emballages.com\/de\/universum-lebensmittelverpackungen\/"},{"@type":"ListItem","position":2,"name":"Shop","item":"https:\/\/www.csj-emballages.com\/shop\/"},{"@type":"ListItem","position":3,"name":"Beutel mit Weihnachtss\u00fc\u00dfwaren Kugeln und Flocken 100 x 220 mm pro 100"}]},{"@type":"WebSite","@id":"https:\/\/www.csj-emballages.com\/de\/#website","url":"https:\/\/www.csj-emballages.com\/de\/","name":"CSJ Emballages","description":"","publisher":{"@id":"https:\/\/www.csj-emballages.com\/de\/#organization"},"potentialAction":[{"@type":"SearchAction","target":{"@type":"EntryPoint","urlTemplate":"https:\/\/www.csj-emballages.com\/de\/?s={search_term_string}"},"query-input":{"@type":"PropertyValueSpecification","valueRequired":true,"valueName":"search_term_string"}}],"inLanguage":"de"},{"@type":"Organization","@id":"https:\/\/www.csj-emballages.com\/de\/#Organization\/","name":"CSJ Emballages","url":"https:\/\/www.csj-emballages.com\/de\/","logo":{"@type":"ImageObject","inLanguage":"de","@id":"https:\/\/www.csj-emballages.com\/de\/#\/schema\/logo\/image\/","url":"https:\/\/www.csj-emballages.com\/wp-content\/uploads\/2023\/10\/logo_csj.webp","contentUrl":"https:\/\/www.csj-emballages.com\/wp-content\/uploads\/2023\/10\/logo_csj.webp","width":250,"height":95,"caption":"CSJ Emballages"},"image":{"@id":"https:\/\/www.csj-emballages.com\/de\/#\/schema\/logo\/image\/"},"sameAs":["https:\/\/www.facebook.com\/csjemballages"],"address":{"@type":"PostalAddress","streetAddress":"ZI La Lechere","addressLocality":"Patornay","postalCode":"39130","addressCountry":"FR"},"contactPoint":[{"@type":"ContactPoint","contactType":"Service client","telephone":"0384254272","email":"contact@csj-emballages.com"}]}]}},"df_price":20.3,"df_sale_price":"","df_regular_price":20.3,"df_image_link":"https:\/\/www.csj-emballages.com\/wp-content\/uploads\/2024\/03\/SBOULEFLOCT1-300x300.webp","tiered_pricing_type":"fixed","tiered_pricing_fixed_rules":[],"tiered_pricing_percentage_rules":[],"tiered_pricing_minimum":1,"tiered_pricing_roles_data":[],"_links":{"self":[{"href":"https:\/\/www.csj-emballages.com\/de\/wp-json\/wp\/v2\/product\/23220","targetHints":{"allow":["GET"]}}],"collection":[{"href":"https:\/\/www.csj-emballages.com\/de\/wp-json\/wp\/v2\/product"}],"about":[{"href":"https:\/\/www.csj-emballages.com\/de\/wp-json\/wp\/v2\/types\/product"}],"wp:featuredmedia":[{"embeddable":true,"href":"https:\/\/www.csj-emballages.com\/de\/wp-json\/wp\/v2\/media\/243569"}],"wp:attachment":[{"href":"https:\/\/www.csj-emballages.com\/de\/wp-json\/wp\/v2\/media?parent=23220"}],"wp:term":[{"taxonomy":"product_brand","embeddable":true,"href":"https:\/\/www.csj-emballages.com\/de\/wp-json\/wp\/v2\/product_brand?post=23220"},{"taxonomy":"product_cat","embeddable":true,"href":"https:\/\/www.csj-emballages.com\/de\/wp-json\/wp\/v2\/product_cat?post=23220"},{"taxonomy":"product_tag","embeddable":true,"href":"https:\/\/www.csj-emballages.com\/de\/wp-json\/wp\/v2\/product_tag?post=23220"}],"curies":[{"name":"wp","href":"https:\/\/api.w.org\/{rel}","templated":true}]}}