{"id":23193,"date":"2024-03-01T16:50:06","date_gmt":"2024-03-01T15:50:06","guid":{"rendered":"https:\/\/u15jnbdpoq.preview.infomaniak.website\/produit\/100-beutel-suesswaren-flach-polypro-90-x-180-mm\/"},"modified":"2026-04-09T02:18:16","modified_gmt":"2026-04-09T00:18:16","slug":"100-beutel-suesswaren-flach-polypro-90-x-180-mm","status":"publish","type":"product","link":"https:\/\/www.csj-emballages.com\/de\/produit\/100-beutel-suesswaren-flach-polypro-90-x-180-mm\/","title":{"rendered":"Flache S\u00fc\u00dfwarenbeutel aus Polypropylen 90 x 180 mm pro 100 St\u00fcck"},"content":{"rendered":"<div style=\"box-sizing: inherit; font-family: Roboto, sans-serif;\">\n<div style=\"box-sizing: inherit; font-family: Roboto, sans-serif;\">\n<div style=\"box-sizing: inherit; font-family: Roboto, sans-serif;\">\n<div style=\"box-sizing: inherit; font-family: Roboto, sans-serif;\">\n<div style=\"box-sizing: inherit; font-family: Roboto, sans-serif;\">\n<div style=\"box-sizing: inherit; font-family: Roboto, sans-serif;\">\n<div style=\"box-sizing: inherit; font-family: Roboto, sans-serif;\">\n<div style=\"box-sizing: inherit; font-family: Roboto, sans-serif;\">\n<div style=\"box-sizing: inherit; font-family: Roboto, sans-serif;\">\n<div style=\"box-sizing: inherit; font-family: Roboto, sans-serif;\">\n<div style=\"box-sizing: inherit; font-family: Roboto, sans-serif;\">\n<div style=\"box-sizing: inherit; font-family: Roboto, sans-serif;\">\n<div style=\"box-sizing: inherit; font-family: Roboto, sans-serif;\">\n<div class=\"flex flex-grow flex-col max-w-full\">\n<div class=\"min-h-[20px] text-message flex flex-col items-start whitespace-pre-wrap break-words [.text-message+&amp;]:mt-5 juice:w-full juice:items-end overflow-x-auto gap-2\" dir=\"auto\" data-message-author-role=\"assistant\" data-message-id=\"2034782e-88f9-44ef-b4dc-07dd7bf0115f\">\n<div class=\"flex w-full flex-col gap-1 juice:empty:hidden juice:first:pt-[3px]\">\n<div class=\"markdown prose w-full break-words dark:prose-invert light\">\n<div style=\"box-sizing: inherit; font-family: Roboto, sans-serif;\">\n<div style=\"box-sizing: inherit; font-family: Roboto, sans-serif;\">\n<div style=\"box-sizing: inherit; font-family: Roboto, sans-serif;\">\n<div style=\"box-sizing: inherit; font-family: Roboto, sans-serif;\">\n<div style=\"box-sizing: inherit; font-family: Roboto, sans-serif;\">\n<div style=\"box-sizing: inherit; font-family: Roboto, sans-serif;\">\n<h2>Flache Konfektt\u00fcte<\/h2>\n<div style=\"box-sizing: inherit; font-family: Roboto, sans-serif;\">\n<div style=\"box-sizing: inherit; font-family: Roboto, sans-serif;\">\n<div style=\"box-sizing: inherit; font-family: Roboto, sans-serif;\">\n<div style=\"text-align: center;\">\n<div style=\"box-sizing: inherit; font-family: Roboto, sans-serif;\">\n<div style=\"box-sizing: inherit; font-family: Roboto, sans-serif;\">\n<div style=\"box-sizing: inherit; font-family: Roboto, sans-serif;\">\n<div style=\"box-sizing: inherit; font-family: Roboto, sans-serif;\">\n<div style=\"box-sizing: inherit; font-family: Roboto, sans-serif;\">\n<div style=\"box-sizing: inherit; font-family: Roboto, sans-serif; text-align: left;\">\n<hr>\n<h3 style=\"text-align: left;\">Beschreibung unseres flachen S\u00fc\u00dfwarenbeutels Polypro 90 x 180 mm pro 100 St\u00fcck<\/h3>\n<h3 style=\"text-align: left;\"><!--more--><\/h3>\n<\/div>\n<\/div>\n<\/div>\n<\/div>\n<\/div>\n<\/div>\n<\/div>\n<\/div>\n<\/div>\n<\/div>\n<\/div>\n<\/div>\n<\/div>\n<\/div>\n<\/div>\n<\/div>\n<\/div>\n<\/div>\n<\/div>\n<\/div>\n<\/div>\n<\/div>\n<\/div>\n<\/div>\n<\/div>\n<\/div>\n<\/div>\n<\/div>\n<\/div>\n<\/div>\n<\/div>\n<\/div>\n<\/div>\n<div style=\"box-sizing: inherit; font-family: Roboto, sans-serif;\">\n<div style=\"box-sizing: inherit; font-family: Roboto, sans-serif;\">\n<div style=\"box-sizing: inherit; font-family: Roboto, sans-serif;\">\n<div style=\"box-sizing: inherit; font-family: Roboto, sans-serif;\">\n<div style=\"box-sizing: inherit; font-family: Roboto, sans-serif;\">\n<div style=\"box-sizing: inherit; font-family: Roboto, sans-serif;\">\n<div style=\"box-sizing: inherit; font-family: Roboto, sans-serif;\">\n<div style=\"box-sizing: inherit; font-family: Roboto, sans-serif;\">\n<div style=\"box-sizing: inherit; font-family: Roboto, sans-serif;\">\n<div style=\"box-sizing: inherit; font-family: Roboto, sans-serif;\">\n<div style=\"box-sizing: inherit; font-family: Roboto, sans-serif;\">\n<div style=\"box-sizing: inherit; font-family: Roboto, sans-serif;\">\n<div style=\"box-sizing: inherit; font-family: Roboto, sans-serif;\">\n<div class=\"flex flex-grow flex-col max-w-full\">\n<div class=\"min-h-[20px] text-message flex flex-col items-start whitespace-pre-wrap break-words [.text-message+&amp;]:mt-5 juice:w-full juice:items-end overflow-x-auto gap-2\" dir=\"auto\" data-message-author-role=\"assistant\" data-message-id=\"2034782e-88f9-44ef-b4dc-07dd7bf0115f\">\n<div class=\"flex w-full flex-col gap-1 juice:empty:hidden juice:first:pt-[3px]\">\n<div class=\"markdown prose w-full break-words dark:prose-invert light\">\n<div style=\"box-sizing: inherit; font-family: Roboto, sans-serif;\">\n<div style=\"box-sizing: inherit; font-family: Roboto, sans-serif;\">\n<div style=\"box-sizing: inherit; font-family: Roboto, sans-serif;\">\n<div style=\"box-sizing: inherit; font-family: Roboto, sans-serif;\">\n<div style=\"box-sizing: inherit; font-family: Roboto, sans-serif;\">\n<div style=\"box-sizing: inherit; font-family: Roboto, sans-serif;\">\n<p data-start=\"0\" data-end=\"440\">Lassen Sie Ihre s\u00fc\u00dfen Kreationen das ganze Jahr \u00fcber mit unserem <strong data-start=\"118\" data-end=\"172\">flachen Polyprofi-S\u00fc\u00dfwarenbeutel 90 x 180 mm pro 100 St\u00fcck<\/strong> zur Geltung kommen. Denn dieser <strong>transparente<\/strong> und <strong data-start=\"241\" data-end=\"251\">neutrale<\/strong> <strong data-start=\"118\" data-end=\"172\">Beutel<\/strong> wurde entwickelt, um Ihre S\u00fc\u00dfigkeiten zur Geltung zu bringen, und eignet sich f\u00fcr eine Vielzahl von Verwendungszwecken. Dank seines widerstandsf\u00e4higen <strong data-start=\"298\" data-end=\"323\">Polypropylenmaterials<\/strong> bewahrt er die Frische und Qualit\u00e4t Ihrer Produkte und bietet ihnen gleichzeitig eine elegante Pr\u00e4sentation.  <\/p>\n<p data-start=\"442\" data-end=\"818\">Dieser <strong>flache S\u00fc\u00dfwarenbeutel<\/strong> ist ideal f\u00fcr professionelle Naschkatzen. Er eignet sich hervorragend zum Verpacken <strong data-start=\"532\" data-end=\"557\">von Schokoladentafeln<\/strong>, <strong data-start=\"559\" data-end=\"570\">Keksen<\/strong>, <strong data-start=\"572\" data-end=\"584\">Lutschern<\/strong>, Nougat oder auch Dragees. Seine <strong>flache Form ohne Seitenfalte<\/strong> eignet sich besonders f\u00fcr Produkte, die nicht vertikal gehalten werden m\u00fcssen. Au\u00dferdem l\u00e4sst sich der Beutel problemlos in eine Schachtel oder einen Geschenkkarton stecken und sorgt so f\u00fcr ein gepflegtes Finish.  <\/p>\n<p data-start=\"820\" data-end=\"1273\">Da eine sch\u00f6ne Verpackung Ihr Know-how aufwertet, hebt dieser <strong>Plastikbeutel<\/strong> die Farben, Texturen und Details Ihrer Zubereitungen hervor. Ob Sie nun <strong data-start=\"968\" data-end=\"982\">Biskuitb\u00e4cker<\/strong>, <strong data-start=\"984\" data-end=\"999\">Chocolatier<\/strong>, <strong data-start=\"1001\" data-end=\"1014\">Konditor<\/strong> oder <strong data-start=\"1018\" data-end=\"1031\">Confiseur<\/strong> sind, Sie profitieren von einer praktischen Verpackung, die den geltenden Normen entspricht. Dar\u00fcber hinaus entspricht sie dem <strong data-start=\"1117\" data-end=\"1144\">Umweltgesetzbuch<\/strong> und den Anforderungen des Gesetzes <strong data-start=\"1172\" data-end=\"1185\">AGEC 2025<\/strong>, ist <strong data-start=\"1194\" data-end=\"1225\">f\u00fcr den Kontakt mit Lebensmitteln geeignet<\/strong> und tr\u00e4gt zu einem verantwortungsvolleren Vorgehen bei.  <\/p>\n<p data-start=\"1275\" data-end=\"1601\">Schlie\u00dflich machen ihn seine <strong>kristallklare Transparenz<\/strong> und seine Gr\u00f6\u00dfe von <strong>90 x 180 mm<\/strong> zu einem perfekten Verb\u00fcndeten f\u00fcr den Verkauf in Gesch\u00e4ften, auf M\u00e4rkten oder bei Gourmetveranstaltungen. Mit der Wahl dieses <strong>S\u00fc\u00dfwarenbeutels<\/strong> bieten Sie Ihren Kunden eine professionelle Pr\u00e4sentation, die schon auf den ersten Blick Lust darauf macht, in Ihre K\u00f6stlichkeiten zu bei\u00dfen. <\/p>\n<\/div>\n<div style=\"box-sizing: inherit; font-family: Roboto, sans-serif;\">\n<p><!--more--><\/p>\n<h4 style=\"text-align: left;\">Vorteile :<\/h4>\n<ul style=\"text-align: left;\">\n<li><strong data-start=\"1807\" data-end=\"1836\">Transparentes Polypropylen<\/strong>: hebt Ihre Gourmetkreationen hervor.<\/li>\n<li><strong data-start=\"1883\" data-end=\"1914\">Praktisches Format 90 x 180 mm<\/strong>: perfekt f\u00fcr Schokolade, Kekse und S\u00fc\u00dfigkeiten.<\/li>\n<li><strong data-start=\"1970\" data-end=\"2006\">Entspricht den Lebensmittelstandards<\/strong> und dem Gesetz <strong data-start=\"2019\" data-end=\"2032\">AGEC 2025.<\/strong><\/li>\n<li>L\u00e4sst sich leicht in ein <strong data-start=\"2067\" data-end=\"2075\">Etui<\/strong> oder eine Schachtel stecken und sorgt so f\u00fcr eine gepflegte Pr\u00e4sentation.<\/li>\n<li>Vielseitige Verpackung f\u00fcr <strong data-start=\"2150\" data-end=\"2165\">Kekshersteller<\/strong>, <strong data-start=\"2167\" data-end=\"2181\">Konditoren<\/strong>, <strong data-start=\"2183\" data-end=\"2197\">Drageespezialisten<\/strong> und mehr.<\/li>\n<\/ul>\n<\/div>\n<\/div>\n<\/div>\n<\/div>\n<\/div>\n<\/div>\n<\/div>\n<\/div>\n<\/div>\n<\/div>\n<\/div>\n<\/div>\n<p>&nbsp;<\/p>\n<\/div>\n<\/div>\n<\/div>\n<\/div>\n<\/div>\n<\/div>\n<\/div>\n<\/div>\n<\/div>\n<\/div>\n<\/div>\n<p><!--more--><\/p>\n<h4>Weitere Informationen :<\/h4>\n<ul style=\"box-sizing: inherit; font-family: Roboto, sans-serif;\">\n<li><strong>Verpackung<\/strong>: Packung mit 100 St\u00fcck<\/li>\n<li><span style=\"font-weight: bold;\">Ma\u00dfe<\/span>: 90 x 180 mm<\/li>\n<li><strong>Material<\/strong>: OPP<\/li>\n<li><strong>Farbe<\/strong>: Transparent<\/li>\n<li><strong>Widerstand<\/strong>: 35\u00b5<\/li>\n<\/ul>\n<p>&nbsp;<\/p>\n<p><!--more--><\/p>\n<div style=\"box-sizing: inherit; font-family: Roboto, sans-serif;\">\n<div style=\"box-sizing: inherit; font-family: Roboto, sans-serif;\">\n<div style=\"box-sizing: inherit; font-family: Roboto, sans-serif;\">\n<div style=\"box-sizing: inherit; font-family: Roboto, sans-serif;\">\n<div style=\"box-sizing: inherit; font-family: Roboto, sans-serif;\">\n<div style=\"box-sizing: inherit; font-family: Roboto, sans-serif;\">\n<p>Dieser Beutel ist in verschiedenen Gr\u00f6\u00dfen erh\u00e4ltlich : <span style=\"color: #d12727;\"><a style=\"color: #d12727;\" href=\"https:\/\/www.csj-emballages.com\/produit\/100-sachets-confiserie-plat-polypro-50-x-120-mm\/\">50 x 120 mm<\/a><\/span> \/ <span style=\"color: #d12727;\"><a style=\"color: #d12727;\" href=\"https:\/\/www.csj-emballages.com\/de\/produit\/100-beutel-suesswaren-flach-polypro-70-x-130-mm\/\">70 x 130 mm<\/a><\/span> \/ <span style=\"color: #d12727;\"><a style=\"color: #d12727;\" href=\"https:\/\/www.csj-emballages.com\/produit\/100-sachets-confiserie-plat-polypro-80-x-160-mm\/\">80 x 160 mm<\/a><\/span> \/ <span style=\"color: #d12727;\"><a style=\"color: #d12727;\" href=\"https:\/\/www.csj-emballages.com\/de\/produit\/100-beutel-suesswaren-flach-polypro-100-x-200-mm\/\">100 x 200 mm<\/a><\/span> \/ <span style=\"color: #d12727;\"><a style=\"color: #d12727;\" href=\"https:\/\/www.csj-emballages.com\/de\/produit\/100-beutel-suesswaren-flach-polypro-110-x-220-mm\/\">110 x 220 mm<\/a><\/span> \/ <span style=\"color: #d12727;\"><a style=\"color: #d12727;\" href=\"https:\/\/www.csj-emballages.com\/de\/produit\/100-beutel-suesswaren-flach-polypro-120-x-240-mm\/\">120 x 240 mm<\/a><\/span><\/p>\n<p>&nbsp;<\/p>\n<p><!--more--><\/p>\n<p><a href=\"https:\/\/www.csj-emballages.com\/de\/categorie-produit\/lebensmittelverpackungen\/backerei-und-konditorei\/sacke-beutel-und-papier\/beutel-fur-suswaren\/beutel-ohne-boden-de\/flache-polybeutel-mit-suswaren\/flache-neutrale-polypropylen-tute-mit-suswaren\/\">Sehen Sie sich den Rest unseres Sortiments an flachen Polypropylen-S\u00fc\u00dfwarenbeuteln an.<\/a><\/p>\n<\/div>\n<\/div>\n<\/div>\n<\/div>\n<\/div>\n<\/div>\n","protected":false},"excerpt":{"rendered":"<p>Flache Konfektt\u00fcte Beschreibung unseres flachen S\u00fc\u00dfwarenbeutels Polypro 90 x 180 mm pro 100 St\u00fcck<\/p>\n","protected":false},"featured_media":243754,"template":"","meta":{"_acf_changed":false},"product_brand":[],"product_cat":[1137,1171,1678,3299,3394,1487],"product_tag":[],"class_list":{"0":"post-23193","1":"product","2":"type-product","3":"status-publish","4":"has-post-thumbnail","6":"product_cat-lebensmittelverpackungen","7":"product_cat-backerei-und-konditorei","8":"product_cat-beutel-fur-suswaren","9":"product_cat-flache-polybeutel-mit-suswaren","10":"product_cat-flache-neutrale-polypropylen-tute-mit-suswaren","11":"product_cat-boutique-und-geschaft","13":"first","14":"outofstock","15":"taxable","16":"shipping-taxable","17":"purchasable","18":"product-type-simple"},"acf":[],"yoast_head":"<!-- This site is optimized with the Yoast SEO Premium plugin v26.6 (Yoast SEO v26.6) - https:\/\/yoast.com\/wordpress\/plugins\/seo\/ -->\n<title>Flacher Polypro-S\u00fc\u00dfwarenbeutel 90 x 180 mm pro 100 St\u00fcck<\/title>\n<meta name=\"description\" content=\"Flache S\u00fc\u00dfwarenbeutel 90 x 180 mm pro 100 St\u00fcck, transparent und f\u00fcr den Kontakt mit Lebensmitteln geeignet. Ideal f\u00fcr Chocolatiers, Biskuithersteller und Konditoren.\" \/>\n<meta name=\"robots\" content=\"index, follow, max-snippet:-1, max-image-preview:large, max-video-preview:-1\" \/>\n<link rel=\"canonical\" href=\"https:\/\/www.csj-emballages.com\/de\/produit\/100-beutel-suesswaren-flach-polypro-90-x-180-mm\/\" \/>\n<meta property=\"og:locale\" content=\"de_DE\" \/>\n<meta property=\"og:type\" content=\"article\" \/>\n<meta property=\"og:title\" content=\"Flache S\u00fc\u00dfwarenbeutel aus Polypropylen 90 x 180 mm pro 100 St\u00fcck\" \/>\n<meta property=\"og:description\" content=\"Flache S\u00fc\u00dfwarenbeutel 90 x 180 mm pro 100 St\u00fcck, transparent und f\u00fcr den Kontakt mit Lebensmitteln geeignet. Ideal f\u00fcr Chocolatiers, Biskuithersteller und Konditoren.\" \/>\n<meta property=\"og:url\" content=\"https:\/\/www.csj-emballages.com\/de\/produit\/100-beutel-suesswaren-flach-polypro-90-x-180-mm\/\" \/>\n<meta property=\"og:site_name\" content=\"CSJ Emballages\" \/>\n<meta property=\"article:publisher\" content=\"https:\/\/www.facebook.com\/csjemballages\" \/>\n<meta property=\"article:modified_time\" content=\"2026-04-09T00:18:16+00:00\" \/>\n<meta property=\"og:image\" content=\"https:\/\/www.csj-emballages.com\/wp-content\/uploads\/2024\/03\/SACPPT-1.webp\" \/>\n\t<meta property=\"og:image:width\" content=\"800\" \/>\n\t<meta property=\"og:image:height\" content=\"800\" \/>\n\t<meta property=\"og:image:type\" content=\"image\/webp\" \/>\n<meta name=\"twitter:card\" content=\"summary_large_image\" \/>\n<meta name=\"twitter:label1\" content=\"Gesch\u00e4tzte Lesezeit\" \/>\n\t<meta name=\"twitter:data1\" content=\"2 Minuten\" \/>\n<script type=\"application\/ld+json\" class=\"yoast-schema-graph\">{\"@context\":\"https:\/\/schema.org\",\"@graph\":[{\"@type\":\"WebPage\",\"@id\":\"https:\/\/www.csj-emballages.com\/de\/produit\/100-beutel-suesswaren-flach-polypro-90-x-180-mm\/\",\"url\":\"https:\/\/www.csj-emballages.com\/de\/produit\/100-beutel-suesswaren-flach-polypro-90-x-180-mm\/\",\"name\":\"Flacher Polypro-S\u00fc\u00dfwarenbeutel 90 x 180 mm pro 100 St\u00fcck\",\"isPartOf\":{\"@id\":\"https:\/\/www.csj-emballages.com\/de\/#website\"},\"primaryImageOfPage\":{\"@id\":\"https:\/\/www.csj-emballages.com\/de\/produit\/100-beutel-suesswaren-flach-polypro-90-x-180-mm\/#primaryimage\"},\"image\":{\"@id\":\"https:\/\/www.csj-emballages.com\/de\/produit\/100-beutel-suesswaren-flach-polypro-90-x-180-mm\/#primaryimage\"},\"thumbnailUrl\":\"https:\/\/www.csj-emballages.com\/wp-content\/uploads\/2024\/03\/SACPPT-1.webp\",\"datePublished\":\"2024-03-01T15:50:06+00:00\",\"dateModified\":\"2026-04-09T00:18:16+00:00\",\"description\":\"Flache S\u00fc\u00dfwarenbeutel 90 x 180 mm pro 100 St\u00fcck, transparent und f\u00fcr den Kontakt mit Lebensmitteln geeignet. Ideal f\u00fcr Chocolatiers, Biskuithersteller und Konditoren.\",\"breadcrumb\":{\"@id\":\"https:\/\/www.csj-emballages.com\/de\/produit\/100-beutel-suesswaren-flach-polypro-90-x-180-mm\/#breadcrumb\"},\"inLanguage\":\"de\",\"potentialAction\":[{\"@type\":\"ReadAction\",\"target\":[\"https:\/\/www.csj-emballages.com\/de\/produit\/100-beutel-suesswaren-flach-polypro-90-x-180-mm\/\"]}]},{\"@type\":\"ImageObject\",\"inLanguage\":\"de\",\"@id\":\"https:\/\/www.csj-emballages.com\/de\/produit\/100-beutel-suesswaren-flach-polypro-90-x-180-mm\/#primaryimage\",\"url\":\"https:\/\/www.csj-emballages.com\/wp-content\/uploads\/2024\/03\/SACPPT-1.webp\",\"contentUrl\":\"https:\/\/www.csj-emballages.com\/wp-content\/uploads\/2024\/03\/SACPPT-1.webp\",\"width\":800,\"height\":800,\"caption\":\"Sachet confiseries plat\"},{\"@type\":\"BreadcrumbList\",\"@id\":\"https:\/\/www.csj-emballages.com\/de\/produit\/100-beutel-suesswaren-flach-polypro-90-x-180-mm\/#breadcrumb\",\"itemListElement\":[{\"@type\":\"ListItem\",\"position\":1,\"name\":\"Accueil\",\"item\":\"https:\/\/www.csj-emballages.com\/de\/universum-lebensmittelverpackungen\/\"},{\"@type\":\"ListItem\",\"position\":2,\"name\":\"Shop\",\"item\":\"https:\/\/www.csj-emballages.com\/shop\/\"},{\"@type\":\"ListItem\",\"position\":3,\"name\":\"Flache S\u00fc\u00dfwarenbeutel aus Polypropylen 90 x 180 mm pro 100 St\u00fcck\"}]},{\"@type\":\"WebSite\",\"@id\":\"https:\/\/www.csj-emballages.com\/de\/#website\",\"url\":\"https:\/\/www.csj-emballages.com\/de\/\",\"name\":\"CSJ Emballages\",\"description\":\"\",\"publisher\":{\"@id\":\"https:\/\/www.csj-emballages.com\/de\/#organization\"},\"potentialAction\":[{\"@type\":\"SearchAction\",\"target\":{\"@type\":\"EntryPoint\",\"urlTemplate\":\"https:\/\/www.csj-emballages.com\/de\/?s={search_term_string}\"},\"query-input\":{\"@type\":\"PropertyValueSpecification\",\"valueRequired\":true,\"valueName\":\"search_term_string\"}}],\"inLanguage\":\"de\"},{\"@type\":\"Organization\",\"@id\":\"https:\/\/www.csj-emballages.com\/de\/#Organization\/\",\"name\":\"CSJ Emballages\",\"url\":\"https:\/\/www.csj-emballages.com\/de\/\",\"logo\":{\"@type\":\"ImageObject\",\"inLanguage\":\"de\",\"@id\":\"https:\/\/www.csj-emballages.com\/de\/#\/schema\/logo\/image\/\",\"url\":\"https:\/\/www.csj-emballages.com\/wp-content\/uploads\/2023\/10\/logo_csj.webp\",\"contentUrl\":\"https:\/\/www.csj-emballages.com\/wp-content\/uploads\/2023\/10\/logo_csj.webp\",\"width\":250,\"height\":95,\"caption\":\"CSJ Emballages\"},\"image\":{\"@id\":\"https:\/\/www.csj-emballages.com\/de\/#\/schema\/logo\/image\/\"},\"sameAs\":[\"https:\/\/www.facebook.com\/csjemballages\"],\"address\":{\"@type\":\"PostalAddress\",\"streetAddress\":\"ZI La Lechere\",\"addressLocality\":\"Patornay\",\"postalCode\":\"39130\",\"addressCountry\":\"FR\"},\"contactPoint\":[{\"@type\":\"ContactPoint\",\"contactType\":\"Service client\",\"telephone\":\"0384254272\",\"email\":\"contact@csj-emballages.com\"}]}]}<\/script>\n<!-- \/ Yoast SEO Premium plugin. -->","yoast_head_json":{"title":"Flacher Polypro-S\u00fc\u00dfwarenbeutel 90 x 180 mm pro 100 St\u00fcck","description":"Flache S\u00fc\u00dfwarenbeutel 90 x 180 mm pro 100 St\u00fcck, transparent und f\u00fcr den Kontakt mit Lebensmitteln geeignet. Ideal f\u00fcr Chocolatiers, Biskuithersteller und Konditoren.","robots":{"index":"index","follow":"follow","max-snippet":"max-snippet:-1","max-image-preview":"max-image-preview:large","max-video-preview":"max-video-preview:-1"},"canonical":"https:\/\/www.csj-emballages.com\/de\/produit\/100-beutel-suesswaren-flach-polypro-90-x-180-mm\/","og_locale":"de_DE","og_type":"article","og_title":"Flache S\u00fc\u00dfwarenbeutel aus Polypropylen 90 x 180 mm pro 100 St\u00fcck","og_description":"Flache S\u00fc\u00dfwarenbeutel 90 x 180 mm pro 100 St\u00fcck, transparent und f\u00fcr den Kontakt mit Lebensmitteln geeignet. Ideal f\u00fcr Chocolatiers, Biskuithersteller und Konditoren.","og_url":"https:\/\/www.csj-emballages.com\/de\/produit\/100-beutel-suesswaren-flach-polypro-90-x-180-mm\/","og_site_name":"CSJ Emballages","article_publisher":"https:\/\/www.facebook.com\/csjemballages","article_modified_time":"2026-04-09T00:18:16+00:00","og_image":[{"width":800,"height":800,"url":"https:\/\/www.csj-emballages.com\/wp-content\/uploads\/2024\/03\/SACPPT-1.webp","type":"image\/webp"}],"twitter_card":"summary_large_image","twitter_misc":{"Gesch\u00e4tzte Lesezeit":"2 Minuten"},"schema":{"@context":"https:\/\/schema.org","@graph":[{"@type":"WebPage","@id":"https:\/\/www.csj-emballages.com\/de\/produit\/100-beutel-suesswaren-flach-polypro-90-x-180-mm\/","url":"https:\/\/www.csj-emballages.com\/de\/produit\/100-beutel-suesswaren-flach-polypro-90-x-180-mm\/","name":"Flacher Polypro-S\u00fc\u00dfwarenbeutel 90 x 180 mm pro 100 St\u00fcck","isPartOf":{"@id":"https:\/\/www.csj-emballages.com\/de\/#website"},"primaryImageOfPage":{"@id":"https:\/\/www.csj-emballages.com\/de\/produit\/100-beutel-suesswaren-flach-polypro-90-x-180-mm\/#primaryimage"},"image":{"@id":"https:\/\/www.csj-emballages.com\/de\/produit\/100-beutel-suesswaren-flach-polypro-90-x-180-mm\/#primaryimage"},"thumbnailUrl":"https:\/\/www.csj-emballages.com\/wp-content\/uploads\/2024\/03\/SACPPT-1.webp","datePublished":"2024-03-01T15:50:06+00:00","dateModified":"2026-04-09T00:18:16+00:00","description":"Flache S\u00fc\u00dfwarenbeutel 90 x 180 mm pro 100 St\u00fcck, transparent und f\u00fcr den Kontakt mit Lebensmitteln geeignet. Ideal f\u00fcr Chocolatiers, Biskuithersteller und Konditoren.","breadcrumb":{"@id":"https:\/\/www.csj-emballages.com\/de\/produit\/100-beutel-suesswaren-flach-polypro-90-x-180-mm\/#breadcrumb"},"inLanguage":"de","potentialAction":[{"@type":"ReadAction","target":["https:\/\/www.csj-emballages.com\/de\/produit\/100-beutel-suesswaren-flach-polypro-90-x-180-mm\/"]}]},{"@type":"ImageObject","inLanguage":"de","@id":"https:\/\/www.csj-emballages.com\/de\/produit\/100-beutel-suesswaren-flach-polypro-90-x-180-mm\/#primaryimage","url":"https:\/\/www.csj-emballages.com\/wp-content\/uploads\/2024\/03\/SACPPT-1.webp","contentUrl":"https:\/\/www.csj-emballages.com\/wp-content\/uploads\/2024\/03\/SACPPT-1.webp","width":800,"height":800,"caption":"Sachet confiseries plat"},{"@type":"BreadcrumbList","@id":"https:\/\/www.csj-emballages.com\/de\/produit\/100-beutel-suesswaren-flach-polypro-90-x-180-mm\/#breadcrumb","itemListElement":[{"@type":"ListItem","position":1,"name":"Accueil","item":"https:\/\/www.csj-emballages.com\/de\/universum-lebensmittelverpackungen\/"},{"@type":"ListItem","position":2,"name":"Shop","item":"https:\/\/www.csj-emballages.com\/shop\/"},{"@type":"ListItem","position":3,"name":"Flache S\u00fc\u00dfwarenbeutel aus Polypropylen 90 x 180 mm pro 100 St\u00fcck"}]},{"@type":"WebSite","@id":"https:\/\/www.csj-emballages.com\/de\/#website","url":"https:\/\/www.csj-emballages.com\/de\/","name":"CSJ Emballages","description":"","publisher":{"@id":"https:\/\/www.csj-emballages.com\/de\/#organization"},"potentialAction":[{"@type":"SearchAction","target":{"@type":"EntryPoint","urlTemplate":"https:\/\/www.csj-emballages.com\/de\/?s={search_term_string}"},"query-input":{"@type":"PropertyValueSpecification","valueRequired":true,"valueName":"search_term_string"}}],"inLanguage":"de"},{"@type":"Organization","@id":"https:\/\/www.csj-emballages.com\/de\/#Organization\/","name":"CSJ Emballages","url":"https:\/\/www.csj-emballages.com\/de\/","logo":{"@type":"ImageObject","inLanguage":"de","@id":"https:\/\/www.csj-emballages.com\/de\/#\/schema\/logo\/image\/","url":"https:\/\/www.csj-emballages.com\/wp-content\/uploads\/2023\/10\/logo_csj.webp","contentUrl":"https:\/\/www.csj-emballages.com\/wp-content\/uploads\/2023\/10\/logo_csj.webp","width":250,"height":95,"caption":"CSJ Emballages"},"image":{"@id":"https:\/\/www.csj-emballages.com\/de\/#\/schema\/logo\/image\/"},"sameAs":["https:\/\/www.facebook.com\/csjemballages"],"address":{"@type":"PostalAddress","streetAddress":"ZI La Lechere","addressLocality":"Patornay","postalCode":"39130","addressCountry":"FR"},"contactPoint":[{"@type":"ContactPoint","contactType":"Service client","telephone":"0384254272","email":"contact@csj-emballages.com"}]}]}},"df_price":4.9,"df_sale_price":"","df_regular_price":4.9,"df_image_link":"https:\/\/www.csj-emballages.com\/wp-content\/uploads\/2024\/03\/SACPPT-1-300x300.webp","tiered_pricing_type":"fixed","tiered_pricing_fixed_rules":[],"tiered_pricing_percentage_rules":[],"tiered_pricing_minimum":1,"tiered_pricing_roles_data":[],"_links":{"self":[{"href":"https:\/\/www.csj-emballages.com\/de\/wp-json\/wp\/v2\/product\/23193","targetHints":{"allow":["GET"]}}],"collection":[{"href":"https:\/\/www.csj-emballages.com\/de\/wp-json\/wp\/v2\/product"}],"about":[{"href":"https:\/\/www.csj-emballages.com\/de\/wp-json\/wp\/v2\/types\/product"}],"wp:featuredmedia":[{"embeddable":true,"href":"https:\/\/www.csj-emballages.com\/de\/wp-json\/wp\/v2\/media\/243754"}],"wp:attachment":[{"href":"https:\/\/www.csj-emballages.com\/de\/wp-json\/wp\/v2\/media?parent=23193"}],"wp:term":[{"taxonomy":"product_brand","embeddable":true,"href":"https:\/\/www.csj-emballages.com\/de\/wp-json\/wp\/v2\/product_brand?post=23193"},{"taxonomy":"product_cat","embeddable":true,"href":"https:\/\/www.csj-emballages.com\/de\/wp-json\/wp\/v2\/product_cat?post=23193"},{"taxonomy":"product_tag","embeddable":true,"href":"https:\/\/www.csj-emballages.com\/de\/wp-json\/wp\/v2\/product_tag?post=23193"}],"curies":[{"name":"wp","href":"https:\/\/api.w.org\/{rel}","templated":true}]}}