{"id":23188,"date":"2024-03-01T16:50:05","date_gmt":"2024-03-01T15:50:05","guid":{"rendered":"https:\/\/u15jnbdpoq.preview.infomaniak.website\/produit\/100-weihnachtsbeutel-flach-polypropylen-xmas-120-x-260-mm\/"},"modified":"2026-03-12T16:38:15","modified_gmt":"2026-03-12T15:38:15","slug":"100-weihnachtsbeutel-flach-polypropylen-xmas-120-x-260-mm","status":"publish","type":"product","link":"https:\/\/www.csj-emballages.com\/de\/produit\/100-weihnachtsbeutel-flach-polypropylen-xmas-120-x-260-mm\/","title":{"rendered":"S\u00fc\u00dfwarenbeutel Weihnachten flach Polypro &#8222;Xmas&#8220; 120 x 260 mm pro 100"},"content":{"rendered":"<div style=\"box-sizing: inherit; font-family: Roboto, sans-serif;\">\n<div style=\"box-sizing: inherit; font-family: Roboto, sans-serif;\">\n<div style=\"box-sizing: inherit; font-family: Roboto, sans-serif;\">\n<div style=\"box-sizing: inherit; font-family: Roboto, sans-serif;\">\n<div style=\"box-sizing: inherit; font-family: Roboto, sans-serif;\">\n<div style=\"box-sizing: inherit; font-family: Roboto, sans-serif;\">\n<div style=\"box-sizing: inherit; font-family: Roboto, sans-serif;\">\n<div style=\"box-sizing: inherit; font-family: Roboto, sans-serif;\">\n<div style=\"box-sizing: inherit; font-family: Roboto, sans-serif;\">\n<div style=\"box-sizing: inherit; font-family: Roboto, sans-serif;\">\n<div style=\"box-sizing: inherit; font-family: Roboto, sans-serif;\">\n<div style=\"box-sizing: inherit; font-family: Roboto, sans-serif;\">\n<div style=\"box-sizing: inherit; font-family: Roboto, sans-serif;\">\n<div class=\"flex flex-grow flex-col max-w-full\">\n<div class=\"min-h-[20px] text-message flex flex-col items-start whitespace-pre-wrap break-words [.text-message+&amp;]:mt-5 juice:w-full juice:items-end overflow-x-auto gap-2\" dir=\"auto\" data-message-author-role=\"assistant\" data-message-id=\"2034782e-88f9-44ef-b4dc-07dd7bf0115f\">\n<div class=\"flex w-full flex-col gap-1 juice:empty:hidden juice:first:pt-[3px]\">\n<div class=\"markdown prose w-full break-words dark:prose-invert light\">\n<div style=\"box-sizing: inherit; font-family: Roboto, sans-serif;\">\n<div style=\"box-sizing: inherit; font-family: Roboto, sans-serif;\">\n<div style=\"box-sizing: inherit; font-family: Roboto, sans-serif;\">\n<div style=\"box-sizing: inherit; font-family: Roboto, sans-serif;\">\n<div style=\"box-sizing: inherit; font-family: Roboto, sans-serif;\">\n<div style=\"box-sizing: inherit; font-family: Roboto, sans-serif;\">\n<h2>Beutel mit S\u00fc\u00dfigkeiten Weihnachten<\/h2>\n<div style=\"box-sizing: inherit; font-family: Roboto, sans-serif;\">\n<div style=\"box-sizing: inherit; font-family: Roboto, sans-serif;\">\n<div style=\"box-sizing: inherit; font-family: Roboto, sans-serif;\">\n<div style=\"text-align: center;\">\n<div style=\"box-sizing: inherit; font-family: Roboto, sans-serif;\">\n<div style=\"box-sizing: inherit; font-family: Roboto, sans-serif;\">\n<div style=\"box-sizing: inherit; font-family: Roboto, sans-serif;\">\n<div style=\"box-sizing: inherit; font-family: Roboto, sans-serif;\">\n<div style=\"box-sizing: inherit; font-family: Roboto, sans-serif;\">\n<div style=\"box-sizing: inherit; font-family: Roboto, sans-serif; text-align: left;\">\n<hr>\n<h3 style=\"text-align: left;\">Beschreibung von unserem S\u00fc\u00dfwarenbeutel Weihnachten flach Polypro &#8222;Xmas&#8220; 120 x 260 mm pro 100<\/h3>\n<h3 style=\"text-align: left;\"><!--more--><\/h3>\n<\/div>\n<\/div>\n<\/div>\n<\/div>\n<\/div>\n<\/div>\n<\/div>\n<\/div>\n<\/div>\n<\/div>\n<\/div>\n<\/div>\n<\/div>\n<\/div>\n<\/div>\n<\/div>\n<\/div>\n<\/div>\n<\/div>\n<\/div>\n<\/div>\n<\/div>\n<\/div>\n<\/div>\n<\/div>\n<\/div>\n<\/div>\n<\/div>\n<\/div>\n<\/div>\n<\/div>\n<\/div>\n<\/div>\n<div style=\"box-sizing: inherit; font-family: Roboto, sans-serif;\">\n<div style=\"box-sizing: inherit; font-family: Roboto, sans-serif;\">\n<div style=\"box-sizing: inherit; font-family: Roboto, sans-serif;\">\n<div style=\"box-sizing: inherit; font-family: Roboto, sans-serif;\">\n<div style=\"box-sizing: inherit; font-family: Roboto, sans-serif;\">\n<div style=\"box-sizing: inherit; font-family: Roboto, sans-serif;\">\n<div style=\"box-sizing: inherit; font-family: Roboto, sans-serif;\">\n<div style=\"box-sizing: inherit; font-family: Roboto, sans-serif;\">\n<div style=\"box-sizing: inherit; font-family: Roboto, sans-serif;\">\n<div style=\"box-sizing: inherit; font-family: Roboto, sans-serif;\">\n<div style=\"box-sizing: inherit; font-family: Roboto, sans-serif;\">\n<div style=\"box-sizing: inherit; font-family: Roboto, sans-serif;\">\n<div style=\"box-sizing: inherit; font-family: Roboto, sans-serif;\">\n<div class=\"flex flex-grow flex-col max-w-full\">\n<div class=\"min-h-[20px] text-message flex flex-col items-start whitespace-pre-wrap break-words [.text-message+&amp;]:mt-5 juice:w-full juice:items-end overflow-x-auto gap-2\" dir=\"auto\" data-message-author-role=\"assistant\" data-message-id=\"2034782e-88f9-44ef-b4dc-07dd7bf0115f\">\n<div class=\"flex w-full flex-col gap-1 juice:empty:hidden juice:first:pt-[3px]\">\n<div class=\"markdown prose w-full break-words dark:prose-invert light\">\n<div style=\"box-sizing: inherit; font-family: Roboto, sans-serif;\">\n<div style=\"box-sizing: inherit; font-family: Roboto, sans-serif;\">\n<div style=\"box-sizing: inherit; font-family: Roboto, sans-serif;\">\n<div style=\"box-sizing: inherit; font-family: Roboto, sans-serif;\">\n<div style=\"box-sizing: inherit; font-family: Roboto, sans-serif;\">\n<div style=\"box-sizing: inherit; font-family: Roboto, sans-serif;\">\n<p data-start=\"0\" data-end=\"592\">Verleihen Sie Ihren Feiertagen einen Hauch von <strong data-start=\"53\" data-end=\"62\">Magie<\/strong> mit unserem <strong data-start=\"86\" data-end=\"146\">flachen Polypropylen-Weihnachtss\u00fc\u00dfwarenbeutel &#8222;Xmas&#8220; 120 x 260 mm.<\/strong> Dieser <strong>flache S\u00fc\u00dfwarenbeutel<\/strong> wurde speziell zum Verpacken von <strong data-start=\"219\" data-end=\"244\">Schokolade<\/strong>, <strong data-start=\"200\" data-end=\"215\">Konfekt<\/strong> oder <strong data-start=\"219\" data-end=\"244\">Schokoladentafeln<\/strong> entworfen und vereint <strong data-start=\"267\" data-end=\"280\">Zweckm\u00e4\u00dfigkeit<\/strong> und <strong data-start=\"284\" data-end=\"296\" data-is-only-node=\"\">Eleganz<\/strong>. Dank seiner transparenten und widerstandsf\u00e4higen <strong data-start=\"310\" data-end=\"338\">30 \u00b5m Polypropylenfolie<\/strong> sch\u00fctzt er Ihre Leckereien perfekt und l\u00e4sst gleichzeitig ihre sch\u00f6ne Pr\u00e4sentation erkennen. Ohne Seitenfalten, L\u00f6cher oder Perforationen h\u00e4lt er die Produkte <strong data-start=\"515\" data-end=\"528\">frisch<\/strong> und verhindert das Eindringen von Luft oder Feuchtigkeit.   <\/p>\n<p data-start=\"594\" data-end=\"1043\">Au\u00dferdem eignet sich die kompakte Gr\u00f6\u00dfe von <strong>120 x 260 mm<\/strong> f\u00fcr viele Kreationen: selbstgemachte Pralinen, festliche Kekse oder kleine Leckereien zum Verschenken. Sie k\u00f6nnen die Verpackung ganz einfach mit einem Band, einem Bastband oder einem pers\u00f6nlichen Etikett verschlie\u00dfen, um die Weihnachtsstimmung zu verst\u00e4rken und Ihre Kunden schon auf den ersten Blick zu begeistern. <strong data-start=\"926\" data-end=\"944\">Zu geringen Kosten<\/strong> bieten Sie so eine qualitative Verpackung an, die Ihre Produkte aufwertet und gleichzeitig kosteng\u00fcnstig ist. <\/p>\n<p data-start=\"1045\" data-end=\"1369\">Dar\u00fcber hinaus zeichnet sich dieser <strong data-start=\"1062\" data-end=\"1087\">Xmas Gift Weihnachtskonfektbeutel<\/strong> durch sein festliches Design aus, das von der Weihnachtswelt inspiriert ist. Er passt perfekt in die Schaufenster von Konditoreien, Schokoladengesch\u00e4ften, S\u00fc\u00dfwarenl\u00e4den oder Schlemmerk\u00f6rben. Seine gl\u00e4nzende Folie hebt die Farben und Texturen Ihrer S\u00fc\u00dfigkeiten hervor und sorgt f\u00fcr einen sofortigen &#8222;Wow&#8220;-Effekt.  <\/p>\n<p data-start=\"1371\" data-end=\"1637\">Zusammenfassend l\u00e4sst sich sagen, dass dieser <strong>Plastikbeutel<\/strong> der ideale Verb\u00fcndete f\u00fcr Profis und Privatpersonen ist, die ihre <strong data-start=\"1478\" data-end=\"1499\">Feinschmeckergeschenke<\/strong> w\u00e4hrend der Feiertage veredeln m\u00f6chten. Er ist einfach zu lagern, zu handhaben und zu verschlie\u00dfen, spart Ihnen Zeit und verleiht Ihnen gleichzeitig einen Hauch von Raffinesse. <\/p>\n<p><!--more--><\/p>\n<h4 style=\"text-align: left;\">Vorteile :<\/h4>\n<ul style=\"text-align: left;\">\n<li><strong data-start=\"1852\" data-end=\"1880\">Polypropylenfolie 30 \u00b5m<\/strong>: transparent, stark und sch\u00fctzend.<\/li>\n<li><strong data-start=\"1922\" data-end=\"1947\">Ohne Loch oder Blasebalg<\/strong>: H\u00e4lt S\u00fc\u00dfwaren frisch.<\/li>\n<li><strong data-start=\"1993\" data-end=\"2018\">Elegant und festlich<\/strong>: perfekt f\u00fcr Pralinen und Weihnachtss\u00fc\u00dfigkeiten<\/li>\n<li><strong data-start=\"2071\" data-end=\"2091\">Einfaches Verschlie\u00dfen<\/strong> mit Band, Heftklammer oder Schmucketikett.<\/li>\n<li><strong data-start=\"2140\" data-end=\"2169\">Festliches Design &#8222;Xmas Gift&#8220;<\/strong>: hebt Ihre Feinschmeckerkreationen hervor.<\/li>\n<\/ul>\n<\/div>\n<\/div>\n<\/div>\n<\/div>\n<\/div>\n<\/div>\n<\/div>\n<\/div>\n<\/div>\n<\/div>\n<\/div>\n<\/div>\n<p>&nbsp;<\/p>\n<\/div>\n<\/div>\n<\/div>\n<\/div>\n<\/div>\n<\/div>\n<\/div>\n<\/div>\n<\/div>\n<\/div>\n<\/div>\n<p><!--more--><\/p>\n<h4>Weitere Informationen :<\/h4>\n<ul style=\"box-sizing: inherit; font-family: Roboto, sans-serif;\">\n<li><strong>Verpackung<\/strong>: Packung mit 100 St\u00fcck<\/li>\n<li><span style=\"font-weight: bold;\">Ma\u00dfe<\/span>: 120 x 260 mm<\/li>\n<li><strong>Material<\/strong>: OPP<\/li>\n<li><strong>Farbe<\/strong>: Transparent<\/li>\n<li><strong>Widerstand<\/strong>: 30\u00b5<\/li>\n<\/ul>\n<p>&nbsp;<\/p>\n<p><!--more--><\/p>\n<div style=\"box-sizing: inherit; font-family: Roboto, sans-serif;\">\n<div style=\"box-sizing: inherit; font-family: Roboto, sans-serif;\">\n<div style=\"box-sizing: inherit; font-family: Roboto, sans-serif;\">\n<div style=\"box-sizing: inherit; font-family: Roboto, sans-serif;\">\n<div style=\"box-sizing: inherit; font-family: Roboto, sans-serif;\">\n<div style=\"box-sizing: inherit; font-family: Roboto, sans-serif;\">\n<p>Dieser Beutel ist in einer kleineren Gr\u00f6\u00dfe erh\u00e4ltlich : <span style=\"color: #d12727;\"><a style=\"color: #d12727;\" href=\"https:\/\/www.csj-emballages.com\/produit\/100-sachets-noel-plat-polypro-xmas-100-x-220-mm\/\">100 x 220 mm<\/a><\/span><\/p>\n<p><!--more--><\/p>\n<p><a href=\"https:\/\/www.csj-emballages.com\/de\/categorie-produit\/lebensmittelverpackungen\/backerei-und-konditorei\/sacke-beutel-und-papier\/beutel-fur-suswaren\/beutel-ohne-boden-de\/flache-polybeutel-mit-suswaren\/flache-polypropylen-suswarentute-bunt-weihnachten\/\">Sehen Sie sich den Rest unseres Sortiments an flachen Polybeuteln f\u00fcr S\u00fc\u00dfwaren an Weihnachten an.<\/a><\/p>\n<\/div>\n<\/div>\n<\/div>\n<\/div>\n<\/div>\n<\/div>\n","protected":false},"excerpt":{"rendered":"<p>Beutel mit S\u00fc\u00dfigkeiten Weihnachten Beschreibung von unserem S\u00fc\u00dfwarenbeutel Weihnachten flach Polypro &#8222;Xmas&#8220; 120 x 260 mm pro 100<\/p>\n","protected":false},"featured_media":243733,"template":"","meta":{"_acf_changed":false},"product_brand":[],"product_cat":[1137,1171,1678,3299,3317,1487],"product_tag":[],"class_list":{"0":"post-23188","1":"product","2":"type-product","3":"status-publish","4":"has-post-thumbnail","6":"product_cat-lebensmittelverpackungen","7":"product_cat-backerei-und-konditorei","8":"product_cat-beutel-fur-suswaren","9":"product_cat-flache-polybeutel-mit-suswaren","10":"product_cat-flache-polypropylen-suswarentute-bunt-weihnachten","11":"product_cat-boutique-und-geschaft","13":"first","14":"instock","15":"taxable","16":"shipping-taxable","17":"purchasable","18":"product-type-simple"},"acf":[],"yoast_head":"<!-- This site is optimized with the Yoast SEO Premium plugin v26.6 (Yoast SEO v26.6) - https:\/\/yoast.com\/wordpress\/plugins\/seo\/ -->\n<title>S\u00fc\u00dfwarenbeutel Weihnachten Flach Polypro &quot;Xmas&quot; 120 x 260 mm<\/title>\n<meta name=\"description\" content=\"Flacher Weihnachts-S\u00fc\u00dfwarenbeutel 120 x 260 mm, starke 30 \u00b5m Polypro-Folie. Ideal f\u00fcr Schokolade, Kekse und festliche Gourmetgeschenke.\" \/>\n<meta name=\"robots\" content=\"index, follow, max-snippet:-1, max-image-preview:large, max-video-preview:-1\" \/>\n<link rel=\"canonical\" href=\"https:\/\/www.csj-emballages.com\/de\/produit\/100-weihnachtsbeutel-flach-polypropylen-xmas-120-x-260-mm\/\" \/>\n<meta property=\"og:locale\" content=\"de_DE\" \/>\n<meta property=\"og:type\" content=\"article\" \/>\n<meta property=\"og:title\" content=\"S\u00fc\u00dfwarenbeutel Weihnachten flach Polypro &quot;Xmas&quot; 120 x 260 mm pro 100\" \/>\n<meta property=\"og:description\" content=\"Flacher Weihnachts-S\u00fc\u00dfwarenbeutel 120 x 260 mm, starke 30 \u00b5m Polypro-Folie. Ideal f\u00fcr Schokolade, Kekse und festliche Gourmetgeschenke.\" \/>\n<meta property=\"og:url\" content=\"https:\/\/www.csj-emballages.com\/de\/produit\/100-weihnachtsbeutel-flach-polypropylen-xmas-120-x-260-mm\/\" \/>\n<meta property=\"og:site_name\" content=\"CSJ Emballages\" \/>\n<meta property=\"article:publisher\" content=\"https:\/\/www.facebook.com\/csjemballages\" \/>\n<meta property=\"article:modified_time\" content=\"2026-03-12T15:38:15+00:00\" \/>\n<meta property=\"og:image\" content=\"https:\/\/www.csj-emballages.com\/wp-content\/uploads\/2024\/03\/SACPPXMAS.webp\" \/>\n\t<meta property=\"og:image:width\" content=\"800\" \/>\n\t<meta property=\"og:image:height\" content=\"800\" \/>\n\t<meta property=\"og:image:type\" content=\"image\/webp\" \/>\n<meta name=\"twitter:card\" content=\"summary_large_image\" \/>\n<meta name=\"twitter:label1\" content=\"Gesch\u00e4tzte Lesezeit\" \/>\n\t<meta name=\"twitter:data1\" content=\"2 Minuten\" \/>\n<script type=\"application\/ld+json\" class=\"yoast-schema-graph\">{\"@context\":\"https:\/\/schema.org\",\"@graph\":[{\"@type\":\"WebPage\",\"@id\":\"https:\/\/www.csj-emballages.com\/de\/produit\/100-weihnachtsbeutel-flach-polypropylen-xmas-120-x-260-mm\/\",\"url\":\"https:\/\/www.csj-emballages.com\/de\/produit\/100-weihnachtsbeutel-flach-polypropylen-xmas-120-x-260-mm\/\",\"name\":\"S\u00fc\u00dfwarenbeutel Weihnachten Flach Polypro \\\"Xmas\\\" 120 x 260 mm\",\"isPartOf\":{\"@id\":\"https:\/\/www.csj-emballages.com\/de\/#website\"},\"primaryImageOfPage\":{\"@id\":\"https:\/\/www.csj-emballages.com\/de\/produit\/100-weihnachtsbeutel-flach-polypropylen-xmas-120-x-260-mm\/#primaryimage\"},\"image\":{\"@id\":\"https:\/\/www.csj-emballages.com\/de\/produit\/100-weihnachtsbeutel-flach-polypropylen-xmas-120-x-260-mm\/#primaryimage\"},\"thumbnailUrl\":\"https:\/\/www.csj-emballages.com\/wp-content\/uploads\/2024\/03\/SACPPXMAS.webp\",\"datePublished\":\"2024-03-01T15:50:05+00:00\",\"dateModified\":\"2026-03-12T15:38:15+00:00\",\"description\":\"Flacher Weihnachts-S\u00fc\u00dfwarenbeutel 120 x 260 mm, starke 30 \u00b5m Polypro-Folie. Ideal f\u00fcr Schokolade, Kekse und festliche Gourmetgeschenke.\",\"breadcrumb\":{\"@id\":\"https:\/\/www.csj-emballages.com\/de\/produit\/100-weihnachtsbeutel-flach-polypropylen-xmas-120-x-260-mm\/#breadcrumb\"},\"inLanguage\":\"de\",\"potentialAction\":[{\"@type\":\"ReadAction\",\"target\":[\"https:\/\/www.csj-emballages.com\/de\/produit\/100-weihnachtsbeutel-flach-polypropylen-xmas-120-x-260-mm\/\"]}]},{\"@type\":\"ImageObject\",\"inLanguage\":\"de\",\"@id\":\"https:\/\/www.csj-emballages.com\/de\/produit\/100-weihnachtsbeutel-flach-polypropylen-xmas-120-x-260-mm\/#primaryimage\",\"url\":\"https:\/\/www.csj-emballages.com\/wp-content\/uploads\/2024\/03\/SACPPXMAS.webp\",\"contentUrl\":\"https:\/\/www.csj-emballages.com\/wp-content\/uploads\/2024\/03\/SACPPXMAS.webp\",\"width\":800,\"height\":800,\"caption\":\"Sachet confiseries No\u00ebl\"},{\"@type\":\"BreadcrumbList\",\"@id\":\"https:\/\/www.csj-emballages.com\/de\/produit\/100-weihnachtsbeutel-flach-polypropylen-xmas-120-x-260-mm\/#breadcrumb\",\"itemListElement\":[{\"@type\":\"ListItem\",\"position\":1,\"name\":\"Accueil\",\"item\":\"https:\/\/www.csj-emballages.com\/de\/universum-lebensmittelverpackungen\/\"},{\"@type\":\"ListItem\",\"position\":2,\"name\":\"Shop\",\"item\":\"https:\/\/www.csj-emballages.com\/shop\/\"},{\"@type\":\"ListItem\",\"position\":3,\"name\":\"S\u00fc\u00dfwarenbeutel Weihnachten flach Polypro \u00ab\u00a0Xmas\u00a0\u00bb 120 x 260 mm pro 100\"}]},{\"@type\":\"WebSite\",\"@id\":\"https:\/\/www.csj-emballages.com\/de\/#website\",\"url\":\"https:\/\/www.csj-emballages.com\/de\/\",\"name\":\"CSJ Emballages\",\"description\":\"\",\"publisher\":{\"@id\":\"https:\/\/www.csj-emballages.com\/de\/#organization\"},\"potentialAction\":[{\"@type\":\"SearchAction\",\"target\":{\"@type\":\"EntryPoint\",\"urlTemplate\":\"https:\/\/www.csj-emballages.com\/de\/?s={search_term_string}\"},\"query-input\":{\"@type\":\"PropertyValueSpecification\",\"valueRequired\":true,\"valueName\":\"search_term_string\"}}],\"inLanguage\":\"de\"},{\"@type\":\"Organization\",\"@id\":\"https:\/\/www.csj-emballages.com\/de\/#Organization\/\",\"name\":\"CSJ Emballages\",\"url\":\"https:\/\/www.csj-emballages.com\/de\/\",\"logo\":{\"@type\":\"ImageObject\",\"inLanguage\":\"de\",\"@id\":\"https:\/\/www.csj-emballages.com\/de\/#\/schema\/logo\/image\/\",\"url\":\"https:\/\/www.csj-emballages.com\/wp-content\/uploads\/2023\/10\/logo_csj.webp\",\"contentUrl\":\"https:\/\/www.csj-emballages.com\/wp-content\/uploads\/2023\/10\/logo_csj.webp\",\"width\":250,\"height\":95,\"caption\":\"CSJ Emballages\"},\"image\":{\"@id\":\"https:\/\/www.csj-emballages.com\/de\/#\/schema\/logo\/image\/\"},\"sameAs\":[\"https:\/\/www.facebook.com\/csjemballages\"],\"address\":{\"@type\":\"PostalAddress\",\"streetAddress\":\"ZI La Lechere\",\"addressLocality\":\"Patornay\",\"postalCode\":\"39130\",\"addressCountry\":\"FR\"},\"contactPoint\":[{\"@type\":\"ContactPoint\",\"contactType\":\"Service client\",\"telephone\":\"0384254272\",\"email\":\"contact@csj-emballages.com\"}]}]}<\/script>\n<!-- \/ Yoast SEO Premium plugin. -->","yoast_head_json":{"title":"S\u00fc\u00dfwarenbeutel Weihnachten Flach Polypro \"Xmas\" 120 x 260 mm","description":"Flacher Weihnachts-S\u00fc\u00dfwarenbeutel 120 x 260 mm, starke 30 \u00b5m Polypro-Folie. Ideal f\u00fcr Schokolade, Kekse und festliche Gourmetgeschenke.","robots":{"index":"index","follow":"follow","max-snippet":"max-snippet:-1","max-image-preview":"max-image-preview:large","max-video-preview":"max-video-preview:-1"},"canonical":"https:\/\/www.csj-emballages.com\/de\/produit\/100-weihnachtsbeutel-flach-polypropylen-xmas-120-x-260-mm\/","og_locale":"de_DE","og_type":"article","og_title":"S\u00fc\u00dfwarenbeutel Weihnachten flach Polypro \"Xmas\" 120 x 260 mm pro 100","og_description":"Flacher Weihnachts-S\u00fc\u00dfwarenbeutel 120 x 260 mm, starke 30 \u00b5m Polypro-Folie. Ideal f\u00fcr Schokolade, Kekse und festliche Gourmetgeschenke.","og_url":"https:\/\/www.csj-emballages.com\/de\/produit\/100-weihnachtsbeutel-flach-polypropylen-xmas-120-x-260-mm\/","og_site_name":"CSJ Emballages","article_publisher":"https:\/\/www.facebook.com\/csjemballages","article_modified_time":"2026-03-12T15:38:15+00:00","og_image":[{"width":800,"height":800,"url":"https:\/\/www.csj-emballages.com\/wp-content\/uploads\/2024\/03\/SACPPXMAS.webp","type":"image\/webp"}],"twitter_card":"summary_large_image","twitter_misc":{"Gesch\u00e4tzte Lesezeit":"2 Minuten"},"schema":{"@context":"https:\/\/schema.org","@graph":[{"@type":"WebPage","@id":"https:\/\/www.csj-emballages.com\/de\/produit\/100-weihnachtsbeutel-flach-polypropylen-xmas-120-x-260-mm\/","url":"https:\/\/www.csj-emballages.com\/de\/produit\/100-weihnachtsbeutel-flach-polypropylen-xmas-120-x-260-mm\/","name":"S\u00fc\u00dfwarenbeutel Weihnachten Flach Polypro \"Xmas\" 120 x 260 mm","isPartOf":{"@id":"https:\/\/www.csj-emballages.com\/de\/#website"},"primaryImageOfPage":{"@id":"https:\/\/www.csj-emballages.com\/de\/produit\/100-weihnachtsbeutel-flach-polypropylen-xmas-120-x-260-mm\/#primaryimage"},"image":{"@id":"https:\/\/www.csj-emballages.com\/de\/produit\/100-weihnachtsbeutel-flach-polypropylen-xmas-120-x-260-mm\/#primaryimage"},"thumbnailUrl":"https:\/\/www.csj-emballages.com\/wp-content\/uploads\/2024\/03\/SACPPXMAS.webp","datePublished":"2024-03-01T15:50:05+00:00","dateModified":"2026-03-12T15:38:15+00:00","description":"Flacher Weihnachts-S\u00fc\u00dfwarenbeutel 120 x 260 mm, starke 30 \u00b5m Polypro-Folie. Ideal f\u00fcr Schokolade, Kekse und festliche Gourmetgeschenke.","breadcrumb":{"@id":"https:\/\/www.csj-emballages.com\/de\/produit\/100-weihnachtsbeutel-flach-polypropylen-xmas-120-x-260-mm\/#breadcrumb"},"inLanguage":"de","potentialAction":[{"@type":"ReadAction","target":["https:\/\/www.csj-emballages.com\/de\/produit\/100-weihnachtsbeutel-flach-polypropylen-xmas-120-x-260-mm\/"]}]},{"@type":"ImageObject","inLanguage":"de","@id":"https:\/\/www.csj-emballages.com\/de\/produit\/100-weihnachtsbeutel-flach-polypropylen-xmas-120-x-260-mm\/#primaryimage","url":"https:\/\/www.csj-emballages.com\/wp-content\/uploads\/2024\/03\/SACPPXMAS.webp","contentUrl":"https:\/\/www.csj-emballages.com\/wp-content\/uploads\/2024\/03\/SACPPXMAS.webp","width":800,"height":800,"caption":"Sachet confiseries No\u00ebl"},{"@type":"BreadcrumbList","@id":"https:\/\/www.csj-emballages.com\/de\/produit\/100-weihnachtsbeutel-flach-polypropylen-xmas-120-x-260-mm\/#breadcrumb","itemListElement":[{"@type":"ListItem","position":1,"name":"Accueil","item":"https:\/\/www.csj-emballages.com\/de\/universum-lebensmittelverpackungen\/"},{"@type":"ListItem","position":2,"name":"Shop","item":"https:\/\/www.csj-emballages.com\/shop\/"},{"@type":"ListItem","position":3,"name":"S\u00fc\u00dfwarenbeutel Weihnachten flach Polypro \u00ab\u00a0Xmas\u00a0\u00bb 120 x 260 mm pro 100"}]},{"@type":"WebSite","@id":"https:\/\/www.csj-emballages.com\/de\/#website","url":"https:\/\/www.csj-emballages.com\/de\/","name":"CSJ Emballages","description":"","publisher":{"@id":"https:\/\/www.csj-emballages.com\/de\/#organization"},"potentialAction":[{"@type":"SearchAction","target":{"@type":"EntryPoint","urlTemplate":"https:\/\/www.csj-emballages.com\/de\/?s={search_term_string}"},"query-input":{"@type":"PropertyValueSpecification","valueRequired":true,"valueName":"search_term_string"}}],"inLanguage":"de"},{"@type":"Organization","@id":"https:\/\/www.csj-emballages.com\/de\/#Organization\/","name":"CSJ Emballages","url":"https:\/\/www.csj-emballages.com\/de\/","logo":{"@type":"ImageObject","inLanguage":"de","@id":"https:\/\/www.csj-emballages.com\/de\/#\/schema\/logo\/image\/","url":"https:\/\/www.csj-emballages.com\/wp-content\/uploads\/2023\/10\/logo_csj.webp","contentUrl":"https:\/\/www.csj-emballages.com\/wp-content\/uploads\/2023\/10\/logo_csj.webp","width":250,"height":95,"caption":"CSJ Emballages"},"image":{"@id":"https:\/\/www.csj-emballages.com\/de\/#\/schema\/logo\/image\/"},"sameAs":["https:\/\/www.facebook.com\/csjemballages"],"address":{"@type":"PostalAddress","streetAddress":"ZI La Lechere","addressLocality":"Patornay","postalCode":"39130","addressCountry":"FR"},"contactPoint":[{"@type":"ContactPoint","contactType":"Service client","telephone":"0384254272","email":"contact@csj-emballages.com"}]}]}},"df_price":11.59,"df_sale_price":"","df_regular_price":11.59,"df_image_link":"https:\/\/www.csj-emballages.com\/wp-content\/uploads\/2024\/03\/SACPPXMAS-300x300.webp","tiered_pricing_type":"fixed","tiered_pricing_fixed_rules":[],"tiered_pricing_percentage_rules":[],"tiered_pricing_minimum":1,"tiered_pricing_roles_data":[],"_links":{"self":[{"href":"https:\/\/www.csj-emballages.com\/de\/wp-json\/wp\/v2\/product\/23188","targetHints":{"allow":["GET"]}}],"collection":[{"href":"https:\/\/www.csj-emballages.com\/de\/wp-json\/wp\/v2\/product"}],"about":[{"href":"https:\/\/www.csj-emballages.com\/de\/wp-json\/wp\/v2\/types\/product"}],"wp:featuredmedia":[{"embeddable":true,"href":"https:\/\/www.csj-emballages.com\/de\/wp-json\/wp\/v2\/media\/243733"}],"wp:attachment":[{"href":"https:\/\/www.csj-emballages.com\/de\/wp-json\/wp\/v2\/media?parent=23188"}],"wp:term":[{"taxonomy":"product_brand","embeddable":true,"href":"https:\/\/www.csj-emballages.com\/de\/wp-json\/wp\/v2\/product_brand?post=23188"},{"taxonomy":"product_cat","embeddable":true,"href":"https:\/\/www.csj-emballages.com\/de\/wp-json\/wp\/v2\/product_cat?post=23188"},{"taxonomy":"product_tag","embeddable":true,"href":"https:\/\/www.csj-emballages.com\/de\/wp-json\/wp\/v2\/product_tag?post=23188"}],"curies":[{"name":"wp","href":"https:\/\/api.w.org\/{rel}","templated":true}]}}