{"id":231812,"date":"2025-04-11T09:26:20","date_gmt":"2025-04-11T07:26:20","guid":{"rendered":"https:\/\/www.csj-emballages.com\/produit\/kraft-suppe-topf-480-ml-pro-25\/"},"modified":"2026-04-21T02:15:49","modified_gmt":"2026-04-21T00:15:49","slug":"kraft-suppe-topf-480-ml-pro-25","status":"publish","type":"product","link":"https:\/\/www.csj-emballages.com\/de\/produit\/kraft-suppe-topf-480-ml-pro-25\/","title":{"rendered":"Kraft-Suppentopf 480 ml pro 25"},"content":{"rendered":"<div style=\"font-family: Roboto, sans-serif\">\n<div style=\"font-family: Roboto, sans-serif\">\n<div style=\"font-family: Roboto, sans-serif\">\n<h2>Suppentopf<\/h2>\n<hr>\n<h3>Beschreibung von unserem Kraft-Suppentopf 480 ml pro 25<\/h3>\n<p><!--more--><\/p>\n<div class=\"flex-shrink-0 flex flex-col relative items-end\">\n<div class=\"pt-0.5 juice:pt-0\">\n<div class=\"gizmo-bot-avatar flex h-6 w-6 items-center justify-center overflow-hidden rounded-full juice:h-8 juice:w-8\">\n<div class=\"relative p-1 rounded-sm flex items-center justify-center bg-token-main-surface-primary text-token-text-primary h-8 w-8\">\n<p class=\"\" data-start=\"170\" data-end=\"492\">Dieser <strong>480-ml-Kraftsuppentopf<\/strong> mit seinem <strong>passenden Deckel (separat erh\u00e4ltlich : <\/strong><span style=\"color: #d12727\"><a style=\"color: #d12727\" href=\"https:\/\/www.csj-emballages.com\/es\/produit\/tapa-de-carton-para-olla-sopera-480-ml-paquete-de-25\/\">COUVPSA480<\/a><\/span>) ist die ideale L\u00f6sung f\u00fcr das sichere Servieren von warmen Speisen. Mit seinem sch\u00f6nen Fassungsverm\u00f6gen eignet er sich perfekt f\u00fcr <strong>gro\u00dfe Portionen<\/strong>: <strong>Suppen<\/strong>, <strong>Velout\u00e9s<\/strong>, &#8230; <\/p>\n<p class=\"\" data-start=\"494\" data-end=\"839\">Hergestellt aus hochwertigem <strong>Kraftkarton<\/strong>, ist er hitzebest\u00e4ndig, wasserdicht und steif zugleich. Er vertr\u00e4gt problemlos fl\u00fcssige oder dickfl\u00fcssige Zubereitungen und h\u00e4lt dabei die Temperatur. Dank des <strong>perfekt sitzenden Deckels<\/strong> ist der Transport sauber und sicher &#8211; kein \u00dcberlaufen, keine b\u00f6sen \u00dcberraschungen bei der Ankunft.  <\/p>\n<p class=\"\" data-start=\"841\" data-end=\"1185\">Dieser <strong>Papptopf<\/strong> wurde f\u00fcr Gastronomen, Caterer, Food Trucks oder Eventveranstalter entwickelt, ist aber auch perfekt f\u00fcr Privatpersonen, die ihre selbstgemachten Gerichte sorgf\u00e4ltig verpacken m\u00f6chten. Sein Design aus <strong>Naturkraft<\/strong> verleiht ihm einen echten Hauch von Authentizit\u00e4t und ist Teil eines verantwortungsvolleren Ansatzes, weg von den klassischen Plastikbeh\u00e4ltern. <\/p>\n<p class=\"\" data-start=\"1187\" data-end=\"1371\">Es ist ein Muss f\u00fcr einen hochwertigen Snack oder ein gut pr\u00e4sentiertes Essen zum Mitnehmen. Es ist sofort einsatzbereit, spart Zeit und sorgt gleichzeitig f\u00fcr ein professionelles und gepflegtes Erscheinungsbild. <\/p>\n<p class=\"\" data-start=\"1373\" data-end=\"1390\">\n<\/div>\n<\/div>\n<\/div>\n<\/div>\n<p><!--more--><\/p>\n<p><strong>Ihre Vorteile :<\/strong><\/p>\n<ul>\n<li>Gro\u00dfz\u00fcgiges Fassungsverm\u00f6gen von 480 ml f\u00fcr komplette Mahlzeiten.<\/li>\n<li>Wird mit Deckeln f\u00fcr einen sicheren Transport verkauft.<\/li>\n<li>Nat\u00fcrlicher, trendiger und umweltfreundlicher Kraft-Look.<\/li>\n<li>Dieser Suppentopf ist ideal f\u00fcr Berufst\u00e4tige.<\/li>\n<\/ul>\n<p>&nbsp;<\/p>\n<p><!--more--><\/p>\n<h4>Weitere Informationen :<\/h4>\n<ul>\n<li><strong>Verpackung<\/strong>: Packung mit 25 St\u00fcck<\/li>\n<li><strong>Durchmesser oben<\/strong>: \u00d89,5 cm<\/li>\n<li><strong>Unterer Durchmesser<\/strong>: \u00d87,3 cm<\/li>\n<li><strong>H\u00f6he<\/strong>: 10 cm<\/li>\n<li><span style=\"font-weight: bold\">Volumen <\/span>: 480 ml<\/li>\n<li><span style=\"font-weight: bold\">Material <\/span>: Karton<\/li>\n<\/ul>\n<\/div>\n<\/div>\n<div style=\"font-family: Roboto, sans-serif\">\n<p>&nbsp;<\/p>\n<\/div>\n<\/div>\n<p><!--more--><\/p>\n<p>Hier finden Sie den passenden Deckel f\u00fcr diesen Suppentopf : <span style=\"color: #d12727\"><a style=\"color: #d12727\" href=\"https:\/\/www.csj-emballages.com\/es\/produit\/tapa-de-carton-para-olla-sopera-480-ml-paquete-de-25\/\">COUVPSA480<\/a><\/span><\/p>\n<p>&nbsp;<\/p>\n<h5><!--more--><\/h5>\n<div style=\"font-family: Roboto, sans-serif\">\n<div style=\"font-family: Roboto, sans-serif\">\n<div style=\"font-family: Roboto, sans-serif\">\n<p>Dieser Topf ist auch in verschiedenen Gr\u00f6\u00dfen erh\u00e4ltlich : <span style=\"color: #d12727\"><a style=\"color: #d12727\" href=\"https:\/\/www.csj-emballages.com\/produit\/pot-de-glace-kraft-237-ml-par-25\/\">237 ml<\/a><\/span> \/ <span style=\"color: #d12727\"><a style=\"color: #d12727\" href=\"https:\/\/www.csj-emballages.com\/es\/produit\/25-tarros-de-sopa-de-carton-kraft-desechables-350-ml\/\">350 ml<\/a><\/span> \/ <span style=\"color: #d12727\"><a style=\"color: #d12727\" href=\"https:\/\/www.csj-emballages.com\/es\/produit\/25-ollas-soperas-kraft-desechables-con-tapa-450-ml\/\">450 ml<\/a><\/span> \/ <span style=\"color: #d12727\"><a style=\"color: #d12727\" href=\"https:\/\/www.csj-emballages.com\/es\/produit\/25-tarros-de-sopa-kraft-desechables-780-ml\/\">780 ml<\/a> <span style=\"color: #000000\">\/<\/span> <a style=\"color: #d12727\" href=\"https:\/\/www.csj-emballages.com\/es\/produit\/25-tarros-de-sopa-kraft-desechables-960-ml\/\">960 ml<\/a><\/span><\/p>\n<p>&nbsp;<\/p>\n<p><!--more--><\/p>\n<p><a href=\"https:\/\/www.csj-emballages.com\/de\/categorie-produit\/lebensmittelverpackungen\/restauration-de\/topfe-schalen-becherhalter\/kraft-topfe\/suppentopfe\/\">Sehen Sie sich den Rest unseres Sortiments an Suppent\u00f6pfen an<\/a><\/p>\n<\/div>\n<\/div>\n<\/div>\n","protected":false},"excerpt":{"rendered":"<p>Suppentopf Beschreibung von unserem Kraft-Suppentopf 480 ml pro 25<\/p>\n","protected":false},"featured_media":231808,"template":"","meta":{"_acf_changed":false},"product_brand":[],"product_cat":[1137,1134,3975,1328,8644],"product_tag":[],"class_list":{"0":"post-231812","1":"product","2":"type-product","3":"status-publish","4":"has-post-thumbnail","6":"product_cat-lebensmittelverpackungen","7":"product_cat-restauration-de","8":"product_cat-topfe-schalen-becherhalter","9":"product_cat-kraft-topfe","10":"product_cat-suppentopfe","12":"first","13":"instock","14":"taxable","15":"shipping-taxable","16":"purchasable","17":"product-type-simple"},"acf":[],"yoast_head":"<!-- This site is optimized with the Yoast SEO Premium plugin v26.6 (Yoast SEO v26.6) - https:\/\/yoast.com\/wordpress\/plugins\/seo\/ -->\n<title>Kraft-Suppentopf 480 ml pro 25<\/title>\n<meta name=\"description\" content=\"Kraft-Suppentopf 480 ml pro 25 St\u00fcck: ideal f\u00fcr Profis und Privatpersonen. Widerstandsf\u00e4hig, praktisch und perfekt f\u00fcr den Verkauf zum Mitnehmen oder zu Hause.\" \/>\n<meta name=\"robots\" content=\"index, follow, max-snippet:-1, max-image-preview:large, max-video-preview:-1\" \/>\n<link rel=\"canonical\" href=\"https:\/\/www.csj-emballages.com\/de\/produit\/kraft-suppe-topf-480-ml-pro-25\/\" \/>\n<meta property=\"og:locale\" content=\"de_DE\" \/>\n<meta property=\"og:type\" content=\"article\" \/>\n<meta property=\"og:title\" content=\"Kraft-Suppentopf 480 ml pro 25\" \/>\n<meta property=\"og:description\" content=\"Kraft-Suppentopf 480 ml pro 25 St\u00fcck: ideal f\u00fcr Profis und Privatpersonen. Widerstandsf\u00e4hig, praktisch und perfekt f\u00fcr den Verkauf zum Mitnehmen oder zu Hause.\" \/>\n<meta property=\"og:url\" content=\"https:\/\/www.csj-emballages.com\/de\/produit\/kraft-suppe-topf-480-ml-pro-25\/\" \/>\n<meta property=\"og:site_name\" content=\"CSJ Emballages\" \/>\n<meta property=\"article:publisher\" content=\"https:\/\/www.facebook.com\/csjemballages\" \/>\n<meta property=\"article:modified_time\" content=\"2026-04-21T00:15:49+00:00\" \/>\n<meta property=\"og:image\" content=\"https:\/\/www.csj-emballages.com\/wp-content\/uploads\/2025\/04\/PSA450.webp\" \/>\n\t<meta property=\"og:image:width\" content=\"800\" \/>\n\t<meta property=\"og:image:height\" content=\"800\" \/>\n\t<meta property=\"og:image:type\" content=\"image\/webp\" \/>\n<meta name=\"twitter:card\" content=\"summary_large_image\" \/>\n<meta name=\"twitter:label1\" content=\"Gesch\u00e4tzte Lesezeit\" \/>\n\t<meta name=\"twitter:data1\" content=\"1\u00a0Minute\" \/>\n<script type=\"application\/ld+json\" class=\"yoast-schema-graph\">{\"@context\":\"https:\/\/schema.org\",\"@graph\":[{\"@type\":\"WebPage\",\"@id\":\"https:\/\/www.csj-emballages.com\/de\/produit\/kraft-suppe-topf-480-ml-pro-25\/\",\"url\":\"https:\/\/www.csj-emballages.com\/de\/produit\/kraft-suppe-topf-480-ml-pro-25\/\",\"name\":\"Kraft-Suppentopf 480 ml pro 25\",\"isPartOf\":{\"@id\":\"https:\/\/www.csj-emballages.com\/de\/#website\"},\"primaryImageOfPage\":{\"@id\":\"https:\/\/www.csj-emballages.com\/de\/produit\/kraft-suppe-topf-480-ml-pro-25\/#primaryimage\"},\"image\":{\"@id\":\"https:\/\/www.csj-emballages.com\/de\/produit\/kraft-suppe-topf-480-ml-pro-25\/#primaryimage\"},\"thumbnailUrl\":\"https:\/\/www.csj-emballages.com\/wp-content\/uploads\/2025\/04\/PSA450.webp\",\"datePublished\":\"2025-04-11T07:26:20+00:00\",\"dateModified\":\"2026-04-21T00:15:49+00:00\",\"description\":\"Kraft-Suppentopf 480 ml pro 25 St\u00fcck: ideal f\u00fcr Profis und Privatpersonen. Widerstandsf\u00e4hig, praktisch und perfekt f\u00fcr den Verkauf zum Mitnehmen oder zu Hause.\",\"breadcrumb\":{\"@id\":\"https:\/\/www.csj-emballages.com\/de\/produit\/kraft-suppe-topf-480-ml-pro-25\/#breadcrumb\"},\"inLanguage\":\"de\",\"potentialAction\":[{\"@type\":\"ReadAction\",\"target\":[\"https:\/\/www.csj-emballages.com\/de\/produit\/kraft-suppe-topf-480-ml-pro-25\/\"]}]},{\"@type\":\"ImageObject\",\"inLanguage\":\"de\",\"@id\":\"https:\/\/www.csj-emballages.com\/de\/produit\/kraft-suppe-topf-480-ml-pro-25\/#primaryimage\",\"url\":\"https:\/\/www.csj-emballages.com\/wp-content\/uploads\/2025\/04\/PSA450.webp\",\"contentUrl\":\"https:\/\/www.csj-emballages.com\/wp-content\/uploads\/2025\/04\/PSA450.webp\",\"width\":800,\"height\":800,\"caption\":\"Pot \u00e0 soupe\"},{\"@type\":\"BreadcrumbList\",\"@id\":\"https:\/\/www.csj-emballages.com\/de\/produit\/kraft-suppe-topf-480-ml-pro-25\/#breadcrumb\",\"itemListElement\":[{\"@type\":\"ListItem\",\"position\":1,\"name\":\"Accueil\",\"item\":\"https:\/\/www.csj-emballages.com\/de\/universum-lebensmittelverpackungen\/\"},{\"@type\":\"ListItem\",\"position\":2,\"name\":\"Shop\",\"item\":\"https:\/\/www.csj-emballages.com\/shop\/\"},{\"@type\":\"ListItem\",\"position\":3,\"name\":\"Kraft-Suppentopf 480 ml pro 25\"}]},{\"@type\":\"WebSite\",\"@id\":\"https:\/\/www.csj-emballages.com\/de\/#website\",\"url\":\"https:\/\/www.csj-emballages.com\/de\/\",\"name\":\"CSJ Emballages\",\"description\":\"\",\"publisher\":{\"@id\":\"https:\/\/www.csj-emballages.com\/de\/#organization\"},\"potentialAction\":[{\"@type\":\"SearchAction\",\"target\":{\"@type\":\"EntryPoint\",\"urlTemplate\":\"https:\/\/www.csj-emballages.com\/de\/?s={search_term_string}\"},\"query-input\":{\"@type\":\"PropertyValueSpecification\",\"valueRequired\":true,\"valueName\":\"search_term_string\"}}],\"inLanguage\":\"de\"},{\"@type\":\"Organization\",\"@id\":\"https:\/\/www.csj-emballages.com\/de\/#Organization\/\",\"name\":\"CSJ Emballages\",\"url\":\"https:\/\/www.csj-emballages.com\/de\/\",\"logo\":{\"@type\":\"ImageObject\",\"inLanguage\":\"de\",\"@id\":\"https:\/\/www.csj-emballages.com\/de\/#\/schema\/logo\/image\/\",\"url\":\"https:\/\/www.csj-emballages.com\/wp-content\/uploads\/2023\/10\/logo_csj.webp\",\"contentUrl\":\"https:\/\/www.csj-emballages.com\/wp-content\/uploads\/2023\/10\/logo_csj.webp\",\"width\":250,\"height\":95,\"caption\":\"CSJ Emballages\"},\"image\":{\"@id\":\"https:\/\/www.csj-emballages.com\/de\/#\/schema\/logo\/image\/\"},\"sameAs\":[\"https:\/\/www.facebook.com\/csjemballages\"],\"address\":{\"@type\":\"PostalAddress\",\"streetAddress\":\"ZI La Lechere\",\"addressLocality\":\"Patornay\",\"postalCode\":\"39130\",\"addressCountry\":\"FR\"},\"contactPoint\":[{\"@type\":\"ContactPoint\",\"contactType\":\"Service client\",\"telephone\":\"0384254272\",\"email\":\"contact@csj-emballages.com\"}]}]}<\/script>\n<!-- \/ Yoast SEO Premium plugin. -->","yoast_head_json":{"title":"Kraft-Suppentopf 480 ml pro 25","description":"Kraft-Suppentopf 480 ml pro 25 St\u00fcck: ideal f\u00fcr Profis und Privatpersonen. Widerstandsf\u00e4hig, praktisch und perfekt f\u00fcr den Verkauf zum Mitnehmen oder zu Hause.","robots":{"index":"index","follow":"follow","max-snippet":"max-snippet:-1","max-image-preview":"max-image-preview:large","max-video-preview":"max-video-preview:-1"},"canonical":"https:\/\/www.csj-emballages.com\/de\/produit\/kraft-suppe-topf-480-ml-pro-25\/","og_locale":"de_DE","og_type":"article","og_title":"Kraft-Suppentopf 480 ml pro 25","og_description":"Kraft-Suppentopf 480 ml pro 25 St\u00fcck: ideal f\u00fcr Profis und Privatpersonen. Widerstandsf\u00e4hig, praktisch und perfekt f\u00fcr den Verkauf zum Mitnehmen oder zu Hause.","og_url":"https:\/\/www.csj-emballages.com\/de\/produit\/kraft-suppe-topf-480-ml-pro-25\/","og_site_name":"CSJ Emballages","article_publisher":"https:\/\/www.facebook.com\/csjemballages","article_modified_time":"2026-04-21T00:15:49+00:00","og_image":[{"width":800,"height":800,"url":"https:\/\/www.csj-emballages.com\/wp-content\/uploads\/2025\/04\/PSA450.webp","type":"image\/webp"}],"twitter_card":"summary_large_image","twitter_misc":{"Gesch\u00e4tzte Lesezeit":"1\u00a0Minute"},"schema":{"@context":"https:\/\/schema.org","@graph":[{"@type":"WebPage","@id":"https:\/\/www.csj-emballages.com\/de\/produit\/kraft-suppe-topf-480-ml-pro-25\/","url":"https:\/\/www.csj-emballages.com\/de\/produit\/kraft-suppe-topf-480-ml-pro-25\/","name":"Kraft-Suppentopf 480 ml pro 25","isPartOf":{"@id":"https:\/\/www.csj-emballages.com\/de\/#website"},"primaryImageOfPage":{"@id":"https:\/\/www.csj-emballages.com\/de\/produit\/kraft-suppe-topf-480-ml-pro-25\/#primaryimage"},"image":{"@id":"https:\/\/www.csj-emballages.com\/de\/produit\/kraft-suppe-topf-480-ml-pro-25\/#primaryimage"},"thumbnailUrl":"https:\/\/www.csj-emballages.com\/wp-content\/uploads\/2025\/04\/PSA450.webp","datePublished":"2025-04-11T07:26:20+00:00","dateModified":"2026-04-21T00:15:49+00:00","description":"Kraft-Suppentopf 480 ml pro 25 St\u00fcck: ideal f\u00fcr Profis und Privatpersonen. Widerstandsf\u00e4hig, praktisch und perfekt f\u00fcr den Verkauf zum Mitnehmen oder zu Hause.","breadcrumb":{"@id":"https:\/\/www.csj-emballages.com\/de\/produit\/kraft-suppe-topf-480-ml-pro-25\/#breadcrumb"},"inLanguage":"de","potentialAction":[{"@type":"ReadAction","target":["https:\/\/www.csj-emballages.com\/de\/produit\/kraft-suppe-topf-480-ml-pro-25\/"]}]},{"@type":"ImageObject","inLanguage":"de","@id":"https:\/\/www.csj-emballages.com\/de\/produit\/kraft-suppe-topf-480-ml-pro-25\/#primaryimage","url":"https:\/\/www.csj-emballages.com\/wp-content\/uploads\/2025\/04\/PSA450.webp","contentUrl":"https:\/\/www.csj-emballages.com\/wp-content\/uploads\/2025\/04\/PSA450.webp","width":800,"height":800,"caption":"Pot \u00e0 soupe"},{"@type":"BreadcrumbList","@id":"https:\/\/www.csj-emballages.com\/de\/produit\/kraft-suppe-topf-480-ml-pro-25\/#breadcrumb","itemListElement":[{"@type":"ListItem","position":1,"name":"Accueil","item":"https:\/\/www.csj-emballages.com\/de\/universum-lebensmittelverpackungen\/"},{"@type":"ListItem","position":2,"name":"Shop","item":"https:\/\/www.csj-emballages.com\/shop\/"},{"@type":"ListItem","position":3,"name":"Kraft-Suppentopf 480 ml pro 25"}]},{"@type":"WebSite","@id":"https:\/\/www.csj-emballages.com\/de\/#website","url":"https:\/\/www.csj-emballages.com\/de\/","name":"CSJ Emballages","description":"","publisher":{"@id":"https:\/\/www.csj-emballages.com\/de\/#organization"},"potentialAction":[{"@type":"SearchAction","target":{"@type":"EntryPoint","urlTemplate":"https:\/\/www.csj-emballages.com\/de\/?s={search_term_string}"},"query-input":{"@type":"PropertyValueSpecification","valueRequired":true,"valueName":"search_term_string"}}],"inLanguage":"de"},{"@type":"Organization","@id":"https:\/\/www.csj-emballages.com\/de\/#Organization\/","name":"CSJ Emballages","url":"https:\/\/www.csj-emballages.com\/de\/","logo":{"@type":"ImageObject","inLanguage":"de","@id":"https:\/\/www.csj-emballages.com\/de\/#\/schema\/logo\/image\/","url":"https:\/\/www.csj-emballages.com\/wp-content\/uploads\/2023\/10\/logo_csj.webp","contentUrl":"https:\/\/www.csj-emballages.com\/wp-content\/uploads\/2023\/10\/logo_csj.webp","width":250,"height":95,"caption":"CSJ Emballages"},"image":{"@id":"https:\/\/www.csj-emballages.com\/de\/#\/schema\/logo\/image\/"},"sameAs":["https:\/\/www.facebook.com\/csjemballages"],"address":{"@type":"PostalAddress","streetAddress":"ZI La Lechere","addressLocality":"Patornay","postalCode":"39130","addressCountry":"FR"},"contactPoint":[{"@type":"ContactPoint","contactType":"Service client","telephone":"0384254272","email":"contact@csj-emballages.com"}]}]}},"df_price":2.99,"df_sale_price":"","df_regular_price":2.99,"df_image_link":"https:\/\/www.csj-emballages.com\/wp-content\/uploads\/2025\/04\/PSA450-300x300.webp","tiered_pricing_type":"fixed","tiered_pricing_fixed_rules":[],"tiered_pricing_percentage_rules":[],"tiered_pricing_minimum":1,"tiered_pricing_roles_data":[],"_links":{"self":[{"href":"https:\/\/www.csj-emballages.com\/de\/wp-json\/wp\/v2\/product\/231812","targetHints":{"allow":["GET"]}}],"collection":[{"href":"https:\/\/www.csj-emballages.com\/de\/wp-json\/wp\/v2\/product"}],"about":[{"href":"https:\/\/www.csj-emballages.com\/de\/wp-json\/wp\/v2\/types\/product"}],"wp:featuredmedia":[{"embeddable":true,"href":"https:\/\/www.csj-emballages.com\/de\/wp-json\/wp\/v2\/media\/231808"}],"wp:attachment":[{"href":"https:\/\/www.csj-emballages.com\/de\/wp-json\/wp\/v2\/media?parent=231812"}],"wp:term":[{"taxonomy":"product_brand","embeddable":true,"href":"https:\/\/www.csj-emballages.com\/de\/wp-json\/wp\/v2\/product_brand?post=231812"},{"taxonomy":"product_cat","embeddable":true,"href":"https:\/\/www.csj-emballages.com\/de\/wp-json\/wp\/v2\/product_cat?post=231812"},{"taxonomy":"product_tag","embeddable":true,"href":"https:\/\/www.csj-emballages.com\/de\/wp-json\/wp\/v2\/product_tag?post=231812"}],"curies":[{"name":"wp","href":"https:\/\/api.w.org\/{rel}","templated":true}]}}