{"id":23162,"date":"2024-03-01T16:50:06","date_gmt":"2024-03-01T15:50:06","guid":{"rendered":"https:\/\/u15jnbdpoq.preview.infomaniak.website\/produit\/1-einkaufstasche-mit-motiv-kugeln-aus-wiederverwendbarem-pp-gewebe-40-24-x-35-cm\/"},"modified":"2026-04-03T02:19:55","modified_gmt":"2026-04-03T00:19:55","slug":"1-einkaufstasche-mit-motiv-kugeln-aus-wiederverwendbarem-pp-gewebe-40-24-x-35-cm","status":"publish","type":"product","link":"https:\/\/www.csj-emballages.com\/de\/produit\/1-einkaufstasche-mit-motiv-kugeln-aus-wiederverwendbarem-pp-gewebe-40-24-x-35-cm\/","title":{"rendered":"Einkaufstasche Weihnachten &#8222;Kugeln&#8220; PP gewebt wiederverwendbar 40 + 24 x 35 cm"},"content":{"rendered":"<h2 class=\"p1\">Einkaufstasche<\/h2>\n<hr>\n<h3>Beschreibung unserer Einkaufstasche Weihnachten &#8222;Kugeln&#8220; PP gewebt wiederverwendbar 40 + 24 x 35 cm<\/h3>\n<p><!--more--><\/p>\n<p data-start=\"104\" data-end=\"515\">Bereiten Sie sich mit der <strong data-start=\"143\" data-end=\"192\">wiederverwendbaren Einkaufstasche Weihnachten &#8222;Kugeln&#8220; aus gewebtem PP<\/strong> stilvoll auf die Feiertage vor. Diese <strong>Einkaufstasche<\/strong> im Format <strong data-start=\"254\" data-end=\"273\">40 + 24 x 35 cm<\/strong> wurde entwickelt, um Zweckm\u00e4\u00dfigkeit und \u00c4sthetik zu vereinen. Sie ist ideal, um Ihre Eink\u00e4ufe, Verpackungen oder Geschenke w\u00e4hrend der Festtage zu transportieren. Die elegante Dekoration mit bunten <strong data-start=\"409\" data-end=\"427\">Weihnachtskugelmotiven<\/strong> verleiht ihm eine festliche Note, die Ihre Kunden schon auf den ersten Blick begeistern wird.<\/p>\n<p data-start=\"517\" data-end=\"937\">Doch neben ihrem Design zeichnet sich diese <strong>Tasche<\/strong> auch durch ihre <strong data-start=\"572\" data-end=\"586\">Robustheit<\/strong> aus. Hergestellt aus <strong data-start=\"600\" data-end=\"623\">gewebtem Polypropylen<\/strong>, ist er besonders widerstandsf\u00e4hig gegen schwere Lasten und somit perfekt f\u00fcr den t\u00e4glichen Gebrauch geeignet. Im Gegensatz zu Einwegt\u00fcten ist sie <strong data-start=\"777\" data-end=\"793\">wiederverwendbar<\/strong> und somit umweltfreundlich. Das ist eine einfache Geste, um Abfall zu reduzieren und gleichzeitig ein langlebiges und praktisches Accessoire zu genie\u00dfen.<\/p>\n<p data-start=\"939\" data-end=\"1349\">Ebenso erm\u00f6glichen die <strong data-start=\"952\" data-end=\"969\">stabilen Henkel<\/strong> ein bequemes Tragen, egal ob in der Hand oder \u00fcber der Schulter. Dank seiner gro\u00dfz\u00fcgigen Gr\u00f6\u00dfe und der breiten Basis kann er sowohl Lebensmittel als auch sperrige Gegenst\u00e4nde aufnehmen. Ob Ihre Kunden sie f\u00fcr ihre Weihnachtseink\u00e4ufe, zum Verpacken eines Feinschmeckerkorbs oder als Geschenk verwenden, diese <strong>Tragetasche<\/strong> wird alle Erwartungen erf\u00fcllen.<\/p>\n<p data-start=\"1351\" data-end=\"1722\">Mit der Wahl dieser <strong data-start=\"1369\" data-end=\"1390\">weihnachtlichen Tragetasche<\/strong> bieten Sie nicht nur eine \u00e4sthetisch ansprechende Verpackung, sondern auch eine nachhaltige und kosteng\u00fcnstige L\u00f6sung. So verbinden Sie Festlichkeit mit <strong data-start=\"1533\" data-end=\"1546\">Praktikabilit\u00e4t<\/strong> und werten Ihr Image bei einer umweltbewussten Kundschaft auf. Kurz gesagt, sie ist viel mehr als eine Tasche: Sie ist ein wiederverwendbarer, fr\u00f6hlicher Begleiter f\u00fcr die Feiertage!<\/p>\n<p data-start=\"1351\" data-end=\"1722\">\n<p><!--more--><\/p>\n<h4><strong>Vorteile :<\/strong><\/h4>\n<ul>\n<li>Festliches Design mit Weihnachtskugelmotiven.<\/li>\n<li><strong data-start=\"2014\" data-end=\"2026\">Gewebtes PP-Material<\/strong>: stabil und wiederverwendbar.<\/li>\n<li>Gro\u00dfe Kapazit\u00e4t (40 + 24 x 35 cm).<\/li>\n<li>Bequeme Henkel zum Tragen in der Hand oder \u00fcber der Schulter.<\/li>\n<li>\u00d6kologisch und wirtschaftlich.<\/li>\n<\/ul>\n<p>&nbsp;<\/p>\n<p><!--more--><\/p>\n<h4>Weitere Informationen :<\/h4>\n<ul>\n<li><strong>Verpackung<\/strong>: Einzeln<\/li>\n<li><strong>Ma\u00dfe<\/strong>: 40 + 24 x 35 cm<\/li>\n<li><strong>Farbe<\/strong>: Wei\u00df \/ Gold \/ Schwarz<\/li>\n<li><strong>Material<\/strong>: Robustes, gewebtes Polypropylen<\/li>\n<\/ul>\n<p>&nbsp;<\/p>\n<p><!--more--><\/p>\n<p><a href=\"https:\/\/www.csj-emballages.com\/de\/categorie-produit\/lebensmittelverpackungen\/boutique-und-geschaft\/sacke-beutel\/taschen-boutique\/\">Sehen Sie sich den Rest unseres Sortiments an Boutique-Taschen an!<\/a><\/p>\n","protected":false},"excerpt":{"rendered":"<p>Einkaufstasche Beschreibung unserer Einkaufstasche Weihnachten &#8222;Kugeln&#8220; PP gewebt wiederverwendbar 40 + 24 x 35 cm<\/p>\n","protected":false},"featured_media":245654,"template":"","meta":{"_acf_changed":false},"product_brand":[],"product_cat":[1137,1487,1838],"product_tag":[],"class_list":{"0":"post-23162","1":"product","2":"type-product","3":"status-publish","4":"has-post-thumbnail","6":"product_cat-lebensmittelverpackungen","7":"product_cat-boutique-und-geschaft","8":"product_cat-taschen-boutique","10":"first","11":"instock","12":"taxable","13":"shipping-taxable","14":"purchasable","15":"product-type-simple"},"acf":[],"yoast_head":"<!-- This site is optimized with the Yoast SEO Premium plugin v26.6 (Yoast SEO v26.6) - https:\/\/yoast.com\/wordpress\/plugins\/seo\/ -->\n<title>Einkaufstasche Weihnachten &quot;Kugeln&quot; PP gewebt Wiederverwendbar 40 + 24 x 35 cm<\/title>\n<meta name=\"description\" content=\"Einkaufstasche Weihnachten &quot;Kugeln&quot; PP gewebt 40+24x35 cm: widerstandsf\u00e4hig, wiederverwendbar und festlich. Ideal f\u00fcr Eink\u00e4ufe, Geschenke und Verpackungen zum Jahresende.\" \/>\n<meta name=\"robots\" content=\"index, follow, max-snippet:-1, max-image-preview:large, max-video-preview:-1\" \/>\n<link rel=\"canonical\" href=\"https:\/\/www.csj-emballages.com\/de\/produit\/1-einkaufstasche-mit-motiv-kugeln-aus-wiederverwendbarem-pp-gewebe-40-24-x-35-cm\/\" \/>\n<meta property=\"og:locale\" content=\"de_DE\" \/>\n<meta property=\"og:type\" content=\"article\" \/>\n<meta property=\"og:title\" content=\"Einkaufstasche Weihnachten &quot;Kugeln&quot; PP gewebt wiederverwendbar 40 + 24 x 35 cm\" \/>\n<meta property=\"og:description\" content=\"Einkaufstasche Weihnachten &quot;Kugeln&quot; PP gewebt 40+24x35 cm: widerstandsf\u00e4hig, wiederverwendbar und festlich. Ideal f\u00fcr Eink\u00e4ufe, Geschenke und Verpackungen zum Jahresende.\" \/>\n<meta property=\"og:url\" content=\"https:\/\/www.csj-emballages.com\/de\/produit\/1-einkaufstasche-mit-motiv-kugeln-aus-wiederverwendbarem-pp-gewebe-40-24-x-35-cm\/\" \/>\n<meta property=\"og:site_name\" content=\"CSJ Emballages\" \/>\n<meta property=\"article:publisher\" content=\"https:\/\/www.facebook.com\/csjemballages\" \/>\n<meta property=\"article:modified_time\" content=\"2026-04-03T00:19:55+00:00\" \/>\n<meta property=\"og:image\" content=\"https:\/\/www.csj-emballages.com\/wp-content\/uploads\/2024\/03\/SACPPNOEL2023.webp\" \/>\n\t<meta property=\"og:image:width\" content=\"800\" \/>\n\t<meta property=\"og:image:height\" content=\"800\" \/>\n\t<meta property=\"og:image:type\" content=\"image\/webp\" \/>\n<meta name=\"twitter:card\" content=\"summary_large_image\" \/>\n<meta name=\"twitter:label1\" content=\"Gesch\u00e4tzte Lesezeit\" \/>\n\t<meta name=\"twitter:data1\" content=\"2 Minuten\" \/>\n<script type=\"application\/ld+json\" class=\"yoast-schema-graph\">{\"@context\":\"https:\/\/schema.org\",\"@graph\":[{\"@type\":\"WebPage\",\"@id\":\"https:\/\/www.csj-emballages.com\/de\/produit\/1-einkaufstasche-mit-motiv-kugeln-aus-wiederverwendbarem-pp-gewebe-40-24-x-35-cm\/\",\"url\":\"https:\/\/www.csj-emballages.com\/de\/produit\/1-einkaufstasche-mit-motiv-kugeln-aus-wiederverwendbarem-pp-gewebe-40-24-x-35-cm\/\",\"name\":\"Einkaufstasche Weihnachten \\\"Kugeln\\\" PP gewebt Wiederverwendbar 40 + 24 x 35 cm\",\"isPartOf\":{\"@id\":\"https:\/\/www.csj-emballages.com\/de\/#website\"},\"primaryImageOfPage\":{\"@id\":\"https:\/\/www.csj-emballages.com\/de\/produit\/1-einkaufstasche-mit-motiv-kugeln-aus-wiederverwendbarem-pp-gewebe-40-24-x-35-cm\/#primaryimage\"},\"image\":{\"@id\":\"https:\/\/www.csj-emballages.com\/de\/produit\/1-einkaufstasche-mit-motiv-kugeln-aus-wiederverwendbarem-pp-gewebe-40-24-x-35-cm\/#primaryimage\"},\"thumbnailUrl\":\"https:\/\/www.csj-emballages.com\/wp-content\/uploads\/2024\/03\/SACPPNOEL2023.webp\",\"datePublished\":\"2024-03-01T15:50:06+00:00\",\"dateModified\":\"2026-04-03T00:19:55+00:00\",\"description\":\"Einkaufstasche Weihnachten \\\"Kugeln\\\" PP gewebt 40+24x35 cm: widerstandsf\u00e4hig, wiederverwendbar und festlich. Ideal f\u00fcr Eink\u00e4ufe, Geschenke und Verpackungen zum Jahresende.\",\"breadcrumb\":{\"@id\":\"https:\/\/www.csj-emballages.com\/de\/produit\/1-einkaufstasche-mit-motiv-kugeln-aus-wiederverwendbarem-pp-gewebe-40-24-x-35-cm\/#breadcrumb\"},\"inLanguage\":\"de\",\"potentialAction\":[{\"@type\":\"ReadAction\",\"target\":[\"https:\/\/www.csj-emballages.com\/de\/produit\/1-einkaufstasche-mit-motiv-kugeln-aus-wiederverwendbarem-pp-gewebe-40-24-x-35-cm\/\"]}]},{\"@type\":\"ImageObject\",\"inLanguage\":\"de\",\"@id\":\"https:\/\/www.csj-emballages.com\/de\/produit\/1-einkaufstasche-mit-motiv-kugeln-aus-wiederverwendbarem-pp-gewebe-40-24-x-35-cm\/#primaryimage\",\"url\":\"https:\/\/www.csj-emballages.com\/wp-content\/uploads\/2024\/03\/SACPPNOEL2023.webp\",\"contentUrl\":\"https:\/\/www.csj-emballages.com\/wp-content\/uploads\/2024\/03\/SACPPNOEL2023.webp\",\"width\":800,\"height\":800,\"caption\":\"Sac cabas No\u00ebl\"},{\"@type\":\"BreadcrumbList\",\"@id\":\"https:\/\/www.csj-emballages.com\/de\/produit\/1-einkaufstasche-mit-motiv-kugeln-aus-wiederverwendbarem-pp-gewebe-40-24-x-35-cm\/#breadcrumb\",\"itemListElement\":[{\"@type\":\"ListItem\",\"position\":1,\"name\":\"Accueil\",\"item\":\"https:\/\/www.csj-emballages.com\/de\/universum-lebensmittelverpackungen\/\"},{\"@type\":\"ListItem\",\"position\":2,\"name\":\"Shop\",\"item\":\"https:\/\/www.csj-emballages.com\/shop\/\"},{\"@type\":\"ListItem\",\"position\":3,\"name\":\"Einkaufstasche Weihnachten \u00ab\u00a0Kugeln\u00a0\u00bb PP gewebt wiederverwendbar 40 + 24 x 35 cm\"}]},{\"@type\":\"WebSite\",\"@id\":\"https:\/\/www.csj-emballages.com\/de\/#website\",\"url\":\"https:\/\/www.csj-emballages.com\/de\/\",\"name\":\"CSJ Emballages\",\"description\":\"\",\"publisher\":{\"@id\":\"https:\/\/www.csj-emballages.com\/de\/#organization\"},\"potentialAction\":[{\"@type\":\"SearchAction\",\"target\":{\"@type\":\"EntryPoint\",\"urlTemplate\":\"https:\/\/www.csj-emballages.com\/de\/?s={search_term_string}\"},\"query-input\":{\"@type\":\"PropertyValueSpecification\",\"valueRequired\":true,\"valueName\":\"search_term_string\"}}],\"inLanguage\":\"de\"},{\"@type\":\"Organization\",\"@id\":\"https:\/\/www.csj-emballages.com\/de\/#Organization\/\",\"name\":\"CSJ Emballages\",\"url\":\"https:\/\/www.csj-emballages.com\/de\/\",\"logo\":{\"@type\":\"ImageObject\",\"inLanguage\":\"de\",\"@id\":\"https:\/\/www.csj-emballages.com\/de\/#\/schema\/logo\/image\/\",\"url\":\"https:\/\/www.csj-emballages.com\/wp-content\/uploads\/2023\/10\/logo_csj.webp\",\"contentUrl\":\"https:\/\/www.csj-emballages.com\/wp-content\/uploads\/2023\/10\/logo_csj.webp\",\"width\":250,\"height\":95,\"caption\":\"CSJ Emballages\"},\"image\":{\"@id\":\"https:\/\/www.csj-emballages.com\/de\/#\/schema\/logo\/image\/\"},\"sameAs\":[\"https:\/\/www.facebook.com\/csjemballages\"],\"address\":{\"@type\":\"PostalAddress\",\"streetAddress\":\"ZI La Lechere\",\"addressLocality\":\"Patornay\",\"postalCode\":\"39130\",\"addressCountry\":\"FR\"},\"contactPoint\":[{\"@type\":\"ContactPoint\",\"contactType\":\"Service client\",\"telephone\":\"0384254272\",\"email\":\"contact@csj-emballages.com\"}]}]}<\/script>\n<!-- \/ Yoast SEO Premium plugin. -->","yoast_head_json":{"title":"Einkaufstasche Weihnachten \"Kugeln\" PP gewebt Wiederverwendbar 40 + 24 x 35 cm","description":"Einkaufstasche Weihnachten \"Kugeln\" PP gewebt 40+24x35 cm: widerstandsf\u00e4hig, wiederverwendbar und festlich. Ideal f\u00fcr Eink\u00e4ufe, Geschenke und Verpackungen zum Jahresende.","robots":{"index":"index","follow":"follow","max-snippet":"max-snippet:-1","max-image-preview":"max-image-preview:large","max-video-preview":"max-video-preview:-1"},"canonical":"https:\/\/www.csj-emballages.com\/de\/produit\/1-einkaufstasche-mit-motiv-kugeln-aus-wiederverwendbarem-pp-gewebe-40-24-x-35-cm\/","og_locale":"de_DE","og_type":"article","og_title":"Einkaufstasche Weihnachten \"Kugeln\" PP gewebt wiederverwendbar 40 + 24 x 35 cm","og_description":"Einkaufstasche Weihnachten \"Kugeln\" PP gewebt 40+24x35 cm: widerstandsf\u00e4hig, wiederverwendbar und festlich. Ideal f\u00fcr Eink\u00e4ufe, Geschenke und Verpackungen zum Jahresende.","og_url":"https:\/\/www.csj-emballages.com\/de\/produit\/1-einkaufstasche-mit-motiv-kugeln-aus-wiederverwendbarem-pp-gewebe-40-24-x-35-cm\/","og_site_name":"CSJ Emballages","article_publisher":"https:\/\/www.facebook.com\/csjemballages","article_modified_time":"2026-04-03T00:19:55+00:00","og_image":[{"width":800,"height":800,"url":"https:\/\/www.csj-emballages.com\/wp-content\/uploads\/2024\/03\/SACPPNOEL2023.webp","type":"image\/webp"}],"twitter_card":"summary_large_image","twitter_misc":{"Gesch\u00e4tzte Lesezeit":"2 Minuten"},"schema":{"@context":"https:\/\/schema.org","@graph":[{"@type":"WebPage","@id":"https:\/\/www.csj-emballages.com\/de\/produit\/1-einkaufstasche-mit-motiv-kugeln-aus-wiederverwendbarem-pp-gewebe-40-24-x-35-cm\/","url":"https:\/\/www.csj-emballages.com\/de\/produit\/1-einkaufstasche-mit-motiv-kugeln-aus-wiederverwendbarem-pp-gewebe-40-24-x-35-cm\/","name":"Einkaufstasche Weihnachten \"Kugeln\" PP gewebt Wiederverwendbar 40 + 24 x 35 cm","isPartOf":{"@id":"https:\/\/www.csj-emballages.com\/de\/#website"},"primaryImageOfPage":{"@id":"https:\/\/www.csj-emballages.com\/de\/produit\/1-einkaufstasche-mit-motiv-kugeln-aus-wiederverwendbarem-pp-gewebe-40-24-x-35-cm\/#primaryimage"},"image":{"@id":"https:\/\/www.csj-emballages.com\/de\/produit\/1-einkaufstasche-mit-motiv-kugeln-aus-wiederverwendbarem-pp-gewebe-40-24-x-35-cm\/#primaryimage"},"thumbnailUrl":"https:\/\/www.csj-emballages.com\/wp-content\/uploads\/2024\/03\/SACPPNOEL2023.webp","datePublished":"2024-03-01T15:50:06+00:00","dateModified":"2026-04-03T00:19:55+00:00","description":"Einkaufstasche Weihnachten \"Kugeln\" PP gewebt 40+24x35 cm: widerstandsf\u00e4hig, wiederverwendbar und festlich. Ideal f\u00fcr Eink\u00e4ufe, Geschenke und Verpackungen zum Jahresende.","breadcrumb":{"@id":"https:\/\/www.csj-emballages.com\/de\/produit\/1-einkaufstasche-mit-motiv-kugeln-aus-wiederverwendbarem-pp-gewebe-40-24-x-35-cm\/#breadcrumb"},"inLanguage":"de","potentialAction":[{"@type":"ReadAction","target":["https:\/\/www.csj-emballages.com\/de\/produit\/1-einkaufstasche-mit-motiv-kugeln-aus-wiederverwendbarem-pp-gewebe-40-24-x-35-cm\/"]}]},{"@type":"ImageObject","inLanguage":"de","@id":"https:\/\/www.csj-emballages.com\/de\/produit\/1-einkaufstasche-mit-motiv-kugeln-aus-wiederverwendbarem-pp-gewebe-40-24-x-35-cm\/#primaryimage","url":"https:\/\/www.csj-emballages.com\/wp-content\/uploads\/2024\/03\/SACPPNOEL2023.webp","contentUrl":"https:\/\/www.csj-emballages.com\/wp-content\/uploads\/2024\/03\/SACPPNOEL2023.webp","width":800,"height":800,"caption":"Sac cabas No\u00ebl"},{"@type":"BreadcrumbList","@id":"https:\/\/www.csj-emballages.com\/de\/produit\/1-einkaufstasche-mit-motiv-kugeln-aus-wiederverwendbarem-pp-gewebe-40-24-x-35-cm\/#breadcrumb","itemListElement":[{"@type":"ListItem","position":1,"name":"Accueil","item":"https:\/\/www.csj-emballages.com\/de\/universum-lebensmittelverpackungen\/"},{"@type":"ListItem","position":2,"name":"Shop","item":"https:\/\/www.csj-emballages.com\/shop\/"},{"@type":"ListItem","position":3,"name":"Einkaufstasche Weihnachten \u00ab\u00a0Kugeln\u00a0\u00bb PP gewebt wiederverwendbar 40 + 24 x 35 cm"}]},{"@type":"WebSite","@id":"https:\/\/www.csj-emballages.com\/de\/#website","url":"https:\/\/www.csj-emballages.com\/de\/","name":"CSJ Emballages","description":"","publisher":{"@id":"https:\/\/www.csj-emballages.com\/de\/#organization"},"potentialAction":[{"@type":"SearchAction","target":{"@type":"EntryPoint","urlTemplate":"https:\/\/www.csj-emballages.com\/de\/?s={search_term_string}"},"query-input":{"@type":"PropertyValueSpecification","valueRequired":true,"valueName":"search_term_string"}}],"inLanguage":"de"},{"@type":"Organization","@id":"https:\/\/www.csj-emballages.com\/de\/#Organization\/","name":"CSJ Emballages","url":"https:\/\/www.csj-emballages.com\/de\/","logo":{"@type":"ImageObject","inLanguage":"de","@id":"https:\/\/www.csj-emballages.com\/de\/#\/schema\/logo\/image\/","url":"https:\/\/www.csj-emballages.com\/wp-content\/uploads\/2023\/10\/logo_csj.webp","contentUrl":"https:\/\/www.csj-emballages.com\/wp-content\/uploads\/2023\/10\/logo_csj.webp","width":250,"height":95,"caption":"CSJ Emballages"},"image":{"@id":"https:\/\/www.csj-emballages.com\/de\/#\/schema\/logo\/image\/"},"sameAs":["https:\/\/www.facebook.com\/csjemballages"],"address":{"@type":"PostalAddress","streetAddress":"ZI La Lechere","addressLocality":"Patornay","postalCode":"39130","addressCountry":"FR"},"contactPoint":[{"@type":"ContactPoint","contactType":"Service client","telephone":"0384254272","email":"contact@csj-emballages.com"}]}]}},"df_price":1.33,"df_sale_price":"","df_regular_price":1.33,"df_image_link":"https:\/\/www.csj-emballages.com\/wp-content\/uploads\/2024\/03\/SACPPNOEL2023-300x300.webp","tiered_pricing_type":"fixed","tiered_pricing_fixed_rules":[],"tiered_pricing_percentage_rules":[],"tiered_pricing_minimum":1,"tiered_pricing_roles_data":[],"_links":{"self":[{"href":"https:\/\/www.csj-emballages.com\/de\/wp-json\/wp\/v2\/product\/23162","targetHints":{"allow":["GET"]}}],"collection":[{"href":"https:\/\/www.csj-emballages.com\/de\/wp-json\/wp\/v2\/product"}],"about":[{"href":"https:\/\/www.csj-emballages.com\/de\/wp-json\/wp\/v2\/types\/product"}],"wp:featuredmedia":[{"embeddable":true,"href":"https:\/\/www.csj-emballages.com\/de\/wp-json\/wp\/v2\/media\/245654"}],"wp:attachment":[{"href":"https:\/\/www.csj-emballages.com\/de\/wp-json\/wp\/v2\/media?parent=23162"}],"wp:term":[{"taxonomy":"product_brand","embeddable":true,"href":"https:\/\/www.csj-emballages.com\/de\/wp-json\/wp\/v2\/product_brand?post=23162"},{"taxonomy":"product_cat","embeddable":true,"href":"https:\/\/www.csj-emballages.com\/de\/wp-json\/wp\/v2\/product_cat?post=23162"},{"taxonomy":"product_tag","embeddable":true,"href":"https:\/\/www.csj-emballages.com\/de\/wp-json\/wp\/v2\/product_tag?post=23162"}],"curies":[{"name":"wp","href":"https:\/\/api.w.org\/{rel}","templated":true}]}}