{"id":23153,"date":"2024-03-01T16:50:09","date_gmt":"2024-03-01T15:50:09","guid":{"rendered":"https:\/\/u15jnbdpoq.preview.infomaniak.website\/produit\/100-fettdichte-dreikoenigskuchen-taschen-30-3-x-35-cm\/"},"modified":"2026-04-21T02:16:21","modified_gmt":"2026-04-21T00:16:21","slug":"100-fettdichte-dreikoenigskuchen-taschen-30-3-x-35-cm","status":"publish","type":"product","link":"https:\/\/www.csj-emballages.com\/de\/produit\/100-fettdichte-dreikoenigskuchen-taschen-30-3-x-35-cm\/","title":{"rendered":"Tasche Dreik\u00f6nigskuchen fettdicht 30 + 3 x 35 cm pro 100"},"content":{"rendered":"<div style=\"font-family: Roboto, sans-serif;\">\n<div style=\"font-family: Roboto, sans-serif;\">\n<div style=\"font-family: Roboto, sans-serif;\">\n<div style=\"font-family: Roboto, sans-serif;\">\n<div style=\"font-family: Roboto, sans-serif;\">\n<div style=\"font-family: Roboto, sans-serif;\">\n<div style=\"font-family: Roboto, sans-serif;\">\n<div style=\"font-family: Roboto, sans-serif;\">\n<div style=\"font-family: Roboto, sans-serif;\">\n<div style=\"font-family: Roboto, sans-serif;\">\n<div style=\"font-family: Roboto, sans-serif;\">\n<div style=\"font-family: Roboto, sans-serif;\">\n<div style=\"font-family: Roboto, sans-serif;\">\n<div class=\"flex flex-grow flex-col max-w-full\">\n<div class=\"min-h-[20px] text-message flex flex-col items-start whitespace-pre-wrap break-words [.text-message+&amp;]:mt-5 juice:w-full juice:items-end overflow-x-auto gap-2\" dir=\"auto\" data-message-author-role=\"assistant\" data-message-id=\"2034782e-88f9-44ef-b4dc-07dd7bf0115f\">\n<div class=\"flex w-full flex-col gap-1 juice:empty:hidden juice:first:pt-[3px]\">\n<div class=\"markdown prose w-full break-words dark:prose-invert light\">\n<div style=\"font-family: Roboto, sans-serif;\">\n<div style=\"font-family: Roboto, sans-serif;\">\n<div style=\"font-family: Roboto, sans-serif;\">\n<div style=\"font-family: Roboto, sans-serif;\">\n<div style=\"font-family: Roboto, sans-serif;\">\n<div style=\"font-family: Roboto, sans-serif;\">\n<h2>Tasche &#8222;Galette des rois&#8220; (Dreik\u00f6nigskuchen)<\/h2>\n<div style=\"font-family: Roboto, sans-serif;\">\n<div style=\"font-family: Roboto, sans-serif;\">\n<div style=\"font-family: Roboto, sans-serif;\">\n<div style=\"text-align: center;\">\n<div style=\"font-family: Roboto, sans-serif;\">\n<div style=\"font-family: Roboto, sans-serif;\">\n<div style=\"font-family: Roboto, sans-serif;\">\n<div style=\"font-family: Roboto, sans-serif;\">\n<div style=\"font-family: Roboto, sans-serif;\">\n<div style=\"font-family: Roboto, sans-serif; text-align: left;\">\n<hr>\n<h3 style=\"text-align: left;\">Beschreibung unserer Tasche Dreik\u00f6nigskuchen fettdicht 30 + 3 x 35 cm pro 100<!--more--><\/h3>\n<\/div>\n<\/div>\n<\/div>\n<\/div>\n<\/div>\n<\/div>\n<\/div>\n<\/div>\n<\/div>\n<\/div>\n<\/div>\n<\/div>\n<\/div>\n<\/div>\n<\/div>\n<\/div>\n<\/div>\n<\/div>\n<\/div>\n<\/div>\n<\/div>\n<\/div>\n<\/div>\n<\/div>\n<\/div>\n<\/div>\n<\/div>\n<\/div>\n<\/div>\n<\/div>\n<\/div>\n<\/div>\n<\/div>\n<p>Entdecken Sie unsere <strong>fettdichte<\/strong> <strong>Dreik\u00f6nigskuchen-Tasche<\/strong>, ein Muss, um Ihre k\u00f6stlichen Dreik\u00f6nigskuchen zur Geltung zu bringen! Diese praktische und formsch\u00f6ne Tasche erf\u00fcllt alle Anforderungen an Qualit\u00e4t und Haltbarkeit. Hergestellt aus speziell entwickelten fettbest\u00e4ndigen Materialien, bietet sie optimalen Schutz f\u00fcr Ihre Fladenbrote und erleichtert den Transport.<\/p>\n<p>Die <strong>Tasche &#8222;Galette des rois<\/strong> &#8220; ist mit den Ma\u00dfen <strong>30 + 3 x 35 cm<\/strong> perfekt dimensioniert. Er ist ideal f\u00fcr die Aufnahme Ihrer gro\u00dfz\u00fcgigen Backwaren und bietet ihnen eine gepflegte und professionelle Pr\u00e4sentation. Dank des fettabweisenden Designs bleiben Ihre Fladenbrote auch unterwegs frisch und appetitlich. Au\u00dferdem sorgt seine Robustheit f\u00fcr einen sicheren Transport, bei dem nichts rei\u00dfen oder auslaufen kann.<\/p>\n<p><!--more--><\/p>\n<h4>Warum sollten Sie unsere Tasche &#8222;Galette des rois&#8220; verwenden?<\/h4>\n<p>Diese <strong>Tasche &#8222;Galette des rois<\/strong> &#8220; wird in Packungen zu <strong>100<\/strong> St\u00fcck verkauft, eine Verpackung, die auf die Bed\u00fcrfnisse von B\u00e4ckereien und Konditoreien zugeschnitten ist. Mit diesen Taschen k\u00f6nnen Sie Ihre t\u00e4glichen Arbeitsabl\u00e4ufe optimieren und Ihren Kunden ein hochwertiges Erlebnis garantieren. Ob f\u00fcr eine Bestellung im Gesch\u00e4ft oder f\u00fcr Lieferungen nach Hause, jede Tasche bietet einwandfreien Schutz.<\/p>\n<p>Durch das fettabweisende Material ist die <strong>T\u00fcte <\/strong>besonders f\u00fcr Bl\u00e4tterteigprodukte geeignet. Denn Galettes des rois setzen oft Fett frei, was die Verpackung verderben und die Pr\u00e4sentation beeintr\u00e4chtigen kann. Diese Tasche wurde jedoch speziell entwickelt, um diese Unannehmlichkeiten zu vermeiden. Sie bietet eine Schutzbarriere, die das Aroma und die Frische Ihrer Kreationen bewahrt.<\/p>\n<p>&nbsp;<\/p>\n<p><!--more--><\/p>\n<div style=\"font-family: Roboto, sans-serif;\">\n<div style=\"font-family: Roboto, sans-serif;\">\n<div style=\"font-family: Roboto, sans-serif;\">\n<div style=\"font-family: Roboto, sans-serif;\">\n<div style=\"font-family: Roboto, sans-serif;\">\n<div style=\"font-family: Roboto, sans-serif;\">\n<div style=\"font-family: Roboto, sans-serif;\">\n<div style=\"font-family: Roboto, sans-serif;\">\n<div style=\"font-family: Roboto, sans-serif;\">\n<div style=\"font-family: Roboto, sans-serif;\">\n<div style=\"font-family: Roboto, sans-serif;\">\n<div style=\"font-family: Roboto, sans-serif;\">\n<div style=\"font-family: Roboto, sans-serif;\">\n<div class=\"flex flex-grow flex-col max-w-full\">\n<div class=\"min-h-[20px] text-message flex flex-col items-start whitespace-pre-wrap break-words [.text-message+&amp;]:mt-5 juice:w-full juice:items-end overflow-x-auto gap-2\" dir=\"auto\" data-message-author-role=\"assistant\" data-message-id=\"2034782e-88f9-44ef-b4dc-07dd7bf0115f\">\n<div class=\"flex w-full flex-col gap-1 juice:empty:hidden juice:first:pt-[3px]\">\n<div class=\"markdown prose w-full break-words dark:prose-invert light\">\n<div style=\"font-family: Roboto, sans-serif;\">\n<div style=\"font-family: Roboto, sans-serif;\">\n<div style=\"font-family: Roboto, sans-serif;\">\n<div style=\"font-family: Roboto, sans-serif;\">\n<div style=\"font-family: Roboto, sans-serif;\">\n<div style=\"font-family: Roboto, sans-serif;\">\n<p>Das schlichte und elegante Design dieser <strong>Tasche &#8222;galette des rois<\/strong> &#8220; macht sie auch zu einer \u00e4sthetischen Wahl f\u00fcr Gesch\u00e4ftsleute, denen das Image ihrer Marke wichtig ist. Sein schlichtes Aussehen erm\u00f6glicht es Ihnen, die Qualit\u00e4t Ihrer Produkte hervorzuheben, ohne sie zu verf\u00e4lschen. So hebt er sich von herk\u00f6mmlichen Verpackungen ab und verleiht Ihrem Galette eine Schatulle, die seinem Geschmack und seinem Ruf gerecht wird.<\/p>\n<p>Schlie\u00dflich ist die <strong>Tasche &#8222;Galette des rois<\/strong> &#8220; ideal, um Ihre Kreationen aufzuwerten und Ihre Kunden zu binden. Es hebt die Authentizit\u00e4t Ihrer Produkte hervor und unterstreicht Ihr Fachwissen. Diese Tasche ist viel mehr als nur eine Verpackung: Sie ist eine professionelle, ethische und \u00e4sthetische L\u00f6sung.<\/p>\n<p>&nbsp;<\/p>\n<p><!--more--><\/p>\n<h4 style=\"text-align: left;\"><strong>Die Vorteile unserer Galette-Tasche<\/strong><strong> :<\/strong><\/h4>\n<ul style=\"text-align: left;\">\n<li><strong>Fettabweisender Schutz<\/strong>: Diese Tasche ist aus fettabweisenden Materialien hergestellt, die verhindern, dass Fett durchdringt.<\/li>\n<li><strong>Geeignete Gr\u00f6\u00dfe<\/strong>: Mit ihren Ma\u00dfen von <strong>30 + 3 x 35 cm<\/strong> ist diese Tasche ideal f\u00fcr einen Dreik\u00f6nigskuchen in Standardgr\u00f6\u00dfe.<\/li>\n<li><strong>Schlichte, professionelle \u00c4sthetik<\/strong>: Durch das schlichte Design dieser <strong>Tasche<\/strong> kommen Ihre Fladenbrote besonders gut zur Geltung.<\/li>\n<li><strong>Verpackung im 100er-Pack<\/strong>: F\u00fcr Profis erleichtert dieses Format im <strong>100er-Pack<\/strong> die Lagerverwaltung und sorgt daf\u00fcr, dass immer gen\u00fcgend Beutel vorhanden sind.<\/li>\n<\/ul>\n<\/div>\n<\/div>\n<\/div>\n<\/div>\n<\/div>\n<\/div>\n<\/div>\n<\/div>\n<\/div>\n<\/div>\n<\/div>\n<\/div>\n<p>&nbsp;<\/p>\n<\/div>\n<\/div>\n<\/div>\n<\/div>\n<\/div>\n<\/div>\n<\/div>\n<\/div>\n<\/div>\n<\/div>\n<\/div>\n<p><!--more--><\/p>\n<h4>Weitere Informationen :<\/h4>\n<ul style=\"font-family: Roboto, sans-serif;\">\n<li><strong>Verpackung<\/strong>: Packung mit 100 St\u00fcck<\/li>\n<li><span style=\"font-weight: bold;\">Gr\u00f6\u00dfe<\/span>: 30 + 3 x 35 cm<\/li>\n<li><strong>Material<\/strong>: Fettdichtes Papier<\/li>\n<\/ul>\n<p>&nbsp;<\/p>\n<p style=\"text-align: left;\"><!--more--><\/p>\n<p><a href=\"https:\/\/www.csj-emballages.com\/de\/categorie-produit\/lebensmittelverpackungen\/backerei-und-konditorei\/sacke-beutel-und-papier\/sacheries-de\/waffeltuten\/\">Sehen Sie sich den Rest unseres Sortiments an Taschen f\u00fcr den Dreik\u00f6nigskuchen an.<\/a><\/p>\n","protected":false},"excerpt":{"rendered":"<p>Tasche &#8222;Galette des rois&#8220; (Dreik\u00f6nigskuchen) Beschreibung unserer Tasche Dreik\u00f6nigskuchen fettdicht 30 + 3 x 35 cm pro 100<\/p>\n","protected":false},"featured_media":148893,"template":"","meta":{"_acf_changed":false},"product_brand":[],"product_cat":[1137,1171,1661,2435,1265],"product_tag":[],"class_list":{"0":"post-23153","1":"product","2":"type-product","3":"status-publish","4":"has-post-thumbnail","6":"product_cat-lebensmittelverpackungen","7":"product_cat-backerei-und-konditorei","8":"product_cat-sacheries-de","9":"product_cat-waffeltuten","10":"product_cat-lagerbestande-promotion","12":"first","13":"outofstock","14":"sale","15":"featured","16":"taxable","17":"shipping-taxable","18":"purchasable","19":"product-type-simple"},"acf":[],"yoast_head":"<!-- This site is optimized with the Yoast SEO Premium plugin v26.6 (Yoast SEO v26.6) - https:\/\/yoast.com\/wordpress\/plugins\/seo\/ -->\n<title>Fettdichte Dreik\u00f6nigskuchen-Tasche 39 x 35 x 3 cm<\/title>\n<meta name=\"description\" content=\"Entdecken Sie unsere Tasche &quot;Galette des rois&quot; (Dreik\u00f6nigskuchen). Angepasste Gr\u00f6\u00dfe, schlichtes Design und Verpackung in 100er-Packs, um den Bed\u00fcrfnissen von Berufst\u00e4tigen gerecht zu werden.\" \/>\n<meta name=\"robots\" content=\"index, follow, max-snippet:-1, max-image-preview:large, max-video-preview:-1\" \/>\n<link rel=\"canonical\" href=\"https:\/\/www.csj-emballages.com\/de\/produit\/100-fettdichte-dreikoenigskuchen-taschen-30-3-x-35-cm\/\" \/>\n<meta property=\"og:locale\" content=\"de_DE\" \/>\n<meta property=\"og:type\" content=\"article\" \/>\n<meta property=\"og:title\" content=\"Fettdichte Dreik\u00f6nigskuchen-Tasche 39 x 35 x 3 cm\" \/>\n<meta property=\"og:description\" content=\"Entdecken Sie unsere Tasche &quot;Galette des rois&quot; (Dreik\u00f6nigskuchen). Angepasste Gr\u00f6\u00dfe, schlichtes Design und Verpackung in 100er-Packs, um den Bed\u00fcrfnissen von Berufst\u00e4tigen gerecht zu werden.\" \/>\n<meta property=\"og:url\" content=\"https:\/\/www.csj-emballages.com\/de\/produit\/100-fettdichte-dreikoenigskuchen-taschen-30-3-x-35-cm\/\" \/>\n<meta property=\"og:site_name\" content=\"CSJ Emballages\" \/>\n<meta property=\"article:publisher\" content=\"https:\/\/www.facebook.com\/csjemballages\" \/>\n<meta property=\"article:modified_time\" content=\"2026-04-21T00:16:21+00:00\" \/>\n<meta property=\"og:image\" content=\"https:\/\/www.csj-emballages.com\/wp-content\/uploads\/2024\/03\/e-amande-72.png\" \/>\n\t<meta property=\"og:image:width\" content=\"300\" \/>\n\t<meta property=\"og:image:height\" content=\"300\" \/>\n\t<meta property=\"og:image:type\" content=\"image\/png\" \/>\n<meta name=\"twitter:card\" content=\"summary_large_image\" \/>\n<meta name=\"twitter:title\" content=\"Fettdichte Dreik\u00f6nigskuchen-Tasche 39 x 35 x 3 cm\" \/>\n<meta name=\"twitter:description\" content=\"Entdecken Sie unsere Tasche &quot;Galette des rois&quot; (Dreik\u00f6nigskuchen). Angepasste Gr\u00f6\u00dfe, schlichtes Design und Verpackung in 100er-Packs, um den Bed\u00fcrfnissen von Berufst\u00e4tigen gerecht zu werden.\" \/>\n<meta name=\"twitter:label1\" content=\"Gesch\u00e4tzte Lesezeit\" \/>\n\t<meta name=\"twitter:data1\" content=\"2 Minuten\" \/>\n<script type=\"application\/ld+json\" class=\"yoast-schema-graph\">{\"@context\":\"https:\/\/schema.org\",\"@graph\":[{\"@type\":\"WebPage\",\"@id\":\"https:\/\/www.csj-emballages.com\/de\/produit\/100-fettdichte-dreikoenigskuchen-taschen-30-3-x-35-cm\/\",\"url\":\"https:\/\/www.csj-emballages.com\/de\/produit\/100-fettdichte-dreikoenigskuchen-taschen-30-3-x-35-cm\/\",\"name\":\"Fettdichte Dreik\u00f6nigskuchen-Tasche 39 x 35 x 3 cm\",\"isPartOf\":{\"@id\":\"https:\/\/www.csj-emballages.com\/de\/#website\"},\"primaryImageOfPage\":{\"@id\":\"https:\/\/www.csj-emballages.com\/de\/produit\/100-fettdichte-dreikoenigskuchen-taschen-30-3-x-35-cm\/#primaryimage\"},\"image\":{\"@id\":\"https:\/\/www.csj-emballages.com\/de\/produit\/100-fettdichte-dreikoenigskuchen-taschen-30-3-x-35-cm\/#primaryimage\"},\"thumbnailUrl\":\"https:\/\/www.csj-emballages.com\/wp-content\/uploads\/2024\/03\/e-amande-72.png\",\"datePublished\":\"2024-03-01T15:50:09+00:00\",\"dateModified\":\"2026-04-21T00:16:21+00:00\",\"description\":\"Entdecken Sie unsere Tasche \\\"Galette des rois\\\" (Dreik\u00f6nigskuchen). Angepasste Gr\u00f6\u00dfe, schlichtes Design und Verpackung in 100er-Packs, um den Bed\u00fcrfnissen von Berufst\u00e4tigen gerecht zu werden.\",\"breadcrumb\":{\"@id\":\"https:\/\/www.csj-emballages.com\/de\/produit\/100-fettdichte-dreikoenigskuchen-taschen-30-3-x-35-cm\/#breadcrumb\"},\"inLanguage\":\"de\",\"potentialAction\":[{\"@type\":\"ReadAction\",\"target\":[\"https:\/\/www.csj-emballages.com\/de\/produit\/100-fettdichte-dreikoenigskuchen-taschen-30-3-x-35-cm\/\"]}]},{\"@type\":\"ImageObject\",\"inLanguage\":\"de\",\"@id\":\"https:\/\/www.csj-emballages.com\/de\/produit\/100-fettdichte-dreikoenigskuchen-taschen-30-3-x-35-cm\/#primaryimage\",\"url\":\"https:\/\/www.csj-emballages.com\/wp-content\/uploads\/2024\/03\/e-amande-72.png\",\"contentUrl\":\"https:\/\/www.csj-emballages.com\/wp-content\/uploads\/2024\/03\/e-amande-72.png\",\"width\":300,\"height\":300,\"caption\":\"sac galette des rois\"},{\"@type\":\"BreadcrumbList\",\"@id\":\"https:\/\/www.csj-emballages.com\/de\/produit\/100-fettdichte-dreikoenigskuchen-taschen-30-3-x-35-cm\/#breadcrumb\",\"itemListElement\":[{\"@type\":\"ListItem\",\"position\":1,\"name\":\"Accueil\",\"item\":\"https:\/\/www.csj-emballages.com\/de\/universum-lebensmittelverpackungen\/\"},{\"@type\":\"ListItem\",\"position\":2,\"name\":\"Shop\",\"item\":\"https:\/\/www.csj-emballages.com\/shop\/\"},{\"@type\":\"ListItem\",\"position\":3,\"name\":\"Tasche Dreik\u00f6nigskuchen fettdicht 30 + 3 x 35 cm pro 100\"}]},{\"@type\":\"WebSite\",\"@id\":\"https:\/\/www.csj-emballages.com\/de\/#website\",\"url\":\"https:\/\/www.csj-emballages.com\/de\/\",\"name\":\"CSJ Emballages\",\"description\":\"\",\"publisher\":{\"@id\":\"https:\/\/www.csj-emballages.com\/de\/#organization\"},\"potentialAction\":[{\"@type\":\"SearchAction\",\"target\":{\"@type\":\"EntryPoint\",\"urlTemplate\":\"https:\/\/www.csj-emballages.com\/de\/?s={search_term_string}\"},\"query-input\":{\"@type\":\"PropertyValueSpecification\",\"valueRequired\":true,\"valueName\":\"search_term_string\"}}],\"inLanguage\":\"de\"},{\"@type\":\"Organization\",\"@id\":\"https:\/\/www.csj-emballages.com\/de\/#Organization\/\",\"name\":\"CSJ Emballages\",\"url\":\"https:\/\/www.csj-emballages.com\/de\/\",\"logo\":{\"@type\":\"ImageObject\",\"inLanguage\":\"de\",\"@id\":\"https:\/\/www.csj-emballages.com\/de\/#\/schema\/logo\/image\/\",\"url\":\"https:\/\/www.csj-emballages.com\/wp-content\/uploads\/2023\/10\/logo_csj.webp\",\"contentUrl\":\"https:\/\/www.csj-emballages.com\/wp-content\/uploads\/2023\/10\/logo_csj.webp\",\"width\":250,\"height\":95,\"caption\":\"CSJ Emballages\"},\"image\":{\"@id\":\"https:\/\/www.csj-emballages.com\/de\/#\/schema\/logo\/image\/\"},\"sameAs\":[\"https:\/\/www.facebook.com\/csjemballages\"],\"address\":{\"@type\":\"PostalAddress\",\"streetAddress\":\"ZI La Lechere\",\"addressLocality\":\"Patornay\",\"postalCode\":\"39130\",\"addressCountry\":\"FR\"},\"contactPoint\":[{\"@type\":\"ContactPoint\",\"contactType\":\"Service client\",\"telephone\":\"0384254272\",\"email\":\"contact@csj-emballages.com\"}]}]}<\/script>\n<!-- \/ Yoast SEO Premium plugin. -->","yoast_head_json":{"title":"Fettdichte Dreik\u00f6nigskuchen-Tasche 39 x 35 x 3 cm","description":"Entdecken Sie unsere Tasche \"Galette des rois\" (Dreik\u00f6nigskuchen). Angepasste Gr\u00f6\u00dfe, schlichtes Design und Verpackung in 100er-Packs, um den Bed\u00fcrfnissen von Berufst\u00e4tigen gerecht zu werden.","robots":{"index":"index","follow":"follow","max-snippet":"max-snippet:-1","max-image-preview":"max-image-preview:large","max-video-preview":"max-video-preview:-1"},"canonical":"https:\/\/www.csj-emballages.com\/de\/produit\/100-fettdichte-dreikoenigskuchen-taschen-30-3-x-35-cm\/","og_locale":"de_DE","og_type":"article","og_title":"Fettdichte Dreik\u00f6nigskuchen-Tasche 39 x 35 x 3 cm","og_description":"Entdecken Sie unsere Tasche \"Galette des rois\" (Dreik\u00f6nigskuchen). Angepasste Gr\u00f6\u00dfe, schlichtes Design und Verpackung in 100er-Packs, um den Bed\u00fcrfnissen von Berufst\u00e4tigen gerecht zu werden.","og_url":"https:\/\/www.csj-emballages.com\/de\/produit\/100-fettdichte-dreikoenigskuchen-taschen-30-3-x-35-cm\/","og_site_name":"CSJ Emballages","article_publisher":"https:\/\/www.facebook.com\/csjemballages","article_modified_time":"2026-04-21T00:16:21+00:00","og_image":[{"width":300,"height":300,"url":"https:\/\/www.csj-emballages.com\/wp-content\/uploads\/2024\/03\/e-amande-72.png","type":"image\/png"}],"twitter_card":"summary_large_image","twitter_title":"Fettdichte Dreik\u00f6nigskuchen-Tasche 39 x 35 x 3 cm","twitter_description":"Entdecken Sie unsere Tasche \"Galette des rois\" (Dreik\u00f6nigskuchen). Angepasste Gr\u00f6\u00dfe, schlichtes Design und Verpackung in 100er-Packs, um den Bed\u00fcrfnissen von Berufst\u00e4tigen gerecht zu werden.","twitter_misc":{"Gesch\u00e4tzte Lesezeit":"2 Minuten"},"schema":{"@context":"https:\/\/schema.org","@graph":[{"@type":"WebPage","@id":"https:\/\/www.csj-emballages.com\/de\/produit\/100-fettdichte-dreikoenigskuchen-taschen-30-3-x-35-cm\/","url":"https:\/\/www.csj-emballages.com\/de\/produit\/100-fettdichte-dreikoenigskuchen-taschen-30-3-x-35-cm\/","name":"Fettdichte Dreik\u00f6nigskuchen-Tasche 39 x 35 x 3 cm","isPartOf":{"@id":"https:\/\/www.csj-emballages.com\/de\/#website"},"primaryImageOfPage":{"@id":"https:\/\/www.csj-emballages.com\/de\/produit\/100-fettdichte-dreikoenigskuchen-taschen-30-3-x-35-cm\/#primaryimage"},"image":{"@id":"https:\/\/www.csj-emballages.com\/de\/produit\/100-fettdichte-dreikoenigskuchen-taschen-30-3-x-35-cm\/#primaryimage"},"thumbnailUrl":"https:\/\/www.csj-emballages.com\/wp-content\/uploads\/2024\/03\/e-amande-72.png","datePublished":"2024-03-01T15:50:09+00:00","dateModified":"2026-04-21T00:16:21+00:00","description":"Entdecken Sie unsere Tasche \"Galette des rois\" (Dreik\u00f6nigskuchen). Angepasste Gr\u00f6\u00dfe, schlichtes Design und Verpackung in 100er-Packs, um den Bed\u00fcrfnissen von Berufst\u00e4tigen gerecht zu werden.","breadcrumb":{"@id":"https:\/\/www.csj-emballages.com\/de\/produit\/100-fettdichte-dreikoenigskuchen-taschen-30-3-x-35-cm\/#breadcrumb"},"inLanguage":"de","potentialAction":[{"@type":"ReadAction","target":["https:\/\/www.csj-emballages.com\/de\/produit\/100-fettdichte-dreikoenigskuchen-taschen-30-3-x-35-cm\/"]}]},{"@type":"ImageObject","inLanguage":"de","@id":"https:\/\/www.csj-emballages.com\/de\/produit\/100-fettdichte-dreikoenigskuchen-taschen-30-3-x-35-cm\/#primaryimage","url":"https:\/\/www.csj-emballages.com\/wp-content\/uploads\/2024\/03\/e-amande-72.png","contentUrl":"https:\/\/www.csj-emballages.com\/wp-content\/uploads\/2024\/03\/e-amande-72.png","width":300,"height":300,"caption":"sac galette des rois"},{"@type":"BreadcrumbList","@id":"https:\/\/www.csj-emballages.com\/de\/produit\/100-fettdichte-dreikoenigskuchen-taschen-30-3-x-35-cm\/#breadcrumb","itemListElement":[{"@type":"ListItem","position":1,"name":"Accueil","item":"https:\/\/www.csj-emballages.com\/de\/universum-lebensmittelverpackungen\/"},{"@type":"ListItem","position":2,"name":"Shop","item":"https:\/\/www.csj-emballages.com\/shop\/"},{"@type":"ListItem","position":3,"name":"Tasche Dreik\u00f6nigskuchen fettdicht 30 + 3 x 35 cm pro 100"}]},{"@type":"WebSite","@id":"https:\/\/www.csj-emballages.com\/de\/#website","url":"https:\/\/www.csj-emballages.com\/de\/","name":"CSJ Emballages","description":"","publisher":{"@id":"https:\/\/www.csj-emballages.com\/de\/#organization"},"potentialAction":[{"@type":"SearchAction","target":{"@type":"EntryPoint","urlTemplate":"https:\/\/www.csj-emballages.com\/de\/?s={search_term_string}"},"query-input":{"@type":"PropertyValueSpecification","valueRequired":true,"valueName":"search_term_string"}}],"inLanguage":"de"},{"@type":"Organization","@id":"https:\/\/www.csj-emballages.com\/de\/#Organization\/","name":"CSJ Emballages","url":"https:\/\/www.csj-emballages.com\/de\/","logo":{"@type":"ImageObject","inLanguage":"de","@id":"https:\/\/www.csj-emballages.com\/de\/#\/schema\/logo\/image\/","url":"https:\/\/www.csj-emballages.com\/wp-content\/uploads\/2023\/10\/logo_csj.webp","contentUrl":"https:\/\/www.csj-emballages.com\/wp-content\/uploads\/2023\/10\/logo_csj.webp","width":250,"height":95,"caption":"CSJ Emballages"},"image":{"@id":"https:\/\/www.csj-emballages.com\/de\/#\/schema\/logo\/image\/"},"sameAs":["https:\/\/www.facebook.com\/csjemballages"],"address":{"@type":"PostalAddress","streetAddress":"ZI La Lechere","addressLocality":"Patornay","postalCode":"39130","addressCountry":"FR"},"contactPoint":[{"@type":"ContactPoint","contactType":"Service client","telephone":"0384254272","email":"contact@csj-emballages.com"}]}]}},"df_price":13.02,"df_sale_price":13.02,"df_regular_price":14.47,"df_image_link":"https:\/\/www.csj-emballages.com\/wp-content\/uploads\/2024\/03\/e-amande-72.png","tiered_pricing_type":"fixed","tiered_pricing_fixed_rules":[],"tiered_pricing_percentage_rules":[],"tiered_pricing_minimum":1,"tiered_pricing_roles_data":[],"_links":{"self":[{"href":"https:\/\/www.csj-emballages.com\/de\/wp-json\/wp\/v2\/product\/23153","targetHints":{"allow":["GET"]}}],"collection":[{"href":"https:\/\/www.csj-emballages.com\/de\/wp-json\/wp\/v2\/product"}],"about":[{"href":"https:\/\/www.csj-emballages.com\/de\/wp-json\/wp\/v2\/types\/product"}],"wp:featuredmedia":[{"embeddable":true,"href":"https:\/\/www.csj-emballages.com\/de\/wp-json\/wp\/v2\/media\/148893"}],"wp:attachment":[{"href":"https:\/\/www.csj-emballages.com\/de\/wp-json\/wp\/v2\/media?parent=23153"}],"wp:term":[{"taxonomy":"product_brand","embeddable":true,"href":"https:\/\/www.csj-emballages.com\/de\/wp-json\/wp\/v2\/product_brand?post=23153"},{"taxonomy":"product_cat","embeddable":true,"href":"https:\/\/www.csj-emballages.com\/de\/wp-json\/wp\/v2\/product_cat?post=23153"},{"taxonomy":"product_tag","embeddable":true,"href":"https:\/\/www.csj-emballages.com\/de\/wp-json\/wp\/v2\/product_tag?post=23153"}],"curies":[{"name":"wp","href":"https:\/\/api.w.org\/{rel}","templated":true}]}}