{"id":231292,"date":"2025-04-11T08:24:30","date_gmt":"2025-04-11T06:24:30","guid":{"rendered":"https:\/\/www.csj-emballages.com\/produit\/1-kg-pekannuesse\/"},"modified":"2026-03-12T16:06:46","modified_gmt":"2026-03-12T15:06:46","slug":"1-kg-pekannuesse","status":"publish","type":"product","link":"https:\/\/www.csj-emballages.com\/de\/produit\/1-kg-pekannuesse\/","title":{"rendered":"Pekann\u00fcsse in 1kg"},"content":{"rendered":"<h2 class=\"p1\">Pekannuss<\/h2>\n<hr>\n<h3>Beschreibung unserer Pekann\u00fcsse in 1kg<\/h3>\n<h3><!--more--><\/h3>\n<div class=\"flex flex-grow flex-col max-w-full\">\n<div class=\"min-h-[20px] text-message flex flex-col items-start whitespace-pre-wrap break-words [.text-message+&amp;]:mt-5 juice:w-full juice:items-end overflow-x-auto gap-2\" dir=\"auto\" data-message-author-role=\"assistant\" data-message-id=\"579bfb50-fb6c-479d-a152-27ab4b509f37\">\n<div class=\"flex w-full flex-col gap-1 juice:empty:hidden juice:first:pt-[3px]\">\n<div class=\"markdown prose w-full break-words dark:prose-invert light\">\n<p class=\"\" data-start=\"212\" data-end=\"618\">Die <strong>Pekannuss<\/strong> ist so etwas wie der Star unter den N\u00fcssen. Mit ihrem reichhaltigen, leicht s\u00fc\u00dflichen Geschmack und ihrer knackigen, aber zartschmelzenden Textur verf\u00fchrt sie sowohl Liebhaber gesunder Knabbereien als auch leidenschaftliche B\u00e4cker. Hier bieten wir Ihnen eine <strong data-start=\"461\" data-end=\"488\">gro\u00dfz\u00fcgige Gr\u00f6\u00dfe von 1 kg an<\/strong>, perfekt f\u00fcr professionelle K\u00f6che wie auch f\u00fcr Privatpersonen, die gerne immer ein gutes Produkt zur Hand haben. Unsere <strong>Pekann\u00fcsse<\/strong> sind naturbelassen, ungesalzen und unger\u00f6stet, sodass Sie sie nach Belieben verwenden k\u00f6nnen: in Ihrem M\u00fcsli, Ihren Brownies, Ihren gemischten Salaten oder auch einfach als Snack zwischendurch. Sie werden sorgf\u00e4ltig nach ihrer Frische, ihrer gleichm\u00e4\u00dfigen Gr\u00f6\u00dfe und ihrem ausgepr\u00e4gten Geschmack ausgew\u00e4hlt.    <\/p>\n<p class=\"\" data-start=\"938\" data-end=\"1140\">Ebenso bietet Ihnen die <strong>1-kg-Packung<\/strong> ein hervorragendes Preis-Leistungs-Verh\u00e4ltnis mit weniger Verpackung und mehr Zweckm\u00e4\u00dfigkeit, egal ob Sie Feinkosth\u00e4ndler, Konditor, Restaurantbesitzer oder Anh\u00e4nger des hausgemachten Batch-Cookings sind.<\/p>\n<p class=\"\" data-start=\"1142\" data-end=\"1287\">Bewahren Sie sie aber an einem trockenen, k\u00fchlen und lichtgesch\u00fctzten Ort auf, und Sie werden ihren unverf\u00e4lschten Geschmack mehrere Wochen lang genie\u00dfen k\u00f6nnen.<\/p>\n<p data-start=\"1142\" data-end=\"1287\">\n<\/div>\n<\/div>\n<\/div>\n<\/div>\n<p><!--more--><\/p>\n<div class=\"flex flex-grow flex-col max-w-full\">\n<div class=\"min-h-[20px] text-message flex flex-col items-start whitespace-pre-wrap break-words [.text-message+&amp;]:mt-5 juice:w-full juice:items-end overflow-x-auto gap-2\" dir=\"auto\" data-message-author-role=\"assistant\" data-message-id=\"579bfb50-fb6c-479d-a152-27ab4b509f37\">\n<div class=\"flex w-full flex-col gap-1 juice:empty:hidden juice:first:pt-[3px]\">\n<div class=\"markdown prose w-full break-words dark:prose-invert light\">\n<h4><strong>Ihre Vorteile :<\/strong><\/h4>\n<ul>\n<li><strong>Ungesalzen, nicht ger\u00f6stet<\/strong>: vielseitige Verwendung.<\/li>\n<li>Unsere Pekann\u00fcsse eignen sich hervorragend zum Backen, f\u00fcr Salate oder als Snack.<\/li>\n<li>Nat\u00fcrliche Quelle f\u00fcr gute Fette, Ballaststoffe und Mineralien.<\/li>\n<li>Preisg\u00fcnstiges und praktisches 1-kg-Format.<\/li>\n<\/ul>\n<\/div>\n<div class=\"markdown prose w-full break-words dark:prose-invert light\">\n<p>&nbsp;<\/p>\n<\/div>\n<\/div>\n<\/div>\n<\/div>\n<p><!--more--><\/p>\n<h4>Weitere Informationen :<\/h4>\n<ul>\n<li><strong>Verpackung<\/strong>: Packung mit 1kg<\/li>\n<li><strong>Typ<\/strong>: Pekannuss<\/li>\n<\/ul>\n<p>&nbsp;<\/p>\n<p><!--more--><\/p>\n<p>Hier finden Sie unsere Cashewn\u00fcsse : <span style=\"color: #d12727\"><a style=\"color: #d12727\" href=\"https:\/\/www.csj-emballages.com\/es\/produit\/1-kg-de-anacardos\/\">160013<\/a><\/span><\/p>\n<p>&nbsp;<\/p>\n<p><!--more--><\/p>\n<p><a href=\"https:\/\/u15jnbdpoq.preview.infomaniak.website\/categorie-produit\/alimentation\/aliments\/fruits-secs-au-sirop\/fruits-secs\/\">Sehen Sie sich den Rest unseres Sortiments an Trockenfr\u00fcchten an.<\/a><\/p>\n","protected":false},"excerpt":{"rendered":"<p>Pekannuss Beschreibung unserer Pekann\u00fcsse in 1kg<\/p>\n","protected":false},"featured_media":231287,"template":"","meta":{"_acf_changed":false},"product_brand":[],"product_cat":[1144,7623],"product_tag":[],"class_list":{"0":"post-231292","1":"product","2":"type-product","3":"status-publish","4":"has-post-thumbnail","6":"product_cat-lebensmittel","7":"product_cat-trockenfruechte","9":"first","10":"instock","11":"taxable","12":"shipping-taxable","13":"purchasable","14":"product-type-simple"},"acf":[],"yoast_head":"<!-- This site is optimized with the Yoast SEO Premium plugin v26.6 (Yoast SEO v26.6) - https:\/\/yoast.com\/wordpress\/plugins\/seo\/ -->\n<title>Pekann\u00fcsse in 1kg<\/title>\n<meta name=\"description\" content=\"Pekann\u00fcsse lose 1 kg - Premiumqualit\u00e4t, nat\u00fcrlich und ungesalzen. Ideal zum Backen, f\u00fcr Snacks oder f\u00fcr hausgemachte Rezepte.\" \/>\n<meta name=\"robots\" content=\"index, follow, max-snippet:-1, max-image-preview:large, max-video-preview:-1\" \/>\n<link rel=\"canonical\" href=\"https:\/\/www.csj-emballages.com\/de\/produit\/1-kg-pekannuesse\/\" \/>\n<meta property=\"og:locale\" content=\"de_DE\" \/>\n<meta property=\"og:type\" content=\"article\" \/>\n<meta property=\"og:title\" content=\"Pekann\u00fcsse in 1kg\" \/>\n<meta property=\"og:description\" content=\"Pekann\u00fcsse lose 1 kg - Premiumqualit\u00e4t, nat\u00fcrlich und ungesalzen. Ideal zum Backen, f\u00fcr Snacks oder f\u00fcr hausgemachte Rezepte.\" \/>\n<meta property=\"og:url\" content=\"https:\/\/www.csj-emballages.com\/de\/produit\/1-kg-pekannuesse\/\" \/>\n<meta property=\"og:site_name\" content=\"CSJ Emballages\" \/>\n<meta property=\"article:publisher\" content=\"https:\/\/www.facebook.com\/csjemballages\" \/>\n<meta property=\"article:modified_time\" content=\"2026-03-12T15:06:46+00:00\" \/>\n<meta property=\"og:image\" content=\"https:\/\/www.csj-emballages.com\/wp-content\/uploads\/2025\/04\/Noix-de-pecan.webp\" \/>\n\t<meta property=\"og:image:width\" content=\"800\" \/>\n\t<meta property=\"og:image:height\" content=\"800\" \/>\n\t<meta property=\"og:image:type\" content=\"image\/webp\" \/>\n<meta name=\"twitter:card\" content=\"summary_large_image\" \/>\n<meta name=\"twitter:label1\" content=\"Gesch\u00e4tzte Lesezeit\" \/>\n\t<meta name=\"twitter:data1\" content=\"1\u00a0Minute\" \/>\n<script type=\"application\/ld+json\" class=\"yoast-schema-graph\">{\"@context\":\"https:\/\/schema.org\",\"@graph\":[{\"@type\":\"WebPage\",\"@id\":\"https:\/\/www.csj-emballages.com\/de\/produit\/1-kg-pekannuesse\/\",\"url\":\"https:\/\/www.csj-emballages.com\/de\/produit\/1-kg-pekannuesse\/\",\"name\":\"Pekann\u00fcsse in 1kg\",\"isPartOf\":{\"@id\":\"https:\/\/www.csj-emballages.com\/de\/#website\"},\"primaryImageOfPage\":{\"@id\":\"https:\/\/www.csj-emballages.com\/de\/produit\/1-kg-pekannuesse\/#primaryimage\"},\"image\":{\"@id\":\"https:\/\/www.csj-emballages.com\/de\/produit\/1-kg-pekannuesse\/#primaryimage\"},\"thumbnailUrl\":\"https:\/\/www.csj-emballages.com\/wp-content\/uploads\/2025\/04\/Noix-de-pecan.webp\",\"datePublished\":\"2025-04-11T06:24:30+00:00\",\"dateModified\":\"2026-03-12T15:06:46+00:00\",\"description\":\"Pekann\u00fcsse lose 1 kg - Premiumqualit\u00e4t, nat\u00fcrlich und ungesalzen. Ideal zum Backen, f\u00fcr Snacks oder f\u00fcr hausgemachte Rezepte.\",\"breadcrumb\":{\"@id\":\"https:\/\/www.csj-emballages.com\/de\/produit\/1-kg-pekannuesse\/#breadcrumb\"},\"inLanguage\":\"de\",\"potentialAction\":[{\"@type\":\"ReadAction\",\"target\":[\"https:\/\/www.csj-emballages.com\/de\/produit\/1-kg-pekannuesse\/\"]}]},{\"@type\":\"ImageObject\",\"inLanguage\":\"de\",\"@id\":\"https:\/\/www.csj-emballages.com\/de\/produit\/1-kg-pekannuesse\/#primaryimage\",\"url\":\"https:\/\/www.csj-emballages.com\/wp-content\/uploads\/2025\/04\/Noix-de-pecan.webp\",\"contentUrl\":\"https:\/\/www.csj-emballages.com\/wp-content\/uploads\/2025\/04\/Noix-de-pecan.webp\",\"width\":800,\"height\":800,\"caption\":\"Noix de p\u00e9can\"},{\"@type\":\"BreadcrumbList\",\"@id\":\"https:\/\/www.csj-emballages.com\/de\/produit\/1-kg-pekannuesse\/#breadcrumb\",\"itemListElement\":[{\"@type\":\"ListItem\",\"position\":1,\"name\":\"Accueil\",\"item\":\"https:\/\/www.csj-emballages.com\/de\/universum-lebensmittelverpackungen\/\"},{\"@type\":\"ListItem\",\"position\":2,\"name\":\"Shop\",\"item\":\"https:\/\/www.csj-emballages.com\/shop\/\"},{\"@type\":\"ListItem\",\"position\":3,\"name\":\"Pekann\u00fcsse in 1kg\"}]},{\"@type\":\"WebSite\",\"@id\":\"https:\/\/www.csj-emballages.com\/de\/#website\",\"url\":\"https:\/\/www.csj-emballages.com\/de\/\",\"name\":\"CSJ Emballages\",\"description\":\"\",\"publisher\":{\"@id\":\"https:\/\/www.csj-emballages.com\/de\/#organization\"},\"potentialAction\":[{\"@type\":\"SearchAction\",\"target\":{\"@type\":\"EntryPoint\",\"urlTemplate\":\"https:\/\/www.csj-emballages.com\/de\/?s={search_term_string}\"},\"query-input\":{\"@type\":\"PropertyValueSpecification\",\"valueRequired\":true,\"valueName\":\"search_term_string\"}}],\"inLanguage\":\"de\"},{\"@type\":\"Organization\",\"@id\":\"https:\/\/www.csj-emballages.com\/de\/#Organization\/\",\"name\":\"CSJ Emballages\",\"url\":\"https:\/\/www.csj-emballages.com\/de\/\",\"logo\":{\"@type\":\"ImageObject\",\"inLanguage\":\"de\",\"@id\":\"https:\/\/www.csj-emballages.com\/de\/#\/schema\/logo\/image\/\",\"url\":\"https:\/\/www.csj-emballages.com\/wp-content\/uploads\/2023\/10\/logo_csj.webp\",\"contentUrl\":\"https:\/\/www.csj-emballages.com\/wp-content\/uploads\/2023\/10\/logo_csj.webp\",\"width\":250,\"height\":95,\"caption\":\"CSJ Emballages\"},\"image\":{\"@id\":\"https:\/\/www.csj-emballages.com\/de\/#\/schema\/logo\/image\/\"},\"sameAs\":[\"https:\/\/www.facebook.com\/csjemballages\"],\"address\":{\"@type\":\"PostalAddress\",\"streetAddress\":\"ZI La Lechere\",\"addressLocality\":\"Patornay\",\"postalCode\":\"39130\",\"addressCountry\":\"FR\"},\"contactPoint\":[{\"@type\":\"ContactPoint\",\"contactType\":\"Service client\",\"telephone\":\"0384254272\",\"email\":\"contact@csj-emballages.com\"}]}]}<\/script>\n<!-- \/ Yoast SEO Premium plugin. -->","yoast_head_json":{"title":"Pekann\u00fcsse in 1kg","description":"Pekann\u00fcsse lose 1 kg - Premiumqualit\u00e4t, nat\u00fcrlich und ungesalzen. Ideal zum Backen, f\u00fcr Snacks oder f\u00fcr hausgemachte Rezepte.","robots":{"index":"index","follow":"follow","max-snippet":"max-snippet:-1","max-image-preview":"max-image-preview:large","max-video-preview":"max-video-preview:-1"},"canonical":"https:\/\/www.csj-emballages.com\/de\/produit\/1-kg-pekannuesse\/","og_locale":"de_DE","og_type":"article","og_title":"Pekann\u00fcsse in 1kg","og_description":"Pekann\u00fcsse lose 1 kg - Premiumqualit\u00e4t, nat\u00fcrlich und ungesalzen. Ideal zum Backen, f\u00fcr Snacks oder f\u00fcr hausgemachte Rezepte.","og_url":"https:\/\/www.csj-emballages.com\/de\/produit\/1-kg-pekannuesse\/","og_site_name":"CSJ Emballages","article_publisher":"https:\/\/www.facebook.com\/csjemballages","article_modified_time":"2026-03-12T15:06:46+00:00","og_image":[{"width":800,"height":800,"url":"https:\/\/www.csj-emballages.com\/wp-content\/uploads\/2025\/04\/Noix-de-pecan.webp","type":"image\/webp"}],"twitter_card":"summary_large_image","twitter_misc":{"Gesch\u00e4tzte Lesezeit":"1\u00a0Minute"},"schema":{"@context":"https:\/\/schema.org","@graph":[{"@type":"WebPage","@id":"https:\/\/www.csj-emballages.com\/de\/produit\/1-kg-pekannuesse\/","url":"https:\/\/www.csj-emballages.com\/de\/produit\/1-kg-pekannuesse\/","name":"Pekann\u00fcsse in 1kg","isPartOf":{"@id":"https:\/\/www.csj-emballages.com\/de\/#website"},"primaryImageOfPage":{"@id":"https:\/\/www.csj-emballages.com\/de\/produit\/1-kg-pekannuesse\/#primaryimage"},"image":{"@id":"https:\/\/www.csj-emballages.com\/de\/produit\/1-kg-pekannuesse\/#primaryimage"},"thumbnailUrl":"https:\/\/www.csj-emballages.com\/wp-content\/uploads\/2025\/04\/Noix-de-pecan.webp","datePublished":"2025-04-11T06:24:30+00:00","dateModified":"2026-03-12T15:06:46+00:00","description":"Pekann\u00fcsse lose 1 kg - Premiumqualit\u00e4t, nat\u00fcrlich und ungesalzen. Ideal zum Backen, f\u00fcr Snacks oder f\u00fcr hausgemachte Rezepte.","breadcrumb":{"@id":"https:\/\/www.csj-emballages.com\/de\/produit\/1-kg-pekannuesse\/#breadcrumb"},"inLanguage":"de","potentialAction":[{"@type":"ReadAction","target":["https:\/\/www.csj-emballages.com\/de\/produit\/1-kg-pekannuesse\/"]}]},{"@type":"ImageObject","inLanguage":"de","@id":"https:\/\/www.csj-emballages.com\/de\/produit\/1-kg-pekannuesse\/#primaryimage","url":"https:\/\/www.csj-emballages.com\/wp-content\/uploads\/2025\/04\/Noix-de-pecan.webp","contentUrl":"https:\/\/www.csj-emballages.com\/wp-content\/uploads\/2025\/04\/Noix-de-pecan.webp","width":800,"height":800,"caption":"Noix de p\u00e9can"},{"@type":"BreadcrumbList","@id":"https:\/\/www.csj-emballages.com\/de\/produit\/1-kg-pekannuesse\/#breadcrumb","itemListElement":[{"@type":"ListItem","position":1,"name":"Accueil","item":"https:\/\/www.csj-emballages.com\/de\/universum-lebensmittelverpackungen\/"},{"@type":"ListItem","position":2,"name":"Shop","item":"https:\/\/www.csj-emballages.com\/shop\/"},{"@type":"ListItem","position":3,"name":"Pekann\u00fcsse in 1kg"}]},{"@type":"WebSite","@id":"https:\/\/www.csj-emballages.com\/de\/#website","url":"https:\/\/www.csj-emballages.com\/de\/","name":"CSJ Emballages","description":"","publisher":{"@id":"https:\/\/www.csj-emballages.com\/de\/#organization"},"potentialAction":[{"@type":"SearchAction","target":{"@type":"EntryPoint","urlTemplate":"https:\/\/www.csj-emballages.com\/de\/?s={search_term_string}"},"query-input":{"@type":"PropertyValueSpecification","valueRequired":true,"valueName":"search_term_string"}}],"inLanguage":"de"},{"@type":"Organization","@id":"https:\/\/www.csj-emballages.com\/de\/#Organization\/","name":"CSJ Emballages","url":"https:\/\/www.csj-emballages.com\/de\/","logo":{"@type":"ImageObject","inLanguage":"de","@id":"https:\/\/www.csj-emballages.com\/de\/#\/schema\/logo\/image\/","url":"https:\/\/www.csj-emballages.com\/wp-content\/uploads\/2023\/10\/logo_csj.webp","contentUrl":"https:\/\/www.csj-emballages.com\/wp-content\/uploads\/2023\/10\/logo_csj.webp","width":250,"height":95,"caption":"CSJ Emballages"},"image":{"@id":"https:\/\/www.csj-emballages.com\/de\/#\/schema\/logo\/image\/"},"sameAs":["https:\/\/www.facebook.com\/csjemballages"],"address":{"@type":"PostalAddress","streetAddress":"ZI La Lechere","addressLocality":"Patornay","postalCode":"39130","addressCountry":"FR"},"contactPoint":[{"@type":"ContactPoint","contactType":"Service client","telephone":"0384254272","email":"contact@csj-emballages.com"}]}]}},"df_price":24.61,"df_sale_price":"","df_regular_price":24.61,"df_image_link":"https:\/\/www.csj-emballages.com\/wp-content\/uploads\/2025\/04\/Noix-de-pecan-300x300.webp","tiered_pricing_type":"fixed","tiered_pricing_fixed_rules":[],"tiered_pricing_percentage_rules":[],"tiered_pricing_minimum":1,"tiered_pricing_roles_data":[],"_links":{"self":[{"href":"https:\/\/www.csj-emballages.com\/de\/wp-json\/wp\/v2\/product\/231292","targetHints":{"allow":["GET"]}}],"collection":[{"href":"https:\/\/www.csj-emballages.com\/de\/wp-json\/wp\/v2\/product"}],"about":[{"href":"https:\/\/www.csj-emballages.com\/de\/wp-json\/wp\/v2\/types\/product"}],"wp:featuredmedia":[{"embeddable":true,"href":"https:\/\/www.csj-emballages.com\/de\/wp-json\/wp\/v2\/media\/231287"}],"wp:attachment":[{"href":"https:\/\/www.csj-emballages.com\/de\/wp-json\/wp\/v2\/media?parent=231292"}],"wp:term":[{"taxonomy":"product_brand","embeddable":true,"href":"https:\/\/www.csj-emballages.com\/de\/wp-json\/wp\/v2\/product_brand?post=231292"},{"taxonomy":"product_cat","embeddable":true,"href":"https:\/\/www.csj-emballages.com\/de\/wp-json\/wp\/v2\/product_cat?post=231292"},{"taxonomy":"product_tag","embeddable":true,"href":"https:\/\/www.csj-emballages.com\/de\/wp-json\/wp\/v2\/product_tag?post=231292"}],"curies":[{"name":"wp","href":"https:\/\/api.w.org\/{rel}","templated":true}]}}