{"id":231282,"date":"2025-04-11T08:24:37","date_gmt":"2025-04-11T06:24:37","guid":{"rendered":"https:\/\/www.csj-emballages.com\/produit\/1-kg-entsteinte-trockenpflaumen\/"},"modified":"2026-03-12T16:06:48","modified_gmt":"2026-03-12T15:06:48","slug":"1-kg-entsteinte-trockenpflaumen","status":"publish","type":"product","link":"https:\/\/www.csj-emballages.com\/de\/produit\/1-kg-entsteinte-trockenpflaumen\/","title":{"rendered":"Entkernte getrocknete Pflaumen in 1kg"},"content":{"rendered":"<h2 class=\"p1\">Getrocknete Pflaumen<\/h2>\n<hr>\n<h3>Beschreibung unserer getrockneten, entsteinten Pflaumen in 1kg<\/h3>\n<h3><!--more--><\/h3>\n<div class=\"flex flex-grow flex-col max-w-full\">\n<div class=\"min-h-[20px] text-message flex flex-col items-start whitespace-pre-wrap break-words [.text-message+&amp;]:mt-5 juice:w-full juice:items-end overflow-x-auto gap-2\" dir=\"auto\" data-message-author-role=\"assistant\" data-message-id=\"579bfb50-fb6c-479d-a152-27ab4b509f37\">\n<div class=\"flex w-full flex-col gap-1 juice:empty:hidden juice:first:pt-[3px]\">\n<div class=\"markdown prose w-full break-words dark:prose-invert light\">\n<p class=\"\" data-start=\"239\" data-end=\"450\">Unsere <strong>getrockneten, entsteinten Pflaumen<\/strong> im <strong>1-kg-Beutel<\/strong> sind reich an Ballaststoffen, nat\u00fcrlich s\u00fc\u00df und au\u00dfergew\u00f6hnlich zart. Sie sind ein unverzichtbares Produkt f\u00fcr die Zubereitung Ihrer Gerichte oder Ihre t\u00e4glichen gesunden Snacks. Die <strong>Pflaumen<\/strong> stammen von sorgf\u00e4ltig ausgew\u00e4hlten Fr\u00fcchten, die bei voller Reife geerntet werden, und werden anschlie\u00dfend langsam <strong>getrocknet<\/strong>, um ihre S\u00fc\u00dfe und ihre N\u00e4hrwerte zu bewahren. Was ist ihr Vorteil? Sie sind <strong data-start=\"663\" data-end=\"677\">entsteint<\/strong>, wodurch Sie in der K\u00fcche wertvolle Zeit sparen. Sie k\u00f6nnen sie ganz einfach in s\u00fc\u00dfe oder herzhafte Rezepte integrieren: Tajines, Kuchen, Kompotte, Smoothies oder sogar Salate. Der <strong>1-kg-Beutel<\/strong> eignet sich sowohl f\u00fcr professionelle Gastronomen als auch f\u00fcr ern\u00e4hrungsbewusste Privatpersonen. Sie sind einfach zu lagern und zu verwenden und auch eine hervorragende Option f\u00fcr alle, die nat\u00fcrliche Produkte ohne unn\u00f6tige Zusatzstoffe bevorzugen.      <\/p>\n<p class=\"\" data-start=\"1127\" data-end=\"1335\"><strong>Pflaumen<\/strong> sind f\u00fcr ihre positiven Auswirkungen auf die Verdauung bekannt, aber auch f\u00fcr ihren Reichtum an Antioxidantien und Mineralstoffen wie Kalium. Dieses Produkt vereint also Genuss und Wohlbefinden ohne Kompromisse. <\/p>\n<p class=\"\" data-start=\"1337\" data-end=\"1486\">Kurz gesagt: Ob Sie nun Feinkosth\u00e4ndler, Konditor, Restaurantbesitzer oder einfach nur ein Liebhaber der Hausmannskost sind, diese <strong>Backpflaumen<\/strong> werden schnell in Ihre Speisekammer aufgenommen.<\/p>\n<p data-start=\"1337\" data-end=\"1486\">\n<\/div>\n<\/div>\n<\/div>\n<\/div>\n<p><!--more--><\/p>\n<div class=\"flex flex-grow flex-col max-w-full\">\n<div class=\"min-h-[20px] text-message flex flex-col items-start whitespace-pre-wrap break-words [.text-message+&amp;]:mt-5 juice:w-full juice:items-end overflow-x-auto gap-2\" dir=\"auto\" data-message-author-role=\"assistant\" data-message-id=\"579bfb50-fb6c-479d-a152-27ab4b509f37\">\n<div class=\"flex w-full flex-col gap-1 juice:empty:hidden juice:first:pt-[3px]\">\n<div class=\"markdown prose w-full break-words dark:prose-invert light\">\n<h4><strong>Ihre Vorteile :<\/strong><\/h4>\n<ul>\n<li>Entkernte Pflaumen gebrauchsfertig.<\/li>\n<li>Reich an Ballaststoffen und N\u00e4hrstoffen.<\/li>\n<li>Nat\u00fcrlich s\u00fc\u00dfer Geschmack, ohne Zuckerzusatz.<\/li>\n<li>Preisg\u00fcnstiges und praktisches 1-kg-Format.<\/li>\n<li>Ideal f\u00fcr s\u00fc\u00dfe und herzhafte Rezepte.<\/li>\n<\/ul>\n<\/div>\n<div class=\"markdown prose w-full break-words dark:prose-invert light\">\n<p>&nbsp;<\/p>\n<\/div>\n<\/div>\n<\/div>\n<\/div>\n<p><!--more--><\/p>\n<h4>Weitere Informationen :<\/h4>\n<ul>\n<li><strong>Verpackung<\/strong>: Packung mit 1kg<\/li>\n<li><strong>Typ<\/strong>: entkernte getrocknete Pflaumen<\/li>\n<\/ul>\n<p>&nbsp;<\/p>\n<p><!--more--><\/p>\n<p>Hier finden Sie unsere getrockneten Aprikosen sowie unsere Rosinen: <span style=\"color: #d12727\"><a style=\"color: #d12727\" href=\"https:\/\/www.csj-emballages.com\/de\/produit\/1-kg-ganze-getrocknete-aprikose\/\">160012<\/a> <\/span>\/ <span style=\"color: #d12727\"><a style=\"color: #d12727\" href=\"https:\/\/www.csj-emballages.com\/de\/produit\/1kg-rosine-sultaninen\/\">160010<\/a><\/span><\/p>\n<p>&nbsp;<\/p>\n<p><!--more--><\/p>\n<p><a href=\"https:\/\/u15jnbdpoq.preview.infomaniak.website\/categorie-produit\/alimentation\/aliments\/fruits-secs-au-sirop\/fruits-secs\/\">Sehen Sie sich den Rest unseres Sortiments an Trockenfr\u00fcchten an.<\/a><\/p>\n","protected":false},"excerpt":{"rendered":"<p>Getrocknete Pflaumen Beschreibung unserer getrockneten, entsteinten Pflaumen in 1kg<\/p>\n","protected":false},"featured_media":231277,"template":"","meta":{"_acf_changed":false},"product_brand":[],"product_cat":[1144,7623],"product_tag":[],"class_list":{"0":"post-231282","1":"product","2":"type-product","3":"status-publish","4":"has-post-thumbnail","6":"product_cat-lebensmittel","7":"product_cat-trockenfruechte","9":"first","10":"instock","11":"featured","12":"taxable","13":"shipping-taxable","14":"purchasable","15":"product-type-simple"},"acf":[],"yoast_head":"<!-- This site is optimized with the Yoast SEO Premium plugin v26.6 (Yoast SEO v26.6) - https:\/\/yoast.com\/wordpress\/plugins\/seo\/ -->\n<title>Getrocknete entsteinte Pflaumen in 1kg<\/title>\n<meta name=\"description\" content=\"Getrocknete entkernte Pflaumen 1kg: Reich an Ballaststoffen, nat\u00fcrlich und schmackhaft, perfekt f\u00fcr Ihre Rezepte oder jederzeit als gesunde Pause.\" \/>\n<meta name=\"robots\" content=\"index, follow, max-snippet:-1, max-image-preview:large, max-video-preview:-1\" \/>\n<link rel=\"canonical\" href=\"https:\/\/www.csj-emballages.com\/de\/produit\/1-kg-entsteinte-trockenpflaumen\/\" \/>\n<meta property=\"og:locale\" content=\"de_DE\" \/>\n<meta property=\"og:type\" content=\"article\" \/>\n<meta property=\"og:title\" content=\"Entkernte getrocknete Pflaumen in 1kg\" \/>\n<meta property=\"og:description\" content=\"Getrocknete entkernte Pflaumen 1kg: Reich an Ballaststoffen, nat\u00fcrlich und schmackhaft, perfekt f\u00fcr Ihre Rezepte oder jederzeit als gesunde Pause.\" \/>\n<meta property=\"og:url\" content=\"https:\/\/www.csj-emballages.com\/de\/produit\/1-kg-entsteinte-trockenpflaumen\/\" \/>\n<meta property=\"og:site_name\" content=\"CSJ Emballages\" \/>\n<meta property=\"article:publisher\" content=\"https:\/\/www.facebook.com\/csjemballages\" \/>\n<meta property=\"article:modified_time\" content=\"2026-03-12T15:06:48+00:00\" \/>\n<meta property=\"og:image\" content=\"https:\/\/www.csj-emballages.com\/wp-content\/uploads\/2025\/04\/Pruneaux-seches.webp\" \/>\n\t<meta property=\"og:image:width\" content=\"800\" \/>\n\t<meta property=\"og:image:height\" content=\"800\" \/>\n\t<meta property=\"og:image:type\" content=\"image\/webp\" \/>\n<meta name=\"twitter:card\" content=\"summary_large_image\" \/>\n<meta name=\"twitter:label1\" content=\"Gesch\u00e4tzte Lesezeit\" \/>\n\t<meta name=\"twitter:data1\" content=\"1\u00a0Minute\" \/>\n<script type=\"application\/ld+json\" class=\"yoast-schema-graph\">{\"@context\":\"https:\/\/schema.org\",\"@graph\":[{\"@type\":\"WebPage\",\"@id\":\"https:\/\/www.csj-emballages.com\/de\/produit\/1-kg-entsteinte-trockenpflaumen\/\",\"url\":\"https:\/\/www.csj-emballages.com\/de\/produit\/1-kg-entsteinte-trockenpflaumen\/\",\"name\":\"Getrocknete entsteinte Pflaumen in 1kg\",\"isPartOf\":{\"@id\":\"https:\/\/www.csj-emballages.com\/de\/#website\"},\"primaryImageOfPage\":{\"@id\":\"https:\/\/www.csj-emballages.com\/de\/produit\/1-kg-entsteinte-trockenpflaumen\/#primaryimage\"},\"image\":{\"@id\":\"https:\/\/www.csj-emballages.com\/de\/produit\/1-kg-entsteinte-trockenpflaumen\/#primaryimage\"},\"thumbnailUrl\":\"https:\/\/www.csj-emballages.com\/wp-content\/uploads\/2025\/04\/Pruneaux-seches.webp\",\"datePublished\":\"2025-04-11T06:24:37+00:00\",\"dateModified\":\"2026-03-12T15:06:48+00:00\",\"description\":\"Getrocknete entkernte Pflaumen 1kg: Reich an Ballaststoffen, nat\u00fcrlich und schmackhaft, perfekt f\u00fcr Ihre Rezepte oder jederzeit als gesunde Pause.\",\"breadcrumb\":{\"@id\":\"https:\/\/www.csj-emballages.com\/de\/produit\/1-kg-entsteinte-trockenpflaumen\/#breadcrumb\"},\"inLanguage\":\"de\",\"potentialAction\":[{\"@type\":\"ReadAction\",\"target\":[\"https:\/\/www.csj-emballages.com\/de\/produit\/1-kg-entsteinte-trockenpflaumen\/\"]}]},{\"@type\":\"ImageObject\",\"inLanguage\":\"de\",\"@id\":\"https:\/\/www.csj-emballages.com\/de\/produit\/1-kg-entsteinte-trockenpflaumen\/#primaryimage\",\"url\":\"https:\/\/www.csj-emballages.com\/wp-content\/uploads\/2025\/04\/Pruneaux-seches.webp\",\"contentUrl\":\"https:\/\/www.csj-emballages.com\/wp-content\/uploads\/2025\/04\/Pruneaux-seches.webp\",\"width\":800,\"height\":800,\"caption\":\"Pruneaux s\u00e9ch\u00e9s\"},{\"@type\":\"BreadcrumbList\",\"@id\":\"https:\/\/www.csj-emballages.com\/de\/produit\/1-kg-entsteinte-trockenpflaumen\/#breadcrumb\",\"itemListElement\":[{\"@type\":\"ListItem\",\"position\":1,\"name\":\"Accueil\",\"item\":\"https:\/\/www.csj-emballages.com\/de\/universum-lebensmittelverpackungen\/\"},{\"@type\":\"ListItem\",\"position\":2,\"name\":\"Shop\",\"item\":\"https:\/\/www.csj-emballages.com\/shop\/\"},{\"@type\":\"ListItem\",\"position\":3,\"name\":\"Entkernte getrocknete Pflaumen in 1kg\"}]},{\"@type\":\"WebSite\",\"@id\":\"https:\/\/www.csj-emballages.com\/de\/#website\",\"url\":\"https:\/\/www.csj-emballages.com\/de\/\",\"name\":\"CSJ Emballages\",\"description\":\"\",\"publisher\":{\"@id\":\"https:\/\/www.csj-emballages.com\/de\/#organization\"},\"potentialAction\":[{\"@type\":\"SearchAction\",\"target\":{\"@type\":\"EntryPoint\",\"urlTemplate\":\"https:\/\/www.csj-emballages.com\/de\/?s={search_term_string}\"},\"query-input\":{\"@type\":\"PropertyValueSpecification\",\"valueRequired\":true,\"valueName\":\"search_term_string\"}}],\"inLanguage\":\"de\"},{\"@type\":\"Organization\",\"@id\":\"https:\/\/www.csj-emballages.com\/de\/#Organization\/\",\"name\":\"CSJ Emballages\",\"url\":\"https:\/\/www.csj-emballages.com\/de\/\",\"logo\":{\"@type\":\"ImageObject\",\"inLanguage\":\"de\",\"@id\":\"https:\/\/www.csj-emballages.com\/de\/#\/schema\/logo\/image\/\",\"url\":\"https:\/\/www.csj-emballages.com\/wp-content\/uploads\/2023\/10\/logo_csj.webp\",\"contentUrl\":\"https:\/\/www.csj-emballages.com\/wp-content\/uploads\/2023\/10\/logo_csj.webp\",\"width\":250,\"height\":95,\"caption\":\"CSJ Emballages\"},\"image\":{\"@id\":\"https:\/\/www.csj-emballages.com\/de\/#\/schema\/logo\/image\/\"},\"sameAs\":[\"https:\/\/www.facebook.com\/csjemballages\"],\"address\":{\"@type\":\"PostalAddress\",\"streetAddress\":\"ZI La Lechere\",\"addressLocality\":\"Patornay\",\"postalCode\":\"39130\",\"addressCountry\":\"FR\"},\"contactPoint\":[{\"@type\":\"ContactPoint\",\"contactType\":\"Service client\",\"telephone\":\"0384254272\",\"email\":\"contact@csj-emballages.com\"}]}]}<\/script>\n<!-- \/ Yoast SEO Premium plugin. -->","yoast_head_json":{"title":"Getrocknete entsteinte Pflaumen in 1kg","description":"Getrocknete entkernte Pflaumen 1kg: Reich an Ballaststoffen, nat\u00fcrlich und schmackhaft, perfekt f\u00fcr Ihre Rezepte oder jederzeit als gesunde Pause.","robots":{"index":"index","follow":"follow","max-snippet":"max-snippet:-1","max-image-preview":"max-image-preview:large","max-video-preview":"max-video-preview:-1"},"canonical":"https:\/\/www.csj-emballages.com\/de\/produit\/1-kg-entsteinte-trockenpflaumen\/","og_locale":"de_DE","og_type":"article","og_title":"Entkernte getrocknete Pflaumen in 1kg","og_description":"Getrocknete entkernte Pflaumen 1kg: Reich an Ballaststoffen, nat\u00fcrlich und schmackhaft, perfekt f\u00fcr Ihre Rezepte oder jederzeit als gesunde Pause.","og_url":"https:\/\/www.csj-emballages.com\/de\/produit\/1-kg-entsteinte-trockenpflaumen\/","og_site_name":"CSJ Emballages","article_publisher":"https:\/\/www.facebook.com\/csjemballages","article_modified_time":"2026-03-12T15:06:48+00:00","og_image":[{"width":800,"height":800,"url":"https:\/\/www.csj-emballages.com\/wp-content\/uploads\/2025\/04\/Pruneaux-seches.webp","type":"image\/webp"}],"twitter_card":"summary_large_image","twitter_misc":{"Gesch\u00e4tzte Lesezeit":"1\u00a0Minute"},"schema":{"@context":"https:\/\/schema.org","@graph":[{"@type":"WebPage","@id":"https:\/\/www.csj-emballages.com\/de\/produit\/1-kg-entsteinte-trockenpflaumen\/","url":"https:\/\/www.csj-emballages.com\/de\/produit\/1-kg-entsteinte-trockenpflaumen\/","name":"Getrocknete entsteinte Pflaumen in 1kg","isPartOf":{"@id":"https:\/\/www.csj-emballages.com\/de\/#website"},"primaryImageOfPage":{"@id":"https:\/\/www.csj-emballages.com\/de\/produit\/1-kg-entsteinte-trockenpflaumen\/#primaryimage"},"image":{"@id":"https:\/\/www.csj-emballages.com\/de\/produit\/1-kg-entsteinte-trockenpflaumen\/#primaryimage"},"thumbnailUrl":"https:\/\/www.csj-emballages.com\/wp-content\/uploads\/2025\/04\/Pruneaux-seches.webp","datePublished":"2025-04-11T06:24:37+00:00","dateModified":"2026-03-12T15:06:48+00:00","description":"Getrocknete entkernte Pflaumen 1kg: Reich an Ballaststoffen, nat\u00fcrlich und schmackhaft, perfekt f\u00fcr Ihre Rezepte oder jederzeit als gesunde Pause.","breadcrumb":{"@id":"https:\/\/www.csj-emballages.com\/de\/produit\/1-kg-entsteinte-trockenpflaumen\/#breadcrumb"},"inLanguage":"de","potentialAction":[{"@type":"ReadAction","target":["https:\/\/www.csj-emballages.com\/de\/produit\/1-kg-entsteinte-trockenpflaumen\/"]}]},{"@type":"ImageObject","inLanguage":"de","@id":"https:\/\/www.csj-emballages.com\/de\/produit\/1-kg-entsteinte-trockenpflaumen\/#primaryimage","url":"https:\/\/www.csj-emballages.com\/wp-content\/uploads\/2025\/04\/Pruneaux-seches.webp","contentUrl":"https:\/\/www.csj-emballages.com\/wp-content\/uploads\/2025\/04\/Pruneaux-seches.webp","width":800,"height":800,"caption":"Pruneaux s\u00e9ch\u00e9s"},{"@type":"BreadcrumbList","@id":"https:\/\/www.csj-emballages.com\/de\/produit\/1-kg-entsteinte-trockenpflaumen\/#breadcrumb","itemListElement":[{"@type":"ListItem","position":1,"name":"Accueil","item":"https:\/\/www.csj-emballages.com\/de\/universum-lebensmittelverpackungen\/"},{"@type":"ListItem","position":2,"name":"Shop","item":"https:\/\/www.csj-emballages.com\/shop\/"},{"@type":"ListItem","position":3,"name":"Entkernte getrocknete Pflaumen in 1kg"}]},{"@type":"WebSite","@id":"https:\/\/www.csj-emballages.com\/de\/#website","url":"https:\/\/www.csj-emballages.com\/de\/","name":"CSJ Emballages","description":"","publisher":{"@id":"https:\/\/www.csj-emballages.com\/de\/#organization"},"potentialAction":[{"@type":"SearchAction","target":{"@type":"EntryPoint","urlTemplate":"https:\/\/www.csj-emballages.com\/de\/?s={search_term_string}"},"query-input":{"@type":"PropertyValueSpecification","valueRequired":true,"valueName":"search_term_string"}}],"inLanguage":"de"},{"@type":"Organization","@id":"https:\/\/www.csj-emballages.com\/de\/#Organization\/","name":"CSJ Emballages","url":"https:\/\/www.csj-emballages.com\/de\/","logo":{"@type":"ImageObject","inLanguage":"de","@id":"https:\/\/www.csj-emballages.com\/de\/#\/schema\/logo\/image\/","url":"https:\/\/www.csj-emballages.com\/wp-content\/uploads\/2023\/10\/logo_csj.webp","contentUrl":"https:\/\/www.csj-emballages.com\/wp-content\/uploads\/2023\/10\/logo_csj.webp","width":250,"height":95,"caption":"CSJ Emballages"},"image":{"@id":"https:\/\/www.csj-emballages.com\/de\/#\/schema\/logo\/image\/"},"sameAs":["https:\/\/www.facebook.com\/csjemballages"],"address":{"@type":"PostalAddress","streetAddress":"ZI La Lechere","addressLocality":"Patornay","postalCode":"39130","addressCountry":"FR"},"contactPoint":[{"@type":"ContactPoint","contactType":"Service client","telephone":"0384254272","email":"contact@csj-emballages.com"}]}]}},"df_price":9.95,"df_sale_price":"","df_regular_price":9.95,"df_image_link":"https:\/\/www.csj-emballages.com\/wp-content\/uploads\/2025\/04\/Pruneaux-seches-300x300.webp","tiered_pricing_type":"fixed","tiered_pricing_fixed_rules":[],"tiered_pricing_percentage_rules":[],"tiered_pricing_minimum":1,"tiered_pricing_roles_data":[],"_links":{"self":[{"href":"https:\/\/www.csj-emballages.com\/de\/wp-json\/wp\/v2\/product\/231282","targetHints":{"allow":["GET"]}}],"collection":[{"href":"https:\/\/www.csj-emballages.com\/de\/wp-json\/wp\/v2\/product"}],"about":[{"href":"https:\/\/www.csj-emballages.com\/de\/wp-json\/wp\/v2\/types\/product"}],"wp:featuredmedia":[{"embeddable":true,"href":"https:\/\/www.csj-emballages.com\/de\/wp-json\/wp\/v2\/media\/231277"}],"wp:attachment":[{"href":"https:\/\/www.csj-emballages.com\/de\/wp-json\/wp\/v2\/media?parent=231282"}],"wp:term":[{"taxonomy":"product_brand","embeddable":true,"href":"https:\/\/www.csj-emballages.com\/de\/wp-json\/wp\/v2\/product_brand?post=231282"},{"taxonomy":"product_cat","embeddable":true,"href":"https:\/\/www.csj-emballages.com\/de\/wp-json\/wp\/v2\/product_cat?post=231282"},{"taxonomy":"product_tag","embeddable":true,"href":"https:\/\/www.csj-emballages.com\/de\/wp-json\/wp\/v2\/product_tag?post=231282"}],"curies":[{"name":"wp","href":"https:\/\/api.w.org\/{rel}","templated":true}]}}