{"id":231272,"date":"2025-04-11T08:24:41","date_gmt":"2025-04-11T06:24:41","guid":{"rendered":"https:\/\/www.csj-emballages.com\/produit\/1-kg-ganze-getrocknete-aprikose\/"},"modified":"2026-03-12T16:06:48","modified_gmt":"2026-03-12T15:06:48","slug":"1-kg-ganze-getrocknete-aprikose","status":"publish","type":"product","link":"https:\/\/www.csj-emballages.com\/de\/produit\/1-kg-ganze-getrocknete-aprikose\/","title":{"rendered":"Ganze getrocknete Aprikosen in 1kg"},"content":{"rendered":"<h2 class=\"p1\">Getrocknete Aprikosen<\/h2>\n<hr>\n<h3>Beschreibung unserer getrockneten ganzen Aprikosen in 1kg<\/h3>\n<h3><!--more--><\/h3>\n<div class=\"flex flex-grow flex-col max-w-full\">\n<div class=\"min-h-[20px] text-message flex flex-col items-start whitespace-pre-wrap break-words [.text-message+&amp;]:mt-5 juice:w-full juice:items-end overflow-x-auto gap-2\" dir=\"auto\" data-message-author-role=\"assistant\" data-message-id=\"579bfb50-fb6c-479d-a152-27ab4b509f37\">\n<div class=\"flex w-full flex-col gap-1 juice:empty:hidden juice:first:pt-[3px]\">\n<div class=\"markdown prose w-full break-words dark:prose-invert light\">\n<p class=\"\" data-start=\"264\" data-end=\"614\">Lassen Sie sich von unseren <strong data-start=\"281\" data-end=\"306\">getrockneten ganzen Aprikosen<\/strong> im gro\u00dfz\u00fcgigen <strong>1-kg-Format<\/strong> begeistern: ein echter nat\u00fcrlicher Leckerbissen f\u00fcr jeden Tag. Diese sorgf\u00e4ltig ausgew\u00e4hlten Fr\u00fcchte werden reif geerntet und dann schonend getrocknet, um ihre Weichheit, ihre sch\u00f6ne orangefarbene Farbe und ihren nat\u00fcrlich s\u00fc\u00dfen Geschmack ohne Zusatz von Zucker oder Konservierungsstoffen zu bewahren. Sie eignen sich perfekt f\u00fcr eine gesunde Pause oder einen kleinen Hunger am Tag und sind auch in der K\u00fcche sehr beliebt: Sie verfeinern Ihre Tajines, s\u00fc\u00df-salzigen Gerichte, Cakes, Granolas oder hausgemachte Kompotte. Ihre zartschmelzende Textur und ihr feiner Duft machen sie zu einer beliebten Zutat sowohl f\u00fcr professionelle Gastronomen als auch f\u00fcr Liebhaber authentischer Produkte.   <\/p>\n<p class=\"\" data-start=\"1009\" data-end=\"1239\"><strong>Getrocknete Aprikosen<\/strong> sind reich an Ballaststoffen, Eisen, Kalium und Antioxidantien und somit ein gesunder Trumpf in Ihrem Kleiderschrank. Der <strong>1-kg-Beutel<\/strong> erm\u00f6glicht eine optimale Haltbarkeit \u00fcber einen l\u00e4ngeren Zeitraum und garantiert gleichzeitig ein hervorragendes Preis-Leistungs-Verh\u00e4ltnis. <\/p>\n<p class=\"\" data-start=\"1241\" data-end=\"1452\">Ob Sie nun Caterer, Restaurantbesitzer oder einfach nur eine Privatperson sind, die gesunde und leckere Produkte liebt, dieses Produkt wird Ihre Erwartungen an Qualit\u00e4t, Geschmack und Vielseitigkeit erf\u00fcllen.<\/p>\n<p class=\"\" data-start=\"1454\" data-end=\"1554\">Verleihen Sie Ihren Rezepten einen Hauch von Sonne mit diesen schmackhaften und nat\u00fcrlich guten <strong>getrockneten Aprikosen<\/strong>!<\/p>\n<p data-start=\"1454\" data-end=\"1554\">\n<\/div>\n<\/div>\n<\/div>\n<\/div>\n<p><!--more--><\/p>\n<div class=\"flex flex-grow flex-col max-w-full\">\n<div class=\"min-h-[20px] text-message flex flex-col items-start whitespace-pre-wrap break-words [.text-message+&amp;]:mt-5 juice:w-full juice:items-end overflow-x-auto gap-2\" dir=\"auto\" data-message-author-role=\"assistant\" data-message-id=\"579bfb50-fb6c-479d-a152-27ab4b509f37\">\n<div class=\"flex w-full flex-col gap-1 juice:empty:hidden juice:first:pt-[3px]\">\n<div class=\"markdown prose w-full break-words dark:prose-invert light\">\n<h4><strong>Ihre Vorteile :<\/strong><\/h4>\n<ul>\n<li>Weiche Textur und nat\u00fcrlich s\u00fc\u00dfer Geschmack.<\/li>\n<li>Reich an Ballaststoffen, Eisen und Antioxidantien.<\/li>\n<li>Ideal als Zwischenmahlzeit oder zum Kochen (Gerichte, Desserts, Backen).<\/li>\n<li>Preisg\u00fcnstiges und praktisches 1-kg-Format.<\/li>\n<li>Produkt wird sowohl von Profis als auch von Privatpersonen gesch\u00e4tzt.<\/li>\n<\/ul>\n<\/div>\n<div class=\"markdown prose w-full break-words dark:prose-invert light\">\n<p>&nbsp;<\/p>\n<\/div>\n<\/div>\n<\/div>\n<\/div>\n<p><!--more--><\/p>\n<h4>Weitere Informationen :<\/h4>\n<ul>\n<li><strong>Verpackung<\/strong>: Packung mit 1kg<\/li>\n<li><strong>Art<\/strong>: Ganze getrocknete Aprikose<\/li>\n<\/ul>\n<p>&nbsp;<\/p>\n<p><!--more--><\/p>\n<p>Hier finden Sie unsere getrockneten Pflaumen sowie unsere Rosinen: <span style=\"color: #d12727\"><a style=\"color: #d12727\" href=\"https:\/\/www.csj-emballages.com\/es\/produit\/1-kg-de-ciruelas-pasas-deshuesadas\/\">160011<\/a> <\/span>\/ <span style=\"color: #d12727\"><a style=\"color: #d12727\" href=\"https:\/\/www.csj-emballages.com\/de\/produit\/1kg-rosine-sultaninen\/\">160010<\/a><\/span><\/p>\n<p>&nbsp;<\/p>\n<p><!--more--><\/p>\n<p><a href=\"https:\/\/u15jnbdpoq.preview.infomaniak.website\/categorie-produit\/alimentation\/aliments\/fruits-secs-au-sirop\/fruits-secs\/\">Sehen Sie sich den Rest unseres Sortiments an Trockenfr\u00fcchten an.<\/a><\/p>\n","protected":false},"excerpt":{"rendered":"<p>Getrocknete Aprikosen Beschreibung unserer getrockneten ganzen Aprikosen in 1kg<\/p>\n","protected":false},"featured_media":231268,"template":"","meta":{"_acf_changed":false},"product_brand":[],"product_cat":[1144,7623],"product_tag":[],"class_list":{"0":"post-231272","1":"product","2":"type-product","3":"status-publish","4":"has-post-thumbnail","6":"product_cat-lebensmittel","7":"product_cat-trockenfruechte","9":"first","10":"instock","11":"featured","12":"taxable","13":"shipping-taxable","14":"purchasable","15":"product-type-simple"},"acf":[],"yoast_head":"<!-- This site is optimized with the Yoast SEO Premium plugin v26.6 (Yoast SEO v26.6) - https:\/\/yoast.com\/wordpress\/plugins\/seo\/ -->\n<title>Trockene ganze Aprikosen in 1kg<\/title>\n<meta name=\"description\" content=\"Ganze getrocknete Aprikosen 1 kg, weich und schmackhaft, ideal f\u00fcr eine gesunde Pause oder zum Kochen. Reich an Ballaststoffen und Geschmack. Preisg\u00fcnstiges Format.\" \/>\n<meta name=\"robots\" content=\"index, follow, max-snippet:-1, max-image-preview:large, max-video-preview:-1\" \/>\n<link rel=\"canonical\" href=\"https:\/\/www.csj-emballages.com\/de\/produit\/1-kg-ganze-getrocknete-aprikose\/\" \/>\n<meta property=\"og:locale\" content=\"de_DE\" \/>\n<meta property=\"og:type\" content=\"article\" \/>\n<meta property=\"og:title\" content=\"Ganze getrocknete Aprikosen in 1kg\" \/>\n<meta property=\"og:description\" content=\"Ganze getrocknete Aprikosen 1 kg, weich und schmackhaft, ideal f\u00fcr eine gesunde Pause oder zum Kochen. Reich an Ballaststoffen und Geschmack. Preisg\u00fcnstiges Format.\" \/>\n<meta property=\"og:url\" content=\"https:\/\/www.csj-emballages.com\/de\/produit\/1-kg-ganze-getrocknete-aprikose\/\" \/>\n<meta property=\"og:site_name\" content=\"CSJ Emballages\" \/>\n<meta property=\"article:publisher\" content=\"https:\/\/www.facebook.com\/csjemballages\" \/>\n<meta property=\"article:modified_time\" content=\"2026-03-12T15:06:48+00:00\" \/>\n<meta property=\"og:image\" content=\"https:\/\/www.csj-emballages.com\/wp-content\/uploads\/2025\/04\/Abricot-sec-entier.webp\" \/>\n\t<meta property=\"og:image:width\" content=\"800\" \/>\n\t<meta property=\"og:image:height\" content=\"800\" \/>\n\t<meta property=\"og:image:type\" content=\"image\/webp\" \/>\n<meta name=\"twitter:card\" content=\"summary_large_image\" \/>\n<meta name=\"twitter:label1\" content=\"Gesch\u00e4tzte Lesezeit\" \/>\n\t<meta name=\"twitter:data1\" content=\"1\u00a0Minute\" \/>\n<script type=\"application\/ld+json\" class=\"yoast-schema-graph\">{\"@context\":\"https:\/\/schema.org\",\"@graph\":[{\"@type\":\"WebPage\",\"@id\":\"https:\/\/www.csj-emballages.com\/de\/produit\/1-kg-ganze-getrocknete-aprikose\/\",\"url\":\"https:\/\/www.csj-emballages.com\/de\/produit\/1-kg-ganze-getrocknete-aprikose\/\",\"name\":\"Trockene ganze Aprikosen in 1kg\",\"isPartOf\":{\"@id\":\"https:\/\/www.csj-emballages.com\/de\/#website\"},\"primaryImageOfPage\":{\"@id\":\"https:\/\/www.csj-emballages.com\/de\/produit\/1-kg-ganze-getrocknete-aprikose\/#primaryimage\"},\"image\":{\"@id\":\"https:\/\/www.csj-emballages.com\/de\/produit\/1-kg-ganze-getrocknete-aprikose\/#primaryimage\"},\"thumbnailUrl\":\"https:\/\/www.csj-emballages.com\/wp-content\/uploads\/2025\/04\/Abricot-sec-entier.webp\",\"datePublished\":\"2025-04-11T06:24:41+00:00\",\"dateModified\":\"2026-03-12T15:06:48+00:00\",\"description\":\"Ganze getrocknete Aprikosen 1 kg, weich und schmackhaft, ideal f\u00fcr eine gesunde Pause oder zum Kochen. Reich an Ballaststoffen und Geschmack. Preisg\u00fcnstiges Format.\",\"breadcrumb\":{\"@id\":\"https:\/\/www.csj-emballages.com\/de\/produit\/1-kg-ganze-getrocknete-aprikose\/#breadcrumb\"},\"inLanguage\":\"de\",\"potentialAction\":[{\"@type\":\"ReadAction\",\"target\":[\"https:\/\/www.csj-emballages.com\/de\/produit\/1-kg-ganze-getrocknete-aprikose\/\"]}]},{\"@type\":\"ImageObject\",\"inLanguage\":\"de\",\"@id\":\"https:\/\/www.csj-emballages.com\/de\/produit\/1-kg-ganze-getrocknete-aprikose\/#primaryimage\",\"url\":\"https:\/\/www.csj-emballages.com\/wp-content\/uploads\/2025\/04\/Abricot-sec-entier.webp\",\"contentUrl\":\"https:\/\/www.csj-emballages.com\/wp-content\/uploads\/2025\/04\/Abricot-sec-entier.webp\",\"width\":800,\"height\":800,\"caption\":\"abricots secs\"},{\"@type\":\"BreadcrumbList\",\"@id\":\"https:\/\/www.csj-emballages.com\/de\/produit\/1-kg-ganze-getrocknete-aprikose\/#breadcrumb\",\"itemListElement\":[{\"@type\":\"ListItem\",\"position\":1,\"name\":\"Accueil\",\"item\":\"https:\/\/www.csj-emballages.com\/de\/universum-lebensmittelverpackungen\/\"},{\"@type\":\"ListItem\",\"position\":2,\"name\":\"Shop\",\"item\":\"https:\/\/www.csj-emballages.com\/shop\/\"},{\"@type\":\"ListItem\",\"position\":3,\"name\":\"Ganze getrocknete Aprikosen in 1kg\"}]},{\"@type\":\"WebSite\",\"@id\":\"https:\/\/www.csj-emballages.com\/de\/#website\",\"url\":\"https:\/\/www.csj-emballages.com\/de\/\",\"name\":\"CSJ Emballages\",\"description\":\"\",\"publisher\":{\"@id\":\"https:\/\/www.csj-emballages.com\/de\/#organization\"},\"potentialAction\":[{\"@type\":\"SearchAction\",\"target\":{\"@type\":\"EntryPoint\",\"urlTemplate\":\"https:\/\/www.csj-emballages.com\/de\/?s={search_term_string}\"},\"query-input\":{\"@type\":\"PropertyValueSpecification\",\"valueRequired\":true,\"valueName\":\"search_term_string\"}}],\"inLanguage\":\"de\"},{\"@type\":\"Organization\",\"@id\":\"https:\/\/www.csj-emballages.com\/de\/#Organization\/\",\"name\":\"CSJ Emballages\",\"url\":\"https:\/\/www.csj-emballages.com\/de\/\",\"logo\":{\"@type\":\"ImageObject\",\"inLanguage\":\"de\",\"@id\":\"https:\/\/www.csj-emballages.com\/de\/#\/schema\/logo\/image\/\",\"url\":\"https:\/\/www.csj-emballages.com\/wp-content\/uploads\/2023\/10\/logo_csj.webp\",\"contentUrl\":\"https:\/\/www.csj-emballages.com\/wp-content\/uploads\/2023\/10\/logo_csj.webp\",\"width\":250,\"height\":95,\"caption\":\"CSJ Emballages\"},\"image\":{\"@id\":\"https:\/\/www.csj-emballages.com\/de\/#\/schema\/logo\/image\/\"},\"sameAs\":[\"https:\/\/www.facebook.com\/csjemballages\"],\"address\":{\"@type\":\"PostalAddress\",\"streetAddress\":\"ZI La Lechere\",\"addressLocality\":\"Patornay\",\"postalCode\":\"39130\",\"addressCountry\":\"FR\"},\"contactPoint\":[{\"@type\":\"ContactPoint\",\"contactType\":\"Service client\",\"telephone\":\"0384254272\",\"email\":\"contact@csj-emballages.com\"}]}]}<\/script>\n<!-- \/ Yoast SEO Premium plugin. -->","yoast_head_json":{"title":"Trockene ganze Aprikosen in 1kg","description":"Ganze getrocknete Aprikosen 1 kg, weich und schmackhaft, ideal f\u00fcr eine gesunde Pause oder zum Kochen. Reich an Ballaststoffen und Geschmack. Preisg\u00fcnstiges Format.","robots":{"index":"index","follow":"follow","max-snippet":"max-snippet:-1","max-image-preview":"max-image-preview:large","max-video-preview":"max-video-preview:-1"},"canonical":"https:\/\/www.csj-emballages.com\/de\/produit\/1-kg-ganze-getrocknete-aprikose\/","og_locale":"de_DE","og_type":"article","og_title":"Ganze getrocknete Aprikosen in 1kg","og_description":"Ganze getrocknete Aprikosen 1 kg, weich und schmackhaft, ideal f\u00fcr eine gesunde Pause oder zum Kochen. Reich an Ballaststoffen und Geschmack. Preisg\u00fcnstiges Format.","og_url":"https:\/\/www.csj-emballages.com\/de\/produit\/1-kg-ganze-getrocknete-aprikose\/","og_site_name":"CSJ Emballages","article_publisher":"https:\/\/www.facebook.com\/csjemballages","article_modified_time":"2026-03-12T15:06:48+00:00","og_image":[{"width":800,"height":800,"url":"https:\/\/www.csj-emballages.com\/wp-content\/uploads\/2025\/04\/Abricot-sec-entier.webp","type":"image\/webp"}],"twitter_card":"summary_large_image","twitter_misc":{"Gesch\u00e4tzte Lesezeit":"1\u00a0Minute"},"schema":{"@context":"https:\/\/schema.org","@graph":[{"@type":"WebPage","@id":"https:\/\/www.csj-emballages.com\/de\/produit\/1-kg-ganze-getrocknete-aprikose\/","url":"https:\/\/www.csj-emballages.com\/de\/produit\/1-kg-ganze-getrocknete-aprikose\/","name":"Trockene ganze Aprikosen in 1kg","isPartOf":{"@id":"https:\/\/www.csj-emballages.com\/de\/#website"},"primaryImageOfPage":{"@id":"https:\/\/www.csj-emballages.com\/de\/produit\/1-kg-ganze-getrocknete-aprikose\/#primaryimage"},"image":{"@id":"https:\/\/www.csj-emballages.com\/de\/produit\/1-kg-ganze-getrocknete-aprikose\/#primaryimage"},"thumbnailUrl":"https:\/\/www.csj-emballages.com\/wp-content\/uploads\/2025\/04\/Abricot-sec-entier.webp","datePublished":"2025-04-11T06:24:41+00:00","dateModified":"2026-03-12T15:06:48+00:00","description":"Ganze getrocknete Aprikosen 1 kg, weich und schmackhaft, ideal f\u00fcr eine gesunde Pause oder zum Kochen. Reich an Ballaststoffen und Geschmack. Preisg\u00fcnstiges Format.","breadcrumb":{"@id":"https:\/\/www.csj-emballages.com\/de\/produit\/1-kg-ganze-getrocknete-aprikose\/#breadcrumb"},"inLanguage":"de","potentialAction":[{"@type":"ReadAction","target":["https:\/\/www.csj-emballages.com\/de\/produit\/1-kg-ganze-getrocknete-aprikose\/"]}]},{"@type":"ImageObject","inLanguage":"de","@id":"https:\/\/www.csj-emballages.com\/de\/produit\/1-kg-ganze-getrocknete-aprikose\/#primaryimage","url":"https:\/\/www.csj-emballages.com\/wp-content\/uploads\/2025\/04\/Abricot-sec-entier.webp","contentUrl":"https:\/\/www.csj-emballages.com\/wp-content\/uploads\/2025\/04\/Abricot-sec-entier.webp","width":800,"height":800,"caption":"abricots secs"},{"@type":"BreadcrumbList","@id":"https:\/\/www.csj-emballages.com\/de\/produit\/1-kg-ganze-getrocknete-aprikose\/#breadcrumb","itemListElement":[{"@type":"ListItem","position":1,"name":"Accueil","item":"https:\/\/www.csj-emballages.com\/de\/universum-lebensmittelverpackungen\/"},{"@type":"ListItem","position":2,"name":"Shop","item":"https:\/\/www.csj-emballages.com\/shop\/"},{"@type":"ListItem","position":3,"name":"Ganze getrocknete Aprikosen in 1kg"}]},{"@type":"WebSite","@id":"https:\/\/www.csj-emballages.com\/de\/#website","url":"https:\/\/www.csj-emballages.com\/de\/","name":"CSJ Emballages","description":"","publisher":{"@id":"https:\/\/www.csj-emballages.com\/de\/#organization"},"potentialAction":[{"@type":"SearchAction","target":{"@type":"EntryPoint","urlTemplate":"https:\/\/www.csj-emballages.com\/de\/?s={search_term_string}"},"query-input":{"@type":"PropertyValueSpecification","valueRequired":true,"valueName":"search_term_string"}}],"inLanguage":"de"},{"@type":"Organization","@id":"https:\/\/www.csj-emballages.com\/de\/#Organization\/","name":"CSJ Emballages","url":"https:\/\/www.csj-emballages.com\/de\/","logo":{"@type":"ImageObject","inLanguage":"de","@id":"https:\/\/www.csj-emballages.com\/de\/#\/schema\/logo\/image\/","url":"https:\/\/www.csj-emballages.com\/wp-content\/uploads\/2023\/10\/logo_csj.webp","contentUrl":"https:\/\/www.csj-emballages.com\/wp-content\/uploads\/2023\/10\/logo_csj.webp","width":250,"height":95,"caption":"CSJ Emballages"},"image":{"@id":"https:\/\/www.csj-emballages.com\/de\/#\/schema\/logo\/image\/"},"sameAs":["https:\/\/www.facebook.com\/csjemballages"],"address":{"@type":"PostalAddress","streetAddress":"ZI La Lechere","addressLocality":"Patornay","postalCode":"39130","addressCountry":"FR"},"contactPoint":[{"@type":"ContactPoint","contactType":"Service client","telephone":"0384254272","email":"contact@csj-emballages.com"}]}]}},"df_price":12.13,"df_sale_price":"","df_regular_price":12.13,"df_image_link":"https:\/\/www.csj-emballages.com\/wp-content\/uploads\/2025\/04\/Abricot-sec-entier-300x300.webp","tiered_pricing_type":"fixed","tiered_pricing_fixed_rules":[],"tiered_pricing_percentage_rules":[],"tiered_pricing_minimum":1,"tiered_pricing_roles_data":[],"_links":{"self":[{"href":"https:\/\/www.csj-emballages.com\/de\/wp-json\/wp\/v2\/product\/231272","targetHints":{"allow":["GET"]}}],"collection":[{"href":"https:\/\/www.csj-emballages.com\/de\/wp-json\/wp\/v2\/product"}],"about":[{"href":"https:\/\/www.csj-emballages.com\/de\/wp-json\/wp\/v2\/types\/product"}],"wp:featuredmedia":[{"embeddable":true,"href":"https:\/\/www.csj-emballages.com\/de\/wp-json\/wp\/v2\/media\/231268"}],"wp:attachment":[{"href":"https:\/\/www.csj-emballages.com\/de\/wp-json\/wp\/v2\/media?parent=231272"}],"wp:term":[{"taxonomy":"product_brand","embeddable":true,"href":"https:\/\/www.csj-emballages.com\/de\/wp-json\/wp\/v2\/product_brand?post=231272"},{"taxonomy":"product_cat","embeddable":true,"href":"https:\/\/www.csj-emballages.com\/de\/wp-json\/wp\/v2\/product_cat?post=231272"},{"taxonomy":"product_tag","embeddable":true,"href":"https:\/\/www.csj-emballages.com\/de\/wp-json\/wp\/v2\/product_tag?post=231272"}],"curies":[{"name":"wp","href":"https:\/\/api.w.org\/{rel}","templated":true}]}}