{"id":231263,"date":"2025-04-11T08:24:45","date_gmt":"2025-04-11T06:24:45","guid":{"rendered":"https:\/\/www.csj-emballages.com\/produit\/1-kg-cashewnuesse\/"},"modified":"2026-05-05T02:10:57","modified_gmt":"2026-05-05T00:10:57","slug":"1-kg-cashewnuesse","status":"publish","type":"product","link":"https:\/\/www.csj-emballages.com\/de\/produit\/1-kg-cashewnuesse\/","title":{"rendered":"Cashewn\u00fcsse in 1kg"},"content":{"rendered":"<h2>Cashewn\u00fcsse<\/h2>\n<hr>\n<h3>Beschreibung unserer Cashewn\u00fcsse in 1 kg<!--more--><\/h3>\n<div class=\"flex flex-grow flex-col max-w-full\">\n<div class=\"min-h-[20px] text-message flex flex-col items-start whitespace-pre-wrap break-words [.text-message+&amp;]:mt-5 juice:w-full juice:items-end overflow-x-auto gap-2\" dir=\"auto\" data-message-author-role=\"assistant\" data-message-id=\"579bfb50-fb6c-479d-a152-27ab4b509f37\">\n<div class=\"flex w-full flex-col gap-1 juice:empty:hidden juice:first:pt-[3px]\">\n<div class=\"markdown prose w-full break-words dark:prose-invert light\">\n<p class=\"\" data-start=\"318\" data-end=\"712\">Unsere <strong data-start=\"390\" data-end=\"425\">Cashewn\u00fcsse im 1-kg-Beutel<\/strong> sind wohlschmeckend, knackig und von Natur aus reich an guten N\u00e4hrstoffen. Sie eignen sich sowohl f\u00fcr den professionellen Gastronomiebereich als auch f\u00fcr Privatpersonen, die gute Produkte lieben. Sie werden sorgf\u00e4ltig verpackt, um ihre Frische zu bewahren, und eignen sich sowohl f\u00fcr herzhafte als auch f\u00fcr s\u00fc\u00dfe Rezepte oder einfach als gesunder Snack zum Knabbern. Diese <strong>Cashewkerne<\/strong> sind ideal f\u00fcr Caterer, Konditoren, K\u00f6che oder Liebhaber von Hausmannskost, da sie <strong data-start=\"847\" data-end=\"877\">weder gesalzen noch ger\u00f6stet<\/strong> sind und somit vielseitig einsetzbar sind. Ebenso k\u00f6nnen sie einfach so verwendet werden, in der Pfanne ger\u00f6stet, f\u00fcr So\u00dfen oder pflanzliche Butter gemixt oder exotischen Gerichten wie Currys, Wok oder Tajine zugegeben werden.   <\/p>\n<p class=\"\" data-start=\"1102\" data-end=\"1362\">Die Gr\u00f6\u00dfe <strong>1 kg<\/strong> ist perfekt f\u00fcr den regelm\u00e4\u00dfigen Gebrauch. Sie werden sorgf\u00e4ltig nach ihrer einheitlichen Gr\u00f6\u00dfe sowie ihrem milden Geschmack ausgew\u00e4hlt. <\/p>\n<p class=\"\" data-start=\"1364\" data-end=\"1523\">Kurz gesagt: Entscheiden Sie sich f\u00fcr eine gesunde, energiereiche und leckere Zutat, die Ihre t\u00e4gliche K\u00fcche bereichert. Wenn Sie sie einmal getestet haben, werden Sie nicht mehr darauf verzichten wollen! <\/p>\n<p data-start=\"1364\" data-end=\"1523\">\n<\/div>\n<\/div>\n<\/div>\n<\/div>\n<p><!--more--><\/p>\n<div class=\"flex flex-grow flex-col max-w-full\">\n<div class=\"min-h-[20px] text-message flex flex-col items-start whitespace-pre-wrap break-words [.text-message+&amp;]:mt-5 juice:w-full juice:items-end overflow-x-auto gap-2\" dir=\"auto\" data-message-author-role=\"assistant\" data-message-id=\"579bfb50-fb6c-479d-a152-27ab4b509f37\">\n<div class=\"flex w-full flex-col gap-1 juice:empty:hidden juice:first:pt-[3px]\">\n<div class=\"markdown prose w-full break-words dark:prose-invert light\">\n<h4><strong>Ihre Vorteile :<\/strong><\/h4>\n<ul>\n<li>Unsere Cashewn\u00fcsse sind ungesalzen und unger\u00f6stet: Verwenden Sie sie nach Lust und Laune.<\/li>\n<li>Nat\u00fcrliche Quelle f\u00fcr Eiwei\u00df, Ballaststoffe und gute Fette.<\/li>\n<li>Sparsames 1-kg-Format, ideal f\u00fcr Profis und Feinschmecker.<\/li>\n<li>Vielseitig einsetzbar: in der K\u00fcche oder beim Backen.<\/li>\n<\/ul>\n<\/div>\n<div class=\"markdown prose w-full break-words dark:prose-invert light\">\n<p>&nbsp;<\/p>\n<\/div>\n<\/div>\n<\/div>\n<\/div>\n<p><!--more--><\/p>\n<h4>Weitere Informationen :<\/h4>\n<ul>\n<li><strong>Verpackung<\/strong>: Packung mit 1kg<\/li>\n<li><strong>Typ<\/strong>: Cashewnuss<\/li>\n<\/ul>\n<p>&nbsp;<\/p>\n<p><!--more--><\/p>\n<p>Hier finden Sie unsere Pekann\u00fcsse : <span style=\"color: #d12727\"><a style=\"color: #d12727\" href=\"https:\/\/www.csj-emballages.com\/pt-pt\/produit\/1-kg-de-nozes-pecan\/\">1600014<\/a><\/span><\/p>\n<p>&nbsp;<\/p>\n<p><!--more--><\/p>\n<p><a href=\"https:\/\/u15jnbdpoq.preview.infomaniak.website\/categorie-produit\/alimentation\/aliments\/fruits-secs-au-sirop\/fruits-secs\/\">Sehen Sie sich den Rest unseres Sortiments an Trockenfr\u00fcchten an.<\/a><\/p>\n","protected":false},"excerpt":{"rendered":"<p>Cashewn\u00fcsse Beschreibung unserer Cashewn\u00fcsse in 1 kg<\/p>\n","protected":false},"featured_media":231258,"template":"","meta":{"_acf_changed":false},"product_brand":[],"product_cat":[1144,7623],"product_tag":[],"class_list":{"0":"post-231263","1":"product","2":"type-product","3":"status-publish","4":"has-post-thumbnail","6":"product_cat-lebensmittel","7":"product_cat-trockenfruechte","9":"first","10":"instock","11":"taxable","12":"shipping-taxable","13":"purchasable","14":"product-type-simple"},"acf":[],"yoast_head":"<!-- This site is optimized with the Yoast SEO Premium plugin v26.6 (Yoast SEO v26.6) - https:\/\/yoast.com\/wordpress\/plugins\/seo\/ -->\n<title>Cashewn\u00fcsse in 1 kg<\/title>\n<meta name=\"description\" content=\"Cashewn\u00fcsse 1 kg, ungesalzen &amp; unger\u00f6stet. Ideal zum Kochen oder Knabbern. Premium-Qualit\u00e4t f\u00fcr Profis &amp; Privatpersonen.\" \/>\n<meta name=\"robots\" content=\"index, follow, max-snippet:-1, max-image-preview:large, max-video-preview:-1\" \/>\n<link rel=\"canonical\" href=\"https:\/\/www.csj-emballages.com\/de\/produit\/1-kg-cashewnuesse\/\" \/>\n<meta property=\"og:locale\" content=\"de_DE\" \/>\n<meta property=\"og:type\" content=\"article\" \/>\n<meta property=\"og:title\" content=\"Cashewn\u00fcsse in 1kg\" \/>\n<meta property=\"og:description\" content=\"Cashewn\u00fcsse 1 kg, ungesalzen &amp; unger\u00f6stet. Ideal zum Kochen oder Knabbern. Premium-Qualit\u00e4t f\u00fcr Profis &amp; Privatpersonen.\" \/>\n<meta property=\"og:url\" content=\"https:\/\/www.csj-emballages.com\/de\/produit\/1-kg-cashewnuesse\/\" \/>\n<meta property=\"og:site_name\" content=\"CSJ Emballages\" \/>\n<meta property=\"article:publisher\" content=\"https:\/\/www.facebook.com\/csjemballages\" \/>\n<meta property=\"article:modified_time\" content=\"2026-05-05T00:10:57+00:00\" \/>\n<meta property=\"og:image\" content=\"https:\/\/www.csj-emballages.com\/wp-content\/uploads\/2025\/04\/Noix-de-cajou.webp\" \/>\n\t<meta property=\"og:image:width\" content=\"800\" \/>\n\t<meta property=\"og:image:height\" content=\"800\" \/>\n\t<meta property=\"og:image:type\" content=\"image\/webp\" \/>\n<meta name=\"twitter:card\" content=\"summary_large_image\" \/>\n<meta name=\"twitter:label1\" content=\"Gesch\u00e4tzte Lesezeit\" \/>\n\t<meta name=\"twitter:data1\" content=\"1\u00a0Minute\" \/>\n<script type=\"application\/ld+json\" class=\"yoast-schema-graph\">{\"@context\":\"https:\/\/schema.org\",\"@graph\":[{\"@type\":\"WebPage\",\"@id\":\"https:\/\/www.csj-emballages.com\/de\/produit\/1-kg-cashewnuesse\/\",\"url\":\"https:\/\/www.csj-emballages.com\/de\/produit\/1-kg-cashewnuesse\/\",\"name\":\"Cashewn\u00fcsse in 1 kg\",\"isPartOf\":{\"@id\":\"https:\/\/www.csj-emballages.com\/de\/#website\"},\"primaryImageOfPage\":{\"@id\":\"https:\/\/www.csj-emballages.com\/de\/produit\/1-kg-cashewnuesse\/#primaryimage\"},\"image\":{\"@id\":\"https:\/\/www.csj-emballages.com\/de\/produit\/1-kg-cashewnuesse\/#primaryimage\"},\"thumbnailUrl\":\"https:\/\/www.csj-emballages.com\/wp-content\/uploads\/2025\/04\/Noix-de-cajou.webp\",\"datePublished\":\"2025-04-11T06:24:45+00:00\",\"dateModified\":\"2026-05-05T00:10:57+00:00\",\"description\":\"Cashewn\u00fcsse 1 kg, ungesalzen & unger\u00f6stet. Ideal zum Kochen oder Knabbern. Premium-Qualit\u00e4t f\u00fcr Profis & Privatpersonen.\",\"breadcrumb\":{\"@id\":\"https:\/\/www.csj-emballages.com\/de\/produit\/1-kg-cashewnuesse\/#breadcrumb\"},\"inLanguage\":\"de\",\"potentialAction\":[{\"@type\":\"ReadAction\",\"target\":[\"https:\/\/www.csj-emballages.com\/de\/produit\/1-kg-cashewnuesse\/\"]}]},{\"@type\":\"ImageObject\",\"inLanguage\":\"de\",\"@id\":\"https:\/\/www.csj-emballages.com\/de\/produit\/1-kg-cashewnuesse\/#primaryimage\",\"url\":\"https:\/\/www.csj-emballages.com\/wp-content\/uploads\/2025\/04\/Noix-de-cajou.webp\",\"contentUrl\":\"https:\/\/www.csj-emballages.com\/wp-content\/uploads\/2025\/04\/Noix-de-cajou.webp\",\"width\":800,\"height\":800,\"caption\":\"Noix de cajou\"},{\"@type\":\"BreadcrumbList\",\"@id\":\"https:\/\/www.csj-emballages.com\/de\/produit\/1-kg-cashewnuesse\/#breadcrumb\",\"itemListElement\":[{\"@type\":\"ListItem\",\"position\":1,\"name\":\"Accueil\",\"item\":\"https:\/\/www.csj-emballages.com\/de\/universum-lebensmittelverpackungen\/\"},{\"@type\":\"ListItem\",\"position\":2,\"name\":\"Shop\",\"item\":\"https:\/\/www.csj-emballages.com\/shop\/\"},{\"@type\":\"ListItem\",\"position\":3,\"name\":\"Cashewn\u00fcsse in 1kg\"}]},{\"@type\":\"WebSite\",\"@id\":\"https:\/\/www.csj-emballages.com\/de\/#website\",\"url\":\"https:\/\/www.csj-emballages.com\/de\/\",\"name\":\"CSJ Emballages\",\"description\":\"\",\"publisher\":{\"@id\":\"https:\/\/www.csj-emballages.com\/de\/#organization\"},\"potentialAction\":[{\"@type\":\"SearchAction\",\"target\":{\"@type\":\"EntryPoint\",\"urlTemplate\":\"https:\/\/www.csj-emballages.com\/de\/?s={search_term_string}\"},\"query-input\":{\"@type\":\"PropertyValueSpecification\",\"valueRequired\":true,\"valueName\":\"search_term_string\"}}],\"inLanguage\":\"de\"},{\"@type\":\"Organization\",\"@id\":\"https:\/\/www.csj-emballages.com\/de\/#Organization\/\",\"name\":\"CSJ Emballages\",\"url\":\"https:\/\/www.csj-emballages.com\/de\/\",\"logo\":{\"@type\":\"ImageObject\",\"inLanguage\":\"de\",\"@id\":\"https:\/\/www.csj-emballages.com\/de\/#\/schema\/logo\/image\/\",\"url\":\"https:\/\/www.csj-emballages.com\/wp-content\/uploads\/2023\/10\/logo_csj.webp\",\"contentUrl\":\"https:\/\/www.csj-emballages.com\/wp-content\/uploads\/2023\/10\/logo_csj.webp\",\"width\":250,\"height\":95,\"caption\":\"CSJ Emballages\"},\"image\":{\"@id\":\"https:\/\/www.csj-emballages.com\/de\/#\/schema\/logo\/image\/\"},\"sameAs\":[\"https:\/\/www.facebook.com\/csjemballages\"],\"address\":{\"@type\":\"PostalAddress\",\"streetAddress\":\"ZI La Lechere\",\"addressLocality\":\"Patornay\",\"postalCode\":\"39130\",\"addressCountry\":\"FR\"},\"contactPoint\":[{\"@type\":\"ContactPoint\",\"contactType\":\"Service client\",\"telephone\":\"0384254272\",\"email\":\"contact@csj-emballages.com\"}]}]}<\/script>\n<!-- \/ Yoast SEO Premium plugin. -->","yoast_head_json":{"title":"Cashewn\u00fcsse in 1 kg","description":"Cashewn\u00fcsse 1 kg, ungesalzen & unger\u00f6stet. Ideal zum Kochen oder Knabbern. Premium-Qualit\u00e4t f\u00fcr Profis & Privatpersonen.","robots":{"index":"index","follow":"follow","max-snippet":"max-snippet:-1","max-image-preview":"max-image-preview:large","max-video-preview":"max-video-preview:-1"},"canonical":"https:\/\/www.csj-emballages.com\/de\/produit\/1-kg-cashewnuesse\/","og_locale":"de_DE","og_type":"article","og_title":"Cashewn\u00fcsse in 1kg","og_description":"Cashewn\u00fcsse 1 kg, ungesalzen & unger\u00f6stet. Ideal zum Kochen oder Knabbern. Premium-Qualit\u00e4t f\u00fcr Profis & Privatpersonen.","og_url":"https:\/\/www.csj-emballages.com\/de\/produit\/1-kg-cashewnuesse\/","og_site_name":"CSJ Emballages","article_publisher":"https:\/\/www.facebook.com\/csjemballages","article_modified_time":"2026-05-05T00:10:57+00:00","og_image":[{"width":800,"height":800,"url":"https:\/\/www.csj-emballages.com\/wp-content\/uploads\/2025\/04\/Noix-de-cajou.webp","type":"image\/webp"}],"twitter_card":"summary_large_image","twitter_misc":{"Gesch\u00e4tzte Lesezeit":"1\u00a0Minute"},"schema":{"@context":"https:\/\/schema.org","@graph":[{"@type":"WebPage","@id":"https:\/\/www.csj-emballages.com\/de\/produit\/1-kg-cashewnuesse\/","url":"https:\/\/www.csj-emballages.com\/de\/produit\/1-kg-cashewnuesse\/","name":"Cashewn\u00fcsse in 1 kg","isPartOf":{"@id":"https:\/\/www.csj-emballages.com\/de\/#website"},"primaryImageOfPage":{"@id":"https:\/\/www.csj-emballages.com\/de\/produit\/1-kg-cashewnuesse\/#primaryimage"},"image":{"@id":"https:\/\/www.csj-emballages.com\/de\/produit\/1-kg-cashewnuesse\/#primaryimage"},"thumbnailUrl":"https:\/\/www.csj-emballages.com\/wp-content\/uploads\/2025\/04\/Noix-de-cajou.webp","datePublished":"2025-04-11T06:24:45+00:00","dateModified":"2026-05-05T00:10:57+00:00","description":"Cashewn\u00fcsse 1 kg, ungesalzen & unger\u00f6stet. Ideal zum Kochen oder Knabbern. Premium-Qualit\u00e4t f\u00fcr Profis & Privatpersonen.","breadcrumb":{"@id":"https:\/\/www.csj-emballages.com\/de\/produit\/1-kg-cashewnuesse\/#breadcrumb"},"inLanguage":"de","potentialAction":[{"@type":"ReadAction","target":["https:\/\/www.csj-emballages.com\/de\/produit\/1-kg-cashewnuesse\/"]}]},{"@type":"ImageObject","inLanguage":"de","@id":"https:\/\/www.csj-emballages.com\/de\/produit\/1-kg-cashewnuesse\/#primaryimage","url":"https:\/\/www.csj-emballages.com\/wp-content\/uploads\/2025\/04\/Noix-de-cajou.webp","contentUrl":"https:\/\/www.csj-emballages.com\/wp-content\/uploads\/2025\/04\/Noix-de-cajou.webp","width":800,"height":800,"caption":"Noix de cajou"},{"@type":"BreadcrumbList","@id":"https:\/\/www.csj-emballages.com\/de\/produit\/1-kg-cashewnuesse\/#breadcrumb","itemListElement":[{"@type":"ListItem","position":1,"name":"Accueil","item":"https:\/\/www.csj-emballages.com\/de\/universum-lebensmittelverpackungen\/"},{"@type":"ListItem","position":2,"name":"Shop","item":"https:\/\/www.csj-emballages.com\/shop\/"},{"@type":"ListItem","position":3,"name":"Cashewn\u00fcsse in 1kg"}]},{"@type":"WebSite","@id":"https:\/\/www.csj-emballages.com\/de\/#website","url":"https:\/\/www.csj-emballages.com\/de\/","name":"CSJ Emballages","description":"","publisher":{"@id":"https:\/\/www.csj-emballages.com\/de\/#organization"},"potentialAction":[{"@type":"SearchAction","target":{"@type":"EntryPoint","urlTemplate":"https:\/\/www.csj-emballages.com\/de\/?s={search_term_string}"},"query-input":{"@type":"PropertyValueSpecification","valueRequired":true,"valueName":"search_term_string"}}],"inLanguage":"de"},{"@type":"Organization","@id":"https:\/\/www.csj-emballages.com\/de\/#Organization\/","name":"CSJ Emballages","url":"https:\/\/www.csj-emballages.com\/de\/","logo":{"@type":"ImageObject","inLanguage":"de","@id":"https:\/\/www.csj-emballages.com\/de\/#\/schema\/logo\/image\/","url":"https:\/\/www.csj-emballages.com\/wp-content\/uploads\/2023\/10\/logo_csj.webp","contentUrl":"https:\/\/www.csj-emballages.com\/wp-content\/uploads\/2023\/10\/logo_csj.webp","width":250,"height":95,"caption":"CSJ Emballages"},"image":{"@id":"https:\/\/www.csj-emballages.com\/de\/#\/schema\/logo\/image\/"},"sameAs":["https:\/\/www.facebook.com\/csjemballages"],"address":{"@type":"PostalAddress","streetAddress":"ZI La Lechere","addressLocality":"Patornay","postalCode":"39130","addressCountry":"FR"},"contactPoint":[{"@type":"ContactPoint","contactType":"Service client","telephone":"0384254272","email":"contact@csj-emballages.com"}]}]}},"df_price":18.56,"df_sale_price":"","df_regular_price":18.56,"df_image_link":"https:\/\/www.csj-emballages.com\/wp-content\/uploads\/2025\/04\/Noix-de-cajou-300x300.webp","tiered_pricing_type":"fixed","tiered_pricing_fixed_rules":[],"tiered_pricing_percentage_rules":[],"tiered_pricing_minimum":1,"tiered_pricing_roles_data":[],"_links":{"self":[{"href":"https:\/\/www.csj-emballages.com\/de\/wp-json\/wp\/v2\/product\/231263","targetHints":{"allow":["GET"]}}],"collection":[{"href":"https:\/\/www.csj-emballages.com\/de\/wp-json\/wp\/v2\/product"}],"about":[{"href":"https:\/\/www.csj-emballages.com\/de\/wp-json\/wp\/v2\/types\/product"}],"wp:featuredmedia":[{"embeddable":true,"href":"https:\/\/www.csj-emballages.com\/de\/wp-json\/wp\/v2\/media\/231258"}],"wp:attachment":[{"href":"https:\/\/www.csj-emballages.com\/de\/wp-json\/wp\/v2\/media?parent=231263"}],"wp:term":[{"taxonomy":"product_brand","embeddable":true,"href":"https:\/\/www.csj-emballages.com\/de\/wp-json\/wp\/v2\/product_brand?post=231263"},{"taxonomy":"product_cat","embeddable":true,"href":"https:\/\/www.csj-emballages.com\/de\/wp-json\/wp\/v2\/product_cat?post=231263"},{"taxonomy":"product_tag","embeddable":true,"href":"https:\/\/www.csj-emballages.com\/de\/wp-json\/wp\/v2\/product_tag?post=231263"}],"curies":[{"name":"wp","href":"https:\/\/api.w.org\/{rel}","templated":true}]}}