{"id":23126,"date":"2024-03-01T16:50:08","date_gmt":"2024-03-01T15:50:08","guid":{"rendered":"https:\/\/u15jnbdpoq.preview.infomaniak.website\/produit\/1-einkaufstasche-mit-motiv-weihnachten-hund-woody-pp-gewebt-wiederverwendbar-40-24-x-35-cm\/"},"modified":"2026-04-03T02:19:54","modified_gmt":"2026-04-03T00:19:54","slug":"1-einkaufstasche-mit-motiv-weihnachten-hund-woody-pp-gewebt-wiederverwendbar-40-24-x-35-cm","status":"publish","type":"product","link":"https:\/\/www.csj-emballages.com\/de\/produit\/1-einkaufstasche-mit-motiv-weihnachten-hund-woody-pp-gewebt-wiederverwendbar-40-24-x-35-cm\/","title":{"rendered":"Einkaufstasche &#8222;Weihnachten Hund WOODY&#8220; PP gewebt wiederverwendbar 40 + 24 x 35 cm"},"content":{"rendered":"<h2 class=\"p1\">Einkaufstasche<\/h2>\n<hr>\n<h3>Beschreibung unserer Einkaufstasche &#8222;Weihnachten Hund WOODY&#8220; PP gewebt wiederverwendbar 40 + 24 x 35 cm<\/h3>\n<p><!--more--><\/p>\n<p data-start=\"173\" data-end=\"536\">Wenn die Feiertage vor der T\u00fcr stehen, m\u00f6chten wir alle unseren Eink\u00e4ufen und Verpackungen einen kleinen Hauch von Magie verleihen. Diese <g id=\"gid_1\">wiederverwendbare<\/g> <g id=\"gid_0\">Einkaufstasche &#8222;No\u00ebl chien WOODY&#8220;<\/g> aus <g id=\"gid_1\">gewebtem PP<\/g> bietet genau das. Sie wurde aus strapazierf\u00e4higen Materialien hergestellt und vereint Zweckm\u00e4\u00dfigkeit und \u00c4sthetik mit einem h\u00fcbschen, festlichen Motiv, das Gro\u00df und Klein begeistern wird.  <\/p>\n<p data-start=\"538\" data-end=\"924\">Mit ihrem gro\u00dfz\u00fcgigen Format von <strong data-start=\"563\" data-end=\"582\">40 + 24 x 35 cm<\/strong> bietet diese Tasche viel Platz f\u00fcr Eink\u00e4ufe, Geschenke oder auch Feinkostzubereitungen. Dank des <g id=\"gid_1\">gewebten Polypropylens<\/g> ist die Tasche robust, wasserabweisend und langlebig. Sie k\u00f6nnen die Tasche viele Male verwenden, ohne dass sie verschlei\u00dft, was sie zu einer hervorragenden Alternative zu Einwegtaschen macht.  <\/p>\n<p data-start=\"926\" data-end=\"1304\">Aber diese <strong>weihnachtliche Tragetasche<\/strong> ist nicht nur praktisch. Ihr festliches Design zeigt den niedlichen <strong data-start=\"1020\" data-end=\"1035\">Hund Woody<\/strong>, der von einer <strong data-start=\"1059\" data-end=\"1078\">warmen Weihnachtsdekoration<\/strong> umgeben ist. Sie sorgt f\u00fcr eine freundliche und originelle Note, die perfekt ist, um Ihren Kunden ein einzigartiges Erlebnis zu bieten. In einer B\u00e4ckerei, einem Feinkostladen, einem Spielzeuggesch\u00e4ft oder einer Boutique auf Zeit wird diese Tasche garantiert Freude bereiten.   <\/p>\n<p data-start=\"1306\" data-end=\"1585\">Auch die Wiederverwendbarkeit der Tasche entspricht einem <strong data-start=\"1383\" data-end=\"1412\">umweltfreundlichen und verantwortungsvollen<\/strong> Ansatz. Wenn Sie sich f\u00fcr dieses Produkt entscheiden, bieten Sie Ihren Kunden eine stabile Tasche, die sie t\u00e4glich wiederverwenden k\u00f6nnen, und vermitteln gleichzeitig ein umweltfreundliches Image. <\/p>\n<p data-start=\"1587\" data-end=\"1778\">Zusammenfassend l\u00e4sst sich sagen, dass die Einkaufstasche <strong data-start=\"1601\" data-end=\"1631\">Weihnachten Hund WOODY<\/strong> ein praktisches Hilfsmittel f\u00fcr Ihre Verpackungen, ein eleganter Werbetr\u00e4ger und ein kleines festliches Augenzwinkern ist, das den Unterschied ausmachen wird.<\/p>\n<p data-start=\"1587\" data-end=\"1778\">\n<p><!--more--><\/p>\n<h4><strong>Vorteile :<\/strong><\/h4>\n<ul>\n<li><strong data-start=\"2009\" data-end=\"2028\">Praktisches Format<\/strong>: Abmessungen 40 + 24 x 35 cm, gro\u00dfes Fassungsverm\u00f6gen.<\/li>\n<li>Strapazierf\u00e4higes <strong data-start=\"2080\" data-end=\"2102\">Material<\/strong>: Starkes, gewebtes, wasserfestes Polypropylen.<\/li>\n<li><strong data-start=\"2152\" data-end=\"2168\">Wiederverwendbar<\/strong>: umweltfreundliche Alternative zu Einwegt\u00fcten.<\/li>\n<li><strong data-start=\"2217\" data-end=\"2234\">Festliches Design<\/strong>: Woody-Hund-Motiv und gem\u00fctliche Weihnachtsstimmung.<\/li>\n<li><strong data-start=\"2292\" data-end=\"2306\">Vielseitig<\/strong> einsetzbar: ideal f\u00fcr Eink\u00e4ufe, Geschenke oder Shop-Verpackungen.<\/li>\n<\/ul>\n<p>&nbsp;<\/p>\n<p><!--more--><\/p>\n<h4>Weitere Informationen :<\/h4>\n<ul>\n<li><strong>Verpackung<\/strong>: Einzeln<\/li>\n<li><strong>Ma\u00dfe<\/strong>: 40 + 24 x 35 cm<\/li>\n<li><strong>Farbe<\/strong>: Wei\u00df \/ Rot<\/li>\n<li><strong>Material<\/strong>: Robustes, gewebtes Polypropylen<\/li>\n<\/ul>\n<p>&nbsp;<\/p>\n<p><!--more--><\/p>\n<p><a href=\"https:\/\/www.csj-emballages.com\/de\/categorie-produit\/lebensmittelverpackungen\/boutique-und-geschaft\/sacke-beutel\/taschen-boutique\/\">Sehen Sie sich den Rest unseres Sortiments an Boutique-Taschen an!<\/a><\/p>\n","protected":false},"excerpt":{"rendered":"<p>Einkaufstasche Beschreibung unserer Einkaufstasche &#8222;Weihnachten Hund WOODY&#8220; PP gewebt wiederverwendbar 40 + 24 x 35 cm<\/p>\n","protected":false},"featured_media":245648,"template":"","meta":{"_acf_changed":false},"product_brand":[],"product_cat":[1137,1487,1838],"product_tag":[],"class_list":{"0":"post-23126","1":"product","2":"type-product","3":"status-publish","4":"has-post-thumbnail","6":"product_cat-lebensmittelverpackungen","7":"product_cat-boutique-und-geschaft","8":"product_cat-taschen-boutique","10":"first","11":"instock","12":"taxable","13":"shipping-taxable","14":"purchasable","15":"product-type-simple"},"acf":[],"yoast_head":"<!-- This site is optimized with the Yoast SEO Premium plugin v26.6 (Yoast SEO v26.6) - https:\/\/yoast.com\/wordpress\/plugins\/seo\/ -->\n<title>Einkaufstasche &quot;Weihnachten Hund WOODY&quot; PP Gewebt 40 + 24 x 35 cm<\/title>\n<meta name=\"description\" content=\"Wiederverwendbare Einkaufstasche Weihnachten Hund WOODY aus gewebtem PP. Stabil, festlich und praktisch, ideal f\u00fcr Ihre Kunden w\u00e4hrend der Weihnachtszeit.\" \/>\n<meta name=\"robots\" content=\"index, follow, max-snippet:-1, max-image-preview:large, max-video-preview:-1\" \/>\n<link rel=\"canonical\" href=\"https:\/\/www.csj-emballages.com\/de\/produit\/1-einkaufstasche-mit-motiv-weihnachten-hund-woody-pp-gewebt-wiederverwendbar-40-24-x-35-cm\/\" \/>\n<meta property=\"og:locale\" content=\"de_DE\" \/>\n<meta property=\"og:type\" content=\"article\" \/>\n<meta property=\"og:title\" content=\"Einkaufstasche &quot;Weihnachten Hund WOODY&quot; PP gewebt wiederverwendbar 40 + 24 x 35 cm\" \/>\n<meta property=\"og:description\" content=\"Wiederverwendbare Einkaufstasche Weihnachten Hund WOODY aus gewebtem PP. Stabil, festlich und praktisch, ideal f\u00fcr Ihre Kunden w\u00e4hrend der Weihnachtszeit.\" \/>\n<meta property=\"og:url\" content=\"https:\/\/www.csj-emballages.com\/de\/produit\/1-einkaufstasche-mit-motiv-weihnachten-hund-woody-pp-gewebt-wiederverwendbar-40-24-x-35-cm\/\" \/>\n<meta property=\"og:site_name\" content=\"CSJ Emballages\" \/>\n<meta property=\"article:publisher\" content=\"https:\/\/www.facebook.com\/csjemballages\" \/>\n<meta property=\"article:modified_time\" content=\"2026-04-03T00:19:54+00:00\" \/>\n<meta property=\"og:image\" content=\"https:\/\/www.csj-emballages.com\/wp-content\/uploads\/2024\/03\/SACPPNOEL2022.webp\" \/>\n\t<meta property=\"og:image:width\" content=\"800\" \/>\n\t<meta property=\"og:image:height\" content=\"800\" \/>\n\t<meta property=\"og:image:type\" content=\"image\/webp\" \/>\n<meta name=\"twitter:card\" content=\"summary_large_image\" \/>\n<meta name=\"twitter:label1\" content=\"Gesch\u00e4tzte Lesezeit\" \/>\n\t<meta name=\"twitter:data1\" content=\"2 Minuten\" \/>\n<script type=\"application\/ld+json\" class=\"yoast-schema-graph\">{\"@context\":\"https:\/\/schema.org\",\"@graph\":[{\"@type\":\"WebPage\",\"@id\":\"https:\/\/www.csj-emballages.com\/de\/produit\/1-einkaufstasche-mit-motiv-weihnachten-hund-woody-pp-gewebt-wiederverwendbar-40-24-x-35-cm\/\",\"url\":\"https:\/\/www.csj-emballages.com\/de\/produit\/1-einkaufstasche-mit-motiv-weihnachten-hund-woody-pp-gewebt-wiederverwendbar-40-24-x-35-cm\/\",\"name\":\"Einkaufstasche \\\"Weihnachten Hund WOODY\\\" PP Gewebt 40 + 24 x 35 cm\",\"isPartOf\":{\"@id\":\"https:\/\/www.csj-emballages.com\/de\/#website\"},\"primaryImageOfPage\":{\"@id\":\"https:\/\/www.csj-emballages.com\/de\/produit\/1-einkaufstasche-mit-motiv-weihnachten-hund-woody-pp-gewebt-wiederverwendbar-40-24-x-35-cm\/#primaryimage\"},\"image\":{\"@id\":\"https:\/\/www.csj-emballages.com\/de\/produit\/1-einkaufstasche-mit-motiv-weihnachten-hund-woody-pp-gewebt-wiederverwendbar-40-24-x-35-cm\/#primaryimage\"},\"thumbnailUrl\":\"https:\/\/www.csj-emballages.com\/wp-content\/uploads\/2024\/03\/SACPPNOEL2022.webp\",\"datePublished\":\"2024-03-01T15:50:08+00:00\",\"dateModified\":\"2026-04-03T00:19:54+00:00\",\"description\":\"Wiederverwendbare Einkaufstasche Weihnachten Hund WOODY aus gewebtem PP. Stabil, festlich und praktisch, ideal f\u00fcr Ihre Kunden w\u00e4hrend der Weihnachtszeit.\",\"breadcrumb\":{\"@id\":\"https:\/\/www.csj-emballages.com\/de\/produit\/1-einkaufstasche-mit-motiv-weihnachten-hund-woody-pp-gewebt-wiederverwendbar-40-24-x-35-cm\/#breadcrumb\"},\"inLanguage\":\"de\",\"potentialAction\":[{\"@type\":\"ReadAction\",\"target\":[\"https:\/\/www.csj-emballages.com\/de\/produit\/1-einkaufstasche-mit-motiv-weihnachten-hund-woody-pp-gewebt-wiederverwendbar-40-24-x-35-cm\/\"]}]},{\"@type\":\"ImageObject\",\"inLanguage\":\"de\",\"@id\":\"https:\/\/www.csj-emballages.com\/de\/produit\/1-einkaufstasche-mit-motiv-weihnachten-hund-woody-pp-gewebt-wiederverwendbar-40-24-x-35-cm\/#primaryimage\",\"url\":\"https:\/\/www.csj-emballages.com\/wp-content\/uploads\/2024\/03\/SACPPNOEL2022.webp\",\"contentUrl\":\"https:\/\/www.csj-emballages.com\/wp-content\/uploads\/2024\/03\/SACPPNOEL2022.webp\",\"width\":800,\"height\":800,\"caption\":\"Sac cabas\"},{\"@type\":\"BreadcrumbList\",\"@id\":\"https:\/\/www.csj-emballages.com\/de\/produit\/1-einkaufstasche-mit-motiv-weihnachten-hund-woody-pp-gewebt-wiederverwendbar-40-24-x-35-cm\/#breadcrumb\",\"itemListElement\":[{\"@type\":\"ListItem\",\"position\":1,\"name\":\"Accueil\",\"item\":\"https:\/\/www.csj-emballages.com\/de\/universum-lebensmittelverpackungen\/\"},{\"@type\":\"ListItem\",\"position\":2,\"name\":\"Shop\",\"item\":\"https:\/\/www.csj-emballages.com\/shop\/\"},{\"@type\":\"ListItem\",\"position\":3,\"name\":\"Einkaufstasche \u00ab\u00a0Weihnachten Hund WOODY\u00a0\u00bb PP gewebt wiederverwendbar 40 + 24 x 35 cm\"}]},{\"@type\":\"WebSite\",\"@id\":\"https:\/\/www.csj-emballages.com\/de\/#website\",\"url\":\"https:\/\/www.csj-emballages.com\/de\/\",\"name\":\"CSJ Emballages\",\"description\":\"\",\"publisher\":{\"@id\":\"https:\/\/www.csj-emballages.com\/de\/#organization\"},\"potentialAction\":[{\"@type\":\"SearchAction\",\"target\":{\"@type\":\"EntryPoint\",\"urlTemplate\":\"https:\/\/www.csj-emballages.com\/de\/?s={search_term_string}\"},\"query-input\":{\"@type\":\"PropertyValueSpecification\",\"valueRequired\":true,\"valueName\":\"search_term_string\"}}],\"inLanguage\":\"de\"},{\"@type\":\"Organization\",\"@id\":\"https:\/\/www.csj-emballages.com\/de\/#Organization\/\",\"name\":\"CSJ Emballages\",\"url\":\"https:\/\/www.csj-emballages.com\/de\/\",\"logo\":{\"@type\":\"ImageObject\",\"inLanguage\":\"de\",\"@id\":\"https:\/\/www.csj-emballages.com\/de\/#\/schema\/logo\/image\/\",\"url\":\"https:\/\/www.csj-emballages.com\/wp-content\/uploads\/2023\/10\/logo_csj.webp\",\"contentUrl\":\"https:\/\/www.csj-emballages.com\/wp-content\/uploads\/2023\/10\/logo_csj.webp\",\"width\":250,\"height\":95,\"caption\":\"CSJ Emballages\"},\"image\":{\"@id\":\"https:\/\/www.csj-emballages.com\/de\/#\/schema\/logo\/image\/\"},\"sameAs\":[\"https:\/\/www.facebook.com\/csjemballages\"],\"address\":{\"@type\":\"PostalAddress\",\"streetAddress\":\"ZI La Lechere\",\"addressLocality\":\"Patornay\",\"postalCode\":\"39130\",\"addressCountry\":\"FR\"},\"contactPoint\":[{\"@type\":\"ContactPoint\",\"contactType\":\"Service client\",\"telephone\":\"0384254272\",\"email\":\"contact@csj-emballages.com\"}]}]}<\/script>\n<!-- \/ Yoast SEO Premium plugin. -->","yoast_head_json":{"title":"Einkaufstasche \"Weihnachten Hund WOODY\" PP Gewebt 40 + 24 x 35 cm","description":"Wiederverwendbare Einkaufstasche Weihnachten Hund WOODY aus gewebtem PP. Stabil, festlich und praktisch, ideal f\u00fcr Ihre Kunden w\u00e4hrend der Weihnachtszeit.","robots":{"index":"index","follow":"follow","max-snippet":"max-snippet:-1","max-image-preview":"max-image-preview:large","max-video-preview":"max-video-preview:-1"},"canonical":"https:\/\/www.csj-emballages.com\/de\/produit\/1-einkaufstasche-mit-motiv-weihnachten-hund-woody-pp-gewebt-wiederverwendbar-40-24-x-35-cm\/","og_locale":"de_DE","og_type":"article","og_title":"Einkaufstasche \"Weihnachten Hund WOODY\" PP gewebt wiederverwendbar 40 + 24 x 35 cm","og_description":"Wiederverwendbare Einkaufstasche Weihnachten Hund WOODY aus gewebtem PP. Stabil, festlich und praktisch, ideal f\u00fcr Ihre Kunden w\u00e4hrend der Weihnachtszeit.","og_url":"https:\/\/www.csj-emballages.com\/de\/produit\/1-einkaufstasche-mit-motiv-weihnachten-hund-woody-pp-gewebt-wiederverwendbar-40-24-x-35-cm\/","og_site_name":"CSJ Emballages","article_publisher":"https:\/\/www.facebook.com\/csjemballages","article_modified_time":"2026-04-03T00:19:54+00:00","og_image":[{"width":800,"height":800,"url":"https:\/\/www.csj-emballages.com\/wp-content\/uploads\/2024\/03\/SACPPNOEL2022.webp","type":"image\/webp"}],"twitter_card":"summary_large_image","twitter_misc":{"Gesch\u00e4tzte Lesezeit":"2 Minuten"},"schema":{"@context":"https:\/\/schema.org","@graph":[{"@type":"WebPage","@id":"https:\/\/www.csj-emballages.com\/de\/produit\/1-einkaufstasche-mit-motiv-weihnachten-hund-woody-pp-gewebt-wiederverwendbar-40-24-x-35-cm\/","url":"https:\/\/www.csj-emballages.com\/de\/produit\/1-einkaufstasche-mit-motiv-weihnachten-hund-woody-pp-gewebt-wiederverwendbar-40-24-x-35-cm\/","name":"Einkaufstasche \"Weihnachten Hund WOODY\" PP Gewebt 40 + 24 x 35 cm","isPartOf":{"@id":"https:\/\/www.csj-emballages.com\/de\/#website"},"primaryImageOfPage":{"@id":"https:\/\/www.csj-emballages.com\/de\/produit\/1-einkaufstasche-mit-motiv-weihnachten-hund-woody-pp-gewebt-wiederverwendbar-40-24-x-35-cm\/#primaryimage"},"image":{"@id":"https:\/\/www.csj-emballages.com\/de\/produit\/1-einkaufstasche-mit-motiv-weihnachten-hund-woody-pp-gewebt-wiederverwendbar-40-24-x-35-cm\/#primaryimage"},"thumbnailUrl":"https:\/\/www.csj-emballages.com\/wp-content\/uploads\/2024\/03\/SACPPNOEL2022.webp","datePublished":"2024-03-01T15:50:08+00:00","dateModified":"2026-04-03T00:19:54+00:00","description":"Wiederverwendbare Einkaufstasche Weihnachten Hund WOODY aus gewebtem PP. Stabil, festlich und praktisch, ideal f\u00fcr Ihre Kunden w\u00e4hrend der Weihnachtszeit.","breadcrumb":{"@id":"https:\/\/www.csj-emballages.com\/de\/produit\/1-einkaufstasche-mit-motiv-weihnachten-hund-woody-pp-gewebt-wiederverwendbar-40-24-x-35-cm\/#breadcrumb"},"inLanguage":"de","potentialAction":[{"@type":"ReadAction","target":["https:\/\/www.csj-emballages.com\/de\/produit\/1-einkaufstasche-mit-motiv-weihnachten-hund-woody-pp-gewebt-wiederverwendbar-40-24-x-35-cm\/"]}]},{"@type":"ImageObject","inLanguage":"de","@id":"https:\/\/www.csj-emballages.com\/de\/produit\/1-einkaufstasche-mit-motiv-weihnachten-hund-woody-pp-gewebt-wiederverwendbar-40-24-x-35-cm\/#primaryimage","url":"https:\/\/www.csj-emballages.com\/wp-content\/uploads\/2024\/03\/SACPPNOEL2022.webp","contentUrl":"https:\/\/www.csj-emballages.com\/wp-content\/uploads\/2024\/03\/SACPPNOEL2022.webp","width":800,"height":800,"caption":"Sac cabas"},{"@type":"BreadcrumbList","@id":"https:\/\/www.csj-emballages.com\/de\/produit\/1-einkaufstasche-mit-motiv-weihnachten-hund-woody-pp-gewebt-wiederverwendbar-40-24-x-35-cm\/#breadcrumb","itemListElement":[{"@type":"ListItem","position":1,"name":"Accueil","item":"https:\/\/www.csj-emballages.com\/de\/universum-lebensmittelverpackungen\/"},{"@type":"ListItem","position":2,"name":"Shop","item":"https:\/\/www.csj-emballages.com\/shop\/"},{"@type":"ListItem","position":3,"name":"Einkaufstasche \u00ab\u00a0Weihnachten Hund WOODY\u00a0\u00bb PP gewebt wiederverwendbar 40 + 24 x 35 cm"}]},{"@type":"WebSite","@id":"https:\/\/www.csj-emballages.com\/de\/#website","url":"https:\/\/www.csj-emballages.com\/de\/","name":"CSJ Emballages","description":"","publisher":{"@id":"https:\/\/www.csj-emballages.com\/de\/#organization"},"potentialAction":[{"@type":"SearchAction","target":{"@type":"EntryPoint","urlTemplate":"https:\/\/www.csj-emballages.com\/de\/?s={search_term_string}"},"query-input":{"@type":"PropertyValueSpecification","valueRequired":true,"valueName":"search_term_string"}}],"inLanguage":"de"},{"@type":"Organization","@id":"https:\/\/www.csj-emballages.com\/de\/#Organization\/","name":"CSJ Emballages","url":"https:\/\/www.csj-emballages.com\/de\/","logo":{"@type":"ImageObject","inLanguage":"de","@id":"https:\/\/www.csj-emballages.com\/de\/#\/schema\/logo\/image\/","url":"https:\/\/www.csj-emballages.com\/wp-content\/uploads\/2023\/10\/logo_csj.webp","contentUrl":"https:\/\/www.csj-emballages.com\/wp-content\/uploads\/2023\/10\/logo_csj.webp","width":250,"height":95,"caption":"CSJ Emballages"},"image":{"@id":"https:\/\/www.csj-emballages.com\/de\/#\/schema\/logo\/image\/"},"sameAs":["https:\/\/www.facebook.com\/csjemballages"],"address":{"@type":"PostalAddress","streetAddress":"ZI La Lechere","addressLocality":"Patornay","postalCode":"39130","addressCountry":"FR"},"contactPoint":[{"@type":"ContactPoint","contactType":"Service client","telephone":"0384254272","email":"contact@csj-emballages.com"}]}]}},"df_price":1.33,"df_sale_price":"","df_regular_price":1.33,"df_image_link":"https:\/\/www.csj-emballages.com\/wp-content\/uploads\/2024\/03\/SACPPNOEL2022-300x300.webp","tiered_pricing_type":"fixed","tiered_pricing_fixed_rules":[],"tiered_pricing_percentage_rules":[],"tiered_pricing_minimum":1,"tiered_pricing_roles_data":[],"_links":{"self":[{"href":"https:\/\/www.csj-emballages.com\/de\/wp-json\/wp\/v2\/product\/23126","targetHints":{"allow":["GET"]}}],"collection":[{"href":"https:\/\/www.csj-emballages.com\/de\/wp-json\/wp\/v2\/product"}],"about":[{"href":"https:\/\/www.csj-emballages.com\/de\/wp-json\/wp\/v2\/types\/product"}],"wp:featuredmedia":[{"embeddable":true,"href":"https:\/\/www.csj-emballages.com\/de\/wp-json\/wp\/v2\/media\/245648"}],"wp:attachment":[{"href":"https:\/\/www.csj-emballages.com\/de\/wp-json\/wp\/v2\/media?parent=23126"}],"wp:term":[{"taxonomy":"product_brand","embeddable":true,"href":"https:\/\/www.csj-emballages.com\/de\/wp-json\/wp\/v2\/product_brand?post=23126"},{"taxonomy":"product_cat","embeddable":true,"href":"https:\/\/www.csj-emballages.com\/de\/wp-json\/wp\/v2\/product_cat?post=23126"},{"taxonomy":"product_tag","embeddable":true,"href":"https:\/\/www.csj-emballages.com\/de\/wp-json\/wp\/v2\/product_tag?post=23126"}],"curies":[{"name":"wp","href":"https:\/\/api.w.org\/{rel}","templated":true}]}}