{"id":23121,"date":"2024-03-01T16:50:08","date_gmt":"2024-03-01T15:50:08","guid":{"rendered":"https:\/\/u15jnbdpoq.preview.infomaniak.website\/produit\/500-taschen-aus-fettdichtem-huehnerpapier-200-80-x-350-mm\/"},"modified":"2026-05-06T02:17:03","modified_gmt":"2026-05-06T00:17:03","slug":"500-taschen-aus-fettdichtem-huehnerpapier-200-80-x-350-mm","status":"publish","type":"product","link":"https:\/\/www.csj-emballages.com\/de\/produit\/500-taschen-aus-fettdichtem-huehnerpapier-200-80-x-350-mm\/","title":{"rendered":"XL H\u00fchnersack aus fettdichtem Papier 200 + 80 x 340 mm pro 500 St\u00fcck"},"content":{"rendered":"<div style=\"font-family: Roboto, sans-serif;\">\n<div style=\"font-family: Roboto, sans-serif;\">\n<div style=\"font-family: Roboto, sans-serif;\">\n<div style=\"font-family: Roboto, sans-serif;\">\n<div style=\"font-family: Roboto, sans-serif;\">\n<div style=\"font-family: Roboto, sans-serif;\">\n<div style=\"font-family: Roboto, sans-serif;\">\n<div style=\"font-family: Roboto, sans-serif;\">\n<div style=\"font-family: Roboto, sans-serif;\">\n<div style=\"font-family: Roboto, sans-serif;\">\n<div style=\"font-family: Roboto, sans-serif;\">\n<div style=\"font-family: Roboto, sans-serif;\">\n<div style=\"font-family: Roboto, sans-serif;\">\n<div class=\"flex flex-grow flex-col max-w-full\">\n<div class=\"min-h-[20px] text-message flex flex-col items-start whitespace-pre-wrap break-words [.text-message+&amp;]:mt-5 juice:w-full juice:items-end overflow-x-auto gap-2\" dir=\"auto\" data-message-author-role=\"assistant\" data-message-id=\"2034782e-88f9-44ef-b4dc-07dd7bf0115f\">\n<div class=\"flex w-full flex-col gap-1 juice:empty:hidden juice:first:pt-[3px]\">\n<div class=\"markdown prose w-full break-words dark:prose-invert light\">\n<div style=\"font-family: Roboto, sans-serif;\">\n<div style=\"font-family: Roboto, sans-serif;\">\n<div style=\"font-family: Roboto, sans-serif;\">\n<div style=\"font-family: Roboto, sans-serif;\">\n<div style=\"font-family: Roboto, sans-serif;\">\n<div style=\"font-family: Roboto, sans-serif;\">\n<h2>Taschen Huhn<\/h2>\n<div style=\"font-family: Roboto, sans-serif;\">\n<div style=\"font-family: Roboto, sans-serif;\">\n<div style=\"font-family: Roboto, sans-serif;\">\n<div style=\"text-align: center;\">\n<div style=\"font-family: Roboto, sans-serif;\">\n<div style=\"font-family: Roboto, sans-serif;\">\n<div style=\"font-family: Roboto, sans-serif;\">\n<div style=\"font-family: Roboto, sans-serif;\">\n<div style=\"font-family: Roboto, sans-serif;\">\n<div style=\"font-family: Roboto, sans-serif; text-align: left;\">\n<hr \/>\n<h3 style=\"text-align: left;\">Beschreibung der Taschen aus fettdichtem H\u00e4hnchenpapier 200 + 80 x 350 mm<!--more--><\/h3>\n<p>Die <strong>H\u00e4hnchenbeutel<\/strong> <strong>200 + 80 x 350 mm<\/strong>, die in Packungen zu <strong>500<\/strong> St\u00fcck angeboten werden, sind eine ideale L\u00f6sung f\u00fcr das Cateringgewerbe. Diese <strong>Beutel<\/strong> sind eine intelligente Wahl, um die Pr\u00e4sentation und den Schutz von Take-away-Produkten zu verbessern. Durch ihr Design stellen sie sicher, dass Ihre Lebensmittel, insbesondere <strong>Brath\u00e4hnchen<\/strong>, unversehrt und appetitlich bleiben. Zun\u00e4chst einmal sind diese <strong>H\u00e4hnchen-Taschen<\/strong> aus fettdichtem Papier hergestellt, was bedeutet, dass \u00d6le und Fette nicht durch das Papier dringen. Diese Eigenschaft ist entscheidend f\u00fcr die Aufrechterhaltung der oft problematischen Hygiene.<\/p>\n<p>&nbsp;<\/p>\n<\/div>\n<\/div>\n<\/div>\n<\/div>\n<\/div>\n<\/div>\n<\/div>\n<\/div>\n<\/div>\n<\/div>\n<\/div>\n<\/div>\n<\/div>\n<\/div>\n<\/div>\n<\/div>\n<\/div>\n<\/div>\n<\/div>\n<\/div>\n<\/div>\n<\/div>\n<\/div>\n<\/div>\n<\/div>\n<\/div>\n<\/div>\n<\/div>\n<\/div>\n<\/div>\n<\/div>\n<\/div>\n<\/div>\n<p><!--more--><\/p>\n<h4>Warum sollten Sie unsere H\u00fchnerbeutel verwenden?<\/h4>\n<div class=\"flex flex-grow flex-col max-w-full\">\n<div class=\"min-h-[20px] text-message flex flex-col items-start whitespace-pre-wrap break-words [.text-message+&amp;]:mt-5 juice:w-full juice:items-end overflow-x-auto gap-2\" dir=\"auto\" data-message-author-role=\"assistant\" data-message-id=\"2034782e-88f9-44ef-b4dc-07dd7bf0115f\">\n<div class=\"flex w-full flex-col gap-1 juice:empty:hidden juice:first:pt-[3px]\">\n<div class=\"markdown prose w-full break-words dark:prose-invert light\">\n<div style=\"font-family: Roboto, sans-serif;\">\n<div style=\"font-family: Roboto, sans-serif;\">\n<div style=\"font-family: Roboto, sans-serif;\">\n<div style=\"font-family: Roboto, sans-serif;\">\n<div style=\"font-family: Roboto, sans-serif;\">\n<div style=\"font-family: Roboto, sans-serif;\">\n<div style=\"font-family: Roboto, sans-serif;\">\n<div style=\"font-family: Roboto, sans-serif;\">\n<div style=\"font-family: Roboto, sans-serif;\">\n<div style=\"text-align: center;\">\n<div style=\"font-family: Roboto, sans-serif;\">\n<div style=\"font-family: Roboto, sans-serif;\">\n<div style=\"font-family: Roboto, sans-serif;\">\n<div style=\"font-family: Roboto, sans-serif;\">\n<div style=\"font-family: Roboto, sans-serif;\">\n<div style=\"font-family: Roboto, sans-serif; text-align: left;\">\n<p>Neben ihrer F\u00e4higkeit, fettbest\u00e4ndig zu sein, sind diese <strong>H\u00e4hnchen-Beutel<\/strong> auch in Bezug auf ihre Gr\u00f6\u00dfe sehr praktisch. Mit einer Gr\u00f6\u00dfe von <strong>200 + 80 x 350 mm<\/strong> sind sie ger\u00e4umig genug, um H\u00e4hnchenportionen verschiedener Gr\u00f6\u00dfen aufzunehmen, ohne die Sicherheit oder die Pr\u00e4sentation zu beeintr\u00e4chtigen. Die <strong>H\u00e4hnchenbeutel<\/strong> sind auch eine umweltfreundliche L\u00f6sung. Durch die Wahl dieser <strong>Papiert\u00fcten<\/strong> entscheiden Sie sich f\u00fcr eine umweltfreundliche Alternative. Au\u00dferdem werden diese <strong>H\u00e4hnchenbeutel<\/strong> in Packungen zu <strong>500<\/strong> St\u00fcck angeboten, was ideal f\u00fcr Unternehmen mit einem konstanten Bedarf ist. Egal, ob Sie einen kleinen Grill in der Nachbarschaft oder eine Fastfood-Kette betreiben, diese Verpackung in gro\u00dfen Mengen erm\u00f6glicht es Ihnen, einen stabilen Bestand zu halten und Ihre Einkaufskosten zu optimieren.<\/p>\n<p>&nbsp;<\/p>\n<\/div>\n<\/div>\n<\/div>\n<\/div>\n<\/div>\n<\/div>\n<\/div>\n<\/div>\n<\/div>\n<\/div>\n<\/div>\n<\/div>\n<\/div>\n<\/div>\n<\/div>\n<\/div>\n<\/div>\n<\/div>\n<\/div>\n<\/div>\n<p><!--more--><\/p>\n<div style=\"font-family: Roboto, sans-serif;\">\n<div style=\"font-family: Roboto, sans-serif;\">\n<div style=\"font-family: Roboto, sans-serif;\">\n<div style=\"font-family: Roboto, sans-serif;\">\n<div style=\"font-family: Roboto, sans-serif;\">\n<div style=\"font-family: Roboto, sans-serif;\">\n<div style=\"font-family: Roboto, sans-serif;\">\n<div style=\"font-family: Roboto, sans-serif;\">\n<div style=\"font-family: Roboto, sans-serif;\">\n<div style=\"font-family: Roboto, sans-serif;\">\n<div style=\"font-family: Roboto, sans-serif;\">\n<div style=\"font-family: Roboto, sans-serif;\">\n<div style=\"font-family: Roboto, sans-serif;\">\n<div class=\"flex flex-grow flex-col max-w-full\">\n<div class=\"min-h-[20px] text-message flex flex-col items-start whitespace-pre-wrap break-words [.text-message+&amp;]:mt-5 juice:w-full juice:items-end overflow-x-auto gap-2\" dir=\"auto\" data-message-author-role=\"assistant\" data-message-id=\"2034782e-88f9-44ef-b4dc-07dd7bf0115f\">\n<div class=\"flex w-full flex-col gap-1 juice:empty:hidden juice:first:pt-[3px]\">\n<div class=\"markdown prose w-full break-words dark:prose-invert light\">\n<div style=\"font-family: Roboto, sans-serif;\">\n<div style=\"font-family: Roboto, sans-serif;\">\n<div style=\"font-family: Roboto, sans-serif;\">\n<div style=\"font-family: Roboto, sans-serif;\">\n<div style=\"font-family: Roboto, sans-serif;\">\n<div style=\"font-family: Roboto, sans-serif;\">\n<div class=\"flex flex-grow flex-col max-w-full\">\n<div class=\"min-h-[20px] text-message flex flex-col items-start whitespace-pre-wrap break-words [.text-message+&amp;]:mt-5 juice:w-full juice:items-end overflow-x-auto gap-2\" dir=\"auto\" data-message-author-role=\"assistant\" data-message-id=\"2034782e-88f9-44ef-b4dc-07dd7bf0115f\">\n<div class=\"flex w-full flex-col gap-1 juice:empty:hidden juice:first:pt-[3px]\">\n<div class=\"markdown prose w-full break-words dark:prose-invert light\">\n<div style=\"font-family: Roboto, sans-serif;\">\n<div style=\"font-family: Roboto, sans-serif;\">\n<div style=\"font-family: Roboto, sans-serif;\">\n<div style=\"font-family: Roboto, sans-serif;\">\n<div style=\"font-family: Roboto, sans-serif;\">\n<div style=\"font-family: Roboto, sans-serif;\">\n<div style=\"font-family: Roboto, sans-serif;\">\n<div style=\"font-family: Roboto, sans-serif;\">\n<div style=\"font-family: Roboto, sans-serif;\">\n<div style=\"text-align: center;\">\n<div style=\"font-family: Roboto, sans-serif;\">\n<div style=\"font-family: Roboto, sans-serif;\">\n<div style=\"font-family: Roboto, sans-serif;\">\n<div style=\"font-family: Roboto, sans-serif;\">\n<div style=\"font-family: Roboto, sans-serif;\">\n<div style=\"font-family: Roboto, sans-serif; text-align: left;\">\n<p>Schlie\u00dflich verbessert die Verwendung dieser <strong>H\u00fchnerbeutel<\/strong> die Kundenerfahrung. Durch ihre St\u00e4rke und Zweckm\u00e4\u00dfigkeit stellen sie sicher, dass jede Bestellung unter optimalen Bedingungen ausgeliefert wird. Die G\u00e4ste werden es zu sch\u00e4tzen wissen, dass ihre Mahlzeit warm und ohne Auslaufen ankommt. Durch die Verwendung dieser <strong>H\u00e4hnchenbeutel<\/strong> stellen Sie die Zufriedenheit Ihrer Kunden sicher.<\/p>\n<p>Zusammenfassend l\u00e4sst sich sagen, dass die <strong>fettabweisenden Papierh\u00fchnerbeutel<\/strong> <strong>200 + 80 x 350 mm<\/strong> ein Muss f\u00fcr jeden Lebensmittelh\u00e4ndler sind. Sie kombinieren Zweckm\u00e4\u00dfigkeit, St\u00e4rke und Umweltfreundlichkeit, was eine einwandfreie Pr\u00e4sentation Ihrer Produkte gew\u00e4hrleistet.<\/p>\n<\/div>\n<\/div>\n<\/div>\n<\/div>\n<\/div>\n<\/div>\n<\/div>\n<\/div>\n<\/div>\n<\/div>\n<\/div>\n<\/div>\n<\/div>\n<\/div>\n<\/div>\n<\/div>\n<\/div>\n<\/div>\n<\/div>\n<\/div>\n<p>&nbsp;<\/p>\n<p><!--more--><\/p>\n<h4 style=\"text-align: left;\"><strong>Die Vorteile von <\/strong>H\u00fchners\u00e4cken :<\/h4>\n<ul>\n<li style=\"text-align: left;\"><strong>Fettbest\u00e4ndigkeit: <\/strong>Das fettdichte Papier verhindert das Durchdringen von \u00d6len und Fetten und sorgt so f\u00fcr optimale Sauberkeit und eine gepflegte Pr\u00e4sentation<strong>.<\/strong><\/li>\n<li><strong>Gro\u00dfe Kapazit\u00e4t<\/strong>: Mit einer Gr\u00f6\u00dfe von <strong>200 + 80 x 350 mm<\/strong> k\u00f6nnen diese <strong>H\u00e4hnchen-Beutel<\/strong> verschiedene Portionen H\u00e4hnchenfleisch enthalten.<\/li>\n<li><strong>Praktisch im Gro\u00dfformat<\/strong>: Die <strong>500er-Packung<\/strong> erm\u00f6glicht eine angemessene Verwaltung des Verpackungsbedarfs, ideal f\u00fcr Fachleute mit hoher Nachfrage.<\/li>\n<li><strong>Thermische Isolierung<\/strong>: Unsere Taschen haben eine effektive Isolierschicht.<\/li>\n<\/ul>\n<\/div>\n<\/div>\n<\/div>\n<\/div>\n<\/div>\n<\/div>\n<\/div>\n<\/div>\n<\/div>\n<\/div>\n<\/div>\n<\/div>\n<p>&nbsp;<\/p>\n<\/div>\n<\/div>\n<\/div>\n<\/div>\n<\/div>\n<\/div>\n<\/div>\n<\/div>\n<\/div>\n<\/div>\n<\/div>\n<p><!--more--><\/p>\n<h4>Weitere Informationen zu diesem Produkt :<\/h4>\n<ul style=\"font-family: Roboto, sans-serif;\">\n<li><strong>Verpackung<\/strong>: Karton mit 500 St\u00fcck<\/li>\n<li><b>Gewicht: <\/b>45gr + OPP 20gr<\/li>\n<\/ul>\n<p>&nbsp;<\/p>\n<p style=\"text-align: left;\"><!--more--><\/p>\n<p>Erh\u00e4ltlich in <span style=\"color: #d62727;\"><a style=\"color: #d62727;\" href=\"https:\/\/u15jnbdpoq.preview.infomaniak.website\/produit\/500-sacs-poulet-papier-ingraissable-180-65-x-340-mm\/\">180 + 65 x 340 mm<\/a><\/span> \/ <span style=\"color: #d62727;\"><a style=\"color: #d62727;\" href=\"https:\/\/u15jnbdpoq.preview.infomaniak.website\/produit\/500-sacs-poulet-papier-ingraissable-xxl-250-8-5-x-410-mm\/\">250 + 85 x 410 mm<\/a><\/span><\/p>\n<p>&nbsp;<\/p>\n<p style=\"text-align: left;\"><!--more--><\/p>\n<p><a href=\"https:\/\/www.csj-emballages.com\/de\/categorie-produit\/lebensmittelverpackungen\/metzgerei-und-feinkostgeschaft\/sacke-und-beutel\/sacke-mit-huhnern\/\">Sehen Sie sich den Rest unseres Sortiments an H\u00fchners\u00e4cken an.<\/a><\/p>\n<p>&nbsp;<\/p>\n","protected":false},"excerpt":{"rendered":"<p>Taschen Huhn Beschreibung der Taschen aus fettdichtem H\u00e4hnchenpapier 200 + 80 x 350 mm<\/p>\n","protected":false},"featured_media":209321,"template":"","meta":{"_acf_changed":false},"product_brand":[],"product_cat":[1137,1170,3316],"product_tag":[],"class_list":{"0":"post-23121","1":"product","2":"type-product","3":"status-publish","4":"has-post-thumbnail","6":"product_cat-lebensmittelverpackungen","7":"product_cat-metzgerei-und-feinkostgeschaft","8":"product_cat-sacke-mit-huhnern","10":"first","11":"instock","12":"featured","13":"taxable","14":"shipping-taxable","15":"purchasable","16":"product-type-simple"},"acf":[],"yoast_head":"<!-- This site is optimized with the Yoast SEO Premium plugin v26.6 (Yoast SEO v26.6) - https:\/\/yoast.com\/wordpress\/plugins\/seo\/ -->\n<title>H\u00fchnerbeutel - 200 + 80 x 350 mm pro 500 St\u00fcck<\/title>\n<meta name=\"description\" content=\"Entdecken Sie die H\u00e4hnchenbeutel 200 + 80 x 350 mm. Sie sind perfekt f\u00fcr Brath\u00e4hnchen geeignet und garantieren Sauberkeit und Haltbarkeit. Die 500er Packung ist ideal f\u00fcr Profis.\" \/>\n<meta name=\"robots\" content=\"index, follow, max-snippet:-1, max-image-preview:large, max-video-preview:-1\" \/>\n<link rel=\"canonical\" href=\"https:\/\/www.csj-emballages.com\/de\/produit\/500-taschen-aus-fettdichtem-huehnerpapier-200-80-x-350-mm\/\" \/>\n<meta property=\"og:locale\" content=\"de_DE\" \/>\n<meta property=\"og:type\" content=\"article\" \/>\n<meta property=\"og:title\" content=\"T\u00fcten Huhn - 200 + 80 x 350 mm pro 500\" \/>\n<meta property=\"og:description\" content=\"Entdecken Sie die H\u00e4hnchenbeutel 200 + 80 x 350 mm. Sie sind perfekt f\u00fcr Brath\u00e4hnchen geeignet und garantieren Sauberkeit und Haltbarkeit. Die 500er Packung ist ideal f\u00fcr Profis.\" \/>\n<meta property=\"og:url\" content=\"https:\/\/www.csj-emballages.com\/de\/produit\/500-taschen-aus-fettdichtem-huehnerpapier-200-80-x-350-mm\/\" \/>\n<meta property=\"og:site_name\" content=\"CSJ Emballages\" \/>\n<meta property=\"article:publisher\" content=\"https:\/\/www.facebook.com\/csjemballages\" \/>\n<meta property=\"article:modified_time\" content=\"2026-05-06T00:17:03+00:00\" \/>\n<meta property=\"og:image\" content=\"https:\/\/www.csj-emballages.com\/wp-content\/uploads\/2024\/03\/Sac-poulet-1.webp\" \/>\n\t<meta property=\"og:image:width\" content=\"800\" \/>\n\t<meta property=\"og:image:height\" content=\"800\" \/>\n\t<meta property=\"og:image:type\" content=\"image\/webp\" \/>\n<meta name=\"twitter:card\" content=\"summary_large_image\" \/>\n<meta name=\"twitter:title\" content=\"T\u00fcten Huhn - 200 + 80 x 350 mm pro 500\" \/>\n<meta name=\"twitter:description\" content=\"Entdecken Sie die H\u00e4hnchenbeutel 200 + 80 x 350 mm. Sie sind perfekt f\u00fcr Brath\u00e4hnchen geeignet und garantieren Sauberkeit und Haltbarkeit. Die 500er Packung ist ideal f\u00fcr Profis.\" \/>\n<meta name=\"twitter:label1\" content=\"Gesch\u00e4tzte Lesezeit\" \/>\n\t<meta name=\"twitter:data1\" content=\"3 Minuten\" \/>\n<script type=\"application\/ld+json\" class=\"yoast-schema-graph\">{\"@context\":\"https:\/\/schema.org\",\"@graph\":[{\"@type\":\"WebPage\",\"@id\":\"https:\/\/www.csj-emballages.com\/de\/produit\/500-taschen-aus-fettdichtem-huehnerpapier-200-80-x-350-mm\/\",\"url\":\"https:\/\/www.csj-emballages.com\/de\/produit\/500-taschen-aus-fettdichtem-huehnerpapier-200-80-x-350-mm\/\",\"name\":\"H\u00fchnerbeutel - 200 + 80 x 350 mm pro 500 St\u00fcck\",\"isPartOf\":{\"@id\":\"https:\/\/www.csj-emballages.com\/de\/#website\"},\"primaryImageOfPage\":{\"@id\":\"https:\/\/www.csj-emballages.com\/de\/produit\/500-taschen-aus-fettdichtem-huehnerpapier-200-80-x-350-mm\/#primaryimage\"},\"image\":{\"@id\":\"https:\/\/www.csj-emballages.com\/de\/produit\/500-taschen-aus-fettdichtem-huehnerpapier-200-80-x-350-mm\/#primaryimage\"},\"thumbnailUrl\":\"https:\/\/www.csj-emballages.com\/wp-content\/uploads\/2024\/03\/Sac-poulet-1.webp\",\"datePublished\":\"2024-03-01T15:50:08+00:00\",\"dateModified\":\"2026-05-06T00:17:03+00:00\",\"description\":\"Entdecken Sie die H\u00e4hnchenbeutel 200 + 80 x 350 mm. Sie sind perfekt f\u00fcr Brath\u00e4hnchen geeignet und garantieren Sauberkeit und Haltbarkeit. Die 500er Packung ist ideal f\u00fcr Profis.\",\"breadcrumb\":{\"@id\":\"https:\/\/www.csj-emballages.com\/de\/produit\/500-taschen-aus-fettdichtem-huehnerpapier-200-80-x-350-mm\/#breadcrumb\"},\"inLanguage\":\"de\",\"potentialAction\":[{\"@type\":\"ReadAction\",\"target\":[\"https:\/\/www.csj-emballages.com\/de\/produit\/500-taschen-aus-fettdichtem-huehnerpapier-200-80-x-350-mm\/\"]}]},{\"@type\":\"ImageObject\",\"inLanguage\":\"de\",\"@id\":\"https:\/\/www.csj-emballages.com\/de\/produit\/500-taschen-aus-fettdichtem-huehnerpapier-200-80-x-350-mm\/#primaryimage\",\"url\":\"https:\/\/www.csj-emballages.com\/wp-content\/uploads\/2024\/03\/Sac-poulet-1.webp\",\"contentUrl\":\"https:\/\/www.csj-emballages.com\/wp-content\/uploads\/2024\/03\/Sac-poulet-1.webp\",\"width\":800,\"height\":800,\"caption\":\"sac poulet\"},{\"@type\":\"BreadcrumbList\",\"@id\":\"https:\/\/www.csj-emballages.com\/de\/produit\/500-taschen-aus-fettdichtem-huehnerpapier-200-80-x-350-mm\/#breadcrumb\",\"itemListElement\":[{\"@type\":\"ListItem\",\"position\":1,\"name\":\"Accueil\",\"item\":\"https:\/\/www.csj-emballages.com\/de\/universum-lebensmittelverpackungen\/\"},{\"@type\":\"ListItem\",\"position\":2,\"name\":\"Shop\",\"item\":\"https:\/\/www.csj-emballages.com\/shop\/\"},{\"@type\":\"ListItem\",\"position\":3,\"name\":\"XL H\u00fchnersack aus fettdichtem Papier 200 + 80 x 340 mm pro 500 St\u00fcck\"}]},{\"@type\":\"WebSite\",\"@id\":\"https:\/\/www.csj-emballages.com\/de\/#website\",\"url\":\"https:\/\/www.csj-emballages.com\/de\/\",\"name\":\"CSJ Emballages\",\"description\":\"\",\"publisher\":{\"@id\":\"https:\/\/www.csj-emballages.com\/de\/#organization\"},\"potentialAction\":[{\"@type\":\"SearchAction\",\"target\":{\"@type\":\"EntryPoint\",\"urlTemplate\":\"https:\/\/www.csj-emballages.com\/de\/?s={search_term_string}\"},\"query-input\":{\"@type\":\"PropertyValueSpecification\",\"valueRequired\":true,\"valueName\":\"search_term_string\"}}],\"inLanguage\":\"de\"},{\"@type\":\"Organization\",\"@id\":\"https:\/\/www.csj-emballages.com\/de\/#Organization\/\",\"name\":\"CSJ Emballages\",\"url\":\"https:\/\/www.csj-emballages.com\/de\/\",\"logo\":{\"@type\":\"ImageObject\",\"inLanguage\":\"de\",\"@id\":\"https:\/\/www.csj-emballages.com\/de\/#\/schema\/logo\/image\/\",\"url\":\"https:\/\/www.csj-emballages.com\/wp-content\/uploads\/2023\/10\/logo_csj.webp\",\"contentUrl\":\"https:\/\/www.csj-emballages.com\/wp-content\/uploads\/2023\/10\/logo_csj.webp\",\"width\":250,\"height\":95,\"caption\":\"CSJ Emballages\"},\"image\":{\"@id\":\"https:\/\/www.csj-emballages.com\/de\/#\/schema\/logo\/image\/\"},\"sameAs\":[\"https:\/\/www.facebook.com\/csjemballages\"],\"address\":{\"@type\":\"PostalAddress\",\"streetAddress\":\"ZI La Lechere\",\"addressLocality\":\"Patornay\",\"postalCode\":\"39130\",\"addressCountry\":\"FR\"},\"contactPoint\":[{\"@type\":\"ContactPoint\",\"contactType\":\"Service client\",\"telephone\":\"0384254272\",\"email\":\"contact@csj-emballages.com\"}]}]}<\/script>\n<!-- \/ Yoast SEO Premium plugin. -->","yoast_head_json":{"title":"H\u00fchnerbeutel - 200 + 80 x 350 mm pro 500 St\u00fcck","description":"Entdecken Sie die H\u00e4hnchenbeutel 200 + 80 x 350 mm. Sie sind perfekt f\u00fcr Brath\u00e4hnchen geeignet und garantieren Sauberkeit und Haltbarkeit. Die 500er Packung ist ideal f\u00fcr Profis.","robots":{"index":"index","follow":"follow","max-snippet":"max-snippet:-1","max-image-preview":"max-image-preview:large","max-video-preview":"max-video-preview:-1"},"canonical":"https:\/\/www.csj-emballages.com\/de\/produit\/500-taschen-aus-fettdichtem-huehnerpapier-200-80-x-350-mm\/","og_locale":"de_DE","og_type":"article","og_title":"T\u00fcten Huhn - 200 + 80 x 350 mm pro 500","og_description":"Entdecken Sie die H\u00e4hnchenbeutel 200 + 80 x 350 mm. Sie sind perfekt f\u00fcr Brath\u00e4hnchen geeignet und garantieren Sauberkeit und Haltbarkeit. Die 500er Packung ist ideal f\u00fcr Profis.","og_url":"https:\/\/www.csj-emballages.com\/de\/produit\/500-taschen-aus-fettdichtem-huehnerpapier-200-80-x-350-mm\/","og_site_name":"CSJ Emballages","article_publisher":"https:\/\/www.facebook.com\/csjemballages","article_modified_time":"2026-05-06T00:17:03+00:00","og_image":[{"width":800,"height":800,"url":"https:\/\/www.csj-emballages.com\/wp-content\/uploads\/2024\/03\/Sac-poulet-1.webp","type":"image\/webp"}],"twitter_card":"summary_large_image","twitter_title":"T\u00fcten Huhn - 200 + 80 x 350 mm pro 500","twitter_description":"Entdecken Sie die H\u00e4hnchenbeutel 200 + 80 x 350 mm. Sie sind perfekt f\u00fcr Brath\u00e4hnchen geeignet und garantieren Sauberkeit und Haltbarkeit. Die 500er Packung ist ideal f\u00fcr Profis.","twitter_misc":{"Gesch\u00e4tzte Lesezeit":"3 Minuten"},"schema":{"@context":"https:\/\/schema.org","@graph":[{"@type":"WebPage","@id":"https:\/\/www.csj-emballages.com\/de\/produit\/500-taschen-aus-fettdichtem-huehnerpapier-200-80-x-350-mm\/","url":"https:\/\/www.csj-emballages.com\/de\/produit\/500-taschen-aus-fettdichtem-huehnerpapier-200-80-x-350-mm\/","name":"H\u00fchnerbeutel - 200 + 80 x 350 mm pro 500 St\u00fcck","isPartOf":{"@id":"https:\/\/www.csj-emballages.com\/de\/#website"},"primaryImageOfPage":{"@id":"https:\/\/www.csj-emballages.com\/de\/produit\/500-taschen-aus-fettdichtem-huehnerpapier-200-80-x-350-mm\/#primaryimage"},"image":{"@id":"https:\/\/www.csj-emballages.com\/de\/produit\/500-taschen-aus-fettdichtem-huehnerpapier-200-80-x-350-mm\/#primaryimage"},"thumbnailUrl":"https:\/\/www.csj-emballages.com\/wp-content\/uploads\/2024\/03\/Sac-poulet-1.webp","datePublished":"2024-03-01T15:50:08+00:00","dateModified":"2026-05-06T00:17:03+00:00","description":"Entdecken Sie die H\u00e4hnchenbeutel 200 + 80 x 350 mm. Sie sind perfekt f\u00fcr Brath\u00e4hnchen geeignet und garantieren Sauberkeit und Haltbarkeit. Die 500er Packung ist ideal f\u00fcr Profis.","breadcrumb":{"@id":"https:\/\/www.csj-emballages.com\/de\/produit\/500-taschen-aus-fettdichtem-huehnerpapier-200-80-x-350-mm\/#breadcrumb"},"inLanguage":"de","potentialAction":[{"@type":"ReadAction","target":["https:\/\/www.csj-emballages.com\/de\/produit\/500-taschen-aus-fettdichtem-huehnerpapier-200-80-x-350-mm\/"]}]},{"@type":"ImageObject","inLanguage":"de","@id":"https:\/\/www.csj-emballages.com\/de\/produit\/500-taschen-aus-fettdichtem-huehnerpapier-200-80-x-350-mm\/#primaryimage","url":"https:\/\/www.csj-emballages.com\/wp-content\/uploads\/2024\/03\/Sac-poulet-1.webp","contentUrl":"https:\/\/www.csj-emballages.com\/wp-content\/uploads\/2024\/03\/Sac-poulet-1.webp","width":800,"height":800,"caption":"sac poulet"},{"@type":"BreadcrumbList","@id":"https:\/\/www.csj-emballages.com\/de\/produit\/500-taschen-aus-fettdichtem-huehnerpapier-200-80-x-350-mm\/#breadcrumb","itemListElement":[{"@type":"ListItem","position":1,"name":"Accueil","item":"https:\/\/www.csj-emballages.com\/de\/universum-lebensmittelverpackungen\/"},{"@type":"ListItem","position":2,"name":"Shop","item":"https:\/\/www.csj-emballages.com\/shop\/"},{"@type":"ListItem","position":3,"name":"XL H\u00fchnersack aus fettdichtem Papier 200 + 80 x 340 mm pro 500 St\u00fcck"}]},{"@type":"WebSite","@id":"https:\/\/www.csj-emballages.com\/de\/#website","url":"https:\/\/www.csj-emballages.com\/de\/","name":"CSJ Emballages","description":"","publisher":{"@id":"https:\/\/www.csj-emballages.com\/de\/#organization"},"potentialAction":[{"@type":"SearchAction","target":{"@type":"EntryPoint","urlTemplate":"https:\/\/www.csj-emballages.com\/de\/?s={search_term_string}"},"query-input":{"@type":"PropertyValueSpecification","valueRequired":true,"valueName":"search_term_string"}}],"inLanguage":"de"},{"@type":"Organization","@id":"https:\/\/www.csj-emballages.com\/de\/#Organization\/","name":"CSJ Emballages","url":"https:\/\/www.csj-emballages.com\/de\/","logo":{"@type":"ImageObject","inLanguage":"de","@id":"https:\/\/www.csj-emballages.com\/de\/#\/schema\/logo\/image\/","url":"https:\/\/www.csj-emballages.com\/wp-content\/uploads\/2023\/10\/logo_csj.webp","contentUrl":"https:\/\/www.csj-emballages.com\/wp-content\/uploads\/2023\/10\/logo_csj.webp","width":250,"height":95,"caption":"CSJ Emballages"},"image":{"@id":"https:\/\/www.csj-emballages.com\/de\/#\/schema\/logo\/image\/"},"sameAs":["https:\/\/www.facebook.com\/csjemballages"],"address":{"@type":"PostalAddress","streetAddress":"ZI La Lechere","addressLocality":"Patornay","postalCode":"39130","addressCountry":"FR"},"contactPoint":[{"@type":"ContactPoint","contactType":"Service client","telephone":"0384254272","email":"contact@csj-emballages.com"}]}]}},"df_price":40.43,"df_sale_price":"","df_regular_price":40.43,"df_image_link":"https:\/\/www.csj-emballages.com\/wp-content\/uploads\/2024\/03\/Sac-poulet-1-300x300.webp","tiered_pricing_type":"fixed","tiered_pricing_fixed_rules":[],"tiered_pricing_percentage_rules":[],"tiered_pricing_minimum":1,"tiered_pricing_roles_data":[],"_links":{"self":[{"href":"https:\/\/www.csj-emballages.com\/de\/wp-json\/wp\/v2\/product\/23121","targetHints":{"allow":["GET"]}}],"collection":[{"href":"https:\/\/www.csj-emballages.com\/de\/wp-json\/wp\/v2\/product"}],"about":[{"href":"https:\/\/www.csj-emballages.com\/de\/wp-json\/wp\/v2\/types\/product"}],"wp:featuredmedia":[{"embeddable":true,"href":"https:\/\/www.csj-emballages.com\/de\/wp-json\/wp\/v2\/media\/209321"}],"wp:attachment":[{"href":"https:\/\/www.csj-emballages.com\/de\/wp-json\/wp\/v2\/media?parent=23121"}],"wp:term":[{"taxonomy":"product_brand","embeddable":true,"href":"https:\/\/www.csj-emballages.com\/de\/wp-json\/wp\/v2\/product_brand?post=23121"},{"taxonomy":"product_cat","embeddable":true,"href":"https:\/\/www.csj-emballages.com\/de\/wp-json\/wp\/v2\/product_cat?post=23121"},{"taxonomy":"product_tag","embeddable":true,"href":"https:\/\/www.csj-emballages.com\/de\/wp-json\/wp\/v2\/product_tag?post=23121"}],"curies":[{"name":"wp","href":"https:\/\/api.w.org\/{rel}","templated":true}]}}