{"id":23119,"date":"2024-03-01T16:50:09","date_gmt":"2024-03-01T15:50:09","guid":{"rendered":"https:\/\/u15jnbdpoq.preview.infomaniak.website\/produit\/1000-briochentueten-braun-25-7-x-35-cm\/"},"modified":"2026-05-01T02:14:21","modified_gmt":"2026-05-01T00:14:21","slug":"1000-briochentueten-braun-25-7-x-35-cm","status":"publish","type":"product","link":"https:\/\/www.csj-emballages.com\/de\/produit\/1000-briochentueten-braun-25-7-x-35-cm\/","title":{"rendered":"Brioche-Tasche braun 25 + 7 x 35 cm Gr\u00f6\u00dfe 107 pro 1000"},"content":{"rendered":"<h2>Brioche-Tasche<\/h2>\n<div style=\"box-sizing: inherit; font-family: Roboto, sans-serif;\">\n<div style=\"box-sizing: inherit; font-family: Roboto, sans-serif;\">\n<div style=\"box-sizing: inherit; font-family: Roboto, sans-serif;\">\n<div style=\"box-sizing: inherit; font-family: Roboto, sans-serif;\">\n<div style=\"box-sizing: inherit; font-family: Roboto, sans-serif;\">\n<div style=\"box-sizing: inherit; font-family: Roboto, sans-serif;\">\n<hr>\n<h3>Beschreibung von unserer Tasche Brioche braun 25 + 7 x 35 cm Gr\u00f6\u00dfe 107 von 1000<\/h3>\n<p><!--more--><\/p>\n<p data-start=\"157\" data-end=\"610\">Um Ihre k\u00f6stlichen Brioches, Brote oder Geb\u00e4ckst\u00fccke zur Geltung zu bringen, gibt es nichts Besseres als eine praktische und \u00e4sthetische <strong data-start=\"247\" data-end=\"267\">braune Brioche-Tasche<\/strong>. Mit den Ma\u00dfen <strong data-start=\"312\" data-end=\"343\">25 + 7 x 35 cm (Gr\u00f6\u00dfe 107)<\/strong> ist sie speziell daf\u00fcr konzipiert, Ihre Backwaren einfach und professionell zu verstauen. Die braune Farbe verleiht ihr ein nat\u00fcrliches und authentisches Aussehen, ideal f\u00fcr eine handwerkliche Pr\u00e4sentation, die B\u00e4cker und Kunden gleicherma\u00dfen begeistert.  <\/p>\n<p data-start=\"612\" data-end=\"1099\">Dank ihrer <strong data-start=\"624\" data-end=\"652\">7 cm breiten Seitenfalte<\/strong> bietet diese Tasche zus\u00e4tzlichen Platz, sodass auch sperrige Brioches oder mehrere St\u00fccke auf einmal problemlos untergebracht werden k\u00f6nnen. So vereint sie <strong data-start=\"800\" data-end=\"818\">Funktionalit\u00e4t<\/strong> und <strong data-start=\"822\" data-end=\"836\">Robustheit<\/strong>, bleibt aber dennoch leicht und praktisch in der t\u00e4glichen Handhabung. Mit einer Verpackungseinheit von <strong data-start=\"914\" data-end=\"929\">1000 St\u00fcck<\/strong> ist dieses preisg\u00fcnstige Format zudem perfekt auf die Bed\u00fcrfnisse von Handwerkern zugeschnitten.  <\/p>\n<p data-start=\"1101\" data-end=\"1430\">Ebenso entspricht ihre Zusammensetzung aus braunem, recycelbarem und umweltfreundlichem Papier den heutigen Erwartungen der Verbraucher, die auf die Reduzierung von Plastikm\u00fcll achten. Wenn Sie sich f\u00fcr diese Art von Tasche entscheiden, verbinden Sie nicht nur <strong data-start=\"1348\" data-end=\"1359\">Qualit\u00e4t<\/strong> und <strong data-start=\"1363\" data-end=\"1377\">\u00c4sthetik<\/strong>, sondern auch einen echten <strong data-start=\"1413\" data-end=\"1427\">\u00f6kologischen<\/strong> Ansatz. <\/p>\n<p data-start=\"1432\" data-end=\"1784\">Zusammenfassend l\u00e4sst sich sagen, dass die <strong>braune Brioche-Tasche<\/strong> weit mehr ist als eine einfache Verpackung: Sie ist eine echte Unterst\u00fctzung, um Ihre Produkte aufzuwerten, das handwerkliche Image Ihres Betriebs zu st\u00e4rken und Ihren Kunden ein angenehmes Einkaufserlebnis zu bieten. Eine praktische, nachhaltige und unumg\u00e4ngliche Wahl f\u00fcr alle, die in der B\u00e4ckerei- und Konditoreibranche t\u00e4tig sind. <\/p>\n<p data-start=\"1432\" data-end=\"1784\">\n<\/div>\n<p data-start=\"1432\" data-end=\"1784\"><!--more--><\/p>\n<\/div>\n<h4 data-start=\"1432\" data-end=\"1784\">Vorteile :<\/h4>\n<ul>\n<li>Praktische Gr\u00f6\u00dfe f\u00fcr Brioches und Kleingeb\u00e4ck.<\/li>\n<li>7-cm-Faltenbalg bietet mehr Platz.<\/li>\n<li>Umweltfreundliches, recycelbares braunes Papier.<\/li>\n<li>Nat\u00fcrliches und authentisches Aussehen, das Ihre Produkte aufwertet.<\/li>\n<li>Wirtschaftliche Verpackung in Packungen zu 1000 Beuteln.<\/li>\n<\/ul>\n<\/div>\n<\/div>\n<p>&nbsp;<\/p>\n<p><!--more--><\/p>\n<p><strong>Weitere Informationen<\/strong>:<\/p>\n<ul>\n<li><strong>Verpackung<\/strong>: Packung mit 1000 St\u00fcck<\/li>\n<li><strong>Ma\u00dfe<\/strong>: 25 + 7 x 35 cm<\/li>\n<li><strong>Farbe<\/strong>: Braun<\/li>\n<li><strong>Material<\/strong>: Papier<\/li>\n<\/ul>\n<\/div>\n<\/div>\n<p>&nbsp;<\/p>\n<p><!--more--><\/p>\n<p>Diese Croissanttasche ist in verschiedenen Gr\u00f6\u00dfen erh\u00e4ltlich: <span style=\"color: #d12727;\"><a style=\"color: #d12727;\" href=\"https:\/\/www.csj-emballages.com\/produit\/1000-sacs-104-croissants-14-6-x-25-cm\/\">14 + 6 x 25 cm<\/a> \/ <a style=\"color: #d12727;\" href=\"https:\/\/www.csj-emballages.com\/produit\/1000-sacs-105-croissants-17-7-x-30-cm\/\">20 + 5 x 28 cm<\/a> \/ <a style=\"color: #d12727;\" href=\"https:\/\/www.csj-emballages.com\/es\/produit\/1000-bolsas-de-106-croissants-17-7-x-35-cm\/\">20 + 5 x 34 cm<\/a><\/span><\/p>\n<p>&nbsp;<\/p>\n<div style=\"box-sizing: inherit; font-family: Roboto, sans-serif;\">\n<div style=\"box-sizing: inherit; font-family: Roboto, sans-serif;\">\n<div style=\"box-sizing: inherit; font-family: Roboto, sans-serif;\">\n<div style=\"box-sizing: inherit; font-family: Roboto, sans-serif;\">\n<div style=\"box-sizing: inherit; font-family: Roboto, sans-serif;\">\n<div style=\"box-sizing: inherit; font-family: Roboto, sans-serif;\">\n<p><!--more--><\/p>\n<p><a href=\"https:\/\/www.csj-emballages.com\/de\/categorie-produit\/lebensmittelverpackungen\/backerei-und-konditorei\/sacke-beutel-und-papier\/sacheries-de\/taschen-mit-croissants\/\">Sehen Sie sich den Rest unseres Sortiments an Croissants\/Brioche-Taschen an.<\/a><\/p>\n<\/div>\n<\/div>\n<\/div>\n<\/div>\n<\/div>\n<\/div>\n","protected":false},"excerpt":{"rendered":"<p>Brioche-Tasche Beschreibung von unserer Tasche Brioche braun 25 + 7 x 35 cm Gr\u00f6\u00dfe 107 von 1000<\/p>\n","protected":false},"featured_media":245452,"template":"","meta":{"_acf_changed":false},"product_brand":[],"product_cat":[1171,1661,3321],"product_tag":[],"class_list":{"0":"post-23119","1":"product","2":"type-product","3":"status-publish","4":"has-post-thumbnail","6":"product_cat-backerei-und-konditorei","7":"product_cat-sacheries-de","8":"product_cat-taschen-mit-croissants","10":"first","11":"instock","12":"taxable","13":"shipping-taxable","14":"purchasable","15":"product-type-simple"},"acf":[],"yoast_head":"<!-- This site is optimized with the Yoast SEO Premium plugin v26.6 (Yoast SEO v26.6) - https:\/\/yoast.com\/wordpress\/plugins\/seo\/ -->\n<title>Tasche Brioche Braun 25 + 7 x 35 cm Gr\u00f6\u00dfe 107 pro 1000<\/title>\n<meta name=\"description\" content=\"Braune Brioche-Tasche 25 + 7 x 35 cm Gr\u00f6\u00dfe 107 - 1000 St\u00fcck. Praktisch, umweltfreundlich und ideal f\u00fcr Ihre Brioches, Brote und Geb\u00e4ck.\" \/>\n<meta name=\"robots\" content=\"index, follow, max-snippet:-1, max-image-preview:large, max-video-preview:-1\" \/>\n<link rel=\"canonical\" href=\"https:\/\/www.csj-emballages.com\/de\/produit\/1000-briochentueten-braun-25-7-x-35-cm\/\" \/>\n<meta property=\"og:locale\" content=\"de_DE\" \/>\n<meta property=\"og:type\" content=\"article\" \/>\n<meta property=\"og:title\" content=\"Brioche-Tasche braun 25 + 7 x 35 cm Gr\u00f6\u00dfe 107 pro 1000\" \/>\n<meta property=\"og:description\" content=\"Braune Brioche-Tasche 25 + 7 x 35 cm Gr\u00f6\u00dfe 107 - 1000 St\u00fcck. Praktisch, umweltfreundlich und ideal f\u00fcr Ihre Brioches, Brote und Geb\u00e4ck.\" \/>\n<meta property=\"og:url\" content=\"https:\/\/www.csj-emballages.com\/de\/produit\/1000-briochentueten-braun-25-7-x-35-cm\/\" \/>\n<meta property=\"og:site_name\" content=\"CSJ Emballages\" \/>\n<meta property=\"article:publisher\" content=\"https:\/\/www.facebook.com\/csjemballages\" \/>\n<meta property=\"article:modified_time\" content=\"2026-05-01T00:14:21+00:00\" \/>\n<meta property=\"og:image\" content=\"https:\/\/www.csj-emballages.com\/wp-content\/uploads\/2024\/03\/SACBRI.webp\" \/>\n\t<meta property=\"og:image:width\" content=\"800\" \/>\n\t<meta property=\"og:image:height\" content=\"800\" \/>\n\t<meta property=\"og:image:type\" content=\"image\/webp\" \/>\n<meta name=\"twitter:card\" content=\"summary_large_image\" \/>\n<meta name=\"twitter:label1\" content=\"Gesch\u00e4tzte Lesezeit\" \/>\n\t<meta name=\"twitter:data1\" content=\"2 Minuten\" \/>\n<script type=\"application\/ld+json\" class=\"yoast-schema-graph\">{\"@context\":\"https:\/\/schema.org\",\"@graph\":[{\"@type\":\"WebPage\",\"@id\":\"https:\/\/www.csj-emballages.com\/de\/produit\/1000-briochentueten-braun-25-7-x-35-cm\/\",\"url\":\"https:\/\/www.csj-emballages.com\/de\/produit\/1000-briochentueten-braun-25-7-x-35-cm\/\",\"name\":\"Tasche Brioche Braun 25 + 7 x 35 cm Gr\u00f6\u00dfe 107 pro 1000\",\"isPartOf\":{\"@id\":\"https:\/\/www.csj-emballages.com\/de\/#website\"},\"primaryImageOfPage\":{\"@id\":\"https:\/\/www.csj-emballages.com\/de\/produit\/1000-briochentueten-braun-25-7-x-35-cm\/#primaryimage\"},\"image\":{\"@id\":\"https:\/\/www.csj-emballages.com\/de\/produit\/1000-briochentueten-braun-25-7-x-35-cm\/#primaryimage\"},\"thumbnailUrl\":\"https:\/\/www.csj-emballages.com\/wp-content\/uploads\/2024\/03\/SACBRI.webp\",\"datePublished\":\"2024-03-01T15:50:09+00:00\",\"dateModified\":\"2026-05-01T00:14:21+00:00\",\"description\":\"Braune Brioche-Tasche 25 + 7 x 35 cm Gr\u00f6\u00dfe 107 - 1000 St\u00fcck. Praktisch, umweltfreundlich und ideal f\u00fcr Ihre Brioches, Brote und Geb\u00e4ck.\",\"breadcrumb\":{\"@id\":\"https:\/\/www.csj-emballages.com\/de\/produit\/1000-briochentueten-braun-25-7-x-35-cm\/#breadcrumb\"},\"inLanguage\":\"de\",\"potentialAction\":[{\"@type\":\"ReadAction\",\"target\":[\"https:\/\/www.csj-emballages.com\/de\/produit\/1000-briochentueten-braun-25-7-x-35-cm\/\"]}]},{\"@type\":\"ImageObject\",\"inLanguage\":\"de\",\"@id\":\"https:\/\/www.csj-emballages.com\/de\/produit\/1000-briochentueten-braun-25-7-x-35-cm\/#primaryimage\",\"url\":\"https:\/\/www.csj-emballages.com\/wp-content\/uploads\/2024\/03\/SACBRI.webp\",\"contentUrl\":\"https:\/\/www.csj-emballages.com\/wp-content\/uploads\/2024\/03\/SACBRI.webp\",\"width\":800,\"height\":800,\"caption\":\"Sac brioche\"},{\"@type\":\"BreadcrumbList\",\"@id\":\"https:\/\/www.csj-emballages.com\/de\/produit\/1000-briochentueten-braun-25-7-x-35-cm\/#breadcrumb\",\"itemListElement\":[{\"@type\":\"ListItem\",\"position\":1,\"name\":\"Accueil\",\"item\":\"https:\/\/www.csj-emballages.com\/de\/universum-lebensmittelverpackungen\/\"},{\"@type\":\"ListItem\",\"position\":2,\"name\":\"Shop\",\"item\":\"https:\/\/www.csj-emballages.com\/shop\/\"},{\"@type\":\"ListItem\",\"position\":3,\"name\":\"Brioche-Tasche braun 25 + 7 x 35 cm Gr\u00f6\u00dfe 107 pro 1000\"}]},{\"@type\":\"WebSite\",\"@id\":\"https:\/\/www.csj-emballages.com\/de\/#website\",\"url\":\"https:\/\/www.csj-emballages.com\/de\/\",\"name\":\"CSJ Emballages\",\"description\":\"\",\"publisher\":{\"@id\":\"https:\/\/www.csj-emballages.com\/de\/#organization\"},\"potentialAction\":[{\"@type\":\"SearchAction\",\"target\":{\"@type\":\"EntryPoint\",\"urlTemplate\":\"https:\/\/www.csj-emballages.com\/de\/?s={search_term_string}\"},\"query-input\":{\"@type\":\"PropertyValueSpecification\",\"valueRequired\":true,\"valueName\":\"search_term_string\"}}],\"inLanguage\":\"de\"},{\"@type\":\"Organization\",\"@id\":\"https:\/\/www.csj-emballages.com\/de\/#Organization\/\",\"name\":\"CSJ Emballages\",\"url\":\"https:\/\/www.csj-emballages.com\/de\/\",\"logo\":{\"@type\":\"ImageObject\",\"inLanguage\":\"de\",\"@id\":\"https:\/\/www.csj-emballages.com\/de\/#\/schema\/logo\/image\/\",\"url\":\"https:\/\/www.csj-emballages.com\/wp-content\/uploads\/2023\/10\/logo_csj.webp\",\"contentUrl\":\"https:\/\/www.csj-emballages.com\/wp-content\/uploads\/2023\/10\/logo_csj.webp\",\"width\":250,\"height\":95,\"caption\":\"CSJ Emballages\"},\"image\":{\"@id\":\"https:\/\/www.csj-emballages.com\/de\/#\/schema\/logo\/image\/\"},\"sameAs\":[\"https:\/\/www.facebook.com\/csjemballages\"],\"address\":{\"@type\":\"PostalAddress\",\"streetAddress\":\"ZI La Lechere\",\"addressLocality\":\"Patornay\",\"postalCode\":\"39130\",\"addressCountry\":\"FR\"},\"contactPoint\":[{\"@type\":\"ContactPoint\",\"contactType\":\"Service client\",\"telephone\":\"0384254272\",\"email\":\"contact@csj-emballages.com\"}]}]}<\/script>\n<!-- \/ Yoast SEO Premium plugin. -->","yoast_head_json":{"title":"Tasche Brioche Braun 25 + 7 x 35 cm Gr\u00f6\u00dfe 107 pro 1000","description":"Braune Brioche-Tasche 25 + 7 x 35 cm Gr\u00f6\u00dfe 107 - 1000 St\u00fcck. Praktisch, umweltfreundlich und ideal f\u00fcr Ihre Brioches, Brote und Geb\u00e4ck.","robots":{"index":"index","follow":"follow","max-snippet":"max-snippet:-1","max-image-preview":"max-image-preview:large","max-video-preview":"max-video-preview:-1"},"canonical":"https:\/\/www.csj-emballages.com\/de\/produit\/1000-briochentueten-braun-25-7-x-35-cm\/","og_locale":"de_DE","og_type":"article","og_title":"Brioche-Tasche braun 25 + 7 x 35 cm Gr\u00f6\u00dfe 107 pro 1000","og_description":"Braune Brioche-Tasche 25 + 7 x 35 cm Gr\u00f6\u00dfe 107 - 1000 St\u00fcck. Praktisch, umweltfreundlich und ideal f\u00fcr Ihre Brioches, Brote und Geb\u00e4ck.","og_url":"https:\/\/www.csj-emballages.com\/de\/produit\/1000-briochentueten-braun-25-7-x-35-cm\/","og_site_name":"CSJ Emballages","article_publisher":"https:\/\/www.facebook.com\/csjemballages","article_modified_time":"2026-05-01T00:14:21+00:00","og_image":[{"width":800,"height":800,"url":"https:\/\/www.csj-emballages.com\/wp-content\/uploads\/2024\/03\/SACBRI.webp","type":"image\/webp"}],"twitter_card":"summary_large_image","twitter_misc":{"Gesch\u00e4tzte Lesezeit":"2 Minuten"},"schema":{"@context":"https:\/\/schema.org","@graph":[{"@type":"WebPage","@id":"https:\/\/www.csj-emballages.com\/de\/produit\/1000-briochentueten-braun-25-7-x-35-cm\/","url":"https:\/\/www.csj-emballages.com\/de\/produit\/1000-briochentueten-braun-25-7-x-35-cm\/","name":"Tasche Brioche Braun 25 + 7 x 35 cm Gr\u00f6\u00dfe 107 pro 1000","isPartOf":{"@id":"https:\/\/www.csj-emballages.com\/de\/#website"},"primaryImageOfPage":{"@id":"https:\/\/www.csj-emballages.com\/de\/produit\/1000-briochentueten-braun-25-7-x-35-cm\/#primaryimage"},"image":{"@id":"https:\/\/www.csj-emballages.com\/de\/produit\/1000-briochentueten-braun-25-7-x-35-cm\/#primaryimage"},"thumbnailUrl":"https:\/\/www.csj-emballages.com\/wp-content\/uploads\/2024\/03\/SACBRI.webp","datePublished":"2024-03-01T15:50:09+00:00","dateModified":"2026-05-01T00:14:21+00:00","description":"Braune Brioche-Tasche 25 + 7 x 35 cm Gr\u00f6\u00dfe 107 - 1000 St\u00fcck. Praktisch, umweltfreundlich und ideal f\u00fcr Ihre Brioches, Brote und Geb\u00e4ck.","breadcrumb":{"@id":"https:\/\/www.csj-emballages.com\/de\/produit\/1000-briochentueten-braun-25-7-x-35-cm\/#breadcrumb"},"inLanguage":"de","potentialAction":[{"@type":"ReadAction","target":["https:\/\/www.csj-emballages.com\/de\/produit\/1000-briochentueten-braun-25-7-x-35-cm\/"]}]},{"@type":"ImageObject","inLanguage":"de","@id":"https:\/\/www.csj-emballages.com\/de\/produit\/1000-briochentueten-braun-25-7-x-35-cm\/#primaryimage","url":"https:\/\/www.csj-emballages.com\/wp-content\/uploads\/2024\/03\/SACBRI.webp","contentUrl":"https:\/\/www.csj-emballages.com\/wp-content\/uploads\/2024\/03\/SACBRI.webp","width":800,"height":800,"caption":"Sac brioche"},{"@type":"BreadcrumbList","@id":"https:\/\/www.csj-emballages.com\/de\/produit\/1000-briochentueten-braun-25-7-x-35-cm\/#breadcrumb","itemListElement":[{"@type":"ListItem","position":1,"name":"Accueil","item":"https:\/\/www.csj-emballages.com\/de\/universum-lebensmittelverpackungen\/"},{"@type":"ListItem","position":2,"name":"Shop","item":"https:\/\/www.csj-emballages.com\/shop\/"},{"@type":"ListItem","position":3,"name":"Brioche-Tasche braun 25 + 7 x 35 cm Gr\u00f6\u00dfe 107 pro 1000"}]},{"@type":"WebSite","@id":"https:\/\/www.csj-emballages.com\/de\/#website","url":"https:\/\/www.csj-emballages.com\/de\/","name":"CSJ Emballages","description":"","publisher":{"@id":"https:\/\/www.csj-emballages.com\/de\/#organization"},"potentialAction":[{"@type":"SearchAction","target":{"@type":"EntryPoint","urlTemplate":"https:\/\/www.csj-emballages.com\/de\/?s={search_term_string}"},"query-input":{"@type":"PropertyValueSpecification","valueRequired":true,"valueName":"search_term_string"}}],"inLanguage":"de"},{"@type":"Organization","@id":"https:\/\/www.csj-emballages.com\/de\/#Organization\/","name":"CSJ Emballages","url":"https:\/\/www.csj-emballages.com\/de\/","logo":{"@type":"ImageObject","inLanguage":"de","@id":"https:\/\/www.csj-emballages.com\/de\/#\/schema\/logo\/image\/","url":"https:\/\/www.csj-emballages.com\/wp-content\/uploads\/2023\/10\/logo_csj.webp","contentUrl":"https:\/\/www.csj-emballages.com\/wp-content\/uploads\/2023\/10\/logo_csj.webp","width":250,"height":95,"caption":"CSJ Emballages"},"image":{"@id":"https:\/\/www.csj-emballages.com\/de\/#\/schema\/logo\/image\/"},"sameAs":["https:\/\/www.facebook.com\/csjemballages"],"address":{"@type":"PostalAddress","streetAddress":"ZI La Lechere","addressLocality":"Patornay","postalCode":"39130","addressCountry":"FR"},"contactPoint":[{"@type":"ContactPoint","contactType":"Service client","telephone":"0384254272","email":"contact@csj-emballages.com"}]}]}},"df_price":29.32,"df_sale_price":"","df_regular_price":29.32,"df_image_link":"https:\/\/www.csj-emballages.com\/wp-content\/uploads\/2024\/03\/SACBRI-300x300.webp","tiered_pricing_type":"fixed","tiered_pricing_fixed_rules":[],"tiered_pricing_percentage_rules":[],"tiered_pricing_minimum":1,"tiered_pricing_roles_data":[],"_links":{"self":[{"href":"https:\/\/www.csj-emballages.com\/de\/wp-json\/wp\/v2\/product\/23119","targetHints":{"allow":["GET"]}}],"collection":[{"href":"https:\/\/www.csj-emballages.com\/de\/wp-json\/wp\/v2\/product"}],"about":[{"href":"https:\/\/www.csj-emballages.com\/de\/wp-json\/wp\/v2\/types\/product"}],"wp:featuredmedia":[{"embeddable":true,"href":"https:\/\/www.csj-emballages.com\/de\/wp-json\/wp\/v2\/media\/245452"}],"wp:attachment":[{"href":"https:\/\/www.csj-emballages.com\/de\/wp-json\/wp\/v2\/media?parent=23119"}],"wp:term":[{"taxonomy":"product_brand","embeddable":true,"href":"https:\/\/www.csj-emballages.com\/de\/wp-json\/wp\/v2\/product_brand?post=23119"},{"taxonomy":"product_cat","embeddable":true,"href":"https:\/\/www.csj-emballages.com\/de\/wp-json\/wp\/v2\/product_cat?post=23119"},{"taxonomy":"product_tag","embeddable":true,"href":"https:\/\/www.csj-emballages.com\/de\/wp-json\/wp\/v2\/product_tag?post=23119"}],"curies":[{"name":"wp","href":"https:\/\/api.w.org\/{rel}","templated":true}]}}