{"id":23112,"date":"2024-03-01T16:50:09","date_gmt":"2024-03-01T15:50:09","guid":{"rendered":"https:\/\/u15jnbdpoq.preview.infomaniak.website\/produit\/1000-beutel-obst-in-kraft-ws-3-kg-20-9-x-36-cm\/"},"modified":"2026-04-16T02:15:32","modified_gmt":"2026-04-16T00:15:32","slug":"1000-beutel-obst-in-kraft-ws-3-kg-20-9-x-36-cm","status":"publish","type":"product","link":"https:\/\/www.csj-emballages.com\/de\/produit\/1000-beutel-obst-in-kraft-ws-3-kg-20-9-x-36-cm\/","title":{"rendered":"Krafts\u00e4ckchen Obst WS 3 kg 20 + 9 x 36 cm pro 1000"},"content":{"rendered":"<h2 class=\"ai-optimize-26\">Obsttasche<\/h2>\n<hr>\n<h3 class=\"ai-optimize-27\">Beschreibung von unserem Obstsack aus Kraft WS 3 kg 20 + 9 x 36 cm pro 1000<\/h3>\n<p><!--more--><\/p>\n<div class=\"flex flex-grow flex-col max-w-full\">\n<div class=\"min-h-[20px] text-message flex flex-col items-start whitespace-pre-wrap break-words [.text-message+&amp;]:mt-5 juice:w-full juice:items-end overflow-x-auto gap-2\" dir=\"auto\" data-message-author-role=\"assistant\" data-message-id=\"3a536f7e-879d-4f2d-9ebb-28d2279e1068\">\n<div class=\"flex w-full flex-col gap-1 juice:empty:hidden juice:first:pt-[3px]\">\n<div class=\"markdown prose w-full break-words dark:prose-invert light\">\n<p class=\"ai-optimize-35 ai-optimize-introduction\" data-start=\"219\" data-end=\"500\">Dieser <strong data-start=\"293\" data-end=\"321\">Obstsack aus Kraftpapier WS<\/strong> wurde entwickelt, um den Anforderungen der Lebensmittelbranche gerecht zu werden, und eignet sich ideal f\u00fcr die Verpackung und den Verkauf von losem Obst und Gem\u00fcse. Hergestellt aus hochwertigem <strong data-start=\"410\" data-end=\"437\">Kraftpapier<\/strong>, vereint sie Robustheit, Praktikabilit\u00e4t und Umweltfreundlichkeit. <\/p>\n<p class=\"ai-optimize-36\" data-start=\"502\" data-end=\"820\">Mit einem Format von <strong data-start=\"517\" data-end=\"535\">20 + 9 x 36 cm<\/strong> bietet sie ein <strong data-start=\"550\" data-end=\"570\">Fassungsverm\u00f6gen von 3 kg und<\/strong> eignet sich damit perfekt f\u00fcr M\u00e4rkte, Lebensmittelgesch\u00e4fte, Biol\u00e4den oder gro\u00dfe Superm\u00e4rkte. Seine <strong data-start=\"668\" data-end=\"696\">9 cm breite Seitenfalte<\/strong> sorgt f\u00fcr einen guten Halt der Produkte und ein einfaches Bef\u00fcllen, das dank des stabilen Kraftpapiers nicht rei\u00dfen kann. <\/p>\n<p class=\"ai-optimize-37\" data-start=\"822\" data-end=\"1110\">Ihre nat\u00fcrliche F\u00e4rbung weckt Vertrauen, wertet Ihre Produkte auf und vermittelt Ihren Kunden ein <strong data-start=\"916\" data-end=\"935\">umweltbewusstes<\/strong> Image. Diese Tasche kann auch f\u00fcr <strong data-start=\"998\" data-end=\"1014\">Privatpersonen<\/strong> geeignet sein, die eine nachhaltige Alternative zu Plastikt\u00fcten f\u00fcr ihre Eink\u00e4ufe oder ihren Gem\u00fcsegarten suchen. <\/p>\n<p class=\"ai-optimize-38\" data-start=\"1112\" data-end=\"1295\">Dieses Produkt wird in <strong data-start=\"1128\" data-end=\"1143\">Packungen zu 1000 St\u00fcck<\/strong> verpackt und eignet sich perfekt f\u00fcr gro\u00dfe Mengen. Es ist einfach zu lagern und zu verteilen und garantiert ein hervorragendes Preis-Leistungs-Verh\u00e4ltnis. <\/p>\n<p class=\"ai-optimize-39\" data-start=\"1297\" data-end=\"1477\">Die WS-Kraftstoff-Fruchttasche ist eine <strong data-start=\"1342\" data-end=\"1375\">zuverl\u00e4ssige, einfache und verantwortungsvolle<\/strong> L\u00f6sung, die darauf ausgelegt ist, den Alltag von Berufst\u00e4tigen zu erleichtern und gleichzeitig die Umweltbelastung zu verringern.<\/p>\n<\/div>\n<\/div>\n<\/div>\n<\/div>\n<h4><\/h4>\n<p><!--more--><\/p>\n<h4 class=\"ai-optimize-30\">Ihre Vorteile :<\/h4>\n<ul>\n<li class=\"ai-optimize-33\">Starkes und widerstandsf\u00e4higes Kraftpapier.<\/li>\n<li class=\"ai-optimize-45\">Fassungsverm\u00f6gen von 3 kg &#8211; ideal f\u00fcr Obst, Gem\u00fcse oder Sch\u00fcttgut.<\/li>\n<li class=\"ai-optimize-46\">Praktische Seitenfaltenb\u00e4lge zum Bef\u00fcllen.<\/li>\n<li class=\"ai-optimize-47\">Aufwertendes nat\u00fcrliches Aussehen und umweltbewusster Trend.<\/li>\n<li class=\"ai-optimize-48\"><strong>In Gro\u00dfpackungen verpackt<\/strong>: 1000 Beutel f\u00fcr den professionellen Gebrauch.<\/li>\n<\/ul>\n<p>&nbsp;<\/p>\n<p><!--more--><\/p>\n<h4 class=\"ai-optimize-40\">Weitere Informationen :<\/h4>\n<ul>\n<li class=\"ai-optimize-41\"><strong>Verpackung<\/strong>: Karton mit 1000 St\u00fcck<\/li>\n<li class=\"ai-optimize-42\"><strong>Ma\u00dfe<\/strong>: 20 + 9 x 36 cm<\/li>\n<li class=\"ai-optimize-43\"><strong>Material<\/strong>: Kraftpapier<\/li>\n<li class=\"ai-optimize-44\"><strong>Farbe<\/strong>: Kraft \/ Dekore<\/li>\n<\/ul>\n<p>&nbsp;<\/p>\n<p><!--more--><\/p>\n<p class=\"ai-optimize-34\"><a href=\"https:\/\/u15jnbdpoq.preview.infomaniak.website\/categorie-produit\/emballages\/boucherie-traiteur-primeur\/sacs-et-sachets\/sachets-fruits-legumes\/\">Sehen Sie sich den Rest unseres Sortiments an Obsttaschen an.<\/a><\/p>\n","protected":false},"excerpt":{"rendered":"<p>Obsttasche Beschreibung von unserem Obstsack aus Kraft WS 3 kg 20 + 9 x 36 cm pro 1000<\/p>\n","protected":false},"featured_media":209330,"template":"","meta":{"_acf_changed":false},"product_brand":[],"product_cat":[1170,3314],"product_tag":[],"class_list":{"0":"post-23112","1":"product","2":"type-product","3":"status-publish","4":"has-post-thumbnail","6":"product_cat-metzgerei-und-feinkostgeschaft","7":"product_cat-beutel-mit-obst-gemuse","9":"first","10":"instock","11":"taxable","12":"shipping-taxable","13":"purchasable","14":"product-type-simple"},"acf":[],"yoast_head":"<!-- This site is optimized with the Yoast SEO Premium plugin v26.6 (Yoast SEO v26.6) - https:\/\/yoast.com\/wordpress\/plugins\/seo\/ -->\n<title>Obstsack Kraft WS 3 kg 20 + 9 x 36 cm pro 1000<\/title>\n<meta name=\"description\" content=\"Kraftvolle Obsttasche 3 kg (20 + 9 x 36 cm), Packung zu 1000 St\u00fcck. Strapazierf\u00e4hig, praktisch und umweltfreundlich, ideal f\u00fcr Obst und Gem\u00fcse.\" \/>\n<meta name=\"robots\" content=\"index, follow, max-snippet:-1, max-image-preview:large, max-video-preview:-1\" \/>\n<link rel=\"canonical\" href=\"https:\/\/www.csj-emballages.com\/de\/produit\/1000-beutel-obst-in-kraft-ws-3-kg-20-9-x-36-cm\/\" \/>\n<meta property=\"og:locale\" content=\"de_DE\" \/>\n<meta property=\"og:type\" content=\"article\" \/>\n<meta property=\"og:title\" content=\"Krafts\u00e4ckchen Obst WS 3 kg 20 + 9 x 36 cm pro 1000\" \/>\n<meta property=\"og:description\" content=\"Kraftvolle Obsttasche 3 kg (20 + 9 x 36 cm), Packung zu 1000 St\u00fcck. Strapazierf\u00e4hig, praktisch und umweltfreundlich, ideal f\u00fcr Obst und Gem\u00fcse.\" \/>\n<meta property=\"og:url\" content=\"https:\/\/www.csj-emballages.com\/de\/produit\/1000-beutel-obst-in-kraft-ws-3-kg-20-9-x-36-cm\/\" \/>\n<meta property=\"og:site_name\" content=\"CSJ Emballages\" \/>\n<meta property=\"article:publisher\" content=\"https:\/\/www.facebook.com\/csjemballages\" \/>\n<meta property=\"article:modified_time\" content=\"2026-04-16T00:15:32+00:00\" \/>\n<meta property=\"og:image\" content=\"https:\/\/www.csj-emballages.com\/wp-content\/uploads\/2024\/03\/Sac-fruit.webp\" \/>\n\t<meta property=\"og:image:width\" content=\"800\" \/>\n\t<meta property=\"og:image:height\" content=\"800\" \/>\n\t<meta property=\"og:image:type\" content=\"image\/webp\" \/>\n<meta name=\"twitter:card\" content=\"summary_large_image\" \/>\n<meta name=\"twitter:label1\" content=\"Gesch\u00e4tzte Lesezeit\" \/>\n\t<meta name=\"twitter:data1\" content=\"1\u00a0Minute\" \/>\n<script type=\"application\/ld+json\" class=\"yoast-schema-graph\">{\"@context\":\"https:\/\/schema.org\",\"@graph\":[{\"@type\":\"WebPage\",\"@id\":\"https:\/\/www.csj-emballages.com\/de\/produit\/1000-beutel-obst-in-kraft-ws-3-kg-20-9-x-36-cm\/\",\"url\":\"https:\/\/www.csj-emballages.com\/de\/produit\/1000-beutel-obst-in-kraft-ws-3-kg-20-9-x-36-cm\/\",\"name\":\"Obstsack Kraft WS 3 kg 20 + 9 x 36 cm pro 1000\",\"isPartOf\":{\"@id\":\"https:\/\/www.csj-emballages.com\/de\/#website\"},\"primaryImageOfPage\":{\"@id\":\"https:\/\/www.csj-emballages.com\/de\/produit\/1000-beutel-obst-in-kraft-ws-3-kg-20-9-x-36-cm\/#primaryimage\"},\"image\":{\"@id\":\"https:\/\/www.csj-emballages.com\/de\/produit\/1000-beutel-obst-in-kraft-ws-3-kg-20-9-x-36-cm\/#primaryimage\"},\"thumbnailUrl\":\"https:\/\/www.csj-emballages.com\/wp-content\/uploads\/2024\/03\/Sac-fruit.webp\",\"datePublished\":\"2024-03-01T15:50:09+00:00\",\"dateModified\":\"2026-04-16T00:15:32+00:00\",\"description\":\"Kraftvolle Obsttasche 3 kg (20 + 9 x 36 cm), Packung zu 1000 St\u00fcck. Strapazierf\u00e4hig, praktisch und umweltfreundlich, ideal f\u00fcr Obst und Gem\u00fcse.\",\"breadcrumb\":{\"@id\":\"https:\/\/www.csj-emballages.com\/de\/produit\/1000-beutel-obst-in-kraft-ws-3-kg-20-9-x-36-cm\/#breadcrumb\"},\"inLanguage\":\"de\",\"potentialAction\":[{\"@type\":\"ReadAction\",\"target\":[\"https:\/\/www.csj-emballages.com\/de\/produit\/1000-beutel-obst-in-kraft-ws-3-kg-20-9-x-36-cm\/\"]}]},{\"@type\":\"ImageObject\",\"inLanguage\":\"de\",\"@id\":\"https:\/\/www.csj-emballages.com\/de\/produit\/1000-beutel-obst-in-kraft-ws-3-kg-20-9-x-36-cm\/#primaryimage\",\"url\":\"https:\/\/www.csj-emballages.com\/wp-content\/uploads\/2024\/03\/Sac-fruit.webp\",\"contentUrl\":\"https:\/\/www.csj-emballages.com\/wp-content\/uploads\/2024\/03\/Sac-fruit.webp\",\"width\":800,\"height\":800,\"caption\":\"sac fruit\"},{\"@type\":\"BreadcrumbList\",\"@id\":\"https:\/\/www.csj-emballages.com\/de\/produit\/1000-beutel-obst-in-kraft-ws-3-kg-20-9-x-36-cm\/#breadcrumb\",\"itemListElement\":[{\"@type\":\"ListItem\",\"position\":1,\"name\":\"Accueil\",\"item\":\"https:\/\/www.csj-emballages.com\/de\/universum-lebensmittelverpackungen\/\"},{\"@type\":\"ListItem\",\"position\":2,\"name\":\"Shop\",\"item\":\"https:\/\/www.csj-emballages.com\/shop\/\"},{\"@type\":\"ListItem\",\"position\":3,\"name\":\"Krafts\u00e4ckchen Obst WS 3 kg 20 + 9 x 36 cm pro 1000\"}]},{\"@type\":\"WebSite\",\"@id\":\"https:\/\/www.csj-emballages.com\/de\/#website\",\"url\":\"https:\/\/www.csj-emballages.com\/de\/\",\"name\":\"CSJ Emballages\",\"description\":\"\",\"publisher\":{\"@id\":\"https:\/\/www.csj-emballages.com\/de\/#organization\"},\"potentialAction\":[{\"@type\":\"SearchAction\",\"target\":{\"@type\":\"EntryPoint\",\"urlTemplate\":\"https:\/\/www.csj-emballages.com\/de\/?s={search_term_string}\"},\"query-input\":{\"@type\":\"PropertyValueSpecification\",\"valueRequired\":true,\"valueName\":\"search_term_string\"}}],\"inLanguage\":\"de\"},{\"@type\":\"Organization\",\"@id\":\"https:\/\/www.csj-emballages.com\/de\/#Organization\/\",\"name\":\"CSJ Emballages\",\"url\":\"https:\/\/www.csj-emballages.com\/de\/\",\"logo\":{\"@type\":\"ImageObject\",\"inLanguage\":\"de\",\"@id\":\"https:\/\/www.csj-emballages.com\/de\/#\/schema\/logo\/image\/\",\"url\":\"https:\/\/www.csj-emballages.com\/wp-content\/uploads\/2023\/10\/logo_csj.webp\",\"contentUrl\":\"https:\/\/www.csj-emballages.com\/wp-content\/uploads\/2023\/10\/logo_csj.webp\",\"width\":250,\"height\":95,\"caption\":\"CSJ Emballages\"},\"image\":{\"@id\":\"https:\/\/www.csj-emballages.com\/de\/#\/schema\/logo\/image\/\"},\"sameAs\":[\"https:\/\/www.facebook.com\/csjemballages\"],\"address\":{\"@type\":\"PostalAddress\",\"streetAddress\":\"ZI La Lechere\",\"addressLocality\":\"Patornay\",\"postalCode\":\"39130\",\"addressCountry\":\"FR\"},\"contactPoint\":[{\"@type\":\"ContactPoint\",\"contactType\":\"Service client\",\"telephone\":\"0384254272\",\"email\":\"contact@csj-emballages.com\"}]}]}<\/script>\n<!-- \/ Yoast SEO Premium plugin. -->","yoast_head_json":{"title":"Obstsack Kraft WS 3 kg 20 + 9 x 36 cm pro 1000","description":"Kraftvolle Obsttasche 3 kg (20 + 9 x 36 cm), Packung zu 1000 St\u00fcck. Strapazierf\u00e4hig, praktisch und umweltfreundlich, ideal f\u00fcr Obst und Gem\u00fcse.","robots":{"index":"index","follow":"follow","max-snippet":"max-snippet:-1","max-image-preview":"max-image-preview:large","max-video-preview":"max-video-preview:-1"},"canonical":"https:\/\/www.csj-emballages.com\/de\/produit\/1000-beutel-obst-in-kraft-ws-3-kg-20-9-x-36-cm\/","og_locale":"de_DE","og_type":"article","og_title":"Krafts\u00e4ckchen Obst WS 3 kg 20 + 9 x 36 cm pro 1000","og_description":"Kraftvolle Obsttasche 3 kg (20 + 9 x 36 cm), Packung zu 1000 St\u00fcck. Strapazierf\u00e4hig, praktisch und umweltfreundlich, ideal f\u00fcr Obst und Gem\u00fcse.","og_url":"https:\/\/www.csj-emballages.com\/de\/produit\/1000-beutel-obst-in-kraft-ws-3-kg-20-9-x-36-cm\/","og_site_name":"CSJ Emballages","article_publisher":"https:\/\/www.facebook.com\/csjemballages","article_modified_time":"2026-04-16T00:15:32+00:00","og_image":[{"width":800,"height":800,"url":"https:\/\/www.csj-emballages.com\/wp-content\/uploads\/2024\/03\/Sac-fruit.webp","type":"image\/webp"}],"twitter_card":"summary_large_image","twitter_misc":{"Gesch\u00e4tzte Lesezeit":"1\u00a0Minute"},"schema":{"@context":"https:\/\/schema.org","@graph":[{"@type":"WebPage","@id":"https:\/\/www.csj-emballages.com\/de\/produit\/1000-beutel-obst-in-kraft-ws-3-kg-20-9-x-36-cm\/","url":"https:\/\/www.csj-emballages.com\/de\/produit\/1000-beutel-obst-in-kraft-ws-3-kg-20-9-x-36-cm\/","name":"Obstsack Kraft WS 3 kg 20 + 9 x 36 cm pro 1000","isPartOf":{"@id":"https:\/\/www.csj-emballages.com\/de\/#website"},"primaryImageOfPage":{"@id":"https:\/\/www.csj-emballages.com\/de\/produit\/1000-beutel-obst-in-kraft-ws-3-kg-20-9-x-36-cm\/#primaryimage"},"image":{"@id":"https:\/\/www.csj-emballages.com\/de\/produit\/1000-beutel-obst-in-kraft-ws-3-kg-20-9-x-36-cm\/#primaryimage"},"thumbnailUrl":"https:\/\/www.csj-emballages.com\/wp-content\/uploads\/2024\/03\/Sac-fruit.webp","datePublished":"2024-03-01T15:50:09+00:00","dateModified":"2026-04-16T00:15:32+00:00","description":"Kraftvolle Obsttasche 3 kg (20 + 9 x 36 cm), Packung zu 1000 St\u00fcck. Strapazierf\u00e4hig, praktisch und umweltfreundlich, ideal f\u00fcr Obst und Gem\u00fcse.","breadcrumb":{"@id":"https:\/\/www.csj-emballages.com\/de\/produit\/1000-beutel-obst-in-kraft-ws-3-kg-20-9-x-36-cm\/#breadcrumb"},"inLanguage":"de","potentialAction":[{"@type":"ReadAction","target":["https:\/\/www.csj-emballages.com\/de\/produit\/1000-beutel-obst-in-kraft-ws-3-kg-20-9-x-36-cm\/"]}]},{"@type":"ImageObject","inLanguage":"de","@id":"https:\/\/www.csj-emballages.com\/de\/produit\/1000-beutel-obst-in-kraft-ws-3-kg-20-9-x-36-cm\/#primaryimage","url":"https:\/\/www.csj-emballages.com\/wp-content\/uploads\/2024\/03\/Sac-fruit.webp","contentUrl":"https:\/\/www.csj-emballages.com\/wp-content\/uploads\/2024\/03\/Sac-fruit.webp","width":800,"height":800,"caption":"sac fruit"},{"@type":"BreadcrumbList","@id":"https:\/\/www.csj-emballages.com\/de\/produit\/1000-beutel-obst-in-kraft-ws-3-kg-20-9-x-36-cm\/#breadcrumb","itemListElement":[{"@type":"ListItem","position":1,"name":"Accueil","item":"https:\/\/www.csj-emballages.com\/de\/universum-lebensmittelverpackungen\/"},{"@type":"ListItem","position":2,"name":"Shop","item":"https:\/\/www.csj-emballages.com\/shop\/"},{"@type":"ListItem","position":3,"name":"Krafts\u00e4ckchen Obst WS 3 kg 20 + 9 x 36 cm pro 1000"}]},{"@type":"WebSite","@id":"https:\/\/www.csj-emballages.com\/de\/#website","url":"https:\/\/www.csj-emballages.com\/de\/","name":"CSJ Emballages","description":"","publisher":{"@id":"https:\/\/www.csj-emballages.com\/de\/#organization"},"potentialAction":[{"@type":"SearchAction","target":{"@type":"EntryPoint","urlTemplate":"https:\/\/www.csj-emballages.com\/de\/?s={search_term_string}"},"query-input":{"@type":"PropertyValueSpecification","valueRequired":true,"valueName":"search_term_string"}}],"inLanguage":"de"},{"@type":"Organization","@id":"https:\/\/www.csj-emballages.com\/de\/#Organization\/","name":"CSJ Emballages","url":"https:\/\/www.csj-emballages.com\/de\/","logo":{"@type":"ImageObject","inLanguage":"de","@id":"https:\/\/www.csj-emballages.com\/de\/#\/schema\/logo\/image\/","url":"https:\/\/www.csj-emballages.com\/wp-content\/uploads\/2023\/10\/logo_csj.webp","contentUrl":"https:\/\/www.csj-emballages.com\/wp-content\/uploads\/2023\/10\/logo_csj.webp","width":250,"height":95,"caption":"CSJ Emballages"},"image":{"@id":"https:\/\/www.csj-emballages.com\/de\/#\/schema\/logo\/image\/"},"sameAs":["https:\/\/www.facebook.com\/csjemballages"],"address":{"@type":"PostalAddress","streetAddress":"ZI La Lechere","addressLocality":"Patornay","postalCode":"39130","addressCountry":"FR"},"contactPoint":[{"@type":"ContactPoint","contactType":"Service client","telephone":"0384254272","email":"contact@csj-emballages.com"}]}]}},"df_price":29.9,"df_sale_price":"","df_regular_price":29.9,"df_image_link":"https:\/\/www.csj-emballages.com\/wp-content\/uploads\/2024\/03\/Sac-fruit-300x300.webp","tiered_pricing_type":"fixed","tiered_pricing_fixed_rules":[],"tiered_pricing_percentage_rules":[],"tiered_pricing_minimum":1,"tiered_pricing_roles_data":[],"_links":{"self":[{"href":"https:\/\/www.csj-emballages.com\/de\/wp-json\/wp\/v2\/product\/23112","targetHints":{"allow":["GET"]}}],"collection":[{"href":"https:\/\/www.csj-emballages.com\/de\/wp-json\/wp\/v2\/product"}],"about":[{"href":"https:\/\/www.csj-emballages.com\/de\/wp-json\/wp\/v2\/types\/product"}],"wp:featuredmedia":[{"embeddable":true,"href":"https:\/\/www.csj-emballages.com\/de\/wp-json\/wp\/v2\/media\/209330"}],"wp:attachment":[{"href":"https:\/\/www.csj-emballages.com\/de\/wp-json\/wp\/v2\/media?parent=23112"}],"wp:term":[{"taxonomy":"product_brand","embeddable":true,"href":"https:\/\/www.csj-emballages.com\/de\/wp-json\/wp\/v2\/product_brand?post=23112"},{"taxonomy":"product_cat","embeddable":true,"href":"https:\/\/www.csj-emballages.com\/de\/wp-json\/wp\/v2\/product_cat?post=23112"},{"taxonomy":"product_tag","embeddable":true,"href":"https:\/\/www.csj-emballages.com\/de\/wp-json\/wp\/v2\/product_tag?post=23112"}],"curies":[{"name":"wp","href":"https:\/\/api.w.org\/{rel}","templated":true}]}}