{"id":23101,"date":"2024-03-01T16:50:11","date_gmt":"2024-03-01T15:50:11","guid":{"rendered":"https:\/\/u15jnbdpoq.preview.infomaniak.website\/produit\/500-traegertaschen-metzgerei-26-12-x-45-cm-50-%c2%b5-aus-kunststoff\/"},"modified":"2026-04-16T12:01:13","modified_gmt":"2026-04-16T10:01:13","slug":"500-traegertaschen-metzgerei-26-12-x-45-cm-50-%c2%b5-aus-kunststoff","status":"publish","type":"product","link":"https:\/\/www.csj-emballages.com\/de\/produit\/500-traegertaschen-metzgerei-26-12-x-45-cm-50-%c2%b5-aus-kunststoff\/","title":{"rendered":"LDPE-Schultertasche &#8222;Metzgerei&#8220; 26 + 12 x 45 cm 50 \u00b5 pro 500"},"content":{"rendered":"<h2>Umh\u00e4ngetasche<\/h2>\n<hr>\n<h3>Beschreibung von LDPE-Tragetasche &#8222;Metzgerei&#8220; 26 + 12 x 45 cm 50 \u00b5 pro 500 St\u00fcck<\/h3>\n<p><!--more--><\/p>\n<div style=\"box-sizing: inherit; font-family: Roboto, sans-serif;\">\n<p data-start=\"276\" data-end=\"708\">Diese spezielle <strong>Metzgerei-Tragetasche<\/strong> wurde entwickelt, um den Alltag von Fachleuten zu erleichtern, die frische und anspruchsvolle Produkte handhaben. Mit ihrem klaren Motiv eines Ochsenkopfes und dem Hinweis <strong data-start=\"487\" data-end=\"510\">\u201eViandes de France\u201c<\/strong> schafft sie sofort Vertrauen und unterstreicht das handwerkliche K\u00f6nnen. Schon beim Anfassen vermittelt sie ein seri\u00f6ses, sauberes und professionelles Bild, sowohl an der Theke als auch beim Kunden.  <\/p>\n<p data-start=\"710\" data-end=\"1139\">Dank ihrer <strong>Ma\u00dfe<\/strong> von <strong data-start=\"733\" data-end=\"752\">26 + 12 x 45 cm<\/strong> bietet sie ein komfortables Volumen f\u00fcr den m\u00fchelosen Transport von Fleisch, Schalen oder Zubereitungen. Die <strong>Seitenfalten<\/strong> sind ein echter Vorteil, da sie es der Tasche erm\u00f6glichen, sich leicht an den Inhalt anzupassen, selbst bei sperrigen St\u00fccken. Ebenso sorgen die stabilen <strong>Henkel<\/strong> f\u00fcr einen angenehmen und sicheren Halt, was unangenehme \u00dcberraschungen beim Transport vermeidet.  <\/p>\n<p data-start=\"1141\" data-end=\"1495\">Hergestellt aus <strong data-start=\"1153\" data-end=\"1175\">50 Mikron LDPE<\/strong>, ist diese <strong>Tasche<\/strong> perfekt resistent gegen Feuchtigkeit, Gewicht und wiederholte Handhabung. Sie rei\u00dft nicht beim kleinsten Zug und sch\u00fctzt die Produkte effektiv bis zum Ziel. Sie ist ein echter Verb\u00fcndeter f\u00fcr Metzgereien, Wurstwarengesch\u00e4fte, Caterer oder traditionelle Abteilungen, die eine zuverl\u00e4ssige L\u00f6sung f\u00fcr den Alltag suchen.  <\/p>\n<p data-start=\"1497\" data-end=\"1739\">Verkauft <strong data-start=\"1503\" data-end=\"1521\">im 500er-Pack<\/strong>, erm\u00f6glicht sie eine entspannte Lagerverwaltung und gew\u00e4hrleistet einen kontinuierlichen Service, auch in Sto\u00dfzeiten. Zusammenfassend kombiniert diese <strong>Metzgerei-Tragetasche<\/strong> Praktikabilit\u00e4t, Widerstandsf\u00e4higkeit und ein Qualit\u00e4tsimage, w\u00e4hrend sie einfach zu handhaben bleibt. <\/p>\n<\/div>\n<p data-start=\"1497\" data-end=\"1739\">\n<p data-start=\"1497\" data-end=\"1739\"><!--more--><\/p>\n<h4 data-start=\"1497\" data-end=\"1739\">Vorteile :<\/h4>\n<ul>\n<li data-start=\"1767\" data-end=\"1822\">Beruhigendes und professionelles Motiv \u201e<strong>Viandes de France<\/strong>\u201c.<\/li>\n<li data-start=\"1825\" data-end=\"1866\">Praktisches Format mit Seitenfalten.<\/li>\n<li data-start=\"1869\" data-end=\"1904\">Stabile und bequeme <strong>Henkel<\/strong>.<\/li>\n<li data-start=\"1907\" data-end=\"1940\">Widerstandsf\u00e4higes Material aus <strong>LDPE 50 \u00b5<\/strong>.<\/li>\n<li data-start=\"1943\" data-end=\"1993\">Ideal f\u00fcr Metzgereien, Wurstwarengesch\u00e4fte und Caterer.<\/li>\n<li data-start=\"1996\" data-end=\"2024\">Sparpack mit <strong>500 T\u00fcten<\/strong>.<\/li>\n<\/ul>\n<p>&nbsp;<\/p>\n<p><!--more--><\/p>\n<div style=\"box-sizing: inherit; font-family: Roboto, sans-serif;\">\n<div style=\"box-sizing: inherit; font-family: Roboto, sans-serif;\">\n<div style=\"box-sizing: inherit; font-family: Roboto, sans-serif;\">\n<div style=\"box-sizing: inherit; font-family: Roboto, sans-serif;\">\n<h4>Weitere Informationen :<\/h4>\n<ul>\n<li><strong>Gr\u00f6\u00dfe: <\/strong>260 + 120 x 450 mm<\/li>\n<li><strong>Material: <\/strong>LDPE<\/li>\n<li><strong>Widerstand<\/strong>: 50 Mikron<\/li>\n<li><strong>Verpackung: <\/strong>Karton mit 500 St\u00fcck<\/li>\n<li><strong>Farbe: <\/strong>Wei\u00df mit Drucken<\/li>\n<\/ul>\n<\/div>\n<p>&nbsp;<\/p>\n<\/div>\n<\/div>\n<\/div>\n<p><!--more--><\/p>\n<p>Dieses Produkt ist in verschiedenen Versionen erh\u00e4ltlich, die f\u00fcr verschiedene Berufe geeignet sind: <span style=\"color: #d12727;\"><a style=\"color: #d12727;\" href=\"https:\/\/www.csj-emballages.com\/pt-pt\/produit\/500-fromage-de-pays-26-12-x-45-cm-50-%c2%b5-sacos-de-pebd\/\">K\u00e4serei<\/a><\/span> \/ <span style=\"color: #d12727;\"><a style=\"color: #d12727;\" href=\"https:\/\/www.csj-emballages.com\/produit\/500-sacs-bretelles-poissonnerie-26-12-x-45-cm-50-%c2%b5-en-plastique\/\">Fischgesch\u00e4ft<\/a><\/span> \/ <span style=\"color: #d12727;\"><a style=\"color: #d12727;\" href=\"https:\/\/www.csj-emballages.com\/produit\/500-sacs-bretelles-primeurs-26-12-x-45-cm-50-%c2%b5-en-pebd\/\">Primeur<\/a><\/span><\/p>\n<p>&nbsp;<\/p>\n<p><!--more--><\/p>\n<p><a href=\"https:\/\/www.csj-emballages.com\/de\/categorie-produit\/lebensmittelverpackungen\/restauration-de\/sacke-und-papier\/schultertaschen-krafts-de\/plastiksacke\/\">Sehen Sie sich den Rest unseres Sortiments an Plastikt\u00fcten an.<\/a><\/p>\n","protected":false},"excerpt":{"rendered":"<p>Umh\u00e4ngetasche Beschreibung von LDPE-Tragetasche &#8222;Metzgerei&#8220; 26 + 12 x 45 cm 50 \u00b5 pro 500 St\u00fcck<\/p>\n","protected":false},"featured_media":207342,"template":"","meta":{"_acf_changed":false},"product_brand":[],"product_cat":[1137,1134,3976,2800,9207,1487,1882,3280],"product_tag":[],"class_list":{"0":"post-23101","1":"product","2":"type-product","3":"status-publish","4":"has-post-thumbnail","6":"product_cat-lebensmittelverpackungen","7":"product_cat-restauration-de","8":"product_cat-sacke-und-papier","9":"product_cat-schultertaschen-krafts-de","10":"product_cat-plastiksacke","11":"product_cat-boutique-und-geschaft","12":"product_cat-schultertaschen-krafts","13":"product_cat-schultertaschen","15":"first","16":"instock","17":"taxable","18":"shipping-taxable","19":"purchasable","20":"product-type-simple"},"acf":[],"yoast_head":"<!-- This site is optimized with the Yoast SEO Premium plugin v26.6 (Yoast SEO v26.6) - https:\/\/yoast.com\/wordpress\/plugins\/seo\/ -->\n<title>LDPE-Schultertasche &quot;Metzgerei&quot; 50\u00b5 - 26 + 12 x 45 cm<\/title>\n<meta name=\"description\" content=\"Tragetasche \u201eMetzgerei\u201c 26 + 12 x 45 cm, 50 \u00b5 aus LDPE, robust und praktisch zum Verpacken Ihrer Fleischereiprodukte. 500 St\u00fcck.\" \/>\n<meta name=\"robots\" content=\"index, follow, max-snippet:-1, max-image-preview:large, max-video-preview:-1\" \/>\n<link rel=\"canonical\" href=\"https:\/\/www.csj-emballages.com\/de\/produit\/500-traegertaschen-metzgerei-26-12-x-45-cm-50-%c2%b5-aus-kunststoff\/\" \/>\n<meta property=\"og:locale\" content=\"de_DE\" \/>\n<meta property=\"og:type\" content=\"article\" \/>\n<meta property=\"og:title\" content=\"LDPE-Schultertasche &quot;Metzgerei&quot; 26 + 12 x 45 cm 50 \u00b5 pro 500\" \/>\n<meta property=\"og:description\" content=\"Tragetasche \u201eMetzgerei\u201c 26 + 12 x 45 cm, 50 \u00b5 aus LDPE, robust und praktisch zum Verpacken Ihrer Fleischereiprodukte. 500 St\u00fcck.\" \/>\n<meta property=\"og:url\" content=\"https:\/\/www.csj-emballages.com\/de\/produit\/500-traegertaschen-metzgerei-26-12-x-45-cm-50-%c2%b5-aus-kunststoff\/\" \/>\n<meta property=\"og:site_name\" content=\"CSJ Emballages\" \/>\n<meta property=\"article:publisher\" content=\"https:\/\/www.facebook.com\/csjemballages\" \/>\n<meta property=\"article:modified_time\" content=\"2026-04-16T10:01:13+00:00\" \/>\n<meta property=\"og:image\" content=\"https:\/\/www.csj-emballages.com\/wp-content\/uploads\/2024\/03\/SAC2645BOUCHERIE.webp\" \/>\n\t<meta property=\"og:image:width\" content=\"800\" \/>\n\t<meta property=\"og:image:height\" content=\"800\" \/>\n\t<meta property=\"og:image:type\" content=\"image\/webp\" \/>\n<meta name=\"twitter:card\" content=\"summary_large_image\" \/>\n<meta name=\"twitter:label1\" content=\"Gesch\u00e4tzte Lesezeit\" \/>\n\t<meta name=\"twitter:data1\" content=\"2 Minuten\" \/>\n<script type=\"application\/ld+json\" class=\"yoast-schema-graph\">{\"@context\":\"https:\/\/schema.org\",\"@graph\":[{\"@type\":\"WebPage\",\"@id\":\"https:\/\/www.csj-emballages.com\/de\/produit\/500-traegertaschen-metzgerei-26-12-x-45-cm-50-%c2%b5-aus-kunststoff\/\",\"url\":\"https:\/\/www.csj-emballages.com\/de\/produit\/500-traegertaschen-metzgerei-26-12-x-45-cm-50-%c2%b5-aus-kunststoff\/\",\"name\":\"LDPE-Schultertasche \\\"Metzgerei\\\" 50\u00b5 - 26 + 12 x 45 cm\",\"isPartOf\":{\"@id\":\"https:\/\/www.csj-emballages.com\/de\/#website\"},\"primaryImageOfPage\":{\"@id\":\"https:\/\/www.csj-emballages.com\/de\/produit\/500-traegertaschen-metzgerei-26-12-x-45-cm-50-%c2%b5-aus-kunststoff\/#primaryimage\"},\"image\":{\"@id\":\"https:\/\/www.csj-emballages.com\/de\/produit\/500-traegertaschen-metzgerei-26-12-x-45-cm-50-%c2%b5-aus-kunststoff\/#primaryimage\"},\"thumbnailUrl\":\"https:\/\/www.csj-emballages.com\/wp-content\/uploads\/2024\/03\/SAC2645BOUCHERIE.webp\",\"datePublished\":\"2024-03-01T15:50:11+00:00\",\"dateModified\":\"2026-04-16T10:01:13+00:00\",\"description\":\"Tragetasche \u201eMetzgerei\u201c 26 + 12 x 45 cm, 50 \u00b5 aus LDPE, robust und praktisch zum Verpacken Ihrer Fleischereiprodukte. 500 St\u00fcck.\",\"breadcrumb\":{\"@id\":\"https:\/\/www.csj-emballages.com\/de\/produit\/500-traegertaschen-metzgerei-26-12-x-45-cm-50-%c2%b5-aus-kunststoff\/#breadcrumb\"},\"inLanguage\":\"de\",\"potentialAction\":[{\"@type\":\"ReadAction\",\"target\":[\"https:\/\/www.csj-emballages.com\/de\/produit\/500-traegertaschen-metzgerei-26-12-x-45-cm-50-%c2%b5-aus-kunststoff\/\"]}]},{\"@type\":\"ImageObject\",\"inLanguage\":\"de\",\"@id\":\"https:\/\/www.csj-emballages.com\/de\/produit\/500-traegertaschen-metzgerei-26-12-x-45-cm-50-%c2%b5-aus-kunststoff\/#primaryimage\",\"url\":\"https:\/\/www.csj-emballages.com\/wp-content\/uploads\/2024\/03\/SAC2645BOUCHERIE.webp\",\"contentUrl\":\"https:\/\/www.csj-emballages.com\/wp-content\/uploads\/2024\/03\/SAC2645BOUCHERIE.webp\",\"width\":800,\"height\":800,\"caption\":\"sac bretelle\"},{\"@type\":\"BreadcrumbList\",\"@id\":\"https:\/\/www.csj-emballages.com\/de\/produit\/500-traegertaschen-metzgerei-26-12-x-45-cm-50-%c2%b5-aus-kunststoff\/#breadcrumb\",\"itemListElement\":[{\"@type\":\"ListItem\",\"position\":1,\"name\":\"Accueil\",\"item\":\"https:\/\/www.csj-emballages.com\/de\/universum-lebensmittelverpackungen\/\"},{\"@type\":\"ListItem\",\"position\":2,\"name\":\"Shop\",\"item\":\"https:\/\/www.csj-emballages.com\/shop\/\"},{\"@type\":\"ListItem\",\"position\":3,\"name\":\"LDPE-Schultertasche \u00ab\u00a0Metzgerei\u00a0\u00bb 26 + 12 x 45 cm 50 \u00b5 pro 500\"}]},{\"@type\":\"WebSite\",\"@id\":\"https:\/\/www.csj-emballages.com\/de\/#website\",\"url\":\"https:\/\/www.csj-emballages.com\/de\/\",\"name\":\"CSJ Emballages\",\"description\":\"\",\"publisher\":{\"@id\":\"https:\/\/www.csj-emballages.com\/de\/#organization\"},\"potentialAction\":[{\"@type\":\"SearchAction\",\"target\":{\"@type\":\"EntryPoint\",\"urlTemplate\":\"https:\/\/www.csj-emballages.com\/de\/?s={search_term_string}\"},\"query-input\":{\"@type\":\"PropertyValueSpecification\",\"valueRequired\":true,\"valueName\":\"search_term_string\"}}],\"inLanguage\":\"de\"},{\"@type\":\"Organization\",\"@id\":\"https:\/\/www.csj-emballages.com\/de\/#Organization\/\",\"name\":\"CSJ Emballages\",\"url\":\"https:\/\/www.csj-emballages.com\/de\/\",\"logo\":{\"@type\":\"ImageObject\",\"inLanguage\":\"de\",\"@id\":\"https:\/\/www.csj-emballages.com\/de\/#\/schema\/logo\/image\/\",\"url\":\"https:\/\/www.csj-emballages.com\/wp-content\/uploads\/2023\/10\/logo_csj.webp\",\"contentUrl\":\"https:\/\/www.csj-emballages.com\/wp-content\/uploads\/2023\/10\/logo_csj.webp\",\"width\":250,\"height\":95,\"caption\":\"CSJ Emballages\"},\"image\":{\"@id\":\"https:\/\/www.csj-emballages.com\/de\/#\/schema\/logo\/image\/\"},\"sameAs\":[\"https:\/\/www.facebook.com\/csjemballages\"],\"address\":{\"@type\":\"PostalAddress\",\"streetAddress\":\"ZI La Lechere\",\"addressLocality\":\"Patornay\",\"postalCode\":\"39130\",\"addressCountry\":\"FR\"},\"contactPoint\":[{\"@type\":\"ContactPoint\",\"contactType\":\"Service client\",\"telephone\":\"0384254272\",\"email\":\"contact@csj-emballages.com\"}]}]}<\/script>\n<!-- \/ Yoast SEO Premium plugin. -->","yoast_head_json":{"title":"LDPE-Schultertasche \"Metzgerei\" 50\u00b5 - 26 + 12 x 45 cm","description":"Tragetasche \u201eMetzgerei\u201c 26 + 12 x 45 cm, 50 \u00b5 aus LDPE, robust und praktisch zum Verpacken Ihrer Fleischereiprodukte. 500 St\u00fcck.","robots":{"index":"index","follow":"follow","max-snippet":"max-snippet:-1","max-image-preview":"max-image-preview:large","max-video-preview":"max-video-preview:-1"},"canonical":"https:\/\/www.csj-emballages.com\/de\/produit\/500-traegertaschen-metzgerei-26-12-x-45-cm-50-%c2%b5-aus-kunststoff\/","og_locale":"de_DE","og_type":"article","og_title":"LDPE-Schultertasche \"Metzgerei\" 26 + 12 x 45 cm 50 \u00b5 pro 500","og_description":"Tragetasche \u201eMetzgerei\u201c 26 + 12 x 45 cm, 50 \u00b5 aus LDPE, robust und praktisch zum Verpacken Ihrer Fleischereiprodukte. 500 St\u00fcck.","og_url":"https:\/\/www.csj-emballages.com\/de\/produit\/500-traegertaschen-metzgerei-26-12-x-45-cm-50-%c2%b5-aus-kunststoff\/","og_site_name":"CSJ Emballages","article_publisher":"https:\/\/www.facebook.com\/csjemballages","article_modified_time":"2026-04-16T10:01:13+00:00","og_image":[{"width":800,"height":800,"url":"https:\/\/www.csj-emballages.com\/wp-content\/uploads\/2024\/03\/SAC2645BOUCHERIE.webp","type":"image\/webp"}],"twitter_card":"summary_large_image","twitter_misc":{"Gesch\u00e4tzte Lesezeit":"2 Minuten"},"schema":{"@context":"https:\/\/schema.org","@graph":[{"@type":"WebPage","@id":"https:\/\/www.csj-emballages.com\/de\/produit\/500-traegertaschen-metzgerei-26-12-x-45-cm-50-%c2%b5-aus-kunststoff\/","url":"https:\/\/www.csj-emballages.com\/de\/produit\/500-traegertaschen-metzgerei-26-12-x-45-cm-50-%c2%b5-aus-kunststoff\/","name":"LDPE-Schultertasche \"Metzgerei\" 50\u00b5 - 26 + 12 x 45 cm","isPartOf":{"@id":"https:\/\/www.csj-emballages.com\/de\/#website"},"primaryImageOfPage":{"@id":"https:\/\/www.csj-emballages.com\/de\/produit\/500-traegertaschen-metzgerei-26-12-x-45-cm-50-%c2%b5-aus-kunststoff\/#primaryimage"},"image":{"@id":"https:\/\/www.csj-emballages.com\/de\/produit\/500-traegertaschen-metzgerei-26-12-x-45-cm-50-%c2%b5-aus-kunststoff\/#primaryimage"},"thumbnailUrl":"https:\/\/www.csj-emballages.com\/wp-content\/uploads\/2024\/03\/SAC2645BOUCHERIE.webp","datePublished":"2024-03-01T15:50:11+00:00","dateModified":"2026-04-16T10:01:13+00:00","description":"Tragetasche \u201eMetzgerei\u201c 26 + 12 x 45 cm, 50 \u00b5 aus LDPE, robust und praktisch zum Verpacken Ihrer Fleischereiprodukte. 500 St\u00fcck.","breadcrumb":{"@id":"https:\/\/www.csj-emballages.com\/de\/produit\/500-traegertaschen-metzgerei-26-12-x-45-cm-50-%c2%b5-aus-kunststoff\/#breadcrumb"},"inLanguage":"de","potentialAction":[{"@type":"ReadAction","target":["https:\/\/www.csj-emballages.com\/de\/produit\/500-traegertaschen-metzgerei-26-12-x-45-cm-50-%c2%b5-aus-kunststoff\/"]}]},{"@type":"ImageObject","inLanguage":"de","@id":"https:\/\/www.csj-emballages.com\/de\/produit\/500-traegertaschen-metzgerei-26-12-x-45-cm-50-%c2%b5-aus-kunststoff\/#primaryimage","url":"https:\/\/www.csj-emballages.com\/wp-content\/uploads\/2024\/03\/SAC2645BOUCHERIE.webp","contentUrl":"https:\/\/www.csj-emballages.com\/wp-content\/uploads\/2024\/03\/SAC2645BOUCHERIE.webp","width":800,"height":800,"caption":"sac bretelle"},{"@type":"BreadcrumbList","@id":"https:\/\/www.csj-emballages.com\/de\/produit\/500-traegertaschen-metzgerei-26-12-x-45-cm-50-%c2%b5-aus-kunststoff\/#breadcrumb","itemListElement":[{"@type":"ListItem","position":1,"name":"Accueil","item":"https:\/\/www.csj-emballages.com\/de\/universum-lebensmittelverpackungen\/"},{"@type":"ListItem","position":2,"name":"Shop","item":"https:\/\/www.csj-emballages.com\/shop\/"},{"@type":"ListItem","position":3,"name":"LDPE-Schultertasche \u00ab\u00a0Metzgerei\u00a0\u00bb 26 + 12 x 45 cm 50 \u00b5 pro 500"}]},{"@type":"WebSite","@id":"https:\/\/www.csj-emballages.com\/de\/#website","url":"https:\/\/www.csj-emballages.com\/de\/","name":"CSJ Emballages","description":"","publisher":{"@id":"https:\/\/www.csj-emballages.com\/de\/#organization"},"potentialAction":[{"@type":"SearchAction","target":{"@type":"EntryPoint","urlTemplate":"https:\/\/www.csj-emballages.com\/de\/?s={search_term_string}"},"query-input":{"@type":"PropertyValueSpecification","valueRequired":true,"valueName":"search_term_string"}}],"inLanguage":"de"},{"@type":"Organization","@id":"https:\/\/www.csj-emballages.com\/de\/#Organization\/","name":"CSJ Emballages","url":"https:\/\/www.csj-emballages.com\/de\/","logo":{"@type":"ImageObject","inLanguage":"de","@id":"https:\/\/www.csj-emballages.com\/de\/#\/schema\/logo\/image\/","url":"https:\/\/www.csj-emballages.com\/wp-content\/uploads\/2023\/10\/logo_csj.webp","contentUrl":"https:\/\/www.csj-emballages.com\/wp-content\/uploads\/2023\/10\/logo_csj.webp","width":250,"height":95,"caption":"CSJ Emballages"},"image":{"@id":"https:\/\/www.csj-emballages.com\/de\/#\/schema\/logo\/image\/"},"sameAs":["https:\/\/www.facebook.com\/csjemballages"],"address":{"@type":"PostalAddress","streetAddress":"ZI La Lechere","addressLocality":"Patornay","postalCode":"39130","addressCountry":"FR"},"contactPoint":[{"@type":"ContactPoint","contactType":"Service client","telephone":"0384254272","email":"contact@csj-emballages.com"}]}]}},"df_price":49.99,"df_sale_price":"","df_regular_price":49.99,"df_image_link":"https:\/\/www.csj-emballages.com\/wp-content\/uploads\/2024\/03\/SAC2645BOUCHERIE-300x300.webp","tiered_pricing_type":"fixed","tiered_pricing_fixed_rules":[],"tiered_pricing_percentage_rules":[],"tiered_pricing_minimum":1,"tiered_pricing_roles_data":[],"_links":{"self":[{"href":"https:\/\/www.csj-emballages.com\/de\/wp-json\/wp\/v2\/product\/23101","targetHints":{"allow":["GET"]}}],"collection":[{"href":"https:\/\/www.csj-emballages.com\/de\/wp-json\/wp\/v2\/product"}],"about":[{"href":"https:\/\/www.csj-emballages.com\/de\/wp-json\/wp\/v2\/types\/product"}],"wp:featuredmedia":[{"embeddable":true,"href":"https:\/\/www.csj-emballages.com\/de\/wp-json\/wp\/v2\/media\/207342"}],"wp:attachment":[{"href":"https:\/\/www.csj-emballages.com\/de\/wp-json\/wp\/v2\/media?parent=23101"}],"wp:term":[{"taxonomy":"product_brand","embeddable":true,"href":"https:\/\/www.csj-emballages.com\/de\/wp-json\/wp\/v2\/product_brand?post=23101"},{"taxonomy":"product_cat","embeddable":true,"href":"https:\/\/www.csj-emballages.com\/de\/wp-json\/wp\/v2\/product_cat?post=23101"},{"taxonomy":"product_tag","embeddable":true,"href":"https:\/\/www.csj-emballages.com\/de\/wp-json\/wp\/v2\/product_tag?post=23101"}],"curies":[{"name":"wp","href":"https:\/\/api.w.org\/{rel}","templated":true}]}}