{"id":230948,"date":"2025-04-12T02:18:17","date_gmt":"2025-04-12T00:18:17","guid":{"rendered":"https:\/\/www.csj-emballages.com\/produit\/kreppbeutel-weisses-papier-13-x-14-cm-pro-1000\/"},"modified":"2026-05-05T02:19:03","modified_gmt":"2026-05-05T00:19:03","slug":"kreppbeutel-weisses-papier-13-x-14-cm-pro-1000","status":"publish","type":"product","link":"https:\/\/www.csj-emballages.com\/de\/produit\/kreppbeutel-weisses-papier-13-x-14-cm-pro-1000\/","title":{"rendered":"Beutel \u00d6ffnung 2 Seiten wei\u00dfes Papier 13 x 14 cm pro 1000"},"content":{"rendered":"<h2 class=\"p1\">Beutel \u00d6ffnung 2 Seiten<\/h2>\n<hr>\n<h3>Beschreibung von unserem Beutel \u00d6ffnung 2 Seiten wei\u00dfes Papier 13 x 14 cm pro 1000<\/h3>\n<p><!--more--><\/p>\n<p class=\"\" data-start=\"195\" data-end=\"616\">Die <strong data-start=\"225\" data-end=\"280\">13 x 14 cm gro\u00dfe, zweiseitige \u00d6ffnungst\u00fcte aus wei\u00dfem Papier<\/strong> ist ein Muss f\u00fcr Fastfood-Profis, Foodtrucks, Caterer oder auch f\u00fcr Privatpersonen bei festlichen Veranstaltungen. Die aus <strong>wei\u00dfem Papier<\/strong> hergestellte <strong>wei\u00dfe T\u00fcte<\/strong> ist f\u00fcr eine praktische und hygienische Verwendung gedacht und erm\u00f6glicht dank ihrer <strong data-start=\"586\" data-end=\"615\">beiden seitlichen \u00d6ffnungen<\/strong> eine einfache Handhabung. <\/p>\n<p class=\"\" data-start=\"618\" data-end=\"929\">Ideal zum Verpacken und Servieren von <strong data-start=\"652\" data-end=\"662\">Cr\u00eapes<\/strong>, <strong data-start=\"668\" data-end=\"679\">Burgern<\/strong> oder <strong data-start=\"695\" data-end=\"706\">Mini-Paninis<\/strong>, bietet dieser <strong>2-seitige Einweg-\u00d6ffnungsbeutel<\/strong> eine hervorragende L\u00f6sung f\u00fcr den Take-away-Service. Sein kompaktes Format eignet sich perfekt f\u00fcr <strong>Einzelportionen<\/strong> und h\u00e4lt die Lebensmittel sicher an ihrem Platz, ohne dass sie auslaufen. <\/p>\n<p class=\"\" data-start=\"931\" data-end=\"1265\">Diese <strong>Cr\u00eape-<\/strong> oder <strong>Burger-T\u00fcte<\/strong> ist auch Teil eines umweltbewussten Konzepts, da sie aus <strong>Papier<\/strong> besteht, das eine Alternative zu Plastikverpackungen darstellt. Egal, ob Sie einen Stra\u00dfenstand oder einen Sandwichladen betreiben oder eine Veranstaltung organisieren, dieses Produkt sorgt f\u00fcr schnellen Service, Sauberkeit und Zeitersparnis im Alltag. <\/p>\n<p data-start=\"931\" data-end=\"1265\"><!--more--><\/p>\n<h4 data-start=\"931\" data-end=\"1265\">Ihre Vorteile :<\/h4>\n<ul>\n<li>Doppelte \u00d6ffnung f\u00fcr eine einfache und schnelle Handhabung<\/li>\n<li>Festes wei\u00dfes Papier, perfekt f\u00fcr hei\u00dfe oder kalte Speisen.<\/li>\n<li>Ideal f\u00fcr Cr\u00eapes, Burger, Paninis und Snacks zum Mitnehmen.<\/li>\n<li>Wird in Sparpacks mit 1000 Beuteln verkauft.<\/li>\n<\/ul>\n<p>&nbsp;<\/p>\n<p><!--more--><\/p>\n<h4>Weitere Informationen :<\/h4>\n<ul>\n<li><strong>Verpackung<\/strong>: Karton mit 1000 St\u00fcck<\/li>\n<li><strong>Ma\u00dfe<\/strong>: 13 x 14 (L x B in cm)<\/li>\n<li><strong>Farbe<\/strong>: Wei\u00df<\/li>\n<li><strong>Material<\/strong>: Papier<\/li>\n<li><strong>Anzahl der \u00d6ffnungen<\/strong>: 2<\/li>\n<\/ul>\n<p>&nbsp;<\/p>\n<p><!--more--><\/p>\n<p>Dieses Produkt ist auch in 17 x 18 cm erh\u00e4ltlich : <span style=\"color: #d12727\"><a style=\"color: #d12727\" href=\"https:\/\/www.csj-emballages.com\/es\/produit\/bolsa-de-papel-crepe-blanco-17-x-18-cm-por-1000\/\">SC17<\/a><\/span><\/p>\n<p>&nbsp;<\/p>\n<p><!--more--><\/p>\n<p>Hier finden Sie unsere bunten Cr\u00eape-Beutel : <span style=\"color: #d12727\"><a style=\"color: #d12727\" href=\"https:\/\/www.csj-emballages.com\/es\/produit\/500-bolsas-de-color-blanco-con-abertura-lateral-antigrasa-18-x-18-cm\/\">SC19<\/a><\/span><\/p>\n<p>&nbsp;<\/p>\n<p><!--more--><\/p>\n<p><a href=\"https:\/\/www.csj-emballages.com\/de\/categorie-produit\/lebensmittelverpackungen\/restauration-de\/sacke-und-papier\/pfannkuchenbeutel\/\">Sehen Sie sich den Rest unseres Sortiments an Pfannkuchenbeuteln an.<\/a><\/p>\n","protected":false},"excerpt":{"rendered":"<p>Beutel \u00d6ffnung 2 Seiten Beschreibung von unserem Beutel \u00d6ffnung 2 Seiten wei\u00dfes Papier 13 x 14 cm pro 1000<\/p>\n","protected":false},"featured_media":230943,"template":"","meta":{"_acf_changed":false},"product_brand":[],"product_cat":[1137,1134,3976,3409,3427],"product_tag":[],"class_list":{"0":"post-230948","1":"product","2":"type-product","3":"status-publish","4":"has-post-thumbnail","6":"product_cat-lebensmittelverpackungen","7":"product_cat-restauration-de","8":"product_cat-sacke-und-papier","9":"product_cat-pfannkuchenbeutel","10":"product_cat-hamburger-beutel","12":"first","13":"outofstock","14":"taxable","15":"shipping-taxable","16":"purchasable","17":"product-type-simple"},"acf":[],"yoast_head":"<!-- This site is optimized with the Yoast SEO Premium plugin v26.6 (Yoast SEO v26.6) - https:\/\/yoast.com\/wordpress\/plugins\/seo\/ -->\n<title>Beutel \u00d6ffnung 2 Seiten Papier Wei\u00df 13 x 14 cm pro 1000<\/title>\n<meta name=\"description\" content=\"T\u00fcte \u00d6ffnung 2 Seiten Cr\u00eape\/Burger 13 x 14 cm aus wei\u00dfem Papier. Ideal f\u00fcr schnelles Servieren. Wird in Kartons mit 1000 Beuteln verkauft.\" \/>\n<meta name=\"robots\" content=\"index, follow, max-snippet:-1, max-image-preview:large, max-video-preview:-1\" \/>\n<link rel=\"canonical\" href=\"https:\/\/www.csj-emballages.com\/de\/produit\/kreppbeutel-weisses-papier-13-x-14-cm-pro-1000\/\" \/>\n<meta property=\"og:locale\" content=\"de_DE\" \/>\n<meta property=\"og:type\" content=\"article\" \/>\n<meta property=\"og:title\" content=\"Beutel \u00d6ffnung 2 Seiten wei\u00dfes Papier 13 x 14 cm pro 1000\" \/>\n<meta property=\"og:description\" content=\"T\u00fcte \u00d6ffnung 2 Seiten Cr\u00eape\/Burger 13 x 14 cm aus wei\u00dfem Papier. Ideal f\u00fcr schnelles Servieren. Wird in Kartons mit 1000 Beuteln verkauft.\" \/>\n<meta property=\"og:url\" content=\"https:\/\/www.csj-emballages.com\/de\/produit\/kreppbeutel-weisses-papier-13-x-14-cm-pro-1000\/\" \/>\n<meta property=\"og:site_name\" content=\"CSJ Emballages\" \/>\n<meta property=\"article:publisher\" content=\"https:\/\/www.facebook.com\/csjemballages\" \/>\n<meta property=\"article:modified_time\" content=\"2026-05-05T00:19:03+00:00\" \/>\n<meta property=\"og:image\" content=\"https:\/\/www.csj-emballages.com\/wp-content\/uploads\/2025\/04\/scbur13.webp\" \/>\n\t<meta property=\"og:image:width\" content=\"800\" \/>\n\t<meta property=\"og:image:height\" content=\"800\" \/>\n\t<meta property=\"og:image:type\" content=\"image\/webp\" \/>\n<meta name=\"twitter:card\" content=\"summary_large_image\" \/>\n<meta name=\"twitter:label1\" content=\"Gesch\u00e4tzte Lesezeit\" \/>\n\t<meta name=\"twitter:data1\" content=\"1\u00a0Minute\" \/>\n<script type=\"application\/ld+json\" class=\"yoast-schema-graph\">{\"@context\":\"https:\/\/schema.org\",\"@graph\":[{\"@type\":\"WebPage\",\"@id\":\"https:\/\/www.csj-emballages.com\/de\/produit\/kreppbeutel-weisses-papier-13-x-14-cm-pro-1000\/\",\"url\":\"https:\/\/www.csj-emballages.com\/de\/produit\/kreppbeutel-weisses-papier-13-x-14-cm-pro-1000\/\",\"name\":\"Beutel \u00d6ffnung 2 Seiten Papier Wei\u00df 13 x 14 cm pro 1000\",\"isPartOf\":{\"@id\":\"https:\/\/www.csj-emballages.com\/de\/#website\"},\"primaryImageOfPage\":{\"@id\":\"https:\/\/www.csj-emballages.com\/de\/produit\/kreppbeutel-weisses-papier-13-x-14-cm-pro-1000\/#primaryimage\"},\"image\":{\"@id\":\"https:\/\/www.csj-emballages.com\/de\/produit\/kreppbeutel-weisses-papier-13-x-14-cm-pro-1000\/#primaryimage\"},\"thumbnailUrl\":\"https:\/\/www.csj-emballages.com\/wp-content\/uploads\/2025\/04\/scbur13.webp\",\"datePublished\":\"2025-04-12T00:18:17+00:00\",\"dateModified\":\"2026-05-05T00:19:03+00:00\",\"description\":\"T\u00fcte \u00d6ffnung 2 Seiten Cr\u00eape\/Burger 13 x 14 cm aus wei\u00dfem Papier. Ideal f\u00fcr schnelles Servieren. Wird in Kartons mit 1000 Beuteln verkauft.\",\"breadcrumb\":{\"@id\":\"https:\/\/www.csj-emballages.com\/de\/produit\/kreppbeutel-weisses-papier-13-x-14-cm-pro-1000\/#breadcrumb\"},\"inLanguage\":\"de\",\"potentialAction\":[{\"@type\":\"ReadAction\",\"target\":[\"https:\/\/www.csj-emballages.com\/de\/produit\/kreppbeutel-weisses-papier-13-x-14-cm-pro-1000\/\"]}]},{\"@type\":\"ImageObject\",\"inLanguage\":\"de\",\"@id\":\"https:\/\/www.csj-emballages.com\/de\/produit\/kreppbeutel-weisses-papier-13-x-14-cm-pro-1000\/#primaryimage\",\"url\":\"https:\/\/www.csj-emballages.com\/wp-content\/uploads\/2025\/04\/scbur13.webp\",\"contentUrl\":\"https:\/\/www.csj-emballages.com\/wp-content\/uploads\/2025\/04\/scbur13.webp\",\"width\":800,\"height\":800,\"caption\":\"Sachet ouverture 2 faces\"},{\"@type\":\"BreadcrumbList\",\"@id\":\"https:\/\/www.csj-emballages.com\/de\/produit\/kreppbeutel-weisses-papier-13-x-14-cm-pro-1000\/#breadcrumb\",\"itemListElement\":[{\"@type\":\"ListItem\",\"position\":1,\"name\":\"Accueil\",\"item\":\"https:\/\/www.csj-emballages.com\/de\/universum-lebensmittelverpackungen\/\"},{\"@type\":\"ListItem\",\"position\":2,\"name\":\"Shop\",\"item\":\"https:\/\/www.csj-emballages.com\/shop\/\"},{\"@type\":\"ListItem\",\"position\":3,\"name\":\"Beutel \u00d6ffnung 2 Seiten wei\u00dfes Papier 13 x 14 cm pro 1000\"}]},{\"@type\":\"WebSite\",\"@id\":\"https:\/\/www.csj-emballages.com\/de\/#website\",\"url\":\"https:\/\/www.csj-emballages.com\/de\/\",\"name\":\"CSJ Emballages\",\"description\":\"\",\"publisher\":{\"@id\":\"https:\/\/www.csj-emballages.com\/de\/#organization\"},\"potentialAction\":[{\"@type\":\"SearchAction\",\"target\":{\"@type\":\"EntryPoint\",\"urlTemplate\":\"https:\/\/www.csj-emballages.com\/de\/?s={search_term_string}\"},\"query-input\":{\"@type\":\"PropertyValueSpecification\",\"valueRequired\":true,\"valueName\":\"search_term_string\"}}],\"inLanguage\":\"de\"},{\"@type\":\"Organization\",\"@id\":\"https:\/\/www.csj-emballages.com\/de\/#Organization\/\",\"name\":\"CSJ Emballages\",\"url\":\"https:\/\/www.csj-emballages.com\/de\/\",\"logo\":{\"@type\":\"ImageObject\",\"inLanguage\":\"de\",\"@id\":\"https:\/\/www.csj-emballages.com\/de\/#\/schema\/logo\/image\/\",\"url\":\"https:\/\/www.csj-emballages.com\/wp-content\/uploads\/2023\/10\/logo_csj.webp\",\"contentUrl\":\"https:\/\/www.csj-emballages.com\/wp-content\/uploads\/2023\/10\/logo_csj.webp\",\"width\":250,\"height\":95,\"caption\":\"CSJ Emballages\"},\"image\":{\"@id\":\"https:\/\/www.csj-emballages.com\/de\/#\/schema\/logo\/image\/\"},\"sameAs\":[\"https:\/\/www.facebook.com\/csjemballages\"],\"address\":{\"@type\":\"PostalAddress\",\"streetAddress\":\"ZI La Lechere\",\"addressLocality\":\"Patornay\",\"postalCode\":\"39130\",\"addressCountry\":\"FR\"},\"contactPoint\":[{\"@type\":\"ContactPoint\",\"contactType\":\"Service client\",\"telephone\":\"0384254272\",\"email\":\"contact@csj-emballages.com\"}]}]}<\/script>\n<!-- \/ Yoast SEO Premium plugin. -->","yoast_head_json":{"title":"Beutel \u00d6ffnung 2 Seiten Papier Wei\u00df 13 x 14 cm pro 1000","description":"T\u00fcte \u00d6ffnung 2 Seiten Cr\u00eape\/Burger 13 x 14 cm aus wei\u00dfem Papier. Ideal f\u00fcr schnelles Servieren. Wird in Kartons mit 1000 Beuteln verkauft.","robots":{"index":"index","follow":"follow","max-snippet":"max-snippet:-1","max-image-preview":"max-image-preview:large","max-video-preview":"max-video-preview:-1"},"canonical":"https:\/\/www.csj-emballages.com\/de\/produit\/kreppbeutel-weisses-papier-13-x-14-cm-pro-1000\/","og_locale":"de_DE","og_type":"article","og_title":"Beutel \u00d6ffnung 2 Seiten wei\u00dfes Papier 13 x 14 cm pro 1000","og_description":"T\u00fcte \u00d6ffnung 2 Seiten Cr\u00eape\/Burger 13 x 14 cm aus wei\u00dfem Papier. Ideal f\u00fcr schnelles Servieren. Wird in Kartons mit 1000 Beuteln verkauft.","og_url":"https:\/\/www.csj-emballages.com\/de\/produit\/kreppbeutel-weisses-papier-13-x-14-cm-pro-1000\/","og_site_name":"CSJ Emballages","article_publisher":"https:\/\/www.facebook.com\/csjemballages","article_modified_time":"2026-05-05T00:19:03+00:00","og_image":[{"width":800,"height":800,"url":"https:\/\/www.csj-emballages.com\/wp-content\/uploads\/2025\/04\/scbur13.webp","type":"image\/webp"}],"twitter_card":"summary_large_image","twitter_misc":{"Gesch\u00e4tzte Lesezeit":"1\u00a0Minute"},"schema":{"@context":"https:\/\/schema.org","@graph":[{"@type":"WebPage","@id":"https:\/\/www.csj-emballages.com\/de\/produit\/kreppbeutel-weisses-papier-13-x-14-cm-pro-1000\/","url":"https:\/\/www.csj-emballages.com\/de\/produit\/kreppbeutel-weisses-papier-13-x-14-cm-pro-1000\/","name":"Beutel \u00d6ffnung 2 Seiten Papier Wei\u00df 13 x 14 cm pro 1000","isPartOf":{"@id":"https:\/\/www.csj-emballages.com\/de\/#website"},"primaryImageOfPage":{"@id":"https:\/\/www.csj-emballages.com\/de\/produit\/kreppbeutel-weisses-papier-13-x-14-cm-pro-1000\/#primaryimage"},"image":{"@id":"https:\/\/www.csj-emballages.com\/de\/produit\/kreppbeutel-weisses-papier-13-x-14-cm-pro-1000\/#primaryimage"},"thumbnailUrl":"https:\/\/www.csj-emballages.com\/wp-content\/uploads\/2025\/04\/scbur13.webp","datePublished":"2025-04-12T00:18:17+00:00","dateModified":"2026-05-05T00:19:03+00:00","description":"T\u00fcte \u00d6ffnung 2 Seiten Cr\u00eape\/Burger 13 x 14 cm aus wei\u00dfem Papier. Ideal f\u00fcr schnelles Servieren. Wird in Kartons mit 1000 Beuteln verkauft.","breadcrumb":{"@id":"https:\/\/www.csj-emballages.com\/de\/produit\/kreppbeutel-weisses-papier-13-x-14-cm-pro-1000\/#breadcrumb"},"inLanguage":"de","potentialAction":[{"@type":"ReadAction","target":["https:\/\/www.csj-emballages.com\/de\/produit\/kreppbeutel-weisses-papier-13-x-14-cm-pro-1000\/"]}]},{"@type":"ImageObject","inLanguage":"de","@id":"https:\/\/www.csj-emballages.com\/de\/produit\/kreppbeutel-weisses-papier-13-x-14-cm-pro-1000\/#primaryimage","url":"https:\/\/www.csj-emballages.com\/wp-content\/uploads\/2025\/04\/scbur13.webp","contentUrl":"https:\/\/www.csj-emballages.com\/wp-content\/uploads\/2025\/04\/scbur13.webp","width":800,"height":800,"caption":"Sachet ouverture 2 faces"},{"@type":"BreadcrumbList","@id":"https:\/\/www.csj-emballages.com\/de\/produit\/kreppbeutel-weisses-papier-13-x-14-cm-pro-1000\/#breadcrumb","itemListElement":[{"@type":"ListItem","position":1,"name":"Accueil","item":"https:\/\/www.csj-emballages.com\/de\/universum-lebensmittelverpackungen\/"},{"@type":"ListItem","position":2,"name":"Shop","item":"https:\/\/www.csj-emballages.com\/shop\/"},{"@type":"ListItem","position":3,"name":"Beutel \u00d6ffnung 2 Seiten wei\u00dfes Papier 13 x 14 cm pro 1000"}]},{"@type":"WebSite","@id":"https:\/\/www.csj-emballages.com\/de\/#website","url":"https:\/\/www.csj-emballages.com\/de\/","name":"CSJ Emballages","description":"","publisher":{"@id":"https:\/\/www.csj-emballages.com\/de\/#organization"},"potentialAction":[{"@type":"SearchAction","target":{"@type":"EntryPoint","urlTemplate":"https:\/\/www.csj-emballages.com\/de\/?s={search_term_string}"},"query-input":{"@type":"PropertyValueSpecification","valueRequired":true,"valueName":"search_term_string"}}],"inLanguage":"de"},{"@type":"Organization","@id":"https:\/\/www.csj-emballages.com\/de\/#Organization\/","name":"CSJ Emballages","url":"https:\/\/www.csj-emballages.com\/de\/","logo":{"@type":"ImageObject","inLanguage":"de","@id":"https:\/\/www.csj-emballages.com\/de\/#\/schema\/logo\/image\/","url":"https:\/\/www.csj-emballages.com\/wp-content\/uploads\/2023\/10\/logo_csj.webp","contentUrl":"https:\/\/www.csj-emballages.com\/wp-content\/uploads\/2023\/10\/logo_csj.webp","width":250,"height":95,"caption":"CSJ Emballages"},"image":{"@id":"https:\/\/www.csj-emballages.com\/de\/#\/schema\/logo\/image\/"},"sameAs":["https:\/\/www.facebook.com\/csjemballages"],"address":{"@type":"PostalAddress","streetAddress":"ZI La Lechere","addressLocality":"Patornay","postalCode":"39130","addressCountry":"FR"},"contactPoint":[{"@type":"ContactPoint","contactType":"Service client","telephone":"0384254272","email":"contact@csj-emballages.com"}]}]}},"df_price":10.08,"df_sale_price":"","df_regular_price":10.08,"df_image_link":"https:\/\/www.csj-emballages.com\/wp-content\/uploads\/2025\/04\/scbur13-300x300.webp","tiered_pricing_type":"fixed","tiered_pricing_fixed_rules":[],"tiered_pricing_percentage_rules":[],"tiered_pricing_minimum":1,"tiered_pricing_roles_data":[],"_links":{"self":[{"href":"https:\/\/www.csj-emballages.com\/de\/wp-json\/wp\/v2\/product\/230948","targetHints":{"allow":["GET"]}}],"collection":[{"href":"https:\/\/www.csj-emballages.com\/de\/wp-json\/wp\/v2\/product"}],"about":[{"href":"https:\/\/www.csj-emballages.com\/de\/wp-json\/wp\/v2\/types\/product"}],"wp:featuredmedia":[{"embeddable":true,"href":"https:\/\/www.csj-emballages.com\/de\/wp-json\/wp\/v2\/media\/230943"}],"wp:attachment":[{"href":"https:\/\/www.csj-emballages.com\/de\/wp-json\/wp\/v2\/media?parent=230948"}],"wp:term":[{"taxonomy":"product_brand","embeddable":true,"href":"https:\/\/www.csj-emballages.com\/de\/wp-json\/wp\/v2\/product_brand?post=230948"},{"taxonomy":"product_cat","embeddable":true,"href":"https:\/\/www.csj-emballages.com\/de\/wp-json\/wp\/v2\/product_cat?post=230948"},{"taxonomy":"product_tag","embeddable":true,"href":"https:\/\/www.csj-emballages.com\/de\/wp-json\/wp\/v2\/product_tag?post=230948"}],"curies":[{"name":"wp","href":"https:\/\/api.w.org\/{rel}","templated":true}]}}