{"id":23089,"date":"2024-03-01T16:50:09","date_gmt":"2024-03-01T15:50:09","guid":{"rendered":"https:\/\/u15jnbdpoq.preview.infomaniak.website\/produit\/1000-gebuendelte-schlachtsaecke-40-x-60-cm-30-%c2%b5\/"},"modified":"2026-04-14T02:20:45","modified_gmt":"2026-04-14T00:20:45","slug":"1000-gebuendelte-schlachtsaecke-40-x-60-cm-30-%c2%b5","status":"publish","type":"product","link":"https:\/\/www.csj-emballages.com\/de\/produit\/1000-gebuendelte-schlachtsaecke-40-x-60-cm-30-%c2%b5\/","title":{"rendered":"Gebundener Schlachtsack 40 x 60 cm 30 \u00b5 pro 1000 St\u00fcck"},"content":{"rendered":"<h2>Tasche Schlachthof<\/h2>\n<hr>\n<h3>Beschreibung von Beutel &#8222;Schlachthof&#8220; 40 x 60 cm 30 \u00b5 pro 1000 St\u00fcck<\/h3>\n<p><!--more--><\/p>\n<div class=\"flex flex-grow flex-col max-w-full\">\n<div class=\"min-h-[20px] text-message flex flex-col items-start whitespace-pre-wrap break-words [.text-message+&amp;]:mt-5 juice:w-full juice:items-end overflow-x-auto gap-2\" dir=\"auto\" data-message-author-role=\"assistant\" data-message-id=\"3a536f7e-879d-4f2d-9ebb-28d2279e1068\">\n<div class=\"flex w-full flex-col gap-1 juice:empty:hidden juice:first:pt-[3px]\">\n<div class=\"markdown prose w-full break-words dark:prose-invert light\">\n<p>Der <strong>gebundene Schlachthofbeutel 40 x 60 cm 30 \u00b5<\/strong> wurde entwickelt, um optimalen Schutz und Widerstandsf\u00e4higkeit in anspruchsvollen Umgebungen zu gew\u00e4hrleisten. Mit einer Kapazit\u00e4t von <strong>1000<\/strong> St\u00fcck pro Charge ist er ideal f\u00fcr den Einsatz in Schlachth\u00f6fen und \u00e4hnlichen Industrien. Die Herstellung aus <strong>30 Mikron<\/strong> Polyethylen garantiert St\u00e4rke bei intensiver Nutzung und bietet gleichzeitig Flexibilit\u00e4t f\u00fcr eine einfache Handhabung. Dieses Produkt ist ideal f\u00fcr die Lagerung, den Transport und die Entsorgung von Abf\u00e4llen in einem professionellen Umfeld.   <\/p>\n<\/div>\n<\/div>\n<p>&nbsp;<\/p>\n<\/div>\n<\/div>\n<p><!--more--><\/p>\n<h4>Vorteile :<\/h4>\n<ul>\n<li data-start=\"1840\" data-end=\"1884\">Gro\u00dfes Format, f\u00fcr gro\u00dfe Mengen geeignet.<\/li>\n<li data-start=\"1887\" data-end=\"1933\"><strong>Dicke 30 \u00b5<\/strong> f\u00fcr h\u00f6here Rei\u00dffestigkeit.<\/li>\n<li data-start=\"1936\" data-end=\"1977\">Praktische und schnelle B\u00fcndelverpackung.<\/li>\n<li data-start=\"1980\" data-end=\"2015\">Einfache und vielseitige Anwendung.<\/li>\n<li data-start=\"2018\" data-end=\"2058\">Sparpackung mit <strong>1000 S\u00e4cken<\/strong>.<\/li>\n<\/ul>\n<p>&nbsp;<\/p>\n<p><!--more--><\/p>\n<h4>Ihre Vorteile :<\/h4>\n<ul>\n<li><strong>Umweltfreundlich<\/strong>: Hergestellt aus recycelbarem und biologisch abbaubarem Papier, reduzieren diese Taschen die Verwendung von Plastik und tragen so zur Reduzierung von Plastikm\u00fcll und Umweltverschmutzung bei.<\/li>\n<li><strong>Vielfalt<\/strong>: Erh\u00e4ltlich in verschiedenen Gr\u00f6\u00dfen und Farben, je nach Bedarf.<\/li>\n<li><strong>\u00c4sthetisch<\/strong>: Kraftpapiers\u00e4cke haben ein nat\u00fcrliches und rustikales Aussehen, das viele Verbraucher anspricht. Ihr schlichtes und elegantes Aussehen kann auch das Markenimage der Gesch\u00e4fte, die sie verwenden, st\u00e4rken.<\/li>\n<\/ul>\n<p>&nbsp;<\/p>\n<p><!--more--><\/p>\n<p>Das Produkt ist in einer gr\u00f6\u00dferen Gr\u00f6\u00dfe erh\u00e4ltlich: <span style=\"color: #d12727;\"><a style=\"color: #d12727;\" href=\"https:\/\/www.csj-emballages.com\/produit\/300-sacs-abattoirs-liasses-60-x-100-cm-50-%c2%b5\/\">60 x 100 cm<\/a><\/span><\/p>\n<p>&nbsp;<\/p>\n<p><!--more--><\/p>\n<p><a href=\"https:\/\/www.csj-emballages.com\/de\/categorie-produit\/lebensmittelverpackungen\/metzgerei-und-feinkostgeschaft\/sacke-und-beutel\/schlafsacke\/\">Sehen Sie sich den Rest unseres Sortiments an Schlafs\u00e4cken an.<\/a><\/p>\n","protected":false},"excerpt":{"rendered":"<p>Tasche Schlachthof Beschreibung von Beutel &#8222;Schlachthof&#8220; 40 x 60 cm 30 \u00b5 pro 1000 St\u00fcck<\/p>\n","protected":false},"featured_media":209351,"template":"","meta":{"_acf_changed":false},"product_brand":[],"product_cat":[1170,3287],"product_tag":[],"class_list":{"0":"post-23089","1":"product","2":"type-product","3":"status-publish","4":"has-post-thumbnail","6":"product_cat-metzgerei-und-feinkostgeschaft","7":"product_cat-schlafsacke","9":"first","10":"instock","11":"taxable","12":"shipping-taxable","13":"purchasable","14":"product-type-simple"},"acf":[],"yoast_head":"<!-- This site is optimized with the Yoast SEO Premium plugin v26.6 (Yoast SEO v26.6) - https:\/\/yoast.com\/wordpress\/plugins\/seo\/ -->\n<title>Sack Schlachthof 30 \u00b5 - 40 x 60 cm<\/title>\n<meta name=\"description\" content=\"Gebundener Schlachtsack 40 x 60 cm 30 \u00b5 pro 1000: robust, flexibel und geeignet f\u00fcr anspruchsvolle Umgebungen, ideal f\u00fcr die Lagerung und den Transport von Abfall.\" \/>\n<meta name=\"robots\" content=\"index, follow, max-snippet:-1, max-image-preview:large, max-video-preview:-1\" \/>\n<link rel=\"canonical\" href=\"https:\/\/www.csj-emballages.com\/de\/produit\/1000-gebuendelte-schlachtsaecke-40-x-60-cm-30-%c2%b5\/\" \/>\n<meta property=\"og:locale\" content=\"de_DE\" \/>\n<meta property=\"og:type\" content=\"article\" \/>\n<meta property=\"og:title\" content=\"Gebundener Schlachtsack 40 x 60 cm 30 \u00b5 pro 1000 St\u00fcck\" \/>\n<meta property=\"og:description\" content=\"Gebundener Schlachtsack 40 x 60 cm 30 \u00b5 pro 1000: robust, flexibel und geeignet f\u00fcr anspruchsvolle Umgebungen, ideal f\u00fcr die Lagerung und den Transport von Abfall.\" \/>\n<meta property=\"og:url\" content=\"https:\/\/www.csj-emballages.com\/de\/produit\/1000-gebuendelte-schlachtsaecke-40-x-60-cm-30-%c2%b5\/\" \/>\n<meta property=\"og:site_name\" content=\"CSJ Emballages\" \/>\n<meta property=\"article:publisher\" content=\"https:\/\/www.facebook.com\/csjemballages\" \/>\n<meta property=\"article:modified_time\" content=\"2026-04-14T00:20:45+00:00\" \/>\n<meta property=\"og:image\" content=\"https:\/\/www.csj-emballages.com\/wp-content\/uploads\/2024\/03\/sac-abattoir.webp\" \/>\n\t<meta property=\"og:image:width\" content=\"801\" \/>\n\t<meta property=\"og:image:height\" content=\"800\" \/>\n\t<meta property=\"og:image:type\" content=\"image\/webp\" \/>\n<meta name=\"twitter:card\" content=\"summary_large_image\" \/>\n<meta name=\"twitter:label1\" content=\"Gesch\u00e4tzte Lesezeit\" \/>\n\t<meta name=\"twitter:data1\" content=\"1\u00a0Minute\" \/>\n<script type=\"application\/ld+json\" class=\"yoast-schema-graph\">{\"@context\":\"https:\/\/schema.org\",\"@graph\":[{\"@type\":\"WebPage\",\"@id\":\"https:\/\/www.csj-emballages.com\/de\/produit\/1000-gebuendelte-schlachtsaecke-40-x-60-cm-30-%c2%b5\/\",\"url\":\"https:\/\/www.csj-emballages.com\/de\/produit\/1000-gebuendelte-schlachtsaecke-40-x-60-cm-30-%c2%b5\/\",\"name\":\"Sack Schlachthof 30 \u00b5 - 40 x 60 cm\",\"isPartOf\":{\"@id\":\"https:\/\/www.csj-emballages.com\/de\/#website\"},\"primaryImageOfPage\":{\"@id\":\"https:\/\/www.csj-emballages.com\/de\/produit\/1000-gebuendelte-schlachtsaecke-40-x-60-cm-30-%c2%b5\/#primaryimage\"},\"image\":{\"@id\":\"https:\/\/www.csj-emballages.com\/de\/produit\/1000-gebuendelte-schlachtsaecke-40-x-60-cm-30-%c2%b5\/#primaryimage\"},\"thumbnailUrl\":\"https:\/\/www.csj-emballages.com\/wp-content\/uploads\/2024\/03\/sac-abattoir.webp\",\"datePublished\":\"2024-03-01T15:50:09+00:00\",\"dateModified\":\"2026-04-14T00:20:45+00:00\",\"description\":\"Gebundener Schlachtsack 40 x 60 cm 30 \u00b5 pro 1000: robust, flexibel und geeignet f\u00fcr anspruchsvolle Umgebungen, ideal f\u00fcr die Lagerung und den Transport von Abfall.\",\"breadcrumb\":{\"@id\":\"https:\/\/www.csj-emballages.com\/de\/produit\/1000-gebuendelte-schlachtsaecke-40-x-60-cm-30-%c2%b5\/#breadcrumb\"},\"inLanguage\":\"de\",\"potentialAction\":[{\"@type\":\"ReadAction\",\"target\":[\"https:\/\/www.csj-emballages.com\/de\/produit\/1000-gebuendelte-schlachtsaecke-40-x-60-cm-30-%c2%b5\/\"]}]},{\"@type\":\"ImageObject\",\"inLanguage\":\"de\",\"@id\":\"https:\/\/www.csj-emballages.com\/de\/produit\/1000-gebuendelte-schlachtsaecke-40-x-60-cm-30-%c2%b5\/#primaryimage\",\"url\":\"https:\/\/www.csj-emballages.com\/wp-content\/uploads\/2024\/03\/sac-abattoir.webp\",\"contentUrl\":\"https:\/\/www.csj-emballages.com\/wp-content\/uploads\/2024\/03\/sac-abattoir.webp\",\"width\":801,\"height\":800,\"caption\":\"sac abattoir\"},{\"@type\":\"BreadcrumbList\",\"@id\":\"https:\/\/www.csj-emballages.com\/de\/produit\/1000-gebuendelte-schlachtsaecke-40-x-60-cm-30-%c2%b5\/#breadcrumb\",\"itemListElement\":[{\"@type\":\"ListItem\",\"position\":1,\"name\":\"Accueil\",\"item\":\"https:\/\/www.csj-emballages.com\/de\/universum-lebensmittelverpackungen\/\"},{\"@type\":\"ListItem\",\"position\":2,\"name\":\"Shop\",\"item\":\"https:\/\/www.csj-emballages.com\/shop\/\"},{\"@type\":\"ListItem\",\"position\":3,\"name\":\"Gebundener Schlachtsack 40 x 60 cm 30 \u00b5 pro 1000 St\u00fcck\"}]},{\"@type\":\"WebSite\",\"@id\":\"https:\/\/www.csj-emballages.com\/de\/#website\",\"url\":\"https:\/\/www.csj-emballages.com\/de\/\",\"name\":\"CSJ Emballages\",\"description\":\"\",\"publisher\":{\"@id\":\"https:\/\/www.csj-emballages.com\/de\/#organization\"},\"potentialAction\":[{\"@type\":\"SearchAction\",\"target\":{\"@type\":\"EntryPoint\",\"urlTemplate\":\"https:\/\/www.csj-emballages.com\/de\/?s={search_term_string}\"},\"query-input\":{\"@type\":\"PropertyValueSpecification\",\"valueRequired\":true,\"valueName\":\"search_term_string\"}}],\"inLanguage\":\"de\"},{\"@type\":\"Organization\",\"@id\":\"https:\/\/www.csj-emballages.com\/de\/#Organization\/\",\"name\":\"CSJ Emballages\",\"url\":\"https:\/\/www.csj-emballages.com\/de\/\",\"logo\":{\"@type\":\"ImageObject\",\"inLanguage\":\"de\",\"@id\":\"https:\/\/www.csj-emballages.com\/de\/#\/schema\/logo\/image\/\",\"url\":\"https:\/\/www.csj-emballages.com\/wp-content\/uploads\/2023\/10\/logo_csj.webp\",\"contentUrl\":\"https:\/\/www.csj-emballages.com\/wp-content\/uploads\/2023\/10\/logo_csj.webp\",\"width\":250,\"height\":95,\"caption\":\"CSJ Emballages\"},\"image\":{\"@id\":\"https:\/\/www.csj-emballages.com\/de\/#\/schema\/logo\/image\/\"},\"sameAs\":[\"https:\/\/www.facebook.com\/csjemballages\"],\"address\":{\"@type\":\"PostalAddress\",\"streetAddress\":\"ZI La Lechere\",\"addressLocality\":\"Patornay\",\"postalCode\":\"39130\",\"addressCountry\":\"FR\"},\"contactPoint\":[{\"@type\":\"ContactPoint\",\"contactType\":\"Service client\",\"telephone\":\"0384254272\",\"email\":\"contact@csj-emballages.com\"}]}]}<\/script>\n<!-- \/ Yoast SEO Premium plugin. -->","yoast_head_json":{"title":"Sack Schlachthof 30 \u00b5 - 40 x 60 cm","description":"Gebundener Schlachtsack 40 x 60 cm 30 \u00b5 pro 1000: robust, flexibel und geeignet f\u00fcr anspruchsvolle Umgebungen, ideal f\u00fcr die Lagerung und den Transport von Abfall.","robots":{"index":"index","follow":"follow","max-snippet":"max-snippet:-1","max-image-preview":"max-image-preview:large","max-video-preview":"max-video-preview:-1"},"canonical":"https:\/\/www.csj-emballages.com\/de\/produit\/1000-gebuendelte-schlachtsaecke-40-x-60-cm-30-%c2%b5\/","og_locale":"de_DE","og_type":"article","og_title":"Gebundener Schlachtsack 40 x 60 cm 30 \u00b5 pro 1000 St\u00fcck","og_description":"Gebundener Schlachtsack 40 x 60 cm 30 \u00b5 pro 1000: robust, flexibel und geeignet f\u00fcr anspruchsvolle Umgebungen, ideal f\u00fcr die Lagerung und den Transport von Abfall.","og_url":"https:\/\/www.csj-emballages.com\/de\/produit\/1000-gebuendelte-schlachtsaecke-40-x-60-cm-30-%c2%b5\/","og_site_name":"CSJ Emballages","article_publisher":"https:\/\/www.facebook.com\/csjemballages","article_modified_time":"2026-04-14T00:20:45+00:00","og_image":[{"width":801,"height":800,"url":"https:\/\/www.csj-emballages.com\/wp-content\/uploads\/2024\/03\/sac-abattoir.webp","type":"image\/webp"}],"twitter_card":"summary_large_image","twitter_misc":{"Gesch\u00e4tzte Lesezeit":"1\u00a0Minute"},"schema":{"@context":"https:\/\/schema.org","@graph":[{"@type":"WebPage","@id":"https:\/\/www.csj-emballages.com\/de\/produit\/1000-gebuendelte-schlachtsaecke-40-x-60-cm-30-%c2%b5\/","url":"https:\/\/www.csj-emballages.com\/de\/produit\/1000-gebuendelte-schlachtsaecke-40-x-60-cm-30-%c2%b5\/","name":"Sack Schlachthof 30 \u00b5 - 40 x 60 cm","isPartOf":{"@id":"https:\/\/www.csj-emballages.com\/de\/#website"},"primaryImageOfPage":{"@id":"https:\/\/www.csj-emballages.com\/de\/produit\/1000-gebuendelte-schlachtsaecke-40-x-60-cm-30-%c2%b5\/#primaryimage"},"image":{"@id":"https:\/\/www.csj-emballages.com\/de\/produit\/1000-gebuendelte-schlachtsaecke-40-x-60-cm-30-%c2%b5\/#primaryimage"},"thumbnailUrl":"https:\/\/www.csj-emballages.com\/wp-content\/uploads\/2024\/03\/sac-abattoir.webp","datePublished":"2024-03-01T15:50:09+00:00","dateModified":"2026-04-14T00:20:45+00:00","description":"Gebundener Schlachtsack 40 x 60 cm 30 \u00b5 pro 1000: robust, flexibel und geeignet f\u00fcr anspruchsvolle Umgebungen, ideal f\u00fcr die Lagerung und den Transport von Abfall.","breadcrumb":{"@id":"https:\/\/www.csj-emballages.com\/de\/produit\/1000-gebuendelte-schlachtsaecke-40-x-60-cm-30-%c2%b5\/#breadcrumb"},"inLanguage":"de","potentialAction":[{"@type":"ReadAction","target":["https:\/\/www.csj-emballages.com\/de\/produit\/1000-gebuendelte-schlachtsaecke-40-x-60-cm-30-%c2%b5\/"]}]},{"@type":"ImageObject","inLanguage":"de","@id":"https:\/\/www.csj-emballages.com\/de\/produit\/1000-gebuendelte-schlachtsaecke-40-x-60-cm-30-%c2%b5\/#primaryimage","url":"https:\/\/www.csj-emballages.com\/wp-content\/uploads\/2024\/03\/sac-abattoir.webp","contentUrl":"https:\/\/www.csj-emballages.com\/wp-content\/uploads\/2024\/03\/sac-abattoir.webp","width":801,"height":800,"caption":"sac abattoir"},{"@type":"BreadcrumbList","@id":"https:\/\/www.csj-emballages.com\/de\/produit\/1000-gebuendelte-schlachtsaecke-40-x-60-cm-30-%c2%b5\/#breadcrumb","itemListElement":[{"@type":"ListItem","position":1,"name":"Accueil","item":"https:\/\/www.csj-emballages.com\/de\/universum-lebensmittelverpackungen\/"},{"@type":"ListItem","position":2,"name":"Shop","item":"https:\/\/www.csj-emballages.com\/shop\/"},{"@type":"ListItem","position":3,"name":"Gebundener Schlachtsack 40 x 60 cm 30 \u00b5 pro 1000 St\u00fcck"}]},{"@type":"WebSite","@id":"https:\/\/www.csj-emballages.com\/de\/#website","url":"https:\/\/www.csj-emballages.com\/de\/","name":"CSJ Emballages","description":"","publisher":{"@id":"https:\/\/www.csj-emballages.com\/de\/#organization"},"potentialAction":[{"@type":"SearchAction","target":{"@type":"EntryPoint","urlTemplate":"https:\/\/www.csj-emballages.com\/de\/?s={search_term_string}"},"query-input":{"@type":"PropertyValueSpecification","valueRequired":true,"valueName":"search_term_string"}}],"inLanguage":"de"},{"@type":"Organization","@id":"https:\/\/www.csj-emballages.com\/de\/#Organization\/","name":"CSJ Emballages","url":"https:\/\/www.csj-emballages.com\/de\/","logo":{"@type":"ImageObject","inLanguage":"de","@id":"https:\/\/www.csj-emballages.com\/de\/#\/schema\/logo\/image\/","url":"https:\/\/www.csj-emballages.com\/wp-content\/uploads\/2023\/10\/logo_csj.webp","contentUrl":"https:\/\/www.csj-emballages.com\/wp-content\/uploads\/2023\/10\/logo_csj.webp","width":250,"height":95,"caption":"CSJ Emballages"},"image":{"@id":"https:\/\/www.csj-emballages.com\/de\/#\/schema\/logo\/image\/"},"sameAs":["https:\/\/www.facebook.com\/csjemballages"],"address":{"@type":"PostalAddress","streetAddress":"ZI La Lechere","addressLocality":"Patornay","postalCode":"39130","addressCountry":"FR"},"contactPoint":[{"@type":"ContactPoint","contactType":"Service client","telephone":"0384254272","email":"contact@csj-emballages.com"}]}]}},"df_price":60.41,"df_sale_price":"","df_regular_price":60.41,"df_image_link":"https:\/\/www.csj-emballages.com\/wp-content\/uploads\/2024\/03\/sac-abattoir-300x300.webp","tiered_pricing_type":"fixed","tiered_pricing_fixed_rules":[],"tiered_pricing_percentage_rules":[],"tiered_pricing_minimum":1,"tiered_pricing_roles_data":[],"_links":{"self":[{"href":"https:\/\/www.csj-emballages.com\/de\/wp-json\/wp\/v2\/product\/23089","targetHints":{"allow":["GET"]}}],"collection":[{"href":"https:\/\/www.csj-emballages.com\/de\/wp-json\/wp\/v2\/product"}],"about":[{"href":"https:\/\/www.csj-emballages.com\/de\/wp-json\/wp\/v2\/types\/product"}],"wp:featuredmedia":[{"embeddable":true,"href":"https:\/\/www.csj-emballages.com\/de\/wp-json\/wp\/v2\/media\/209351"}],"wp:attachment":[{"href":"https:\/\/www.csj-emballages.com\/de\/wp-json\/wp\/v2\/media?parent=23089"}],"wp:term":[{"taxonomy":"product_brand","embeddable":true,"href":"https:\/\/www.csj-emballages.com\/de\/wp-json\/wp\/v2\/product_brand?post=23089"},{"taxonomy":"product_cat","embeddable":true,"href":"https:\/\/www.csj-emballages.com\/de\/wp-json\/wp\/v2\/product_cat?post=23089"},{"taxonomy":"product_tag","embeddable":true,"href":"https:\/\/www.csj-emballages.com\/de\/wp-json\/wp\/v2\/product_tag?post=23089"}],"curies":[{"name":"wp","href":"https:\/\/api.w.org\/{rel}","templated":true}]}}