{"id":23087,"date":"2024-03-01T16:50:10","date_gmt":"2024-03-01T15:50:10","guid":{"rendered":"https:\/\/u15jnbdpoq.preview.infomaniak.website\/produit\/500-primeurs-schultertaschen-26-12-x-45-cm-50-%c2%b5-aus-ldpe\/"},"modified":"2026-03-12T16:37:29","modified_gmt":"2026-03-12T15:37:29","slug":"500-primeurs-schultertaschen-26-12-x-45-cm-50-%c2%b5-aus-ldpe","status":"publish","type":"product","link":"https:\/\/www.csj-emballages.com\/de\/produit\/500-primeurs-schultertaschen-26-12-x-45-cm-50-%c2%b5-aus-ldpe\/","title":{"rendered":"LDPE-Schultertasche &#8222;Primeur&#8220; 26 + 12 x 45 cm 50 \u00b5 pro 500"},"content":{"rendered":"<h2>Umh\u00e4ngetasche<\/h2>\n<hr>\n<h3>Beschreibung von LDPE-Schultertasche &#8222;Primeur&#8220; 26 + 12 x 45 cm 50 \u00b5 pro 500 St\u00fcck<\/h3>\n<p><!--more--><\/p>\n<div style=\"box-sizing: inherit; font-family: Roboto, sans-serif;\">\n<p data-start=\"285\" data-end=\"635\">Einfach, praktisch und auf den ersten Blick erkennbar, bleibt der <strong>Hemdchenbeutel<\/strong> <strong data-start=\"359\" data-end=\"374\">\u201ePrimeur\u201c<\/strong> ein unverzichtbares Hilfsmittel f\u00fcr Lebensmittelgesch\u00e4fte. Mit seinem Format von <strong data-start=\"447\" data-end=\"466\">26 + 12 x 45 cm<\/strong> passt er sich leicht an Obst, Gem\u00fcse und andere Alltagsprodukte an. \u00c4pfel, Bananen, Salate oder Zitrusfr\u00fcchte lassen sich schnell hineinlegen, ohne dass man sie pressen oder stapeln muss.  <\/p>\n<p data-start=\"637\" data-end=\"953\">Dank seiner St\u00e4rke von <strong data-start=\"659\" data-end=\"673\">50 Mikron<\/strong> bietet dieser Beutel einen guten Halt. Er tr\u00e4gt das Gewicht des Einkaufs, ohne sich zu verformen, und minimiert das Risiko des Rei\u00dfens, selbst wenn der Beutel gut gef\u00fcllt ist. Die <strong>breiten Henkel<\/strong> erm\u00f6glichen einen bequemen Transport, sowohl f\u00fcr den Kunden als auch f\u00fcr den schnellen Einsatz an der Kasse.  <\/p>\n<p data-start=\"955\" data-end=\"1273\">Sein <strong>farbenfrohes Design<\/strong> mit Fruchtillustrationen spricht f\u00fcr sich. Es vermittelt sofort Frische und die Obst- und Gem\u00fcseabteilung, was die Identifizierung im Gesch\u00e4ft erleichtert. Zudem erm\u00f6glicht seine durchscheinende Optik einen schnellen Blick auf den Inhalt, was sowohl f\u00fcr H\u00e4ndler als auch f\u00fcr Kunden sehr praktisch ist.  <\/p>\n<p data-start=\"1275\" data-end=\"1538\">Verkauft <strong data-start=\"1281\" data-end=\"1299\">im 500er-Pack<\/strong>, ist dieser Beutel perfekt f\u00fcr den intensiven Gebrauch geeignet. Er eignet sich gleicherma\u00dfen f\u00fcr M\u00e4rkte, Lebensmittelgesch\u00e4fte, Obst- und Gem\u00fcseh\u00e4ndler sowie Superm\u00e4rkte. Man spart Zeit, arbeitet effizient und hat immer einen zuverl\u00e4ssigen Vorrat zur Hand.  <\/p>\n<p data-start=\"1540\" data-end=\"1745\">Zusammenfassend l\u00e4sst sich sagen, dass dieser <strong>Hemdchenbeutel \u201ePrimeur\u201c<\/strong> auf das Wesentliche reduziert ist: Er ist robust, funktional und f\u00fcr den Alltag von Fachleuten konzipiert, die eine einfache, effiziente und sofort erkennbare Verpackung w\u00fcnschen.<\/p>\n<\/div>\n<p data-start=\"1540\" data-end=\"1745\">\n<p data-start=\"1540\" data-end=\"1745\"><!--more--><\/p>\n<h4 data-start=\"1540\" data-end=\"1745\">Vorteile :<\/h4>\n<div style=\"box-sizing: inherit; font-family: Roboto, sans-serif;\">\n<ul>\n<li data-start=\"1770\" data-end=\"1807\">Ideales Format f\u00fcr Obst und Gem\u00fcse.<\/li>\n<li data-start=\"1810\" data-end=\"1853\">Gute Widerstandsf\u00e4higkeit dank der St\u00e4rke von <strong>50 \u00b5<\/strong>.<\/li>\n<li data-start=\"1856\" data-end=\"1891\"><strong>Robuste<\/strong> und <strong>bequeme<\/strong> Henkel.<\/li>\n<li data-start=\"1894\" data-end=\"1929\">Klares und ansprechendes Frische-Design.<\/li>\n<li data-start=\"1932\" data-end=\"1960\">Sparpack mit <strong>500 T\u00fcten<\/strong>.<\/li>\n<\/ul>\n<p>&nbsp;<\/p>\n<\/div>\n<p><!--more--><\/p>\n<div style=\"box-sizing: inherit; font-family: Roboto, sans-serif;\">\n<div style=\"box-sizing: inherit; font-family: Roboto, sans-serif;\">\n<div style=\"box-sizing: inherit; font-family: Roboto, sans-serif;\">\n<div style=\"box-sizing: inherit; font-family: Roboto, sans-serif;\">\n<h4>Weitere Informationen :<\/h4>\n<ul>\n<li><strong>Verpackung: <\/strong>Karton mit 500 St\u00fcck<\/li>\n<li><strong>Gr\u00f6\u00dfe: <\/strong>260 + 120 x 450 mm<\/li>\n<li><strong>Material: <\/strong>LDPE<\/li>\n<li><strong>Widerstand<\/strong>: 50 Mikron<\/li>\n<li><strong>Farbe: <\/strong>Wei\u00df mit Drucken<\/li>\n<\/ul>\n<\/div>\n<p>&nbsp;<\/p>\n<\/div>\n<\/div>\n<\/div>\n<p><!--more--><\/p>\n<p>Dieses Produkt ist in verschiedenen Versionen erh\u00e4ltlich, die f\u00fcr verschiedene Berufe geeignet sind: <span style=\"color: #d12727;\"><a style=\"color: #d12727;\" href=\"https:\/\/www.csj-emballages.com\/es\/produit\/500-bolsas-de-polietileno-de-baja-densidad-fromage-de-pays-26-12-x-45-cm-50-%c2%b5\/\">K\u00e4serei<\/a><\/span> \/ <span style=\"color: #d12727;\"><a style=\"color: #d12727;\" href=\"https:\/\/www.csj-emballages.com\/produit\/500-sacs-bretelles-poissonnerie-26-12-x-45-cm-50-%c2%b5-en-plastique\/\">Fischgesch\u00e4ft<\/a><\/span> \/ <span style=\"color: #d12727;\"><a style=\"color: #d12727;\" href=\"https:\/\/www.csj-emballages.com\/es\/produit\/500-bolsas-de-plastico-carniceria-26-12-x-45-cm-50-%c2%b5\/\">Fleischerei<\/a><\/span><\/p>\n<p>&nbsp;<\/p>\n<p><!--more--><\/p>\n<p><a href=\"https:\/\/www.csj-emballages.com\/de\/categorie-produit\/lebensmittelverpackungen\/restauration-de\/sacke-und-papier\/schultertaschen-krafts-de\/plastiksacke\/\">Sehen Sie sich den Rest unseres Sortiments an Plastikt\u00fcten an.<\/a><\/p>\n","protected":false},"excerpt":{"rendered":"<p>Umh\u00e4ngetasche Beschreibung von LDPE-Schultertasche &#8222;Primeur&#8220; 26 + 12 x 45 cm 50 \u00b5 pro 500 St\u00fcck<\/p>\n","protected":false},"featured_media":207350,"template":"","meta":{"_acf_changed":false},"product_brand":[],"product_cat":[1137,1134,3976,2800,9207,1487,1882,3280],"product_tag":[],"class_list":{"0":"post-23087","1":"product","2":"type-product","3":"status-publish","4":"has-post-thumbnail","6":"product_cat-lebensmittelverpackungen","7":"product_cat-restauration-de","8":"product_cat-sacke-und-papier","9":"product_cat-schultertaschen-krafts-de","10":"product_cat-plastiksacke","11":"product_cat-boutique-und-geschaft","12":"product_cat-schultertaschen-krafts","13":"product_cat-schultertaschen","15":"first","16":"instock","17":"taxable","18":"shipping-taxable","19":"purchasable","20":"product-type-simple"},"acf":[],"yoast_head":"<!-- This site is optimized with the Yoast SEO Premium plugin v26.6 (Yoast SEO v26.6) - https:\/\/yoast.com\/wordpress\/plugins\/seo\/ -->\n<title>LDPE-Schultertasche &quot;Primeur&quot; 50\u00b5 - 26 + 12 x 45 cm<\/title>\n<meta name=\"description\" content=\"Hemdchenbeutel \u201ePrimeur\u201c 26 + 12 x 45 cm, 50 \u00b5 aus LDPE, widerstandsf\u00e4hig und praktisch zum Verpacken Ihrer Fleischereiprodukte. 500 St\u00fcck.\" \/>\n<meta name=\"robots\" content=\"index, follow, max-snippet:-1, max-image-preview:large, max-video-preview:-1\" \/>\n<link rel=\"canonical\" href=\"https:\/\/www.csj-emballages.com\/de\/produit\/500-primeurs-schultertaschen-26-12-x-45-cm-50-%c2%b5-aus-ldpe\/\" \/>\n<meta property=\"og:locale\" content=\"de_DE\" \/>\n<meta property=\"og:type\" content=\"article\" \/>\n<meta property=\"og:title\" content=\"LDPE-Schultertasche &quot;Primeur&quot; 26 + 12 x 45 cm 50 \u00b5 pro 500\" \/>\n<meta property=\"og:description\" content=\"Hemdchenbeutel \u201ePrimeur\u201c 26 + 12 x 45 cm, 50 \u00b5 aus LDPE, widerstandsf\u00e4hig und praktisch zum Verpacken Ihrer Fleischereiprodukte. 500 St\u00fcck.\" \/>\n<meta property=\"og:url\" content=\"https:\/\/www.csj-emballages.com\/de\/produit\/500-primeurs-schultertaschen-26-12-x-45-cm-50-%c2%b5-aus-ldpe\/\" \/>\n<meta property=\"og:site_name\" content=\"CSJ Emballages\" \/>\n<meta property=\"article:publisher\" content=\"https:\/\/www.facebook.com\/csjemballages\" \/>\n<meta property=\"article:modified_time\" content=\"2026-03-12T15:37:29+00:00\" \/>\n<meta property=\"og:image\" content=\"https:\/\/www.csj-emballages.com\/wp-content\/uploads\/2024\/03\/SAC2645PRI.webp\" \/>\n\t<meta property=\"og:image:width\" content=\"800\" \/>\n\t<meta property=\"og:image:height\" content=\"800\" \/>\n\t<meta property=\"og:image:type\" content=\"image\/webp\" \/>\n<meta name=\"twitter:card\" content=\"summary_large_image\" \/>\n<meta name=\"twitter:label1\" content=\"Gesch\u00e4tzte Lesezeit\" \/>\n\t<meta name=\"twitter:data1\" content=\"2 Minuten\" \/>\n<script type=\"application\/ld+json\" class=\"yoast-schema-graph\">{\"@context\":\"https:\/\/schema.org\",\"@graph\":[{\"@type\":\"WebPage\",\"@id\":\"https:\/\/www.csj-emballages.com\/de\/produit\/500-primeurs-schultertaschen-26-12-x-45-cm-50-%c2%b5-aus-ldpe\/\",\"url\":\"https:\/\/www.csj-emballages.com\/de\/produit\/500-primeurs-schultertaschen-26-12-x-45-cm-50-%c2%b5-aus-ldpe\/\",\"name\":\"LDPE-Schultertasche \\\"Primeur\\\" 50\u00b5 - 26 + 12 x 45 cm\",\"isPartOf\":{\"@id\":\"https:\/\/www.csj-emballages.com\/de\/#website\"},\"primaryImageOfPage\":{\"@id\":\"https:\/\/www.csj-emballages.com\/de\/produit\/500-primeurs-schultertaschen-26-12-x-45-cm-50-%c2%b5-aus-ldpe\/#primaryimage\"},\"image\":{\"@id\":\"https:\/\/www.csj-emballages.com\/de\/produit\/500-primeurs-schultertaschen-26-12-x-45-cm-50-%c2%b5-aus-ldpe\/#primaryimage\"},\"thumbnailUrl\":\"https:\/\/www.csj-emballages.com\/wp-content\/uploads\/2024\/03\/SAC2645PRI.webp\",\"datePublished\":\"2024-03-01T15:50:10+00:00\",\"dateModified\":\"2026-03-12T15:37:29+00:00\",\"description\":\"Hemdchenbeutel \u201ePrimeur\u201c 26 + 12 x 45 cm, 50 \u00b5 aus LDPE, widerstandsf\u00e4hig und praktisch zum Verpacken Ihrer Fleischereiprodukte. 500 St\u00fcck.\",\"breadcrumb\":{\"@id\":\"https:\/\/www.csj-emballages.com\/de\/produit\/500-primeurs-schultertaschen-26-12-x-45-cm-50-%c2%b5-aus-ldpe\/#breadcrumb\"},\"inLanguage\":\"de\",\"potentialAction\":[{\"@type\":\"ReadAction\",\"target\":[\"https:\/\/www.csj-emballages.com\/de\/produit\/500-primeurs-schultertaschen-26-12-x-45-cm-50-%c2%b5-aus-ldpe\/\"]}]},{\"@type\":\"ImageObject\",\"inLanguage\":\"de\",\"@id\":\"https:\/\/www.csj-emballages.com\/de\/produit\/500-primeurs-schultertaschen-26-12-x-45-cm-50-%c2%b5-aus-ldpe\/#primaryimage\",\"url\":\"https:\/\/www.csj-emballages.com\/wp-content\/uploads\/2024\/03\/SAC2645PRI.webp\",\"contentUrl\":\"https:\/\/www.csj-emballages.com\/wp-content\/uploads\/2024\/03\/SAC2645PRI.webp\",\"width\":800,\"height\":800,\"caption\":\"sac bretelle\"},{\"@type\":\"BreadcrumbList\",\"@id\":\"https:\/\/www.csj-emballages.com\/de\/produit\/500-primeurs-schultertaschen-26-12-x-45-cm-50-%c2%b5-aus-ldpe\/#breadcrumb\",\"itemListElement\":[{\"@type\":\"ListItem\",\"position\":1,\"name\":\"Accueil\",\"item\":\"https:\/\/www.csj-emballages.com\/de\/universum-lebensmittelverpackungen\/\"},{\"@type\":\"ListItem\",\"position\":2,\"name\":\"Shop\",\"item\":\"https:\/\/www.csj-emballages.com\/shop\/\"},{\"@type\":\"ListItem\",\"position\":3,\"name\":\"LDPE-Schultertasche \u00ab\u00a0Primeur\u00a0\u00bb 26 + 12 x 45 cm 50 \u00b5 pro 500\"}]},{\"@type\":\"WebSite\",\"@id\":\"https:\/\/www.csj-emballages.com\/de\/#website\",\"url\":\"https:\/\/www.csj-emballages.com\/de\/\",\"name\":\"CSJ Emballages\",\"description\":\"\",\"publisher\":{\"@id\":\"https:\/\/www.csj-emballages.com\/de\/#organization\"},\"potentialAction\":[{\"@type\":\"SearchAction\",\"target\":{\"@type\":\"EntryPoint\",\"urlTemplate\":\"https:\/\/www.csj-emballages.com\/de\/?s={search_term_string}\"},\"query-input\":{\"@type\":\"PropertyValueSpecification\",\"valueRequired\":true,\"valueName\":\"search_term_string\"}}],\"inLanguage\":\"de\"},{\"@type\":\"Organization\",\"@id\":\"https:\/\/www.csj-emballages.com\/de\/#Organization\/\",\"name\":\"CSJ Emballages\",\"url\":\"https:\/\/www.csj-emballages.com\/de\/\",\"logo\":{\"@type\":\"ImageObject\",\"inLanguage\":\"de\",\"@id\":\"https:\/\/www.csj-emballages.com\/de\/#\/schema\/logo\/image\/\",\"url\":\"https:\/\/www.csj-emballages.com\/wp-content\/uploads\/2023\/10\/logo_csj.webp\",\"contentUrl\":\"https:\/\/www.csj-emballages.com\/wp-content\/uploads\/2023\/10\/logo_csj.webp\",\"width\":250,\"height\":95,\"caption\":\"CSJ Emballages\"},\"image\":{\"@id\":\"https:\/\/www.csj-emballages.com\/de\/#\/schema\/logo\/image\/\"},\"sameAs\":[\"https:\/\/www.facebook.com\/csjemballages\"],\"address\":{\"@type\":\"PostalAddress\",\"streetAddress\":\"ZI La Lechere\",\"addressLocality\":\"Patornay\",\"postalCode\":\"39130\",\"addressCountry\":\"FR\"},\"contactPoint\":[{\"@type\":\"ContactPoint\",\"contactType\":\"Service client\",\"telephone\":\"0384254272\",\"email\":\"contact@csj-emballages.com\"}]}]}<\/script>\n<!-- \/ Yoast SEO Premium plugin. -->","yoast_head_json":{"title":"LDPE-Schultertasche \"Primeur\" 50\u00b5 - 26 + 12 x 45 cm","description":"Hemdchenbeutel \u201ePrimeur\u201c 26 + 12 x 45 cm, 50 \u00b5 aus LDPE, widerstandsf\u00e4hig und praktisch zum Verpacken Ihrer Fleischereiprodukte. 500 St\u00fcck.","robots":{"index":"index","follow":"follow","max-snippet":"max-snippet:-1","max-image-preview":"max-image-preview:large","max-video-preview":"max-video-preview:-1"},"canonical":"https:\/\/www.csj-emballages.com\/de\/produit\/500-primeurs-schultertaschen-26-12-x-45-cm-50-%c2%b5-aus-ldpe\/","og_locale":"de_DE","og_type":"article","og_title":"LDPE-Schultertasche \"Primeur\" 26 + 12 x 45 cm 50 \u00b5 pro 500","og_description":"Hemdchenbeutel \u201ePrimeur\u201c 26 + 12 x 45 cm, 50 \u00b5 aus LDPE, widerstandsf\u00e4hig und praktisch zum Verpacken Ihrer Fleischereiprodukte. 500 St\u00fcck.","og_url":"https:\/\/www.csj-emballages.com\/de\/produit\/500-primeurs-schultertaschen-26-12-x-45-cm-50-%c2%b5-aus-ldpe\/","og_site_name":"CSJ Emballages","article_publisher":"https:\/\/www.facebook.com\/csjemballages","article_modified_time":"2026-03-12T15:37:29+00:00","og_image":[{"width":800,"height":800,"url":"https:\/\/www.csj-emballages.com\/wp-content\/uploads\/2024\/03\/SAC2645PRI.webp","type":"image\/webp"}],"twitter_card":"summary_large_image","twitter_misc":{"Gesch\u00e4tzte Lesezeit":"2 Minuten"},"schema":{"@context":"https:\/\/schema.org","@graph":[{"@type":"WebPage","@id":"https:\/\/www.csj-emballages.com\/de\/produit\/500-primeurs-schultertaschen-26-12-x-45-cm-50-%c2%b5-aus-ldpe\/","url":"https:\/\/www.csj-emballages.com\/de\/produit\/500-primeurs-schultertaschen-26-12-x-45-cm-50-%c2%b5-aus-ldpe\/","name":"LDPE-Schultertasche \"Primeur\" 50\u00b5 - 26 + 12 x 45 cm","isPartOf":{"@id":"https:\/\/www.csj-emballages.com\/de\/#website"},"primaryImageOfPage":{"@id":"https:\/\/www.csj-emballages.com\/de\/produit\/500-primeurs-schultertaschen-26-12-x-45-cm-50-%c2%b5-aus-ldpe\/#primaryimage"},"image":{"@id":"https:\/\/www.csj-emballages.com\/de\/produit\/500-primeurs-schultertaschen-26-12-x-45-cm-50-%c2%b5-aus-ldpe\/#primaryimage"},"thumbnailUrl":"https:\/\/www.csj-emballages.com\/wp-content\/uploads\/2024\/03\/SAC2645PRI.webp","datePublished":"2024-03-01T15:50:10+00:00","dateModified":"2026-03-12T15:37:29+00:00","description":"Hemdchenbeutel \u201ePrimeur\u201c 26 + 12 x 45 cm, 50 \u00b5 aus LDPE, widerstandsf\u00e4hig und praktisch zum Verpacken Ihrer Fleischereiprodukte. 500 St\u00fcck.","breadcrumb":{"@id":"https:\/\/www.csj-emballages.com\/de\/produit\/500-primeurs-schultertaschen-26-12-x-45-cm-50-%c2%b5-aus-ldpe\/#breadcrumb"},"inLanguage":"de","potentialAction":[{"@type":"ReadAction","target":["https:\/\/www.csj-emballages.com\/de\/produit\/500-primeurs-schultertaschen-26-12-x-45-cm-50-%c2%b5-aus-ldpe\/"]}]},{"@type":"ImageObject","inLanguage":"de","@id":"https:\/\/www.csj-emballages.com\/de\/produit\/500-primeurs-schultertaschen-26-12-x-45-cm-50-%c2%b5-aus-ldpe\/#primaryimage","url":"https:\/\/www.csj-emballages.com\/wp-content\/uploads\/2024\/03\/SAC2645PRI.webp","contentUrl":"https:\/\/www.csj-emballages.com\/wp-content\/uploads\/2024\/03\/SAC2645PRI.webp","width":800,"height":800,"caption":"sac bretelle"},{"@type":"BreadcrumbList","@id":"https:\/\/www.csj-emballages.com\/de\/produit\/500-primeurs-schultertaschen-26-12-x-45-cm-50-%c2%b5-aus-ldpe\/#breadcrumb","itemListElement":[{"@type":"ListItem","position":1,"name":"Accueil","item":"https:\/\/www.csj-emballages.com\/de\/universum-lebensmittelverpackungen\/"},{"@type":"ListItem","position":2,"name":"Shop","item":"https:\/\/www.csj-emballages.com\/shop\/"},{"@type":"ListItem","position":3,"name":"LDPE-Schultertasche \u00ab\u00a0Primeur\u00a0\u00bb 26 + 12 x 45 cm 50 \u00b5 pro 500"}]},{"@type":"WebSite","@id":"https:\/\/www.csj-emballages.com\/de\/#website","url":"https:\/\/www.csj-emballages.com\/de\/","name":"CSJ Emballages","description":"","publisher":{"@id":"https:\/\/www.csj-emballages.com\/de\/#organization"},"potentialAction":[{"@type":"SearchAction","target":{"@type":"EntryPoint","urlTemplate":"https:\/\/www.csj-emballages.com\/de\/?s={search_term_string}"},"query-input":{"@type":"PropertyValueSpecification","valueRequired":true,"valueName":"search_term_string"}}],"inLanguage":"de"},{"@type":"Organization","@id":"https:\/\/www.csj-emballages.com\/de\/#Organization\/","name":"CSJ Emballages","url":"https:\/\/www.csj-emballages.com\/de\/","logo":{"@type":"ImageObject","inLanguage":"de","@id":"https:\/\/www.csj-emballages.com\/de\/#\/schema\/logo\/image\/","url":"https:\/\/www.csj-emballages.com\/wp-content\/uploads\/2023\/10\/logo_csj.webp","contentUrl":"https:\/\/www.csj-emballages.com\/wp-content\/uploads\/2023\/10\/logo_csj.webp","width":250,"height":95,"caption":"CSJ Emballages"},"image":{"@id":"https:\/\/www.csj-emballages.com\/de\/#\/schema\/logo\/image\/"},"sameAs":["https:\/\/www.facebook.com\/csjemballages"],"address":{"@type":"PostalAddress","streetAddress":"ZI La Lechere","addressLocality":"Patornay","postalCode":"39130","addressCountry":"FR"},"contactPoint":[{"@type":"ContactPoint","contactType":"Service client","telephone":"0384254272","email":"contact@csj-emballages.com"}]}]}},"df_price":53.69,"df_sale_price":"","df_regular_price":53.69,"df_image_link":"https:\/\/www.csj-emballages.com\/wp-content\/uploads\/2024\/03\/SAC2645PRI-300x300.webp","tiered_pricing_type":"fixed","tiered_pricing_fixed_rules":[],"tiered_pricing_percentage_rules":[],"tiered_pricing_minimum":1,"tiered_pricing_roles_data":[],"_links":{"self":[{"href":"https:\/\/www.csj-emballages.com\/de\/wp-json\/wp\/v2\/product\/23087","targetHints":{"allow":["GET"]}}],"collection":[{"href":"https:\/\/www.csj-emballages.com\/de\/wp-json\/wp\/v2\/product"}],"about":[{"href":"https:\/\/www.csj-emballages.com\/de\/wp-json\/wp\/v2\/types\/product"}],"wp:featuredmedia":[{"embeddable":true,"href":"https:\/\/www.csj-emballages.com\/de\/wp-json\/wp\/v2\/media\/207350"}],"wp:attachment":[{"href":"https:\/\/www.csj-emballages.com\/de\/wp-json\/wp\/v2\/media?parent=23087"}],"wp:term":[{"taxonomy":"product_brand","embeddable":true,"href":"https:\/\/www.csj-emballages.com\/de\/wp-json\/wp\/v2\/product_brand?post=23087"},{"taxonomy":"product_cat","embeddable":true,"href":"https:\/\/www.csj-emballages.com\/de\/wp-json\/wp\/v2\/product_cat?post=23087"},{"taxonomy":"product_tag","embeddable":true,"href":"https:\/\/www.csj-emballages.com\/de\/wp-json\/wp\/v2\/product_tag?post=23087"}],"curies":[{"name":"wp","href":"https:\/\/api.w.org\/{rel}","templated":true}]}}