{"id":23083,"date":"2024-03-01T16:50:09","date_gmt":"2024-03-01T15:50:09","guid":{"rendered":"https:\/\/u15jnbdpoq.preview.infomaniak.website\/produit\/300-gebuendelte-schlachtsaecke-60-x-100-cm-50-%c2%b5\/"},"modified":"2026-04-29T02:17:32","modified_gmt":"2026-04-29T00:17:32","slug":"300-gebuendelte-schlachtsaecke-60-x-100-cm-50-%c2%b5","status":"publish","type":"product","link":"https:\/\/www.csj-emballages.com\/de\/produit\/300-gebuendelte-schlachtsaecke-60-x-100-cm-50-%c2%b5\/","title":{"rendered":"Schlachtbeutel geb\u00fcndelt 60 x 100 cm 50 \u00b5, 250 St\u00fcck"},"content":{"rendered":"<h2>Tasche Schlachthof<\/h2>\n<hr>\n<h3>Beschreibung unseres geb\u00fcndelten Schlachtbeutels 60 x 100 cm 50 \u00b5, 250 St\u00fcck<\/h3>\n<p><!--more--><\/p>\n<div class=\"flex flex-grow flex-col max-w-full\">\n<div class=\"min-h-[20px] text-message flex flex-col items-start whitespace-pre-wrap break-words [.text-message+&amp;]:mt-5 juice:w-full juice:items-end overflow-x-auto gap-2\" dir=\"auto\" data-message-author-role=\"assistant\" data-message-id=\"3a536f7e-879d-4f2d-9ebb-28d2279e1068\">\n<div class=\"flex w-full flex-col gap-1 juice:empty:hidden juice:first:pt-[3px]\">\n<div class=\"markdown prose w-full break-words dark:prose-invert light\">\n<p data-start=\"212\" data-end=\"653\">Wenn es darum geht, gro\u00dfe Mengen und anspruchsvolle Anwendungen zu bew\u00e4ltigen, ist dieser <strong data-start=\"288\" data-end=\"323\">geb\u00fcndelte Schlachtbeutel 60 x 100 cm<\/strong> die unkomplizierte L\u00f6sung. F\u00fcr den professionellen Einsatz konzipiert, kombiniert er ein gro\u00dfz\u00fcgiges Format mit einer St\u00e4rke von <strong data-start=\"452\" data-end=\"466\">50 Mikron<\/strong>, was ihm erm\u00f6glicht, schwere Lasten zu tragen und dabei im Alltag zuverl\u00e4ssig zu bleiben. Sie k\u00f6nnen ihn bedenkenlos verwenden, selbst in Umgebungen, wo Widerstandsf\u00e4higkeit unerl\u00e4sslich ist.  <\/p>\n<p data-start=\"655\" data-end=\"1048\">Dank seiner <strong data-start=\"683\" data-end=\"693\">geb\u00fcndelten<\/strong> Verpackung wird die Entnahme der Beutel schneller und sauberer. Sie sparen Zeit, besonders wenn Arbeitsabl\u00e4ufe effizient ineinandergreifen m\u00fcssen. Einfach einen abtrennen, und schon geht&#8217;s weiter. Dieses Detail macht oft den Unterschied vor Ort, insbesondere in Schlachth\u00f6fen, Zerlegebetrieben, der Lebensmittelindustrie oder in Vorbereitungsbereichen.   <\/p>\n<p data-start=\"1050\" data-end=\"1393\">Sein gro\u00dfes Format von <strong data-start=\"1067\" data-end=\"1082\">60 x 100 cm<\/strong> bietet eine hohe Kapazit\u00e4t, ideal f\u00fcr die Sammlung volumin\u00f6ser oder schwerer Abf\u00e4lle. Der dicke Kunststoff minimiert das Risiko von Rissen und gew\u00e4hrleistet auch bei wiederholter Handhabung einen guten Halt. Zudem erm\u00f6glicht sein einfaches und funktionales Design eine vielseitige Nutzung ohne besondere Einschr\u00e4nkungen.  <\/p>\n<p data-start=\"1395\" data-end=\"1630\"><strong data-start=\"1401\" data-end=\"1419\">Im 250er-Pack<\/strong> verkauft, f\u00fcgt sich dieser Beutel nahtlos in professionelle Abl\u00e4ufe ein, wo Regelm\u00e4\u00dfigkeit und Zuverl\u00e4ssigkeit entscheidend sind. Sie antizipieren Ihren Bedarf, sichern Ihren Bestand und arbeiten entspannter. <\/p>\n<p data-start=\"1632\" data-end=\"1812\">Zusammenfassend setzt dieser <strong>Schlachtbeutel<\/strong> auf Effizienz statt auf \u00dcberfl\u00fcssiges. Er unterst\u00fctzt Profis bei ihren t\u00e4glichen Aufgaben mit Diskretion, Robustheit und Praktikabilit\u00e4t. <\/p>\n<\/div>\n<\/div>\n<\/div>\n<\/div>\n<h4><\/h4>\n<p><!--more--><\/p>\n<h4>Vorteile :<\/h4>\n<ul>\n<li data-start=\"1840\" data-end=\"1884\">Gro\u00dfes Format, f\u00fcr gro\u00dfe Mengen geeignet.<\/li>\n<li data-start=\"1887\" data-end=\"1933\"><strong>St\u00e4rke 50 \u00b5<\/strong> f\u00fcr bessere Widerstandsf\u00e4higkeit.<\/li>\n<li data-start=\"1936\" data-end=\"1977\">Praktische und schnelle B\u00fcndelverpackung.<\/li>\n<li data-start=\"1980\" data-end=\"2015\">Einfache und vielseitige Anwendung.<\/li>\n<li data-start=\"2018\" data-end=\"2058\">Wirtschaftliche Verpackung von <strong>250 Beuteln<\/strong>.<\/li>\n<\/ul>\n<p>&nbsp;<\/p>\n<p><!--more--><\/p>\n<p><strong>Weitere Informationen :  <\/strong><\/p>\n<ul>\n<li><strong>Verpackung<\/strong>: Packung mit 250<\/li>\n<li><strong>Ma\u00dfe<\/strong>: 60 x 100 cm<\/li>\n<li><strong>St\u00e4rke<\/strong>: 50 \u00b5<\/li>\n<\/ul>\n<p>&nbsp;<\/p>\n<p><!--more--><\/p>\n<p>Produkt auch in einer anderen Gr\u00f6\u00dfe erh\u00e4ltlich: <span style=\"color: #d12727;\"><a style=\"color: #d12727;\" href=\"https:\/\/www.csj-emballages.com\/es\/produit\/1000-bolsas-de-matadero-atadas-40-x-60-cm-30-%c2%b5\/\">40 x 60 cm<\/a><\/span><\/p>\n<p>&nbsp;<\/p>\n<p><!--more--><\/p>\n<p><a href=\"https:\/\/www.csj-emballages.com\/de\/categorie-produit\/lebensmittelverpackungen\/metzgerei-und-feinkostgeschaft\/sacke-und-beutel\/schlafsacke\/\">Sehen Sie sich den Rest unseres Sortiments an Schlafs\u00e4cken an.<\/a><\/p>\n","protected":false},"excerpt":{"rendered":"<p>Tasche Schlachthof Beschreibung unseres geb\u00fcndelten Schlachtbeutels 60 x 100 cm 50 \u00b5, 250 St\u00fcck<\/p>\n","protected":false},"featured_media":209351,"template":"","meta":{"_acf_changed":false},"product_brand":[],"product_cat":[1170,3287],"product_tag":[],"class_list":{"0":"post-23083","1":"product","2":"type-product","3":"status-publish","4":"has-post-thumbnail","6":"product_cat-metzgerei-und-feinkostgeschaft","7":"product_cat-schlafsacke","9":"first","10":"instock","11":"taxable","12":"shipping-taxable","13":"purchasable","14":"product-type-simple"},"acf":[],"yoast_head":"<!-- This site is optimized with the Yoast SEO Premium plugin v26.6 (Yoast SEO v26.6) - https:\/\/yoast.com\/wordpress\/plugins\/seo\/ -->\n<title>Schlachtensack Gebunden 50 \u00b5 - 60 x 100 cm<\/title>\n<meta name=\"description\" content=\"Schlachtbeutel geb\u00fcndelt 60 x 100 cm 50 \u00b5, 250 St\u00fcck: robust, flexibel und f\u00fcr anspruchsvolle Umgebungen geeignet, ideal f\u00fcr Lagerung und Transport von Abf\u00e4llen.\" \/>\n<meta name=\"robots\" content=\"index, follow, max-snippet:-1, max-image-preview:large, max-video-preview:-1\" \/>\n<link rel=\"canonical\" href=\"https:\/\/www.csj-emballages.com\/de\/produit\/300-gebuendelte-schlachtsaecke-60-x-100-cm-50-%c2%b5\/\" \/>\n<meta property=\"og:locale\" content=\"de_DE\" \/>\n<meta property=\"og:type\" content=\"article\" \/>\n<meta property=\"og:title\" content=\"Schlachtbeutel geb\u00fcndelt 60 x 100 cm 50 \u00b5, 250 St\u00fcck\" \/>\n<meta property=\"og:description\" content=\"Schlachtbeutel geb\u00fcndelt 60 x 100 cm 50 \u00b5, 250 St\u00fcck: robust, flexibel und f\u00fcr anspruchsvolle Umgebungen geeignet, ideal f\u00fcr Lagerung und Transport von Abf\u00e4llen.\" \/>\n<meta property=\"og:url\" content=\"https:\/\/www.csj-emballages.com\/de\/produit\/300-gebuendelte-schlachtsaecke-60-x-100-cm-50-%c2%b5\/\" \/>\n<meta property=\"og:site_name\" content=\"CSJ Emballages\" \/>\n<meta property=\"article:publisher\" content=\"https:\/\/www.facebook.com\/csjemballages\" \/>\n<meta property=\"article:modified_time\" content=\"2026-04-29T00:17:32+00:00\" \/>\n<meta property=\"og:image\" content=\"https:\/\/www.csj-emballages.com\/wp-content\/uploads\/2024\/03\/sac-abattoir.webp\" \/>\n\t<meta property=\"og:image:width\" content=\"801\" \/>\n\t<meta property=\"og:image:height\" content=\"800\" \/>\n\t<meta property=\"og:image:type\" content=\"image\/webp\" \/>\n<meta name=\"twitter:card\" content=\"summary_large_image\" \/>\n<meta name=\"twitter:label1\" content=\"Gesch\u00e4tzte Lesezeit\" \/>\n\t<meta name=\"twitter:data1\" content=\"2 Minuten\" \/>\n<script type=\"application\/ld+json\" class=\"yoast-schema-graph\">{\"@context\":\"https:\/\/schema.org\",\"@graph\":[{\"@type\":\"WebPage\",\"@id\":\"https:\/\/www.csj-emballages.com\/de\/produit\/300-gebuendelte-schlachtsaecke-60-x-100-cm-50-%c2%b5\/\",\"url\":\"https:\/\/www.csj-emballages.com\/de\/produit\/300-gebuendelte-schlachtsaecke-60-x-100-cm-50-%c2%b5\/\",\"name\":\"Schlachtensack Gebunden 50 \u00b5 - 60 x 100 cm\",\"isPartOf\":{\"@id\":\"https:\/\/www.csj-emballages.com\/de\/#website\"},\"primaryImageOfPage\":{\"@id\":\"https:\/\/www.csj-emballages.com\/de\/produit\/300-gebuendelte-schlachtsaecke-60-x-100-cm-50-%c2%b5\/#primaryimage\"},\"image\":{\"@id\":\"https:\/\/www.csj-emballages.com\/de\/produit\/300-gebuendelte-schlachtsaecke-60-x-100-cm-50-%c2%b5\/#primaryimage\"},\"thumbnailUrl\":\"https:\/\/www.csj-emballages.com\/wp-content\/uploads\/2024\/03\/sac-abattoir.webp\",\"datePublished\":\"2024-03-01T15:50:09+00:00\",\"dateModified\":\"2026-04-29T00:17:32+00:00\",\"description\":\"Schlachtbeutel geb\u00fcndelt 60 x 100 cm 50 \u00b5, 250 St\u00fcck: robust, flexibel und f\u00fcr anspruchsvolle Umgebungen geeignet, ideal f\u00fcr Lagerung und Transport von Abf\u00e4llen.\",\"breadcrumb\":{\"@id\":\"https:\/\/www.csj-emballages.com\/de\/produit\/300-gebuendelte-schlachtsaecke-60-x-100-cm-50-%c2%b5\/#breadcrumb\"},\"inLanguage\":\"de\",\"potentialAction\":[{\"@type\":\"ReadAction\",\"target\":[\"https:\/\/www.csj-emballages.com\/de\/produit\/300-gebuendelte-schlachtsaecke-60-x-100-cm-50-%c2%b5\/\"]}]},{\"@type\":\"ImageObject\",\"inLanguage\":\"de\",\"@id\":\"https:\/\/www.csj-emballages.com\/de\/produit\/300-gebuendelte-schlachtsaecke-60-x-100-cm-50-%c2%b5\/#primaryimage\",\"url\":\"https:\/\/www.csj-emballages.com\/wp-content\/uploads\/2024\/03\/sac-abattoir.webp\",\"contentUrl\":\"https:\/\/www.csj-emballages.com\/wp-content\/uploads\/2024\/03\/sac-abattoir.webp\",\"width\":801,\"height\":800,\"caption\":\"sac abattoir\"},{\"@type\":\"BreadcrumbList\",\"@id\":\"https:\/\/www.csj-emballages.com\/de\/produit\/300-gebuendelte-schlachtsaecke-60-x-100-cm-50-%c2%b5\/#breadcrumb\",\"itemListElement\":[{\"@type\":\"ListItem\",\"position\":1,\"name\":\"Accueil\",\"item\":\"https:\/\/www.csj-emballages.com\/de\/universum-lebensmittelverpackungen\/\"},{\"@type\":\"ListItem\",\"position\":2,\"name\":\"Shop\",\"item\":\"https:\/\/www.csj-emballages.com\/shop\/\"},{\"@type\":\"ListItem\",\"position\":3,\"name\":\"Schlachtbeutel geb\u00fcndelt 60 x 100 cm 50 \u00b5, 250 St\u00fcck\"}]},{\"@type\":\"WebSite\",\"@id\":\"https:\/\/www.csj-emballages.com\/de\/#website\",\"url\":\"https:\/\/www.csj-emballages.com\/de\/\",\"name\":\"CSJ Emballages\",\"description\":\"\",\"publisher\":{\"@id\":\"https:\/\/www.csj-emballages.com\/de\/#organization\"},\"potentialAction\":[{\"@type\":\"SearchAction\",\"target\":{\"@type\":\"EntryPoint\",\"urlTemplate\":\"https:\/\/www.csj-emballages.com\/de\/?s={search_term_string}\"},\"query-input\":{\"@type\":\"PropertyValueSpecification\",\"valueRequired\":true,\"valueName\":\"search_term_string\"}}],\"inLanguage\":\"de\"},{\"@type\":\"Organization\",\"@id\":\"https:\/\/www.csj-emballages.com\/de\/#Organization\/\",\"name\":\"CSJ Emballages\",\"url\":\"https:\/\/www.csj-emballages.com\/de\/\",\"logo\":{\"@type\":\"ImageObject\",\"inLanguage\":\"de\",\"@id\":\"https:\/\/www.csj-emballages.com\/de\/#\/schema\/logo\/image\/\",\"url\":\"https:\/\/www.csj-emballages.com\/wp-content\/uploads\/2023\/10\/logo_csj.webp\",\"contentUrl\":\"https:\/\/www.csj-emballages.com\/wp-content\/uploads\/2023\/10\/logo_csj.webp\",\"width\":250,\"height\":95,\"caption\":\"CSJ Emballages\"},\"image\":{\"@id\":\"https:\/\/www.csj-emballages.com\/de\/#\/schema\/logo\/image\/\"},\"sameAs\":[\"https:\/\/www.facebook.com\/csjemballages\"],\"address\":{\"@type\":\"PostalAddress\",\"streetAddress\":\"ZI La Lechere\",\"addressLocality\":\"Patornay\",\"postalCode\":\"39130\",\"addressCountry\":\"FR\"},\"contactPoint\":[{\"@type\":\"ContactPoint\",\"contactType\":\"Service client\",\"telephone\":\"0384254272\",\"email\":\"contact@csj-emballages.com\"}]}]}<\/script>\n<!-- \/ Yoast SEO Premium plugin. -->","yoast_head_json":{"title":"Schlachtensack Gebunden 50 \u00b5 - 60 x 100 cm","description":"Schlachtbeutel geb\u00fcndelt 60 x 100 cm 50 \u00b5, 250 St\u00fcck: robust, flexibel und f\u00fcr anspruchsvolle Umgebungen geeignet, ideal f\u00fcr Lagerung und Transport von Abf\u00e4llen.","robots":{"index":"index","follow":"follow","max-snippet":"max-snippet:-1","max-image-preview":"max-image-preview:large","max-video-preview":"max-video-preview:-1"},"canonical":"https:\/\/www.csj-emballages.com\/de\/produit\/300-gebuendelte-schlachtsaecke-60-x-100-cm-50-%c2%b5\/","og_locale":"de_DE","og_type":"article","og_title":"Schlachtbeutel geb\u00fcndelt 60 x 100 cm 50 \u00b5, 250 St\u00fcck","og_description":"Schlachtbeutel geb\u00fcndelt 60 x 100 cm 50 \u00b5, 250 St\u00fcck: robust, flexibel und f\u00fcr anspruchsvolle Umgebungen geeignet, ideal f\u00fcr Lagerung und Transport von Abf\u00e4llen.","og_url":"https:\/\/www.csj-emballages.com\/de\/produit\/300-gebuendelte-schlachtsaecke-60-x-100-cm-50-%c2%b5\/","og_site_name":"CSJ Emballages","article_publisher":"https:\/\/www.facebook.com\/csjemballages","article_modified_time":"2026-04-29T00:17:32+00:00","og_image":[{"width":801,"height":800,"url":"https:\/\/www.csj-emballages.com\/wp-content\/uploads\/2024\/03\/sac-abattoir.webp","type":"image\/webp"}],"twitter_card":"summary_large_image","twitter_misc":{"Gesch\u00e4tzte Lesezeit":"2 Minuten"},"schema":{"@context":"https:\/\/schema.org","@graph":[{"@type":"WebPage","@id":"https:\/\/www.csj-emballages.com\/de\/produit\/300-gebuendelte-schlachtsaecke-60-x-100-cm-50-%c2%b5\/","url":"https:\/\/www.csj-emballages.com\/de\/produit\/300-gebuendelte-schlachtsaecke-60-x-100-cm-50-%c2%b5\/","name":"Schlachtensack Gebunden 50 \u00b5 - 60 x 100 cm","isPartOf":{"@id":"https:\/\/www.csj-emballages.com\/de\/#website"},"primaryImageOfPage":{"@id":"https:\/\/www.csj-emballages.com\/de\/produit\/300-gebuendelte-schlachtsaecke-60-x-100-cm-50-%c2%b5\/#primaryimage"},"image":{"@id":"https:\/\/www.csj-emballages.com\/de\/produit\/300-gebuendelte-schlachtsaecke-60-x-100-cm-50-%c2%b5\/#primaryimage"},"thumbnailUrl":"https:\/\/www.csj-emballages.com\/wp-content\/uploads\/2024\/03\/sac-abattoir.webp","datePublished":"2024-03-01T15:50:09+00:00","dateModified":"2026-04-29T00:17:32+00:00","description":"Schlachtbeutel geb\u00fcndelt 60 x 100 cm 50 \u00b5, 250 St\u00fcck: robust, flexibel und f\u00fcr anspruchsvolle Umgebungen geeignet, ideal f\u00fcr Lagerung und Transport von Abf\u00e4llen.","breadcrumb":{"@id":"https:\/\/www.csj-emballages.com\/de\/produit\/300-gebuendelte-schlachtsaecke-60-x-100-cm-50-%c2%b5\/#breadcrumb"},"inLanguage":"de","potentialAction":[{"@type":"ReadAction","target":["https:\/\/www.csj-emballages.com\/de\/produit\/300-gebuendelte-schlachtsaecke-60-x-100-cm-50-%c2%b5\/"]}]},{"@type":"ImageObject","inLanguage":"de","@id":"https:\/\/www.csj-emballages.com\/de\/produit\/300-gebuendelte-schlachtsaecke-60-x-100-cm-50-%c2%b5\/#primaryimage","url":"https:\/\/www.csj-emballages.com\/wp-content\/uploads\/2024\/03\/sac-abattoir.webp","contentUrl":"https:\/\/www.csj-emballages.com\/wp-content\/uploads\/2024\/03\/sac-abattoir.webp","width":801,"height":800,"caption":"sac abattoir"},{"@type":"BreadcrumbList","@id":"https:\/\/www.csj-emballages.com\/de\/produit\/300-gebuendelte-schlachtsaecke-60-x-100-cm-50-%c2%b5\/#breadcrumb","itemListElement":[{"@type":"ListItem","position":1,"name":"Accueil","item":"https:\/\/www.csj-emballages.com\/de\/universum-lebensmittelverpackungen\/"},{"@type":"ListItem","position":2,"name":"Shop","item":"https:\/\/www.csj-emballages.com\/shop\/"},{"@type":"ListItem","position":3,"name":"Schlachtbeutel geb\u00fcndelt 60 x 100 cm 50 \u00b5, 250 St\u00fcck"}]},{"@type":"WebSite","@id":"https:\/\/www.csj-emballages.com\/de\/#website","url":"https:\/\/www.csj-emballages.com\/de\/","name":"CSJ Emballages","description":"","publisher":{"@id":"https:\/\/www.csj-emballages.com\/de\/#organization"},"potentialAction":[{"@type":"SearchAction","target":{"@type":"EntryPoint","urlTemplate":"https:\/\/www.csj-emballages.com\/de\/?s={search_term_string}"},"query-input":{"@type":"PropertyValueSpecification","valueRequired":true,"valueName":"search_term_string"}}],"inLanguage":"de"},{"@type":"Organization","@id":"https:\/\/www.csj-emballages.com\/de\/#Organization\/","name":"CSJ Emballages","url":"https:\/\/www.csj-emballages.com\/de\/","logo":{"@type":"ImageObject","inLanguage":"de","@id":"https:\/\/www.csj-emballages.com\/de\/#\/schema\/logo\/image\/","url":"https:\/\/www.csj-emballages.com\/wp-content\/uploads\/2023\/10\/logo_csj.webp","contentUrl":"https:\/\/www.csj-emballages.com\/wp-content\/uploads\/2023\/10\/logo_csj.webp","width":250,"height":95,"caption":"CSJ Emballages"},"image":{"@id":"https:\/\/www.csj-emballages.com\/de\/#\/schema\/logo\/image\/"},"sameAs":["https:\/\/www.facebook.com\/csjemballages"],"address":{"@type":"PostalAddress","streetAddress":"ZI La Lechere","addressLocality":"Patornay","postalCode":"39130","addressCountry":"FR"},"contactPoint":[{"@type":"ContactPoint","contactType":"Service client","telephone":"0384254272","email":"contact@csj-emballages.com"}]}]}},"df_price":82.8,"df_sale_price":"","df_regular_price":82.8,"df_image_link":"https:\/\/www.csj-emballages.com\/wp-content\/uploads\/2024\/03\/sac-abattoir-300x300.webp","tiered_pricing_type":"fixed","tiered_pricing_fixed_rules":[],"tiered_pricing_percentage_rules":[],"tiered_pricing_minimum":1,"tiered_pricing_roles_data":[],"_links":{"self":[{"href":"https:\/\/www.csj-emballages.com\/de\/wp-json\/wp\/v2\/product\/23083","targetHints":{"allow":["GET"]}}],"collection":[{"href":"https:\/\/www.csj-emballages.com\/de\/wp-json\/wp\/v2\/product"}],"about":[{"href":"https:\/\/www.csj-emballages.com\/de\/wp-json\/wp\/v2\/types\/product"}],"wp:featuredmedia":[{"embeddable":true,"href":"https:\/\/www.csj-emballages.com\/de\/wp-json\/wp\/v2\/media\/209351"}],"wp:attachment":[{"href":"https:\/\/www.csj-emballages.com\/de\/wp-json\/wp\/v2\/media?parent=23083"}],"wp:term":[{"taxonomy":"product_brand","embeddable":true,"href":"https:\/\/www.csj-emballages.com\/de\/wp-json\/wp\/v2\/product_brand?post=23083"},{"taxonomy":"product_cat","embeddable":true,"href":"https:\/\/www.csj-emballages.com\/de\/wp-json\/wp\/v2\/product_cat?post=23083"},{"taxonomy":"product_tag","embeddable":true,"href":"https:\/\/www.csj-emballages.com\/de\/wp-json\/wp\/v2\/product_tag?post=23083"}],"curies":[{"name":"wp","href":"https:\/\/api.w.org\/{rel}","templated":true}]}}