{"id":23080,"date":"2024-03-01T16:50:10","date_gmt":"2024-03-01T15:50:10","guid":{"rendered":"https:\/\/u15jnbdpoq.preview.infomaniak.website\/produit\/500-weisse-hosentraegertaschen-26-12-x-45-cm-50-%c2%b5-aus-kunststoff\/"},"modified":"2026-04-28T11:02:40","modified_gmt":"2026-04-28T09:02:40","slug":"500-weisse-hosentraegertaschen-26-12-x-45-cm-50-%c2%b5-aus-kunststoff","status":"publish","type":"product","link":"https:\/\/www.csj-emballages.com\/de\/produit\/500-weisse-hosentraegertaschen-26-12-x-45-cm-50-%c2%b5-aus-kunststoff\/","title":{"rendered":"Wei\u00dfer Plastikbeutel mit Tr\u00e4gern gencodiert 26 + 12 x 45 cm 50 \u00b5 pro 500"},"content":{"rendered":"<div style=\"font-family: Roboto, sans-serif;\">\n<div style=\"font-family: Roboto, sans-serif;\">\n<div style=\"font-family: Roboto, sans-serif;\">\n<div style=\"font-family: Roboto, sans-serif;\">\n<div style=\"font-family: Roboto, sans-serif;\">\n<div style=\"font-family: Roboto, sans-serif;\">\n<h2>Umh\u00e4ngetasche<\/h2>\n<hr>\n<h3>Beschreibung unserer Tr\u00e4gertasche wei\u00df gencodiert 26 + 12 x 45 cm 50 \u00b5 aus Kunststoff pro 500<\/h3>\n<p><!--more--><\/p>\n<div style=\"box-sizing: inherit; font-family: Roboto, sans-serif;\">\n<div style=\"font-family: Roboto, sans-serif;\">\n<div style=\"font-family: Roboto, sans-serif;\">\n<div style=\"font-family: Roboto, sans-serif;\">\n<div style=\"font-family: Roboto, sans-serif;\">\n<div style=\"font-family: Roboto, sans-serif;\">\n<div style=\"font-family: Roboto, sans-serif;\">\n<p>Unsere <strong>wei\u00dfen 50\u00b5 Kunststoff-Hosentr\u00e4gertaschen<\/strong> eignen sich perfekt f\u00fcr den t\u00e4glichen Gebrauch in Gesch\u00e4ften und Boutiquen. Diese <strong>Taschen<\/strong> sind mit einer Dicke von <strong>50 Mikron<\/strong> konzipiert und bieten Robustheit und Haltbarkeit f\u00fcr den Transport verschiedener Produkte. Die praktischen <strong>Hosentr\u00e4gergriffe<\/strong> bieten einen bequemen Transport, auch bei schwereren Lasten.<\/p>\n<p>Diese <strong>Taschen<\/strong> sind aus <strong>wei\u00dfem Kunststoff<\/strong> gefertigt und haben ein sauberes und professionelles Aussehen. Dank ihres vielseitigen Designs eignen sie sich f\u00fcr viele Zwecke, vom t\u00e4glichen Einkauf bis hin zu Produktverpackungen. Dar\u00fcber hinaus sind die <strong>wei\u00dfen 50\u00b5 Kunststoff-Schultertaschen<\/strong> in verschiedenen Gr\u00f6\u00dfen und Designs erh\u00e4ltlich, um Ihren Verpackungsbed\u00fcrfnissen gerecht zu werden.<\/p>\n<p>Die Verwendung dieser <strong>Taschen<\/strong> garantiert Ihnen eine kosteng\u00fcnstige L\u00f6sung, w\u00e4hrend Sie gleichzeitig eine gepflegte Pr\u00e4sentation Ihrer Produkte beibehalten. Dar\u00fcber hinaus sind sie recycelbar und tragen so zu einem umweltfreundlichen Ansatz bei. Ihr neutrales <strong>wei\u00dfes<\/strong> Design passt sich jeder Umgebung an und garantiert eine \u00e4sthetische Pr\u00e4sentation.<\/p>\n<p>Diese <strong>Schultertaschen<\/strong> sind besonders praktisch, da sie mit zwei Seitenfalten ausgestattet sind, um eine gr\u00f6\u00dfere Kapazit\u00e4t zu bieten.<\/p>\n<p>&nbsp;<\/p>\n<p><!--more--><\/p>\n<p>Bedruckt*. <span style=\"color: #339966;\"><br \/>\n  <em>&#8222;Ich bin wiederverwendbar, bitte werfen Sie mich nicht in die Natur&#8220;. <\/em><br \/>\n<\/span> <\/p>\n<\/div>\n<\/div>\n<\/div>\n<\/div>\n<p>&nbsp;<\/p>\n<\/div>\n<\/div>\n<\/div>\n<\/div>\n<\/div>\n<\/div>\n<\/div>\n<\/div>\n<\/div>\n<p><!--more--><\/p>\n<h4>Ihre Vorteile :<\/h4>\n<ul>\n<li><strong>Robust und<\/strong> langlebig: 50 Mikron Dicke sorgt f\u00fcr hohe Festigkeit und lange Lebensdauer.<\/li>\n<li><strong>Vielseitigkeit<\/strong>: Geeignet f\u00fcr eine Vielzahl von Zwecken, vom Einzelhandel bis zu Spezialgesch\u00e4ften.<\/li>\n<li><strong>Wirtschaftlich<\/strong>: Kosteng\u00fcnstige Verpackungsl\u00f6sung f\u00fcr den Einzelhandel mit einem ausgezeichneten Preis-Leistungs-Verh\u00e4ltnis.<\/li>\n<li><strong>Einfach zu recyc<\/strong> eln: Aus recycelbarem Kunststoff hergestellt, tragen sie zu einer verantwortungsvollen Abfallwirtschaft bei.<\/li>\n<li><strong>Drucken<\/strong>: Drucken eines Gencodes<\/li>\n<\/ul>\n<p>&nbsp;<\/p>\n<div style=\"font-family: Roboto, sans-serif;\">\n<div style=\"font-family: Roboto, sans-serif;\">\n<div style=\"font-family: Roboto, sans-serif;\">\n<div style=\"font-family: Roboto, sans-serif;\">\n<div style=\"font-family: Roboto, sans-serif;\">\n<div style=\"font-family: Roboto, sans-serif;\">\n<p><!--more--><\/p>\n<div style=\"box-sizing: inherit; font-family: Roboto, sans-serif;\">\n<div style=\"box-sizing: inherit; font-family: Roboto, sans-serif;\">\n<div style=\"box-sizing: inherit; font-family: Roboto, sans-serif;\">\n<div style=\"box-sizing: inherit; font-family: Roboto, sans-serif;\">\n<h4>Weitere Informationen :<\/h4>\n<ul>\n<li><strong>Gr\u00f6\u00dfe: <\/strong>260 + 120 x 450 mm<\/li>\n<li><strong>Material: <\/strong>Plastik<\/li>\n<li><strong>Widerstand<\/strong>: 50 Mikron<\/li>\n<li><strong>Verpackung: <\/strong>Karton mit 500 St\u00fcck<\/li>\n<li><strong>Farbe: <\/strong>Wei\u00df mit Drucken<\/li>\n<\/ul>\n<\/div>\n<p>&nbsp;<\/p>\n<\/div>\n<\/div>\n<\/div>\n<p><!--more--><\/p>\n<p>Dieses Produkt gibt es auch ohne Gencode : <span style=\"color: #d12727;\"><a style=\"color: #d12727;\" href=\"https:\/\/www.csj-emballages.com\/produit\/400-sacs-bretelles-blancs-30-14-x-54-cm-50-%c2%b5-en-plastique\/\">SAC50541<\/a><\/span><\/p>\n<p>&nbsp;<\/p>\n<p><!--more--><\/p>\n<p><a href=\"https:\/\/www.csj-emballages.com\/de\/categorie-produit\/lebensmittelverpackungen\/restauration-de\/sacke-und-papier\/schultertaschen-krafts-de\/plastiksacke\/\">Sehen Sie sich den Rest unseres Sortiments an Plastikt\u00fcten an.<\/a><\/p>\n<\/div>\n<\/div>\n<\/div>\n<\/div>\n<\/div>\n<\/div>\n","protected":false},"excerpt":{"rendered":"<p>Umh\u00e4ngetasche Beschreibung unserer Tr\u00e4gertasche wei\u00df gencodiert 26 + 12 x 45 cm 50 \u00b5 aus Kunststoff pro 500<\/p>\n","protected":false},"featured_media":207368,"template":"","meta":{"_acf_changed":false},"product_brand":[],"product_cat":[1137,1134,3976,2800,9207,1487,1882,3280],"product_tag":[],"class_list":{"0":"post-23080","1":"product","2":"type-product","3":"status-publish","4":"has-post-thumbnail","6":"product_cat-lebensmittelverpackungen","7":"product_cat-restauration-de","8":"product_cat-sacke-und-papier","9":"product_cat-schultertaschen-krafts-de","10":"product_cat-plastiksacke","11":"product_cat-boutique-und-geschaft","12":"product_cat-schultertaschen-krafts","13":"product_cat-schultertaschen","15":"first","16":"instock","17":"taxable","18":"shipping-taxable","19":"purchasable","20":"product-type-simple"},"acf":[],"yoast_head":"<!-- This site is optimized with the Yoast SEO Premium plugin v26.6 (Yoast SEO v26.6) - https:\/\/yoast.com\/wordpress\/plugins\/seo\/ -->\n<title>Wei\u00dfe Plastikt\u00fcte mit gencodierten Tr\u00e4gern - 26 + 12 x 45 cm<\/title>\n<meta name=\"description\" content=\"Wei\u00dfe Plastikt\u00fcte 50\u00b5 - Entdecken Sie unsere robuste und praktische wei\u00dfe Plastikt\u00fcte. Ideal f\u00fcr alle Ihre Verpackungsbed\u00fcrfnisse, widerstandsf\u00e4hig und wiederverwertbar.\" \/>\n<meta name=\"robots\" content=\"index, follow, max-snippet:-1, max-image-preview:large, max-video-preview:-1\" \/>\n<link rel=\"canonical\" href=\"https:\/\/www.csj-emballages.com\/de\/produit\/500-weisse-hosentraegertaschen-26-12-x-45-cm-50-%c2%b5-aus-kunststoff\/\" \/>\n<meta property=\"og:locale\" content=\"de_DE\" \/>\n<meta property=\"og:type\" content=\"article\" \/>\n<meta property=\"og:title\" content=\"Wei\u00dfer Plastikbeutel mit Tr\u00e4gern gencodiert 26 + 12 x 45 cm 50 \u00b5 pro 500\" \/>\n<meta property=\"og:description\" content=\"Wei\u00dfe Plastikt\u00fcte 50\u00b5 - Entdecken Sie unsere robuste und praktische wei\u00dfe Plastikt\u00fcte. Ideal f\u00fcr alle Ihre Verpackungsbed\u00fcrfnisse, widerstandsf\u00e4hig und wiederverwertbar.\" \/>\n<meta property=\"og:url\" content=\"https:\/\/www.csj-emballages.com\/de\/produit\/500-weisse-hosentraegertaschen-26-12-x-45-cm-50-%c2%b5-aus-kunststoff\/\" \/>\n<meta property=\"og:site_name\" content=\"CSJ Emballages\" \/>\n<meta property=\"article:publisher\" content=\"https:\/\/www.facebook.com\/csjemballages\" \/>\n<meta property=\"article:modified_time\" content=\"2026-04-28T09:02:40+00:00\" \/>\n<meta property=\"og:image\" content=\"https:\/\/www.csj-emballages.com\/wp-content\/uploads\/2024\/03\/SAC2645GENCODE.webp\" \/>\n\t<meta property=\"og:image:width\" content=\"801\" \/>\n\t<meta property=\"og:image:height\" content=\"801\" \/>\n\t<meta property=\"og:image:type\" content=\"image\/webp\" \/>\n<meta name=\"twitter:card\" content=\"summary_large_image\" \/>\n<meta name=\"twitter:label1\" content=\"Gesch\u00e4tzte Lesezeit\" \/>\n\t<meta name=\"twitter:data1\" content=\"2 Minuten\" \/>\n<script type=\"application\/ld+json\" class=\"yoast-schema-graph\">{\"@context\":\"https:\/\/schema.org\",\"@graph\":[{\"@type\":\"WebPage\",\"@id\":\"https:\/\/www.csj-emballages.com\/de\/produit\/500-weisse-hosentraegertaschen-26-12-x-45-cm-50-%c2%b5-aus-kunststoff\/\",\"url\":\"https:\/\/www.csj-emballages.com\/de\/produit\/500-weisse-hosentraegertaschen-26-12-x-45-cm-50-%c2%b5-aus-kunststoff\/\",\"name\":\"Wei\u00dfe Plastikt\u00fcte mit gencodierten Tr\u00e4gern - 26 + 12 x 45 cm\",\"isPartOf\":{\"@id\":\"https:\/\/www.csj-emballages.com\/de\/#website\"},\"primaryImageOfPage\":{\"@id\":\"https:\/\/www.csj-emballages.com\/de\/produit\/500-weisse-hosentraegertaschen-26-12-x-45-cm-50-%c2%b5-aus-kunststoff\/#primaryimage\"},\"image\":{\"@id\":\"https:\/\/www.csj-emballages.com\/de\/produit\/500-weisse-hosentraegertaschen-26-12-x-45-cm-50-%c2%b5-aus-kunststoff\/#primaryimage\"},\"thumbnailUrl\":\"https:\/\/www.csj-emballages.com\/wp-content\/uploads\/2024\/03\/SAC2645GENCODE.webp\",\"datePublished\":\"2024-03-01T15:50:10+00:00\",\"dateModified\":\"2026-04-28T09:02:40+00:00\",\"description\":\"Wei\u00dfe Plastikt\u00fcte 50\u00b5 - Entdecken Sie unsere robuste und praktische wei\u00dfe Plastikt\u00fcte. Ideal f\u00fcr alle Ihre Verpackungsbed\u00fcrfnisse, widerstandsf\u00e4hig und wiederverwertbar.\",\"breadcrumb\":{\"@id\":\"https:\/\/www.csj-emballages.com\/de\/produit\/500-weisse-hosentraegertaschen-26-12-x-45-cm-50-%c2%b5-aus-kunststoff\/#breadcrumb\"},\"inLanguage\":\"de\",\"potentialAction\":[{\"@type\":\"ReadAction\",\"target\":[\"https:\/\/www.csj-emballages.com\/de\/produit\/500-weisse-hosentraegertaschen-26-12-x-45-cm-50-%c2%b5-aus-kunststoff\/\"]}]},{\"@type\":\"ImageObject\",\"inLanguage\":\"de\",\"@id\":\"https:\/\/www.csj-emballages.com\/de\/produit\/500-weisse-hosentraegertaschen-26-12-x-45-cm-50-%c2%b5-aus-kunststoff\/#primaryimage\",\"url\":\"https:\/\/www.csj-emballages.com\/wp-content\/uploads\/2024\/03\/SAC2645GENCODE.webp\",\"contentUrl\":\"https:\/\/www.csj-emballages.com\/wp-content\/uploads\/2024\/03\/SAC2645GENCODE.webp\",\"width\":801,\"height\":801,\"caption\":\"sac bretelle\"},{\"@type\":\"BreadcrumbList\",\"@id\":\"https:\/\/www.csj-emballages.com\/de\/produit\/500-weisse-hosentraegertaschen-26-12-x-45-cm-50-%c2%b5-aus-kunststoff\/#breadcrumb\",\"itemListElement\":[{\"@type\":\"ListItem\",\"position\":1,\"name\":\"Accueil\",\"item\":\"https:\/\/www.csj-emballages.com\/de\/universum-lebensmittelverpackungen\/\"},{\"@type\":\"ListItem\",\"position\":2,\"name\":\"Shop\",\"item\":\"https:\/\/www.csj-emballages.com\/shop\/\"},{\"@type\":\"ListItem\",\"position\":3,\"name\":\"Wei\u00dfer Plastikbeutel mit Tr\u00e4gern gencodiert 26 + 12 x 45 cm 50 \u00b5 pro 500\"}]},{\"@type\":\"WebSite\",\"@id\":\"https:\/\/www.csj-emballages.com\/de\/#website\",\"url\":\"https:\/\/www.csj-emballages.com\/de\/\",\"name\":\"CSJ Emballages\",\"description\":\"\",\"publisher\":{\"@id\":\"https:\/\/www.csj-emballages.com\/de\/#organization\"},\"potentialAction\":[{\"@type\":\"SearchAction\",\"target\":{\"@type\":\"EntryPoint\",\"urlTemplate\":\"https:\/\/www.csj-emballages.com\/de\/?s={search_term_string}\"},\"query-input\":{\"@type\":\"PropertyValueSpecification\",\"valueRequired\":true,\"valueName\":\"search_term_string\"}}],\"inLanguage\":\"de\"},{\"@type\":\"Organization\",\"@id\":\"https:\/\/www.csj-emballages.com\/de\/#Organization\/\",\"name\":\"CSJ Emballages\",\"url\":\"https:\/\/www.csj-emballages.com\/de\/\",\"logo\":{\"@type\":\"ImageObject\",\"inLanguage\":\"de\",\"@id\":\"https:\/\/www.csj-emballages.com\/de\/#\/schema\/logo\/image\/\",\"url\":\"https:\/\/www.csj-emballages.com\/wp-content\/uploads\/2023\/10\/logo_csj.webp\",\"contentUrl\":\"https:\/\/www.csj-emballages.com\/wp-content\/uploads\/2023\/10\/logo_csj.webp\",\"width\":250,\"height\":95,\"caption\":\"CSJ Emballages\"},\"image\":{\"@id\":\"https:\/\/www.csj-emballages.com\/de\/#\/schema\/logo\/image\/\"},\"sameAs\":[\"https:\/\/www.facebook.com\/csjemballages\"],\"address\":{\"@type\":\"PostalAddress\",\"streetAddress\":\"ZI La Lechere\",\"addressLocality\":\"Patornay\",\"postalCode\":\"39130\",\"addressCountry\":\"FR\"},\"contactPoint\":[{\"@type\":\"ContactPoint\",\"contactType\":\"Service client\",\"telephone\":\"0384254272\",\"email\":\"contact@csj-emballages.com\"}]}]}<\/script>\n<!-- \/ Yoast SEO Premium plugin. -->","yoast_head_json":{"title":"Wei\u00dfe Plastikt\u00fcte mit gencodierten Tr\u00e4gern - 26 + 12 x 45 cm","description":"Wei\u00dfe Plastikt\u00fcte 50\u00b5 - Entdecken Sie unsere robuste und praktische wei\u00dfe Plastikt\u00fcte. Ideal f\u00fcr alle Ihre Verpackungsbed\u00fcrfnisse, widerstandsf\u00e4hig und wiederverwertbar.","robots":{"index":"index","follow":"follow","max-snippet":"max-snippet:-1","max-image-preview":"max-image-preview:large","max-video-preview":"max-video-preview:-1"},"canonical":"https:\/\/www.csj-emballages.com\/de\/produit\/500-weisse-hosentraegertaschen-26-12-x-45-cm-50-%c2%b5-aus-kunststoff\/","og_locale":"de_DE","og_type":"article","og_title":"Wei\u00dfer Plastikbeutel mit Tr\u00e4gern gencodiert 26 + 12 x 45 cm 50 \u00b5 pro 500","og_description":"Wei\u00dfe Plastikt\u00fcte 50\u00b5 - Entdecken Sie unsere robuste und praktische wei\u00dfe Plastikt\u00fcte. Ideal f\u00fcr alle Ihre Verpackungsbed\u00fcrfnisse, widerstandsf\u00e4hig und wiederverwertbar.","og_url":"https:\/\/www.csj-emballages.com\/de\/produit\/500-weisse-hosentraegertaschen-26-12-x-45-cm-50-%c2%b5-aus-kunststoff\/","og_site_name":"CSJ Emballages","article_publisher":"https:\/\/www.facebook.com\/csjemballages","article_modified_time":"2026-04-28T09:02:40+00:00","og_image":[{"width":801,"height":801,"url":"https:\/\/www.csj-emballages.com\/wp-content\/uploads\/2024\/03\/SAC2645GENCODE.webp","type":"image\/webp"}],"twitter_card":"summary_large_image","twitter_misc":{"Gesch\u00e4tzte Lesezeit":"2 Minuten"},"schema":{"@context":"https:\/\/schema.org","@graph":[{"@type":"WebPage","@id":"https:\/\/www.csj-emballages.com\/de\/produit\/500-weisse-hosentraegertaschen-26-12-x-45-cm-50-%c2%b5-aus-kunststoff\/","url":"https:\/\/www.csj-emballages.com\/de\/produit\/500-weisse-hosentraegertaschen-26-12-x-45-cm-50-%c2%b5-aus-kunststoff\/","name":"Wei\u00dfe Plastikt\u00fcte mit gencodierten Tr\u00e4gern - 26 + 12 x 45 cm","isPartOf":{"@id":"https:\/\/www.csj-emballages.com\/de\/#website"},"primaryImageOfPage":{"@id":"https:\/\/www.csj-emballages.com\/de\/produit\/500-weisse-hosentraegertaschen-26-12-x-45-cm-50-%c2%b5-aus-kunststoff\/#primaryimage"},"image":{"@id":"https:\/\/www.csj-emballages.com\/de\/produit\/500-weisse-hosentraegertaschen-26-12-x-45-cm-50-%c2%b5-aus-kunststoff\/#primaryimage"},"thumbnailUrl":"https:\/\/www.csj-emballages.com\/wp-content\/uploads\/2024\/03\/SAC2645GENCODE.webp","datePublished":"2024-03-01T15:50:10+00:00","dateModified":"2026-04-28T09:02:40+00:00","description":"Wei\u00dfe Plastikt\u00fcte 50\u00b5 - Entdecken Sie unsere robuste und praktische wei\u00dfe Plastikt\u00fcte. Ideal f\u00fcr alle Ihre Verpackungsbed\u00fcrfnisse, widerstandsf\u00e4hig und wiederverwertbar.","breadcrumb":{"@id":"https:\/\/www.csj-emballages.com\/de\/produit\/500-weisse-hosentraegertaschen-26-12-x-45-cm-50-%c2%b5-aus-kunststoff\/#breadcrumb"},"inLanguage":"de","potentialAction":[{"@type":"ReadAction","target":["https:\/\/www.csj-emballages.com\/de\/produit\/500-weisse-hosentraegertaschen-26-12-x-45-cm-50-%c2%b5-aus-kunststoff\/"]}]},{"@type":"ImageObject","inLanguage":"de","@id":"https:\/\/www.csj-emballages.com\/de\/produit\/500-weisse-hosentraegertaschen-26-12-x-45-cm-50-%c2%b5-aus-kunststoff\/#primaryimage","url":"https:\/\/www.csj-emballages.com\/wp-content\/uploads\/2024\/03\/SAC2645GENCODE.webp","contentUrl":"https:\/\/www.csj-emballages.com\/wp-content\/uploads\/2024\/03\/SAC2645GENCODE.webp","width":801,"height":801,"caption":"sac bretelle"},{"@type":"BreadcrumbList","@id":"https:\/\/www.csj-emballages.com\/de\/produit\/500-weisse-hosentraegertaschen-26-12-x-45-cm-50-%c2%b5-aus-kunststoff\/#breadcrumb","itemListElement":[{"@type":"ListItem","position":1,"name":"Accueil","item":"https:\/\/www.csj-emballages.com\/de\/universum-lebensmittelverpackungen\/"},{"@type":"ListItem","position":2,"name":"Shop","item":"https:\/\/www.csj-emballages.com\/shop\/"},{"@type":"ListItem","position":3,"name":"Wei\u00dfer Plastikbeutel mit Tr\u00e4gern gencodiert 26 + 12 x 45 cm 50 \u00b5 pro 500"}]},{"@type":"WebSite","@id":"https:\/\/www.csj-emballages.com\/de\/#website","url":"https:\/\/www.csj-emballages.com\/de\/","name":"CSJ Emballages","description":"","publisher":{"@id":"https:\/\/www.csj-emballages.com\/de\/#organization"},"potentialAction":[{"@type":"SearchAction","target":{"@type":"EntryPoint","urlTemplate":"https:\/\/www.csj-emballages.com\/de\/?s={search_term_string}"},"query-input":{"@type":"PropertyValueSpecification","valueRequired":true,"valueName":"search_term_string"}}],"inLanguage":"de"},{"@type":"Organization","@id":"https:\/\/www.csj-emballages.com\/de\/#Organization\/","name":"CSJ Emballages","url":"https:\/\/www.csj-emballages.com\/de\/","logo":{"@type":"ImageObject","inLanguage":"de","@id":"https:\/\/www.csj-emballages.com\/de\/#\/schema\/logo\/image\/","url":"https:\/\/www.csj-emballages.com\/wp-content\/uploads\/2023\/10\/logo_csj.webp","contentUrl":"https:\/\/www.csj-emballages.com\/wp-content\/uploads\/2023\/10\/logo_csj.webp","width":250,"height":95,"caption":"CSJ Emballages"},"image":{"@id":"https:\/\/www.csj-emballages.com\/de\/#\/schema\/logo\/image\/"},"sameAs":["https:\/\/www.facebook.com\/csjemballages"],"address":{"@type":"PostalAddress","streetAddress":"ZI La Lechere","addressLocality":"Patornay","postalCode":"39130","addressCountry":"FR"},"contactPoint":[{"@type":"ContactPoint","contactType":"Service client","telephone":"0384254272","email":"contact@csj-emballages.com"}]}]}},"df_price":22.32,"df_sale_price":"","df_regular_price":22.32,"df_image_link":"https:\/\/www.csj-emballages.com\/wp-content\/uploads\/2024\/03\/SAC2645GENCODE-300x300.webp","tiered_pricing_type":"fixed","tiered_pricing_fixed_rules":[],"tiered_pricing_percentage_rules":[],"tiered_pricing_minimum":1,"tiered_pricing_roles_data":[],"_links":{"self":[{"href":"https:\/\/www.csj-emballages.com\/de\/wp-json\/wp\/v2\/product\/23080","targetHints":{"allow":["GET"]}}],"collection":[{"href":"https:\/\/www.csj-emballages.com\/de\/wp-json\/wp\/v2\/product"}],"about":[{"href":"https:\/\/www.csj-emballages.com\/de\/wp-json\/wp\/v2\/types\/product"}],"wp:featuredmedia":[{"embeddable":true,"href":"https:\/\/www.csj-emballages.com\/de\/wp-json\/wp\/v2\/media\/207368"}],"wp:attachment":[{"href":"https:\/\/www.csj-emballages.com\/de\/wp-json\/wp\/v2\/media?parent=23080"}],"wp:term":[{"taxonomy":"product_brand","embeddable":true,"href":"https:\/\/www.csj-emballages.com\/de\/wp-json\/wp\/v2\/product_brand?post=23080"},{"taxonomy":"product_cat","embeddable":true,"href":"https:\/\/www.csj-emballages.com\/de\/wp-json\/wp\/v2\/product_cat?post=23080"},{"taxonomy":"product_tag","embeddable":true,"href":"https:\/\/www.csj-emballages.com\/de\/wp-json\/wp\/v2\/product_tag?post=23080"}],"curies":[{"name":"wp","href":"https:\/\/api.w.org\/{rel}","templated":true}]}}