{"id":23074,"date":"2024-03-01T16:50:10","date_gmt":"2024-03-01T15:50:10","guid":{"rendered":"https:\/\/u15jnbdpoq.preview.infomaniak.website\/produit\/100-traegertaschen-26-12-x-45-cm-14-%c2%b5-biologisch-abbaubar\/"},"modified":"2026-04-28T16:01:39","modified_gmt":"2026-04-28T14:01:39","slug":"100-traegertaschen-26-12-x-45-cm-14-%c2%b5-biologisch-abbaubar","status":"publish","type":"product","link":"https:\/\/www.csj-emballages.com\/de\/produit\/100-traegertaschen-26-12-x-45-cm-14-%c2%b5-biologisch-abbaubar\/","title":{"rendered":"Biologisch abbaubare Tasche mit Schulterriemen 26 + 12 x 45 cm 14 \u00b5 pro 100"},"content":{"rendered":"<h2>Biologisch abbaubare Tasche<\/h2>\n<hr>\n<h3><strong>Beschreibung von Biologisch abbaubare Tasche mit Schulterriemen 26 + 12 x 45 cm 14 \u00b5 pro 100<\/strong><\/h3>\n<p><!--more--><\/p>\n<p data-start=\"260\" data-end=\"661\">Dieser <strong>biologisch abbaubare Beutel mit Henkeln<\/strong> ist eine einfache und effektive L\u00f6sung, um Alltagsprodukte zu transportieren und gleichzeitig einen konkreten Beitrag zum Umweltschutz zu leisten. Mit seinem Format von <strong data-start=\"443\" data-end=\"462\">26 + 12 x 45 cm<\/strong> bietet er ein gutes Ladevolumen, ohne sperrig zu sein. Man kann darin problemlos Lebensmittel, Marktprodukte, Speisen zum Mitnehmen oder leichte bis mittelschwere Eink\u00e4ufe verstauen.  <\/p>\n<p data-start=\"663\" data-end=\"1061\">Dank seiner <strong data-start=\"675\" data-end=\"698\">integrierten Henkel<\/strong> bleibt die <strong>Handhabung komfortabel<\/strong>. Der <strong>Beutel<\/strong> l\u00e4sst sich leicht tragen, selbst wenn der Inhalt etwas schwerer wird. Seine St\u00e4rke von <strong data-start=\"827\" data-end=\"841\">14 \u00b5<\/strong> gew\u00e4hrleistet eine gute Haltbarkeit f\u00fcr den t\u00e4glichen Gebrauch, w\u00e4hrend er flexibel und angenehm zu handhaben bleibt. Er vermittelt nicht das Gef\u00fchl eines zu steifen oder zerbrechlichen Beutels: Man sp\u00fcrt, dass er f\u00fcr den regelm\u00e4\u00dfigen professionellen Einsatz konzipiert ist.   <\/p>\n<p data-start=\"1063\" data-end=\"1434\">Was aber wirklich den Unterschied macht, ist seine <strong data-start=\"1114\" data-end=\"1141\">biologische Abbaubarkeit<\/strong>. Dieser Beutel wurde entwickelt, um die Umweltbelastung zu minimieren, was ihn zu einer stimmigen Wahl f\u00fcr engagierte Gesch\u00e4fte, M\u00e4rkte, Lebensmittelgesch\u00e4fte, Restaurants oder \u00f6ffentliche Einrichtungen macht. Sein schlichtes Design mit einer klaren \u00f6kologischen Botschaft st\u00e4rkt dieses verantwortungsbewusste Image bei den Kunden.  <\/p>\n<p data-start=\"1436\" data-end=\"1693\"><strong data-start=\"1442\" data-end=\"1460\">Im 100er-Pack<\/strong> verkauft, erm\u00f6glicht er eine einfache Lagerverwaltung, ohne den Stauraum zu \u00fcberlasten. Es ist ein praktisches Format f\u00fcr Fachleute, die einen guten Kompromiss zwischen Funktionalit\u00e4t, Umweltbewusstsein und Benutzerfreundlichkeit suchen. <\/p>\n<p data-start=\"1695\" data-end=\"1907\">Zusammenfassend l\u00e4sst sich sagen, dass dieser <strong>biologisch abbaubare Beutel mit Henkeln<\/strong> alle Kriterien erf\u00fcllt: praktisch, widerstandsf\u00e4hig f\u00fcr den t\u00e4glichen Gebrauch, leicht zu verteilen und im Einklang mit den aktuellen Erwartungen an verantwortungsvollere Verpackungen.<\/p>\n<p data-start=\"1695\" data-end=\"1907\">\n<p data-start=\"1695\" data-end=\"1907\"><!--more--><\/p>\n<h4 data-start=\"1695\" data-end=\"1907\">Vorteile :<\/h4>\n<ul>\n<li data-start=\"1935\" data-end=\"1983\">Vielseitiges Format, geeignet f\u00fcr zahlreiche Anwendungen.<\/li>\n<li data-start=\"1986\" data-end=\"2022\"><strong>Stabile Henkel<\/strong> und bequem.<\/li>\n<li data-start=\"2025\" data-end=\"2067\"><strong>14 \u00b5 St\u00e4rke<\/strong>, ideal f\u00fcr den Alltag.<\/li>\n<li data-start=\"2070\" data-end=\"2127\">Biologisch abbaubarer Beutel, umweltfreundlicher.<\/li>\n<li data-start=\"2130\" data-end=\"2174\"><strong>100er-Pack<\/strong>, praktisch f\u00fcr Fachleute.<\/li>\n<\/ul>\n<p>&nbsp;<\/p>\n<p><!--more--><\/p>\n<h4>Weitere Informationen :<\/h4>\n<ul>\n<li><strong>Verpackung<\/strong>: Packung mit 100 St\u00fcck<\/li>\n<li><strong>Widerstand<\/strong>: 14 Mikron<\/li>\n<li><strong>Abmessungen<\/strong>: 260 mm x 120 x 450 mm<\/li>\n<li><strong>Material<\/strong>: mindestens 50% biologisch abbaubares Material<\/li>\n<\/ul>\n<h2><\/h2>\n<p><!--more--><\/p>\n<p><a href=\"https:\/\/www.csj-emballages.com\/de\/categorie-produit\/lebensmittelverpackungen\/restauration-de\/sacke-und-papier\/schultertaschen-krafts-de\/plastiksacke\/\">Sehen Sie sich den Rest unseres Sortiments an Plastikt\u00fcten an.<\/a><\/p>\n","protected":false},"excerpt":{"rendered":"<p>Biologisch abbaubare Tasche Beschreibung von Biologisch abbaubare Tasche mit Schulterriemen 26 + 12 x 45 cm 14 \u00b5 pro 100<\/p>\n","protected":false},"featured_media":207232,"template":"","meta":{"_acf_changed":false},"product_brand":[],"product_cat":[1137,1134,3976,2800,9207,1487,1882,3280,1146,6702],"product_tag":[],"class_list":{"0":"post-23074","1":"product","2":"type-product","3":"status-publish","4":"has-post-thumbnail","6":"product_cat-lebensmittelverpackungen","7":"product_cat-restauration-de","8":"product_cat-sacke-und-papier","9":"product_cat-schultertaschen-krafts-de","10":"product_cat-plastiksacke","11":"product_cat-boutique-und-geschaft","12":"product_cat-schultertaschen-krafts","13":"product_cat-schultertaschen","14":"product_cat-bio-sortiment","15":"product_cat-bio-beutel-de","17":"first","18":"instock","19":"taxable","20":"shipping-taxable","21":"purchasable","22":"product-type-simple"},"acf":[],"yoast_head":"<!-- This site is optimized with the Yoast SEO Premium plugin v26.6 (Yoast SEO v26.6) - https:\/\/yoast.com\/wordpress\/plugins\/seo\/ -->\n<title>Biologisch abbaubarer Beutel mit Henkeln 26 + 12 x 45 cm 14 \u00b5 im 100er-Pack<\/title>\n<meta name=\"description\" content=\"Biologisch abbaubarer Beutel mit Henkeln, 26+12x45 cm, 14 \u00b5, im 100er-Pack. Praktisch, widerstandsf\u00e4hig und ideal f\u00fcr Unternehmen, die sich einem \u00f6kologisch verantwortungsvollen Ansatz verschrieben haben.\" \/>\n<meta name=\"robots\" content=\"index, follow, max-snippet:-1, max-image-preview:large, max-video-preview:-1\" \/>\n<link rel=\"canonical\" href=\"https:\/\/www.csj-emballages.com\/de\/produit\/100-traegertaschen-26-12-x-45-cm-14-%c2%b5-biologisch-abbaubar\/\" \/>\n<meta property=\"og:locale\" content=\"de_DE\" \/>\n<meta property=\"og:type\" content=\"article\" \/>\n<meta property=\"og:title\" content=\"Biologisch abbaubare Tasche mit Schulterriemen 26 + 12 x 45 cm 14 \u00b5 pro 100\" \/>\n<meta property=\"og:description\" content=\"Biologisch abbaubarer Beutel mit Henkeln, 26+12x45 cm, 14 \u00b5, im 100er-Pack. Praktisch, widerstandsf\u00e4hig und ideal f\u00fcr Unternehmen, die sich einem \u00f6kologisch verantwortungsvollen Ansatz verschrieben haben.\" \/>\n<meta property=\"og:url\" content=\"https:\/\/www.csj-emballages.com\/de\/produit\/100-traegertaschen-26-12-x-45-cm-14-%c2%b5-biologisch-abbaubar\/\" \/>\n<meta property=\"og:site_name\" content=\"CSJ Emballages\" \/>\n<meta property=\"article:publisher\" content=\"https:\/\/www.facebook.com\/csjemballages\" \/>\n<meta property=\"article:modified_time\" content=\"2026-04-28T14:01:39+00:00\" \/>\n<meta property=\"og:image\" content=\"https:\/\/www.csj-emballages.com\/wp-content\/uploads\/2024\/03\/SAC5045BIO.webp\" \/>\n\t<meta property=\"og:image:width\" content=\"801\" \/>\n\t<meta property=\"og:image:height\" content=\"801\" \/>\n\t<meta property=\"og:image:type\" content=\"image\/webp\" \/>\n<meta name=\"twitter:card\" content=\"summary_large_image\" \/>\n<meta name=\"twitter:label1\" content=\"Gesch\u00e4tzte Lesezeit\" \/>\n\t<meta name=\"twitter:data1\" content=\"2 Minuten\" \/>\n<script type=\"application\/ld+json\" class=\"yoast-schema-graph\">{\"@context\":\"https:\/\/schema.org\",\"@graph\":[{\"@type\":\"WebPage\",\"@id\":\"https:\/\/www.csj-emballages.com\/de\/produit\/100-traegertaschen-26-12-x-45-cm-14-%c2%b5-biologisch-abbaubar\/\",\"url\":\"https:\/\/www.csj-emballages.com\/de\/produit\/100-traegertaschen-26-12-x-45-cm-14-%c2%b5-biologisch-abbaubar\/\",\"name\":\"Biologisch abbaubarer Beutel mit Henkeln 26 + 12 x 45 cm 14 \u00b5 im 100er-Pack\",\"isPartOf\":{\"@id\":\"https:\/\/www.csj-emballages.com\/de\/#website\"},\"primaryImageOfPage\":{\"@id\":\"https:\/\/www.csj-emballages.com\/de\/produit\/100-traegertaschen-26-12-x-45-cm-14-%c2%b5-biologisch-abbaubar\/#primaryimage\"},\"image\":{\"@id\":\"https:\/\/www.csj-emballages.com\/de\/produit\/100-traegertaschen-26-12-x-45-cm-14-%c2%b5-biologisch-abbaubar\/#primaryimage\"},\"thumbnailUrl\":\"https:\/\/www.csj-emballages.com\/wp-content\/uploads\/2024\/03\/SAC5045BIO.webp\",\"datePublished\":\"2024-03-01T15:50:10+00:00\",\"dateModified\":\"2026-04-28T14:01:39+00:00\",\"description\":\"Biologisch abbaubarer Beutel mit Henkeln, 26+12x45 cm, 14 \u00b5, im 100er-Pack. Praktisch, widerstandsf\u00e4hig und ideal f\u00fcr Unternehmen, die sich einem \u00f6kologisch verantwortungsvollen Ansatz verschrieben haben.\",\"breadcrumb\":{\"@id\":\"https:\/\/www.csj-emballages.com\/de\/produit\/100-traegertaschen-26-12-x-45-cm-14-%c2%b5-biologisch-abbaubar\/#breadcrumb\"},\"inLanguage\":\"de\",\"potentialAction\":[{\"@type\":\"ReadAction\",\"target\":[\"https:\/\/www.csj-emballages.com\/de\/produit\/100-traegertaschen-26-12-x-45-cm-14-%c2%b5-biologisch-abbaubar\/\"]}]},{\"@type\":\"ImageObject\",\"inLanguage\":\"de\",\"@id\":\"https:\/\/www.csj-emballages.com\/de\/produit\/100-traegertaschen-26-12-x-45-cm-14-%c2%b5-biologisch-abbaubar\/#primaryimage\",\"url\":\"https:\/\/www.csj-emballages.com\/wp-content\/uploads\/2024\/03\/SAC5045BIO.webp\",\"contentUrl\":\"https:\/\/www.csj-emballages.com\/wp-content\/uploads\/2024\/03\/SAC5045BIO.webp\",\"width\":801,\"height\":801,\"caption\":\"sac biod\u00e9gradable\"},{\"@type\":\"BreadcrumbList\",\"@id\":\"https:\/\/www.csj-emballages.com\/de\/produit\/100-traegertaschen-26-12-x-45-cm-14-%c2%b5-biologisch-abbaubar\/#breadcrumb\",\"itemListElement\":[{\"@type\":\"ListItem\",\"position\":1,\"name\":\"Accueil\",\"item\":\"https:\/\/www.csj-emballages.com\/de\/universum-lebensmittelverpackungen\/\"},{\"@type\":\"ListItem\",\"position\":2,\"name\":\"Shop\",\"item\":\"https:\/\/www.csj-emballages.com\/shop\/\"},{\"@type\":\"ListItem\",\"position\":3,\"name\":\"Biologisch abbaubare Tasche mit Schulterriemen 26 + 12 x 45 cm 14 \u00b5 pro 100\"}]},{\"@type\":\"WebSite\",\"@id\":\"https:\/\/www.csj-emballages.com\/de\/#website\",\"url\":\"https:\/\/www.csj-emballages.com\/de\/\",\"name\":\"CSJ Emballages\",\"description\":\"\",\"publisher\":{\"@id\":\"https:\/\/www.csj-emballages.com\/de\/#organization\"},\"potentialAction\":[{\"@type\":\"SearchAction\",\"target\":{\"@type\":\"EntryPoint\",\"urlTemplate\":\"https:\/\/www.csj-emballages.com\/de\/?s={search_term_string}\"},\"query-input\":{\"@type\":\"PropertyValueSpecification\",\"valueRequired\":true,\"valueName\":\"search_term_string\"}}],\"inLanguage\":\"de\"},{\"@type\":\"Organization\",\"@id\":\"https:\/\/www.csj-emballages.com\/de\/#Organization\/\",\"name\":\"CSJ Emballages\",\"url\":\"https:\/\/www.csj-emballages.com\/de\/\",\"logo\":{\"@type\":\"ImageObject\",\"inLanguage\":\"de\",\"@id\":\"https:\/\/www.csj-emballages.com\/de\/#\/schema\/logo\/image\/\",\"url\":\"https:\/\/www.csj-emballages.com\/wp-content\/uploads\/2023\/10\/logo_csj.webp\",\"contentUrl\":\"https:\/\/www.csj-emballages.com\/wp-content\/uploads\/2023\/10\/logo_csj.webp\",\"width\":250,\"height\":95,\"caption\":\"CSJ Emballages\"},\"image\":{\"@id\":\"https:\/\/www.csj-emballages.com\/de\/#\/schema\/logo\/image\/\"},\"sameAs\":[\"https:\/\/www.facebook.com\/csjemballages\"],\"address\":{\"@type\":\"PostalAddress\",\"streetAddress\":\"ZI La Lechere\",\"addressLocality\":\"Patornay\",\"postalCode\":\"39130\",\"addressCountry\":\"FR\"},\"contactPoint\":[{\"@type\":\"ContactPoint\",\"contactType\":\"Service client\",\"telephone\":\"0384254272\",\"email\":\"contact@csj-emballages.com\"}]}]}<\/script>\n<!-- \/ Yoast SEO Premium plugin. -->","yoast_head_json":{"title":"Biologisch abbaubarer Beutel mit Henkeln 26 + 12 x 45 cm 14 \u00b5 im 100er-Pack","description":"Biologisch abbaubarer Beutel mit Henkeln, 26+12x45 cm, 14 \u00b5, im 100er-Pack. Praktisch, widerstandsf\u00e4hig und ideal f\u00fcr Unternehmen, die sich einem \u00f6kologisch verantwortungsvollen Ansatz verschrieben haben.","robots":{"index":"index","follow":"follow","max-snippet":"max-snippet:-1","max-image-preview":"max-image-preview:large","max-video-preview":"max-video-preview:-1"},"canonical":"https:\/\/www.csj-emballages.com\/de\/produit\/100-traegertaschen-26-12-x-45-cm-14-%c2%b5-biologisch-abbaubar\/","og_locale":"de_DE","og_type":"article","og_title":"Biologisch abbaubare Tasche mit Schulterriemen 26 + 12 x 45 cm 14 \u00b5 pro 100","og_description":"Biologisch abbaubarer Beutel mit Henkeln, 26+12x45 cm, 14 \u00b5, im 100er-Pack. Praktisch, widerstandsf\u00e4hig und ideal f\u00fcr Unternehmen, die sich einem \u00f6kologisch verantwortungsvollen Ansatz verschrieben haben.","og_url":"https:\/\/www.csj-emballages.com\/de\/produit\/100-traegertaschen-26-12-x-45-cm-14-%c2%b5-biologisch-abbaubar\/","og_site_name":"CSJ Emballages","article_publisher":"https:\/\/www.facebook.com\/csjemballages","article_modified_time":"2026-04-28T14:01:39+00:00","og_image":[{"width":801,"height":801,"url":"https:\/\/www.csj-emballages.com\/wp-content\/uploads\/2024\/03\/SAC5045BIO.webp","type":"image\/webp"}],"twitter_card":"summary_large_image","twitter_misc":{"Gesch\u00e4tzte Lesezeit":"2 Minuten"},"schema":{"@context":"https:\/\/schema.org","@graph":[{"@type":"WebPage","@id":"https:\/\/www.csj-emballages.com\/de\/produit\/100-traegertaschen-26-12-x-45-cm-14-%c2%b5-biologisch-abbaubar\/","url":"https:\/\/www.csj-emballages.com\/de\/produit\/100-traegertaschen-26-12-x-45-cm-14-%c2%b5-biologisch-abbaubar\/","name":"Biologisch abbaubarer Beutel mit Henkeln 26 + 12 x 45 cm 14 \u00b5 im 100er-Pack","isPartOf":{"@id":"https:\/\/www.csj-emballages.com\/de\/#website"},"primaryImageOfPage":{"@id":"https:\/\/www.csj-emballages.com\/de\/produit\/100-traegertaschen-26-12-x-45-cm-14-%c2%b5-biologisch-abbaubar\/#primaryimage"},"image":{"@id":"https:\/\/www.csj-emballages.com\/de\/produit\/100-traegertaschen-26-12-x-45-cm-14-%c2%b5-biologisch-abbaubar\/#primaryimage"},"thumbnailUrl":"https:\/\/www.csj-emballages.com\/wp-content\/uploads\/2024\/03\/SAC5045BIO.webp","datePublished":"2024-03-01T15:50:10+00:00","dateModified":"2026-04-28T14:01:39+00:00","description":"Biologisch abbaubarer Beutel mit Henkeln, 26+12x45 cm, 14 \u00b5, im 100er-Pack. Praktisch, widerstandsf\u00e4hig und ideal f\u00fcr Unternehmen, die sich einem \u00f6kologisch verantwortungsvollen Ansatz verschrieben haben.","breadcrumb":{"@id":"https:\/\/www.csj-emballages.com\/de\/produit\/100-traegertaschen-26-12-x-45-cm-14-%c2%b5-biologisch-abbaubar\/#breadcrumb"},"inLanguage":"de","potentialAction":[{"@type":"ReadAction","target":["https:\/\/www.csj-emballages.com\/de\/produit\/100-traegertaschen-26-12-x-45-cm-14-%c2%b5-biologisch-abbaubar\/"]}]},{"@type":"ImageObject","inLanguage":"de","@id":"https:\/\/www.csj-emballages.com\/de\/produit\/100-traegertaschen-26-12-x-45-cm-14-%c2%b5-biologisch-abbaubar\/#primaryimage","url":"https:\/\/www.csj-emballages.com\/wp-content\/uploads\/2024\/03\/SAC5045BIO.webp","contentUrl":"https:\/\/www.csj-emballages.com\/wp-content\/uploads\/2024\/03\/SAC5045BIO.webp","width":801,"height":801,"caption":"sac biod\u00e9gradable"},{"@type":"BreadcrumbList","@id":"https:\/\/www.csj-emballages.com\/de\/produit\/100-traegertaschen-26-12-x-45-cm-14-%c2%b5-biologisch-abbaubar\/#breadcrumb","itemListElement":[{"@type":"ListItem","position":1,"name":"Accueil","item":"https:\/\/www.csj-emballages.com\/de\/universum-lebensmittelverpackungen\/"},{"@type":"ListItem","position":2,"name":"Shop","item":"https:\/\/www.csj-emballages.com\/shop\/"},{"@type":"ListItem","position":3,"name":"Biologisch abbaubare Tasche mit Schulterriemen 26 + 12 x 45 cm 14 \u00b5 pro 100"}]},{"@type":"WebSite","@id":"https:\/\/www.csj-emballages.com\/de\/#website","url":"https:\/\/www.csj-emballages.com\/de\/","name":"CSJ Emballages","description":"","publisher":{"@id":"https:\/\/www.csj-emballages.com\/de\/#organization"},"potentialAction":[{"@type":"SearchAction","target":{"@type":"EntryPoint","urlTemplate":"https:\/\/www.csj-emballages.com\/de\/?s={search_term_string}"},"query-input":{"@type":"PropertyValueSpecification","valueRequired":true,"valueName":"search_term_string"}}],"inLanguage":"de"},{"@type":"Organization","@id":"https:\/\/www.csj-emballages.com\/de\/#Organization\/","name":"CSJ Emballages","url":"https:\/\/www.csj-emballages.com\/de\/","logo":{"@type":"ImageObject","inLanguage":"de","@id":"https:\/\/www.csj-emballages.com\/de\/#\/schema\/logo\/image\/","url":"https:\/\/www.csj-emballages.com\/wp-content\/uploads\/2023\/10\/logo_csj.webp","contentUrl":"https:\/\/www.csj-emballages.com\/wp-content\/uploads\/2023\/10\/logo_csj.webp","width":250,"height":95,"caption":"CSJ Emballages"},"image":{"@id":"https:\/\/www.csj-emballages.com\/de\/#\/schema\/logo\/image\/"},"sameAs":["https:\/\/www.facebook.com\/csjemballages"],"address":{"@type":"PostalAddress","streetAddress":"ZI La Lechere","addressLocality":"Patornay","postalCode":"39130","addressCountry":"FR"},"contactPoint":[{"@type":"ContactPoint","contactType":"Service client","telephone":"0384254272","email":"contact@csj-emballages.com"}]}]}},"df_price":6.25,"df_sale_price":"","df_regular_price":6.25,"df_image_link":"https:\/\/www.csj-emballages.com\/wp-content\/uploads\/2024\/03\/SAC5045BIO-300x300.webp","tiered_pricing_type":"fixed","tiered_pricing_fixed_rules":[],"tiered_pricing_percentage_rules":[],"tiered_pricing_minimum":1,"tiered_pricing_roles_data":[],"_links":{"self":[{"href":"https:\/\/www.csj-emballages.com\/de\/wp-json\/wp\/v2\/product\/23074","targetHints":{"allow":["GET"]}}],"collection":[{"href":"https:\/\/www.csj-emballages.com\/de\/wp-json\/wp\/v2\/product"}],"about":[{"href":"https:\/\/www.csj-emballages.com\/de\/wp-json\/wp\/v2\/types\/product"}],"wp:featuredmedia":[{"embeddable":true,"href":"https:\/\/www.csj-emballages.com\/de\/wp-json\/wp\/v2\/media\/207232"}],"wp:attachment":[{"href":"https:\/\/www.csj-emballages.com\/de\/wp-json\/wp\/v2\/media?parent=23074"}],"wp:term":[{"taxonomy":"product_brand","embeddable":true,"href":"https:\/\/www.csj-emballages.com\/de\/wp-json\/wp\/v2\/product_brand?post=23074"},{"taxonomy":"product_cat","embeddable":true,"href":"https:\/\/www.csj-emballages.com\/de\/wp-json\/wp\/v2\/product_cat?post=23074"},{"taxonomy":"product_tag","embeddable":true,"href":"https:\/\/www.csj-emballages.com\/de\/wp-json\/wp\/v2\/product_tag?post=23074"}],"curies":[{"name":"wp","href":"https:\/\/api.w.org\/{rel}","templated":true}]}}