{"id":23061,"date":"2024-03-01T16:50:11","date_gmt":"2024-03-01T15:50:11","guid":{"rendered":"https:\/\/u15jnbdpoq.preview.infomaniak.website\/produit\/500-traegertaschen-fischgeschaeft-26-12-x-45-cm-50-%c2%b5-aus-kunststoff\/"},"modified":"2026-04-24T02:16:06","modified_gmt":"2026-04-24T00:16:06","slug":"500-traegertaschen-fischgeschaeft-26-12-x-45-cm-50-%c2%b5-aus-kunststoff","status":"publish","type":"product","link":"https:\/\/www.csj-emballages.com\/de\/produit\/500-traegertaschen-fischgeschaeft-26-12-x-45-cm-50-%c2%b5-aus-kunststoff\/","title":{"rendered":"Umh\u00e4ngetasche &#8222;Fischgesch\u00e4ft&#8220; 26 + 12 x 45 cm 50 \u00b5 LDPE pro 500"},"content":{"rendered":"<h2>Umh\u00e4ngetasche &#8222;Fischgesch\u00e4ft&#8220;<\/h2>\n<hr>\n<h3>Beschreibung von LDPE-Schultertasche &#8222;Fischgesch\u00e4ft&#8220; 26 + 12 x 45 cm 50 \u00b5 pro 500 St\u00fcck<\/h3>\n<p><!--more--><\/p>\n<div style=\"box-sizing: inherit; font-family: Roboto, sans-serif;\">\n<p>Entdecken Sie die <strong>Tragetasche &#8222;Fischgesch\u00e4ft&#8220;<\/strong> aus <strong>LDPE<\/strong> (Polyethylen mit niedriger Dichte), die f\u00fcr den praktischen und robusten Transport Ihrer frischen Produkte entwickelt wurde. Mit seinen gro\u00dfz\u00fcgigen Abmessungen von <strong>26 + 12 x 45 cm<\/strong> und einer Dicke von <strong>50 \u00b5<\/strong> bietet er optimale Festigkeit f\u00fcr Ihren t\u00e4glichen Bedarf. <\/p>\n<p>Diese <strong>Tasche<\/strong> mit dem traditionellen<strong>&#8222;Fischgesch\u00e4ft<\/strong>&#8222;-Design verleiht Ihren Verpackungen eine authentische Note und wertet Ihre Produkte auf. Die Packung enth\u00e4lt <strong>500 St\u00fcck<\/strong> und ist ideal f\u00fcr Lebensmittelgesch\u00e4fte, M\u00e4rkte und Feinkostl\u00e4den. <\/p>\n<\/div>\n<p>&nbsp;<\/p>\n<p><!--more--><\/p>\n<div style=\"box-sizing: inherit; font-family: Roboto, sans-serif;\">\n<p>Diese <strong>Fischs\u00e4cke<\/strong> sind besonders praktisch, da sie mit zwei Seitenfalten ausgestattet sind, die eine gr\u00f6\u00dfere Lagerkapazit\u00e4t bieten.<\/p>\n<\/div>\n<p>&nbsp;<\/p>\n<p><!--more--><\/p>\n<div style=\"box-sizing: inherit; font-family: Roboto, sans-serif;\">\n<div style=\"box-sizing: inherit; font-family: Roboto, sans-serif;\">\n<div style=\"box-sizing: inherit; font-family: Roboto, sans-serif;\">\n<div style=\"box-sizing: inherit; font-family: Roboto, sans-serif;\">\n<h4>Weitere Informationen :<\/h4>\n<ul>\n<li><strong>Gr\u00f6\u00dfe: <\/strong>260 + 120 x 450 mm<\/li>\n<li><strong>Material: <\/strong>LDPE<\/li>\n<li><strong>Widerstand<\/strong>: 50 Mikron<\/li>\n<li><strong>Verpackung: <\/strong>Karton mit 500 St\u00fcck<\/li>\n<li><strong>Farbe: <\/strong>Blau mit Drucken<\/li>\n<\/ul>\n<\/div>\n<p>&nbsp;<\/p>\n<\/div>\n<\/div>\n<\/div>\n<p><!--more--><\/p>\n<p>Dieses Produkt ist in verschiedenen Versionen erh\u00e4ltlich, die f\u00fcr verschiedene Berufe geeignet sind: <span style=\"color: #d12727;\"><a style=\"color: #d12727;\" href=\"https:\/\/www.csj-emballages.com\/es\/produit\/500-bolsas-de-polietileno-de-baja-densidad-fromage-de-pays-26-12-x-45-cm-50-%c2%b5\/\">K\u00e4serei<\/a><\/span> \/ <span style=\"color: #d12727;\"><a style=\"color: #d12727;\" href=\"https:\/\/www.csj-emballages.com\/produit\/500-sacs-bretelles-boucherie-26-12-x-45-cm-50-%c2%b5-en-plastique\/\">Metzgerei<\/a><\/span> \/ <span style=\"color: #d12727;\"><a style=\"color: #d12727;\" href=\"https:\/\/www.csj-emballages.com\/produit\/500-sacs-bretelles-primeurs-26-12-x-45-cm-50-%c2%b5-en-pebd\/\">Primeur<\/a><\/span><\/p>\n<p>&nbsp;<\/p>\n<p><!--more--><\/p>\n<p><a href=\"https:\/\/www.csj-emballages.com\/de\/categorie-produit\/lebensmittelverpackungen\/restauration-de\/sacke-und-papier\/schultertaschen-krafts-de\/plastiksacke\/\">Sehen Sie sich den Rest unseres Sortiments an Plastikt\u00fcten an.<\/a><\/p>\n","protected":false},"excerpt":{"rendered":"<p>Umh\u00e4ngetasche &#8222;Fischgesch\u00e4ft&#8220; Beschreibung von LDPE-Schultertasche &#8222;Fischgesch\u00e4ft&#8220; 26 + 12 x 45 cm 50 \u00b5 pro 500 St\u00fcck<\/p>\n","protected":false},"featured_media":255642,"template":"","meta":{"_acf_changed":false},"product_brand":[],"product_cat":[1137,1134,3976,2800,9207,1487,1882,3280],"product_tag":[],"class_list":{"0":"post-23061","1":"product","2":"type-product","3":"status-publish","4":"has-post-thumbnail","6":"product_cat-lebensmittelverpackungen","7":"product_cat-restauration-de","8":"product_cat-sacke-und-papier","9":"product_cat-schultertaschen-krafts-de","10":"product_cat-plastiksacke","11":"product_cat-boutique-und-geschaft","12":"product_cat-schultertaschen-krafts","13":"product_cat-schultertaschen","15":"first","16":"instock","17":"taxable","18":"shipping-taxable","19":"purchasable","20":"product-type-simple"},"acf":[],"yoast_head":"<!-- This site is optimized with the Yoast SEO Premium plugin v26.6 (Yoast SEO v26.6) - https:\/\/yoast.com\/wordpress\/plugins\/seo\/ -->\n<title>LDPE-Schultertasche &quot;Fischgesch\u00e4ft&quot; 50\u00b5 - 26 + 12 x 45 cm<\/title>\n<meta name=\"description\" content=\"Tr\u00e4gertasche &quot;Fischgesch\u00e4ft&quot; 26 + 12 x 45 cm, 50 \u00b5 aus LDPE, ideal zum Verpacken Ihrer Meeresfr\u00fcchte. Widerstandsf\u00e4hig und praktisch, wird in Packungen zu 500 St\u00fcck verkauft.\" \/>\n<meta name=\"robots\" content=\"index, follow, max-snippet:-1, max-image-preview:large, max-video-preview:-1\" \/>\n<link rel=\"canonical\" href=\"https:\/\/www.csj-emballages.com\/de\/produit\/500-traegertaschen-fischgeschaeft-26-12-x-45-cm-50-%c2%b5-aus-kunststoff\/\" \/>\n<meta property=\"og:locale\" content=\"de_DE\" \/>\n<meta property=\"og:type\" content=\"article\" \/>\n<meta property=\"og:title\" content=\"Umh\u00e4ngetasche &quot;Fischgesch\u00e4ft&quot; 26 + 12 x 45 cm 50 \u00b5 LDPE pro 500\" \/>\n<meta property=\"og:description\" content=\"Tr\u00e4gertasche &quot;Fischgesch\u00e4ft&quot; 26 + 12 x 45 cm, 50 \u00b5 aus LDPE, ideal zum Verpacken Ihrer Meeresfr\u00fcchte. Widerstandsf\u00e4hig und praktisch, wird in Packungen zu 500 St\u00fcck verkauft.\" \/>\n<meta property=\"og:url\" content=\"https:\/\/www.csj-emballages.com\/de\/produit\/500-traegertaschen-fischgeschaeft-26-12-x-45-cm-50-%c2%b5-aus-kunststoff\/\" \/>\n<meta property=\"og:site_name\" content=\"CSJ Emballages\" \/>\n<meta property=\"article:publisher\" content=\"https:\/\/www.facebook.com\/csjemballages\" \/>\n<meta property=\"article:modified_time\" content=\"2026-04-24T00:16:06+00:00\" \/>\n<meta property=\"og:image\" content=\"https:\/\/www.csj-emballages.com\/wp-content\/uploads\/2024\/03\/SAC2645POI.webp\" \/>\n\t<meta property=\"og:image:width\" content=\"800\" \/>\n\t<meta property=\"og:image:height\" content=\"800\" \/>\n\t<meta property=\"og:image:type\" content=\"image\/webp\" \/>\n<meta name=\"twitter:card\" content=\"summary_large_image\" \/>\n<meta name=\"twitter:label1\" content=\"Gesch\u00e4tzte Lesezeit\" \/>\n\t<meta name=\"twitter:data1\" content=\"1\u00a0Minute\" \/>\n<script type=\"application\/ld+json\" class=\"yoast-schema-graph\">{\"@context\":\"https:\/\/schema.org\",\"@graph\":[{\"@type\":\"WebPage\",\"@id\":\"https:\/\/www.csj-emballages.com\/de\/produit\/500-traegertaschen-fischgeschaeft-26-12-x-45-cm-50-%c2%b5-aus-kunststoff\/\",\"url\":\"https:\/\/www.csj-emballages.com\/de\/produit\/500-traegertaschen-fischgeschaeft-26-12-x-45-cm-50-%c2%b5-aus-kunststoff\/\",\"name\":\"LDPE-Schultertasche \\\"Fischgesch\u00e4ft\\\" 50\u00b5 - 26 + 12 x 45 cm\",\"isPartOf\":{\"@id\":\"https:\/\/www.csj-emballages.com\/de\/#website\"},\"primaryImageOfPage\":{\"@id\":\"https:\/\/www.csj-emballages.com\/de\/produit\/500-traegertaschen-fischgeschaeft-26-12-x-45-cm-50-%c2%b5-aus-kunststoff\/#primaryimage\"},\"image\":{\"@id\":\"https:\/\/www.csj-emballages.com\/de\/produit\/500-traegertaschen-fischgeschaeft-26-12-x-45-cm-50-%c2%b5-aus-kunststoff\/#primaryimage\"},\"thumbnailUrl\":\"https:\/\/www.csj-emballages.com\/wp-content\/uploads\/2024\/03\/SAC2645POI.webp\",\"datePublished\":\"2024-03-01T15:50:11+00:00\",\"dateModified\":\"2026-04-24T00:16:06+00:00\",\"description\":\"Tr\u00e4gertasche \\\"Fischgesch\u00e4ft\\\" 26 + 12 x 45 cm, 50 \u00b5 aus LDPE, ideal zum Verpacken Ihrer Meeresfr\u00fcchte. Widerstandsf\u00e4hig und praktisch, wird in Packungen zu 500 St\u00fcck verkauft.\",\"breadcrumb\":{\"@id\":\"https:\/\/www.csj-emballages.com\/de\/produit\/500-traegertaschen-fischgeschaeft-26-12-x-45-cm-50-%c2%b5-aus-kunststoff\/#breadcrumb\"},\"inLanguage\":\"de\",\"potentialAction\":[{\"@type\":\"ReadAction\",\"target\":[\"https:\/\/www.csj-emballages.com\/de\/produit\/500-traegertaschen-fischgeschaeft-26-12-x-45-cm-50-%c2%b5-aus-kunststoff\/\"]}]},{\"@type\":\"ImageObject\",\"inLanguage\":\"de\",\"@id\":\"https:\/\/www.csj-emballages.com\/de\/produit\/500-traegertaschen-fischgeschaeft-26-12-x-45-cm-50-%c2%b5-aus-kunststoff\/#primaryimage\",\"url\":\"https:\/\/www.csj-emballages.com\/wp-content\/uploads\/2024\/03\/SAC2645POI.webp\",\"contentUrl\":\"https:\/\/www.csj-emballages.com\/wp-content\/uploads\/2024\/03\/SAC2645POI.webp\",\"width\":800,\"height\":800,\"caption\":\"Sac bretelle \\\"Poissonnerie\\\"\"},{\"@type\":\"BreadcrumbList\",\"@id\":\"https:\/\/www.csj-emballages.com\/de\/produit\/500-traegertaschen-fischgeschaeft-26-12-x-45-cm-50-%c2%b5-aus-kunststoff\/#breadcrumb\",\"itemListElement\":[{\"@type\":\"ListItem\",\"position\":1,\"name\":\"Accueil\",\"item\":\"https:\/\/www.csj-emballages.com\/de\/universum-lebensmittelverpackungen\/\"},{\"@type\":\"ListItem\",\"position\":2,\"name\":\"Shop\",\"item\":\"https:\/\/www.csj-emballages.com\/shop\/\"},{\"@type\":\"ListItem\",\"position\":3,\"name\":\"Umh\u00e4ngetasche \u00ab\u00a0Fischgesch\u00e4ft\u00a0\u00bb 26 + 12 x 45 cm 50 \u00b5 LDPE pro 500\"}]},{\"@type\":\"WebSite\",\"@id\":\"https:\/\/www.csj-emballages.com\/de\/#website\",\"url\":\"https:\/\/www.csj-emballages.com\/de\/\",\"name\":\"CSJ Emballages\",\"description\":\"\",\"publisher\":{\"@id\":\"https:\/\/www.csj-emballages.com\/de\/#organization\"},\"potentialAction\":[{\"@type\":\"SearchAction\",\"target\":{\"@type\":\"EntryPoint\",\"urlTemplate\":\"https:\/\/www.csj-emballages.com\/de\/?s={search_term_string}\"},\"query-input\":{\"@type\":\"PropertyValueSpecification\",\"valueRequired\":true,\"valueName\":\"search_term_string\"}}],\"inLanguage\":\"de\"},{\"@type\":\"Organization\",\"@id\":\"https:\/\/www.csj-emballages.com\/de\/#Organization\/\",\"name\":\"CSJ Emballages\",\"url\":\"https:\/\/www.csj-emballages.com\/de\/\",\"logo\":{\"@type\":\"ImageObject\",\"inLanguage\":\"de\",\"@id\":\"https:\/\/www.csj-emballages.com\/de\/#\/schema\/logo\/image\/\",\"url\":\"https:\/\/www.csj-emballages.com\/wp-content\/uploads\/2023\/10\/logo_csj.webp\",\"contentUrl\":\"https:\/\/www.csj-emballages.com\/wp-content\/uploads\/2023\/10\/logo_csj.webp\",\"width\":250,\"height\":95,\"caption\":\"CSJ Emballages\"},\"image\":{\"@id\":\"https:\/\/www.csj-emballages.com\/de\/#\/schema\/logo\/image\/\"},\"sameAs\":[\"https:\/\/www.facebook.com\/csjemballages\"],\"address\":{\"@type\":\"PostalAddress\",\"streetAddress\":\"ZI La Lechere\",\"addressLocality\":\"Patornay\",\"postalCode\":\"39130\",\"addressCountry\":\"FR\"},\"contactPoint\":[{\"@type\":\"ContactPoint\",\"contactType\":\"Service client\",\"telephone\":\"0384254272\",\"email\":\"contact@csj-emballages.com\"}]}]}<\/script>\n<!-- \/ Yoast SEO Premium plugin. -->","yoast_head_json":{"title":"LDPE-Schultertasche \"Fischgesch\u00e4ft\" 50\u00b5 - 26 + 12 x 45 cm","description":"Tr\u00e4gertasche \"Fischgesch\u00e4ft\" 26 + 12 x 45 cm, 50 \u00b5 aus LDPE, ideal zum Verpacken Ihrer Meeresfr\u00fcchte. Widerstandsf\u00e4hig und praktisch, wird in Packungen zu 500 St\u00fcck verkauft.","robots":{"index":"index","follow":"follow","max-snippet":"max-snippet:-1","max-image-preview":"max-image-preview:large","max-video-preview":"max-video-preview:-1"},"canonical":"https:\/\/www.csj-emballages.com\/de\/produit\/500-traegertaschen-fischgeschaeft-26-12-x-45-cm-50-%c2%b5-aus-kunststoff\/","og_locale":"de_DE","og_type":"article","og_title":"Umh\u00e4ngetasche \"Fischgesch\u00e4ft\" 26 + 12 x 45 cm 50 \u00b5 LDPE pro 500","og_description":"Tr\u00e4gertasche \"Fischgesch\u00e4ft\" 26 + 12 x 45 cm, 50 \u00b5 aus LDPE, ideal zum Verpacken Ihrer Meeresfr\u00fcchte. Widerstandsf\u00e4hig und praktisch, wird in Packungen zu 500 St\u00fcck verkauft.","og_url":"https:\/\/www.csj-emballages.com\/de\/produit\/500-traegertaschen-fischgeschaeft-26-12-x-45-cm-50-%c2%b5-aus-kunststoff\/","og_site_name":"CSJ Emballages","article_publisher":"https:\/\/www.facebook.com\/csjemballages","article_modified_time":"2026-04-24T00:16:06+00:00","og_image":[{"width":800,"height":800,"url":"https:\/\/www.csj-emballages.com\/wp-content\/uploads\/2024\/03\/SAC2645POI.webp","type":"image\/webp"}],"twitter_card":"summary_large_image","twitter_misc":{"Gesch\u00e4tzte Lesezeit":"1\u00a0Minute"},"schema":{"@context":"https:\/\/schema.org","@graph":[{"@type":"WebPage","@id":"https:\/\/www.csj-emballages.com\/de\/produit\/500-traegertaschen-fischgeschaeft-26-12-x-45-cm-50-%c2%b5-aus-kunststoff\/","url":"https:\/\/www.csj-emballages.com\/de\/produit\/500-traegertaschen-fischgeschaeft-26-12-x-45-cm-50-%c2%b5-aus-kunststoff\/","name":"LDPE-Schultertasche \"Fischgesch\u00e4ft\" 50\u00b5 - 26 + 12 x 45 cm","isPartOf":{"@id":"https:\/\/www.csj-emballages.com\/de\/#website"},"primaryImageOfPage":{"@id":"https:\/\/www.csj-emballages.com\/de\/produit\/500-traegertaschen-fischgeschaeft-26-12-x-45-cm-50-%c2%b5-aus-kunststoff\/#primaryimage"},"image":{"@id":"https:\/\/www.csj-emballages.com\/de\/produit\/500-traegertaschen-fischgeschaeft-26-12-x-45-cm-50-%c2%b5-aus-kunststoff\/#primaryimage"},"thumbnailUrl":"https:\/\/www.csj-emballages.com\/wp-content\/uploads\/2024\/03\/SAC2645POI.webp","datePublished":"2024-03-01T15:50:11+00:00","dateModified":"2026-04-24T00:16:06+00:00","description":"Tr\u00e4gertasche \"Fischgesch\u00e4ft\" 26 + 12 x 45 cm, 50 \u00b5 aus LDPE, ideal zum Verpacken Ihrer Meeresfr\u00fcchte. Widerstandsf\u00e4hig und praktisch, wird in Packungen zu 500 St\u00fcck verkauft.","breadcrumb":{"@id":"https:\/\/www.csj-emballages.com\/de\/produit\/500-traegertaschen-fischgeschaeft-26-12-x-45-cm-50-%c2%b5-aus-kunststoff\/#breadcrumb"},"inLanguage":"de","potentialAction":[{"@type":"ReadAction","target":["https:\/\/www.csj-emballages.com\/de\/produit\/500-traegertaschen-fischgeschaeft-26-12-x-45-cm-50-%c2%b5-aus-kunststoff\/"]}]},{"@type":"ImageObject","inLanguage":"de","@id":"https:\/\/www.csj-emballages.com\/de\/produit\/500-traegertaschen-fischgeschaeft-26-12-x-45-cm-50-%c2%b5-aus-kunststoff\/#primaryimage","url":"https:\/\/www.csj-emballages.com\/wp-content\/uploads\/2024\/03\/SAC2645POI.webp","contentUrl":"https:\/\/www.csj-emballages.com\/wp-content\/uploads\/2024\/03\/SAC2645POI.webp","width":800,"height":800,"caption":"Sac bretelle \"Poissonnerie\""},{"@type":"BreadcrumbList","@id":"https:\/\/www.csj-emballages.com\/de\/produit\/500-traegertaschen-fischgeschaeft-26-12-x-45-cm-50-%c2%b5-aus-kunststoff\/#breadcrumb","itemListElement":[{"@type":"ListItem","position":1,"name":"Accueil","item":"https:\/\/www.csj-emballages.com\/de\/universum-lebensmittelverpackungen\/"},{"@type":"ListItem","position":2,"name":"Shop","item":"https:\/\/www.csj-emballages.com\/shop\/"},{"@type":"ListItem","position":3,"name":"Umh\u00e4ngetasche \u00ab\u00a0Fischgesch\u00e4ft\u00a0\u00bb 26 + 12 x 45 cm 50 \u00b5 LDPE pro 500"}]},{"@type":"WebSite","@id":"https:\/\/www.csj-emballages.com\/de\/#website","url":"https:\/\/www.csj-emballages.com\/de\/","name":"CSJ Emballages","description":"","publisher":{"@id":"https:\/\/www.csj-emballages.com\/de\/#organization"},"potentialAction":[{"@type":"SearchAction","target":{"@type":"EntryPoint","urlTemplate":"https:\/\/www.csj-emballages.com\/de\/?s={search_term_string}"},"query-input":{"@type":"PropertyValueSpecification","valueRequired":true,"valueName":"search_term_string"}}],"inLanguage":"de"},{"@type":"Organization","@id":"https:\/\/www.csj-emballages.com\/de\/#Organization\/","name":"CSJ Emballages","url":"https:\/\/www.csj-emballages.com\/de\/","logo":{"@type":"ImageObject","inLanguage":"de","@id":"https:\/\/www.csj-emballages.com\/de\/#\/schema\/logo\/image\/","url":"https:\/\/www.csj-emballages.com\/wp-content\/uploads\/2023\/10\/logo_csj.webp","contentUrl":"https:\/\/www.csj-emballages.com\/wp-content\/uploads\/2023\/10\/logo_csj.webp","width":250,"height":95,"caption":"CSJ Emballages"},"image":{"@id":"https:\/\/www.csj-emballages.com\/de\/#\/schema\/logo\/image\/"},"sameAs":["https:\/\/www.facebook.com\/csjemballages"],"address":{"@type":"PostalAddress","streetAddress":"ZI La Lechere","addressLocality":"Patornay","postalCode":"39130","addressCountry":"FR"},"contactPoint":[{"@type":"ContactPoint","contactType":"Service client","telephone":"0384254272","email":"contact@csj-emballages.com"}]}]}},"df_price":28.63,"df_sale_price":"","df_regular_price":28.63,"df_image_link":"https:\/\/www.csj-emballages.com\/wp-content\/uploads\/2024\/03\/SAC2645POI-300x300.webp","tiered_pricing_type":"fixed","tiered_pricing_fixed_rules":[],"tiered_pricing_percentage_rules":[],"tiered_pricing_minimum":1,"tiered_pricing_roles_data":[],"_links":{"self":[{"href":"https:\/\/www.csj-emballages.com\/de\/wp-json\/wp\/v2\/product\/23061","targetHints":{"allow":["GET"]}}],"collection":[{"href":"https:\/\/www.csj-emballages.com\/de\/wp-json\/wp\/v2\/product"}],"about":[{"href":"https:\/\/www.csj-emballages.com\/de\/wp-json\/wp\/v2\/types\/product"}],"wp:featuredmedia":[{"embeddable":true,"href":"https:\/\/www.csj-emballages.com\/de\/wp-json\/wp\/v2\/media\/255642"}],"wp:attachment":[{"href":"https:\/\/www.csj-emballages.com\/de\/wp-json\/wp\/v2\/media?parent=23061"}],"wp:term":[{"taxonomy":"product_brand","embeddable":true,"href":"https:\/\/www.csj-emballages.com\/de\/wp-json\/wp\/v2\/product_brand?post=23061"},{"taxonomy":"product_cat","embeddable":true,"href":"https:\/\/www.csj-emballages.com\/de\/wp-json\/wp\/v2\/product_cat?post=23061"},{"taxonomy":"product_tag","embeddable":true,"href":"https:\/\/www.csj-emballages.com\/de\/wp-json\/wp\/v2\/product_tag?post=23061"}],"curies":[{"name":"wp","href":"https:\/\/api.w.org\/{rel}","templated":true}]}}