{"id":23031,"date":"2024-03-01T16:50:12","date_gmt":"2024-03-01T15:50:12","guid":{"rendered":"https:\/\/u15jnbdpoq.preview.infomaniak.website\/produit\/100-dicke-goldrundlinge-o28-cm\/"},"modified":"2026-04-14T02:20:30","modified_gmt":"2026-04-14T00:20:30","slug":"100-dicke-goldrundlinge-o28-cm","status":"publish","type":"product","link":"https:\/\/www.csj-emballages.com\/de\/produit\/100-dicke-goldrundlinge-o28-cm\/","title":{"rendered":"Rund gold dicker Karton \u00f828 cm pro 100"},"content":{"rendered":"<h2>Rund Gold<\/h2>\n<hr>\n<h3>Beschreibung von unserem runden Gold dicke Pappe \u00f828 cm pro 100<\/h3>\n<p><!--more--><\/p>\n<p data-start=\"0\" data-end=\"490\">Verleihen Sie Ihren s\u00fc\u00dfen Kreationen einen Hauch von Eleganz mit unserem <strong data-start=\"96\" data-end=\"130\">goldenen Rondell aus dickem Karton \u00f828 cm<\/strong> pro <strong>100<\/strong> St\u00fcck. Dieser <strong>Kuchenst\u00e4nder<\/strong> wurde speziell f\u00fcr <strong data-start=\"168\" data-end=\"182\">Konditoren<\/strong>, <strong data-start=\"184\" data-end=\"198\">B\u00e4cker<\/strong> und <strong data-start=\"202\" data-end=\"215\">Caterer<\/strong> entworfen und vereint Robustheit und Raffinesse. Dank seiner <strong data-start=\"291\" data-end=\"311\" data-is-only-node=\"\">plastifizierten<\/strong> Beschichtung in <strong data-start=\"323\" data-end=\"338\">leuchtendem Gold<\/strong> bringt er jedes Dessert zur Geltung, egal ob es sich um eine Erdbeer-Charlotte, einen Vacherin glac\u00e9, eine Tarte gourmande oder einen Fondant au chocolat handelt.  <\/p>\n<p data-start=\"492\" data-end=\"922\">Denn aus <strong data-start=\"509\" data-end=\"533\">dickem Karton<\/strong> gefertigt, bietet dieser <strong>Rundling<\/strong> eine <strong data-start=\"553\" data-end=\"574\">optimale Steifigkeit<\/strong> und garantiert so eine makellose Pr\u00e4sentation vom Anfang bis zum Ende des Servierens. Au\u00dferdem sch\u00fctzt seine plastifizierte Oberfl\u00e4che vor Feuchtigkeit und verhindert das Anhaften der Zubereitungen, was das Schneiden und Servieren erleichtert. <strong data-start=\"790\" data-end=\"802\">Praktischerweise<\/strong> passt er perfekt in die <span style=\"color: #d12727;\"><a style=\"color: #d12727;\" href=\"https:\/\/www.csj-emballages.com\/de\/categorie-produit\/lebensmittelverpackungen\/backerei-und-konditorei\/schachteln-und-etuis\/gebackschachteln\/\"><strong>Konditoreidosen<\/strong><\/a><\/span>So k\u00f6nnen Sie selbst die empfindlichsten Leckereien sicher transportieren. <\/p>\n<p data-start=\"924\" data-end=\"1335\">Aber das ist noch nicht alles: Dieses <strong data-start=\"960\" data-end=\"977\">biologisch abbaubare<\/strong> <strong>Material<\/strong> entspricht den heutigen Anforderungen an den Umweltschutz. So verbinden Sie die goldene \u00c4sthetik mit einem umweltbewussten Vorgehen, ein Vorteil, der von einer Kundschaft gesch\u00e4tzt wird, die auf eine nachhaltige Entwicklung achtet. Dar\u00fcber hinaus ist sie mit ihrem <strong>28-cm-Format<\/strong> die ideale Wahl f\u00fcr einzelne oder mittelgro\u00dfe Kuchen und bietet eine stabile und elegante Basis.  <\/p>\n<p data-start=\"1337\" data-end=\"1767\">Wenn Sie sich f\u00fcr dieses <strong data-start=\"1355\" data-end=\"1373\">runde Gold \u00f828 cm<\/strong> entscheiden, profitieren Sie von einem <strong data-start=\"1402\" data-end=\"1416\">vielseitigen<\/strong> und <strong data-start=\"1420\" data-end=\"1430\">zuverl\u00e4ssigen<\/strong> Produkt, das Ihre Kreationen aufwertet und gleichzeitig Ihre Organisation vereinfacht. Er eignet sich sowohl f\u00fcr festliche Anl\u00e4sse als auch f\u00fcr den t\u00e4glichen Verkauf und verleiht dem Ganzen einen <strong data-start=\"1587\" data-end=\"1609\">Hauch von Prestige<\/strong>, der den Unterschied ausmacht. <strong data-start=\"1640\" data-end=\"1665\">Entscheiden Sie sich f\u00fcr Qualit\u00e4t<\/strong> und veredeln Sie jedes Dessert mit diesem Material, das Sch\u00f6nheit, Zweckm\u00e4\u00dfigkeit und Umweltschutz vereint. <\/p>\n<p><!--more--><\/p>\n<h4><strong>Vorteile :<\/strong><\/h4>\n<ul>\n<li><strong data-start=\"1992\" data-end=\"2004\">Eleganz<\/strong>: Goldfarbe, die jedes Geb\u00e4ck veredelt.<\/li>\n<li><strong data-start=\"2053\" data-end=\"2065\">Festigkeit<\/strong>: dicker Karton f\u00fcr perfekten Halt.<\/li>\n<li><strong data-start=\"2119\" data-end=\"2132\">Praktisch<\/strong>: Feuchtigkeitsabweisende, plastifizierte Oberfl\u00e4che und einfacher Transport.<\/li>\n<li><strong data-start=\"2191\" data-end=\"2209\">Umweltfreundlich<\/strong>: runder, biologisch abbaubarer Tr\u00e4ger.<\/li>\n<li><strong data-start=\"2244\" data-end=\"2258\">Vielseitig<\/strong> einsetzbar: ideal f\u00fcr Kuchen, Torten, Vacherins und mehr.<\/li>\n<\/ul>\n<p>&nbsp;<\/p>\n<p><!--more--><\/p>\n<h4>Weitere Informationen :<\/h4>\n<ul>\n<li><strong>Verpackung<\/strong>: Packung mit 100 St\u00fcck<\/li>\n<li><strong>Durchmesser<\/strong>: 28 cm<\/li>\n<li><strong>Material<\/strong>: Karton<\/li>\n<li><strong>Farbe<\/strong>: Gold<\/li>\n<\/ul>\n<p>&nbsp;<\/p>\n<p><!--more--><\/p>\n<p>Dieser glatte, wei\u00dfe, runde Kuchenst\u00e4nder ist in verschiedenen Gr\u00f6\u00dfen erh\u00e4ltlich: <span style=\"color: #d12727;\"><a style=\"color: #d12727;\" href=\"https:\/\/www.csj-emballages.com\/de\/produit\/100-dicke-goldene-ringe-o16-cm\/\">\u00d816 cm<\/a><\/span> \/ <span style=\"color: #d12727;\"><a style=\"color: #d12727;\" href=\"https:\/\/www.csj-emballages.com\/produit\/100-ronds-or-epais-o18-cm\/\">\u00d818 cm<\/a><\/span> \/ <span style=\"color: #d12727;\"><a style=\"color: #d12727;\" href=\"https:\/\/www.csj-emballages.com\/produit\/100-ronds-or-epais-o20-cm\/\">\u00d820 cm<\/a><\/span> \/ <span style=\"color: #d12727;\"><a style=\"color: #d12727;\" href=\"https:\/\/www.csj-emballages.com\/produit\/100-ronds-or-epais-o22-cm\/\">\u00d822 cm<\/a><\/span> \/ <span style=\"color: #d12727;\"><a style=\"color: #d12727;\" href=\"https:\/\/www.csj-emballages.com\/produit\/100-ronds-or-epais-o24-cm\/\">\u00d824 cm<\/a><\/span> \/ <span style=\"color: #d12727;\"><a style=\"color: #d12727;\" href=\"https:\/\/www.csj-emballages.com\/produit\/100-ronds-or-epais-o26-cm\/\">\u00d826 cm<\/a> \/ <a style=\"color: #d12727;\" href=\"https:\/\/www.csj-emballages.com\/produit\/100-ronds-or-epais-o30-cm\/\">\u00d830 cm<\/a> \/ <a style=\"color: #d12727;\" href=\"https:\/\/www.csj-emballages.com\/produit\/100-ronds-or-epais-o32-cm\/\">\u00d832<\/a> cm<\/span><\/p>\n<p>&nbsp;<\/p>\n<p><!--more--><\/p>\n<p><a href=\"https:\/\/www.csj-emballages.com\/de\/categorie-produit\/lebensmittelverpackungen\/backerei-und-konditorei\/kuchensohlenhalter\/runde-kuchenstander\/kuchenstander-gold\/goldene-runde-tortenstander\/\">Sehen Sie sich hier den Rest unseres Sortiments an runden Goldst\u00e4ndern an<\/a><\/p>\n","protected":false},"excerpt":{"rendered":"<p>Rund Gold Beschreibung von unserem runden Gold dicke Pappe \u00f828 cm pro 100<\/p>\n","protected":false},"featured_media":0,"template":"","meta":{"_acf_changed":false},"product_brand":[],"product_cat":[1137,1171,1925,3109,3276],"product_tag":[],"class_list":{"0":"post-23031","1":"product","2":"type-product","3":"status-publish","5":"product_cat-lebensmittelverpackungen","6":"product_cat-backerei-und-konditorei","7":"product_cat-kuchensohlenhalter","8":"product_cat-kuchenstander-gold","9":"product_cat-goldene-runde-tortenstander","11":"first","12":"instock","13":"taxable","14":"shipping-taxable","15":"purchasable","16":"product-type-simple"},"acf":[],"yoast_head":"<!-- This site is optimized with the Yoast SEO Premium plugin v26.6 (Yoast SEO v26.6) - https:\/\/yoast.com\/wordpress\/plugins\/seo\/ -->\n<title>Rund Gold Dicker Karton \u00f828 cm pro 100<\/title>\n<meta name=\"description\" content=\"Runder goldener Kuchen \u00d828 cm aus dickem, biologisch abbaubarem und plastifiziertem Karton. Ideal f\u00fcr Konditoren, B\u00e4cker und Caterer, um Kuchen und Desserts zu veredeln.\" \/>\n<meta name=\"robots\" content=\"index, follow, max-snippet:-1, max-image-preview:large, max-video-preview:-1\" \/>\n<link rel=\"canonical\" href=\"https:\/\/www.csj-emballages.com\/de\/produit\/100-dicke-goldrundlinge-o28-cm\/\" \/>\n<meta property=\"og:locale\" content=\"de_DE\" \/>\n<meta property=\"og:type\" content=\"article\" \/>\n<meta property=\"og:title\" content=\"Rund gold dicker Karton \u00f828 cm pro 100\" \/>\n<meta property=\"og:description\" content=\"Runder goldener Kuchen \u00d828 cm aus dickem, biologisch abbaubarem und plastifiziertem Karton. Ideal f\u00fcr Konditoren, B\u00e4cker und Caterer, um Kuchen und Desserts zu veredeln.\" \/>\n<meta property=\"og:url\" content=\"https:\/\/www.csj-emballages.com\/de\/produit\/100-dicke-goldrundlinge-o28-cm\/\" \/>\n<meta property=\"og:site_name\" content=\"CSJ Emballages\" \/>\n<meta property=\"article:publisher\" content=\"https:\/\/www.facebook.com\/csjemballages\" \/>\n<meta property=\"article:modified_time\" content=\"2026-04-14T00:20:30+00:00\" \/>\n<meta property=\"og:image\" content=\"https:\/\/www.csj-emballages.com\/wp-content\/uploads\/2024\/03\/Rond-or.webp\" \/>\n\t<meta property=\"og:image:width\" content=\"800\" \/>\n\t<meta property=\"og:image:height\" content=\"800\" \/>\n\t<meta property=\"og:image:type\" content=\"image\/webp\" \/>\n<meta name=\"twitter:card\" content=\"summary_large_image\" \/>\n<meta name=\"twitter:label1\" content=\"Gesch\u00e4tzte Lesezeit\" \/>\n\t<meta name=\"twitter:data1\" content=\"2 Minuten\" \/>\n<script type=\"application\/ld+json\" class=\"yoast-schema-graph\">{\"@context\":\"https:\/\/schema.org\",\"@graph\":[{\"@type\":\"WebPage\",\"@id\":\"https:\/\/www.csj-emballages.com\/de\/produit\/100-dicke-goldrundlinge-o28-cm\/\",\"url\":\"https:\/\/www.csj-emballages.com\/de\/produit\/100-dicke-goldrundlinge-o28-cm\/\",\"name\":\"Rund Gold Dicker Karton \u00f828 cm pro 100\",\"isPartOf\":{\"@id\":\"https:\/\/www.csj-emballages.com\/de\/#website\"},\"datePublished\":\"2024-03-01T15:50:12+00:00\",\"dateModified\":\"2026-04-14T00:20:30+00:00\",\"description\":\"Runder goldener Kuchen \u00d828 cm aus dickem, biologisch abbaubarem und plastifiziertem Karton. Ideal f\u00fcr Konditoren, B\u00e4cker und Caterer, um Kuchen und Desserts zu veredeln.\",\"breadcrumb\":{\"@id\":\"https:\/\/www.csj-emballages.com\/de\/produit\/100-dicke-goldrundlinge-o28-cm\/#breadcrumb\"},\"inLanguage\":\"de\",\"potentialAction\":[{\"@type\":\"ReadAction\",\"target\":[\"https:\/\/www.csj-emballages.com\/de\/produit\/100-dicke-goldrundlinge-o28-cm\/\"]}]},{\"@type\":\"BreadcrumbList\",\"@id\":\"https:\/\/www.csj-emballages.com\/de\/produit\/100-dicke-goldrundlinge-o28-cm\/#breadcrumb\",\"itemListElement\":[{\"@type\":\"ListItem\",\"position\":1,\"name\":\"Accueil\",\"item\":\"https:\/\/www.csj-emballages.com\/de\/universum-lebensmittelverpackungen\/\"},{\"@type\":\"ListItem\",\"position\":2,\"name\":\"Shop\",\"item\":\"https:\/\/www.csj-emballages.com\/shop\/\"},{\"@type\":\"ListItem\",\"position\":3,\"name\":\"Rund gold dicker Karton \u00f828 cm pro 100\"}]},{\"@type\":\"WebSite\",\"@id\":\"https:\/\/www.csj-emballages.com\/de\/#website\",\"url\":\"https:\/\/www.csj-emballages.com\/de\/\",\"name\":\"CSJ Emballages\",\"description\":\"\",\"publisher\":{\"@id\":\"https:\/\/www.csj-emballages.com\/de\/#organization\"},\"potentialAction\":[{\"@type\":\"SearchAction\",\"target\":{\"@type\":\"EntryPoint\",\"urlTemplate\":\"https:\/\/www.csj-emballages.com\/de\/?s={search_term_string}\"},\"query-input\":{\"@type\":\"PropertyValueSpecification\",\"valueRequired\":true,\"valueName\":\"search_term_string\"}}],\"inLanguage\":\"de\"},{\"@type\":\"Organization\",\"@id\":\"https:\/\/www.csj-emballages.com\/de\/#Organization\/\",\"name\":\"CSJ Emballages\",\"url\":\"https:\/\/www.csj-emballages.com\/de\/\",\"logo\":{\"@type\":\"ImageObject\",\"inLanguage\":\"de\",\"@id\":\"https:\/\/www.csj-emballages.com\/de\/#\/schema\/logo\/image\/\",\"url\":\"https:\/\/www.csj-emballages.com\/wp-content\/uploads\/2023\/10\/logo_csj.webp\",\"contentUrl\":\"https:\/\/www.csj-emballages.com\/wp-content\/uploads\/2023\/10\/logo_csj.webp\",\"width\":250,\"height\":95,\"caption\":\"CSJ Emballages\"},\"image\":{\"@id\":\"https:\/\/www.csj-emballages.com\/de\/#\/schema\/logo\/image\/\"},\"sameAs\":[\"https:\/\/www.facebook.com\/csjemballages\"],\"address\":{\"@type\":\"PostalAddress\",\"streetAddress\":\"ZI La Lechere\",\"addressLocality\":\"Patornay\",\"postalCode\":\"39130\",\"addressCountry\":\"FR\"},\"contactPoint\":[{\"@type\":\"ContactPoint\",\"contactType\":\"Service client\",\"telephone\":\"0384254272\",\"email\":\"contact@csj-emballages.com\"}]}]}<\/script>\n<!-- \/ Yoast SEO Premium plugin. -->","yoast_head_json":{"title":"Rund Gold Dicker Karton \u00f828 cm pro 100","description":"Runder goldener Kuchen \u00d828 cm aus dickem, biologisch abbaubarem und plastifiziertem Karton. Ideal f\u00fcr Konditoren, B\u00e4cker und Caterer, um Kuchen und Desserts zu veredeln.","robots":{"index":"index","follow":"follow","max-snippet":"max-snippet:-1","max-image-preview":"max-image-preview:large","max-video-preview":"max-video-preview:-1"},"canonical":"https:\/\/www.csj-emballages.com\/de\/produit\/100-dicke-goldrundlinge-o28-cm\/","og_locale":"de_DE","og_type":"article","og_title":"Rund gold dicker Karton \u00f828 cm pro 100","og_description":"Runder goldener Kuchen \u00d828 cm aus dickem, biologisch abbaubarem und plastifiziertem Karton. Ideal f\u00fcr Konditoren, B\u00e4cker und Caterer, um Kuchen und Desserts zu veredeln.","og_url":"https:\/\/www.csj-emballages.com\/de\/produit\/100-dicke-goldrundlinge-o28-cm\/","og_site_name":"CSJ Emballages","article_publisher":"https:\/\/www.facebook.com\/csjemballages","article_modified_time":"2026-04-14T00:20:30+00:00","og_image":[{"width":800,"height":800,"url":"https:\/\/www.csj-emballages.com\/wp-content\/uploads\/2024\/03\/Rond-or.webp","type":"image\/webp"}],"twitter_card":"summary_large_image","twitter_misc":{"Gesch\u00e4tzte Lesezeit":"2 Minuten"},"schema":{"@context":"https:\/\/schema.org","@graph":[{"@type":"WebPage","@id":"https:\/\/www.csj-emballages.com\/de\/produit\/100-dicke-goldrundlinge-o28-cm\/","url":"https:\/\/www.csj-emballages.com\/de\/produit\/100-dicke-goldrundlinge-o28-cm\/","name":"Rund Gold Dicker Karton \u00f828 cm pro 100","isPartOf":{"@id":"https:\/\/www.csj-emballages.com\/de\/#website"},"datePublished":"2024-03-01T15:50:12+00:00","dateModified":"2026-04-14T00:20:30+00:00","description":"Runder goldener Kuchen \u00d828 cm aus dickem, biologisch abbaubarem und plastifiziertem Karton. Ideal f\u00fcr Konditoren, B\u00e4cker und Caterer, um Kuchen und Desserts zu veredeln.","breadcrumb":{"@id":"https:\/\/www.csj-emballages.com\/de\/produit\/100-dicke-goldrundlinge-o28-cm\/#breadcrumb"},"inLanguage":"de","potentialAction":[{"@type":"ReadAction","target":["https:\/\/www.csj-emballages.com\/de\/produit\/100-dicke-goldrundlinge-o28-cm\/"]}]},{"@type":"BreadcrumbList","@id":"https:\/\/www.csj-emballages.com\/de\/produit\/100-dicke-goldrundlinge-o28-cm\/#breadcrumb","itemListElement":[{"@type":"ListItem","position":1,"name":"Accueil","item":"https:\/\/www.csj-emballages.com\/de\/universum-lebensmittelverpackungen\/"},{"@type":"ListItem","position":2,"name":"Shop","item":"https:\/\/www.csj-emballages.com\/shop\/"},{"@type":"ListItem","position":3,"name":"Rund gold dicker Karton \u00f828 cm pro 100"}]},{"@type":"WebSite","@id":"https:\/\/www.csj-emballages.com\/de\/#website","url":"https:\/\/www.csj-emballages.com\/de\/","name":"CSJ Emballages","description":"","publisher":{"@id":"https:\/\/www.csj-emballages.com\/de\/#organization"},"potentialAction":[{"@type":"SearchAction","target":{"@type":"EntryPoint","urlTemplate":"https:\/\/www.csj-emballages.com\/de\/?s={search_term_string}"},"query-input":{"@type":"PropertyValueSpecification","valueRequired":true,"valueName":"search_term_string"}}],"inLanguage":"de"},{"@type":"Organization","@id":"https:\/\/www.csj-emballages.com\/de\/#Organization\/","name":"CSJ Emballages","url":"https:\/\/www.csj-emballages.com\/de\/","logo":{"@type":"ImageObject","inLanguage":"de","@id":"https:\/\/www.csj-emballages.com\/de\/#\/schema\/logo\/image\/","url":"https:\/\/www.csj-emballages.com\/wp-content\/uploads\/2023\/10\/logo_csj.webp","contentUrl":"https:\/\/www.csj-emballages.com\/wp-content\/uploads\/2023\/10\/logo_csj.webp","width":250,"height":95,"caption":"CSJ Emballages"},"image":{"@id":"https:\/\/www.csj-emballages.com\/de\/#\/schema\/logo\/image\/"},"sameAs":["https:\/\/www.facebook.com\/csjemballages"],"address":{"@type":"PostalAddress","streetAddress":"ZI La Lechere","addressLocality":"Patornay","postalCode":"39130","addressCountry":"FR"},"contactPoint":[{"@type":"ContactPoint","contactType":"Service client","telephone":"0384254272","email":"contact@csj-emballages.com"}]}]}},"df_price":23.65,"df_sale_price":"","df_regular_price":23.65,"df_image_link":"https:\/\/www.csj-emballages.com\/wp-content\/uploads\/woocommerce-placeholder-300x300.png","tiered_pricing_type":"fixed","tiered_pricing_fixed_rules":[],"tiered_pricing_percentage_rules":[],"tiered_pricing_minimum":1,"tiered_pricing_roles_data":[],"_links":{"self":[{"href":"https:\/\/www.csj-emballages.com\/de\/wp-json\/wp\/v2\/product\/23031","targetHints":{"allow":["GET"]}}],"collection":[{"href":"https:\/\/www.csj-emballages.com\/de\/wp-json\/wp\/v2\/product"}],"about":[{"href":"https:\/\/www.csj-emballages.com\/de\/wp-json\/wp\/v2\/types\/product"}],"wp:attachment":[{"href":"https:\/\/www.csj-emballages.com\/de\/wp-json\/wp\/v2\/media?parent=23031"}],"wp:term":[{"taxonomy":"product_brand","embeddable":true,"href":"https:\/\/www.csj-emballages.com\/de\/wp-json\/wp\/v2\/product_brand?post=23031"},{"taxonomy":"product_cat","embeddable":true,"href":"https:\/\/www.csj-emballages.com\/de\/wp-json\/wp\/v2\/product_cat?post=23031"},{"taxonomy":"product_tag","embeddable":true,"href":"https:\/\/www.csj-emballages.com\/de\/wp-json\/wp\/v2\/product_tag?post=23031"}],"curies":[{"name":"wp","href":"https:\/\/api.w.org\/{rel}","templated":true}]}}