{"id":230181,"date":"2025-04-09T09:24:09","date_gmt":"2025-04-09T07:24:09","guid":{"rendered":"https:\/\/www.csj-emballages.com\/produit\/schachtel-3-4-ganze-scheiben-konservierte-ananas\/"},"modified":"2026-03-12T16:01:53","modified_gmt":"2026-03-12T15:01:53","slug":"schachtel-3-4-ganze-scheiben-konservierte-ananas","status":"publish","type":"product","link":"https:\/\/www.csj-emballages.com\/de\/produit\/schachtel-3-4-ganze-scheiben-konservierte-ananas\/","title":{"rendered":"Ananas in ganzen Scheiben, 3\/4-Dose"},"content":{"rendered":"<h2>Ananas in Scheiben<\/h2>\n<hr>\n<h3>Entdecken Sie unsere Ananas in ganzen Scheiben, in 3\/4-Dose konserviert.<\/h3>\n<p><!--more--><\/p>\n<p data-start=\"241\" data-end=\"693\">Praktisch, schmackhaft und stets gebrauchsfertig, ist diese <strong>Dose<\/strong> <strong>Ananas in<\/strong> <strong data-start=\"299\" data-end=\"353\">ganzen Scheiben, in 3\/4-Dose konserviert<\/strong> ideal, um Zeit zu sparen, ohne Kompromisse beim Geschmack einzugehen. Tats\u00e4chlich finden Sie beim \u00d6ffnen <strong>gleichm\u00e4\u00dfige Scheiben<\/strong>, gut geformt und in einem leichten Saft gebadet, der die ganze Frische der Frucht bewahrt. Ihre Textur bleibt angenehm, weder zu fest noch zu weich, was sie vielseitig in vielen Zubereitungen einsetzbar macht.  <\/p>\n<p data-start=\"695\" data-end=\"1042\">Dank ihres Formats in <strong>ganzen Scheiben<\/strong> lassen sie sich sehr einfach verarbeiten. Sie k\u00f6nnen sie direkt auf eine Hawaii-Pizza legen, in ein Dessert integrieren, karamellisieren oder einfach als Beilage servieren. Ebenso verleiht ihr milder und leicht s\u00e4uerlicher Geschmack eine echte exotische Note, ohne zu s\u00fc\u00df zu sein.  <\/p>\n<p data-start=\"1044\" data-end=\"1456\">Die <strong data-start=\"1047\" data-end=\"1060\">3\/4-Dose<\/strong> ist besonders f\u00fcr den professionellen Einsatz geeignet. Sie erm\u00f6glicht das Servieren mehrerer Portionen bei gleichzeitiger Minimierung von Verlusten. Daher ist sie eine kluge Wahl f\u00fcr Restaurants, Imbisse, Caterer oder Gro\u00dfk\u00fcchen, die ein zuverl\u00e4ssiges und ganzj\u00e4hrig konstantes Produkt suchen. Tats\u00e4chlich gew\u00e4hrleistet die Konservierung eine lange Haltbarkeit, was die Lagerverwaltung erleichtert.   <\/p>\n<p data-start=\"1458\" data-end=\"1719\">Zusammenfassend l\u00e4sst sich sagen, sind diese <strong>Ananasscheiben<\/strong> eine einfache und effektive L\u00f6sung, um Ihren Rezepten Fr\u00fcchte hinzuzuf\u00fcgen, ohne aufwendige Vorbereitung. Sie bieten eine gute Balance zwischen Praktikabilit\u00e4t, Gleichm\u00e4\u00dfigkeit und Genuss, sowohl f\u00fcr s\u00fc\u00dfe als auch f\u00fcr herzhafte Gerichte. <\/p>\n<p><!--more--><\/p>\n<div style=\"font-family: Roboto, sans-serif;\">\n<div style=\"font-family: Roboto, sans-serif;\">\n<div style=\"font-family: Roboto, sans-serif;\">\n<div style=\"font-family: Roboto, sans-serif;\">\n<div style=\"font-family: Roboto, sans-serif;\">\n<div style=\"font-family: Roboto, sans-serif;\">\n<p style=\"text-align: left;\"><strong>Vorteile :<\/strong><\/p>\n<ul>\n<li data-start=\"1748\" data-end=\"1799\"><strong>Ganze Scheiben<\/strong>, gleichm\u00e4\u00dfig und gebrauchsfertig.<\/li>\n<li data-start=\"1802\" data-end=\"1826\">Milder und ausgewogener Geschmack.<\/li>\n<li data-start=\"1829\" data-end=\"1868\">Angenehme Textur, leicht zu verarbeiten.<\/li>\n<li data-start=\"1871\" data-end=\"1909\"><strong>3\/4-Format<\/strong>, f\u00fcr Profis geeignet.<\/li>\n<li data-start=\"1912\" data-end=\"1945\">Lange Haltbarkeit in der Dose.<\/li>\n<\/ul>\n<\/div>\n<div style=\"font-family: Roboto, sans-serif;\"><\/div>\n<\/div>\n<\/div>\n<\/div>\n<\/div>\n<\/div>\n<p><!--more--><\/p>\n<div style=\"font-family: Roboto, sans-serif;\">\n<div style=\"font-family: Roboto, sans-serif;\">\n<div style=\"font-family: Roboto, sans-serif;\">\n<h4>Weitere Informationen :<\/h4>\n<ul>\n<li><strong>Verpackung<\/strong>: Schachtel 3\/4<\/li>\n<li><strong>Ma\u00dfe<\/strong>: 85 x 115 (\u00d8 x H in mm)<\/li>\n<li><strong>Fassungsverm\u00f6gen<\/strong>: 580 ml<\/li>\n<li><strong>Abtropfgewicht<\/strong>: 340 g<\/li>\n<li><strong>Typ<\/strong>: Ganze Scheibe bewahrt<\/li>\n<\/ul>\n<\/div>\n<\/div>\n<\/div>\n<p>&nbsp;<\/p>\n<p><!--more--><\/p>\n<p>Hier finden Sie die n\u00e4chstgr\u00f6\u00dfere Gr\u00f6\u00dfe, die f\u00fcr dieses Produkt angeboten wird: <span style=\"color: #d12727;\"><a style=\"color: #d12727;\" href=\"https:\/\/www.csj-emballages.com\/produit\/12-boites-4-4-de-12-tranches-entieres-dananas-preservees\/\">Box 4\/4<\/a><\/span><\/p>\n<p>&nbsp;<\/p>\n<div style=\"font-family: Roboto, sans-serif;\">\n<div style=\"font-family: Roboto, sans-serif;\">\n<div style=\"font-family: Roboto, sans-serif;\">\n<p><!--more--><\/p>\n<p><a href=\"https:\/\/www.csj-emballages.com\/de\/categorie-produit\/lebensmittel\/lebensmittel-de\/trockenfruchte-sirup\/ananas-de\/\">Entdecken Sie unser weiteres Ananas-in-Sirup-Sortiment.<\/a><\/p>\n<\/div>\n<\/div>\n<\/div>\n","protected":false},"excerpt":{"rendered":"<p>Ananas in Scheiben Entdecken Sie unsere Ananas in ganzen Scheiben, in 3\/4-Dose konserviert.<\/p>\n","protected":false},"featured_media":260849,"template":"","meta":{"_acf_changed":false},"product_brand":[],"product_cat":[1137,1144,1183,1194,5902],"product_tag":[],"class_list":{"0":"post-230181","1":"product","2":"type-product","3":"status-publish","4":"has-post-thumbnail","6":"product_cat-lebensmittelverpackungen","7":"product_cat-lebensmittel","8":"product_cat-lebensmittel-de","9":"product_cat-trockenfruchte-sirup","10":"product_cat-ananas-de","12":"first","13":"instock","14":"taxable","15":"shipping-taxable","16":"purchasable","17":"product-type-simple"},"acf":[],"yoast_head":"<!-- This site is optimized with the Yoast SEO Premium plugin v26.6 (Yoast SEO v26.6) - https:\/\/yoast.com\/wordpress\/plugins\/seo\/ -->\n<title>Ananas in Ganzen Scheiben, 3\/4-Dose<\/title>\n<meta name=\"description\" content=\"Ananas in ganzen Scheiben, 3\/4-Dose. Gebrauchsfertig, gleichm\u00e4\u00dfig und schmackhaft, ideal f\u00fcr Desserts, Pizzen und Profi-Rezepte.\" \/>\n<meta name=\"robots\" content=\"index, follow, max-snippet:-1, max-image-preview:large, max-video-preview:-1\" \/>\n<link rel=\"canonical\" href=\"https:\/\/www.csj-emballages.com\/de\/produit\/schachtel-3-4-ganze-scheiben-konservierte-ananas\/\" \/>\n<meta property=\"og:locale\" content=\"de_DE\" \/>\n<meta property=\"og:type\" content=\"article\" \/>\n<meta property=\"og:title\" content=\"Ananas in ganzen Scheiben, 3\/4-Dose\" \/>\n<meta property=\"og:description\" content=\"Ananas in ganzen Scheiben, 3\/4-Dose. Gebrauchsfertig, gleichm\u00e4\u00dfig und schmackhaft, ideal f\u00fcr Desserts, Pizzen und Profi-Rezepte.\" \/>\n<meta property=\"og:url\" content=\"https:\/\/www.csj-emballages.com\/de\/produit\/schachtel-3-4-ganze-scheiben-konservierte-ananas\/\" \/>\n<meta property=\"og:site_name\" content=\"CSJ Emballages\" \/>\n<meta property=\"article:publisher\" content=\"https:\/\/www.facebook.com\/csjemballages\" \/>\n<meta property=\"article:modified_time\" content=\"2026-03-12T15:01:53+00:00\" \/>\n<meta property=\"og:image\" content=\"https:\/\/www.csj-emballages.com\/wp-content\/uploads\/2025\/04\/100095-1.webp\" \/>\n\t<meta property=\"og:image:width\" content=\"800\" \/>\n\t<meta property=\"og:image:height\" content=\"800\" \/>\n\t<meta property=\"og:image:type\" content=\"image\/webp\" \/>\n<meta name=\"twitter:card\" content=\"summary_large_image\" \/>\n<meta name=\"twitter:label1\" content=\"Gesch\u00e4tzte Lesezeit\" \/>\n\t<meta name=\"twitter:data1\" content=\"2 Minuten\" \/>\n<script type=\"application\/ld+json\" class=\"yoast-schema-graph\">{\"@context\":\"https:\/\/schema.org\",\"@graph\":[{\"@type\":\"WebPage\",\"@id\":\"https:\/\/www.csj-emballages.com\/de\/produit\/schachtel-3-4-ganze-scheiben-konservierte-ananas\/\",\"url\":\"https:\/\/www.csj-emballages.com\/de\/produit\/schachtel-3-4-ganze-scheiben-konservierte-ananas\/\",\"name\":\"Ananas in Ganzen Scheiben, 3\/4-Dose\",\"isPartOf\":{\"@id\":\"https:\/\/www.csj-emballages.com\/de\/#website\"},\"primaryImageOfPage\":{\"@id\":\"https:\/\/www.csj-emballages.com\/de\/produit\/schachtel-3-4-ganze-scheiben-konservierte-ananas\/#primaryimage\"},\"image\":{\"@id\":\"https:\/\/www.csj-emballages.com\/de\/produit\/schachtel-3-4-ganze-scheiben-konservierte-ananas\/#primaryimage\"},\"thumbnailUrl\":\"https:\/\/www.csj-emballages.com\/wp-content\/uploads\/2025\/04\/100095-2.webp\",\"datePublished\":\"2025-04-09T07:24:09+00:00\",\"dateModified\":\"2026-03-12T15:01:53+00:00\",\"description\":\"Ananas in ganzen Scheiben, 3\/4-Dose. Gebrauchsfertig, gleichm\u00e4\u00dfig und schmackhaft, ideal f\u00fcr Desserts, Pizzen und Profi-Rezepte.\",\"breadcrumb\":{\"@id\":\"https:\/\/www.csj-emballages.com\/de\/produit\/schachtel-3-4-ganze-scheiben-konservierte-ananas\/#breadcrumb\"},\"inLanguage\":\"de\",\"potentialAction\":[{\"@type\":\"ReadAction\",\"target\":[\"https:\/\/www.csj-emballages.com\/de\/produit\/schachtel-3-4-ganze-scheiben-konservierte-ananas\/\"]}]},{\"@type\":\"ImageObject\",\"inLanguage\":\"de\",\"@id\":\"https:\/\/www.csj-emballages.com\/de\/produit\/schachtel-3-4-ganze-scheiben-konservierte-ananas\/#primaryimage\",\"url\":\"https:\/\/www.csj-emballages.com\/wp-content\/uploads\/2025\/04\/100095-2.webp\",\"contentUrl\":\"https:\/\/www.csj-emballages.com\/wp-content\/uploads\/2025\/04\/100095-2.webp\",\"width\":800,\"height\":800,\"caption\":\"Ananas en tranches\"},{\"@type\":\"BreadcrumbList\",\"@id\":\"https:\/\/www.csj-emballages.com\/de\/produit\/schachtel-3-4-ganze-scheiben-konservierte-ananas\/#breadcrumb\",\"itemListElement\":[{\"@type\":\"ListItem\",\"position\":1,\"name\":\"Accueil\",\"item\":\"https:\/\/www.csj-emballages.com\/de\/universum-lebensmittelverpackungen\/\"},{\"@type\":\"ListItem\",\"position\":2,\"name\":\"Shop\",\"item\":\"https:\/\/www.csj-emballages.com\/shop\/\"},{\"@type\":\"ListItem\",\"position\":3,\"name\":\"Ananas in ganzen Scheiben, 3\/4-Dose\"}]},{\"@type\":\"WebSite\",\"@id\":\"https:\/\/www.csj-emballages.com\/de\/#website\",\"url\":\"https:\/\/www.csj-emballages.com\/de\/\",\"name\":\"CSJ Emballages\",\"description\":\"\",\"publisher\":{\"@id\":\"https:\/\/www.csj-emballages.com\/de\/#organization\"},\"potentialAction\":[{\"@type\":\"SearchAction\",\"target\":{\"@type\":\"EntryPoint\",\"urlTemplate\":\"https:\/\/www.csj-emballages.com\/de\/?s={search_term_string}\"},\"query-input\":{\"@type\":\"PropertyValueSpecification\",\"valueRequired\":true,\"valueName\":\"search_term_string\"}}],\"inLanguage\":\"de\"},{\"@type\":\"Organization\",\"@id\":\"https:\/\/www.csj-emballages.com\/de\/#Organization\/\",\"name\":\"CSJ Emballages\",\"url\":\"https:\/\/www.csj-emballages.com\/de\/\",\"logo\":{\"@type\":\"ImageObject\",\"inLanguage\":\"de\",\"@id\":\"https:\/\/www.csj-emballages.com\/de\/#\/schema\/logo\/image\/\",\"url\":\"https:\/\/www.csj-emballages.com\/wp-content\/uploads\/2023\/10\/logo_csj.webp\",\"contentUrl\":\"https:\/\/www.csj-emballages.com\/wp-content\/uploads\/2023\/10\/logo_csj.webp\",\"width\":250,\"height\":95,\"caption\":\"CSJ Emballages\"},\"image\":{\"@id\":\"https:\/\/www.csj-emballages.com\/de\/#\/schema\/logo\/image\/\"},\"sameAs\":[\"https:\/\/www.facebook.com\/csjemballages\"],\"address\":{\"@type\":\"PostalAddress\",\"streetAddress\":\"ZI La Lechere\",\"addressLocality\":\"Patornay\",\"postalCode\":\"39130\",\"addressCountry\":\"FR\"},\"contactPoint\":[{\"@type\":\"ContactPoint\",\"contactType\":\"Service client\",\"telephone\":\"0384254272\",\"email\":\"contact@csj-emballages.com\"}]}]}<\/script>\n<!-- \/ Yoast SEO Premium plugin. -->","yoast_head_json":{"title":"Ananas in Ganzen Scheiben, 3\/4-Dose","description":"Ananas in ganzen Scheiben, 3\/4-Dose. Gebrauchsfertig, gleichm\u00e4\u00dfig und schmackhaft, ideal f\u00fcr Desserts, Pizzen und Profi-Rezepte.","robots":{"index":"index","follow":"follow","max-snippet":"max-snippet:-1","max-image-preview":"max-image-preview:large","max-video-preview":"max-video-preview:-1"},"canonical":"https:\/\/www.csj-emballages.com\/de\/produit\/schachtel-3-4-ganze-scheiben-konservierte-ananas\/","og_locale":"de_DE","og_type":"article","og_title":"Ananas in ganzen Scheiben, 3\/4-Dose","og_description":"Ananas in ganzen Scheiben, 3\/4-Dose. Gebrauchsfertig, gleichm\u00e4\u00dfig und schmackhaft, ideal f\u00fcr Desserts, Pizzen und Profi-Rezepte.","og_url":"https:\/\/www.csj-emballages.com\/de\/produit\/schachtel-3-4-ganze-scheiben-konservierte-ananas\/","og_site_name":"CSJ Emballages","article_publisher":"https:\/\/www.facebook.com\/csjemballages","article_modified_time":"2026-03-12T15:01:53+00:00","og_image":[{"width":800,"height":800,"url":"https:\/\/www.csj-emballages.com\/wp-content\/uploads\/2025\/04\/100095-1.webp","type":"image\/webp"}],"twitter_card":"summary_large_image","twitter_misc":{"Gesch\u00e4tzte Lesezeit":"2 Minuten"},"schema":{"@context":"https:\/\/schema.org","@graph":[{"@type":"WebPage","@id":"https:\/\/www.csj-emballages.com\/de\/produit\/schachtel-3-4-ganze-scheiben-konservierte-ananas\/","url":"https:\/\/www.csj-emballages.com\/de\/produit\/schachtel-3-4-ganze-scheiben-konservierte-ananas\/","name":"Ananas in Ganzen Scheiben, 3\/4-Dose","isPartOf":{"@id":"https:\/\/www.csj-emballages.com\/de\/#website"},"primaryImageOfPage":{"@id":"https:\/\/www.csj-emballages.com\/de\/produit\/schachtel-3-4-ganze-scheiben-konservierte-ananas\/#primaryimage"},"image":{"@id":"https:\/\/www.csj-emballages.com\/de\/produit\/schachtel-3-4-ganze-scheiben-konservierte-ananas\/#primaryimage"},"thumbnailUrl":"https:\/\/www.csj-emballages.com\/wp-content\/uploads\/2025\/04\/100095-2.webp","datePublished":"2025-04-09T07:24:09+00:00","dateModified":"2026-03-12T15:01:53+00:00","description":"Ananas in ganzen Scheiben, 3\/4-Dose. Gebrauchsfertig, gleichm\u00e4\u00dfig und schmackhaft, ideal f\u00fcr Desserts, Pizzen und Profi-Rezepte.","breadcrumb":{"@id":"https:\/\/www.csj-emballages.com\/de\/produit\/schachtel-3-4-ganze-scheiben-konservierte-ananas\/#breadcrumb"},"inLanguage":"de","potentialAction":[{"@type":"ReadAction","target":["https:\/\/www.csj-emballages.com\/de\/produit\/schachtel-3-4-ganze-scheiben-konservierte-ananas\/"]}]},{"@type":"ImageObject","inLanguage":"de","@id":"https:\/\/www.csj-emballages.com\/de\/produit\/schachtel-3-4-ganze-scheiben-konservierte-ananas\/#primaryimage","url":"https:\/\/www.csj-emballages.com\/wp-content\/uploads\/2025\/04\/100095-2.webp","contentUrl":"https:\/\/www.csj-emballages.com\/wp-content\/uploads\/2025\/04\/100095-2.webp","width":800,"height":800,"caption":"Ananas en tranches"},{"@type":"BreadcrumbList","@id":"https:\/\/www.csj-emballages.com\/de\/produit\/schachtel-3-4-ganze-scheiben-konservierte-ananas\/#breadcrumb","itemListElement":[{"@type":"ListItem","position":1,"name":"Accueil","item":"https:\/\/www.csj-emballages.com\/de\/universum-lebensmittelverpackungen\/"},{"@type":"ListItem","position":2,"name":"Shop","item":"https:\/\/www.csj-emballages.com\/shop\/"},{"@type":"ListItem","position":3,"name":"Ananas in ganzen Scheiben, 3\/4-Dose"}]},{"@type":"WebSite","@id":"https:\/\/www.csj-emballages.com\/de\/#website","url":"https:\/\/www.csj-emballages.com\/de\/","name":"CSJ Emballages","description":"","publisher":{"@id":"https:\/\/www.csj-emballages.com\/de\/#organization"},"potentialAction":[{"@type":"SearchAction","target":{"@type":"EntryPoint","urlTemplate":"https:\/\/www.csj-emballages.com\/de\/?s={search_term_string}"},"query-input":{"@type":"PropertyValueSpecification","valueRequired":true,"valueName":"search_term_string"}}],"inLanguage":"de"},{"@type":"Organization","@id":"https:\/\/www.csj-emballages.com\/de\/#Organization\/","name":"CSJ Emballages","url":"https:\/\/www.csj-emballages.com\/de\/","logo":{"@type":"ImageObject","inLanguage":"de","@id":"https:\/\/www.csj-emballages.com\/de\/#\/schema\/logo\/image\/","url":"https:\/\/www.csj-emballages.com\/wp-content\/uploads\/2023\/10\/logo_csj.webp","contentUrl":"https:\/\/www.csj-emballages.com\/wp-content\/uploads\/2023\/10\/logo_csj.webp","width":250,"height":95,"caption":"CSJ Emballages"},"image":{"@id":"https:\/\/www.csj-emballages.com\/de\/#\/schema\/logo\/image\/"},"sameAs":["https:\/\/www.facebook.com\/csjemballages"],"address":{"@type":"PostalAddress","streetAddress":"ZI La Lechere","addressLocality":"Patornay","postalCode":"39130","addressCountry":"FR"},"contactPoint":[{"@type":"ContactPoint","contactType":"Service client","telephone":"0384254272","email":"contact@csj-emballages.com"}]}]}},"df_price":2.82,"df_sale_price":"","df_regular_price":2.82,"df_image_link":"https:\/\/www.csj-emballages.com\/wp-content\/uploads\/2025\/04\/100095-2-300x300.webp","tiered_pricing_type":"fixed","tiered_pricing_fixed_rules":[],"tiered_pricing_percentage_rules":[],"tiered_pricing_minimum":1,"tiered_pricing_roles_data":[],"_links":{"self":[{"href":"https:\/\/www.csj-emballages.com\/de\/wp-json\/wp\/v2\/product\/230181","targetHints":{"allow":["GET"]}}],"collection":[{"href":"https:\/\/www.csj-emballages.com\/de\/wp-json\/wp\/v2\/product"}],"about":[{"href":"https:\/\/www.csj-emballages.com\/de\/wp-json\/wp\/v2\/types\/product"}],"wp:featuredmedia":[{"embeddable":true,"href":"https:\/\/www.csj-emballages.com\/de\/wp-json\/wp\/v2\/media\/260849"}],"wp:attachment":[{"href":"https:\/\/www.csj-emballages.com\/de\/wp-json\/wp\/v2\/media?parent=230181"}],"wp:term":[{"taxonomy":"product_brand","embeddable":true,"href":"https:\/\/www.csj-emballages.com\/de\/wp-json\/wp\/v2\/product_brand?post=230181"},{"taxonomy":"product_cat","embeddable":true,"href":"https:\/\/www.csj-emballages.com\/de\/wp-json\/wp\/v2\/product_cat?post=230181"},{"taxonomy":"product_tag","embeddable":true,"href":"https:\/\/www.csj-emballages.com\/de\/wp-json\/wp\/v2\/product_tag?post=230181"}],"curies":[{"name":"wp","href":"https:\/\/api.w.org\/{rel}","templated":true}]}}