{"id":23016,"date":"2024-03-01T16:50:13","date_gmt":"2024-03-01T15:50:13","guid":{"rendered":"https:\/\/u15jnbdpoq.preview.infomaniak.website\/produit\/kuchenhalter-rund-gold-aus-pappe-28-cm\/"},"modified":"2026-04-14T02:20:16","modified_gmt":"2026-04-14T00:20:16","slug":"kuchenhalter-rund-gold-aus-pappe-28-cm","status":"publish","type":"product","link":"https:\/\/www.csj-emballages.com\/de\/produit\/kuchenhalter-rund-gold-aus-pappe-28-cm\/","title":{"rendered":"Runde goldene Kuchenst\u00fctze aus Karton 28 cm"},"content":{"rendered":"<h2>Tortenunterlage rund<\/h2>\n<hr>\n<h3>Entdecken Sie unsere runde goldene Kuchenst\u00fctze aus Karton 28 cm<\/h3>\n<p><!--more--><\/p>\n<div class=\"flex flex-col text-sm pb-25\">\n<section class=\"text-token-text-primary w-full focus:outline-none [--shadow-height:45px] has-data-writing-block:pointer-events-none has-data-writing-block:-mt-(--shadow-height) has-data-writing-block:pt-(--shadow-height) [&amp;:has([data-writing-block])&gt;*]:pointer-events-auto scroll-mt-[calc(var(--header-height)+min(200px,max(70px,20svh)))]\" dir=\"auto\" data-turn-id=\"request-WEB:2f8f8990-5eb5-4184-86da-60fbedff0d66-15\" data-testid=\"conversation-turn-2\" data-scroll-anchor=\"true\" data-turn=\"assistant\">\n<div class=\"text-base my-auto mx-auto pb-10 [--thread-content-margin:var(--thread-content-margin-xs,calc(var(--spacing)*4))] @w-sm\/main:[--thread-content-margin:var(--thread-content-margin-sm,calc(var(--spacing)*6))] @w-lg\/main:[--thread-content-margin:var(--thread-content-margin-lg,calc(var(--spacing)*16))] px-(--thread-content-margin)\">\n<div class=\"[--thread-content-max-width:40rem] @w-lg\/main:[--thread-content-max-width:48rem] mx-auto max-w-(--thread-content-max-width) flex-1 group\/turn-messages focus-visible:outline-hidden relative flex w-full min-w-0 flex-col agent-turn\">\n<div class=\"flex max-w-full flex-col gap-4 grow\">\n<div class=\"min-h-8 text-message relative flex w-full flex-col items-end gap-2 text-start break-words whitespace-normal outline-none keyboard-focused:focus-ring [.text-message+&amp;]:mt-1\" dir=\"auto\" tabindex=\"0\" data-message-author-role=\"assistant\" data-message-id=\"0be06e28-6b3c-44b9-9ede-9ecdfb3a2c67\" data-message-model-slug=\"gpt-5-3\" data-turn-start-message=\"true\">\n<div class=\"flex w-full flex-col gap-1 empty:hidden\">\n<div class=\"markdown prose dark:prose-invert w-full wrap-break-word dark markdown-new-styling\">\n<div class=\"flex flex-col text-sm pb-25\">\n<section class=\"text-token-text-primary w-full focus:outline-none [--shadow-height:45px] has-data-writing-block:pointer-events-none has-data-writing-block:-mt-(--shadow-height) has-data-writing-block:pt-(--shadow-height) [&amp;:has([data-writing-block])&gt;*]:pointer-events-auto scroll-mt-[calc(var(--header-height)+min(200px,max(70px,20svh)))]\" dir=\"auto\" data-turn-id=\"request-WEB:2f8f8990-5eb5-4184-86da-60fbedff0d66-17\" data-testid=\"conversation-turn-6\" data-scroll-anchor=\"true\" data-turn=\"assistant\">\n<div class=\"text-base my-auto mx-auto pb-10 [--thread-content-margin:var(--thread-content-margin-xs,calc(var(--spacing)*4))] @w-sm\/main:[--thread-content-margin:var(--thread-content-margin-sm,calc(var(--spacing)*6))] @w-lg\/main:[--thread-content-margin:var(--thread-content-margin-lg,calc(var(--spacing)*16))] px-(--thread-content-margin)\">\n<div class=\"[--thread-content-max-width:40rem] @w-lg\/main:[--thread-content-max-width:48rem] mx-auto max-w-(--thread-content-max-width) flex-1 group\/turn-messages focus-visible:outline-hidden relative flex w-full min-w-0 flex-col agent-turn\">\n<div class=\"flex max-w-full flex-col gap-4 grow\">\n<div class=\"min-h-8 text-message relative flex w-full flex-col items-end gap-2 text-start break-words whitespace-normal outline-none keyboard-focused:focus-ring [.text-message+&amp;]:mt-1\" dir=\"auto\" tabindex=\"0\" data-message-author-role=\"assistant\" data-message-id=\"3473aab9-4046-4947-b538-99910e471d75\" data-message-model-slug=\"gpt-5-3\" data-turn-start-message=\"true\">\n<div class=\"flex w-full flex-col gap-1 empty:hidden\">\n<div class=\"markdown prose dark:prose-invert w-full wrap-break-word dark markdown-new-styling\">\n<p data-start=\"93\" data-end=\"429\">Verleihen Sie Ihren Backkreationen eine echte Note von Eleganz mit dieser <strong>runden Kuchenst\u00fctze aus goldenem Karton mit 28 cm Durchmesser<\/strong>. Ideal, um Ihre Kuchen, Torten, Tartes oder andere hausgemachten Desserts zu veredeln, setzt sie Ihre Kreationen perfekt in Szene und gew\u00e4hrleistet gleichzeitig eine ausgezeichnete Stabilit\u00e4t, sei es in der Vitrine oder beim Transport. <\/p>\n<p data-start=\"431\" data-end=\"721\">Das gl\u00e4nzende <strong>goldene<\/strong> Finish sorgt f\u00fcr eine schicke, professionelle Optik, die sofort ins Auge f\u00e4llt. Es wertet Ihre Backwaren auf und verleiht ihnen ein Premium-Aussehen \u2013 perfekt f\u00fcr ansprechende Pr\u00e4sentationen, Events (Geburtstage, Hochzeiten, Empf\u00e4nge) oder den Au\u00dfer-Haus-Verkauf. <\/p>\n<p data-start=\"723\" data-end=\"992\">Hergestellt aus hochwertigem <strong>Hartkarton<\/strong>, garantiert diese Unterlage eine gute Gewichtsbest\u00e4ndigkeit und Widerstandsf\u00e4higkeit gegen leichte Feuchtigkeit, wodurch Verformungen vermieden werden. Sie erm\u00f6glicht eine einfache Handhabung Ihrer Desserts, ohne deren Struktur oder Dekoration zu gef\u00e4hrden. <\/p>\n<p data-start=\"994\" data-end=\"1191\">Dank ihres <strong>Standardformats von 28 cm<\/strong> passt sie sich der Mehrheit der Kuchen an und f\u00fcgt sich perfekt in Ihre Organisation ein, egal ob Sie professioneller Konditor oder begeisterter Hobbyb\u00e4cker sind.<\/p>\n<p data-start=\"1193\" data-end=\"1365\" data-is-last-node=\"\" data-is-only-node=\"\">Praktisch, \u00e4sthetisch und zuverl\u00e4ssig zugleich \u2013 diese <strong>Unterlage<\/strong> ist ein unverzichtbarer Helfer im Alltag.<\/p>\n<\/div>\n<\/div>\n<\/div>\n<\/div>\n<div class=\"z-0 flex min-h-[46px] justify-start\"><\/div>\n<div class=\"mt-3 w-full empty:hidden\">\n<div class=\"text-center\"><\/div>\n<\/div>\n<\/div>\n<\/div>\n<\/section>\n<\/div>\n<\/div>\n<\/div>\n<\/div>\n<\/div>\n<div class=\"mt-3 w-full empty:hidden\">\n<div class=\"text-center\"><\/div>\n<\/div>\n<\/div>\n<\/div>\n<\/section>\n<\/div>\n<p><!--more--><\/p>\n<h4 aria-hidden=\"true\" data-edge=\"true\">Vorteile :<\/h4>\n<div aria-hidden=\"true\" data-edge=\"true\">\n<ul>\n<li data-section-id=\"xzmr70\" data-start=\"88\" data-end=\"163\">Goldenes Finish zur Veredelung Ihrer Desserts<\/li>\n<li data-section-id=\"1t4ntma\" data-start=\"164\" data-end=\"237\"><strong data-start=\"169\" data-end=\"186\">Hartkarton<\/strong>: Guter Halt und hohe Tragkraft f\u00fcr Kuchen<\/li>\n<li data-section-id=\"cvqjir\" data-start=\"238\" data-end=\"324\"><strong>Praktisches Format (28 cm)<\/strong>: ideal f\u00fcr Torten, Tartes und Standardkuchen<\/li>\n<li data-section-id=\"152t6vd\" data-start=\"325\" data-end=\"398\">Gew\u00e4hrleistet Stabilit\u00e4t beim Transport<\/li>\n<li data-section-id=\"152t6vd\" data-start=\"325\" data-end=\"398\"><strong data-start=\"404\" data-end=\"418\">Vielseitig<\/strong>: F\u00fcr Profis und Privatpersonen geeignet<\/li>\n<\/ul>\n<p>&nbsp;<\/p>\n<\/div>\n<p><!--more--><\/p>\n<h4>Weitere Informationen :<\/h4>\n<ul>\n<li><strong>Verpackung<\/strong>: Einzeln verkauft<\/li>\n<li><strong>Material<\/strong>: Karton<\/li>\n<li><strong>Durchmesser<\/strong>: 280 mm Durchmesser<\/li>\n<\/ul>\n<p>&nbsp;<\/p>\n<p><!--more--><\/p>\n<p><a href=\"https:\/\/www.csj-emballages.com\/de\/categorie-produit\/lebensmittelverpackungen\/backerei-und-konditorei\/kuchensohlenhalter\/runde-kuchenstander\/kuchenstander-gold\/runde-kuchenhalter-gold-a-lunite\/\">Sehen Sie sich den Rest unseres Sortiments an runden goldenen Kuchenst\u00fctzen als Einzelst\u00fccke an<\/a><\/p>\n","protected":false},"excerpt":{"rendered":"<p>Tortenunterlage rund Entdecken Sie unsere runde goldene Kuchenst\u00fctze aus Karton 28 cm<\/p>\n","protected":false},"featured_media":276123,"template":"","meta":{"_acf_changed":false},"product_brand":[],"product_cat":[1137,1171,1925,3109,3262],"product_tag":[],"class_list":{"0":"post-23016","1":"product","2":"type-product","3":"status-publish","4":"has-post-thumbnail","6":"product_cat-lebensmittelverpackungen","7":"product_cat-backerei-und-konditorei","8":"product_cat-kuchensohlenhalter","9":"product_cat-kuchenstander-gold","10":"product_cat-runde-kuchenhalter-gold-a-lunite","12":"first","13":"instock","14":"taxable","15":"shipping-taxable","16":"purchasable","17":"product-type-simple"},"acf":[],"yoast_head":"<!-- This site is optimized with the Yoast SEO Premium plugin v26.6 (Yoast SEO v26.6) - https:\/\/yoast.com\/wordpress\/plugins\/seo\/ -->\n<title>Runde Goldene Kuchenst\u00fctze aus Karton 28 cm<\/title>\n<meta name=\"description\" content=\"Runde Kuchenst\u00fctze aus goldenem Karton 28 cm, ideal zum eleganten Pr\u00e4sentieren und Transportieren Ihrer Backwaren. Robust, praktisch und \u00e4sthetisch.\" \/>\n<meta name=\"robots\" content=\"index, follow, max-snippet:-1, max-image-preview:large, max-video-preview:-1\" \/>\n<link rel=\"canonical\" href=\"https:\/\/www.csj-emballages.com\/de\/produit\/kuchenhalter-rund-gold-aus-pappe-28-cm\/\" \/>\n<meta property=\"og:locale\" content=\"de_DE\" \/>\n<meta property=\"og:type\" content=\"article\" \/>\n<meta property=\"og:title\" content=\"Runde goldene Kuchenst\u00fctze aus Karton 28 cm\" \/>\n<meta property=\"og:description\" content=\"Runde Kuchenst\u00fctze aus goldenem Karton 28 cm, ideal zum eleganten Pr\u00e4sentieren und Transportieren Ihrer Backwaren. Robust, praktisch und \u00e4sthetisch.\" \/>\n<meta property=\"og:url\" content=\"https:\/\/www.csj-emballages.com\/de\/produit\/kuchenhalter-rund-gold-aus-pappe-28-cm\/\" \/>\n<meta property=\"og:site_name\" content=\"CSJ Emballages\" \/>\n<meta property=\"article:publisher\" content=\"https:\/\/www.facebook.com\/csjemballages\" \/>\n<meta property=\"article:modified_time\" content=\"2026-04-14T00:20:16+00:00\" \/>\n<meta property=\"og:image\" content=\"https:\/\/www.csj-emballages.com\/wp-content\/uploads\/2024\/03\/RONDOR.webp\" \/>\n\t<meta property=\"og:image:width\" content=\"800\" \/>\n\t<meta property=\"og:image:height\" content=\"800\" \/>\n\t<meta property=\"og:image:type\" content=\"image\/webp\" \/>\n<meta name=\"twitter:card\" content=\"summary_large_image\" \/>\n<meta name=\"twitter:label1\" content=\"Gesch\u00e4tzte Lesezeit\" \/>\n\t<meta name=\"twitter:data1\" content=\"1\u00a0Minute\" \/>\n<script type=\"application\/ld+json\" class=\"yoast-schema-graph\">{\"@context\":\"https:\/\/schema.org\",\"@graph\":[{\"@type\":\"WebPage\",\"@id\":\"https:\/\/www.csj-emballages.com\/de\/produit\/kuchenhalter-rund-gold-aus-pappe-28-cm\/\",\"url\":\"https:\/\/www.csj-emballages.com\/de\/produit\/kuchenhalter-rund-gold-aus-pappe-28-cm\/\",\"name\":\"Runde Goldene Kuchenst\u00fctze aus Karton 28 cm\",\"isPartOf\":{\"@id\":\"https:\/\/www.csj-emballages.com\/de\/#website\"},\"primaryImageOfPage\":{\"@id\":\"https:\/\/www.csj-emballages.com\/de\/produit\/kuchenhalter-rund-gold-aus-pappe-28-cm\/#primaryimage\"},\"image\":{\"@id\":\"https:\/\/www.csj-emballages.com\/de\/produit\/kuchenhalter-rund-gold-aus-pappe-28-cm\/#primaryimage\"},\"thumbnailUrl\":\"https:\/\/www.csj-emballages.com\/wp-content\/uploads\/2024\/03\/RONDOR.webp\",\"datePublished\":\"2024-03-01T15:50:13+00:00\",\"dateModified\":\"2026-04-14T00:20:16+00:00\",\"description\":\"Runde Kuchenst\u00fctze aus goldenem Karton 28 cm, ideal zum eleganten Pr\u00e4sentieren und Transportieren Ihrer Backwaren. Robust, praktisch und \u00e4sthetisch.\",\"breadcrumb\":{\"@id\":\"https:\/\/www.csj-emballages.com\/de\/produit\/kuchenhalter-rund-gold-aus-pappe-28-cm\/#breadcrumb\"},\"inLanguage\":\"de\",\"potentialAction\":[{\"@type\":\"ReadAction\",\"target\":[\"https:\/\/www.csj-emballages.com\/de\/produit\/kuchenhalter-rund-gold-aus-pappe-28-cm\/\"]}]},{\"@type\":\"ImageObject\",\"inLanguage\":\"de\",\"@id\":\"https:\/\/www.csj-emballages.com\/de\/produit\/kuchenhalter-rund-gold-aus-pappe-28-cm\/#primaryimage\",\"url\":\"https:\/\/www.csj-emballages.com\/wp-content\/uploads\/2024\/03\/RONDOR.webp\",\"contentUrl\":\"https:\/\/www.csj-emballages.com\/wp-content\/uploads\/2024\/03\/RONDOR.webp\",\"width\":800,\"height\":800,\"caption\":\"Support g\u00e2teau rond\"},{\"@type\":\"BreadcrumbList\",\"@id\":\"https:\/\/www.csj-emballages.com\/de\/produit\/kuchenhalter-rund-gold-aus-pappe-28-cm\/#breadcrumb\",\"itemListElement\":[{\"@type\":\"ListItem\",\"position\":1,\"name\":\"Accueil\",\"item\":\"https:\/\/www.csj-emballages.com\/de\/universum-lebensmittelverpackungen\/\"},{\"@type\":\"ListItem\",\"position\":2,\"name\":\"Shop\",\"item\":\"https:\/\/www.csj-emballages.com\/shop\/\"},{\"@type\":\"ListItem\",\"position\":3,\"name\":\"Runde goldene Kuchenst\u00fctze aus Karton 28 cm\"}]},{\"@type\":\"WebSite\",\"@id\":\"https:\/\/www.csj-emballages.com\/de\/#website\",\"url\":\"https:\/\/www.csj-emballages.com\/de\/\",\"name\":\"CSJ Emballages\",\"description\":\"\",\"publisher\":{\"@id\":\"https:\/\/www.csj-emballages.com\/de\/#organization\"},\"potentialAction\":[{\"@type\":\"SearchAction\",\"target\":{\"@type\":\"EntryPoint\",\"urlTemplate\":\"https:\/\/www.csj-emballages.com\/de\/?s={search_term_string}\"},\"query-input\":{\"@type\":\"PropertyValueSpecification\",\"valueRequired\":true,\"valueName\":\"search_term_string\"}}],\"inLanguage\":\"de\"},{\"@type\":\"Organization\",\"@id\":\"https:\/\/www.csj-emballages.com\/de\/#Organization\/\",\"name\":\"CSJ Emballages\",\"url\":\"https:\/\/www.csj-emballages.com\/de\/\",\"logo\":{\"@type\":\"ImageObject\",\"inLanguage\":\"de\",\"@id\":\"https:\/\/www.csj-emballages.com\/de\/#\/schema\/logo\/image\/\",\"url\":\"https:\/\/www.csj-emballages.com\/wp-content\/uploads\/2023\/10\/logo_csj.webp\",\"contentUrl\":\"https:\/\/www.csj-emballages.com\/wp-content\/uploads\/2023\/10\/logo_csj.webp\",\"width\":250,\"height\":95,\"caption\":\"CSJ Emballages\"},\"image\":{\"@id\":\"https:\/\/www.csj-emballages.com\/de\/#\/schema\/logo\/image\/\"},\"sameAs\":[\"https:\/\/www.facebook.com\/csjemballages\"],\"address\":{\"@type\":\"PostalAddress\",\"streetAddress\":\"ZI La Lechere\",\"addressLocality\":\"Patornay\",\"postalCode\":\"39130\",\"addressCountry\":\"FR\"},\"contactPoint\":[{\"@type\":\"ContactPoint\",\"contactType\":\"Service client\",\"telephone\":\"0384254272\",\"email\":\"contact@csj-emballages.com\"}]}]}<\/script>\n<!-- \/ Yoast SEO Premium plugin. -->","yoast_head_json":{"title":"Runde Goldene Kuchenst\u00fctze aus Karton 28 cm","description":"Runde Kuchenst\u00fctze aus goldenem Karton 28 cm, ideal zum eleganten Pr\u00e4sentieren und Transportieren Ihrer Backwaren. Robust, praktisch und \u00e4sthetisch.","robots":{"index":"index","follow":"follow","max-snippet":"max-snippet:-1","max-image-preview":"max-image-preview:large","max-video-preview":"max-video-preview:-1"},"canonical":"https:\/\/www.csj-emballages.com\/de\/produit\/kuchenhalter-rund-gold-aus-pappe-28-cm\/","og_locale":"de_DE","og_type":"article","og_title":"Runde goldene Kuchenst\u00fctze aus Karton 28 cm","og_description":"Runde Kuchenst\u00fctze aus goldenem Karton 28 cm, ideal zum eleganten Pr\u00e4sentieren und Transportieren Ihrer Backwaren. Robust, praktisch und \u00e4sthetisch.","og_url":"https:\/\/www.csj-emballages.com\/de\/produit\/kuchenhalter-rund-gold-aus-pappe-28-cm\/","og_site_name":"CSJ Emballages","article_publisher":"https:\/\/www.facebook.com\/csjemballages","article_modified_time":"2026-04-14T00:20:16+00:00","og_image":[{"width":800,"height":800,"url":"https:\/\/www.csj-emballages.com\/wp-content\/uploads\/2024\/03\/RONDOR.webp","type":"image\/webp"}],"twitter_card":"summary_large_image","twitter_misc":{"Gesch\u00e4tzte Lesezeit":"1\u00a0Minute"},"schema":{"@context":"https:\/\/schema.org","@graph":[{"@type":"WebPage","@id":"https:\/\/www.csj-emballages.com\/de\/produit\/kuchenhalter-rund-gold-aus-pappe-28-cm\/","url":"https:\/\/www.csj-emballages.com\/de\/produit\/kuchenhalter-rund-gold-aus-pappe-28-cm\/","name":"Runde Goldene Kuchenst\u00fctze aus Karton 28 cm","isPartOf":{"@id":"https:\/\/www.csj-emballages.com\/de\/#website"},"primaryImageOfPage":{"@id":"https:\/\/www.csj-emballages.com\/de\/produit\/kuchenhalter-rund-gold-aus-pappe-28-cm\/#primaryimage"},"image":{"@id":"https:\/\/www.csj-emballages.com\/de\/produit\/kuchenhalter-rund-gold-aus-pappe-28-cm\/#primaryimage"},"thumbnailUrl":"https:\/\/www.csj-emballages.com\/wp-content\/uploads\/2024\/03\/RONDOR.webp","datePublished":"2024-03-01T15:50:13+00:00","dateModified":"2026-04-14T00:20:16+00:00","description":"Runde Kuchenst\u00fctze aus goldenem Karton 28 cm, ideal zum eleganten Pr\u00e4sentieren und Transportieren Ihrer Backwaren. Robust, praktisch und \u00e4sthetisch.","breadcrumb":{"@id":"https:\/\/www.csj-emballages.com\/de\/produit\/kuchenhalter-rund-gold-aus-pappe-28-cm\/#breadcrumb"},"inLanguage":"de","potentialAction":[{"@type":"ReadAction","target":["https:\/\/www.csj-emballages.com\/de\/produit\/kuchenhalter-rund-gold-aus-pappe-28-cm\/"]}]},{"@type":"ImageObject","inLanguage":"de","@id":"https:\/\/www.csj-emballages.com\/de\/produit\/kuchenhalter-rund-gold-aus-pappe-28-cm\/#primaryimage","url":"https:\/\/www.csj-emballages.com\/wp-content\/uploads\/2024\/03\/RONDOR.webp","contentUrl":"https:\/\/www.csj-emballages.com\/wp-content\/uploads\/2024\/03\/RONDOR.webp","width":800,"height":800,"caption":"Support g\u00e2teau rond"},{"@type":"BreadcrumbList","@id":"https:\/\/www.csj-emballages.com\/de\/produit\/kuchenhalter-rund-gold-aus-pappe-28-cm\/#breadcrumb","itemListElement":[{"@type":"ListItem","position":1,"name":"Accueil","item":"https:\/\/www.csj-emballages.com\/de\/universum-lebensmittelverpackungen\/"},{"@type":"ListItem","position":2,"name":"Shop","item":"https:\/\/www.csj-emballages.com\/shop\/"},{"@type":"ListItem","position":3,"name":"Runde goldene Kuchenst\u00fctze aus Karton 28 cm"}]},{"@type":"WebSite","@id":"https:\/\/www.csj-emballages.com\/de\/#website","url":"https:\/\/www.csj-emballages.com\/de\/","name":"CSJ Emballages","description":"","publisher":{"@id":"https:\/\/www.csj-emballages.com\/de\/#organization"},"potentialAction":[{"@type":"SearchAction","target":{"@type":"EntryPoint","urlTemplate":"https:\/\/www.csj-emballages.com\/de\/?s={search_term_string}"},"query-input":{"@type":"PropertyValueSpecification","valueRequired":true,"valueName":"search_term_string"}}],"inLanguage":"de"},{"@type":"Organization","@id":"https:\/\/www.csj-emballages.com\/de\/#Organization\/","name":"CSJ Emballages","url":"https:\/\/www.csj-emballages.com\/de\/","logo":{"@type":"ImageObject","inLanguage":"de","@id":"https:\/\/www.csj-emballages.com\/de\/#\/schema\/logo\/image\/","url":"https:\/\/www.csj-emballages.com\/wp-content\/uploads\/2023\/10\/logo_csj.webp","contentUrl":"https:\/\/www.csj-emballages.com\/wp-content\/uploads\/2023\/10\/logo_csj.webp","width":250,"height":95,"caption":"CSJ Emballages"},"image":{"@id":"https:\/\/www.csj-emballages.com\/de\/#\/schema\/logo\/image\/"},"sameAs":["https:\/\/www.facebook.com\/csjemballages"],"address":{"@type":"PostalAddress","streetAddress":"ZI La Lechere","addressLocality":"Patornay","postalCode":"39130","addressCountry":"FR"},"contactPoint":[{"@type":"ContactPoint","contactType":"Service client","telephone":"0384254272","email":"contact@csj-emballages.com"}]}]}},"df_price":0.62,"df_sale_price":"","df_regular_price":0.62,"df_image_link":"https:\/\/www.csj-emballages.com\/wp-content\/uploads\/2024\/03\/RONDOR-300x300.webp","tiered_pricing_type":"fixed","tiered_pricing_fixed_rules":[],"tiered_pricing_percentage_rules":[],"tiered_pricing_minimum":1,"tiered_pricing_roles_data":[],"_links":{"self":[{"href":"https:\/\/www.csj-emballages.com\/de\/wp-json\/wp\/v2\/product\/23016","targetHints":{"allow":["GET"]}}],"collection":[{"href":"https:\/\/www.csj-emballages.com\/de\/wp-json\/wp\/v2\/product"}],"about":[{"href":"https:\/\/www.csj-emballages.com\/de\/wp-json\/wp\/v2\/types\/product"}],"wp:featuredmedia":[{"embeddable":true,"href":"https:\/\/www.csj-emballages.com\/de\/wp-json\/wp\/v2\/media\/276123"}],"wp:attachment":[{"href":"https:\/\/www.csj-emballages.com\/de\/wp-json\/wp\/v2\/media?parent=23016"}],"wp:term":[{"taxonomy":"product_brand","embeddable":true,"href":"https:\/\/www.csj-emballages.com\/de\/wp-json\/wp\/v2\/product_brand?post=23016"},{"taxonomy":"product_cat","embeddable":true,"href":"https:\/\/www.csj-emballages.com\/de\/wp-json\/wp\/v2\/product_cat?post=23016"},{"taxonomy":"product_tag","embeddable":true,"href":"https:\/\/www.csj-emballages.com\/de\/wp-json\/wp\/v2\/product_tag?post=23016"}],"curies":[{"name":"wp","href":"https:\/\/api.w.org\/{rel}","templated":true}]}}