{"id":22999,"date":"2024-03-01T16:50:14","date_gmt":"2024-03-01T15:50:14","guid":{"rendered":"https:\/\/u15jnbdpoq.preview.infomaniak.website\/produit\/200-rechteckige-einlegesohlen-laschen-gold-schwarz-4-5-x-13-cm\/"},"modified":"2026-04-25T02:15:08","modified_gmt":"2026-04-25T00:15:08","slug":"200-rechteckige-einlegesohlen-laschen-gold-schwarz-4-5-x-13-cm","status":"publish","type":"product","link":"https:\/\/www.csj-emballages.com\/de\/produit\/200-rechteckige-einlegesohlen-laschen-gold-schwarz-4-5-x-13-cm\/","title":{"rendered":"Rechteckige Gold\/Schwarz-Bodenplatte mit Lasche 4,5 x 13 cm, 200 St\u00fcck"},"content":{"rendered":"<h2>Rechteckige Sohle<\/h2>\n<div style=\"text-align: center;\">\n<hr>\n<h3 style=\"text-align: left;\">Beschreibung unserer rechteckigen Gold\/Schwarz-Bodenplatte mit Lasche 4,5 x 13 cm, 200 St\u00fcck<\/h3>\n<p style=\"text-align: left;\"><!--more--><\/p>\n<p style=\"text-align: left;\" data-start=\"211\" data-end=\"653\">Verleihen Sie Ihren Desserts einen Hauch von Eleganz mit der <strong data-start=\"272\" data-end=\"326\">rechteckigen Gold\/Schwarz-Bodenplatte mit Lasche 4,5 x 13 cm<\/strong>. Elegant und praktisch zugleich, setzt sie Ihre Kreationen sofort in Szene. Ihre <strong data-start=\"413\" data-end=\"435\">tiefschwarze Vorderseite<\/strong> und die <strong data-start=\"443\" data-end=\"466\">gl\u00e4nzend goldene R\u00fcckseite<\/strong> erm\u00f6glichen vielf\u00e4ltige Pr\u00e4sentationen, passend zu Ihren W\u00fcnschen, Themen oder Jahreszeiten. Ein kleines Detail, das in der Auslage oder beim Take-away den Unterschied macht.   <\/p>\n<p style=\"text-align: left;\" data-start=\"655\" data-end=\"1063\">Diese Sohle wird aus hochwertigem, <strong data-start=\"673\" data-end=\"701\">festem Karton<\/strong> hergestellt und ist sehr widerstandsf\u00e4hig gegen Gewicht und Feuchtigkeit. Sie h\u00e4lt Ihr Geb\u00e4ck stabil, ohne sich zu verbiegen oder weich zu werden. Die <strong data-start=\"835\" data-end=\"855\">kleine Lasche<\/strong> ist wirklich praktisch: Sie erleichtert das Anfassen und Servieren, ohne dass Sie Gefahr laufen, Ihr Geb\u00e4ck zu besch\u00e4digen. Das ist die Art von Detail, die Ihre Kunden bemerken und die zeigt, dass Sie sich um Ihre Arbeit k\u00fcmmern.   <\/p>\n<p style=\"text-align: left;\" data-start=\"1065\" data-end=\"1390\">Mit ihren <strong data-start=\"1074\" data-end=\"1104\">Ma\u00dfen von 4,5 x 13 cm<\/strong> ist diese Unterlage perfekt f\u00fcr einzelne St\u00fccke: Mini-T\u00f6rtchen, Stollenst\u00fccke, T\u00f6rtchen oder andere S\u00fc\u00dfigkeiten. Sie wird <strong data-start=\"1241\" data-end=\"1259\">zu 200 St\u00fcck<\/strong> verpackt und eignet sich perfekt f\u00fcr Konditoren, Caterer oder Gastronomen, die eine zuverl\u00e4ssige, elegante und kosteng\u00fcnstige Unterlage w\u00fcnschen. <\/p>\n<p style=\"text-align: left;\" data-start=\"1392\" data-end=\"1614\">Kurz gesagt, die <strong data-start=\"1401\" data-end=\"1442\">rechteckige Gold\/Schwarz-Bodenplatte mit Lasche<\/strong> ist das gewisse Extra, das Ihre Kreationen veredelt und Ihren Alltag vereinfacht. Elegant, robust und praktisch \u2013 sie erf\u00fcllt alle Anforderungen des anspruchsvollen Profis. <\/p>\n<\/div>\n<div style=\"text-align: center;\">\n<p>&nbsp;<\/p>\n<p style=\"text-align: left;\"><!--more--><\/p>\n<p style=\"text-align: left;\"><strong>Vorteile :<\/strong><\/p>\n<ul>\n<li style=\"text-align: left;\" data-start=\"444\" data-end=\"543\"><strong data-start=\"446\" data-end=\"473\">Eleganz und Raffinesse<\/strong>: Gold\/Schwarz-Finish f\u00fcr eine Premium-Pr\u00e4sentation Ihrer Produkte.<\/li>\n<li style=\"text-align: left;\" data-start=\"544\" data-end=\"611\"><strong data-start=\"546\" data-end=\"559\">Praktisch<\/strong>: Integrierte Zunge f\u00fcr eine einfache Handhabung.<\/li>\n<li style=\"text-align: left;\" data-start=\"612\" data-end=\"709\"><strong data-start=\"614\" data-end=\"628\">Robustheit<\/strong>: Entwickelt, um Ihre Backwaren und Zubereitungen ohne Knickgefahr zu tragen.<\/li>\n<li style=\"text-align: left;\" data-start=\"710\" data-end=\"802\"><strong data-start=\"712\" data-end=\"727\">Vielseitigkeit<\/strong>: Geeignet f\u00fcr Berufst\u00e4tige in B\u00e4ckereien, Konditoreien und Cateringunternehmen.<\/li>\n<li style=\"text-align: left;\" data-start=\"803\" data-end=\"874\"><strong data-start=\"805\" data-end=\"835\">Wirtschaftliche Verpackung<\/strong>: 200er-Pack f\u00fcr eine optimierte Nutzung.<\/li>\n<\/ul>\n<\/div>\n<p>&nbsp;<\/p>\n<p><!--more--><\/p>\n<h4>Weitere Informationen :<\/h4>\n<ul>\n<li><strong>Verpackung<\/strong>: Packung mit 200 St\u00fcck<\/li>\n<li><strong>Ma\u00dfe<\/strong>: 4,5 x 13 cm<\/li>\n<li><strong>Form<\/strong>: Rechteck<\/li>\n<li><strong>Gewicht<\/strong>: 1000 gr<\/li>\n<li><strong>Material<\/strong>: Karton<\/li>\n<li><strong>Farbe<\/strong>: Gold \/ Schwarz<\/li>\n<\/ul>\n<p>&nbsp;<\/p>\n<p><!--more--><\/p>\n<p>Existiert auch in <span style=\"color: #d12727;\"><a style=\"color: #d12727;\" href=\"https:\/\/www.csj-emballages.com\/produit\/200-semelles-rectangles-languettes-or-noir-5-5-x-9-5-cm\/\">5,5 x 9,5 cm<\/a><\/span><\/p>\n<p>&nbsp;<\/p>\n<p><!--more--><\/p>\n<p><a href=\"https:\/\/www.csj-emballages.com\/de\/categorie-produit\/lebensmittelverpackungen\/backerei-und-konditorei\/kuchensohlenhalter\/einlegesohlen-mit-laschen\/\">Sehen Sie sich den Rest unseres Sortiments an Zungensohlen an<\/a><\/p>\n","protected":false},"excerpt":{"rendered":"<p>Rechteckige Sohle Beschreibung unserer rechteckigen Gold\/Schwarz-Bodenplatte mit Lasche 4,5 x 13 cm, 200 St\u00fcck<\/p>\n","protected":false},"featured_media":224890,"template":"","meta":{"_acf_changed":false},"product_brand":[],"product_cat":[1137,1171,1925,3273],"product_tag":[],"class_list":{"0":"post-22999","1":"product","2":"type-product","3":"status-publish","4":"has-post-thumbnail","6":"product_cat-lebensmittelverpackungen","7":"product_cat-backerei-und-konditorei","8":"product_cat-kuchensohlenhalter","9":"product_cat-einlegesohlen-mit-laschen","11":"first","12":"instock","13":"taxable","14":"shipping-taxable","15":"purchasable","16":"product-type-simple"},"acf":[],"yoast_head":"<!-- This site is optimized with the Yoast SEO Premium plugin v26.6 (Yoast SEO v26.6) - https:\/\/yoast.com\/wordpress\/plugins\/seo\/ -->\n<title>Rechteckige Gold\/Schwarz-Bodenplatte mit Lasche 4,5 x 13 cm, 200 St\u00fcck<\/title>\n<meta name=\"description\" content=\"Pr\u00e4sentieren Sie Ihre Backwaren stilvoll mit der rechteckigen Gold\/Schwarz-Bodenplatte mit Lasche 4,5 x 13 cm. Elegant und praktisch, bietet es einen stabilen und raffinierten Halt.\" \/>\n<meta name=\"robots\" content=\"index, follow, max-snippet:-1, max-image-preview:large, max-video-preview:-1\" \/>\n<link rel=\"canonical\" href=\"https:\/\/www.csj-emballages.com\/de\/produit\/200-rechteckige-einlegesohlen-laschen-gold-schwarz-4-5-x-13-cm\/\" \/>\n<meta property=\"og:locale\" content=\"de_DE\" \/>\n<meta property=\"og:type\" content=\"article\" \/>\n<meta property=\"og:title\" content=\"Rechteckige Gold\/Schwarz-Bodenplatte mit Lasche 4,5 x 13 cm, 200 St\u00fcck\" \/>\n<meta property=\"og:description\" content=\"Pr\u00e4sentieren Sie Ihre Backwaren stilvoll mit der rechteckigen Gold\/Schwarz-Bodenplatte mit Lasche 4,5 x 13 cm. Elegant und praktisch, bietet es einen stabilen und raffinierten Halt.\" \/>\n<meta property=\"og:url\" content=\"https:\/\/www.csj-emballages.com\/de\/produit\/200-rechteckige-einlegesohlen-laschen-gold-schwarz-4-5-x-13-cm\/\" \/>\n<meta property=\"og:site_name\" content=\"CSJ Emballages\" \/>\n<meta property=\"article:publisher\" content=\"https:\/\/www.facebook.com\/csjemballages\" \/>\n<meta property=\"article:modified_time\" content=\"2026-04-25T00:15:08+00:00\" \/>\n<meta property=\"og:image\" content=\"https:\/\/www.csj-emballages.com\/wp-content\/uploads\/2024\/03\/Semelle-rectangle-45-x-13.webp\" \/>\n\t<meta property=\"og:image:width\" content=\"800\" \/>\n\t<meta property=\"og:image:height\" content=\"800\" \/>\n\t<meta property=\"og:image:type\" content=\"image\/webp\" \/>\n<meta name=\"twitter:card\" content=\"summary_large_image\" \/>\n<meta name=\"twitter:label1\" content=\"Gesch\u00e4tzte Lesezeit\" \/>\n\t<meta name=\"twitter:data1\" content=\"2 Minuten\" \/>\n<script type=\"application\/ld+json\" class=\"yoast-schema-graph\">{\"@context\":\"https:\/\/schema.org\",\"@graph\":[{\"@type\":\"WebPage\",\"@id\":\"https:\/\/www.csj-emballages.com\/de\/produit\/200-rechteckige-einlegesohlen-laschen-gold-schwarz-4-5-x-13-cm\/\",\"url\":\"https:\/\/www.csj-emballages.com\/de\/produit\/200-rechteckige-einlegesohlen-laschen-gold-schwarz-4-5-x-13-cm\/\",\"name\":\"Rechteckige Gold\/Schwarz-Bodenplatte mit Lasche 4,5 x 13 cm, 200 St\u00fcck\",\"isPartOf\":{\"@id\":\"https:\/\/www.csj-emballages.com\/de\/#website\"},\"primaryImageOfPage\":{\"@id\":\"https:\/\/www.csj-emballages.com\/de\/produit\/200-rechteckige-einlegesohlen-laschen-gold-schwarz-4-5-x-13-cm\/#primaryimage\"},\"image\":{\"@id\":\"https:\/\/www.csj-emballages.com\/de\/produit\/200-rechteckige-einlegesohlen-laschen-gold-schwarz-4-5-x-13-cm\/#primaryimage\"},\"thumbnailUrl\":\"https:\/\/www.csj-emballages.com\/wp-content\/uploads\/2024\/03\/Semelle-rectangle-45-x-13.webp\",\"datePublished\":\"2024-03-01T15:50:14+00:00\",\"dateModified\":\"2026-04-25T00:15:08+00:00\",\"description\":\"Pr\u00e4sentieren Sie Ihre Backwaren stilvoll mit der rechteckigen Gold\/Schwarz-Bodenplatte mit Lasche 4,5 x 13 cm. Elegant und praktisch, bietet es einen stabilen und raffinierten Halt.\",\"breadcrumb\":{\"@id\":\"https:\/\/www.csj-emballages.com\/de\/produit\/200-rechteckige-einlegesohlen-laschen-gold-schwarz-4-5-x-13-cm\/#breadcrumb\"},\"inLanguage\":\"de\",\"potentialAction\":[{\"@type\":\"ReadAction\",\"target\":[\"https:\/\/www.csj-emballages.com\/de\/produit\/200-rechteckige-einlegesohlen-laschen-gold-schwarz-4-5-x-13-cm\/\"]}]},{\"@type\":\"ImageObject\",\"inLanguage\":\"de\",\"@id\":\"https:\/\/www.csj-emballages.com\/de\/produit\/200-rechteckige-einlegesohlen-laschen-gold-schwarz-4-5-x-13-cm\/#primaryimage\",\"url\":\"https:\/\/www.csj-emballages.com\/wp-content\/uploads\/2024\/03\/Semelle-rectangle-45-x-13.webp\",\"contentUrl\":\"https:\/\/www.csj-emballages.com\/wp-content\/uploads\/2024\/03\/Semelle-rectangle-45-x-13.webp\",\"width\":800,\"height\":800,\"caption\":\"Semelle rectangle\"},{\"@type\":\"BreadcrumbList\",\"@id\":\"https:\/\/www.csj-emballages.com\/de\/produit\/200-rechteckige-einlegesohlen-laschen-gold-schwarz-4-5-x-13-cm\/#breadcrumb\",\"itemListElement\":[{\"@type\":\"ListItem\",\"position\":1,\"name\":\"Accueil\",\"item\":\"https:\/\/www.csj-emballages.com\/de\/universum-lebensmittelverpackungen\/\"},{\"@type\":\"ListItem\",\"position\":2,\"name\":\"Shop\",\"item\":\"https:\/\/www.csj-emballages.com\/shop\/\"},{\"@type\":\"ListItem\",\"position\":3,\"name\":\"Rechteckige Gold\/Schwarz-Bodenplatte mit Lasche 4,5 x 13 cm, 200 St\u00fcck\"}]},{\"@type\":\"WebSite\",\"@id\":\"https:\/\/www.csj-emballages.com\/de\/#website\",\"url\":\"https:\/\/www.csj-emballages.com\/de\/\",\"name\":\"CSJ Emballages\",\"description\":\"\",\"publisher\":{\"@id\":\"https:\/\/www.csj-emballages.com\/de\/#organization\"},\"potentialAction\":[{\"@type\":\"SearchAction\",\"target\":{\"@type\":\"EntryPoint\",\"urlTemplate\":\"https:\/\/www.csj-emballages.com\/de\/?s={search_term_string}\"},\"query-input\":{\"@type\":\"PropertyValueSpecification\",\"valueRequired\":true,\"valueName\":\"search_term_string\"}}],\"inLanguage\":\"de\"},{\"@type\":\"Organization\",\"@id\":\"https:\/\/www.csj-emballages.com\/de\/#Organization\/\",\"name\":\"CSJ Emballages\",\"url\":\"https:\/\/www.csj-emballages.com\/de\/\",\"logo\":{\"@type\":\"ImageObject\",\"inLanguage\":\"de\",\"@id\":\"https:\/\/www.csj-emballages.com\/de\/#\/schema\/logo\/image\/\",\"url\":\"https:\/\/www.csj-emballages.com\/wp-content\/uploads\/2023\/10\/logo_csj.webp\",\"contentUrl\":\"https:\/\/www.csj-emballages.com\/wp-content\/uploads\/2023\/10\/logo_csj.webp\",\"width\":250,\"height\":95,\"caption\":\"CSJ Emballages\"},\"image\":{\"@id\":\"https:\/\/www.csj-emballages.com\/de\/#\/schema\/logo\/image\/\"},\"sameAs\":[\"https:\/\/www.facebook.com\/csjemballages\"],\"address\":{\"@type\":\"PostalAddress\",\"streetAddress\":\"ZI La Lechere\",\"addressLocality\":\"Patornay\",\"postalCode\":\"39130\",\"addressCountry\":\"FR\"},\"contactPoint\":[{\"@type\":\"ContactPoint\",\"contactType\":\"Service client\",\"telephone\":\"0384254272\",\"email\":\"contact@csj-emballages.com\"}]}]}<\/script>\n<!-- \/ Yoast SEO Premium plugin. -->","yoast_head_json":{"title":"Rechteckige Gold\/Schwarz-Bodenplatte mit Lasche 4,5 x 13 cm, 200 St\u00fcck","description":"Pr\u00e4sentieren Sie Ihre Backwaren stilvoll mit der rechteckigen Gold\/Schwarz-Bodenplatte mit Lasche 4,5 x 13 cm. Elegant und praktisch, bietet es einen stabilen und raffinierten Halt.","robots":{"index":"index","follow":"follow","max-snippet":"max-snippet:-1","max-image-preview":"max-image-preview:large","max-video-preview":"max-video-preview:-1"},"canonical":"https:\/\/www.csj-emballages.com\/de\/produit\/200-rechteckige-einlegesohlen-laschen-gold-schwarz-4-5-x-13-cm\/","og_locale":"de_DE","og_type":"article","og_title":"Rechteckige Gold\/Schwarz-Bodenplatte mit Lasche 4,5 x 13 cm, 200 St\u00fcck","og_description":"Pr\u00e4sentieren Sie Ihre Backwaren stilvoll mit der rechteckigen Gold\/Schwarz-Bodenplatte mit Lasche 4,5 x 13 cm. Elegant und praktisch, bietet es einen stabilen und raffinierten Halt.","og_url":"https:\/\/www.csj-emballages.com\/de\/produit\/200-rechteckige-einlegesohlen-laschen-gold-schwarz-4-5-x-13-cm\/","og_site_name":"CSJ Emballages","article_publisher":"https:\/\/www.facebook.com\/csjemballages","article_modified_time":"2026-04-25T00:15:08+00:00","og_image":[{"width":800,"height":800,"url":"https:\/\/www.csj-emballages.com\/wp-content\/uploads\/2024\/03\/Semelle-rectangle-45-x-13.webp","type":"image\/webp"}],"twitter_card":"summary_large_image","twitter_misc":{"Gesch\u00e4tzte Lesezeit":"2 Minuten"},"schema":{"@context":"https:\/\/schema.org","@graph":[{"@type":"WebPage","@id":"https:\/\/www.csj-emballages.com\/de\/produit\/200-rechteckige-einlegesohlen-laschen-gold-schwarz-4-5-x-13-cm\/","url":"https:\/\/www.csj-emballages.com\/de\/produit\/200-rechteckige-einlegesohlen-laschen-gold-schwarz-4-5-x-13-cm\/","name":"Rechteckige Gold\/Schwarz-Bodenplatte mit Lasche 4,5 x 13 cm, 200 St\u00fcck","isPartOf":{"@id":"https:\/\/www.csj-emballages.com\/de\/#website"},"primaryImageOfPage":{"@id":"https:\/\/www.csj-emballages.com\/de\/produit\/200-rechteckige-einlegesohlen-laschen-gold-schwarz-4-5-x-13-cm\/#primaryimage"},"image":{"@id":"https:\/\/www.csj-emballages.com\/de\/produit\/200-rechteckige-einlegesohlen-laschen-gold-schwarz-4-5-x-13-cm\/#primaryimage"},"thumbnailUrl":"https:\/\/www.csj-emballages.com\/wp-content\/uploads\/2024\/03\/Semelle-rectangle-45-x-13.webp","datePublished":"2024-03-01T15:50:14+00:00","dateModified":"2026-04-25T00:15:08+00:00","description":"Pr\u00e4sentieren Sie Ihre Backwaren stilvoll mit der rechteckigen Gold\/Schwarz-Bodenplatte mit Lasche 4,5 x 13 cm. Elegant und praktisch, bietet es einen stabilen und raffinierten Halt.","breadcrumb":{"@id":"https:\/\/www.csj-emballages.com\/de\/produit\/200-rechteckige-einlegesohlen-laschen-gold-schwarz-4-5-x-13-cm\/#breadcrumb"},"inLanguage":"de","potentialAction":[{"@type":"ReadAction","target":["https:\/\/www.csj-emballages.com\/de\/produit\/200-rechteckige-einlegesohlen-laschen-gold-schwarz-4-5-x-13-cm\/"]}]},{"@type":"ImageObject","inLanguage":"de","@id":"https:\/\/www.csj-emballages.com\/de\/produit\/200-rechteckige-einlegesohlen-laschen-gold-schwarz-4-5-x-13-cm\/#primaryimage","url":"https:\/\/www.csj-emballages.com\/wp-content\/uploads\/2024\/03\/Semelle-rectangle-45-x-13.webp","contentUrl":"https:\/\/www.csj-emballages.com\/wp-content\/uploads\/2024\/03\/Semelle-rectangle-45-x-13.webp","width":800,"height":800,"caption":"Semelle rectangle"},{"@type":"BreadcrumbList","@id":"https:\/\/www.csj-emballages.com\/de\/produit\/200-rechteckige-einlegesohlen-laschen-gold-schwarz-4-5-x-13-cm\/#breadcrumb","itemListElement":[{"@type":"ListItem","position":1,"name":"Accueil","item":"https:\/\/www.csj-emballages.com\/de\/universum-lebensmittelverpackungen\/"},{"@type":"ListItem","position":2,"name":"Shop","item":"https:\/\/www.csj-emballages.com\/shop\/"},{"@type":"ListItem","position":3,"name":"Rechteckige Gold\/Schwarz-Bodenplatte mit Lasche 4,5 x 13 cm, 200 St\u00fcck"}]},{"@type":"WebSite","@id":"https:\/\/www.csj-emballages.com\/de\/#website","url":"https:\/\/www.csj-emballages.com\/de\/","name":"CSJ Emballages","description":"","publisher":{"@id":"https:\/\/www.csj-emballages.com\/de\/#organization"},"potentialAction":[{"@type":"SearchAction","target":{"@type":"EntryPoint","urlTemplate":"https:\/\/www.csj-emballages.com\/de\/?s={search_term_string}"},"query-input":{"@type":"PropertyValueSpecification","valueRequired":true,"valueName":"search_term_string"}}],"inLanguage":"de"},{"@type":"Organization","@id":"https:\/\/www.csj-emballages.com\/de\/#Organization\/","name":"CSJ Emballages","url":"https:\/\/www.csj-emballages.com\/de\/","logo":{"@type":"ImageObject","inLanguage":"de","@id":"https:\/\/www.csj-emballages.com\/de\/#\/schema\/logo\/image\/","url":"https:\/\/www.csj-emballages.com\/wp-content\/uploads\/2023\/10\/logo_csj.webp","contentUrl":"https:\/\/www.csj-emballages.com\/wp-content\/uploads\/2023\/10\/logo_csj.webp","width":250,"height":95,"caption":"CSJ Emballages"},"image":{"@id":"https:\/\/www.csj-emballages.com\/de\/#\/schema\/logo\/image\/"},"sameAs":["https:\/\/www.facebook.com\/csjemballages"],"address":{"@type":"PostalAddress","streetAddress":"ZI La Lechere","addressLocality":"Patornay","postalCode":"39130","addressCountry":"FR"},"contactPoint":[{"@type":"ContactPoint","contactType":"Service client","telephone":"0384254272","email":"contact@csj-emballages.com"}]}]}},"df_price":12.3,"df_sale_price":"","df_regular_price":12.3,"df_image_link":"https:\/\/www.csj-emballages.com\/wp-content\/uploads\/2024\/03\/Semelle-rectangle-45-x-13-300x300.webp","tiered_pricing_type":"fixed","tiered_pricing_fixed_rules":[],"tiered_pricing_percentage_rules":[],"tiered_pricing_minimum":1,"tiered_pricing_roles_data":[],"_links":{"self":[{"href":"https:\/\/www.csj-emballages.com\/de\/wp-json\/wp\/v2\/product\/22999","targetHints":{"allow":["GET"]}}],"collection":[{"href":"https:\/\/www.csj-emballages.com\/de\/wp-json\/wp\/v2\/product"}],"about":[{"href":"https:\/\/www.csj-emballages.com\/de\/wp-json\/wp\/v2\/types\/product"}],"wp:featuredmedia":[{"embeddable":true,"href":"https:\/\/www.csj-emballages.com\/de\/wp-json\/wp\/v2\/media\/224890"}],"wp:attachment":[{"href":"https:\/\/www.csj-emballages.com\/de\/wp-json\/wp\/v2\/media?parent=22999"}],"wp:term":[{"taxonomy":"product_brand","embeddable":true,"href":"https:\/\/www.csj-emballages.com\/de\/wp-json\/wp\/v2\/product_brand?post=22999"},{"taxonomy":"product_cat","embeddable":true,"href":"https:\/\/www.csj-emballages.com\/de\/wp-json\/wp\/v2\/product_cat?post=22999"},{"taxonomy":"product_tag","embeddable":true,"href":"https:\/\/www.csj-emballages.com\/de\/wp-json\/wp\/v2\/product_tag?post=22999"}],"curies":[{"name":"wp","href":"https:\/\/api.w.org\/{rel}","templated":true}]}}