{"id":229468,"date":"2025-03-26T16:49:20","date_gmt":"2025-03-26T15:49:20","guid":{"rendered":"https:\/\/www.csj-emballages.com\/?post_type=product&#038;p=229468"},"modified":"2026-03-12T16:11:17","modified_gmt":"2026-03-12T15:11:17","slug":"holzscheit-box-gourmandise-50-x-11-5-x-10-5-cm-per-25","status":"publish","type":"product","link":"https:\/\/www.csj-emballages.com\/de\/produit\/holzscheit-box-gourmandise-50-x-11-5-x-10-5-cm-per-25\/","title":{"rendered":"Holzscheit-Box &#8222;Gourmandise&#8220; 50 x 11.5 x 10.5 cm per 25"},"content":{"rendered":"<h2 class=\"ai-optimize-26\">Holzscheit-Box<\/h2>\n<hr>\n<h3 class=\"ai-optimize-27\">Beschreibung unserer Holzschachtel &#8222;Gourmandise&#8220; 50 x 11.5 x 10.5 cm per 25<\/h3>\n<p><!--more--><\/p>\n<p class=\"ai-optimize-28 ai-optimize-introduction\" data-start=\"0\" data-end=\"330\">Veredeln Sie Ihre Desserts mit der <strong>Schachtel f\u00fcr Baumst\u00e4mme &#8222;Gourmandise&#8220;<\/strong>, die speziell daf\u00fcr entwickelt wurde, Ihre Patisserie-Kreationen zur Geltung zu bringen und gleichzeitig einen optimalen Schutz zu gew\u00e4hrleisten. Mit ihren Ma\u00dfen von <strong>50 x 11,5 x 10,5 cm<\/strong> ist sie ideal f\u00fcr <strong>Weihnachtsstollen<\/strong>, Entremets und andere lange Desserts. Da sie aus <strong>Karton<\/strong> gefertigt ist, garantiert diese <strong>Weihnachtsschachtel<\/strong> einen ausgezeichneten Halt und Widerstand beim Transport. Das raffinierte, farbenfrohe Design sorgt f\u00fcr einen fr\u00f6hlichen Touch und eignet sich perfekt f\u00fcr handgefertigte Backwaren und Schaufensterpr\u00e4sentationen. Der <strong>Scharnierdeckel mit seiner Lasche<\/strong> erm\u00f6glicht einen sicheren Verschluss und bietet gleichzeitig eine sorgf\u00e4ltige Pr\u00e4sentation des Produkts.    <\/p>\n<p class=\"ai-optimize-29\" data-start=\"678\" data-end=\"860\">Diese <strong>Holzschachtel<\/strong> wurde f\u00fcr B\u00e4cker, Konditoren, Caterer und passionierte Privatpersonen entwickelt. Sie vereint Zweckm\u00e4\u00dfigkeit und \u00c4sthetik f\u00fcr einen garantierten &#8222;Wow&#8220;-Effekt bei jeder Verkostung!<\/p>\n<p>&nbsp;<\/p>\n<p><!--more--><\/p>\n<p class=\"ai-optimize-30\">Wenn Sie mit der Qualit\u00e4t zufrieden sind, werden Sie nicht mehr auf sie verzichten wollen.<\/p>\n<p>&nbsp;<\/p>\n<p><!--more--><\/p>\n<p class=\"ai-optimize-31\"><strong>Ihre Vorteile :<\/strong><\/p>\n<ul>\n<li class=\"ai-optimize-32\" data-start=\"880\" data-end=\"947\"><strong data-start=\"882\" data-end=\"898\">Ideales Format<\/strong>: Die Ma\u00dfe eignen sich f\u00fcr Stollen und Desserts.<\/li>\n<li class=\"ai-optimize-33\" data-start=\"948\" data-end=\"1019\"><strong data-start=\"950\" data-end=\"964\">Robustheit<\/strong>: Stabiler Karton f\u00fcr einen sicheren Transport.<\/li>\n<li class=\"ai-optimize-34\" data-start=\"1020\" data-end=\"1085\"><strong data-start=\"1022\" data-end=\"1040\">Elegantes Design<\/strong>: Sorgf\u00e4ltige und professionelle Pr\u00e4sentation.<\/li>\n<li class=\"ai-optimize-35\" data-start=\"1086\" data-end=\"1152\"><strong data-start=\"1088\" data-end=\"1114\">Einfache<\/strong> Handhabung: Bequemes \u00d6ffnen und Schlie\u00dfen.<\/li>\n<li class=\"ai-optimize-36\" data-start=\"1153\" data-end=\"1225\"><strong data-start=\"1155\" data-end=\"1175\">Vielseitige Verwendung<\/strong>: Diese Holzbox eignet sich sowohl f\u00fcr Handwerker als auch f\u00fcr Privatpersonen.<\/li>\n<\/ul>\n<p>&nbsp;<\/p>\n<p><!--more--><\/p>\n<h4 class=\"ai-optimize-37\">Weitere Informationen :<\/h4>\n<ul>\n<li class=\"ai-optimize-38\"><strong>Verpackung<\/strong>: Packung mit 25 St\u00fcck<\/li>\n<li class=\"ai-optimize-39\"><strong>Ma\u00dfe<\/strong>: 50 x 11,5 x 10,5 cm<\/li>\n<li class=\"ai-optimize-40\"><strong>Material<\/strong>: Karton<\/li>\n<li class=\"ai-optimize-41\"><strong>Farbe<\/strong>: Wei\u00df \/ Gelb \/ Gr\u00fcn \/ Rot<\/li>\n<\/ul>\n<p>&nbsp;<\/p>\n<p><!--more--><\/p>\n<p class=\"ai-optimize-42\">Dieses Produkt ist in einer anderen Gr\u00f6\u00dfe erh\u00e4ltlich : <span style=\"color: #d12727;\"><a style=\"color: #d12727;\" href=\"https:\/\/www.csj-emballages.com\/es\/produit\/25-cajas-de-troncos-gourmandise-20-x-115-x-105-cm\/\">20 x 11,5 x 10,5 cm<\/a> <span style=\"color: #000000;\">\/<\/span> <a style=\"color: #d12727;\" href=\"https:\/\/www.csj-emballages.com\/es\/produit\/caja-de-troncos-gourmandise-35-x-115-x-105-cm-paquete-de-25\/\">35 x 11,5 x 10,5 cm<\/a> <\/span> <\/p>\n<p>&nbsp;<\/p>\n<p><!--more--><\/p>\n<p class=\"ai-optimize-43\"><a href=\"https:\/\/www.csj-emballages.com\/de\/categorie-produit\/lebensmittelverpackungen\/backerei-und-konditorei\/schachteln-und-etuis\/holzschachteln\/holzschachteln-gourmandise\/\">Sehen Sie sich den Rest unseres Sortiments an Holzschachteln &#8222;Gourmandise&#8220; an<\/a><\/p>\n","protected":false},"excerpt":{"rendered":"<p>Holzscheit-Box Beschreibung unserer Holzschachtel &#8222;Gourmandise&#8220; 50 x 11.5 x 10.5 cm per 25<\/p>\n","protected":false},"featured_media":227907,"template":"","meta":{"_acf_changed":false},"product_brand":[],"product_cat":[1137,1171,3964,2067,2071,1265],"product_tag":[],"class_list":{"0":"post-229468","1":"product","2":"type-product","3":"status-publish","4":"has-post-thumbnail","6":"product_cat-lebensmittelverpackungen","7":"product_cat-backerei-und-konditorei","8":"product_cat-schachteln-und-etuis","9":"product_cat-holzschachteln","10":"product_cat-holzschachteln-gourmandise","11":"product_cat-lagerbestande-promotion","13":"first","14":"instock","15":"sale","16":"taxable","17":"shipping-taxable","18":"purchasable","19":"product-type-simple"},"acf":[],"yoast_head":"<!-- This site is optimized with the Yoast SEO Premium plugin v26.6 (Yoast SEO v26.6) - https:\/\/yoast.com\/wordpress\/plugins\/seo\/ -->\n<title>Box f\u00fcr Holzscheit &quot;Gourmandise&quot; 50 x 11.5 x 10.5 cm pro 25<\/title>\n<meta name=\"description\" content=\"Holzscheit-Box &quot;Gourmandise&quot; 50 x 11,5 x 10,5 cm pro 25 - Ideal, um Ihre festlichen Desserts elegant und sicher zu transportieren und zu veredeln.\" \/>\n<meta name=\"robots\" content=\"index, follow, max-snippet:-1, max-image-preview:large, max-video-preview:-1\" \/>\n<link rel=\"canonical\" href=\"https:\/\/www.csj-emballages.com\/de\/produit\/holzscheit-box-gourmandise-50-x-11-5-x-10-5-cm-per-25\/\" \/>\n<meta property=\"og:locale\" content=\"de_DE\" \/>\n<meta property=\"og:type\" content=\"article\" \/>\n<meta property=\"og:title\" content=\"Holzscheit-Box &quot;Gourmandise&quot; 50 x 11.5 x 10.5 cm per 25\" \/>\n<meta property=\"og:description\" content=\"Holzscheit-Box &quot;Gourmandise&quot; 50 x 11,5 x 10,5 cm pro 25 - Ideal, um Ihre festlichen Desserts elegant und sicher zu transportieren und zu veredeln.\" \/>\n<meta property=\"og:url\" content=\"https:\/\/www.csj-emballages.com\/de\/produit\/holzscheit-box-gourmandise-50-x-11-5-x-10-5-cm-per-25\/\" \/>\n<meta property=\"og:site_name\" content=\"CSJ Emballages\" \/>\n<meta property=\"article:publisher\" content=\"https:\/\/www.facebook.com\/csjemballages\" \/>\n<meta property=\"article:modified_time\" content=\"2026-03-12T15:11:17+00:00\" \/>\n<meta property=\"og:image\" content=\"https:\/\/www.csj-emballages.com\/wp-content\/uploads\/2025\/03\/BBGOUR35.webp\" \/>\n\t<meta property=\"og:image:width\" content=\"801\" \/>\n\t<meta property=\"og:image:height\" content=\"800\" \/>\n\t<meta property=\"og:image:type\" content=\"image\/webp\" \/>\n<meta name=\"twitter:card\" content=\"summary_large_image\" \/>\n<meta name=\"twitter:label1\" content=\"Gesch\u00e4tzte Lesezeit\" \/>\n\t<meta name=\"twitter:data1\" content=\"1\u00a0Minute\" \/>\n<script type=\"application\/ld+json\" class=\"yoast-schema-graph\">{\"@context\":\"https:\/\/schema.org\",\"@graph\":[{\"@type\":\"WebPage\",\"@id\":\"https:\/\/www.csj-emballages.com\/de\/produit\/holzscheit-box-gourmandise-50-x-11-5-x-10-5-cm-per-25\/\",\"url\":\"https:\/\/www.csj-emballages.com\/de\/produit\/holzscheit-box-gourmandise-50-x-11-5-x-10-5-cm-per-25\/\",\"name\":\"Box f\u00fcr Holzscheit \\\"Gourmandise\\\" 50 x 11.5 x 10.5 cm pro 25\",\"isPartOf\":{\"@id\":\"https:\/\/www.csj-emballages.com\/de\/#website\"},\"primaryImageOfPage\":{\"@id\":\"https:\/\/www.csj-emballages.com\/de\/produit\/holzscheit-box-gourmandise-50-x-11-5-x-10-5-cm-per-25\/#primaryimage\"},\"image\":{\"@id\":\"https:\/\/www.csj-emballages.com\/de\/produit\/holzscheit-box-gourmandise-50-x-11-5-x-10-5-cm-per-25\/#primaryimage\"},\"thumbnailUrl\":\"https:\/\/www.csj-emballages.com\/wp-content\/uploads\/2025\/03\/BBGOUR35.webp\",\"datePublished\":\"2025-03-26T15:49:20+00:00\",\"dateModified\":\"2026-03-12T15:11:17+00:00\",\"description\":\"Holzscheit-Box \\\"Gourmandise\\\" 50 x 11,5 x 10,5 cm pro 25 - Ideal, um Ihre festlichen Desserts elegant und sicher zu transportieren und zu veredeln.\",\"breadcrumb\":{\"@id\":\"https:\/\/www.csj-emballages.com\/de\/produit\/holzscheit-box-gourmandise-50-x-11-5-x-10-5-cm-per-25\/#breadcrumb\"},\"inLanguage\":\"de\",\"potentialAction\":[{\"@type\":\"ReadAction\",\"target\":[\"https:\/\/www.csj-emballages.com\/de\/produit\/holzscheit-box-gourmandise-50-x-11-5-x-10-5-cm-per-25\/\"]}]},{\"@type\":\"ImageObject\",\"inLanguage\":\"de\",\"@id\":\"https:\/\/www.csj-emballages.com\/de\/produit\/holzscheit-box-gourmandise-50-x-11-5-x-10-5-cm-per-25\/#primaryimage\",\"url\":\"https:\/\/www.csj-emballages.com\/wp-content\/uploads\/2025\/03\/BBGOUR35.webp\",\"contentUrl\":\"https:\/\/www.csj-emballages.com\/wp-content\/uploads\/2025\/03\/BBGOUR35.webp\",\"width\":801,\"height\":800,\"caption\":\"boite \u00e0 buche\"},{\"@type\":\"BreadcrumbList\",\"@id\":\"https:\/\/www.csj-emballages.com\/de\/produit\/holzscheit-box-gourmandise-50-x-11-5-x-10-5-cm-per-25\/#breadcrumb\",\"itemListElement\":[{\"@type\":\"ListItem\",\"position\":1,\"name\":\"Accueil\",\"item\":\"https:\/\/www.csj-emballages.com\/de\/universum-lebensmittelverpackungen\/\"},{\"@type\":\"ListItem\",\"position\":2,\"name\":\"Shop\",\"item\":\"https:\/\/www.csj-emballages.com\/shop\/\"},{\"@type\":\"ListItem\",\"position\":3,\"name\":\"Holzscheit-Box \u00ab\u00a0Gourmandise\u00a0\u00bb 50 x 11.5 x 10.5 cm per 25\"}]},{\"@type\":\"WebSite\",\"@id\":\"https:\/\/www.csj-emballages.com\/de\/#website\",\"url\":\"https:\/\/www.csj-emballages.com\/de\/\",\"name\":\"CSJ Emballages\",\"description\":\"\",\"publisher\":{\"@id\":\"https:\/\/www.csj-emballages.com\/de\/#organization\"},\"potentialAction\":[{\"@type\":\"SearchAction\",\"target\":{\"@type\":\"EntryPoint\",\"urlTemplate\":\"https:\/\/www.csj-emballages.com\/de\/?s={search_term_string}\"},\"query-input\":{\"@type\":\"PropertyValueSpecification\",\"valueRequired\":true,\"valueName\":\"search_term_string\"}}],\"inLanguage\":\"de\"},{\"@type\":\"Organization\",\"@id\":\"https:\/\/www.csj-emballages.com\/de\/#Organization\/\",\"name\":\"CSJ Emballages\",\"url\":\"https:\/\/www.csj-emballages.com\/de\/\",\"logo\":{\"@type\":\"ImageObject\",\"inLanguage\":\"de\",\"@id\":\"https:\/\/www.csj-emballages.com\/de\/#\/schema\/logo\/image\/\",\"url\":\"https:\/\/www.csj-emballages.com\/wp-content\/uploads\/2023\/10\/logo_csj.webp\",\"contentUrl\":\"https:\/\/www.csj-emballages.com\/wp-content\/uploads\/2023\/10\/logo_csj.webp\",\"width\":250,\"height\":95,\"caption\":\"CSJ Emballages\"},\"image\":{\"@id\":\"https:\/\/www.csj-emballages.com\/de\/#\/schema\/logo\/image\/\"},\"sameAs\":[\"https:\/\/www.facebook.com\/csjemballages\"],\"address\":{\"@type\":\"PostalAddress\",\"streetAddress\":\"ZI La Lechere\",\"addressLocality\":\"Patornay\",\"postalCode\":\"39130\",\"addressCountry\":\"FR\"},\"contactPoint\":[{\"@type\":\"ContactPoint\",\"contactType\":\"Service client\",\"telephone\":\"0384254272\",\"email\":\"contact@csj-emballages.com\"}]}]}<\/script>\n<!-- \/ Yoast SEO Premium plugin. -->","yoast_head_json":{"title":"Box f\u00fcr Holzscheit \"Gourmandise\" 50 x 11.5 x 10.5 cm pro 25","description":"Holzscheit-Box \"Gourmandise\" 50 x 11,5 x 10,5 cm pro 25 - Ideal, um Ihre festlichen Desserts elegant und sicher zu transportieren und zu veredeln.","robots":{"index":"index","follow":"follow","max-snippet":"max-snippet:-1","max-image-preview":"max-image-preview:large","max-video-preview":"max-video-preview:-1"},"canonical":"https:\/\/www.csj-emballages.com\/de\/produit\/holzscheit-box-gourmandise-50-x-11-5-x-10-5-cm-per-25\/","og_locale":"de_DE","og_type":"article","og_title":"Holzscheit-Box \"Gourmandise\" 50 x 11.5 x 10.5 cm per 25","og_description":"Holzscheit-Box \"Gourmandise\" 50 x 11,5 x 10,5 cm pro 25 - Ideal, um Ihre festlichen Desserts elegant und sicher zu transportieren und zu veredeln.","og_url":"https:\/\/www.csj-emballages.com\/de\/produit\/holzscheit-box-gourmandise-50-x-11-5-x-10-5-cm-per-25\/","og_site_name":"CSJ Emballages","article_publisher":"https:\/\/www.facebook.com\/csjemballages","article_modified_time":"2026-03-12T15:11:17+00:00","og_image":[{"width":801,"height":800,"url":"https:\/\/www.csj-emballages.com\/wp-content\/uploads\/2025\/03\/BBGOUR35.webp","type":"image\/webp"}],"twitter_card":"summary_large_image","twitter_misc":{"Gesch\u00e4tzte Lesezeit":"1\u00a0Minute"},"schema":{"@context":"https:\/\/schema.org","@graph":[{"@type":"WebPage","@id":"https:\/\/www.csj-emballages.com\/de\/produit\/holzscheit-box-gourmandise-50-x-11-5-x-10-5-cm-per-25\/","url":"https:\/\/www.csj-emballages.com\/de\/produit\/holzscheit-box-gourmandise-50-x-11-5-x-10-5-cm-per-25\/","name":"Box f\u00fcr Holzscheit \"Gourmandise\" 50 x 11.5 x 10.5 cm pro 25","isPartOf":{"@id":"https:\/\/www.csj-emballages.com\/de\/#website"},"primaryImageOfPage":{"@id":"https:\/\/www.csj-emballages.com\/de\/produit\/holzscheit-box-gourmandise-50-x-11-5-x-10-5-cm-per-25\/#primaryimage"},"image":{"@id":"https:\/\/www.csj-emballages.com\/de\/produit\/holzscheit-box-gourmandise-50-x-11-5-x-10-5-cm-per-25\/#primaryimage"},"thumbnailUrl":"https:\/\/www.csj-emballages.com\/wp-content\/uploads\/2025\/03\/BBGOUR35.webp","datePublished":"2025-03-26T15:49:20+00:00","dateModified":"2026-03-12T15:11:17+00:00","description":"Holzscheit-Box \"Gourmandise\" 50 x 11,5 x 10,5 cm pro 25 - Ideal, um Ihre festlichen Desserts elegant und sicher zu transportieren und zu veredeln.","breadcrumb":{"@id":"https:\/\/www.csj-emballages.com\/de\/produit\/holzscheit-box-gourmandise-50-x-11-5-x-10-5-cm-per-25\/#breadcrumb"},"inLanguage":"de","potentialAction":[{"@type":"ReadAction","target":["https:\/\/www.csj-emballages.com\/de\/produit\/holzscheit-box-gourmandise-50-x-11-5-x-10-5-cm-per-25\/"]}]},{"@type":"ImageObject","inLanguage":"de","@id":"https:\/\/www.csj-emballages.com\/de\/produit\/holzscheit-box-gourmandise-50-x-11-5-x-10-5-cm-per-25\/#primaryimage","url":"https:\/\/www.csj-emballages.com\/wp-content\/uploads\/2025\/03\/BBGOUR35.webp","contentUrl":"https:\/\/www.csj-emballages.com\/wp-content\/uploads\/2025\/03\/BBGOUR35.webp","width":801,"height":800,"caption":"boite \u00e0 buche"},{"@type":"BreadcrumbList","@id":"https:\/\/www.csj-emballages.com\/de\/produit\/holzscheit-box-gourmandise-50-x-11-5-x-10-5-cm-per-25\/#breadcrumb","itemListElement":[{"@type":"ListItem","position":1,"name":"Accueil","item":"https:\/\/www.csj-emballages.com\/de\/universum-lebensmittelverpackungen\/"},{"@type":"ListItem","position":2,"name":"Shop","item":"https:\/\/www.csj-emballages.com\/shop\/"},{"@type":"ListItem","position":3,"name":"Holzscheit-Box \u00ab\u00a0Gourmandise\u00a0\u00bb 50 x 11.5 x 10.5 cm per 25"}]},{"@type":"WebSite","@id":"https:\/\/www.csj-emballages.com\/de\/#website","url":"https:\/\/www.csj-emballages.com\/de\/","name":"CSJ Emballages","description":"","publisher":{"@id":"https:\/\/www.csj-emballages.com\/de\/#organization"},"potentialAction":[{"@type":"SearchAction","target":{"@type":"EntryPoint","urlTemplate":"https:\/\/www.csj-emballages.com\/de\/?s={search_term_string}"},"query-input":{"@type":"PropertyValueSpecification","valueRequired":true,"valueName":"search_term_string"}}],"inLanguage":"de"},{"@type":"Organization","@id":"https:\/\/www.csj-emballages.com\/de\/#Organization\/","name":"CSJ Emballages","url":"https:\/\/www.csj-emballages.com\/de\/","logo":{"@type":"ImageObject","inLanguage":"de","@id":"https:\/\/www.csj-emballages.com\/de\/#\/schema\/logo\/image\/","url":"https:\/\/www.csj-emballages.com\/wp-content\/uploads\/2023\/10\/logo_csj.webp","contentUrl":"https:\/\/www.csj-emballages.com\/wp-content\/uploads\/2023\/10\/logo_csj.webp","width":250,"height":95,"caption":"CSJ Emballages"},"image":{"@id":"https:\/\/www.csj-emballages.com\/de\/#\/schema\/logo\/image\/"},"sameAs":["https:\/\/www.facebook.com\/csjemballages"],"address":{"@type":"PostalAddress","streetAddress":"ZI La Lechere","addressLocality":"Patornay","postalCode":"39130","addressCountry":"FR"},"contactPoint":[{"@type":"ContactPoint","contactType":"Service client","telephone":"0384254272","email":"contact@csj-emballages.com"}]}]}},"df_price":11.42,"df_sale_price":11.42,"df_regular_price":12.68,"df_image_link":"https:\/\/www.csj-emballages.com\/wp-content\/uploads\/2025\/03\/BBGOUR35-300x300.webp","tiered_pricing_type":"fixed","tiered_pricing_fixed_rules":[],"tiered_pricing_percentage_rules":[],"tiered_pricing_minimum":1,"tiered_pricing_roles_data":[],"_links":{"self":[{"href":"https:\/\/www.csj-emballages.com\/de\/wp-json\/wp\/v2\/product\/229468","targetHints":{"allow":["GET"]}}],"collection":[{"href":"https:\/\/www.csj-emballages.com\/de\/wp-json\/wp\/v2\/product"}],"about":[{"href":"https:\/\/www.csj-emballages.com\/de\/wp-json\/wp\/v2\/types\/product"}],"wp:featuredmedia":[{"embeddable":true,"href":"https:\/\/www.csj-emballages.com\/de\/wp-json\/wp\/v2\/media\/227907"}],"wp:attachment":[{"href":"https:\/\/www.csj-emballages.com\/de\/wp-json\/wp\/v2\/media?parent=229468"}],"wp:term":[{"taxonomy":"product_brand","embeddable":true,"href":"https:\/\/www.csj-emballages.com\/de\/wp-json\/wp\/v2\/product_brand?post=229468"},{"taxonomy":"product_cat","embeddable":true,"href":"https:\/\/www.csj-emballages.com\/de\/wp-json\/wp\/v2\/product_cat?post=229468"},{"taxonomy":"product_tag","embeddable":true,"href":"https:\/\/www.csj-emballages.com\/de\/wp-json\/wp\/v2\/product_tag?post=229468"}],"curies":[{"name":"wp","href":"https:\/\/api.w.org\/{rel}","templated":true}]}}