{"id":22940,"date":"2024-03-01T16:50:15","date_gmt":"2024-03-01T15:50:15","guid":{"rendered":"https:\/\/u15jnbdpoq.preview.infomaniak.website\/produit\/500-glatte-weisse-ringe-o18-cm\/"},"modified":"2026-04-17T02:15:50","modified_gmt":"2026-04-17T00:15:50","slug":"500-glatte-weisse-ringe-o18-cm","status":"publish","type":"product","link":"https:\/\/www.csj-emballages.com\/de\/produit\/500-glatte-weisse-ringe-o18-cm\/","title":{"rendered":"Rund wei\u00df glatt \u00f818 cm pro 250"},"content":{"rendered":"<h2>Rund wei\u00df<\/h2>\n<hr>\n<h3>Beschreibung von unser rund wei\u00df glatt \u00f818 cm pro 250<\/h3>\n<p><!--more--><\/p>\n<p data-start=\"138\" data-end=\"451\">Sie suchen einen praktischen und diskreten St\u00e4nder, um Ihre kulinarischen Zubereitungen ins rechte Licht zu r\u00fccken? Der <strong data-start=\"238\" data-end=\"265\">glatte wei\u00dfe runde \u00f818 cm<\/strong> ist die ideale L\u00f6sung f\u00fcr Profis aus der Gastronomie, der Konditorei oder dem Veranstaltungsbereich. Denn er wird in einem Set von <strong>250 St\u00fcck<\/strong> angeboten und vereint Einfachheit, Effizienz und Hygiene.  <\/p>\n<p data-start=\"453\" data-end=\"885\">Dieser <strong data-start=\"493\" data-end=\"515\">wei\u00dfe Einweg-Rondell<\/strong> aus strapazierf\u00e4higem Material eignet sich perfekt f\u00fcr eine Vielzahl von Verwendungszwecken. Egal, ob Sie Kuchen, Desserts, T\u00f6rtchen, Mignardises oder herzhafte Gerichte darauf anrichten, er sorgt f\u00fcr eine saubere und professionelle Pr\u00e4sentation. Dank seiner <strong data-start=\"761\" data-end=\"781\">glatten, wei\u00dfen<\/strong> Oberfl\u00e4che hebt es die Farben und Texturen der Speisen hervor, ohne Ihren Kreationen die Show zu stehlen.  <\/p>\n<p data-start=\"887\" data-end=\"1180\">Au\u00dferdem ist sie mit ihrem <strong data-start=\"900\" data-end=\"921\">Durchmesser von 18 cm<\/strong> ein vielseitiges Format: nicht zu gro\u00df und nicht zu klein, passt sie ideal zu jeder Gelegenheit. Dank seiner robusten Konstruktion verformt er sich nicht so leicht und garantiert auch bei etwas schwereren Zubereitungen einen optimalen Halt. <\/p>\n<p data-start=\"1182\" data-end=\"1495\">Auch dieser <strong>runde St<\/strong> \u00e4nder ist darauf ausgelegt, Zeit zu sparen. Er ist leicht zu handhaben, zu stapeln und zu lagern und hilft Ihnen, in der K\u00fcche oder im Labor effizient zu arbeiten. Wenn Sie sich f\u00fcr dieses Set mit <strong>250 St\u00fcck<\/strong> entscheiden, k\u00f6nnen Sie sicher sein, dass Sie immer den n\u00f6tigen Vorrat f\u00fcr Ihre Gottesdienste, Buffets oder Veranstaltungen haben.  <\/p>\n<p data-start=\"1497\" data-end=\"1825\">Zusammenfassend l\u00e4sst sich sagen, dass dieser <strong data-start=\"1511\" data-end=\"1538\">runde<\/strong> <strong>Kuchenst\u00e4nder<\/strong> <strong data-start=\"1511\" data-end=\"1538\">in glattem Wei\u00df \u00f818 cm<\/strong> nicht nur ein einfacher St\u00e4nder ist: Er ist ein echter Verb\u00fcndeter, um Ihre Speisen sorgf\u00e4ltig und professionell zu pr\u00e4sentieren und gleichzeitig Ihre Organisation zu vereinfachen. Ein Muss f\u00fcr alle Gastronomiebetriebe, die <strong data-start=\"1771\" data-end=\"1809\">Zweckm\u00e4\u00dfigkeit, \u00c4sthetik und Zuverl\u00e4ssigkeit<\/strong> im Alltag miteinander verbinden m\u00f6chten. <\/p>\n<p><!--more--><\/p>\n<h4><strong>Vorteile :<\/strong><\/h4>\n<ul>\n<li>Elegante und neutrale Pr\u00e4sentation, um Ihre Kreationen hervorzuheben.<\/li>\n<li><strong>Vielseitiges Format \u00f816 cm<\/strong>, geeignet f\u00fcr S\u00fc\u00dfes und Herzhaftes.<\/li>\n<li>Widerstandsf\u00e4hig und praktisch in der Handhabung.<\/li>\n<li>Verpackung zu <strong>250 St\u00fcck<\/strong>.<\/li>\n<\/ul>\n<p>&nbsp;<\/p>\n<p><!--more--><\/p>\n<h4>Weitere Informationen :<\/h4>\n<ul>\n<li><strong>Verpackung<\/strong>: Packung mit 250<\/li>\n<li><strong>Durchmesser<\/strong>: 18 cm<\/li>\n<li><strong>Material<\/strong>: Karton<\/li>\n<li><strong>Farbe<\/strong>: Wei\u00df<\/li>\n<\/ul>\n<p>&nbsp;<\/p>\n<p><!--more--><\/p>\n<p>Dieser glatte, wei\u00dfe, runde Kuchenst\u00e4nder ist in verschiedenen Gr\u00f6\u00dfen erh\u00e4ltlich: <span style=\"color: #d12727;\"><a style=\"color: #d12727;\" href=\"https:\/\/www.csj-emballages.com\/produit\/250-ronds-blancs-lisses-o14-cm\/\">\u00d814 cm<\/a><\/span> \/ <g id=\"gid_2\"><g id=\"gid_3\">\u00d816 cm<\/g><\/g> \/ <g id=\"gid_4\"><g id=\"gid_5\">\u00d820 cm<\/g><\/g> \/ <span style=\"color: #d12727;\"><a style=\"color: #d12727;\" href=\"https:\/\/www.csj-emballages.com\/produit\/250-ronds-blancs-lisses-o22-cm\/\">\u00d822 cm<\/a><\/span> \/ <span style=\"color: #d12727;\"><a style=\"color: #d12727;\" href=\"https:\/\/www.csj-emballages.com\/produit\/250-ronds-blancs-lisses-o24-cm\/\">\u00d824 cm<\/a><\/span> \/ <span style=\"color: #d12727;\"><a style=\"color: #d12727;\" href=\"https:\/\/www.csj-emballages.com\/produit\/250-ronds-blancs-lisses-o26-cm\/\">\u00d826 cm<\/a><\/span> \/        <span style=\"color: #d12727;\"><a style=\"color: #d12727;\" href=\"https:\/\/www.csj-emballages.com\/produit\/250-ronds-blancs-lisses-o28-cm\/\">\u00d828 cm<\/a> \/ <a style=\"color: #d12727;\" href=\"https:\/\/www.csj-emballages.com\/produit\/250-ronds-blancs-lisses-o30-cm\/\">\u00d830<\/a> <a style=\"color: #d12727;\" href=\"https:\/\/www.csj-emballages.com\/produit\/250-ronds-blancs-lisses-o32-cm\/\">cm \/ \u00d832 cm<\/a><\/span><\/p>\n<p>&nbsp;<\/p>\n<p><!--more--><\/p>\n<p><a href=\"\/?product_cat=supports-a-gateaux-non-festonnes\">Sehen Sie sich hier den Rest unseres Sortiments an glatten wei\u00dfen Rundlingen an<\/a><\/p>\n","protected":false},"excerpt":{"rendered":"<p>Rund wei\u00df Beschreibung von unser rund wei\u00df glatt \u00f818 cm pro 250<\/p>\n","protected":false},"featured_media":242600,"template":"","meta":{"_acf_changed":false},"product_brand":[],"product_cat":[1137,1171,1925,3256],"product_tag":[],"class_list":{"0":"post-22940","1":"product","2":"type-product","3":"status-publish","4":"has-post-thumbnail","6":"product_cat-lebensmittelverpackungen","7":"product_cat-backerei-und-konditorei","8":"product_cat-kuchensohlenhalter","9":"product_cat-kuchenauflagen-ohne-girlanden","11":"first","12":"instock","13":"taxable","14":"shipping-taxable","15":"purchasable","16":"product-type-simple"},"acf":[],"yoast_head":"<!-- This site is optimized with the Yoast SEO Premium plugin v26.6 (Yoast SEO v26.6) - https:\/\/yoast.com\/wordpress\/plugins\/seo\/ -->\n<title>Rund Wei\u00df Glatt \u00f818 cm pro 250<\/title>\n<meta name=\"description\" content=\"Glatte wei\u00dfe runde \u00f818 cm im 250er-Pack. Praktischer und eleganter St\u00e4nder f\u00fcr Kuchen, Desserts und herzhafte Zubereitungen. Ideal f\u00fcr Pro &amp; Events.\" \/>\n<meta name=\"robots\" content=\"index, follow, max-snippet:-1, max-image-preview:large, max-video-preview:-1\" \/>\n<link rel=\"canonical\" href=\"https:\/\/www.csj-emballages.com\/de\/produit\/500-glatte-weisse-ringe-o18-cm\/\" \/>\n<meta property=\"og:locale\" content=\"de_DE\" \/>\n<meta property=\"og:type\" content=\"article\" \/>\n<meta property=\"og:title\" content=\"Rund wei\u00df glatt \u00f818 cm pro 250\" \/>\n<meta property=\"og:description\" content=\"Glatte wei\u00dfe runde \u00f818 cm im 250er-Pack. Praktischer und eleganter St\u00e4nder f\u00fcr Kuchen, Desserts und herzhafte Zubereitungen. Ideal f\u00fcr Pro &amp; Events.\" \/>\n<meta property=\"og:url\" content=\"https:\/\/www.csj-emballages.com\/de\/produit\/500-glatte-weisse-ringe-o18-cm\/\" \/>\n<meta property=\"og:site_name\" content=\"CSJ Emballages\" \/>\n<meta property=\"article:publisher\" content=\"https:\/\/www.facebook.com\/csjemballages\" \/>\n<meta property=\"article:modified_time\" content=\"2026-04-17T00:15:50+00:00\" \/>\n<meta property=\"og:image\" content=\"https:\/\/www.csj-emballages.com\/wp-content\/uploads\/2024\/03\/Rond-blanc-3.webp\" \/>\n\t<meta property=\"og:image:width\" content=\"800\" \/>\n\t<meta property=\"og:image:height\" content=\"800\" \/>\n\t<meta property=\"og:image:type\" content=\"image\/webp\" \/>\n<meta name=\"twitter:card\" content=\"summary_large_image\" \/>\n<meta name=\"twitter:label1\" content=\"Gesch\u00e4tzte Lesezeit\" \/>\n\t<meta name=\"twitter:data1\" content=\"2 Minuten\" \/>\n<script type=\"application\/ld+json\" class=\"yoast-schema-graph\">{\"@context\":\"https:\/\/schema.org\",\"@graph\":[{\"@type\":\"WebPage\",\"@id\":\"https:\/\/www.csj-emballages.com\/de\/produit\/500-glatte-weisse-ringe-o18-cm\/\",\"url\":\"https:\/\/www.csj-emballages.com\/de\/produit\/500-glatte-weisse-ringe-o18-cm\/\",\"name\":\"Rund Wei\u00df Glatt \u00f818 cm pro 250\",\"isPartOf\":{\"@id\":\"https:\/\/www.csj-emballages.com\/de\/#website\"},\"primaryImageOfPage\":{\"@id\":\"https:\/\/www.csj-emballages.com\/de\/produit\/500-glatte-weisse-ringe-o18-cm\/#primaryimage\"},\"image\":{\"@id\":\"https:\/\/www.csj-emballages.com\/de\/produit\/500-glatte-weisse-ringe-o18-cm\/#primaryimage\"},\"thumbnailUrl\":\"https:\/\/www.csj-emballages.com\/wp-content\/uploads\/2024\/03\/Rond-blanc-3.webp\",\"datePublished\":\"2024-03-01T15:50:15+00:00\",\"dateModified\":\"2026-04-17T00:15:50+00:00\",\"description\":\"Glatte wei\u00dfe runde \u00f818 cm im 250er-Pack. Praktischer und eleganter St\u00e4nder f\u00fcr Kuchen, Desserts und herzhafte Zubereitungen. Ideal f\u00fcr Pro & Events.\",\"breadcrumb\":{\"@id\":\"https:\/\/www.csj-emballages.com\/de\/produit\/500-glatte-weisse-ringe-o18-cm\/#breadcrumb\"},\"inLanguage\":\"de\",\"potentialAction\":[{\"@type\":\"ReadAction\",\"target\":[\"https:\/\/www.csj-emballages.com\/de\/produit\/500-glatte-weisse-ringe-o18-cm\/\"]}]},{\"@type\":\"ImageObject\",\"inLanguage\":\"de\",\"@id\":\"https:\/\/www.csj-emballages.com\/de\/produit\/500-glatte-weisse-ringe-o18-cm\/#primaryimage\",\"url\":\"https:\/\/www.csj-emballages.com\/wp-content\/uploads\/2024\/03\/Rond-blanc-3.webp\",\"contentUrl\":\"https:\/\/www.csj-emballages.com\/wp-content\/uploads\/2024\/03\/Rond-blanc-3.webp\",\"width\":800,\"height\":800,\"caption\":\"Rond blanc\"},{\"@type\":\"BreadcrumbList\",\"@id\":\"https:\/\/www.csj-emballages.com\/de\/produit\/500-glatte-weisse-ringe-o18-cm\/#breadcrumb\",\"itemListElement\":[{\"@type\":\"ListItem\",\"position\":1,\"name\":\"Accueil\",\"item\":\"https:\/\/www.csj-emballages.com\/de\/universum-lebensmittelverpackungen\/\"},{\"@type\":\"ListItem\",\"position\":2,\"name\":\"Shop\",\"item\":\"https:\/\/www.csj-emballages.com\/shop\/\"},{\"@type\":\"ListItem\",\"position\":3,\"name\":\"Rund wei\u00df glatt \u00f818 cm pro 250\"}]},{\"@type\":\"WebSite\",\"@id\":\"https:\/\/www.csj-emballages.com\/de\/#website\",\"url\":\"https:\/\/www.csj-emballages.com\/de\/\",\"name\":\"CSJ Emballages\",\"description\":\"\",\"publisher\":{\"@id\":\"https:\/\/www.csj-emballages.com\/de\/#organization\"},\"potentialAction\":[{\"@type\":\"SearchAction\",\"target\":{\"@type\":\"EntryPoint\",\"urlTemplate\":\"https:\/\/www.csj-emballages.com\/de\/?s={search_term_string}\"},\"query-input\":{\"@type\":\"PropertyValueSpecification\",\"valueRequired\":true,\"valueName\":\"search_term_string\"}}],\"inLanguage\":\"de\"},{\"@type\":\"Organization\",\"@id\":\"https:\/\/www.csj-emballages.com\/de\/#Organization\/\",\"name\":\"CSJ Emballages\",\"url\":\"https:\/\/www.csj-emballages.com\/de\/\",\"logo\":{\"@type\":\"ImageObject\",\"inLanguage\":\"de\",\"@id\":\"https:\/\/www.csj-emballages.com\/de\/#\/schema\/logo\/image\/\",\"url\":\"https:\/\/www.csj-emballages.com\/wp-content\/uploads\/2023\/10\/logo_csj.webp\",\"contentUrl\":\"https:\/\/www.csj-emballages.com\/wp-content\/uploads\/2023\/10\/logo_csj.webp\",\"width\":250,\"height\":95,\"caption\":\"CSJ Emballages\"},\"image\":{\"@id\":\"https:\/\/www.csj-emballages.com\/de\/#\/schema\/logo\/image\/\"},\"sameAs\":[\"https:\/\/www.facebook.com\/csjemballages\"],\"address\":{\"@type\":\"PostalAddress\",\"streetAddress\":\"ZI La Lechere\",\"addressLocality\":\"Patornay\",\"postalCode\":\"39130\",\"addressCountry\":\"FR\"},\"contactPoint\":[{\"@type\":\"ContactPoint\",\"contactType\":\"Service client\",\"telephone\":\"0384254272\",\"email\":\"contact@csj-emballages.com\"}]}]}<\/script>\n<!-- \/ Yoast SEO Premium plugin. -->","yoast_head_json":{"title":"Rund Wei\u00df Glatt \u00f818 cm pro 250","description":"Glatte wei\u00dfe runde \u00f818 cm im 250er-Pack. Praktischer und eleganter St\u00e4nder f\u00fcr Kuchen, Desserts und herzhafte Zubereitungen. Ideal f\u00fcr Pro & Events.","robots":{"index":"index","follow":"follow","max-snippet":"max-snippet:-1","max-image-preview":"max-image-preview:large","max-video-preview":"max-video-preview:-1"},"canonical":"https:\/\/www.csj-emballages.com\/de\/produit\/500-glatte-weisse-ringe-o18-cm\/","og_locale":"de_DE","og_type":"article","og_title":"Rund wei\u00df glatt \u00f818 cm pro 250","og_description":"Glatte wei\u00dfe runde \u00f818 cm im 250er-Pack. Praktischer und eleganter St\u00e4nder f\u00fcr Kuchen, Desserts und herzhafte Zubereitungen. Ideal f\u00fcr Pro & Events.","og_url":"https:\/\/www.csj-emballages.com\/de\/produit\/500-glatte-weisse-ringe-o18-cm\/","og_site_name":"CSJ Emballages","article_publisher":"https:\/\/www.facebook.com\/csjemballages","article_modified_time":"2026-04-17T00:15:50+00:00","og_image":[{"width":800,"height":800,"url":"https:\/\/www.csj-emballages.com\/wp-content\/uploads\/2024\/03\/Rond-blanc-3.webp","type":"image\/webp"}],"twitter_card":"summary_large_image","twitter_misc":{"Gesch\u00e4tzte Lesezeit":"2 Minuten"},"schema":{"@context":"https:\/\/schema.org","@graph":[{"@type":"WebPage","@id":"https:\/\/www.csj-emballages.com\/de\/produit\/500-glatte-weisse-ringe-o18-cm\/","url":"https:\/\/www.csj-emballages.com\/de\/produit\/500-glatte-weisse-ringe-o18-cm\/","name":"Rund Wei\u00df Glatt \u00f818 cm pro 250","isPartOf":{"@id":"https:\/\/www.csj-emballages.com\/de\/#website"},"primaryImageOfPage":{"@id":"https:\/\/www.csj-emballages.com\/de\/produit\/500-glatte-weisse-ringe-o18-cm\/#primaryimage"},"image":{"@id":"https:\/\/www.csj-emballages.com\/de\/produit\/500-glatte-weisse-ringe-o18-cm\/#primaryimage"},"thumbnailUrl":"https:\/\/www.csj-emballages.com\/wp-content\/uploads\/2024\/03\/Rond-blanc-3.webp","datePublished":"2024-03-01T15:50:15+00:00","dateModified":"2026-04-17T00:15:50+00:00","description":"Glatte wei\u00dfe runde \u00f818 cm im 250er-Pack. Praktischer und eleganter St\u00e4nder f\u00fcr Kuchen, Desserts und herzhafte Zubereitungen. Ideal f\u00fcr Pro & Events.","breadcrumb":{"@id":"https:\/\/www.csj-emballages.com\/de\/produit\/500-glatte-weisse-ringe-o18-cm\/#breadcrumb"},"inLanguage":"de","potentialAction":[{"@type":"ReadAction","target":["https:\/\/www.csj-emballages.com\/de\/produit\/500-glatte-weisse-ringe-o18-cm\/"]}]},{"@type":"ImageObject","inLanguage":"de","@id":"https:\/\/www.csj-emballages.com\/de\/produit\/500-glatte-weisse-ringe-o18-cm\/#primaryimage","url":"https:\/\/www.csj-emballages.com\/wp-content\/uploads\/2024\/03\/Rond-blanc-3.webp","contentUrl":"https:\/\/www.csj-emballages.com\/wp-content\/uploads\/2024\/03\/Rond-blanc-3.webp","width":800,"height":800,"caption":"Rond blanc"},{"@type":"BreadcrumbList","@id":"https:\/\/www.csj-emballages.com\/de\/produit\/500-glatte-weisse-ringe-o18-cm\/#breadcrumb","itemListElement":[{"@type":"ListItem","position":1,"name":"Accueil","item":"https:\/\/www.csj-emballages.com\/de\/universum-lebensmittelverpackungen\/"},{"@type":"ListItem","position":2,"name":"Shop","item":"https:\/\/www.csj-emballages.com\/shop\/"},{"@type":"ListItem","position":3,"name":"Rund wei\u00df glatt \u00f818 cm pro 250"}]},{"@type":"WebSite","@id":"https:\/\/www.csj-emballages.com\/de\/#website","url":"https:\/\/www.csj-emballages.com\/de\/","name":"CSJ Emballages","description":"","publisher":{"@id":"https:\/\/www.csj-emballages.com\/de\/#organization"},"potentialAction":[{"@type":"SearchAction","target":{"@type":"EntryPoint","urlTemplate":"https:\/\/www.csj-emballages.com\/de\/?s={search_term_string}"},"query-input":{"@type":"PropertyValueSpecification","valueRequired":true,"valueName":"search_term_string"}}],"inLanguage":"de"},{"@type":"Organization","@id":"https:\/\/www.csj-emballages.com\/de\/#Organization\/","name":"CSJ Emballages","url":"https:\/\/www.csj-emballages.com\/de\/","logo":{"@type":"ImageObject","inLanguage":"de","@id":"https:\/\/www.csj-emballages.com\/de\/#\/schema\/logo\/image\/","url":"https:\/\/www.csj-emballages.com\/wp-content\/uploads\/2023\/10\/logo_csj.webp","contentUrl":"https:\/\/www.csj-emballages.com\/wp-content\/uploads\/2023\/10\/logo_csj.webp","width":250,"height":95,"caption":"CSJ Emballages"},"image":{"@id":"https:\/\/www.csj-emballages.com\/de\/#\/schema\/logo\/image\/"},"sameAs":["https:\/\/www.facebook.com\/csjemballages"],"address":{"@type":"PostalAddress","streetAddress":"ZI La Lechere","addressLocality":"Patornay","postalCode":"39130","addressCountry":"FR"},"contactPoint":[{"@type":"ContactPoint","contactType":"Service client","telephone":"0384254272","email":"contact@csj-emballages.com"}]}]}},"df_price":9.29,"df_sale_price":"","df_regular_price":9.29,"df_image_link":"https:\/\/www.csj-emballages.com\/wp-content\/uploads\/2024\/03\/Rond-blanc-3-300x300.webp","tiered_pricing_type":"fixed","tiered_pricing_fixed_rules":[],"tiered_pricing_percentage_rules":[],"tiered_pricing_minimum":1,"tiered_pricing_roles_data":[],"_links":{"self":[{"href":"https:\/\/www.csj-emballages.com\/de\/wp-json\/wp\/v2\/product\/22940","targetHints":{"allow":["GET"]}}],"collection":[{"href":"https:\/\/www.csj-emballages.com\/de\/wp-json\/wp\/v2\/product"}],"about":[{"href":"https:\/\/www.csj-emballages.com\/de\/wp-json\/wp\/v2\/types\/product"}],"wp:featuredmedia":[{"embeddable":true,"href":"https:\/\/www.csj-emballages.com\/de\/wp-json\/wp\/v2\/media\/242600"}],"wp:attachment":[{"href":"https:\/\/www.csj-emballages.com\/de\/wp-json\/wp\/v2\/media?parent=22940"}],"wp:term":[{"taxonomy":"product_brand","embeddable":true,"href":"https:\/\/www.csj-emballages.com\/de\/wp-json\/wp\/v2\/product_brand?post=22940"},{"taxonomy":"product_cat","embeddable":true,"href":"https:\/\/www.csj-emballages.com\/de\/wp-json\/wp\/v2\/product_cat?post=22940"},{"taxonomy":"product_tag","embeddable":true,"href":"https:\/\/www.csj-emballages.com\/de\/wp-json\/wp\/v2\/product_tag?post=22940"}],"curies":[{"name":"wp","href":"https:\/\/api.w.org\/{rel}","templated":true}]}}