{"id":22931,"date":"2024-03-01T16:50:15","date_gmt":"2024-03-01T15:50:15","guid":{"rendered":"https:\/\/u15jnbdpoq.preview.infomaniak.website\/produit\/250-glatte-weisse-ringe-o20-cm\/"},"modified":"2026-04-11T02:15:08","modified_gmt":"2026-04-11T00:15:08","slug":"250-glatte-weisse-ringe-o20-cm","status":"publish","type":"product","link":"https:\/\/www.csj-emballages.com\/de\/produit\/250-glatte-weisse-ringe-o20-cm\/","title":{"rendered":"Rund wei\u00df glatt \u00f820 cm pro 250"},"content":{"rendered":"<h2>Rund wei\u00df<\/h2>\n<hr>\n<h3>Beschreibung von unser rund wei\u00df glatt \u00f820 cm pro 250<\/h3>\n<p><!--more--><\/p>\n<p data-start=\"137\" data-end=\"570\">Entdecken Sie unseren <strong data-start=\"153\" data-end=\"188\">glatten wei\u00dfen runden<\/strong> Kuchenst\u00e4nder <strong data-start=\"153\" data-end=\"188\">\u00f820 cm pro 250 St\u00fcck<\/strong>, der unumg\u00e4ngliche Verb\u00fcndete f\u00fcr alle Ihre kulinarischen Pr\u00e4sentationen. Ob Sie nun <strong data-start=\"270\" data-end=\"307\">Caterer, Restaurantbesitzer, Konditor<\/strong> oder Eventveranstalter sind, dieser praktische und elegante <strong>runde Kuchenst\u00e4nder<\/strong> wird Ihren Bed\u00fcrfnissen gerecht. Dank seines <strong data-start=\"411\" data-end=\"432\">Durchmessers von 20 cm<\/strong> passt er sich perfekt an Kuchen, Entremets, Pizzen, Torten oder andere k\u00f6stliche Kreationen an, die Sie zur Geltung bringen m\u00f6chten.  <\/p>\n<p data-start=\"572\" data-end=\"983\">Zun\u00e4chst einmal verleiht seine <strong data-start=\"590\" data-end=\"616\">makellose wei\u00dfe Farbe<\/strong> einen Hauch von Schlichtheit und Eleganz, ideal, um Ihre Zubereitungen in den Vordergrund zu stellen, ohne die Aufmerksamkeit abzulenken. Dar\u00fcber hinaus garantiert seine <strong data-start=\"756\" data-end=\"777\">glatte, gleichm\u00e4\u00dfige<\/strong> Oberfl\u00e4che bei jeder Verwendung ein gepflegtes und professionelles Aussehen. Diese runde Schale kann auch verwendet werden, um den <strong data-start=\"896\" data-end=\"928\">Transport und die Pr\u00e4sentation<\/strong> von Desserts zu erleichtern, da sie eine stabile und widerstandsf\u00e4hige Basis bietet.  <\/p>\n<p data-start=\"985\" data-end=\"1280\">Zweitens erm\u00f6glicht Ihnen das Format <strong data-start=\"1008\" data-end=\"1029\">mit 250 St\u00fcck<\/strong> einen gro\u00dfz\u00fcgigen Vorrat, der sich perfekt f\u00fcr Gastronomiebetriebe und Gro\u00dfveranstaltungen eignet. Sie brauchen sich keine Sorgen mehr \u00fcber Lieferengp\u00e4sse zu machen: Sie haben immer das richtige Material zur Hand. <\/p>\n<p data-start=\"1282\" data-end=\"1571\">Dar\u00fcber hinaus ist dieser <strong data-start=\"1299\" data-end=\"1319\">glatte wei\u00dfe Rundling<\/strong> nicht nur praktisch, sondern auch hygienisch, da er so konzipiert ist, dass er den Lebensmittelstandards entspricht. Er ist leicht, aber robust, bietet ein <strong data-start=\"1462\" data-end=\"1496\">hervorragendes Preis-Leistungs-Verh\u00e4ltnis<\/strong> und ist ein Muss in der Welt der Lebensmittelverpackungen. <\/p>\n<p data-start=\"1573\" data-end=\"1751\">Zusammenfassend l\u00e4sst sich sagen, dass die Entscheidung f\u00fcr diesen <strong>Kuchenst\u00e4nder<\/strong> eine Entscheidung f\u00fcr <strong data-start=\"1624\" data-end=\"1638\">Einfachheit<\/strong>, <strong data-start=\"1643\" data-end=\"1654\">Qualit\u00e4t<\/strong> und<strong data-start=\"1660\" data-end=\"1674\">Effizienz<\/strong> ist.<\/p>\n<p><!--more--><\/p>\n<h4><strong>Vorteile :<\/strong><\/h4>\n<ul>\n<li><strong data-start=\"1980\" data-end=\"2000\">Elegant und schlicht<\/strong>: hebt all Ihre Kreationen hervor.<\/li>\n<li><strong data-start=\"2043\" data-end=\"2055\">Praktisch<\/strong>: Durchmesser <strong>20 cm<\/strong> ideal f\u00fcr Kuchen, Torten und Pizza.<\/li>\n<li><strong data-start=\"2115\" data-end=\"2142\">Widerstandsf\u00e4hig und hygienisch<\/strong>: F\u00fcr den Einsatz in der Lebensmittelindustrie konzipiert.<\/li>\n<li><strong data-start=\"2182\" data-end=\"2212\">Wirtschaftliche Verpackung<\/strong>: F\u00fcr Profis geeignete <strong>250er-Packung<\/strong>.<\/li>\n<li><strong data-start=\"2247\" data-end=\"2261\">Vielseitig<\/strong> einsetzbar: Pr\u00e4sentation, Transport und Schaufenstergestaltung.<\/li>\n<\/ul>\n<p>&nbsp;<\/p>\n<p><!--more--><\/p>\n<h4>Weitere Informationen :<\/h4>\n<ul>\n<li><strong>Verpackung<\/strong>: Packung mit 250<\/li>\n<li><strong>Durchmesser<\/strong>: 20 cm<\/li>\n<li><strong>Material<\/strong>: Karton<\/li>\n<li><strong>Farbe<\/strong>: Wei\u00df<\/li>\n<\/ul>\n<p>&nbsp;<\/p>\n<p><!--more--><\/p>\n<p>Dieser glatte, wei\u00dfe, runde Kuchenst\u00e4nder ist in verschiedenen Gr\u00f6\u00dfen erh\u00e4ltlich: <g id=\"gid_0\"><g id=\"gid_1\">\u00d814 cm<\/g><\/g> \/ <g id=\"gid_2\"><g id=\"gid_3\">\u00d816 cm<\/g><\/g> \/ <g id=\"gid_4\"><g id=\"gid_5\">\u00d818 cm<\/g><\/g> \/ <span style=\"color: #d12727;\"><a style=\"color: #d12727;\" href=\"https:\/\/www.csj-emballages.com\/produit\/250-ronds-blancs-lisses-o22-cm\/\">\u00d822 cm<\/a><\/span> \/ <span style=\"color: #d12727;\"><a style=\"color: #d12727;\" href=\"https:\/\/www.csj-emballages.com\/produit\/250-ronds-blancs-lisses-o24-cm\/\">\u00d824 cm<\/a><\/span> \/ <span style=\"color: #d12727;\"><a style=\"color: #d12727;\" href=\"https:\/\/www.csj-emballages.com\/produit\/250-ronds-blancs-lisses-o26-cm\/\">\u00d826 cm<\/a><\/span> \/        <span style=\"color: #d12727;\"><a style=\"color: #d12727;\" href=\"https:\/\/www.csj-emballages.com\/produit\/250-ronds-blancs-lisses-o28-cm\/\">\u00d828 cm<\/a> \/ <a style=\"color: #d12727;\" href=\"https:\/\/www.csj-emballages.com\/produit\/250-ronds-blancs-lisses-o30-cm\/\">\u00d830<\/a> <a style=\"color: #d12727;\" href=\"https:\/\/www.csj-emballages.com\/produit\/250-ronds-blancs-lisses-o32-cm\/\">cm \/ \u00d832 cm<\/a><\/span><\/p>\n<p>&nbsp;<\/p>\n<p><!--more--><\/p>\n<p><a href=\"\/?product_cat=supports-a-gateaux-non-festonnes\">Sehen Sie sich hier den Rest unseres Sortiments an glatten wei\u00dfen Rundlingen an<\/a><\/p>\n","protected":false},"excerpt":{"rendered":"<p>Rund wei\u00df Beschreibung von unser rund wei\u00df glatt \u00f820 cm pro 250<\/p>\n","protected":false},"featured_media":242600,"template":"","meta":{"_acf_changed":false},"product_brand":[],"product_cat":[1137,1171,1925,3256],"product_tag":[],"class_list":{"0":"post-22931","1":"product","2":"type-product","3":"status-publish","4":"has-post-thumbnail","6":"product_cat-lebensmittelverpackungen","7":"product_cat-backerei-und-konditorei","8":"product_cat-kuchensohlenhalter","9":"product_cat-kuchenauflagen-ohne-girlanden","11":"first","12":"instock","13":"taxable","14":"shipping-taxable","15":"purchasable","16":"product-type-simple"},"acf":[],"yoast_head":"<!-- This site is optimized with the Yoast SEO Premium plugin v26.6 (Yoast SEO v26.6) - https:\/\/yoast.com\/wordpress\/plugins\/seo\/ -->\n<title>Rund Wei\u00df Glatt \u00f820 cm pro 250<\/title>\n<meta name=\"description\" content=\"Glatte wei\u00dfe runde \u00f820 cm pro 250 - praktische und elegante Unterlage f\u00fcr Kuchen, Pizzen, Torten und Desserts. Ideal f\u00fcr Caterer und Gastronomen.\" \/>\n<meta name=\"robots\" content=\"index, follow, max-snippet:-1, max-image-preview:large, max-video-preview:-1\" \/>\n<link rel=\"canonical\" href=\"https:\/\/www.csj-emballages.com\/de\/produit\/250-glatte-weisse-ringe-o20-cm\/\" \/>\n<meta property=\"og:locale\" content=\"de_DE\" \/>\n<meta property=\"og:type\" content=\"article\" \/>\n<meta property=\"og:title\" content=\"Rund wei\u00df glatt \u00f820 cm pro 250\" \/>\n<meta property=\"og:description\" content=\"Glatte wei\u00dfe runde \u00f820 cm pro 250 - praktische und elegante Unterlage f\u00fcr Kuchen, Pizzen, Torten und Desserts. Ideal f\u00fcr Caterer und Gastronomen.\" \/>\n<meta property=\"og:url\" content=\"https:\/\/www.csj-emballages.com\/de\/produit\/250-glatte-weisse-ringe-o20-cm\/\" \/>\n<meta property=\"og:site_name\" content=\"CSJ Emballages\" \/>\n<meta property=\"article:publisher\" content=\"https:\/\/www.facebook.com\/csjemballages\" \/>\n<meta property=\"article:modified_time\" content=\"2026-04-11T00:15:08+00:00\" \/>\n<meta property=\"og:image\" content=\"https:\/\/www.csj-emballages.com\/wp-content\/uploads\/2024\/03\/Rond-blanc-3.webp\" \/>\n\t<meta property=\"og:image:width\" content=\"800\" \/>\n\t<meta property=\"og:image:height\" content=\"800\" \/>\n\t<meta property=\"og:image:type\" content=\"image\/webp\" \/>\n<meta name=\"twitter:card\" content=\"summary_large_image\" \/>\n<meta name=\"twitter:label1\" content=\"Gesch\u00e4tzte Lesezeit\" \/>\n\t<meta name=\"twitter:data1\" content=\"2 Minuten\" \/>\n<script type=\"application\/ld+json\" class=\"yoast-schema-graph\">{\"@context\":\"https:\/\/schema.org\",\"@graph\":[{\"@type\":\"WebPage\",\"@id\":\"https:\/\/www.csj-emballages.com\/de\/produit\/250-glatte-weisse-ringe-o20-cm\/\",\"url\":\"https:\/\/www.csj-emballages.com\/de\/produit\/250-glatte-weisse-ringe-o20-cm\/\",\"name\":\"Rund Wei\u00df Glatt \u00f820 cm pro 250\",\"isPartOf\":{\"@id\":\"https:\/\/www.csj-emballages.com\/de\/#website\"},\"primaryImageOfPage\":{\"@id\":\"https:\/\/www.csj-emballages.com\/de\/produit\/250-glatte-weisse-ringe-o20-cm\/#primaryimage\"},\"image\":{\"@id\":\"https:\/\/www.csj-emballages.com\/de\/produit\/250-glatte-weisse-ringe-o20-cm\/#primaryimage\"},\"thumbnailUrl\":\"https:\/\/www.csj-emballages.com\/wp-content\/uploads\/2024\/03\/Rond-blanc-3.webp\",\"datePublished\":\"2024-03-01T15:50:15+00:00\",\"dateModified\":\"2026-04-11T00:15:08+00:00\",\"description\":\"Glatte wei\u00dfe runde \u00f820 cm pro 250 - praktische und elegante Unterlage f\u00fcr Kuchen, Pizzen, Torten und Desserts. Ideal f\u00fcr Caterer und Gastronomen.\",\"breadcrumb\":{\"@id\":\"https:\/\/www.csj-emballages.com\/de\/produit\/250-glatte-weisse-ringe-o20-cm\/#breadcrumb\"},\"inLanguage\":\"de\",\"potentialAction\":[{\"@type\":\"ReadAction\",\"target\":[\"https:\/\/www.csj-emballages.com\/de\/produit\/250-glatte-weisse-ringe-o20-cm\/\"]}]},{\"@type\":\"ImageObject\",\"inLanguage\":\"de\",\"@id\":\"https:\/\/www.csj-emballages.com\/de\/produit\/250-glatte-weisse-ringe-o20-cm\/#primaryimage\",\"url\":\"https:\/\/www.csj-emballages.com\/wp-content\/uploads\/2024\/03\/Rond-blanc-3.webp\",\"contentUrl\":\"https:\/\/www.csj-emballages.com\/wp-content\/uploads\/2024\/03\/Rond-blanc-3.webp\",\"width\":800,\"height\":800,\"caption\":\"Rond blanc\"},{\"@type\":\"BreadcrumbList\",\"@id\":\"https:\/\/www.csj-emballages.com\/de\/produit\/250-glatte-weisse-ringe-o20-cm\/#breadcrumb\",\"itemListElement\":[{\"@type\":\"ListItem\",\"position\":1,\"name\":\"Accueil\",\"item\":\"https:\/\/www.csj-emballages.com\/de\/universum-lebensmittelverpackungen\/\"},{\"@type\":\"ListItem\",\"position\":2,\"name\":\"Shop\",\"item\":\"https:\/\/www.csj-emballages.com\/shop\/\"},{\"@type\":\"ListItem\",\"position\":3,\"name\":\"Rund wei\u00df glatt \u00f820 cm pro 250\"}]},{\"@type\":\"WebSite\",\"@id\":\"https:\/\/www.csj-emballages.com\/de\/#website\",\"url\":\"https:\/\/www.csj-emballages.com\/de\/\",\"name\":\"CSJ Emballages\",\"description\":\"\",\"publisher\":{\"@id\":\"https:\/\/www.csj-emballages.com\/de\/#organization\"},\"potentialAction\":[{\"@type\":\"SearchAction\",\"target\":{\"@type\":\"EntryPoint\",\"urlTemplate\":\"https:\/\/www.csj-emballages.com\/de\/?s={search_term_string}\"},\"query-input\":{\"@type\":\"PropertyValueSpecification\",\"valueRequired\":true,\"valueName\":\"search_term_string\"}}],\"inLanguage\":\"de\"},{\"@type\":\"Organization\",\"@id\":\"https:\/\/www.csj-emballages.com\/de\/#Organization\/\",\"name\":\"CSJ Emballages\",\"url\":\"https:\/\/www.csj-emballages.com\/de\/\",\"logo\":{\"@type\":\"ImageObject\",\"inLanguage\":\"de\",\"@id\":\"https:\/\/www.csj-emballages.com\/de\/#\/schema\/logo\/image\/\",\"url\":\"https:\/\/www.csj-emballages.com\/wp-content\/uploads\/2023\/10\/logo_csj.webp\",\"contentUrl\":\"https:\/\/www.csj-emballages.com\/wp-content\/uploads\/2023\/10\/logo_csj.webp\",\"width\":250,\"height\":95,\"caption\":\"CSJ Emballages\"},\"image\":{\"@id\":\"https:\/\/www.csj-emballages.com\/de\/#\/schema\/logo\/image\/\"},\"sameAs\":[\"https:\/\/www.facebook.com\/csjemballages\"],\"address\":{\"@type\":\"PostalAddress\",\"streetAddress\":\"ZI La Lechere\",\"addressLocality\":\"Patornay\",\"postalCode\":\"39130\",\"addressCountry\":\"FR\"},\"contactPoint\":[{\"@type\":\"ContactPoint\",\"contactType\":\"Service client\",\"telephone\":\"0384254272\",\"email\":\"contact@csj-emballages.com\"}]}]}<\/script>\n<!-- \/ Yoast SEO Premium plugin. -->","yoast_head_json":{"title":"Rund Wei\u00df Glatt \u00f820 cm pro 250","description":"Glatte wei\u00dfe runde \u00f820 cm pro 250 - praktische und elegante Unterlage f\u00fcr Kuchen, Pizzen, Torten und Desserts. Ideal f\u00fcr Caterer und Gastronomen.","robots":{"index":"index","follow":"follow","max-snippet":"max-snippet:-1","max-image-preview":"max-image-preview:large","max-video-preview":"max-video-preview:-1"},"canonical":"https:\/\/www.csj-emballages.com\/de\/produit\/250-glatte-weisse-ringe-o20-cm\/","og_locale":"de_DE","og_type":"article","og_title":"Rund wei\u00df glatt \u00f820 cm pro 250","og_description":"Glatte wei\u00dfe runde \u00f820 cm pro 250 - praktische und elegante Unterlage f\u00fcr Kuchen, Pizzen, Torten und Desserts. Ideal f\u00fcr Caterer und Gastronomen.","og_url":"https:\/\/www.csj-emballages.com\/de\/produit\/250-glatte-weisse-ringe-o20-cm\/","og_site_name":"CSJ Emballages","article_publisher":"https:\/\/www.facebook.com\/csjemballages","article_modified_time":"2026-04-11T00:15:08+00:00","og_image":[{"width":800,"height":800,"url":"https:\/\/www.csj-emballages.com\/wp-content\/uploads\/2024\/03\/Rond-blanc-3.webp","type":"image\/webp"}],"twitter_card":"summary_large_image","twitter_misc":{"Gesch\u00e4tzte Lesezeit":"2 Minuten"},"schema":{"@context":"https:\/\/schema.org","@graph":[{"@type":"WebPage","@id":"https:\/\/www.csj-emballages.com\/de\/produit\/250-glatte-weisse-ringe-o20-cm\/","url":"https:\/\/www.csj-emballages.com\/de\/produit\/250-glatte-weisse-ringe-o20-cm\/","name":"Rund Wei\u00df Glatt \u00f820 cm pro 250","isPartOf":{"@id":"https:\/\/www.csj-emballages.com\/de\/#website"},"primaryImageOfPage":{"@id":"https:\/\/www.csj-emballages.com\/de\/produit\/250-glatte-weisse-ringe-o20-cm\/#primaryimage"},"image":{"@id":"https:\/\/www.csj-emballages.com\/de\/produit\/250-glatte-weisse-ringe-o20-cm\/#primaryimage"},"thumbnailUrl":"https:\/\/www.csj-emballages.com\/wp-content\/uploads\/2024\/03\/Rond-blanc-3.webp","datePublished":"2024-03-01T15:50:15+00:00","dateModified":"2026-04-11T00:15:08+00:00","description":"Glatte wei\u00dfe runde \u00f820 cm pro 250 - praktische und elegante Unterlage f\u00fcr Kuchen, Pizzen, Torten und Desserts. Ideal f\u00fcr Caterer und Gastronomen.","breadcrumb":{"@id":"https:\/\/www.csj-emballages.com\/de\/produit\/250-glatte-weisse-ringe-o20-cm\/#breadcrumb"},"inLanguage":"de","potentialAction":[{"@type":"ReadAction","target":["https:\/\/www.csj-emballages.com\/de\/produit\/250-glatte-weisse-ringe-o20-cm\/"]}]},{"@type":"ImageObject","inLanguage":"de","@id":"https:\/\/www.csj-emballages.com\/de\/produit\/250-glatte-weisse-ringe-o20-cm\/#primaryimage","url":"https:\/\/www.csj-emballages.com\/wp-content\/uploads\/2024\/03\/Rond-blanc-3.webp","contentUrl":"https:\/\/www.csj-emballages.com\/wp-content\/uploads\/2024\/03\/Rond-blanc-3.webp","width":800,"height":800,"caption":"Rond blanc"},{"@type":"BreadcrumbList","@id":"https:\/\/www.csj-emballages.com\/de\/produit\/250-glatte-weisse-ringe-o20-cm\/#breadcrumb","itemListElement":[{"@type":"ListItem","position":1,"name":"Accueil","item":"https:\/\/www.csj-emballages.com\/de\/universum-lebensmittelverpackungen\/"},{"@type":"ListItem","position":2,"name":"Shop","item":"https:\/\/www.csj-emballages.com\/shop\/"},{"@type":"ListItem","position":3,"name":"Rund wei\u00df glatt \u00f820 cm pro 250"}]},{"@type":"WebSite","@id":"https:\/\/www.csj-emballages.com\/de\/#website","url":"https:\/\/www.csj-emballages.com\/de\/","name":"CSJ Emballages","description":"","publisher":{"@id":"https:\/\/www.csj-emballages.com\/de\/#organization"},"potentialAction":[{"@type":"SearchAction","target":{"@type":"EntryPoint","urlTemplate":"https:\/\/www.csj-emballages.com\/de\/?s={search_term_string}"},"query-input":{"@type":"PropertyValueSpecification","valueRequired":true,"valueName":"search_term_string"}}],"inLanguage":"de"},{"@type":"Organization","@id":"https:\/\/www.csj-emballages.com\/de\/#Organization\/","name":"CSJ Emballages","url":"https:\/\/www.csj-emballages.com\/de\/","logo":{"@type":"ImageObject","inLanguage":"de","@id":"https:\/\/www.csj-emballages.com\/de\/#\/schema\/logo\/image\/","url":"https:\/\/www.csj-emballages.com\/wp-content\/uploads\/2023\/10\/logo_csj.webp","contentUrl":"https:\/\/www.csj-emballages.com\/wp-content\/uploads\/2023\/10\/logo_csj.webp","width":250,"height":95,"caption":"CSJ Emballages"},"image":{"@id":"https:\/\/www.csj-emballages.com\/de\/#\/schema\/logo\/image\/"},"sameAs":["https:\/\/www.facebook.com\/csjemballages"],"address":{"@type":"PostalAddress","streetAddress":"ZI La Lechere","addressLocality":"Patornay","postalCode":"39130","addressCountry":"FR"},"contactPoint":[{"@type":"ContactPoint","contactType":"Service client","telephone":"0384254272","email":"contact@csj-emballages.com"}]}]}},"df_price":12.18,"df_sale_price":"","df_regular_price":12.18,"df_image_link":"https:\/\/www.csj-emballages.com\/wp-content\/uploads\/2024\/03\/Rond-blanc-3-300x300.webp","tiered_pricing_type":"fixed","tiered_pricing_fixed_rules":[],"tiered_pricing_percentage_rules":[],"tiered_pricing_minimum":1,"tiered_pricing_roles_data":[],"_links":{"self":[{"href":"https:\/\/www.csj-emballages.com\/de\/wp-json\/wp\/v2\/product\/22931","targetHints":{"allow":["GET"]}}],"collection":[{"href":"https:\/\/www.csj-emballages.com\/de\/wp-json\/wp\/v2\/product"}],"about":[{"href":"https:\/\/www.csj-emballages.com\/de\/wp-json\/wp\/v2\/types\/product"}],"wp:featuredmedia":[{"embeddable":true,"href":"https:\/\/www.csj-emballages.com\/de\/wp-json\/wp\/v2\/media\/242600"}],"wp:attachment":[{"href":"https:\/\/www.csj-emballages.com\/de\/wp-json\/wp\/v2\/media?parent=22931"}],"wp:term":[{"taxonomy":"product_brand","embeddable":true,"href":"https:\/\/www.csj-emballages.com\/de\/wp-json\/wp\/v2\/product_brand?post=22931"},{"taxonomy":"product_cat","embeddable":true,"href":"https:\/\/www.csj-emballages.com\/de\/wp-json\/wp\/v2\/product_cat?post=22931"},{"taxonomy":"product_tag","embeddable":true,"href":"https:\/\/www.csj-emballages.com\/de\/wp-json\/wp\/v2\/product_tag?post=22931"}],"curies":[{"name":"wp","href":"https:\/\/api.w.org\/{rel}","templated":true}]}}