{"id":22919,"date":"2024-03-01T16:50:16","date_gmt":"2024-03-01T15:50:16","guid":{"rendered":"https:\/\/u15jnbdpoq.preview.infomaniak.website\/produit\/rhodoid-rolle-45-mm-x-200-m\/"},"modified":"2026-04-17T02:15:49","modified_gmt":"2026-04-17T00:15:49","slug":"rhodoid-rolle-45-mm-x-200-m","status":"publish","type":"product","link":"https:\/\/www.csj-emballages.com\/de\/produit\/rhodoid-rolle-45-mm-x-200-m\/","title":{"rendered":"Rhodo\u00efd-Rolle 45 mm x 200 m"},"content":{"rendered":"<h2>Rhodoid-Rolle<\/h2>\n<hr>\n<h3>Beschreibung unserer Rhodoid-Rolle 45 mm x 200 m<\/h3>\n<p><!--more--><\/p>\n<p data-start=\"0\" data-end=\"522\">Entdecken Sie unsere <strong data-start=\"46\" data-end=\"79\">Rhodo\u00efd-Rolle 45 mm x 200 m<\/strong>, den unverzichtbaren Verb\u00fcndeten von professionellen Konditoren wie auch von Liebhabern hausgemachter Desserts. Dank seiner <g id=\"gid_1\">kristallklaren Transparenz<\/g> und seiner bemerkenswerten <g id=\"gid_2\">Geschmeidigkeit<\/g> passt sich dieses <g id=\"gid_5\">60 Mikron dicke<\/g> <g id=\"gid_4\">lebensmittelechte<\/g> <g id=\"gid_3\">Rhodo\u00efdband<\/g> perfekt an die zartesten Kreationen an. Ob Sie nun ein fruchtiges Dessert, einen cremigen Bavarois oder eine raffinierte Charlotte zubereiten, es sorgt f\u00fcr ein <strong data-start=\"468\" data-end=\"485\">sauberes Herausl\u00f6sen aus der Form<\/strong>.  <\/p>\n<p data-start=\"524\" data-end=\"973\">Dank des <strong data-start=\"537\" data-end=\"565\">gro\u00dfz\u00fcgigen Formats von 200 m<\/strong> k\u00f6nnen Sie an einer Vielzahl von Projekten arbeiten, ohne Angst haben zu m\u00fcssen, dass Sie w\u00e4hrend des Aufbaus eine Panne haben. Die <strong data-start=\"667\" data-end=\"687\">Breite von 45 mm<\/strong> ist ideal f\u00fcr mehrst\u00f6ckige Desserts oder mittelgro\u00dfe Torten, da sie einen festen Halt bietet und gleichzeitig die Feinheit Ihrer Dekorationen bewahrt. Diese <strong>Rhodo\u00efd-Rolle<\/strong> wird <strong data-start=\"841\" data-end=\"854\">einzeln<\/strong> verkauft und l\u00e4sst sich leicht aufbewahren und abrollen, was die Organisation Ihres Ateliers oder Ihrer K\u00fcche erleichtert.  <\/p>\n<p data-start=\"975\" data-end=\"1266\">Au\u00dferdem ist es <strong data-start=\"988\" data-end=\"1027\">feuchtigkeits- und k\u00e4ltebest\u00e4ndig<\/strong>, sodass es sich perfekt f\u00fcr gek\u00fchlte oder gefrorene Zubereitungen eignet. Es l\u00e4sst sich problemlos auf die gew\u00fcnschte L\u00e4nge zuschneiden und bietet Ihnen so <strong data-start=\"1222\" data-end=\"1244\">volle Flexibilit\u00e4t<\/strong> bei Ihren Kreationen. <\/p>\n<p data-start=\"1268\" data-end=\"1704\">Mit dem <strong data-start=\"1279\" data-end=\"1298\">Rhodo\u00efd-Roller<\/strong> verleihen Sie Ihren Torten ein professionelles Aussehen, sch\u00fctzen Ihre Zubereitungen und vereinfachen jeden Schritt des Aufbaus. Ob Sie nun ein Konditor oder ein anspruchsvoller Hobbyb\u00e4cker sind, das <strong data-start=\"46\" data-end=\"79\">Rhodo\u00efd<\/strong> spart Ihnen nicht nur Zeit, sondern veredelt auch Ihre Desserts. Mit ihm entfalten Ihre S\u00fc\u00dfspeisen und Mousses endlich ihr ganzes optisches und geschmackliches Potenzial, und Ihre Pr\u00e4sentationen werden Ihre G\u00e4ste oder Kunden beeindrucken.  <\/p>\n<p data-start=\"1268\" data-end=\"1704\"><!--more--><\/p>\n<h4 data-start=\"1268\" data-end=\"1704\">Vorteile :<\/h4>\n<ul>\n<li><strong data-start=\"1922\" data-end=\"1938\">Transparenz<\/strong> f\u00fcr eine elegante Pr\u00e4sentation.<\/li>\n<li><strong data-start=\"1975\" data-end=\"2003\">Gro\u00dfe L\u00e4nge von 200 m<\/strong>, kosteng\u00fcnstig und praktisch.<\/li>\n<li><strong data-start=\"2033\" data-end=\"2057\">60 Mikron dick<\/strong>, stark und zuverl\u00e4ssig.<\/li>\n<li><strong data-start=\"2081\" data-end=\"2099\">Einfaches Schneiden<\/strong> f\u00fcr alle Kuchengr\u00f6\u00dfen.<\/li>\n<li>K\u00e4lte- und feuchtigkeitsbest\u00e4ndig.<\/li>\n<\/ul>\n<p>&nbsp;<\/p>\n<p><!--more--><\/p>\n<h4>Weitere Informationen :<\/h4>\n<ul>\n<li><strong>Verpackung<\/strong>: Einzeln<\/li>\n<li><strong>Ma\u00dfe<\/strong>: 45 mm x 200 m<\/li>\n<\/ul>\n<p>&nbsp;<\/p>\n<p><!--more--><\/p>\n<p>Diese Rhodoid-Rolle ist in verschiedenen Gr\u00f6\u00dfen erh\u00e4ltlich : <span style=\"color: #d12727;\"><a style=\"color: #d12727;\" href=\"https:\/\/www.csj-emballages.com\/en\/produit\/rhodoid-roll-35-mm-x-200-m\/\">35 mm x 200 m<\/a> <\/span>\/ <span style=\"color: #d12727;\"><a style=\"color: #d12727;\" href=\"https:\/\/www.csj-emballages.com\/de\/produit\/rhodoid-rolle-40-mm-x-200-m\/\">40 mm x 200 m<\/a><\/span><\/p>\n<p>&nbsp;<\/p>\n<p><!--more--><\/p>\n<p><a href=\"https:\/\/www.csj-emballages.com\/de\/categorie-produit\/lebensmittelverpackungen\/backerei-und-konditorei\/zubehor-und-ausstattung\/rhodoid-backband\/\">Sehen Sie sich den Rest unseres Rhodo\u00efd-Sortiments an<\/a><\/p>\n","protected":false},"excerpt":{"rendered":"<p>Rhodoid-Rolle Beschreibung unserer Rhodoid-Rolle 45 mm x 200 m<\/p>\n","protected":false},"featured_media":244810,"template":"","meta":{"_acf_changed":false},"product_brand":[],"product_cat":[1171,3260],"product_tag":[],"class_list":{"0":"post-22919","1":"product","2":"type-product","3":"status-publish","4":"has-post-thumbnail","6":"product_cat-backerei-und-konditorei","7":"product_cat-rhodoid-backband","9":"first","10":"instock","11":"taxable","12":"shipping-taxable","13":"purchasable","14":"product-type-simple"},"acf":[],"yoast_head":"<!-- This site is optimized with the Yoast SEO Premium plugin v26.6 (Yoast SEO v26.6) - https:\/\/yoast.com\/wordpress\/plugins\/seo\/ -->\n<title>Rhodoid-Rolle 45 mm x 200 m<\/title>\n<meta name=\"description\" content=\"Rhodo\u00efd-Rolle 45 mm x 200 m, 60 Mikron: Ideal f\u00fcr S\u00fc\u00dfspeisen und Kuchen. Perfektes Herausl\u00f6sen aus der Form, Transparenz und professioneller Halt.\" \/>\n<meta name=\"robots\" content=\"index, follow, max-snippet:-1, max-image-preview:large, max-video-preview:-1\" \/>\n<link rel=\"canonical\" href=\"https:\/\/www.csj-emballages.com\/de\/produit\/rhodoid-rolle-45-mm-x-200-m\/\" \/>\n<meta property=\"og:locale\" content=\"de_DE\" \/>\n<meta property=\"og:type\" content=\"article\" \/>\n<meta property=\"og:title\" content=\"Rhodo\u00efd-Rolle 45 mm x 200 m\" \/>\n<meta property=\"og:description\" content=\"Rhodo\u00efd-Rolle 45 mm x 200 m, 60 Mikron: Ideal f\u00fcr S\u00fc\u00dfspeisen und Kuchen. Perfektes Herausl\u00f6sen aus der Form, Transparenz und professioneller Halt.\" \/>\n<meta property=\"og:url\" content=\"https:\/\/www.csj-emballages.com\/de\/produit\/rhodoid-rolle-45-mm-x-200-m\/\" \/>\n<meta property=\"og:site_name\" content=\"CSJ Emballages\" \/>\n<meta property=\"article:publisher\" content=\"https:\/\/www.facebook.com\/csjemballages\" \/>\n<meta property=\"article:modified_time\" content=\"2026-04-17T00:15:49+00:00\" \/>\n<meta property=\"og:image\" content=\"https:\/\/www.csj-emballages.com\/wp-content\/uploads\/2024\/03\/RHODOID.webp\" \/>\n\t<meta property=\"og:image:width\" content=\"800\" \/>\n\t<meta property=\"og:image:height\" content=\"800\" \/>\n\t<meta property=\"og:image:type\" content=\"image\/webp\" \/>\n<meta name=\"twitter:card\" content=\"summary_large_image\" \/>\n<meta name=\"twitter:label1\" content=\"Gesch\u00e4tzte Lesezeit\" \/>\n\t<meta name=\"twitter:data1\" content=\"2 Minuten\" \/>\n<script type=\"application\/ld+json\" class=\"yoast-schema-graph\">{\"@context\":\"https:\/\/schema.org\",\"@graph\":[{\"@type\":\"WebPage\",\"@id\":\"https:\/\/www.csj-emballages.com\/de\/produit\/rhodoid-rolle-45-mm-x-200-m\/\",\"url\":\"https:\/\/www.csj-emballages.com\/de\/produit\/rhodoid-rolle-45-mm-x-200-m\/\",\"name\":\"Rhodoid-Rolle 45 mm x 200 m\",\"isPartOf\":{\"@id\":\"https:\/\/www.csj-emballages.com\/de\/#website\"},\"primaryImageOfPage\":{\"@id\":\"https:\/\/www.csj-emballages.com\/de\/produit\/rhodoid-rolle-45-mm-x-200-m\/#primaryimage\"},\"image\":{\"@id\":\"https:\/\/www.csj-emballages.com\/de\/produit\/rhodoid-rolle-45-mm-x-200-m\/#primaryimage\"},\"thumbnailUrl\":\"https:\/\/www.csj-emballages.com\/wp-content\/uploads\/2024\/03\/RHODOID.webp\",\"datePublished\":\"2024-03-01T15:50:16+00:00\",\"dateModified\":\"2026-04-17T00:15:49+00:00\",\"description\":\"Rhodo\u00efd-Rolle 45 mm x 200 m, 60 Mikron: Ideal f\u00fcr S\u00fc\u00dfspeisen und Kuchen. Perfektes Herausl\u00f6sen aus der Form, Transparenz und professioneller Halt.\",\"breadcrumb\":{\"@id\":\"https:\/\/www.csj-emballages.com\/de\/produit\/rhodoid-rolle-45-mm-x-200-m\/#breadcrumb\"},\"inLanguage\":\"de\",\"potentialAction\":[{\"@type\":\"ReadAction\",\"target\":[\"https:\/\/www.csj-emballages.com\/de\/produit\/rhodoid-rolle-45-mm-x-200-m\/\"]}]},{\"@type\":\"ImageObject\",\"inLanguage\":\"de\",\"@id\":\"https:\/\/www.csj-emballages.com\/de\/produit\/rhodoid-rolle-45-mm-x-200-m\/#primaryimage\",\"url\":\"https:\/\/www.csj-emballages.com\/wp-content\/uploads\/2024\/03\/RHODOID.webp\",\"contentUrl\":\"https:\/\/www.csj-emballages.com\/wp-content\/uploads\/2024\/03\/RHODOID.webp\",\"width\":800,\"height\":800,\"caption\":\"Chi Mai\"},{\"@type\":\"BreadcrumbList\",\"@id\":\"https:\/\/www.csj-emballages.com\/de\/produit\/rhodoid-rolle-45-mm-x-200-m\/#breadcrumb\",\"itemListElement\":[{\"@type\":\"ListItem\",\"position\":1,\"name\":\"Accueil\",\"item\":\"https:\/\/www.csj-emballages.com\/de\/universum-lebensmittelverpackungen\/\"},{\"@type\":\"ListItem\",\"position\":2,\"name\":\"Shop\",\"item\":\"https:\/\/www.csj-emballages.com\/shop\/\"},{\"@type\":\"ListItem\",\"position\":3,\"name\":\"Rhodo\u00efd-Rolle 45 mm x 200 m\"}]},{\"@type\":\"WebSite\",\"@id\":\"https:\/\/www.csj-emballages.com\/de\/#website\",\"url\":\"https:\/\/www.csj-emballages.com\/de\/\",\"name\":\"CSJ Emballages\",\"description\":\"\",\"publisher\":{\"@id\":\"https:\/\/www.csj-emballages.com\/de\/#organization\"},\"potentialAction\":[{\"@type\":\"SearchAction\",\"target\":{\"@type\":\"EntryPoint\",\"urlTemplate\":\"https:\/\/www.csj-emballages.com\/de\/?s={search_term_string}\"},\"query-input\":{\"@type\":\"PropertyValueSpecification\",\"valueRequired\":true,\"valueName\":\"search_term_string\"}}],\"inLanguage\":\"de\"},{\"@type\":\"Organization\",\"@id\":\"https:\/\/www.csj-emballages.com\/de\/#Organization\/\",\"name\":\"CSJ Emballages\",\"url\":\"https:\/\/www.csj-emballages.com\/de\/\",\"logo\":{\"@type\":\"ImageObject\",\"inLanguage\":\"de\",\"@id\":\"https:\/\/www.csj-emballages.com\/de\/#\/schema\/logo\/image\/\",\"url\":\"https:\/\/www.csj-emballages.com\/wp-content\/uploads\/2023\/10\/logo_csj.webp\",\"contentUrl\":\"https:\/\/www.csj-emballages.com\/wp-content\/uploads\/2023\/10\/logo_csj.webp\",\"width\":250,\"height\":95,\"caption\":\"CSJ Emballages\"},\"image\":{\"@id\":\"https:\/\/www.csj-emballages.com\/de\/#\/schema\/logo\/image\/\"},\"sameAs\":[\"https:\/\/www.facebook.com\/csjemballages\"],\"address\":{\"@type\":\"PostalAddress\",\"streetAddress\":\"ZI La Lechere\",\"addressLocality\":\"Patornay\",\"postalCode\":\"39130\",\"addressCountry\":\"FR\"},\"contactPoint\":[{\"@type\":\"ContactPoint\",\"contactType\":\"Service client\",\"telephone\":\"0384254272\",\"email\":\"contact@csj-emballages.com\"}]}]}<\/script>\n<!-- \/ Yoast SEO Premium plugin. -->","yoast_head_json":{"title":"Rhodoid-Rolle 45 mm x 200 m","description":"Rhodo\u00efd-Rolle 45 mm x 200 m, 60 Mikron: Ideal f\u00fcr S\u00fc\u00dfspeisen und Kuchen. Perfektes Herausl\u00f6sen aus der Form, Transparenz und professioneller Halt.","robots":{"index":"index","follow":"follow","max-snippet":"max-snippet:-1","max-image-preview":"max-image-preview:large","max-video-preview":"max-video-preview:-1"},"canonical":"https:\/\/www.csj-emballages.com\/de\/produit\/rhodoid-rolle-45-mm-x-200-m\/","og_locale":"de_DE","og_type":"article","og_title":"Rhodo\u00efd-Rolle 45 mm x 200 m","og_description":"Rhodo\u00efd-Rolle 45 mm x 200 m, 60 Mikron: Ideal f\u00fcr S\u00fc\u00dfspeisen und Kuchen. Perfektes Herausl\u00f6sen aus der Form, Transparenz und professioneller Halt.","og_url":"https:\/\/www.csj-emballages.com\/de\/produit\/rhodoid-rolle-45-mm-x-200-m\/","og_site_name":"CSJ Emballages","article_publisher":"https:\/\/www.facebook.com\/csjemballages","article_modified_time":"2026-04-17T00:15:49+00:00","og_image":[{"width":800,"height":800,"url":"https:\/\/www.csj-emballages.com\/wp-content\/uploads\/2024\/03\/RHODOID.webp","type":"image\/webp"}],"twitter_card":"summary_large_image","twitter_misc":{"Gesch\u00e4tzte Lesezeit":"2 Minuten"},"schema":{"@context":"https:\/\/schema.org","@graph":[{"@type":"WebPage","@id":"https:\/\/www.csj-emballages.com\/de\/produit\/rhodoid-rolle-45-mm-x-200-m\/","url":"https:\/\/www.csj-emballages.com\/de\/produit\/rhodoid-rolle-45-mm-x-200-m\/","name":"Rhodoid-Rolle 45 mm x 200 m","isPartOf":{"@id":"https:\/\/www.csj-emballages.com\/de\/#website"},"primaryImageOfPage":{"@id":"https:\/\/www.csj-emballages.com\/de\/produit\/rhodoid-rolle-45-mm-x-200-m\/#primaryimage"},"image":{"@id":"https:\/\/www.csj-emballages.com\/de\/produit\/rhodoid-rolle-45-mm-x-200-m\/#primaryimage"},"thumbnailUrl":"https:\/\/www.csj-emballages.com\/wp-content\/uploads\/2024\/03\/RHODOID.webp","datePublished":"2024-03-01T15:50:16+00:00","dateModified":"2026-04-17T00:15:49+00:00","description":"Rhodo\u00efd-Rolle 45 mm x 200 m, 60 Mikron: Ideal f\u00fcr S\u00fc\u00dfspeisen und Kuchen. Perfektes Herausl\u00f6sen aus der Form, Transparenz und professioneller Halt.","breadcrumb":{"@id":"https:\/\/www.csj-emballages.com\/de\/produit\/rhodoid-rolle-45-mm-x-200-m\/#breadcrumb"},"inLanguage":"de","potentialAction":[{"@type":"ReadAction","target":["https:\/\/www.csj-emballages.com\/de\/produit\/rhodoid-rolle-45-mm-x-200-m\/"]}]},{"@type":"ImageObject","inLanguage":"de","@id":"https:\/\/www.csj-emballages.com\/de\/produit\/rhodoid-rolle-45-mm-x-200-m\/#primaryimage","url":"https:\/\/www.csj-emballages.com\/wp-content\/uploads\/2024\/03\/RHODOID.webp","contentUrl":"https:\/\/www.csj-emballages.com\/wp-content\/uploads\/2024\/03\/RHODOID.webp","width":800,"height":800,"caption":"Chi Mai"},{"@type":"BreadcrumbList","@id":"https:\/\/www.csj-emballages.com\/de\/produit\/rhodoid-rolle-45-mm-x-200-m\/#breadcrumb","itemListElement":[{"@type":"ListItem","position":1,"name":"Accueil","item":"https:\/\/www.csj-emballages.com\/de\/universum-lebensmittelverpackungen\/"},{"@type":"ListItem","position":2,"name":"Shop","item":"https:\/\/www.csj-emballages.com\/shop\/"},{"@type":"ListItem","position":3,"name":"Rhodo\u00efd-Rolle 45 mm x 200 m"}]},{"@type":"WebSite","@id":"https:\/\/www.csj-emballages.com\/de\/#website","url":"https:\/\/www.csj-emballages.com\/de\/","name":"CSJ Emballages","description":"","publisher":{"@id":"https:\/\/www.csj-emballages.com\/de\/#organization"},"potentialAction":[{"@type":"SearchAction","target":{"@type":"EntryPoint","urlTemplate":"https:\/\/www.csj-emballages.com\/de\/?s={search_term_string}"},"query-input":{"@type":"PropertyValueSpecification","valueRequired":true,"valueName":"search_term_string"}}],"inLanguage":"de"},{"@type":"Organization","@id":"https:\/\/www.csj-emballages.com\/de\/#Organization\/","name":"CSJ Emballages","url":"https:\/\/www.csj-emballages.com\/de\/","logo":{"@type":"ImageObject","inLanguage":"de","@id":"https:\/\/www.csj-emballages.com\/de\/#\/schema\/logo\/image\/","url":"https:\/\/www.csj-emballages.com\/wp-content\/uploads\/2023\/10\/logo_csj.webp","contentUrl":"https:\/\/www.csj-emballages.com\/wp-content\/uploads\/2023\/10\/logo_csj.webp","width":250,"height":95,"caption":"CSJ Emballages"},"image":{"@id":"https:\/\/www.csj-emballages.com\/de\/#\/schema\/logo\/image\/"},"sameAs":["https:\/\/www.facebook.com\/csjemballages"],"address":{"@type":"PostalAddress","streetAddress":"ZI La Lechere","addressLocality":"Patornay","postalCode":"39130","addressCountry":"FR"},"contactPoint":[{"@type":"ContactPoint","contactType":"Service client","telephone":"0384254272","email":"contact@csj-emballages.com"}]}]}},"df_price":23.5,"df_sale_price":"","df_regular_price":23.5,"df_image_link":"https:\/\/www.csj-emballages.com\/wp-content\/uploads\/2024\/03\/RHODOID-300x300.webp","tiered_pricing_type":"fixed","tiered_pricing_fixed_rules":[],"tiered_pricing_percentage_rules":[],"tiered_pricing_minimum":1,"tiered_pricing_roles_data":[],"_links":{"self":[{"href":"https:\/\/www.csj-emballages.com\/de\/wp-json\/wp\/v2\/product\/22919","targetHints":{"allow":["GET"]}}],"collection":[{"href":"https:\/\/www.csj-emballages.com\/de\/wp-json\/wp\/v2\/product"}],"about":[{"href":"https:\/\/www.csj-emballages.com\/de\/wp-json\/wp\/v2\/types\/product"}],"wp:featuredmedia":[{"embeddable":true,"href":"https:\/\/www.csj-emballages.com\/de\/wp-json\/wp\/v2\/media\/244810"}],"wp:attachment":[{"href":"https:\/\/www.csj-emballages.com\/de\/wp-json\/wp\/v2\/media?parent=22919"}],"wp:term":[{"taxonomy":"product_brand","embeddable":true,"href":"https:\/\/www.csj-emballages.com\/de\/wp-json\/wp\/v2\/product_brand?post=22919"},{"taxonomy":"product_cat","embeddable":true,"href":"https:\/\/www.csj-emballages.com\/de\/wp-json\/wp\/v2\/product_cat?post=22919"},{"taxonomy":"product_tag","embeddable":true,"href":"https:\/\/www.csj-emballages.com\/de\/wp-json\/wp\/v2\/product_tag?post=22919"}],"curies":[{"name":"wp","href":"https:\/\/api.w.org\/{rel}","templated":true}]}}