{"id":228828,"date":"2024-11-30T02:18:21","date_gmt":"2024-11-30T01:18:21","guid":{"rendered":"https:\/\/www.csj-emballages.com\/produit\/patisserie-kiste-modell-lecon-mit-griff-10-x-18-x-7-cm-pro-50\/"},"modified":"2026-04-14T02:15:19","modified_gmt":"2026-04-14T00:15:19","slug":"patisserie-kiste-modell-lecon-mit-griff-10-x-18-x-7-cm-pro-50","status":"publish","type":"product","link":"https:\/\/www.csj-emballages.com\/de\/produit\/patisserie-kiste-modell-lecon-mit-griff-10-x-18-x-7-cm-pro-50\/","title":{"rendered":"Geb\u00e4ckkiste Modell &#8218;Le\u00e7on&#8216; mit Griff 10 x 18 x 7 cm pro 50"},"content":{"rendered":"<h2>Geb\u00e4ckkiste<\/h2>\n<hr>\n<h3><span style=\"font-weight: bold;\">Entdecken Sie unsere Geb\u00e4ckkiste Modell &#8218;Le\u00e7on&#8216; mit Griff 10 x 18 x 7 cm pro 50 St\u00fcck<\/span><\/h3>\n<p><!--more--><\/p>\n<p>Entdecken Sie die <strong>Modell-Pastetenkiste<\/strong> <strong><em>Lektion<\/em><\/strong>Sie ist die ideale L\u00f6sung, um Ihre s\u00fc\u00dfen Kreationen elegant zu pr\u00e4sentieren und zu transportieren. Mit den Ma\u00dfen <strong>10 x 18 x 7 cm<\/strong> ist diese Schachtel perfekt f\u00fcr kleine Geb\u00e4ckst\u00fccke geeignet. Ob Sie nun ein professioneller Konditor oder ein Hobbyb\u00e4cker sind, diese <strong>Kuchenbox<\/strong> im Set von <strong>50<\/strong> St\u00fcck wird Ihre Bed\u00fcrfnisse erf\u00fcllen. Diese sorgf\u00e4ltig entworfene <strong>Kiste f\u00fcr Konditoreiwaren<\/strong> vereint Zweckm\u00e4\u00dfigkeit und \u00c4sthetik. Mit ihren klaren und modernen Linien veredelt sie Ihre Desserts. Die robuste Kartonstruktur sorgt f\u00fcr einen sicheren Transport auch der empfindlichsten Kreationen. Au\u00dferdem bietet sie einen optimalen Schutz vor St\u00f6\u00dfen und Feuchtigkeit.      <\/p>\n<p>Die clevere und moderne \u00d6ffnung erleichtert das Servieren f\u00fcr Ihre Kunden oder G\u00e4ste. Mit wenigen Handgriffen \u00f6ffnet sich der <strong>Beh\u00e4lter<\/strong> und Ihre Desserts werden perfekt pr\u00e4sentiert. Dieses Detail ist wichtig, um die Qualit\u00e4t und Frische Ihrer Produkte zu erhalten.  <\/p>\n<p>&nbsp;<\/p>\n<p><!--more--><\/p>\n<h3>Ideale Kapazit\u00e4t f\u00fcr Ihre Backwaren<\/h3>\n<p>Mit den Ma\u00dfen <strong>10 x 18 x 7 cm<\/strong> ist diese <strong>Kuchenbox<\/strong> f\u00fcr kleine Kuchen geeignet. Sie bietet ausreichend Platz f\u00fcr Ihre Desserts und verhindert gleichzeitig, dass diese besch\u00e4digt werden. Da sie aus recycelbarem Material hergestellt ist, erf\u00fcllt diese <strong>Kuchenbox<\/strong> Ihre Umweltverpflichtungen. Mit der Wahl dieser Verpackung verbinden Sie Praktikabilit\u00e4t mit \u00f6kologischer Verantwortung. So tragen Sie zu einem nachhaltigen Ansatz bei und werten Ihre Produkte auf. Die Verpackung zu <strong>50<\/strong> St\u00fcck garantiert Ihnen einen ausreichenden Vorrat f\u00fcr Ihren regelm\u00e4\u00dfigen Bedarf. Diese <strong>Kuchenkiste<\/strong> ist eine wirtschaftliche und kluge Wahl, um Ihre Bestellungen in gro\u00dfen Mengen zu verwalten. Sie ist auch ideal f\u00fcr Konditoreien, B\u00e4ckereien oder Caterer, die Qualit\u00e4t mit Kostenkontrolle kombinieren m\u00f6chten.       <\/p>\n<p>&nbsp;<\/p>\n<p><!--more--><\/p>\n<h3>Warum sollten Sie sich f\u00fcr die <strong>Geb\u00e4ckkiste Le\u00e7on<\/strong> entscheiden?<\/h3>\n<p>Dieses Modell <strong><em>Lektion<\/em><\/strong> wurde entwickelt, um die Anforderungen der anspruchsvollsten Profis zu erf\u00fcllen. Er bietet ein ausgezeichnetes Preis-Leistungs-Verh\u00e4ltnis. Ihre Robustheit, \u00c4sthetik und Praktikabilit\u00e4t machen sie zu einem Muss, um Ihre s\u00fc\u00dfen Kreationen zur Geltung zu bringen. Kurz gesagt, mit dieser <strong>Konditoreikiste<\/strong> verbinden Sie Eleganz und Funktionalit\u00e4t.   <\/p>\n<p>&nbsp;<\/p>\n<p><!--more--><\/p>\n<p>Entscheiden Sie sich jetzt f\u00fcr die <strong>Modell-Patisseriekiste<\/strong>. <strong><em>Lektion<\/em><\/strong>. Sie ist die ideale L\u00f6sung f\u00fcr den stilvollen Transport, die Pr\u00e4sentation und den Schutz Ihrer Desserts. <\/p>\n<p>&nbsp;<\/p>\n<p><!--more--><\/p>\n<h4>Die Vorteile :<\/h4>\n<ul>\n<li><strong>Benutzerfreundlich<\/strong>: Die clevere \u00d6ffnung erm\u00f6glicht einen schnellen Zugriff und garantiert gleichzeitig eine sch\u00f6ne Pr\u00e4sentation.<\/li>\n<li><strong>Vielseitiges Format<\/strong>: Die Abmessungen (10 x 18 x 7 cm) eignen sich perfekt f\u00fcr kleine Geb\u00e4ckst\u00fccke.<\/li>\n<li><strong>Umweltfreundliches Material<\/strong>: Aus recycelbarem Karton hergestellt, verbindet es Nachhaltigkeit und Umweltfreundlichkeit.<\/li>\n<li><strong>Preisg\u00fcnstige Verpackung<\/strong>: Verkauf in Packungen zu 50 St\u00fcck, ideal f\u00fcr Fachleute, die ihren Bestand effizient verwalten m\u00f6chten.<\/li>\n<\/ul>\n<p>&nbsp;<\/p>\n<p><!--more--><\/p>\n<h4>Weitere Informationen :<\/h4>\n<ul>\n<li><strong>Verpackung<\/strong>: Packung mit 50 St\u00fcck<\/li>\n<li><b>Abmessungen: <\/b>10 x 18 x 7 cm (L x B x H)<\/li>\n<li><strong>Material<\/strong>: Karton<\/li>\n<li><strong>Farbe: <\/strong>Wei\u00df \/ Marineblau<\/li>\n<li><strong>Vorlage<\/strong>: Lektion<\/li>\n<li><strong>Kategorie<\/strong>: Geb\u00e4ckkiste<\/li>\n<\/ul>\n<p>&nbsp;<\/p>\n<p><!--more--><\/p>\n<p><a href=\"https:\/\/www.csj-emballages.com\/de\/categorie-produit\/lebensmittelverpackungen\/backerei-und-konditorei\/kisten-de\/gebackkisten-mit-griffen\/farbige-gebackkisten\/\">Sehen Sie sich hier den Rest unseres Sortiments an Geb\u00e4ckkisten an.<\/a><\/p>\n","protected":false},"excerpt":{"rendered":"<p>Geb\u00e4ckkiste Entdecken Sie unsere Geb\u00e4ckkiste Modell &#8218;Le\u00e7on&#8216; mit Griff 10 x 18 x 7 cm pro 50 St\u00fcck<\/p>\n","protected":false},"featured_media":194021,"template":"","meta":{"_acf_changed":false},"product_brand":[],"product_cat":[1137,1171,3965,1243,1244,1265],"product_tag":[],"class_list":{"0":"post-228828","1":"product","2":"type-product","3":"status-publish","4":"has-post-thumbnail","6":"product_cat-lebensmittelverpackungen","7":"product_cat-backerei-und-konditorei","8":"product_cat-kisten-de","9":"product_cat-gebackkisten-mit-griffen","10":"product_cat-farbige-gebackkisten","11":"product_cat-lagerbestande-promotion","13":"first","14":"instock","15":"sale","16":"taxable","17":"shipping-taxable","18":"purchasable","19":"product-type-simple"},"acf":[],"yoast_head":"<!-- This site is optimized with the Yoast SEO Premium plugin v26.6 (Yoast SEO v26.6) - https:\/\/yoast.com\/wordpress\/plugins\/seo\/ -->\n<title>Konditorkiste Modell &#039;Le\u00e7on&#039; mit Griff - 10 x 18 x 7 cm<\/title>\n<meta name=\"description\" content=\"Konditoreikiste Modell &#039;Le\u00e7on&#039; mit Griff, Ma\u00dfe: 10 x 18 x 7 cm. Ideal zum Verschenken und Transportieren Ihrer Backkreationen.\" \/>\n<meta name=\"robots\" content=\"index, follow, max-snippet:-1, max-image-preview:large, max-video-preview:-1\" \/>\n<link rel=\"canonical\" href=\"https:\/\/www.csj-emballages.com\/de\/produit\/patisserie-kiste-modell-lecon-mit-griff-10-x-18-x-7-cm-pro-50\/\" \/>\n<meta property=\"og:locale\" content=\"de_DE\" \/>\n<meta property=\"og:type\" content=\"article\" \/>\n<meta property=\"og:title\" content=\"Geb\u00e4ckkiste Modell &#039;Le\u00e7on&#039; mit Griff 10 x 18 x 7 cm pro 50\" \/>\n<meta property=\"og:description\" content=\"Konditoreikiste Modell &#039;Le\u00e7on&#039; mit Griff, Ma\u00dfe: 10 x 18 x 7 cm. Ideal zum Verschenken und Transportieren Ihrer Backkreationen.\" \/>\n<meta property=\"og:url\" content=\"https:\/\/www.csj-emballages.com\/de\/produit\/patisserie-kiste-modell-lecon-mit-griff-10-x-18-x-7-cm-pro-50\/\" \/>\n<meta property=\"og:site_name\" content=\"CSJ Emballages\" \/>\n<meta property=\"article:publisher\" content=\"https:\/\/www.facebook.com\/csjemballages\" \/>\n<meta property=\"article:modified_time\" content=\"2026-04-14T00:15:19+00:00\" \/>\n<meta property=\"og:image\" content=\"https:\/\/www.csj-emballages.com\/wp-content\/uploads\/2024\/11\/Caissette-patissiere-lecon-4.webp\" \/>\n\t<meta property=\"og:image:width\" content=\"799\" \/>\n\t<meta property=\"og:image:height\" content=\"798\" \/>\n\t<meta property=\"og:image:type\" content=\"image\/webp\" \/>\n<meta name=\"twitter:card\" content=\"summary_large_image\" \/>\n<meta name=\"twitter:label1\" content=\"Gesch\u00e4tzte Lesezeit\" \/>\n\t<meta name=\"twitter:data1\" content=\"3 Minuten\" \/>\n<script type=\"application\/ld+json\" class=\"yoast-schema-graph\">{\"@context\":\"https:\/\/schema.org\",\"@graph\":[{\"@type\":\"WebPage\",\"@id\":\"https:\/\/www.csj-emballages.com\/de\/produit\/patisserie-kiste-modell-lecon-mit-griff-10-x-18-x-7-cm-pro-50\/\",\"url\":\"https:\/\/www.csj-emballages.com\/de\/produit\/patisserie-kiste-modell-lecon-mit-griff-10-x-18-x-7-cm-pro-50\/\",\"name\":\"Konditorkiste Modell 'Le\u00e7on' mit Griff - 10 x 18 x 7 cm\",\"isPartOf\":{\"@id\":\"https:\/\/www.csj-emballages.com\/de\/#website\"},\"primaryImageOfPage\":{\"@id\":\"https:\/\/www.csj-emballages.com\/de\/produit\/patisserie-kiste-modell-lecon-mit-griff-10-x-18-x-7-cm-pro-50\/#primaryimage\"},\"image\":{\"@id\":\"https:\/\/www.csj-emballages.com\/de\/produit\/patisserie-kiste-modell-lecon-mit-griff-10-x-18-x-7-cm-pro-50\/#primaryimage\"},\"thumbnailUrl\":\"https:\/\/www.csj-emballages.com\/wp-content\/uploads\/2024\/11\/Caissette-patissiere-lecon-4.webp\",\"datePublished\":\"2024-11-30T01:18:21+00:00\",\"dateModified\":\"2026-04-14T00:15:19+00:00\",\"description\":\"Konditoreikiste Modell 'Le\u00e7on' mit Griff, Ma\u00dfe: 10 x 18 x 7 cm. Ideal zum Verschenken und Transportieren Ihrer Backkreationen.\",\"breadcrumb\":{\"@id\":\"https:\/\/www.csj-emballages.com\/de\/produit\/patisserie-kiste-modell-lecon-mit-griff-10-x-18-x-7-cm-pro-50\/#breadcrumb\"},\"inLanguage\":\"de\",\"potentialAction\":[{\"@type\":\"ReadAction\",\"target\":[\"https:\/\/www.csj-emballages.com\/de\/produit\/patisserie-kiste-modell-lecon-mit-griff-10-x-18-x-7-cm-pro-50\/\"]}]},{\"@type\":\"ImageObject\",\"inLanguage\":\"de\",\"@id\":\"https:\/\/www.csj-emballages.com\/de\/produit\/patisserie-kiste-modell-lecon-mit-griff-10-x-18-x-7-cm-pro-50\/#primaryimage\",\"url\":\"https:\/\/www.csj-emballages.com\/wp-content\/uploads\/2024\/11\/Caissette-patissiere-lecon-4.webp\",\"contentUrl\":\"https:\/\/www.csj-emballages.com\/wp-content\/uploads\/2024\/11\/Caissette-patissiere-lecon-4.webp\",\"width\":799,\"height\":798,\"caption\":\"caissette p\u00e2tisssi\u00e8re\"},{\"@type\":\"BreadcrumbList\",\"@id\":\"https:\/\/www.csj-emballages.com\/de\/produit\/patisserie-kiste-modell-lecon-mit-griff-10-x-18-x-7-cm-pro-50\/#breadcrumb\",\"itemListElement\":[{\"@type\":\"ListItem\",\"position\":1,\"name\":\"Accueil\",\"item\":\"https:\/\/www.csj-emballages.com\/de\/universum-lebensmittelverpackungen\/\"},{\"@type\":\"ListItem\",\"position\":2,\"name\":\"Shop\",\"item\":\"https:\/\/www.csj-emballages.com\/shop\/\"},{\"@type\":\"ListItem\",\"position\":3,\"name\":\"Geb\u00e4ckkiste Modell &lsquo;Le\u00e7on&rsquo; mit Griff 10 x 18 x 7 cm pro 50\"}]},{\"@type\":\"WebSite\",\"@id\":\"https:\/\/www.csj-emballages.com\/de\/#website\",\"url\":\"https:\/\/www.csj-emballages.com\/de\/\",\"name\":\"CSJ Emballages\",\"description\":\"\",\"publisher\":{\"@id\":\"https:\/\/www.csj-emballages.com\/de\/#organization\"},\"potentialAction\":[{\"@type\":\"SearchAction\",\"target\":{\"@type\":\"EntryPoint\",\"urlTemplate\":\"https:\/\/www.csj-emballages.com\/de\/?s={search_term_string}\"},\"query-input\":{\"@type\":\"PropertyValueSpecification\",\"valueRequired\":true,\"valueName\":\"search_term_string\"}}],\"inLanguage\":\"de\"},{\"@type\":\"Organization\",\"@id\":\"https:\/\/www.csj-emballages.com\/de\/#Organization\/\",\"name\":\"CSJ Emballages\",\"url\":\"https:\/\/www.csj-emballages.com\/de\/\",\"logo\":{\"@type\":\"ImageObject\",\"inLanguage\":\"de\",\"@id\":\"https:\/\/www.csj-emballages.com\/de\/#\/schema\/logo\/image\/\",\"url\":\"https:\/\/www.csj-emballages.com\/wp-content\/uploads\/2023\/10\/logo_csj.webp\",\"contentUrl\":\"https:\/\/www.csj-emballages.com\/wp-content\/uploads\/2023\/10\/logo_csj.webp\",\"width\":250,\"height\":95,\"caption\":\"CSJ Emballages\"},\"image\":{\"@id\":\"https:\/\/www.csj-emballages.com\/de\/#\/schema\/logo\/image\/\"},\"sameAs\":[\"https:\/\/www.facebook.com\/csjemballages\"],\"address\":{\"@type\":\"PostalAddress\",\"streetAddress\":\"ZI La Lechere\",\"addressLocality\":\"Patornay\",\"postalCode\":\"39130\",\"addressCountry\":\"FR\"},\"contactPoint\":[{\"@type\":\"ContactPoint\",\"contactType\":\"Service client\",\"telephone\":\"0384254272\",\"email\":\"contact@csj-emballages.com\"}]}]}<\/script>\n<!-- \/ Yoast SEO Premium plugin. -->","yoast_head_json":{"title":"Konditorkiste Modell 'Le\u00e7on' mit Griff - 10 x 18 x 7 cm","description":"Konditoreikiste Modell 'Le\u00e7on' mit Griff, Ma\u00dfe: 10 x 18 x 7 cm. Ideal zum Verschenken und Transportieren Ihrer Backkreationen.","robots":{"index":"index","follow":"follow","max-snippet":"max-snippet:-1","max-image-preview":"max-image-preview:large","max-video-preview":"max-video-preview:-1"},"canonical":"https:\/\/www.csj-emballages.com\/de\/produit\/patisserie-kiste-modell-lecon-mit-griff-10-x-18-x-7-cm-pro-50\/","og_locale":"de_DE","og_type":"article","og_title":"Geb\u00e4ckkiste Modell 'Le\u00e7on' mit Griff 10 x 18 x 7 cm pro 50","og_description":"Konditoreikiste Modell 'Le\u00e7on' mit Griff, Ma\u00dfe: 10 x 18 x 7 cm. Ideal zum Verschenken und Transportieren Ihrer Backkreationen.","og_url":"https:\/\/www.csj-emballages.com\/de\/produit\/patisserie-kiste-modell-lecon-mit-griff-10-x-18-x-7-cm-pro-50\/","og_site_name":"CSJ Emballages","article_publisher":"https:\/\/www.facebook.com\/csjemballages","article_modified_time":"2026-04-14T00:15:19+00:00","og_image":[{"width":799,"height":798,"url":"https:\/\/www.csj-emballages.com\/wp-content\/uploads\/2024\/11\/Caissette-patissiere-lecon-4.webp","type":"image\/webp"}],"twitter_card":"summary_large_image","twitter_misc":{"Gesch\u00e4tzte Lesezeit":"3 Minuten"},"schema":{"@context":"https:\/\/schema.org","@graph":[{"@type":"WebPage","@id":"https:\/\/www.csj-emballages.com\/de\/produit\/patisserie-kiste-modell-lecon-mit-griff-10-x-18-x-7-cm-pro-50\/","url":"https:\/\/www.csj-emballages.com\/de\/produit\/patisserie-kiste-modell-lecon-mit-griff-10-x-18-x-7-cm-pro-50\/","name":"Konditorkiste Modell 'Le\u00e7on' mit Griff - 10 x 18 x 7 cm","isPartOf":{"@id":"https:\/\/www.csj-emballages.com\/de\/#website"},"primaryImageOfPage":{"@id":"https:\/\/www.csj-emballages.com\/de\/produit\/patisserie-kiste-modell-lecon-mit-griff-10-x-18-x-7-cm-pro-50\/#primaryimage"},"image":{"@id":"https:\/\/www.csj-emballages.com\/de\/produit\/patisserie-kiste-modell-lecon-mit-griff-10-x-18-x-7-cm-pro-50\/#primaryimage"},"thumbnailUrl":"https:\/\/www.csj-emballages.com\/wp-content\/uploads\/2024\/11\/Caissette-patissiere-lecon-4.webp","datePublished":"2024-11-30T01:18:21+00:00","dateModified":"2026-04-14T00:15:19+00:00","description":"Konditoreikiste Modell 'Le\u00e7on' mit Griff, Ma\u00dfe: 10 x 18 x 7 cm. Ideal zum Verschenken und Transportieren Ihrer Backkreationen.","breadcrumb":{"@id":"https:\/\/www.csj-emballages.com\/de\/produit\/patisserie-kiste-modell-lecon-mit-griff-10-x-18-x-7-cm-pro-50\/#breadcrumb"},"inLanguage":"de","potentialAction":[{"@type":"ReadAction","target":["https:\/\/www.csj-emballages.com\/de\/produit\/patisserie-kiste-modell-lecon-mit-griff-10-x-18-x-7-cm-pro-50\/"]}]},{"@type":"ImageObject","inLanguage":"de","@id":"https:\/\/www.csj-emballages.com\/de\/produit\/patisserie-kiste-modell-lecon-mit-griff-10-x-18-x-7-cm-pro-50\/#primaryimage","url":"https:\/\/www.csj-emballages.com\/wp-content\/uploads\/2024\/11\/Caissette-patissiere-lecon-4.webp","contentUrl":"https:\/\/www.csj-emballages.com\/wp-content\/uploads\/2024\/11\/Caissette-patissiere-lecon-4.webp","width":799,"height":798,"caption":"caissette p\u00e2tisssi\u00e8re"},{"@type":"BreadcrumbList","@id":"https:\/\/www.csj-emballages.com\/de\/produit\/patisserie-kiste-modell-lecon-mit-griff-10-x-18-x-7-cm-pro-50\/#breadcrumb","itemListElement":[{"@type":"ListItem","position":1,"name":"Accueil","item":"https:\/\/www.csj-emballages.com\/de\/universum-lebensmittelverpackungen\/"},{"@type":"ListItem","position":2,"name":"Shop","item":"https:\/\/www.csj-emballages.com\/shop\/"},{"@type":"ListItem","position":3,"name":"Geb\u00e4ckkiste Modell &lsquo;Le\u00e7on&rsquo; mit Griff 10 x 18 x 7 cm pro 50"}]},{"@type":"WebSite","@id":"https:\/\/www.csj-emballages.com\/de\/#website","url":"https:\/\/www.csj-emballages.com\/de\/","name":"CSJ Emballages","description":"","publisher":{"@id":"https:\/\/www.csj-emballages.com\/de\/#organization"},"potentialAction":[{"@type":"SearchAction","target":{"@type":"EntryPoint","urlTemplate":"https:\/\/www.csj-emballages.com\/de\/?s={search_term_string}"},"query-input":{"@type":"PropertyValueSpecification","valueRequired":true,"valueName":"search_term_string"}}],"inLanguage":"de"},{"@type":"Organization","@id":"https:\/\/www.csj-emballages.com\/de\/#Organization\/","name":"CSJ Emballages","url":"https:\/\/www.csj-emballages.com\/de\/","logo":{"@type":"ImageObject","inLanguage":"de","@id":"https:\/\/www.csj-emballages.com\/de\/#\/schema\/logo\/image\/","url":"https:\/\/www.csj-emballages.com\/wp-content\/uploads\/2023\/10\/logo_csj.webp","contentUrl":"https:\/\/www.csj-emballages.com\/wp-content\/uploads\/2023\/10\/logo_csj.webp","width":250,"height":95,"caption":"CSJ Emballages"},"image":{"@id":"https:\/\/www.csj-emballages.com\/de\/#\/schema\/logo\/image\/"},"sameAs":["https:\/\/www.facebook.com\/csjemballages"],"address":{"@type":"PostalAddress","streetAddress":"ZI La Lechere","addressLocality":"Patornay","postalCode":"39130","addressCountry":"FR"},"contactPoint":[{"@type":"ContactPoint","contactType":"Service client","telephone":"0384254272","email":"contact@csj-emballages.com"}]}]}},"df_price":10.71,"df_sale_price":10.71,"df_regular_price":13.39,"df_image_link":"https:\/\/www.csj-emballages.com\/wp-content\/uploads\/2024\/11\/Caissette-patissiere-lecon-4-300x300.webp","tiered_pricing_type":"fixed","tiered_pricing_fixed_rules":[],"tiered_pricing_percentage_rules":[],"tiered_pricing_minimum":1,"tiered_pricing_roles_data":[],"_links":{"self":[{"href":"https:\/\/www.csj-emballages.com\/de\/wp-json\/wp\/v2\/product\/228828","targetHints":{"allow":["GET"]}}],"collection":[{"href":"https:\/\/www.csj-emballages.com\/de\/wp-json\/wp\/v2\/product"}],"about":[{"href":"https:\/\/www.csj-emballages.com\/de\/wp-json\/wp\/v2\/types\/product"}],"wp:featuredmedia":[{"embeddable":true,"href":"https:\/\/www.csj-emballages.com\/de\/wp-json\/wp\/v2\/media\/194021"}],"wp:attachment":[{"href":"https:\/\/www.csj-emballages.com\/de\/wp-json\/wp\/v2\/media?parent=228828"}],"wp:term":[{"taxonomy":"product_brand","embeddable":true,"href":"https:\/\/www.csj-emballages.com\/de\/wp-json\/wp\/v2\/product_brand?post=228828"},{"taxonomy":"product_cat","embeddable":true,"href":"https:\/\/www.csj-emballages.com\/de\/wp-json\/wp\/v2\/product_cat?post=228828"},{"taxonomy":"product_tag","embeddable":true,"href":"https:\/\/www.csj-emballages.com\/de\/wp-json\/wp\/v2\/product_tag?post=228828"}],"curies":[{"name":"wp","href":"https:\/\/api.w.org\/{rel}","templated":true}]}}