{"id":22880,"date":"2024-03-01T16:50:16","date_gmt":"2024-03-01T15:50:16","guid":{"rendered":"https:\/\/u15jnbdpoq.preview.infomaniak.website\/produit\/250-weisse-festliche-ringe-o29-cm\/"},"modified":"2026-04-15T02:16:11","modified_gmt":"2026-04-15T00:16:11","slug":"250-weisse-festliche-ringe-o29-cm","status":"publish","type":"product","link":"https:\/\/www.csj-emballages.com\/de\/produit\/250-weisse-festliche-ringe-o29-cm\/","title":{"rendered":"Rund wei\u00df mit Feston \u00f829 cm pro 250"},"content":{"rendered":"<h2>Wei\u00dfe Rundung mit Feston<\/h2>\n<hr>\n<h3>Beschreibung von unserem runden wei\u00dfen Feston \u00f829 cm pro 250<\/h3>\n<p><!--more--><\/p>\n<p data-start=\"355\" data-end=\"773\">Entscheiden Sie sich f\u00fcr Praktisches und Elegantes mit dem <strong data-start=\"401\" data-end=\"439\">runden, wei\u00dfen, festonierten \u00f829 cm von 250<\/strong>. Dieser St\u00e4nder ist ein Muss sowohl f\u00fcr <g id=\"gid_1\">Caterer<\/g>, <g id=\"gid_2\">Konditoren<\/g> und <g id=\"gid_3\">B\u00e4cker<\/g> als auch f\u00fcr <g id=\"gid_4\">Privatpersonen<\/g>, die ihre Zubereitungen sorgf\u00e4ltig pr\u00e4sentieren m\u00f6chten. Dank seines Durchmessers von <g id=\"gid_5\">29 cm<\/g> eignet er sich perfekt f\u00fcr zahlreiche Realisierungen: Kuchen, Torten, Entremets, Quiches oder auch herzhafte St\u00fccke. Das <strong data-start=\"778\" data-end=\"795\">runde Festonn\u00e9<\/strong> zeichnet sich durch sein raffiniertes Design mit seinen bearbeiteten Konturen aus. Er verleiht Ihren Kreationen eine echte \u00e4sthetische Note, ohne dabei die Stabilit\u00e4t zu vernachl\u00e4ssigen. Da er aus <g id=\"gid_7\">Karton<\/g> hergestellt ist, h\u00e4lt er dem Gewicht der Zubereitungen stand und sorgt f\u00fcr einen zuverl\u00e4ssigen Halt, sei es bei der Pr\u00e4sentation im Schaufenster oder w\u00e4hrend des Transports. Seine wei\u00dfe Oberfl\u00e4che hebt Ihre Produkte hervor und verleiht ihnen sofort ein professionelles Aussehen.      <\/p>\n<p data-start=\"1221\" data-end=\"1588\">Dieses Set ist <strong data-start=\"1233\" data-end=\"1251\">zu 250 St\u00fcck<\/strong> verpackt und erf\u00fcllt die Anforderungen von Profis, die viel arbeiten, und ist gleichzeitig praktisch f\u00fcr Privatpersonen, die Veranstaltungen organisieren (Geburtstage, Hochzeiten, Buffets&#8230;). Sie brauchen keine Angst mehr zu haben, dass sich die Halterungen verbiegen oder die \u00c4sthetik Ihrer Gerichte tr\u00fcben: Dieses Modell vereint Widerstandsf\u00e4higkeit und Eleganz. <\/p>\n<p data-start=\"1590\" data-end=\"1827\">Wenn Sie sich f\u00fcr diesen <strong data-start=\"1608\" data-end=\"1646\">wei\u00dfen, festlichen Rundling \u00f829 cm von 250<\/strong> entscheiden, setzen Sie auf Einfachheit, Effizienz und eine tadellose Pr\u00e4sentation. Ein kleines Detail, das den Unterschied ausmacht, wenn es darum geht, Ihre Kunden oder G\u00e4ste zu begeistern! <\/p>\n<p data-start=\"1387\" data-end=\"1632\"><!--more--><\/p>\n<h4>Vorteile :<\/h4>\n<ul>\n<li><strong data-start=\"1657\" data-end=\"1682\">Elegante Pr\u00e4sentation<\/strong> dank der raffinierten Festonierung.<\/li>\n<li><strong data-start=\"1715\" data-end=\"1733\">Starre Unterlage<\/strong>, um einen sicheren Halt der Desserts zu gew\u00e4hrleisten.<\/li>\n<li><strong data-start=\"1780\" data-end=\"1799\">Praktisches 29-cm-Format<\/strong>, das sich f\u00fcr kleine Geb\u00e4cke und Desserts eignet.<\/li>\n<li><strong data-start=\"1857\" data-end=\"1871\">Hygienisch<\/strong>: Vermeidet den direkten Kontakt mit Oberfl\u00e4chen.<\/li>\n<li><strong data-start=\"1920\" data-end=\"1950\">Verpackung<\/strong> zu 250 St\u00fcck.<\/li>\n<\/ul>\n<p>&nbsp;<\/p>\n<p><!--more--><\/p>\n<h4>Weitere Informationen :<\/h4>\n<ul>\n<li><strong>Verpackung<\/strong>: Packung mit 250<\/li>\n<li><strong>Durchmesser<\/strong>: 29 cm<\/li>\n<li><strong>Farbe<\/strong>: Wei\u00df<\/li>\n<li><strong>Material<\/strong>: Karton<\/li>\n<li><strong>Form<\/strong>: Festoniert<\/li>\n<\/ul>\n<p>&nbsp;<\/p>\n<p><!--more--><\/p>\n<p>Hier finden Sie alle verf\u00fcgbaren Gr\u00f6\u00dfen f\u00fcr diese wei\u00dfen, festlichen Ringe: <span style=\"color: #d12727;\"><a style=\"color: #d12727;\" href=\"https:\/\/www.csj-emballages.com\/pt-pt\/produit\/250-rodelas-brancas-recortadas-o15-cm\/\">\u00d815 cm<\/a><\/span> \/ <span style=\"color: #d12727;\"><a style=\"color: #d12727;\" href=\"https:\/\/www.csj-emballages.com\/pt-pt\/produit\/250-rodelas-brancas-recortadas-o17-cm\/\">\u00d817 cm<\/a><\/span> \/ <g id=\"gid_4\"><g id=\"gid_5\">\u00d819 cm<\/g><\/g> \/ <span style=\"color: #d12727;\"><a style=\"color: #d12727;\" href=\"https:\/\/www.csj-emballages.com\/de\/produit\/250-weisse-festliche-ringe-o21-cm\/\">\u00d821 cm<\/a><\/span> \/ <span style=\"color: #d12727;\"><a style=\"color: #d12727;\" href=\"https:\/\/www.csj-emballages.com\/produit\/250-ronds-blancs-festonnes-o23-cm\/\">\u00d823 cm<\/a><\/span> \/ <g id=\"gid_10\"><g id=\"gid_11\">\u00d825 cm<\/g><\/g> \/ <span style=\"color: #d12727;\"><a style=\"color: #d12727;\" href=\"https:\/\/www.csj-emballages.com\/pt-pt\/produit\/250-rodelas-brancas-recortadas-o27-cm\/\">\u00d826 cm<\/a><\/span> \/         <span style=\"color: #d12727;\"><a style=\"color: #d12727;\" href=\"https:\/\/www.csj-emballages.com\/produit\/250-ronds-blancs-festonnes-o31-cm\/\">\u00d832 cm<\/a><\/span><\/p>\n<p>&nbsp;<\/p>\n<p><!--more--><\/p>\n<p><a href=\"https:\/\/www.csj-emballages.com\/de\/categorie-produit\/lebensmittelverpackungen\/backerei-und-konditorei\/kuchensohlenhalter\/runde-kuchenstander\/festonierte-kuchenhalter\/\">Sehen Sie sich den Rest unseres Sortiments an wei\u00dfen runden Girlanden an<\/a><\/p>\n","protected":false},"excerpt":{"rendered":"<p>Wei\u00dfe Rundung mit Feston Beschreibung von unserem runden wei\u00dfen Feston \u00f829 cm pro 250<\/p>\n","protected":false},"featured_media":241318,"template":"","meta":{"_acf_changed":false},"product_brand":[],"product_cat":[1137,1171,1925,3242],"product_tag":[],"class_list":{"0":"post-22880","1":"product","2":"type-product","3":"status-publish","4":"has-post-thumbnail","6":"product_cat-lebensmittelverpackungen","7":"product_cat-backerei-und-konditorei","8":"product_cat-kuchensohlenhalter","9":"product_cat-festonierte-kuchenhalter","11":"first","12":"instock","13":"taxable","14":"shipping-taxable","15":"purchasable","16":"product-type-simple"},"acf":[],"yoast_head":"<!-- This site is optimized with the Yoast SEO Premium plugin v26.6 (Yoast SEO v26.6) - https:\/\/yoast.com\/wordpress\/plugins\/seo\/ -->\n<title>Rund Wei\u00df Festlich \u00f829 cm pro 250<\/title>\n<meta name=\"description\" content=\"Veredeln Sie Ihre Pr\u00e4sentationen mit dem Rond blanc festonn\u00e9 \u00f829 cm par 250: elegant, praktisch und widerstandsf\u00e4hig, ideal f\u00fcr Catering und Konditoreien.\" \/>\n<meta name=\"robots\" content=\"index, follow, max-snippet:-1, max-image-preview:large, max-video-preview:-1\" \/>\n<link rel=\"canonical\" href=\"https:\/\/www.csj-emballages.com\/de\/produit\/250-weisse-festliche-ringe-o29-cm\/\" \/>\n<meta property=\"og:locale\" content=\"de_DE\" \/>\n<meta property=\"og:type\" content=\"article\" \/>\n<meta property=\"og:title\" content=\"Rund wei\u00df mit Feston \u00f829 cm pro 250\" \/>\n<meta property=\"og:description\" content=\"Veredeln Sie Ihre Pr\u00e4sentationen mit dem Rond blanc festonn\u00e9 \u00f829 cm par 250: elegant, praktisch und widerstandsf\u00e4hig, ideal f\u00fcr Catering und Konditoreien.\" \/>\n<meta property=\"og:url\" content=\"https:\/\/www.csj-emballages.com\/de\/produit\/250-weisse-festliche-ringe-o29-cm\/\" \/>\n<meta property=\"og:site_name\" content=\"CSJ Emballages\" \/>\n<meta property=\"article:publisher\" content=\"https:\/\/www.facebook.com\/csjemballages\" \/>\n<meta property=\"article:modified_time\" content=\"2026-04-15T00:16:11+00:00\" \/>\n<meta property=\"og:image\" content=\"https:\/\/www.csj-emballages.com\/wp-content\/uploads\/2024\/03\/RF.webp\" \/>\n\t<meta property=\"og:image:width\" content=\"800\" \/>\n\t<meta property=\"og:image:height\" content=\"800\" \/>\n\t<meta property=\"og:image:type\" content=\"image\/webp\" \/>\n<meta name=\"twitter:card\" content=\"summary_large_image\" \/>\n<meta name=\"twitter:label1\" content=\"Gesch\u00e4tzte Lesezeit\" \/>\n\t<meta name=\"twitter:data1\" content=\"2 Minuten\" \/>\n<script type=\"application\/ld+json\" class=\"yoast-schema-graph\">{\"@context\":\"https:\/\/schema.org\",\"@graph\":[{\"@type\":\"WebPage\",\"@id\":\"https:\/\/www.csj-emballages.com\/de\/produit\/250-weisse-festliche-ringe-o29-cm\/\",\"url\":\"https:\/\/www.csj-emballages.com\/de\/produit\/250-weisse-festliche-ringe-o29-cm\/\",\"name\":\"Rund Wei\u00df Festlich \u00f829 cm pro 250\",\"isPartOf\":{\"@id\":\"https:\/\/www.csj-emballages.com\/de\/#website\"},\"primaryImageOfPage\":{\"@id\":\"https:\/\/www.csj-emballages.com\/de\/produit\/250-weisse-festliche-ringe-o29-cm\/#primaryimage\"},\"image\":{\"@id\":\"https:\/\/www.csj-emballages.com\/de\/produit\/250-weisse-festliche-ringe-o29-cm\/#primaryimage\"},\"thumbnailUrl\":\"https:\/\/www.csj-emballages.com\/wp-content\/uploads\/2024\/03\/RF.webp\",\"datePublished\":\"2024-03-01T15:50:16+00:00\",\"dateModified\":\"2026-04-15T00:16:11+00:00\",\"description\":\"Veredeln Sie Ihre Pr\u00e4sentationen mit dem Rond blanc festonn\u00e9 \u00f829 cm par 250: elegant, praktisch und widerstandsf\u00e4hig, ideal f\u00fcr Catering und Konditoreien.\",\"breadcrumb\":{\"@id\":\"https:\/\/www.csj-emballages.com\/de\/produit\/250-weisse-festliche-ringe-o29-cm\/#breadcrumb\"},\"inLanguage\":\"de\",\"potentialAction\":[{\"@type\":\"ReadAction\",\"target\":[\"https:\/\/www.csj-emballages.com\/de\/produit\/250-weisse-festliche-ringe-o29-cm\/\"]}]},{\"@type\":\"ImageObject\",\"inLanguage\":\"de\",\"@id\":\"https:\/\/www.csj-emballages.com\/de\/produit\/250-weisse-festliche-ringe-o29-cm\/#primaryimage\",\"url\":\"https:\/\/www.csj-emballages.com\/wp-content\/uploads\/2024\/03\/RF.webp\",\"contentUrl\":\"https:\/\/www.csj-emballages.com\/wp-content\/uploads\/2024\/03\/RF.webp\",\"width\":800,\"height\":800,\"caption\":\"Rond blanc festonn\u00e9\"},{\"@type\":\"BreadcrumbList\",\"@id\":\"https:\/\/www.csj-emballages.com\/de\/produit\/250-weisse-festliche-ringe-o29-cm\/#breadcrumb\",\"itemListElement\":[{\"@type\":\"ListItem\",\"position\":1,\"name\":\"Accueil\",\"item\":\"https:\/\/www.csj-emballages.com\/de\/universum-lebensmittelverpackungen\/\"},{\"@type\":\"ListItem\",\"position\":2,\"name\":\"Shop\",\"item\":\"https:\/\/www.csj-emballages.com\/shop\/\"},{\"@type\":\"ListItem\",\"position\":3,\"name\":\"Rund wei\u00df mit Feston \u00f829 cm pro 250\"}]},{\"@type\":\"WebSite\",\"@id\":\"https:\/\/www.csj-emballages.com\/de\/#website\",\"url\":\"https:\/\/www.csj-emballages.com\/de\/\",\"name\":\"CSJ Emballages\",\"description\":\"\",\"publisher\":{\"@id\":\"https:\/\/www.csj-emballages.com\/de\/#organization\"},\"potentialAction\":[{\"@type\":\"SearchAction\",\"target\":{\"@type\":\"EntryPoint\",\"urlTemplate\":\"https:\/\/www.csj-emballages.com\/de\/?s={search_term_string}\"},\"query-input\":{\"@type\":\"PropertyValueSpecification\",\"valueRequired\":true,\"valueName\":\"search_term_string\"}}],\"inLanguage\":\"de\"},{\"@type\":\"Organization\",\"@id\":\"https:\/\/www.csj-emballages.com\/de\/#Organization\/\",\"name\":\"CSJ Emballages\",\"url\":\"https:\/\/www.csj-emballages.com\/de\/\",\"logo\":{\"@type\":\"ImageObject\",\"inLanguage\":\"de\",\"@id\":\"https:\/\/www.csj-emballages.com\/de\/#\/schema\/logo\/image\/\",\"url\":\"https:\/\/www.csj-emballages.com\/wp-content\/uploads\/2023\/10\/logo_csj.webp\",\"contentUrl\":\"https:\/\/www.csj-emballages.com\/wp-content\/uploads\/2023\/10\/logo_csj.webp\",\"width\":250,\"height\":95,\"caption\":\"CSJ Emballages\"},\"image\":{\"@id\":\"https:\/\/www.csj-emballages.com\/de\/#\/schema\/logo\/image\/\"},\"sameAs\":[\"https:\/\/www.facebook.com\/csjemballages\"],\"address\":{\"@type\":\"PostalAddress\",\"streetAddress\":\"ZI La Lechere\",\"addressLocality\":\"Patornay\",\"postalCode\":\"39130\",\"addressCountry\":\"FR\"},\"contactPoint\":[{\"@type\":\"ContactPoint\",\"contactType\":\"Service client\",\"telephone\":\"0384254272\",\"email\":\"contact@csj-emballages.com\"}]}]}<\/script>\n<!-- \/ Yoast SEO Premium plugin. -->","yoast_head_json":{"title":"Rund Wei\u00df Festlich \u00f829 cm pro 250","description":"Veredeln Sie Ihre Pr\u00e4sentationen mit dem Rond blanc festonn\u00e9 \u00f829 cm par 250: elegant, praktisch und widerstandsf\u00e4hig, ideal f\u00fcr Catering und Konditoreien.","robots":{"index":"index","follow":"follow","max-snippet":"max-snippet:-1","max-image-preview":"max-image-preview:large","max-video-preview":"max-video-preview:-1"},"canonical":"https:\/\/www.csj-emballages.com\/de\/produit\/250-weisse-festliche-ringe-o29-cm\/","og_locale":"de_DE","og_type":"article","og_title":"Rund wei\u00df mit Feston \u00f829 cm pro 250","og_description":"Veredeln Sie Ihre Pr\u00e4sentationen mit dem Rond blanc festonn\u00e9 \u00f829 cm par 250: elegant, praktisch und widerstandsf\u00e4hig, ideal f\u00fcr Catering und Konditoreien.","og_url":"https:\/\/www.csj-emballages.com\/de\/produit\/250-weisse-festliche-ringe-o29-cm\/","og_site_name":"CSJ Emballages","article_publisher":"https:\/\/www.facebook.com\/csjemballages","article_modified_time":"2026-04-15T00:16:11+00:00","og_image":[{"width":800,"height":800,"url":"https:\/\/www.csj-emballages.com\/wp-content\/uploads\/2024\/03\/RF.webp","type":"image\/webp"}],"twitter_card":"summary_large_image","twitter_misc":{"Gesch\u00e4tzte Lesezeit":"2 Minuten"},"schema":{"@context":"https:\/\/schema.org","@graph":[{"@type":"WebPage","@id":"https:\/\/www.csj-emballages.com\/de\/produit\/250-weisse-festliche-ringe-o29-cm\/","url":"https:\/\/www.csj-emballages.com\/de\/produit\/250-weisse-festliche-ringe-o29-cm\/","name":"Rund Wei\u00df Festlich \u00f829 cm pro 250","isPartOf":{"@id":"https:\/\/www.csj-emballages.com\/de\/#website"},"primaryImageOfPage":{"@id":"https:\/\/www.csj-emballages.com\/de\/produit\/250-weisse-festliche-ringe-o29-cm\/#primaryimage"},"image":{"@id":"https:\/\/www.csj-emballages.com\/de\/produit\/250-weisse-festliche-ringe-o29-cm\/#primaryimage"},"thumbnailUrl":"https:\/\/www.csj-emballages.com\/wp-content\/uploads\/2024\/03\/RF.webp","datePublished":"2024-03-01T15:50:16+00:00","dateModified":"2026-04-15T00:16:11+00:00","description":"Veredeln Sie Ihre Pr\u00e4sentationen mit dem Rond blanc festonn\u00e9 \u00f829 cm par 250: elegant, praktisch und widerstandsf\u00e4hig, ideal f\u00fcr Catering und Konditoreien.","breadcrumb":{"@id":"https:\/\/www.csj-emballages.com\/de\/produit\/250-weisse-festliche-ringe-o29-cm\/#breadcrumb"},"inLanguage":"de","potentialAction":[{"@type":"ReadAction","target":["https:\/\/www.csj-emballages.com\/de\/produit\/250-weisse-festliche-ringe-o29-cm\/"]}]},{"@type":"ImageObject","inLanguage":"de","@id":"https:\/\/www.csj-emballages.com\/de\/produit\/250-weisse-festliche-ringe-o29-cm\/#primaryimage","url":"https:\/\/www.csj-emballages.com\/wp-content\/uploads\/2024\/03\/RF.webp","contentUrl":"https:\/\/www.csj-emballages.com\/wp-content\/uploads\/2024\/03\/RF.webp","width":800,"height":800,"caption":"Rond blanc festonn\u00e9"},{"@type":"BreadcrumbList","@id":"https:\/\/www.csj-emballages.com\/de\/produit\/250-weisse-festliche-ringe-o29-cm\/#breadcrumb","itemListElement":[{"@type":"ListItem","position":1,"name":"Accueil","item":"https:\/\/www.csj-emballages.com\/de\/universum-lebensmittelverpackungen\/"},{"@type":"ListItem","position":2,"name":"Shop","item":"https:\/\/www.csj-emballages.com\/shop\/"},{"@type":"ListItem","position":3,"name":"Rund wei\u00df mit Feston \u00f829 cm pro 250"}]},{"@type":"WebSite","@id":"https:\/\/www.csj-emballages.com\/de\/#website","url":"https:\/\/www.csj-emballages.com\/de\/","name":"CSJ Emballages","description":"","publisher":{"@id":"https:\/\/www.csj-emballages.com\/de\/#organization"},"potentialAction":[{"@type":"SearchAction","target":{"@type":"EntryPoint","urlTemplate":"https:\/\/www.csj-emballages.com\/de\/?s={search_term_string}"},"query-input":{"@type":"PropertyValueSpecification","valueRequired":true,"valueName":"search_term_string"}}],"inLanguage":"de"},{"@type":"Organization","@id":"https:\/\/www.csj-emballages.com\/de\/#Organization\/","name":"CSJ Emballages","url":"https:\/\/www.csj-emballages.com\/de\/","logo":{"@type":"ImageObject","inLanguage":"de","@id":"https:\/\/www.csj-emballages.com\/de\/#\/schema\/logo\/image\/","url":"https:\/\/www.csj-emballages.com\/wp-content\/uploads\/2023\/10\/logo_csj.webp","contentUrl":"https:\/\/www.csj-emballages.com\/wp-content\/uploads\/2023\/10\/logo_csj.webp","width":250,"height":95,"caption":"CSJ Emballages"},"image":{"@id":"https:\/\/www.csj-emballages.com\/de\/#\/schema\/logo\/image\/"},"sameAs":["https:\/\/www.facebook.com\/csjemballages"],"address":{"@type":"PostalAddress","streetAddress":"ZI La Lechere","addressLocality":"Patornay","postalCode":"39130","addressCountry":"FR"},"contactPoint":[{"@type":"ContactPoint","contactType":"Service client","telephone":"0384254272","email":"contact@csj-emballages.com"}]}]}},"df_price":29.18,"df_sale_price":"","df_regular_price":29.18,"df_image_link":"https:\/\/www.csj-emballages.com\/wp-content\/uploads\/2024\/03\/RF-300x300.webp","tiered_pricing_type":"fixed","tiered_pricing_fixed_rules":[],"tiered_pricing_percentage_rules":[],"tiered_pricing_minimum":1,"tiered_pricing_roles_data":[],"_links":{"self":[{"href":"https:\/\/www.csj-emballages.com\/de\/wp-json\/wp\/v2\/product\/22880","targetHints":{"allow":["GET"]}}],"collection":[{"href":"https:\/\/www.csj-emballages.com\/de\/wp-json\/wp\/v2\/product"}],"about":[{"href":"https:\/\/www.csj-emballages.com\/de\/wp-json\/wp\/v2\/types\/product"}],"wp:featuredmedia":[{"embeddable":true,"href":"https:\/\/www.csj-emballages.com\/de\/wp-json\/wp\/v2\/media\/241318"}],"wp:attachment":[{"href":"https:\/\/www.csj-emballages.com\/de\/wp-json\/wp\/v2\/media?parent=22880"}],"wp:term":[{"taxonomy":"product_brand","embeddable":true,"href":"https:\/\/www.csj-emballages.com\/de\/wp-json\/wp\/v2\/product_brand?post=22880"},{"taxonomy":"product_cat","embeddable":true,"href":"https:\/\/www.csj-emballages.com\/de\/wp-json\/wp\/v2\/product_cat?post=22880"},{"taxonomy":"product_tag","embeddable":true,"href":"https:\/\/www.csj-emballages.com\/de\/wp-json\/wp\/v2\/product_tag?post=22880"}],"curies":[{"name":"wp","href":"https:\/\/api.w.org\/{rel}","templated":true}]}}