{"id":228779,"date":"2024-11-29T02:18:14","date_gmt":"2024-11-29T01:18:14","guid":{"rendered":"https:\/\/www.csj-emballages.com\/produit\/schwarze-melamin-schale-1700-ml-karola\/"},"modified":"2026-04-03T02:10:52","modified_gmt":"2026-04-03T00:10:52","slug":"schwarze-melamin-schale-1700-ml-karola","status":"publish","type":"product","link":"https:\/\/www.csj-emballages.com\/de\/produit\/schwarze-melamin-schale-1700-ml-karola\/","title":{"rendered":"Schwarze Melamin-Schale 1700 ml &#8222;Karola"},"content":{"rendered":"<h2>Schwarze Sch\u00fcssel<\/h2>\n<hr>\n<h3>Entdecken Sie unsere schwarze Melaminsch\u00fcssel Typ &#8218;Karola&#8216; in 1700ml<\/h3>\n<p><!--more--><\/p>\n<p>Die <strong>schwarze<\/strong> <strong>Melaminsch\u00fcssel &#8222;Karola&#8220;<\/strong> ist eine einfache und effektive Wahl f\u00fcr Ihre K\u00fcche. Mit einem Fassungsverm\u00f6gen von <strong>1700 ml<\/strong> erf\u00fcllt diese <strong>Melaminsch\u00fcssel<\/strong> ganz unpr\u00e4tenti\u00f6s die t\u00e4glichen Bed\u00fcrfnisse. Sie ist ideal f\u00fcr Familienmahlzeiten oder kleine Zusammenk\u00fcnfte und zeichnet sich durch ihre praktische Form und ihr modernes Design aus. Sie ist so konzipiert, dass sie eine einfache Handhabung bietet, sei es beim Zubereiten, Servieren oder R\u00fchren. Melamin ist ein robustes, leichtes und pflegeleichtes Material. Diese <strong>wiederverwendbare Sch\u00fcssel<\/strong> eignet sich daher perfekt f\u00fcr die t\u00e4glichen Mahlzeiten und ist dabei splitterfest. Au\u00dferdem kann sie dank ihrer glatten Oberfl\u00e4che nach jedem Gebrauch schnell gereinigt werden. Sie werden auch ihre Stabilit\u00e4t zu sch\u00e4tzen wissen, die ein versehentliches Versch\u00fctten verhindert.       <\/p>\n<p>&nbsp;<\/p>\n<p><!--more--><\/p>\n<h4><strong>Entwickelt f\u00fcr Langlebigkeit und t\u00e4glichen Gebrauch<\/strong><\/h4>\n<p>Die <strong>schwarze<\/strong> <strong>Melaminsch\u00fcssel &#8222;Karola&#8220;<\/strong> sieht nicht nur gut aus. Ihre Zusammensetzung garantiert eine gute Haltbarkeit im Laufe der Zeit. Im Gegensatz zu <strong>wiederverwendbaren Sch\u00fcsseln<\/strong> aus Kunststoff ist sie widerstandsf\u00e4higer gegen Kratzer und den t\u00e4glichen Verschlei\u00df. Diese <strong>Melaminsch\u00fcssel<\/strong> ist daher eine zuverl\u00e4ssige Alternative f\u00fcr alle, die ihren Verbrauch an Einwegprodukten reduzieren m\u00f6chten.   <\/p>\n<p>Mit einem Fassungsverm\u00f6gen von <strong>1700 ml<\/strong> ist diese <strong>schwarze Sch\u00fcssel<\/strong> f\u00fcr eine Vielzahl von Verwendungszwecken geeignet. Sie kann f\u00fcr Salate, Nudeln oder sogar als Beh\u00e4lter f\u00fcr frisches Obst verwendet werden. Sie k\u00f6nnen sie auch verwenden, um Ihre Zutaten vor dem Kochen vorzubereiten. Wenn Sie sich f\u00fcr eine <strong>wiederverwendbare Sch\u00fcssel<\/strong> wie diese entscheiden, treffen Sie eine praktische und kosteng\u00fcnstige Wahl und tragen gleichzeitig zur Abfallvermeidung bei.   <\/p>\n<p>Diese <strong>Melaminsch\u00fcssel<\/strong> <strong>&#8222;Karola&#8220;<\/strong> ist au\u00dferdem leicht, was sie einfach zu handhaben macht. Sie werden keine Probleme haben, sie von einem Ort zum anderen zu tragen, egal ob Sie drinnen oder drau\u00dfen essen. Au\u00dferdem passt die schlichte, elegante schwarze Farbe gut zu jeder Art von Einrichtung und verleiht ihr einen modernen Touch, ohne \u00fcbertrieben zu wirken.  <\/p>\n<p>Zusammenfassend l\u00e4sst sich sagen, dass die <strong>schwarze<\/strong> <strong>Melaminsch\u00fcssel &#8222;Karola&#8220;<\/strong> ein zuverl\u00e4ssiges, einfaches und langlebiges Produkt ist. Sie ist ideal f\u00fcr alle, die eine qualitativ hochwertige, <strong>wiederverwendbare Sch\u00fcssel<\/strong> suchen, die gleichzeitig pflegeleicht ist. Sie eignet sich perfekt f\u00fcr Mahlzeiten mit der Familie oder mit Freunden und vereint N\u00fctzlichkeit und Praktikabilit\u00e4t. Diese <strong>Melaminsch\u00fcssel<\/strong> ist eine vern\u00fcnftige Wahl f\u00fcr jede K\u00fcche, indem sie eine gute Haltbarkeit zu einem erschwinglichen Preis bietet.   <\/p>\n<p>&nbsp;<\/p>\n<p><!--more--><\/p>\n<h4>Seine Vorteile :<\/h4>\n<ul>\n<li><strong>Langlebig und widerstandsf\u00e4hig<\/strong>: Die <strong>schwarze Schale<\/strong> aus Melamin ist sto\u00dffest und geht auch bei einem Sturz nicht so leicht kaputt.<\/li>\n<li><strong>Praktische Handhabung<\/strong>: Mit einem Fassungsverm\u00f6gen von 1700 ml ist diese <strong>Melaminsch\u00fcssel<\/strong> ger\u00e4umig genug f\u00fcr eine Familienportion.<\/li>\n<li><strong>Elegantes und vielseitiges Design<\/strong>: Die <strong>schwarze Schale<\/strong> verleiht Ihrem Tisch einen modernen und schlichten Touch. Ihre schwarze Farbe f\u00fcgt sich problemlos in jeden Einrichtungsstil ein. <\/li>\n<li><strong>Umweltfreundlich<\/strong>: Wenn Sie sich f\u00fcr eine <strong>wiederverwendbare Sch\u00fcssel<\/strong> entscheiden, reduzieren Sie Ihren Verbrauch an Einwegprodukten. Diese Melaminsch\u00fcssel ist auf Langlebigkeit ausgelegt, was sie zu einer umweltfreundlichen Alternative zu Einwegprodukten macht. <\/li>\n<\/ul>\n<p>&nbsp;<\/p>\n<p><!--more--><\/p>\n<h4>Weitere Informationen :<\/h4>\n<ul>\n<li><strong>Abmessungen<\/strong>: 225 x 175 x 80 (L x B x H in mm)<\/li>\n<li><strong>Material<\/strong>: Melamin<\/li>\n<li><strong>Verpackung<\/strong>: Einzeln<\/li>\n<li><strong>Farbe<\/strong>: Schwarz<\/li>\n<li><strong>Volumen<\/strong>: 1700 ml<\/li>\n<li><strong>Modell<\/strong>: Karola<\/li>\n<\/ul>\n<p>&nbsp;<\/p>\n<p><!--more--><\/p>\n<p>Dieses Produkt gibt es in verschiedenen Gr\u00f6\u00dfen : <span style=\"color: #d12727;\"><a style=\"color: #d12727;\" href=\"https:\/\/www.csj-emballages.com\/es\/produit\/bol-de-melamina-negra-karola-500-ml\/\">500 ml<\/a><\/span> \/ <span style=\"color: #d12727;\"><a style=\"color: #d12727;\" href=\"https:\/\/www.csj-emballages.com\/produit\/bol-melamine-noir-950-ml-karola\/\">950 ml<\/a><\/span><\/p>\n<p>&nbsp;<\/p>\n<p><!--more--><\/p>\n<p><a href=\"\/?product_cat=vaisselles-reutilisables\">Sehen Sie sich den Rest unseres Sortiments an wiederverwendbarem, unzerbrechlichem Geschirr an<\/a><\/p>\n","protected":false},"excerpt":{"rendered":"<p>Schwarze Sch\u00fcssel Entdecken Sie unsere schwarze Melaminsch\u00fcssel Typ &#8218;Karola&#8216; in 1700ml<\/p>\n","protected":false},"featured_media":198567,"template":"","meta":{"_acf_changed":false},"product_brand":[],"product_cat":[1137,6726],"product_tag":[],"class_list":{"0":"post-228779","1":"product","2":"type-product","3":"status-publish","4":"has-post-thumbnail","6":"product_cat-lebensmittelverpackungen","7":"product_cat-wiederverwendbares-geschirr","9":"first","10":"instock","11":"taxable","12":"shipping-taxable","13":"purchasable","14":"product-type-simple"},"acf":[],"yoast_head":"<!-- This site is optimized with the Yoast SEO Premium plugin v26.6 (Yoast SEO v26.6) - https:\/\/yoast.com\/wordpress\/plugins\/seo\/ -->\n<title>Schale Schwarz Melamin Typ &#039;Karola&#039; - 1700ml<\/title>\n<meta name=\"description\" content=\"Entdecken Sie die schwarze Melaminschale 1700 ml &quot;Karola&quot;. Sie ist praktisch, langlebig und umweltfreundlich und ideal, um Ihre Mahlzeiten oder Aperitifs zu pr\u00e4sentieren.\" \/>\n<meta name=\"robots\" content=\"index, follow, max-snippet:-1, max-image-preview:large, max-video-preview:-1\" \/>\n<link rel=\"canonical\" href=\"https:\/\/www.csj-emballages.com\/de\/produit\/schwarze-melamin-schale-1700-ml-karola\/\" \/>\n<meta property=\"og:locale\" content=\"de_DE\" \/>\n<meta property=\"og:type\" content=\"article\" \/>\n<meta property=\"og:title\" content=\"Schwarze Melamin-Schale 1700 ml &quot;Karola\" \/>\n<meta property=\"og:description\" content=\"Entdecken Sie die schwarze Melaminschale 1700 ml &quot;Karola&quot;. Sie ist praktisch, langlebig und umweltfreundlich und ideal, um Ihre Mahlzeiten oder Aperitifs zu pr\u00e4sentieren.\" \/>\n<meta property=\"og:url\" content=\"https:\/\/www.csj-emballages.com\/de\/produit\/schwarze-melamin-schale-1700-ml-karola\/\" \/>\n<meta property=\"og:site_name\" content=\"CSJ Emballages\" \/>\n<meta property=\"article:publisher\" content=\"https:\/\/www.facebook.com\/csjemballages\" \/>\n<meta property=\"article:modified_time\" content=\"2026-04-03T00:10:52+00:00\" \/>\n<meta property=\"og:image\" content=\"https:\/\/www.csj-emballages.com\/wp-content\/uploads\/2024\/11\/Bol-melamine-1750.webp\" \/>\n\t<meta property=\"og:image:width\" content=\"803\" \/>\n\t<meta property=\"og:image:height\" content=\"803\" \/>\n\t<meta property=\"og:image:type\" content=\"image\/webp\" \/>\n<meta name=\"twitter:card\" content=\"summary_large_image\" \/>\n<meta name=\"twitter:label1\" content=\"Gesch\u00e4tzte Lesezeit\" \/>\n\t<meta name=\"twitter:data1\" content=\"3 Minuten\" \/>\n<script type=\"application\/ld+json\" class=\"yoast-schema-graph\">{\"@context\":\"https:\/\/schema.org\",\"@graph\":[{\"@type\":\"WebPage\",\"@id\":\"https:\/\/www.csj-emballages.com\/de\/produit\/schwarze-melamin-schale-1700-ml-karola\/\",\"url\":\"https:\/\/www.csj-emballages.com\/de\/produit\/schwarze-melamin-schale-1700-ml-karola\/\",\"name\":\"Schale Schwarz Melamin Typ 'Karola' - 1700ml\",\"isPartOf\":{\"@id\":\"https:\/\/www.csj-emballages.com\/de\/#website\"},\"primaryImageOfPage\":{\"@id\":\"https:\/\/www.csj-emballages.com\/de\/produit\/schwarze-melamin-schale-1700-ml-karola\/#primaryimage\"},\"image\":{\"@id\":\"https:\/\/www.csj-emballages.com\/de\/produit\/schwarze-melamin-schale-1700-ml-karola\/#primaryimage\"},\"thumbnailUrl\":\"https:\/\/www.csj-emballages.com\/wp-content\/uploads\/2024\/11\/Bol-melamine-1750.webp\",\"datePublished\":\"2024-11-29T01:18:14+00:00\",\"dateModified\":\"2026-04-03T00:10:52+00:00\",\"description\":\"Entdecken Sie die schwarze Melaminschale 1700 ml \\\"Karola\\\". Sie ist praktisch, langlebig und umweltfreundlich und ideal, um Ihre Mahlzeiten oder Aperitifs zu pr\u00e4sentieren.\",\"breadcrumb\":{\"@id\":\"https:\/\/www.csj-emballages.com\/de\/produit\/schwarze-melamin-schale-1700-ml-karola\/#breadcrumb\"},\"inLanguage\":\"de\",\"potentialAction\":[{\"@type\":\"ReadAction\",\"target\":[\"https:\/\/www.csj-emballages.com\/de\/produit\/schwarze-melamin-schale-1700-ml-karola\/\"]}]},{\"@type\":\"ImageObject\",\"inLanguage\":\"de\",\"@id\":\"https:\/\/www.csj-emballages.com\/de\/produit\/schwarze-melamin-schale-1700-ml-karola\/#primaryimage\",\"url\":\"https:\/\/www.csj-emballages.com\/wp-content\/uploads\/2024\/11\/Bol-melamine-1750.webp\",\"contentUrl\":\"https:\/\/www.csj-emballages.com\/wp-content\/uploads\/2024\/11\/Bol-melamine-1750.webp\",\"width\":803,\"height\":803,\"caption\":\"Bol Noir\"},{\"@type\":\"BreadcrumbList\",\"@id\":\"https:\/\/www.csj-emballages.com\/de\/produit\/schwarze-melamin-schale-1700-ml-karola\/#breadcrumb\",\"itemListElement\":[{\"@type\":\"ListItem\",\"position\":1,\"name\":\"Accueil\",\"item\":\"https:\/\/www.csj-emballages.com\/de\/universum-lebensmittelverpackungen\/\"},{\"@type\":\"ListItem\",\"position\":2,\"name\":\"Shop\",\"item\":\"https:\/\/www.csj-emballages.com\/shop\/\"},{\"@type\":\"ListItem\",\"position\":3,\"name\":\"Schwarze Melamin-Schale 1700 ml \u00ab\u00a0Karola\"}]},{\"@type\":\"WebSite\",\"@id\":\"https:\/\/www.csj-emballages.com\/de\/#website\",\"url\":\"https:\/\/www.csj-emballages.com\/de\/\",\"name\":\"CSJ Emballages\",\"description\":\"\",\"publisher\":{\"@id\":\"https:\/\/www.csj-emballages.com\/de\/#organization\"},\"potentialAction\":[{\"@type\":\"SearchAction\",\"target\":{\"@type\":\"EntryPoint\",\"urlTemplate\":\"https:\/\/www.csj-emballages.com\/de\/?s={search_term_string}\"},\"query-input\":{\"@type\":\"PropertyValueSpecification\",\"valueRequired\":true,\"valueName\":\"search_term_string\"}}],\"inLanguage\":\"de\"},{\"@type\":\"Organization\",\"@id\":\"https:\/\/www.csj-emballages.com\/de\/#Organization\/\",\"name\":\"CSJ Emballages\",\"url\":\"https:\/\/www.csj-emballages.com\/de\/\",\"logo\":{\"@type\":\"ImageObject\",\"inLanguage\":\"de\",\"@id\":\"https:\/\/www.csj-emballages.com\/de\/#\/schema\/logo\/image\/\",\"url\":\"https:\/\/www.csj-emballages.com\/wp-content\/uploads\/2023\/10\/logo_csj.webp\",\"contentUrl\":\"https:\/\/www.csj-emballages.com\/wp-content\/uploads\/2023\/10\/logo_csj.webp\",\"width\":250,\"height\":95,\"caption\":\"CSJ Emballages\"},\"image\":{\"@id\":\"https:\/\/www.csj-emballages.com\/de\/#\/schema\/logo\/image\/\"},\"sameAs\":[\"https:\/\/www.facebook.com\/csjemballages\"],\"address\":{\"@type\":\"PostalAddress\",\"streetAddress\":\"ZI La Lechere\",\"addressLocality\":\"Patornay\",\"postalCode\":\"39130\",\"addressCountry\":\"FR\"},\"contactPoint\":[{\"@type\":\"ContactPoint\",\"contactType\":\"Service client\",\"telephone\":\"0384254272\",\"email\":\"contact@csj-emballages.com\"}]}]}<\/script>\n<!-- \/ Yoast SEO Premium plugin. -->","yoast_head_json":{"title":"Schale Schwarz Melamin Typ 'Karola' - 1700ml","description":"Entdecken Sie die schwarze Melaminschale 1700 ml \"Karola\". Sie ist praktisch, langlebig und umweltfreundlich und ideal, um Ihre Mahlzeiten oder Aperitifs zu pr\u00e4sentieren.","robots":{"index":"index","follow":"follow","max-snippet":"max-snippet:-1","max-image-preview":"max-image-preview:large","max-video-preview":"max-video-preview:-1"},"canonical":"https:\/\/www.csj-emballages.com\/de\/produit\/schwarze-melamin-schale-1700-ml-karola\/","og_locale":"de_DE","og_type":"article","og_title":"Schwarze Melamin-Schale 1700 ml \"Karola","og_description":"Entdecken Sie die schwarze Melaminschale 1700 ml \"Karola\". Sie ist praktisch, langlebig und umweltfreundlich und ideal, um Ihre Mahlzeiten oder Aperitifs zu pr\u00e4sentieren.","og_url":"https:\/\/www.csj-emballages.com\/de\/produit\/schwarze-melamin-schale-1700-ml-karola\/","og_site_name":"CSJ Emballages","article_publisher":"https:\/\/www.facebook.com\/csjemballages","article_modified_time":"2026-04-03T00:10:52+00:00","og_image":[{"width":803,"height":803,"url":"https:\/\/www.csj-emballages.com\/wp-content\/uploads\/2024\/11\/Bol-melamine-1750.webp","type":"image\/webp"}],"twitter_card":"summary_large_image","twitter_misc":{"Gesch\u00e4tzte Lesezeit":"3 Minuten"},"schema":{"@context":"https:\/\/schema.org","@graph":[{"@type":"WebPage","@id":"https:\/\/www.csj-emballages.com\/de\/produit\/schwarze-melamin-schale-1700-ml-karola\/","url":"https:\/\/www.csj-emballages.com\/de\/produit\/schwarze-melamin-schale-1700-ml-karola\/","name":"Schale Schwarz Melamin Typ 'Karola' - 1700ml","isPartOf":{"@id":"https:\/\/www.csj-emballages.com\/de\/#website"},"primaryImageOfPage":{"@id":"https:\/\/www.csj-emballages.com\/de\/produit\/schwarze-melamin-schale-1700-ml-karola\/#primaryimage"},"image":{"@id":"https:\/\/www.csj-emballages.com\/de\/produit\/schwarze-melamin-schale-1700-ml-karola\/#primaryimage"},"thumbnailUrl":"https:\/\/www.csj-emballages.com\/wp-content\/uploads\/2024\/11\/Bol-melamine-1750.webp","datePublished":"2024-11-29T01:18:14+00:00","dateModified":"2026-04-03T00:10:52+00:00","description":"Entdecken Sie die schwarze Melaminschale 1700 ml \"Karola\". Sie ist praktisch, langlebig und umweltfreundlich und ideal, um Ihre Mahlzeiten oder Aperitifs zu pr\u00e4sentieren.","breadcrumb":{"@id":"https:\/\/www.csj-emballages.com\/de\/produit\/schwarze-melamin-schale-1700-ml-karola\/#breadcrumb"},"inLanguage":"de","potentialAction":[{"@type":"ReadAction","target":["https:\/\/www.csj-emballages.com\/de\/produit\/schwarze-melamin-schale-1700-ml-karola\/"]}]},{"@type":"ImageObject","inLanguage":"de","@id":"https:\/\/www.csj-emballages.com\/de\/produit\/schwarze-melamin-schale-1700-ml-karola\/#primaryimage","url":"https:\/\/www.csj-emballages.com\/wp-content\/uploads\/2024\/11\/Bol-melamine-1750.webp","contentUrl":"https:\/\/www.csj-emballages.com\/wp-content\/uploads\/2024\/11\/Bol-melamine-1750.webp","width":803,"height":803,"caption":"Bol Noir"},{"@type":"BreadcrumbList","@id":"https:\/\/www.csj-emballages.com\/de\/produit\/schwarze-melamin-schale-1700-ml-karola\/#breadcrumb","itemListElement":[{"@type":"ListItem","position":1,"name":"Accueil","item":"https:\/\/www.csj-emballages.com\/de\/universum-lebensmittelverpackungen\/"},{"@type":"ListItem","position":2,"name":"Shop","item":"https:\/\/www.csj-emballages.com\/shop\/"},{"@type":"ListItem","position":3,"name":"Schwarze Melamin-Schale 1700 ml \u00ab\u00a0Karola"}]},{"@type":"WebSite","@id":"https:\/\/www.csj-emballages.com\/de\/#website","url":"https:\/\/www.csj-emballages.com\/de\/","name":"CSJ Emballages","description":"","publisher":{"@id":"https:\/\/www.csj-emballages.com\/de\/#organization"},"potentialAction":[{"@type":"SearchAction","target":{"@type":"EntryPoint","urlTemplate":"https:\/\/www.csj-emballages.com\/de\/?s={search_term_string}"},"query-input":{"@type":"PropertyValueSpecification","valueRequired":true,"valueName":"search_term_string"}}],"inLanguage":"de"},{"@type":"Organization","@id":"https:\/\/www.csj-emballages.com\/de\/#Organization\/","name":"CSJ Emballages","url":"https:\/\/www.csj-emballages.com\/de\/","logo":{"@type":"ImageObject","inLanguage":"de","@id":"https:\/\/www.csj-emballages.com\/de\/#\/schema\/logo\/image\/","url":"https:\/\/www.csj-emballages.com\/wp-content\/uploads\/2023\/10\/logo_csj.webp","contentUrl":"https:\/\/www.csj-emballages.com\/wp-content\/uploads\/2023\/10\/logo_csj.webp","width":250,"height":95,"caption":"CSJ Emballages"},"image":{"@id":"https:\/\/www.csj-emballages.com\/de\/#\/schema\/logo\/image\/"},"sameAs":["https:\/\/www.facebook.com\/csjemballages"],"address":{"@type":"PostalAddress","streetAddress":"ZI La Lechere","addressLocality":"Patornay","postalCode":"39130","addressCountry":"FR"},"contactPoint":[{"@type":"ContactPoint","contactType":"Service client","telephone":"0384254272","email":"contact@csj-emballages.com"}]}]}},"df_price":11.62,"df_sale_price":"","df_regular_price":11.62,"df_image_link":"https:\/\/www.csj-emballages.com\/wp-content\/uploads\/2024\/11\/Bol-melamine-1750-300x300.webp","tiered_pricing_type":"fixed","tiered_pricing_fixed_rules":[],"tiered_pricing_percentage_rules":[],"tiered_pricing_minimum":1,"tiered_pricing_roles_data":[],"_links":{"self":[{"href":"https:\/\/www.csj-emballages.com\/de\/wp-json\/wp\/v2\/product\/228779","targetHints":{"allow":["GET"]}}],"collection":[{"href":"https:\/\/www.csj-emballages.com\/de\/wp-json\/wp\/v2\/product"}],"about":[{"href":"https:\/\/www.csj-emballages.com\/de\/wp-json\/wp\/v2\/types\/product"}],"wp:featuredmedia":[{"embeddable":true,"href":"https:\/\/www.csj-emballages.com\/de\/wp-json\/wp\/v2\/media\/198567"}],"wp:attachment":[{"href":"https:\/\/www.csj-emballages.com\/de\/wp-json\/wp\/v2\/media?parent=228779"}],"wp:term":[{"taxonomy":"product_brand","embeddable":true,"href":"https:\/\/www.csj-emballages.com\/de\/wp-json\/wp\/v2\/product_brand?post=228779"},{"taxonomy":"product_cat","embeddable":true,"href":"https:\/\/www.csj-emballages.com\/de\/wp-json\/wp\/v2\/product_cat?post=228779"},{"taxonomy":"product_tag","embeddable":true,"href":"https:\/\/www.csj-emballages.com\/de\/wp-json\/wp\/v2\/product_tag?post=228779"}],"curies":[{"name":"wp","href":"https:\/\/api.w.org\/{rel}","templated":true}]}}