{"id":228767,"date":"2024-11-16T02:18:13","date_gmt":"2024-11-16T01:18:13","guid":{"rendered":"https:\/\/www.csj-emballages.com\/produit\/einkaufstasche-motiv-geschenke-pp-gewebt-wiederverwendbar-40-24-x-35-cm\/"},"modified":"2026-04-08T02:16:06","modified_gmt":"2026-04-08T00:16:06","slug":"einkaufstasche-motiv-geschenke-pp-gewebt-wiederverwendbar-40-24-x-35-cm","status":"publish","type":"product","link":"https:\/\/www.csj-emballages.com\/de\/produit\/einkaufstasche-motiv-geschenke-pp-gewebt-wiederverwendbar-40-24-x-35-cm\/","title":{"rendered":"Einkaufstasche Motiv &#8222;Geschenke&#8220; PP gewebt wiederverwendbar 40 + 24 x 35 cm"},"content":{"rendered":"<div style=\"font-family: Roboto, sans-serif;\">\n<div style=\"font-family: Roboto, sans-serif;\">\n<div style=\"font-family: Roboto, sans-serif;\">\n<div style=\"font-family: Roboto, sans-serif;\">\n<div style=\"font-family: Roboto, sans-serif;\">\n<div style=\"font-family: Roboto, sans-serif;\">\n<div style=\"font-family: Roboto, sans-serif;\">\n<div style=\"font-family: Roboto, sans-serif;\">\n<div style=\"font-family: Roboto, sans-serif;\">\n<div style=\"font-family: Roboto, sans-serif;\">\n<div style=\"font-family: Roboto, sans-serif;\">\n<div style=\"font-family: Roboto, sans-serif;\">\n<div style=\"font-family: Roboto, sans-serif;\">\n<div class=\"flex flex-grow flex-col max-w-full\">\n<div class=\"min-h-[20px] text-message flex flex-col items-start whitespace-pre-wrap break-words [.text-message+&amp;]:mt-5 juice:w-full juice:items-end overflow-x-auto gap-2\" dir=\"auto\" data-message-author-role=\"assistant\" data-message-id=\"2034782e-88f9-44ef-b4dc-07dd7bf0115f\">\n<div class=\"flex w-full flex-col gap-1 juice:empty:hidden juice:first:pt-[3px]\">\n<div class=\"markdown prose w-full break-words dark:prose-invert light\">\n<div style=\"font-family: Roboto, sans-serif;\">\n<div style=\"font-family: Roboto, sans-serif;\">\n<div style=\"font-family: Roboto, sans-serif;\">\n<div style=\"font-family: Roboto, sans-serif;\">\n<div style=\"font-family: Roboto, sans-serif;\">\n<div style=\"font-family: Roboto, sans-serif;\">\n<h2>Einkaufstasche<\/h2>\n<div style=\"font-family: Roboto, sans-serif;\">\n<div style=\"font-family: Roboto, sans-serif;\">\n<div style=\"font-family: Roboto, sans-serif;\">\n<div style=\"text-align: center;\">\n<div style=\"font-family: Roboto, sans-serif;\">\n<div style=\"font-family: Roboto, sans-serif;\">\n<div style=\"font-family: Roboto, sans-serif;\">\n<div style=\"font-family: Roboto, sans-serif;\">\n<div style=\"font-family: Roboto, sans-serif;\">\n<div style=\"font-family: Roboto, sans-serif; text-align: left;\">\n<hr>\n<h3 style=\"text-align: left;\">Beschreibung unserer Einkaufstasche &#8222;Geschenke&#8220; aus PP 40 + 24 x 35 cm<!--more--><\/h3>\n<\/div>\n<\/div>\n<\/div>\n<\/div>\n<\/div>\n<\/div>\n<\/div>\n<\/div>\n<\/div>\n<\/div>\n<\/div>\n<\/div>\n<\/div>\n<\/div>\n<\/div>\n<\/div>\n<\/div>\n<\/div>\n<\/div>\n<\/div>\n<\/div>\n<\/div>\n<\/div>\n<\/div>\n<\/div>\n<\/div>\n<\/div>\n<\/div>\n<\/div>\n<\/div>\n<\/div>\n<\/div>\n<\/div>\n<p>Entscheiden Sie sich f\u00fcr eine <strong>Tragetasche Noel<\/strong>, die ideal f\u00fcr Ihre Eink\u00e4ufe oder <strong>Geschenke<\/strong> zum Jahresende ist. Dieses Modell mit dem Motiv<strong>&#8222;Cadeaux<\/strong>&#8220; verbindet festliches Design mit praktischer Handhabung. Dank ihrer Herstellung aus <strong>gewebtem Polypropylen<\/strong> garantiert sie eine optimale Robustheit f\u00fcr einen regelm\u00e4\u00dfigen und langen Gebrauch. Sie werden auch ihr geringes Gewicht zu sch\u00e4tzen wissen, das den Transport erleichtert, selbst wenn sie gef\u00fcllt ist. Die <strong>Tragetasche<\/strong> ist eine nachhaltige Alternative zu Einwegtaschen. Sie ist beliebig oft wiederverwendbar und reduziert den Plastikm\u00fcll. Ihr Design aus <strong>gewebtem PP<\/strong> macht sie zu einem perfekten \u00f6kologischen Verb\u00fcndeten f\u00fcr die Feiertage. Warum Verpackungen wegwerfen, wenn eine <strong>selbst gestaltete Tragetasche<\/strong> immer wieder verwendet werden kann?       <\/p>\n<p>Mit ihren gro\u00dfz\u00fcgigen Ma\u00dfen von <strong>40 + 24 x 35 cm<\/strong> kann diese <strong>Noel-Tasche<\/strong> auch sperrige Gegenst\u00e4nde aufnehmen. Sie eignet sich perfekt f\u00fcr den Transport Ihrer Eink\u00e4ufe, aber auch f\u00fcr Ihre <strong>Weihnachtsgeschenke<\/strong>. Die robusten Griffe sorgen f\u00fcr einen bequemen Halt, auch wenn der Inhalt schwer ist. Wenn Sie diese <strong>selbst gestaltete Tasche<\/strong> verwenden, verbinden Sie Eleganz mit N\u00fctzlichkeit.   <\/p>\n<p>&nbsp;<\/p>\n<p><!--more--><\/p>\n<h4>Ideal f\u00fcr alle Gelegenheiten<\/h4>\n<p>Diese <strong>Weihnachtstasche<\/strong> mit festlichem Motiv passt sich all Ihren Bed\u00fcrfnissen an. Sie ist perfekt zum Einkaufen, aber auch ideal, um Ihre Geschenke in einer einzigartigen und praktischen Verpackung zu verschenken. Entscheiden Sie sich f\u00fcr eine <strong>individuell gestaltete Tragetasche<\/strong>, die den Geist der Feiertage widerspiegelt und gleichzeitig funktional ist. Im Gegensatz zu Einwegtaschen ist diese <strong>Tasche<\/strong> auf Langlebigkeit ausgelegt. Sie h\u00e4lt gro\u00dfen Belastungen stand, ohne sich zu verformen oder zu rei\u00dfen. Wenn Sie diese <strong>weihnachtliche Tragetasche<\/strong> verschenken oder selbst verwenden, setzen Sie auf Qualit\u00e4t und Haltbarkeit.     <\/p>\n<div style=\"font-family: Roboto, sans-serif;\">\n<div style=\"font-family: Roboto, sans-serif;\">\n<div style=\"font-family: Roboto, sans-serif;\">\n<div style=\"font-family: Roboto, sans-serif;\">\n<div style=\"font-family: Roboto, sans-serif;\">\n<div style=\"font-family: Roboto, sans-serif;\">\n<div style=\"font-family: Roboto, sans-serif;\">\n<div style=\"font-family: Roboto, sans-serif;\">\n<div style=\"font-family: Roboto, sans-serif;\">\n<div style=\"font-family: Roboto, sans-serif;\">\n<div style=\"font-family: Roboto, sans-serif;\">\n<div style=\"font-family: Roboto, sans-serif;\">\n<div style=\"font-family: Roboto, sans-serif;\">\n<div class=\"flex flex-grow flex-col max-w-full\">\n<div class=\"min-h-[20px] text-message flex flex-col items-start whitespace-pre-wrap break-words [.text-message+&amp;]:mt-5 juice:w-full juice:items-end overflow-x-auto gap-2\" dir=\"auto\" data-message-author-role=\"assistant\" data-message-id=\"2034782e-88f9-44ef-b4dc-07dd7bf0115f\">\n<div class=\"flex w-full flex-col gap-1 juice:empty:hidden juice:first:pt-[3px]\">\n<div class=\"markdown prose w-full break-words dark:prose-invert light\">\n<div style=\"font-family: Roboto, sans-serif;\">\n<div style=\"font-family: Roboto, sans-serif;\">\n<div style=\"font-family: Roboto, sans-serif;\">\n<div style=\"font-family: Roboto, sans-serif;\">\n<div style=\"font-family: Roboto, sans-serif;\">\n<div style=\"font-family: Roboto, sans-serif;\">\n<p>Die <strong>wiederverwendbare Tasche mit dem Motiv &#8222;Geschenke&#8220; aus PP-Gewebe<\/strong> ist viel mehr als nur eine Tasche. Sie vereint Praktikabilit\u00e4t, Eleganz und Umweltfreundlichkeit. Ihre gro\u00dfz\u00fcgigen Abmessungen und ihr robustes Design machen sie zu einer unverzichtbaren Wahl f\u00fcr die Feiertage und den Alltag. W\u00e4hlen Sie eine <strong>Tragetasche<\/strong> f\u00fcr <strong>Weihnachten<\/strong> oder eine <strong>individuelle Tragetasche<\/strong> f\u00fcr festliche und verantwortungsvolle Momente.   <\/p>\n<p>&nbsp;<\/p>\n<p><!--more--><\/p>\n<h4 style=\"text-align: left;\"><strong>Die Vorteile dieser Boutique-Tasche :<\/strong><\/h4>\n<ul>\n<li><strong>Au\u00dfergew\u00f6hnliche Haltbarkeit<\/strong>: Aus gewebtem Polypropylen hergestellt, ist es verschlei\u00dffest und h\u00e4lt schweren Belastungen stand.<\/li>\n<li><strong>Wiederverwendbar und umweltfreundlich<\/strong>: Reduziert den Plastikm\u00fcll durch l\u00e4ngere Wiederverwendung.<\/li>\n<li><strong>Festliches und vielseitiges Design<\/strong>: Das Motiv<strong>&#8222;Geschenke<\/strong>&#8220; sorgt f\u00fcr einen eleganten und festlichen Touch &#8211; perfekt f\u00fcr Weihnachten.<\/li>\n<li><strong>Leicht zu transportieren<\/strong>: Die verst\u00e4rkten Griffe sorgen f\u00fcr optimalen Komfort auch bei schweren Lasten.<\/li>\n<\/ul>\n<p>&nbsp;<\/p>\n<\/div>\n<\/div>\n<\/div>\n<\/div>\n<\/div>\n<\/div>\n<\/div>\n<\/div>\n<\/div>\n<\/div>\n<\/div>\n<\/div>\n<\/div>\n<\/div>\n<\/div>\n<\/div>\n<\/div>\n<\/div>\n<\/div>\n<\/div>\n<\/div>\n<\/div>\n<\/div>\n<p><!--more--><\/p>\n<h4>Weitere Informationen :<\/h4>\n<ul style=\"font-family: Roboto, sans-serif;\">\n<li><strong>Verpackung<\/strong>: Einzeln<\/li>\n<li><span style=\"font-weight: bold;\">Ma\u00dfe<\/span>: 40 + 24 x 35 cm<\/li>\n<li><strong>Material<\/strong>: Gewebtes Polypropylen<\/li>\n<\/ul>\n<p>&nbsp;<\/p>\n<p style=\"text-align: left;\"><!--more--><\/p>\n<p><a href=\"https:\/\/www.csj-emballages.com\/de\/categorie-produit\/lebensmittelverpackungen\/boutique-und-geschaft\/sacke-beutel\/taschen-boutique\/\">Sehen Sie sich den Rest unseres Sortiments an Tragetaschen an<\/a><\/p>\n","protected":false},"excerpt":{"rendered":"<p>Einkaufstasche Beschreibung unserer Einkaufstasche &#8222;Geschenke&#8220; aus PP 40 + 24 x 35 cm<\/p>\n","protected":false},"featured_media":176566,"template":"","meta":{"_acf_changed":false},"product_brand":[],"product_cat":[1137,1487,3969,1838],"product_tag":[],"class_list":{"0":"post-228767","1":"product","2":"type-product","3":"status-publish","4":"has-post-thumbnail","6":"product_cat-lebensmittelverpackungen","7":"product_cat-boutique-und-geschaft","8":"product_cat-sacke-beutel","9":"product_cat-taschen-boutique","11":"first","12":"outofstock","13":"taxable","14":"shipping-taxable","15":"purchasable","16":"product-type-simple"},"acf":[],"yoast_head":"<!-- This site is optimized with the Yoast SEO Premium plugin v26.6 (Yoast SEO v26.6) - https:\/\/yoast.com\/wordpress\/plugins\/seo\/ -->\n<title>Einkaufstasche Weihnachten - 40 + 24 x 35 cm<\/title>\n<meta name=\"description\" content=\"Entdecken Sie die Einkaufstasche mit dem Motiv &quot;Geschenke&quot; aus wiederverwendbarem, gewebtem PP: robust, umweltfreundlich und festlich. Perfekt f\u00fcr Weihnachten und deinen t\u00e4glichen Bedarf!\" \/>\n<meta name=\"robots\" content=\"index, follow, max-snippet:-1, max-image-preview:large, max-video-preview:-1\" \/>\n<link rel=\"canonical\" href=\"https:\/\/www.csj-emballages.com\/de\/produit\/einkaufstasche-motiv-geschenke-pp-gewebt-wiederverwendbar-40-24-x-35-cm\/\" \/>\n<meta property=\"og:locale\" content=\"de_DE\" \/>\n<meta property=\"og:type\" content=\"article\" \/>\n<meta property=\"og:title\" content=\"Einkaufstasche Motiv &quot;Geschenke&quot; PP gewebt wiederverwendbar 40 + 24 x 35 cm\" \/>\n<meta property=\"og:description\" content=\"Entdecken Sie die Einkaufstasche mit dem Motiv &quot;Geschenke&quot; aus wiederverwendbarem, gewebtem PP: robust, umweltfreundlich und festlich. Perfekt f\u00fcr Weihnachten und deinen t\u00e4glichen Bedarf!\" \/>\n<meta property=\"og:url\" content=\"https:\/\/www.csj-emballages.com\/de\/produit\/einkaufstasche-motiv-geschenke-pp-gewebt-wiederverwendbar-40-24-x-35-cm\/\" \/>\n<meta property=\"og:site_name\" content=\"CSJ Emballages\" \/>\n<meta property=\"article:publisher\" content=\"https:\/\/www.facebook.com\/csjemballages\" \/>\n<meta property=\"article:modified_time\" content=\"2026-04-08T00:16:06+00:00\" \/>\n<meta property=\"og:image\" content=\"https:\/\/www.csj-emballages.com\/wp-content\/uploads\/2024\/11\/Saccabasnoel-scaled-e1732088230270.webp\" \/>\n\t<meta property=\"og:image:width\" content=\"2048\" \/>\n\t<meta property=\"og:image:height\" content=\"2048\" \/>\n\t<meta property=\"og:image:type\" content=\"image\/webp\" \/>\n<meta name=\"twitter:card\" content=\"summary_large_image\" \/>\n<meta name=\"twitter:label1\" content=\"Gesch\u00e4tzte Lesezeit\" \/>\n\t<meta name=\"twitter:data1\" content=\"2 Minuten\" \/>\n<script type=\"application\/ld+json\" class=\"yoast-schema-graph\">{\"@context\":\"https:\/\/schema.org\",\"@graph\":[{\"@type\":\"WebPage\",\"@id\":\"https:\/\/www.csj-emballages.com\/de\/produit\/einkaufstasche-motiv-geschenke-pp-gewebt-wiederverwendbar-40-24-x-35-cm\/\",\"url\":\"https:\/\/www.csj-emballages.com\/de\/produit\/einkaufstasche-motiv-geschenke-pp-gewebt-wiederverwendbar-40-24-x-35-cm\/\",\"name\":\"Einkaufstasche Weihnachten - 40 + 24 x 35 cm\",\"isPartOf\":{\"@id\":\"https:\/\/www.csj-emballages.com\/de\/#website\"},\"primaryImageOfPage\":{\"@id\":\"https:\/\/www.csj-emballages.com\/de\/produit\/einkaufstasche-motiv-geschenke-pp-gewebt-wiederverwendbar-40-24-x-35-cm\/#primaryimage\"},\"image\":{\"@id\":\"https:\/\/www.csj-emballages.com\/de\/produit\/einkaufstasche-motiv-geschenke-pp-gewebt-wiederverwendbar-40-24-x-35-cm\/#primaryimage\"},\"thumbnailUrl\":\"https:\/\/www.csj-emballages.com\/wp-content\/uploads\/2024\/11\/Saccabasnoel-scaled-e1732088230270.webp\",\"datePublished\":\"2024-11-16T01:18:13+00:00\",\"dateModified\":\"2026-04-08T00:16:06+00:00\",\"description\":\"Entdecken Sie die Einkaufstasche mit dem Motiv \\\"Geschenke\\\" aus wiederverwendbarem, gewebtem PP: robust, umweltfreundlich und festlich. Perfekt f\u00fcr Weihnachten und deinen t\u00e4glichen Bedarf!\",\"breadcrumb\":{\"@id\":\"https:\/\/www.csj-emballages.com\/de\/produit\/einkaufstasche-motiv-geschenke-pp-gewebt-wiederverwendbar-40-24-x-35-cm\/#breadcrumb\"},\"inLanguage\":\"de\",\"potentialAction\":[{\"@type\":\"ReadAction\",\"target\":[\"https:\/\/www.csj-emballages.com\/de\/produit\/einkaufstasche-motiv-geschenke-pp-gewebt-wiederverwendbar-40-24-x-35-cm\/\"]}]},{\"@type\":\"ImageObject\",\"inLanguage\":\"de\",\"@id\":\"https:\/\/www.csj-emballages.com\/de\/produit\/einkaufstasche-motiv-geschenke-pp-gewebt-wiederverwendbar-40-24-x-35-cm\/#primaryimage\",\"url\":\"https:\/\/www.csj-emballages.com\/wp-content\/uploads\/2024\/11\/Saccabasnoel-scaled-e1732088230270.webp\",\"contentUrl\":\"https:\/\/www.csj-emballages.com\/wp-content\/uploads\/2024\/11\/Saccabasnoel-scaled-e1732088230270.webp\",\"width\":2048,\"height\":2048,\"caption\":\"sac cabas\"},{\"@type\":\"BreadcrumbList\",\"@id\":\"https:\/\/www.csj-emballages.com\/de\/produit\/einkaufstasche-motiv-geschenke-pp-gewebt-wiederverwendbar-40-24-x-35-cm\/#breadcrumb\",\"itemListElement\":[{\"@type\":\"ListItem\",\"position\":1,\"name\":\"Accueil\",\"item\":\"https:\/\/www.csj-emballages.com\/de\/universum-lebensmittelverpackungen\/\"},{\"@type\":\"ListItem\",\"position\":2,\"name\":\"Shop\",\"item\":\"https:\/\/www.csj-emballages.com\/shop\/\"},{\"@type\":\"ListItem\",\"position\":3,\"name\":\"Einkaufstasche Motiv \u00ab\u00a0Geschenke\u00a0\u00bb PP gewebt wiederverwendbar 40 + 24 x 35 cm\"}]},{\"@type\":\"WebSite\",\"@id\":\"https:\/\/www.csj-emballages.com\/de\/#website\",\"url\":\"https:\/\/www.csj-emballages.com\/de\/\",\"name\":\"CSJ Emballages\",\"description\":\"\",\"publisher\":{\"@id\":\"https:\/\/www.csj-emballages.com\/de\/#organization\"},\"potentialAction\":[{\"@type\":\"SearchAction\",\"target\":{\"@type\":\"EntryPoint\",\"urlTemplate\":\"https:\/\/www.csj-emballages.com\/de\/?s={search_term_string}\"},\"query-input\":{\"@type\":\"PropertyValueSpecification\",\"valueRequired\":true,\"valueName\":\"search_term_string\"}}],\"inLanguage\":\"de\"},{\"@type\":\"Organization\",\"@id\":\"https:\/\/www.csj-emballages.com\/de\/#Organization\/\",\"name\":\"CSJ Emballages\",\"url\":\"https:\/\/www.csj-emballages.com\/de\/\",\"logo\":{\"@type\":\"ImageObject\",\"inLanguage\":\"de\",\"@id\":\"https:\/\/www.csj-emballages.com\/de\/#\/schema\/logo\/image\/\",\"url\":\"https:\/\/www.csj-emballages.com\/wp-content\/uploads\/2023\/10\/logo_csj.webp\",\"contentUrl\":\"https:\/\/www.csj-emballages.com\/wp-content\/uploads\/2023\/10\/logo_csj.webp\",\"width\":250,\"height\":95,\"caption\":\"CSJ Emballages\"},\"image\":{\"@id\":\"https:\/\/www.csj-emballages.com\/de\/#\/schema\/logo\/image\/\"},\"sameAs\":[\"https:\/\/www.facebook.com\/csjemballages\"],\"address\":{\"@type\":\"PostalAddress\",\"streetAddress\":\"ZI La Lechere\",\"addressLocality\":\"Patornay\",\"postalCode\":\"39130\",\"addressCountry\":\"FR\"},\"contactPoint\":[{\"@type\":\"ContactPoint\",\"contactType\":\"Service client\",\"telephone\":\"0384254272\",\"email\":\"contact@csj-emballages.com\"}]}]}<\/script>\n<!-- \/ Yoast SEO Premium plugin. -->","yoast_head_json":{"title":"Einkaufstasche Weihnachten - 40 + 24 x 35 cm","description":"Entdecken Sie die Einkaufstasche mit dem Motiv \"Geschenke\" aus wiederverwendbarem, gewebtem PP: robust, umweltfreundlich und festlich. Perfekt f\u00fcr Weihnachten und deinen t\u00e4glichen Bedarf!","robots":{"index":"index","follow":"follow","max-snippet":"max-snippet:-1","max-image-preview":"max-image-preview:large","max-video-preview":"max-video-preview:-1"},"canonical":"https:\/\/www.csj-emballages.com\/de\/produit\/einkaufstasche-motiv-geschenke-pp-gewebt-wiederverwendbar-40-24-x-35-cm\/","og_locale":"de_DE","og_type":"article","og_title":"Einkaufstasche Motiv \"Geschenke\" PP gewebt wiederverwendbar 40 + 24 x 35 cm","og_description":"Entdecken Sie die Einkaufstasche mit dem Motiv \"Geschenke\" aus wiederverwendbarem, gewebtem PP: robust, umweltfreundlich und festlich. Perfekt f\u00fcr Weihnachten und deinen t\u00e4glichen Bedarf!","og_url":"https:\/\/www.csj-emballages.com\/de\/produit\/einkaufstasche-motiv-geschenke-pp-gewebt-wiederverwendbar-40-24-x-35-cm\/","og_site_name":"CSJ Emballages","article_publisher":"https:\/\/www.facebook.com\/csjemballages","article_modified_time":"2026-04-08T00:16:06+00:00","og_image":[{"width":2048,"height":2048,"url":"https:\/\/www.csj-emballages.com\/wp-content\/uploads\/2024\/11\/Saccabasnoel-scaled-e1732088230270.webp","type":"image\/webp"}],"twitter_card":"summary_large_image","twitter_misc":{"Gesch\u00e4tzte Lesezeit":"2 Minuten"},"schema":{"@context":"https:\/\/schema.org","@graph":[{"@type":"WebPage","@id":"https:\/\/www.csj-emballages.com\/de\/produit\/einkaufstasche-motiv-geschenke-pp-gewebt-wiederverwendbar-40-24-x-35-cm\/","url":"https:\/\/www.csj-emballages.com\/de\/produit\/einkaufstasche-motiv-geschenke-pp-gewebt-wiederverwendbar-40-24-x-35-cm\/","name":"Einkaufstasche Weihnachten - 40 + 24 x 35 cm","isPartOf":{"@id":"https:\/\/www.csj-emballages.com\/de\/#website"},"primaryImageOfPage":{"@id":"https:\/\/www.csj-emballages.com\/de\/produit\/einkaufstasche-motiv-geschenke-pp-gewebt-wiederverwendbar-40-24-x-35-cm\/#primaryimage"},"image":{"@id":"https:\/\/www.csj-emballages.com\/de\/produit\/einkaufstasche-motiv-geschenke-pp-gewebt-wiederverwendbar-40-24-x-35-cm\/#primaryimage"},"thumbnailUrl":"https:\/\/www.csj-emballages.com\/wp-content\/uploads\/2024\/11\/Saccabasnoel-scaled-e1732088230270.webp","datePublished":"2024-11-16T01:18:13+00:00","dateModified":"2026-04-08T00:16:06+00:00","description":"Entdecken Sie die Einkaufstasche mit dem Motiv \"Geschenke\" aus wiederverwendbarem, gewebtem PP: robust, umweltfreundlich und festlich. Perfekt f\u00fcr Weihnachten und deinen t\u00e4glichen Bedarf!","breadcrumb":{"@id":"https:\/\/www.csj-emballages.com\/de\/produit\/einkaufstasche-motiv-geschenke-pp-gewebt-wiederverwendbar-40-24-x-35-cm\/#breadcrumb"},"inLanguage":"de","potentialAction":[{"@type":"ReadAction","target":["https:\/\/www.csj-emballages.com\/de\/produit\/einkaufstasche-motiv-geschenke-pp-gewebt-wiederverwendbar-40-24-x-35-cm\/"]}]},{"@type":"ImageObject","inLanguage":"de","@id":"https:\/\/www.csj-emballages.com\/de\/produit\/einkaufstasche-motiv-geschenke-pp-gewebt-wiederverwendbar-40-24-x-35-cm\/#primaryimage","url":"https:\/\/www.csj-emballages.com\/wp-content\/uploads\/2024\/11\/Saccabasnoel-scaled-e1732088230270.webp","contentUrl":"https:\/\/www.csj-emballages.com\/wp-content\/uploads\/2024\/11\/Saccabasnoel-scaled-e1732088230270.webp","width":2048,"height":2048,"caption":"sac cabas"},{"@type":"BreadcrumbList","@id":"https:\/\/www.csj-emballages.com\/de\/produit\/einkaufstasche-motiv-geschenke-pp-gewebt-wiederverwendbar-40-24-x-35-cm\/#breadcrumb","itemListElement":[{"@type":"ListItem","position":1,"name":"Accueil","item":"https:\/\/www.csj-emballages.com\/de\/universum-lebensmittelverpackungen\/"},{"@type":"ListItem","position":2,"name":"Shop","item":"https:\/\/www.csj-emballages.com\/shop\/"},{"@type":"ListItem","position":3,"name":"Einkaufstasche Motiv \u00ab\u00a0Geschenke\u00a0\u00bb PP gewebt wiederverwendbar 40 + 24 x 35 cm"}]},{"@type":"WebSite","@id":"https:\/\/www.csj-emballages.com\/de\/#website","url":"https:\/\/www.csj-emballages.com\/de\/","name":"CSJ Emballages","description":"","publisher":{"@id":"https:\/\/www.csj-emballages.com\/de\/#organization"},"potentialAction":[{"@type":"SearchAction","target":{"@type":"EntryPoint","urlTemplate":"https:\/\/www.csj-emballages.com\/de\/?s={search_term_string}"},"query-input":{"@type":"PropertyValueSpecification","valueRequired":true,"valueName":"search_term_string"}}],"inLanguage":"de"},{"@type":"Organization","@id":"https:\/\/www.csj-emballages.com\/de\/#Organization\/","name":"CSJ Emballages","url":"https:\/\/www.csj-emballages.com\/de\/","logo":{"@type":"ImageObject","inLanguage":"de","@id":"https:\/\/www.csj-emballages.com\/de\/#\/schema\/logo\/image\/","url":"https:\/\/www.csj-emballages.com\/wp-content\/uploads\/2023\/10\/logo_csj.webp","contentUrl":"https:\/\/www.csj-emballages.com\/wp-content\/uploads\/2023\/10\/logo_csj.webp","width":250,"height":95,"caption":"CSJ Emballages"},"image":{"@id":"https:\/\/www.csj-emballages.com\/de\/#\/schema\/logo\/image\/"},"sameAs":["https:\/\/www.facebook.com\/csjemballages"],"address":{"@type":"PostalAddress","streetAddress":"ZI La Lechere","addressLocality":"Patornay","postalCode":"39130","addressCountry":"FR"},"contactPoint":[{"@type":"ContactPoint","contactType":"Service client","telephone":"0384254272","email":"contact@csj-emballages.com"}]}]}},"df_price":1.33,"df_sale_price":"","df_regular_price":1.33,"df_image_link":"https:\/\/www.csj-emballages.com\/wp-content\/uploads\/2024\/11\/Saccabasnoel-300x300.webp","tiered_pricing_type":"fixed","tiered_pricing_fixed_rules":[],"tiered_pricing_percentage_rules":[],"tiered_pricing_minimum":1,"tiered_pricing_roles_data":[],"_links":{"self":[{"href":"https:\/\/www.csj-emballages.com\/de\/wp-json\/wp\/v2\/product\/228767","targetHints":{"allow":["GET"]}}],"collection":[{"href":"https:\/\/www.csj-emballages.com\/de\/wp-json\/wp\/v2\/product"}],"about":[{"href":"https:\/\/www.csj-emballages.com\/de\/wp-json\/wp\/v2\/types\/product"}],"wp:featuredmedia":[{"embeddable":true,"href":"https:\/\/www.csj-emballages.com\/de\/wp-json\/wp\/v2\/media\/176566"}],"wp:attachment":[{"href":"https:\/\/www.csj-emballages.com\/de\/wp-json\/wp\/v2\/media?parent=228767"}],"wp:term":[{"taxonomy":"product_brand","embeddable":true,"href":"https:\/\/www.csj-emballages.com\/de\/wp-json\/wp\/v2\/product_brand?post=228767"},{"taxonomy":"product_cat","embeddable":true,"href":"https:\/\/www.csj-emballages.com\/de\/wp-json\/wp\/v2\/product_cat?post=228767"},{"taxonomy":"product_tag","embeddable":true,"href":"https:\/\/www.csj-emballages.com\/de\/wp-json\/wp\/v2\/product_tag?post=228767"}],"curies":[{"name":"wp","href":"https:\/\/api.w.org\/{rel}","templated":true}]}}