{"id":228766,"date":"2024-11-21T02:18:20","date_gmt":"2024-11-21T01:18:20","guid":{"rendered":"https:\/\/www.csj-emballages.com\/produit\/strohhalm-bubble-tea-bunt-papier-gerade-200-mm-o-12-mm-pro-50\/"},"modified":"2026-05-05T02:17:00","modified_gmt":"2026-05-05T00:17:00","slug":"strohhalm-bubble-tea-bunt-papier-gerade-200-mm-o-12-mm-pro-50","status":"publish","type":"product","link":"https:\/\/www.csj-emballages.com\/de\/produit\/strohhalm-bubble-tea-bunt-papier-gerade-200-mm-o-12-mm-pro-50\/","title":{"rendered":"Strohhalm Bubble Tea farbiges Papier gerade 200 mm \u00d8 12 mm pro 50 St\u00fcck"},"content":{"rendered":"<h2>Strohhalm Bubble Tea<\/h2>\n<hr>\n<h3><span style=\"font-weight: bold;\">Entdecken Sie unseren farbigen Bubble Tea Strohhalm aus Papier, gerade 200 mm \u00d8 12 mm pro 50 St\u00fcck<\/span><\/h3>\n<p><!--more--><\/p>\n<p data-start=\"272\" data-end=\"694\"><strong>Bubble-Tea-Liebhaber<\/strong> wissen es: Ohne den passenden Strohhalm ist es unm\u00f6glich, dieses Gourmetgetr\u00e4nk in vollen Z\u00fcgen zu genie\u00dfen. Hier kommen unsere <strong data-start=\"411\" data-end=\"457\">geraden Bubble Tea-Strohhalme aus buntem Papier \u00d8 12 mm<\/strong> ins Spiel. Diese Strohhalme mit ihrem <strong data-start=\"570\" data-end=\"588\">gro\u00dfen Durchmesser<\/strong> wurden speziell f\u00fcr <strong data-start=\"504\" data-end=\"525\">Tapioka-Perlen<\/strong> und andere gro\u00dfz\u00fcgige Toppings entwickelt und erm\u00f6glichen ein einfaches Ansaugen der Perlen ohne Verstopfung, w\u00e4hrend Sie gleichzeitig einen guten Trinkfluss genie\u00dfen k\u00f6nnen.  <\/p>\n<p data-start=\"696\" data-end=\"1104\">Mit einer <strong data-start=\"702\" data-end=\"724\">L\u00e4nge von 200 mm<\/strong> sind sie mit den meisten <strong>Bechern <\/strong> kompatibel, die <strong>f\u00fcr Bubble Tea verwendet werden <\/strong>(<span style=\"color: #d12727;\"><a style=\"color: #d12727;\" href=\"https:\/\/www.csj-emballages.com\/de\/produit\/48-heisssiegelbare-bubble-tea-glaeser-aus-kunststoff-95o-rpet-500-ml\/\">GM500BUBBLE<\/a><\/span>), Smoothies, frischen S\u00e4ften oder Milchshakes verwendet werden. Mit ihrer <strong data-start=\"843\" data-end=\"871\">auff\u00e4lligen Farbe<\/strong> verleihen sie Ihren Getr\u00e4nken einen Hauch von Spa\u00df, ideal f\u00fcr den professionellen Service oder eine gem\u00fctliche Atmosph\u00e4re mit Freunden. Sie sind aus <strong data-start=\"1004\" data-end=\"1023\">verst\u00e4rktem Papier<\/strong> hergestellt und vereinen Leistung, Benutzerkomfort und Umweltfreundlichkeit.  <\/p>\n<p data-start=\"1106\" data-end=\"1391\">Diese <strong>Papierstrohhalme<\/strong> sind <strong data-start=\"1123\" data-end=\"1155\">Einwegprodukte, aber biologisch abbaubar<\/strong>. Sie eignen sich perfekt f\u00fcr Gastronomiebetriebe, die sich f\u00fcr ein umweltbewusstes Handeln einsetzen. Sie werden im <strong data-start=\"1269\" data-end=\"1282\">Set von 50 St\u00fcck<\/strong> verkauft und sind sofort einsatzbereit f\u00fcr Ihre <strong>Bubble Tea<\/strong> Bars, Food Trucks, Caf\u00e9s oder f\u00fcr Ihre privaten Veranstaltungen. <\/p>\n<p data-start=\"1393\" data-end=\"1506\">Entscheiden Sie sich f\u00fcr ein Accessoire, das sowohl praktisch als auch \u00e4sthetisch ansprechend und langlebig ist, um Ihre Trendgetr\u00e4nke zu begleiten.<\/p>\n<p>&nbsp;<\/p>\n<p><!--more--><\/p>\n<h4>Die Vorteile :<\/h4>\n<ul>\n<li>Breiter Durchmesser (\u00d8 12 mm) perfekt f\u00fcr Tapiokaperlen.<\/li>\n<li><strong>Verst\u00e4rktes Papier<\/strong>: fest und biologisch abbaubar.<\/li>\n<li>Ideale L\u00e4nge (200 mm) f\u00fcr klassische Becher.<\/li>\n<li>Verschiedene Farben f\u00fcr einen festlichen und visuellen Service.<\/li>\n<li>Set mit 50 Strohhalmen, gebrauchsfertig.<\/li>\n<\/ul>\n<p>&nbsp;<\/p>\n<p><!--more--><\/p>\n<h4>Weitere Informationen :<\/h4>\n<ul>\n<li><strong>Verpackung<\/strong>: Packung mit 50 St\u00fcck<\/li>\n<li><b>H\u00f6he: <\/b>200 mm<\/li>\n<li><strong>Durchmesser<\/strong>: 12 mm<\/li>\n<li><strong>Materialien<\/strong>: Papier<\/li>\n<li><strong>Farbe: <\/strong>Rosa \/ Hellblau \/ Blau \/ Violett \/ Gelb<\/li>\n<li><strong>Kategorie<\/strong>: Strohhalm Bubble Tea<\/li>\n<\/ul>\n<p>&nbsp;<\/p>\n<p><!--more--><\/p>\n<p><span style=\"color: #d12727;\"><span style=\"color: #000000;\">Hier finden Sie unseren Trinkhalm Bubble Tea Kraft<\/span>: <a style=\"color: #d12727;\" href=\"https:\/\/www.csj-emballages.com\/de\/produit\/50-gerade-strohhalme-210-mm-kraftpapier-bubble-tea-o-12-mm\/\">PAILP210X12K<\/a><\/span><\/p>\n<p>&nbsp;<\/p>\n<p><!--more--><\/p>\n<p><a href=\"https:\/\/www.csj-emballages.com\/de\/categorie-produit\/lebensmittelverpackungen\/bio-sortiment\/besteck-strohhalme\/bio-strohhalme\/\">Sehen Sie sich hier den Rest unseres Sortiments an Papierstroh an<\/a><\/p>\n","protected":false},"excerpt":{"rendered":"<p>Strohhalm Bubble Tea Entdecken Sie unseren farbigen Bubble Tea Strohhalm aus Papier, gerade 200 mm \u00d8 12 mm pro 50 St\u00fcck<\/p>\n","protected":false},"featured_media":240057,"template":"","meta":{"_acf_changed":false},"product_brand":[],"product_cat":[1137,1134,3961,3003,1146,7615,3002],"product_tag":[],"class_list":{"0":"post-228766","1":"product","2":"type-product","3":"status-publish","4":"has-post-thumbnail","6":"product_cat-lebensmittelverpackungen","7":"product_cat-restauration-de","8":"product_cat-teller-einwegbesteck-strohhalme","9":"product_cat-strohhalme","10":"product_cat-bio-sortiment","11":"product_cat-besteck-strohhalme","12":"product_cat-bio-strohhalme","14":"first","15":"instock","16":"taxable","17":"shipping-taxable","18":"purchasable","19":"product-type-simple"},"acf":[],"yoast_head":"<!-- This site is optimized with the Yoast SEO Premium plugin v26.6 (Yoast SEO v26.6) - https:\/\/yoast.com\/wordpress\/plugins\/seo\/ -->\n<title>Strohhalm Bubble Tea Farbig aus Papier Gerade 200 mm \u00d8 12 mm<\/title>\n<meta name=\"description\" content=\"Entdecken Sie unsere Auswahl an bunten Bubble-Tea-Strohhalmen aus Papier. Sie sind robust, umweltfreundlich und ideal, um Ihren Bubble Tea zu genie\u00dfen. Packung mit 50 St\u00fcck\" \/>\n<meta name=\"robots\" content=\"index, follow, max-snippet:-1, max-image-preview:large, max-video-preview:-1\" \/>\n<link rel=\"canonical\" href=\"https:\/\/www.csj-emballages.com\/de\/produit\/strohhalm-bubble-tea-bunt-papier-gerade-200-mm-o-12-mm-pro-50\/\" \/>\n<meta property=\"og:locale\" content=\"de_DE\" \/>\n<meta property=\"og:type\" content=\"article\" \/>\n<meta property=\"og:title\" content=\"Strohhalm Bubble Tea Gerade Papier - 200 cm \/ \u00d812 mm\" \/>\n<meta property=\"og:description\" content=\"Entdecken Sie unsere Auswahl an bunten Bubble-Tea-Strohhalmen aus Papier. Sie sind robust, umweltfreundlich und ideal, um Ihren Bubble Tea zu genie\u00dfen. Packung mit 50 St\u00fcck\" \/>\n<meta property=\"og:url\" content=\"https:\/\/www.csj-emballages.com\/de\/produit\/strohhalm-bubble-tea-bunt-papier-gerade-200-mm-o-12-mm-pro-50\/\" \/>\n<meta property=\"og:site_name\" content=\"CSJ Emballages\" \/>\n<meta property=\"article:publisher\" content=\"https:\/\/www.facebook.com\/csjemballages\" \/>\n<meta property=\"article:modified_time\" content=\"2026-05-05T00:17:00+00:00\" \/>\n<meta property=\"og:image\" content=\"https:\/\/www.csj-emballages.com\/wp-content\/uploads\/2024\/11\/PAILP200X12C.webp\" \/>\n\t<meta property=\"og:image:width\" content=\"800\" \/>\n\t<meta property=\"og:image:height\" content=\"800\" \/>\n\t<meta property=\"og:image:type\" content=\"image\/webp\" \/>\n<meta name=\"twitter:card\" content=\"summary_large_image\" \/>\n<meta name=\"twitter:title\" content=\"Strohhalm Bubble Tea Gerade Papier - 200 cm \/ \u00d812 mm\" \/>\n<meta name=\"twitter:description\" content=\"Entdecken Sie unsere Auswahl an bunten Bubble-Tea-Strohhalmen aus Papier. Sie sind robust, umweltfreundlich und ideal, um Ihren Bubble Tea zu genie\u00dfen. Packung mit 50 St\u00fcck\" \/>\n<meta name=\"twitter:label1\" content=\"Gesch\u00e4tzte Lesezeit\" \/>\n\t<meta name=\"twitter:data1\" content=\"2 Minuten\" \/>\n<script type=\"application\/ld+json\" class=\"yoast-schema-graph\">{\"@context\":\"https:\/\/schema.org\",\"@graph\":[{\"@type\":\"WebPage\",\"@id\":\"https:\/\/www.csj-emballages.com\/de\/produit\/strohhalm-bubble-tea-bunt-papier-gerade-200-mm-o-12-mm-pro-50\/\",\"url\":\"https:\/\/www.csj-emballages.com\/de\/produit\/strohhalm-bubble-tea-bunt-papier-gerade-200-mm-o-12-mm-pro-50\/\",\"name\":\"Strohhalm Bubble Tea Farbig aus Papier Gerade 200 mm \u00d8 12 mm\",\"isPartOf\":{\"@id\":\"https:\/\/www.csj-emballages.com\/de\/#website\"},\"primaryImageOfPage\":{\"@id\":\"https:\/\/www.csj-emballages.com\/de\/produit\/strohhalm-bubble-tea-bunt-papier-gerade-200-mm-o-12-mm-pro-50\/#primaryimage\"},\"image\":{\"@id\":\"https:\/\/www.csj-emballages.com\/de\/produit\/strohhalm-bubble-tea-bunt-papier-gerade-200-mm-o-12-mm-pro-50\/#primaryimage\"},\"thumbnailUrl\":\"https:\/\/www.csj-emballages.com\/wp-content\/uploads\/2024\/11\/PAILP200X12C.webp\",\"datePublished\":\"2024-11-21T01:18:20+00:00\",\"dateModified\":\"2026-05-05T00:17:00+00:00\",\"description\":\"Entdecken Sie unsere Auswahl an bunten Bubble-Tea-Strohhalmen aus Papier. Sie sind robust, umweltfreundlich und ideal, um Ihren Bubble Tea zu genie\u00dfen. Packung mit 50 St\u00fcck\",\"breadcrumb\":{\"@id\":\"https:\/\/www.csj-emballages.com\/de\/produit\/strohhalm-bubble-tea-bunt-papier-gerade-200-mm-o-12-mm-pro-50\/#breadcrumb\"},\"inLanguage\":\"de\",\"potentialAction\":[{\"@type\":\"ReadAction\",\"target\":[\"https:\/\/www.csj-emballages.com\/de\/produit\/strohhalm-bubble-tea-bunt-papier-gerade-200-mm-o-12-mm-pro-50\/\"]}]},{\"@type\":\"ImageObject\",\"inLanguage\":\"de\",\"@id\":\"https:\/\/www.csj-emballages.com\/de\/produit\/strohhalm-bubble-tea-bunt-papier-gerade-200-mm-o-12-mm-pro-50\/#primaryimage\",\"url\":\"https:\/\/www.csj-emballages.com\/wp-content\/uploads\/2024\/11\/PAILP200X12C.webp\",\"contentUrl\":\"https:\/\/www.csj-emballages.com\/wp-content\/uploads\/2024\/11\/PAILP200X12C.webp\",\"width\":800,\"height\":800,\"caption\":\"Paille Bubble Tea\"},{\"@type\":\"BreadcrumbList\",\"@id\":\"https:\/\/www.csj-emballages.com\/de\/produit\/strohhalm-bubble-tea-bunt-papier-gerade-200-mm-o-12-mm-pro-50\/#breadcrumb\",\"itemListElement\":[{\"@type\":\"ListItem\",\"position\":1,\"name\":\"Accueil\",\"item\":\"https:\/\/www.csj-emballages.com\/de\/universum-lebensmittelverpackungen\/\"},{\"@type\":\"ListItem\",\"position\":2,\"name\":\"Shop\",\"item\":\"https:\/\/www.csj-emballages.com\/shop\/\"},{\"@type\":\"ListItem\",\"position\":3,\"name\":\"Strohhalm Bubble Tea farbiges Papier gerade 200 mm \u00d8 12 mm pro 50 St\u00fcck\"}]},{\"@type\":\"WebSite\",\"@id\":\"https:\/\/www.csj-emballages.com\/de\/#website\",\"url\":\"https:\/\/www.csj-emballages.com\/de\/\",\"name\":\"CSJ Emballages\",\"description\":\"\",\"publisher\":{\"@id\":\"https:\/\/www.csj-emballages.com\/de\/#organization\"},\"potentialAction\":[{\"@type\":\"SearchAction\",\"target\":{\"@type\":\"EntryPoint\",\"urlTemplate\":\"https:\/\/www.csj-emballages.com\/de\/?s={search_term_string}\"},\"query-input\":{\"@type\":\"PropertyValueSpecification\",\"valueRequired\":true,\"valueName\":\"search_term_string\"}}],\"inLanguage\":\"de\"},{\"@type\":\"Organization\",\"@id\":\"https:\/\/www.csj-emballages.com\/de\/#Organization\/\",\"name\":\"CSJ Emballages\",\"url\":\"https:\/\/www.csj-emballages.com\/de\/\",\"logo\":{\"@type\":\"ImageObject\",\"inLanguage\":\"de\",\"@id\":\"https:\/\/www.csj-emballages.com\/de\/#\/schema\/logo\/image\/\",\"url\":\"https:\/\/www.csj-emballages.com\/wp-content\/uploads\/2023\/10\/logo_csj.webp\",\"contentUrl\":\"https:\/\/www.csj-emballages.com\/wp-content\/uploads\/2023\/10\/logo_csj.webp\",\"width\":250,\"height\":95,\"caption\":\"CSJ Emballages\"},\"image\":{\"@id\":\"https:\/\/www.csj-emballages.com\/de\/#\/schema\/logo\/image\/\"},\"sameAs\":[\"https:\/\/www.facebook.com\/csjemballages\"],\"address\":{\"@type\":\"PostalAddress\",\"streetAddress\":\"ZI La Lechere\",\"addressLocality\":\"Patornay\",\"postalCode\":\"39130\",\"addressCountry\":\"FR\"},\"contactPoint\":[{\"@type\":\"ContactPoint\",\"contactType\":\"Service client\",\"telephone\":\"0384254272\",\"email\":\"contact@csj-emballages.com\"}]}]}<\/script>\n<!-- \/ Yoast SEO Premium plugin. -->","yoast_head_json":{"title":"Strohhalm Bubble Tea Farbig aus Papier Gerade 200 mm \u00d8 12 mm","description":"Entdecken Sie unsere Auswahl an bunten Bubble-Tea-Strohhalmen aus Papier. Sie sind robust, umweltfreundlich und ideal, um Ihren Bubble Tea zu genie\u00dfen. Packung mit 50 St\u00fcck","robots":{"index":"index","follow":"follow","max-snippet":"max-snippet:-1","max-image-preview":"max-image-preview:large","max-video-preview":"max-video-preview:-1"},"canonical":"https:\/\/www.csj-emballages.com\/de\/produit\/strohhalm-bubble-tea-bunt-papier-gerade-200-mm-o-12-mm-pro-50\/","og_locale":"de_DE","og_type":"article","og_title":"Strohhalm Bubble Tea Gerade Papier - 200 cm \/ \u00d812 mm","og_description":"Entdecken Sie unsere Auswahl an bunten Bubble-Tea-Strohhalmen aus Papier. Sie sind robust, umweltfreundlich und ideal, um Ihren Bubble Tea zu genie\u00dfen. Packung mit 50 St\u00fcck","og_url":"https:\/\/www.csj-emballages.com\/de\/produit\/strohhalm-bubble-tea-bunt-papier-gerade-200-mm-o-12-mm-pro-50\/","og_site_name":"CSJ Emballages","article_publisher":"https:\/\/www.facebook.com\/csjemballages","article_modified_time":"2026-05-05T00:17:00+00:00","og_image":[{"width":800,"height":800,"url":"https:\/\/www.csj-emballages.com\/wp-content\/uploads\/2024\/11\/PAILP200X12C.webp","type":"image\/webp"}],"twitter_card":"summary_large_image","twitter_title":"Strohhalm Bubble Tea Gerade Papier - 200 cm \/ \u00d812 mm","twitter_description":"Entdecken Sie unsere Auswahl an bunten Bubble-Tea-Strohhalmen aus Papier. Sie sind robust, umweltfreundlich und ideal, um Ihren Bubble Tea zu genie\u00dfen. Packung mit 50 St\u00fcck","twitter_misc":{"Gesch\u00e4tzte Lesezeit":"2 Minuten"},"schema":{"@context":"https:\/\/schema.org","@graph":[{"@type":"WebPage","@id":"https:\/\/www.csj-emballages.com\/de\/produit\/strohhalm-bubble-tea-bunt-papier-gerade-200-mm-o-12-mm-pro-50\/","url":"https:\/\/www.csj-emballages.com\/de\/produit\/strohhalm-bubble-tea-bunt-papier-gerade-200-mm-o-12-mm-pro-50\/","name":"Strohhalm Bubble Tea Farbig aus Papier Gerade 200 mm \u00d8 12 mm","isPartOf":{"@id":"https:\/\/www.csj-emballages.com\/de\/#website"},"primaryImageOfPage":{"@id":"https:\/\/www.csj-emballages.com\/de\/produit\/strohhalm-bubble-tea-bunt-papier-gerade-200-mm-o-12-mm-pro-50\/#primaryimage"},"image":{"@id":"https:\/\/www.csj-emballages.com\/de\/produit\/strohhalm-bubble-tea-bunt-papier-gerade-200-mm-o-12-mm-pro-50\/#primaryimage"},"thumbnailUrl":"https:\/\/www.csj-emballages.com\/wp-content\/uploads\/2024\/11\/PAILP200X12C.webp","datePublished":"2024-11-21T01:18:20+00:00","dateModified":"2026-05-05T00:17:00+00:00","description":"Entdecken Sie unsere Auswahl an bunten Bubble-Tea-Strohhalmen aus Papier. Sie sind robust, umweltfreundlich und ideal, um Ihren Bubble Tea zu genie\u00dfen. Packung mit 50 St\u00fcck","breadcrumb":{"@id":"https:\/\/www.csj-emballages.com\/de\/produit\/strohhalm-bubble-tea-bunt-papier-gerade-200-mm-o-12-mm-pro-50\/#breadcrumb"},"inLanguage":"de","potentialAction":[{"@type":"ReadAction","target":["https:\/\/www.csj-emballages.com\/de\/produit\/strohhalm-bubble-tea-bunt-papier-gerade-200-mm-o-12-mm-pro-50\/"]}]},{"@type":"ImageObject","inLanguage":"de","@id":"https:\/\/www.csj-emballages.com\/de\/produit\/strohhalm-bubble-tea-bunt-papier-gerade-200-mm-o-12-mm-pro-50\/#primaryimage","url":"https:\/\/www.csj-emballages.com\/wp-content\/uploads\/2024\/11\/PAILP200X12C.webp","contentUrl":"https:\/\/www.csj-emballages.com\/wp-content\/uploads\/2024\/11\/PAILP200X12C.webp","width":800,"height":800,"caption":"Paille Bubble Tea"},{"@type":"BreadcrumbList","@id":"https:\/\/www.csj-emballages.com\/de\/produit\/strohhalm-bubble-tea-bunt-papier-gerade-200-mm-o-12-mm-pro-50\/#breadcrumb","itemListElement":[{"@type":"ListItem","position":1,"name":"Accueil","item":"https:\/\/www.csj-emballages.com\/de\/universum-lebensmittelverpackungen\/"},{"@type":"ListItem","position":2,"name":"Shop","item":"https:\/\/www.csj-emballages.com\/shop\/"},{"@type":"ListItem","position":3,"name":"Strohhalm Bubble Tea farbiges Papier gerade 200 mm \u00d8 12 mm pro 50 St\u00fcck"}]},{"@type":"WebSite","@id":"https:\/\/www.csj-emballages.com\/de\/#website","url":"https:\/\/www.csj-emballages.com\/de\/","name":"CSJ Emballages","description":"","publisher":{"@id":"https:\/\/www.csj-emballages.com\/de\/#organization"},"potentialAction":[{"@type":"SearchAction","target":{"@type":"EntryPoint","urlTemplate":"https:\/\/www.csj-emballages.com\/de\/?s={search_term_string}"},"query-input":{"@type":"PropertyValueSpecification","valueRequired":true,"valueName":"search_term_string"}}],"inLanguage":"de"},{"@type":"Organization","@id":"https:\/\/www.csj-emballages.com\/de\/#Organization\/","name":"CSJ Emballages","url":"https:\/\/www.csj-emballages.com\/de\/","logo":{"@type":"ImageObject","inLanguage":"de","@id":"https:\/\/www.csj-emballages.com\/de\/#\/schema\/logo\/image\/","url":"https:\/\/www.csj-emballages.com\/wp-content\/uploads\/2023\/10\/logo_csj.webp","contentUrl":"https:\/\/www.csj-emballages.com\/wp-content\/uploads\/2023\/10\/logo_csj.webp","width":250,"height":95,"caption":"CSJ Emballages"},"image":{"@id":"https:\/\/www.csj-emballages.com\/de\/#\/schema\/logo\/image\/"},"sameAs":["https:\/\/www.facebook.com\/csjemballages"],"address":{"@type":"PostalAddress","streetAddress":"ZI La Lechere","addressLocality":"Patornay","postalCode":"39130","addressCountry":"FR"},"contactPoint":[{"@type":"ContactPoint","contactType":"Service client","telephone":"0384254272","email":"contact@csj-emballages.com"}]}]}},"df_price":1.78,"df_sale_price":"","df_regular_price":1.78,"df_image_link":"https:\/\/www.csj-emballages.com\/wp-content\/uploads\/2024\/11\/PAILP200X12C-300x300.webp","tiered_pricing_type":"fixed","tiered_pricing_fixed_rules":[],"tiered_pricing_percentage_rules":[],"tiered_pricing_minimum":1,"tiered_pricing_roles_data":[],"_links":{"self":[{"href":"https:\/\/www.csj-emballages.com\/de\/wp-json\/wp\/v2\/product\/228766","targetHints":{"allow":["GET"]}}],"collection":[{"href":"https:\/\/www.csj-emballages.com\/de\/wp-json\/wp\/v2\/product"}],"about":[{"href":"https:\/\/www.csj-emballages.com\/de\/wp-json\/wp\/v2\/types\/product"}],"wp:featuredmedia":[{"embeddable":true,"href":"https:\/\/www.csj-emballages.com\/de\/wp-json\/wp\/v2\/media\/240057"}],"wp:attachment":[{"href":"https:\/\/www.csj-emballages.com\/de\/wp-json\/wp\/v2\/media?parent=228766"}],"wp:term":[{"taxonomy":"product_brand","embeddable":true,"href":"https:\/\/www.csj-emballages.com\/de\/wp-json\/wp\/v2\/product_brand?post=228766"},{"taxonomy":"product_cat","embeddable":true,"href":"https:\/\/www.csj-emballages.com\/de\/wp-json\/wp\/v2\/product_cat?post=228766"},{"taxonomy":"product_tag","embeddable":true,"href":"https:\/\/www.csj-emballages.com\/de\/wp-json\/wp\/v2\/product_tag?post=228766"}],"curies":[{"name":"wp","href":"https:\/\/api.w.org\/{rel}","templated":true}]}}