{"id":22875,"date":"2024-03-01T16:50:18","date_gmt":"2024-03-01T15:50:18","guid":{"rendered":"https:\/\/u15jnbdpoq.preview.infomaniak.website\/produit\/1000-handtuecher-mit-fingerspuelung-zitrone\/"},"modified":"2026-04-29T02:17:08","modified_gmt":"2026-04-29T00:17:08","slug":"1000-handtuecher-mit-fingerspuelung-zitrone","status":"publish","type":"product","link":"https:\/\/www.csj-emballages.com\/de\/produit\/1000-handtuecher-mit-fingerspuelung-zitrone\/","title":{"rendered":"Fingersp\u00fclung Zitrone pro 1000"},"content":{"rendered":"<h2>Fingersp\u00fclung<\/h2>\n<hr>\n<h3>Entdecken Sie unsere Fingersp\u00fclung Zitrone pro 1000<\/h3>\n<p><!--more--><\/p>\n<p data-start=\"255\" data-end=\"578\">Das <strong data-start=\"258\" data-end=\"290\">Zitronenfingersp\u00fclsystem 1000<\/strong> ist ein unverzichtbares Hilfsmittel f\u00fcr alle, die in der Gastronomie, im Veranstaltungsbereich und sogar f\u00fcr Privatpersonen t\u00e4tig sind, die gerne gepflegt empfangen. Praktisch und hygienisch, bietet es eine einfache L\u00f6sung, damit Ihre Kunden oder G\u00e4ste sich nach dem Essen die H\u00e4nde reinigen k\u00f6nnen. <\/p>\n<p data-start=\"580\" data-end=\"936\">Besonders beliebt beim Verzehr von Meeresfr\u00fcchten, Schalentieren, Gegrilltem oder Fingerfood, sorgt der <strong data-start=\"715\" data-end=\"738\">Zitronensp\u00fcler<\/strong> f\u00fcr einen echten Hauch von Komfort und Sauberkeit. Jedes <strong>Tuch<\/strong> ist mit einer <strong>nach Zitrone duftenden<\/strong> L\u00f6sung getr\u00e4nkt, die wirksam reinigt und gleichzeitig ein angenehmes Frischegef\u00fchl hinterl\u00e4sst. <\/p>\n<p data-start=\"938\" data-end=\"1232\">Dieses Produkt ist in einer g\u00fcnstigen Verpackungseinheit von <strong data-start=\"971\" data-end=\"986\">1000 St\u00fcck<\/strong> erh\u00e4ltlich und eignet sich ideal f\u00fcr <strong data-start=\"1018\" data-end=\"1033\">Restaurants<\/strong>, <strong data-start=\"1035\" data-end=\"1048\">Cateringunternehmen<\/strong>, <strong data-start=\"1050\" data-end=\"1063\">Imbissbuden<\/strong> oder auch f\u00fcr die Organisation von Empf\u00e4ngen. Mit diesem Format k\u00f6nnen Sie sicher sein, dass Sie immer genug zur Verf\u00fcgung haben, um Ihre Kunden zufrieden zu stellen, ohne dass es zu Lieferengp\u00e4ssen kommt. <\/p>\n<p data-start=\"1234\" data-end=\"1519\">Sein individuelles Format in einem geschlossenen Beutel garantiert perfekte Hygiene: Jeder Gast hat seine gebrauchsfertige <strong data-start=\"1333\" data-end=\"1349\">Fingersp\u00fclung<\/strong> dabei. Es ist leicht zu verteilen und zu transportieren und passt sich allen Situationen an, sei es im Lokal, zum Mitnehmen, auf der Terrasse oder bei festlichen Veranstaltungen. <\/p>\n<p data-start=\"1521\" data-end=\"1843\">Neben dem praktischen Aspekt zeigt dieses kleine Detail Ihre Professionalit\u00e4t und die Aufmerksamkeit, die Sie Ihren G\u00e4sten entgegenbringen. Denn in der Gastronomie sind es oft diese Aufmerksamkeiten, die den Unterschied ausmachen. Mit dem <strong data-start=\"1738\" data-end=\"1770\">1000er Zitronenfingersp\u00fcler<\/strong> kombinieren Sie <strong data-start=\"1786\" data-end=\"1821\">Sauberkeit, Komfort und Effizienz<\/strong> in einer einzigen Geste.  <\/p>\n<p>&nbsp;<\/p>\n<p><!--more--><\/p>\n<h4>Vorteile :<\/h4>\n<ul>\n<li>Garantierte Hygiene durch Einzelverpackung.<\/li>\n<li>Praktisch und schnell zu verwenden.<\/li>\n<li>Frischer Zitronenduft, der ein angenehmes Gef\u00fchl hinterl\u00e4sst.<\/li>\n<li>Sparformat mit 1000 Einheiten.<\/li>\n<li><strong data-start=\"2074\" data-end=\"2088\">Vielseitig<\/strong>: geeignet f\u00fcr Catering, Veranstaltungen und das Essen mit Freunden.<\/li>\n<\/ul>\n<p>&nbsp;<\/p>\n<p><!--more--><\/p>\n<h4>Weitere Informationen :<\/h4>\n<ul>\n<li><strong>Verpackung<\/strong>: Karton mit 1000 St\u00fcck<\/li>\n<li><strong>Ma\u00dfe<\/strong>: 135 x 130 mm<\/li>\n<li>L\u00f6sung mit Zitronenduft<\/li>\n<\/ul>\n<p>&nbsp;<\/p>\n<p><!--more--><\/p>\n<p><a href=\"https:\/\/www.csj-emballages.com\/de\/categorie-produit\/lebensmittelverpackungen\/restauration-de\/servietten-tischsets-tischdecken\/handtucher-mit-fingerspitzengefuhl\/\">Sehen Sie sich den Rest unseres Sortiments an fingeraussp\u00fclenden Handt\u00fcchern an<\/a><\/p>\n","protected":false},"excerpt":{"rendered":"<p>Fingersp\u00fclung Entdecken Sie unsere Fingersp\u00fclung Zitrone pro 1000<\/p>\n","protected":false},"featured_media":215573,"template":"","meta":{"_acf_changed":false},"product_brand":[],"product_cat":[1137,1134,1135,3249],"product_tag":[],"class_list":{"0":"post-22875","1":"product","2":"type-product","3":"status-publish","4":"has-post-thumbnail","6":"product_cat-lebensmittelverpackungen","7":"product_cat-restauration-de","8":"product_cat-servietten-tischsets-tischdecken","9":"product_cat-handtucher-mit-fingerspitzengefuhl","11":"first","12":"instock","13":"taxable","14":"shipping-taxable","15":"purchasable","16":"product-type-simple"},"acf":[],"yoast_head":"<!-- This site is optimized with the Yoast SEO Premium plugin v26.6 (Yoast SEO v26.6) - https:\/\/yoast.com\/wordpress\/plugins\/seo\/ -->\n<title>Fingersp\u00fclung f\u00fcr Handt\u00fccher Zitrone - Par 1000<\/title>\n<meta name=\"description\" content=\"Entdecken Sie jetzt unsere Handt\u00fccher mit Fingersp\u00fclung und Zitronenduft. Sie werden in Kartons zu 1000 St\u00fcck verkauft, sind praktisch und riechen gut.\" \/>\n<meta name=\"robots\" content=\"index, follow, max-snippet:-1, max-image-preview:large, max-video-preview:-1\" \/>\n<link rel=\"canonical\" href=\"https:\/\/www.csj-emballages.com\/de\/produit\/1000-handtuecher-mit-fingerspuelung-zitrone\/\" \/>\n<meta property=\"og:locale\" content=\"de_DE\" \/>\n<meta property=\"og:type\" content=\"article\" \/>\n<meta property=\"og:title\" content=\"Fingersp\u00fclung Zitrone pro 1000\" \/>\n<meta property=\"og:description\" content=\"Entdecken Sie jetzt unsere Handt\u00fccher mit Fingersp\u00fclung und Zitronenduft. Sie werden in Kartons zu 1000 St\u00fcck verkauft, sind praktisch und riechen gut.\" \/>\n<meta property=\"og:url\" content=\"https:\/\/www.csj-emballages.com\/de\/produit\/1000-handtuecher-mit-fingerspuelung-zitrone\/\" \/>\n<meta property=\"og:site_name\" content=\"CSJ Emballages\" \/>\n<meta property=\"article:publisher\" content=\"https:\/\/www.facebook.com\/csjemballages\" \/>\n<meta property=\"article:modified_time\" content=\"2026-04-29T00:17:08+00:00\" \/>\n<meta property=\"og:image\" content=\"https:\/\/www.csj-emballages.com\/wp-content\/uploads\/2024\/03\/rince-doigt.webp\" \/>\n\t<meta property=\"og:image:width\" content=\"800\" \/>\n\t<meta property=\"og:image:height\" content=\"800\" \/>\n\t<meta property=\"og:image:type\" content=\"image\/webp\" \/>\n<meta name=\"twitter:card\" content=\"summary_large_image\" \/>\n<meta name=\"twitter:label1\" content=\"Gesch\u00e4tzte Lesezeit\" \/>\n\t<meta name=\"twitter:data1\" content=\"2 Minuten\" \/>\n<script type=\"application\/ld+json\" class=\"yoast-schema-graph\">{\"@context\":\"https:\/\/schema.org\",\"@graph\":[{\"@type\":\"WebPage\",\"@id\":\"https:\/\/www.csj-emballages.com\/de\/produit\/1000-handtuecher-mit-fingerspuelung-zitrone\/\",\"url\":\"https:\/\/www.csj-emballages.com\/de\/produit\/1000-handtuecher-mit-fingerspuelung-zitrone\/\",\"name\":\"Fingersp\u00fclung f\u00fcr Handt\u00fccher Zitrone - Par 1000\",\"isPartOf\":{\"@id\":\"https:\/\/www.csj-emballages.com\/de\/#website\"},\"primaryImageOfPage\":{\"@id\":\"https:\/\/www.csj-emballages.com\/de\/produit\/1000-handtuecher-mit-fingerspuelung-zitrone\/#primaryimage\"},\"image\":{\"@id\":\"https:\/\/www.csj-emballages.com\/de\/produit\/1000-handtuecher-mit-fingerspuelung-zitrone\/#primaryimage\"},\"thumbnailUrl\":\"https:\/\/www.csj-emballages.com\/wp-content\/uploads\/2024\/03\/rince-doigt.webp\",\"datePublished\":\"2024-03-01T15:50:18+00:00\",\"dateModified\":\"2026-04-29T00:17:08+00:00\",\"description\":\"Entdecken Sie jetzt unsere Handt\u00fccher mit Fingersp\u00fclung und Zitronenduft. Sie werden in Kartons zu 1000 St\u00fcck verkauft, sind praktisch und riechen gut.\",\"breadcrumb\":{\"@id\":\"https:\/\/www.csj-emballages.com\/de\/produit\/1000-handtuecher-mit-fingerspuelung-zitrone\/#breadcrumb\"},\"inLanguage\":\"de\",\"potentialAction\":[{\"@type\":\"ReadAction\",\"target\":[\"https:\/\/www.csj-emballages.com\/de\/produit\/1000-handtuecher-mit-fingerspuelung-zitrone\/\"]}]},{\"@type\":\"ImageObject\",\"inLanguage\":\"de\",\"@id\":\"https:\/\/www.csj-emballages.com\/de\/produit\/1000-handtuecher-mit-fingerspuelung-zitrone\/#primaryimage\",\"url\":\"https:\/\/www.csj-emballages.com\/wp-content\/uploads\/2024\/03\/rince-doigt.webp\",\"contentUrl\":\"https:\/\/www.csj-emballages.com\/wp-content\/uploads\/2024\/03\/rince-doigt.webp\",\"width\":800,\"height\":800,\"caption\":\"Rince doigt\"},{\"@type\":\"BreadcrumbList\",\"@id\":\"https:\/\/www.csj-emballages.com\/de\/produit\/1000-handtuecher-mit-fingerspuelung-zitrone\/#breadcrumb\",\"itemListElement\":[{\"@type\":\"ListItem\",\"position\":1,\"name\":\"Accueil\",\"item\":\"https:\/\/www.csj-emballages.com\/de\/universum-lebensmittelverpackungen\/\"},{\"@type\":\"ListItem\",\"position\":2,\"name\":\"Shop\",\"item\":\"https:\/\/www.csj-emballages.com\/shop\/\"},{\"@type\":\"ListItem\",\"position\":3,\"name\":\"Fingersp\u00fclung Zitrone pro 1000\"}]},{\"@type\":\"WebSite\",\"@id\":\"https:\/\/www.csj-emballages.com\/de\/#website\",\"url\":\"https:\/\/www.csj-emballages.com\/de\/\",\"name\":\"CSJ Emballages\",\"description\":\"\",\"publisher\":{\"@id\":\"https:\/\/www.csj-emballages.com\/de\/#organization\"},\"potentialAction\":[{\"@type\":\"SearchAction\",\"target\":{\"@type\":\"EntryPoint\",\"urlTemplate\":\"https:\/\/www.csj-emballages.com\/de\/?s={search_term_string}\"},\"query-input\":{\"@type\":\"PropertyValueSpecification\",\"valueRequired\":true,\"valueName\":\"search_term_string\"}}],\"inLanguage\":\"de\"},{\"@type\":\"Organization\",\"@id\":\"https:\/\/www.csj-emballages.com\/de\/#Organization\/\",\"name\":\"CSJ Emballages\",\"url\":\"https:\/\/www.csj-emballages.com\/de\/\",\"logo\":{\"@type\":\"ImageObject\",\"inLanguage\":\"de\",\"@id\":\"https:\/\/www.csj-emballages.com\/de\/#\/schema\/logo\/image\/\",\"url\":\"https:\/\/www.csj-emballages.com\/wp-content\/uploads\/2023\/10\/logo_csj.webp\",\"contentUrl\":\"https:\/\/www.csj-emballages.com\/wp-content\/uploads\/2023\/10\/logo_csj.webp\",\"width\":250,\"height\":95,\"caption\":\"CSJ Emballages\"},\"image\":{\"@id\":\"https:\/\/www.csj-emballages.com\/de\/#\/schema\/logo\/image\/\"},\"sameAs\":[\"https:\/\/www.facebook.com\/csjemballages\"],\"address\":{\"@type\":\"PostalAddress\",\"streetAddress\":\"ZI La Lechere\",\"addressLocality\":\"Patornay\",\"postalCode\":\"39130\",\"addressCountry\":\"FR\"},\"contactPoint\":[{\"@type\":\"ContactPoint\",\"contactType\":\"Service client\",\"telephone\":\"0384254272\",\"email\":\"contact@csj-emballages.com\"}]}]}<\/script>\n<!-- \/ Yoast SEO Premium plugin. -->","yoast_head_json":{"title":"Fingersp\u00fclung f\u00fcr Handt\u00fccher Zitrone - Par 1000","description":"Entdecken Sie jetzt unsere Handt\u00fccher mit Fingersp\u00fclung und Zitronenduft. Sie werden in Kartons zu 1000 St\u00fcck verkauft, sind praktisch und riechen gut.","robots":{"index":"index","follow":"follow","max-snippet":"max-snippet:-1","max-image-preview":"max-image-preview:large","max-video-preview":"max-video-preview:-1"},"canonical":"https:\/\/www.csj-emballages.com\/de\/produit\/1000-handtuecher-mit-fingerspuelung-zitrone\/","og_locale":"de_DE","og_type":"article","og_title":"Fingersp\u00fclung Zitrone pro 1000","og_description":"Entdecken Sie jetzt unsere Handt\u00fccher mit Fingersp\u00fclung und Zitronenduft. Sie werden in Kartons zu 1000 St\u00fcck verkauft, sind praktisch und riechen gut.","og_url":"https:\/\/www.csj-emballages.com\/de\/produit\/1000-handtuecher-mit-fingerspuelung-zitrone\/","og_site_name":"CSJ Emballages","article_publisher":"https:\/\/www.facebook.com\/csjemballages","article_modified_time":"2026-04-29T00:17:08+00:00","og_image":[{"width":800,"height":800,"url":"https:\/\/www.csj-emballages.com\/wp-content\/uploads\/2024\/03\/rince-doigt.webp","type":"image\/webp"}],"twitter_card":"summary_large_image","twitter_misc":{"Gesch\u00e4tzte Lesezeit":"2 Minuten"},"schema":{"@context":"https:\/\/schema.org","@graph":[{"@type":"WebPage","@id":"https:\/\/www.csj-emballages.com\/de\/produit\/1000-handtuecher-mit-fingerspuelung-zitrone\/","url":"https:\/\/www.csj-emballages.com\/de\/produit\/1000-handtuecher-mit-fingerspuelung-zitrone\/","name":"Fingersp\u00fclung f\u00fcr Handt\u00fccher Zitrone - Par 1000","isPartOf":{"@id":"https:\/\/www.csj-emballages.com\/de\/#website"},"primaryImageOfPage":{"@id":"https:\/\/www.csj-emballages.com\/de\/produit\/1000-handtuecher-mit-fingerspuelung-zitrone\/#primaryimage"},"image":{"@id":"https:\/\/www.csj-emballages.com\/de\/produit\/1000-handtuecher-mit-fingerspuelung-zitrone\/#primaryimage"},"thumbnailUrl":"https:\/\/www.csj-emballages.com\/wp-content\/uploads\/2024\/03\/rince-doigt.webp","datePublished":"2024-03-01T15:50:18+00:00","dateModified":"2026-04-29T00:17:08+00:00","description":"Entdecken Sie jetzt unsere Handt\u00fccher mit Fingersp\u00fclung und Zitronenduft. Sie werden in Kartons zu 1000 St\u00fcck verkauft, sind praktisch und riechen gut.","breadcrumb":{"@id":"https:\/\/www.csj-emballages.com\/de\/produit\/1000-handtuecher-mit-fingerspuelung-zitrone\/#breadcrumb"},"inLanguage":"de","potentialAction":[{"@type":"ReadAction","target":["https:\/\/www.csj-emballages.com\/de\/produit\/1000-handtuecher-mit-fingerspuelung-zitrone\/"]}]},{"@type":"ImageObject","inLanguage":"de","@id":"https:\/\/www.csj-emballages.com\/de\/produit\/1000-handtuecher-mit-fingerspuelung-zitrone\/#primaryimage","url":"https:\/\/www.csj-emballages.com\/wp-content\/uploads\/2024\/03\/rince-doigt.webp","contentUrl":"https:\/\/www.csj-emballages.com\/wp-content\/uploads\/2024\/03\/rince-doigt.webp","width":800,"height":800,"caption":"Rince doigt"},{"@type":"BreadcrumbList","@id":"https:\/\/www.csj-emballages.com\/de\/produit\/1000-handtuecher-mit-fingerspuelung-zitrone\/#breadcrumb","itemListElement":[{"@type":"ListItem","position":1,"name":"Accueil","item":"https:\/\/www.csj-emballages.com\/de\/universum-lebensmittelverpackungen\/"},{"@type":"ListItem","position":2,"name":"Shop","item":"https:\/\/www.csj-emballages.com\/shop\/"},{"@type":"ListItem","position":3,"name":"Fingersp\u00fclung Zitrone pro 1000"}]},{"@type":"WebSite","@id":"https:\/\/www.csj-emballages.com\/de\/#website","url":"https:\/\/www.csj-emballages.com\/de\/","name":"CSJ Emballages","description":"","publisher":{"@id":"https:\/\/www.csj-emballages.com\/de\/#organization"},"potentialAction":[{"@type":"SearchAction","target":{"@type":"EntryPoint","urlTemplate":"https:\/\/www.csj-emballages.com\/de\/?s={search_term_string}"},"query-input":{"@type":"PropertyValueSpecification","valueRequired":true,"valueName":"search_term_string"}}],"inLanguage":"de"},{"@type":"Organization","@id":"https:\/\/www.csj-emballages.com\/de\/#Organization\/","name":"CSJ Emballages","url":"https:\/\/www.csj-emballages.com\/de\/","logo":{"@type":"ImageObject","inLanguage":"de","@id":"https:\/\/www.csj-emballages.com\/de\/#\/schema\/logo\/image\/","url":"https:\/\/www.csj-emballages.com\/wp-content\/uploads\/2023\/10\/logo_csj.webp","contentUrl":"https:\/\/www.csj-emballages.com\/wp-content\/uploads\/2023\/10\/logo_csj.webp","width":250,"height":95,"caption":"CSJ Emballages"},"image":{"@id":"https:\/\/www.csj-emballages.com\/de\/#\/schema\/logo\/image\/"},"sameAs":["https:\/\/www.facebook.com\/csjemballages"],"address":{"@type":"PostalAddress","streetAddress":"ZI La Lechere","addressLocality":"Patornay","postalCode":"39130","addressCountry":"FR"},"contactPoint":[{"@type":"ContactPoint","contactType":"Service client","telephone":"0384254272","email":"contact@csj-emballages.com"}]}]}},"df_price":29.62,"df_sale_price":"","df_regular_price":29.62,"df_image_link":"https:\/\/www.csj-emballages.com\/wp-content\/uploads\/2024\/03\/rince-doigt-300x300.webp","tiered_pricing_type":"fixed","tiered_pricing_fixed_rules":[],"tiered_pricing_percentage_rules":[],"tiered_pricing_minimum":1,"tiered_pricing_roles_data":[],"_links":{"self":[{"href":"https:\/\/www.csj-emballages.com\/de\/wp-json\/wp\/v2\/product\/22875","targetHints":{"allow":["GET"]}}],"collection":[{"href":"https:\/\/www.csj-emballages.com\/de\/wp-json\/wp\/v2\/product"}],"about":[{"href":"https:\/\/www.csj-emballages.com\/de\/wp-json\/wp\/v2\/types\/product"}],"wp:featuredmedia":[{"embeddable":true,"href":"https:\/\/www.csj-emballages.com\/de\/wp-json\/wp\/v2\/media\/215573"}],"wp:attachment":[{"href":"https:\/\/www.csj-emballages.com\/de\/wp-json\/wp\/v2\/media?parent=22875"}],"wp:term":[{"taxonomy":"product_brand","embeddable":true,"href":"https:\/\/www.csj-emballages.com\/de\/wp-json\/wp\/v2\/product_brand?post=22875"},{"taxonomy":"product_cat","embeddable":true,"href":"https:\/\/www.csj-emballages.com\/de\/wp-json\/wp\/v2\/product_cat?post=22875"},{"taxonomy":"product_tag","embeddable":true,"href":"https:\/\/www.csj-emballages.com\/de\/wp-json\/wp\/v2\/product_tag?post=22875"}],"curies":[{"name":"wp","href":"https:\/\/api.w.org\/{rel}","templated":true}]}}