{"id":22856,"date":"2024-03-01T16:50:17","date_gmt":"2024-03-01T15:50:17","guid":{"rendered":"https:\/\/u15jnbdpoq.preview.infomaniak.website\/produit\/250-weisse-festliche-ringe-o25-cm\/"},"modified":"2026-04-03T02:19:22","modified_gmt":"2026-04-03T00:19:22","slug":"250-weisse-festliche-ringe-o25-cm","status":"publish","type":"product","link":"https:\/\/www.csj-emballages.com\/de\/produit\/250-weisse-festliche-ringe-o25-cm\/","title":{"rendered":"Rund wei\u00df mit Feston \u00f825 cm pro 250"},"content":{"rendered":"<h2>Wei\u00dfe Rundung mit Feston<\/h2>\n<hr \/>\n<h3>Beschreibung von unserem runden wei\u00dfen Feston \u00f825 cm pro 250<\/h3>\n<p><!--more--><\/p>\n<p data-start=\"347\" data-end=\"706\">Ob Sie nun <strong data-start=\"362\" data-end=\"374\">Traiteur<\/strong>, <strong data-start=\"376\" data-end=\"399\">B\u00e4cker, Konditor<\/strong>, <strong data-start=\"401\" data-end=\"417\">Restaurantbesitzer<\/strong> oder einfach nur ein leidenschaftlicher Koch sind, der <strong>wei\u00dfe, festlich verzierte Rundkuchen \u00f825 cm x 250<\/strong> ist ein Muss, um Ihre Pr\u00e4sentationen zu verfeinern. Denn er ist elegant und praktisch und erm\u00f6glicht es Ihnen, Ihre Patisserie <strong data-start=\"608\" data-end=\"674\">, Entremets, Torten, Kuchen und herzhaften Zubereitungen<\/strong> mit einem tadellosen Finish hervorzuheben.<\/p>\n<p data-start=\"708\" data-end=\"1017\">Dieser aus <strong data-start=\"729\" data-end=\"761\">stabilem Lebensmittelkarton<\/strong> hergestellte Halter bietet gen\u00fcgend Steifigkeit, um Ihre Kreationen sicher zu transportieren, ist aber gleichzeitig leicht und einfach zu handhaben. Die <strong data-start=\"902\" data-end=\"917\">runde Form<\/strong> und die <strong data-start=\"925\" data-end=\"944\">festlichen R\u00e4nder<\/strong> sorgen f\u00fcr einen Hauch von Eleganz, der die G\u00e4ste sofort in seinen Bann zieht.<\/p>\n<p data-start=\"1019\" data-end=\"1393\">Dank seines Durchmessers von <strong>25 cm<\/strong> eignet er sich perfekt f\u00fcr einzelne oder mittelgro\u00dfe Zubereitungen. Verpackt zu <strong data-start=\"1152\" data-end=\"1166\">250 St\u00fcck<\/strong> ist dieses Set besonders beliebt bei Gastronomie- und Veranstaltungsprofis, denn es spart Zeit und sorgt daf\u00fcr, dass bei Service, Buffet oder Empfang immer eine passende Unterlage zur Verf\u00fcgung steht.<\/p>\n<p data-start=\"1395\" data-end=\"1702\">Neben seiner <strong data-start=\"1410\" data-end=\"1432\">gepflegten \u00c4sthetik<\/strong> sorgt der <strong data-start=\"1437\" data-end=\"1460\">wei\u00dfe, festonierte Rundling<\/strong> auch f\u00fcr eine gute <strong data-start=\"1488\" data-end=\"1499\">Lebensmittelhygiene<\/strong>. Ihre Produkte sind von der Pr\u00e4sentationsfl\u00e4che isoliert und profitieren von einem sauberen und professionellen Erscheinungsbild. Es ist eine ideale Wahl, um Ihr Know-how ohne zus\u00e4tzlichen Aufwand aufzuwerten.<\/p>\n<p data-start=\"1704\" data-end=\"1930\">Zusammenfassend l\u00e4sst sich sagen, dass der<strong data-start=\"1718\" data-end=\"1756\"> wei\u00dfe<\/strong> <strong>runde<\/strong><strong data-start=\"1718\" data-end=\"1756\"> Feston \u00f825 cm von 250<\/strong> nicht nur ein Accessoire ist, sondern ein Gewinn f\u00fcr alle, die in ihrem Beruf wie auch bei privaten Veranstaltungen Zweckm\u00e4\u00dfigkeit, Hygiene und Eleganz miteinander verbinden m\u00f6chten.<\/p>\n<p data-start=\"1387\" data-end=\"1632\"><!--more--><\/p>\n<h4>Vorteile :<\/h4>\n<ul>\n<li><strong data-start=\"1657\" data-end=\"1682\">Elegante Pr\u00e4sentation<\/strong> dank der raffinierten Festonierung.<\/li>\n<li><strong data-start=\"1715\" data-end=\"1733\">Starre Unterlage<\/strong>, um einen sicheren Halt der Desserts zu gew\u00e4hrleisten.<\/li>\n<li><strong data-start=\"1780\" data-end=\"1799\">Praktisches 25-cm-Format<\/strong>, das sich f\u00fcr kleine Geb\u00e4cke und Desserts eignet.<\/li>\n<li><strong data-start=\"1857\" data-end=\"1871\">Hygienisch<\/strong>: Vermeidet den direkten Kontakt mit Oberfl\u00e4chen.<\/li>\n<li><strong data-start=\"1920\" data-end=\"1950\">Verpackung<\/strong> zu 250 St\u00fcck.<\/li>\n<\/ul>\n<p>&nbsp;<\/p>\n<p><!--more--><\/p>\n<h4>Weitere Informationen :<\/h4>\n<ul>\n<li><strong>Verpackung<\/strong>: Packung mit 250<\/li>\n<li><strong>Durchmesser<\/strong>: 25 cm<\/li>\n<li><strong>Farbe<\/strong>: Wei\u00df<\/li>\n<li><strong>Material<\/strong>: Karton<\/li>\n<li><strong>Form<\/strong>: Festoniert<\/li>\n<\/ul>\n<p>&nbsp;<\/p>\n<p><!--more--><\/p>\n<p>Hier finden Sie alle verf\u00fcgbaren Gr\u00f6\u00dfen f\u00fcr diese wei\u00dfen, festlichen Ringe: \u00d815 cm \/ <span style=\"color: #d12727;\"><a style=\"color: #d12727;\" href=\"https:\/\/www.csj-emballages.com\/de\/produit\/250-weisse-festliche-ringe-o17-cm\/\">\u00d817 cm<\/a><\/span> \/ <span style=\"color: #d12727;\"><a style=\"color: #d12727;\" href=\"https:\/\/www.csj-emballages.com\/de\/produit\/250-weisse-festliche-ringe-o19-cm\/\">\u00d819 cm<\/a><\/span> \/ <span style=\"color: #d12727;\"><a style=\"color: #d12727;\" href=\"https:\/\/www.csj-emballages.com\/de\/produit\/250-weisse-festliche-ringe-o21-cm\/\">\u00d821 cm<\/a><\/span> \/ <span style=\"color: #d12727;\"><a style=\"color: #d12727;\" href=\"https:\/\/www.csj-emballages.com\/produit\/250-ronds-blancs-festonnes-o23-cm\/\">\u00d823 cm<\/a><\/span> \/ \u00d826 cm \/ <span style=\"color: #d12727;\"><a style=\"color: #d12727;\" href=\"https:\/\/www.csj-emballages.com\/produit\/250-ronds-blancs-festonnes-o29-cm\/\">\u00d829 cm<\/a><\/span> \/ <span style=\"color: #d12727;\"><a style=\"color: #d12727;\" href=\"https:\/\/www.csj-emballages.com\/produit\/250-ronds-blancs-festonnes-o31-cm\/\">\u00d832 cm<\/a><\/span><\/p>\n<p>&nbsp;<\/p>\n<p><!--more--><\/p>\n<p><a href=\"https:\/\/www.csj-emballages.com\/de\/categorie-produit\/lebensmittelverpackungen\/backerei-und-konditorei\/kuchensohlenhalter\/runde-kuchenstander\/festonierte-kuchenhalter\/\">Sehen Sie sich den Rest unseres Sortiments an wei\u00dfen runden Girlanden an<\/a><\/p>\n","protected":false},"excerpt":{"rendered":"<p>Wei\u00dfe Rundung mit Feston Beschreibung von unserem runden wei\u00dfen Feston \u00f825 cm pro 250<\/p>\n","protected":false},"featured_media":241318,"template":"","meta":{"_acf_changed":false},"product_brand":[],"product_cat":[1137,1171,1925,3242],"product_tag":[],"class_list":{"0":"post-22856","1":"product","2":"type-product","3":"status-publish","4":"has-post-thumbnail","6":"product_cat-lebensmittelverpackungen","7":"product_cat-backerei-und-konditorei","8":"product_cat-kuchensohlenhalter","9":"product_cat-festonierte-kuchenhalter","11":"first","12":"instock","13":"taxable","14":"shipping-taxable","15":"purchasable","16":"product-type-simple"},"acf":[],"yoast_head":"<!-- This site is optimized with the Yoast SEO Premium plugin v26.6 (Yoast SEO v26.6) - https:\/\/yoast.com\/wordpress\/plugins\/seo\/ -->\n<title>Rund Wei\u00df Festlich \u00f825 cm pro 250<\/title>\n<meta name=\"description\" content=\"Veredeln Sie Ihre Pr\u00e4sentationen mit dem wei\u00dfen Rund mit Feston \u00f825 cm pro 250: elegant, praktisch und widerstandsf\u00e4hig, ideal f\u00fcr Catering und Konditoreien.\" \/>\n<meta name=\"robots\" content=\"index, follow, max-snippet:-1, max-image-preview:large, max-video-preview:-1\" \/>\n<link rel=\"canonical\" href=\"https:\/\/www.csj-emballages.com\/de\/produit\/250-weisse-festliche-ringe-o25-cm\/\" \/>\n<meta property=\"og:locale\" content=\"de_DE\" \/>\n<meta property=\"og:type\" content=\"article\" \/>\n<meta property=\"og:title\" content=\"Rund wei\u00df mit Feston \u00f825 cm pro 250\" \/>\n<meta property=\"og:description\" content=\"Veredeln Sie Ihre Pr\u00e4sentationen mit dem wei\u00dfen Rund mit Feston \u00f825 cm pro 250: elegant, praktisch und widerstandsf\u00e4hig, ideal f\u00fcr Catering und Konditoreien.\" \/>\n<meta property=\"og:url\" content=\"https:\/\/www.csj-emballages.com\/de\/produit\/250-weisse-festliche-ringe-o25-cm\/\" \/>\n<meta property=\"og:site_name\" content=\"CSJ Emballages\" \/>\n<meta property=\"article:publisher\" content=\"https:\/\/www.facebook.com\/csjemballages\" \/>\n<meta property=\"article:modified_time\" content=\"2026-04-03T00:19:22+00:00\" \/>\n<meta property=\"og:image\" content=\"https:\/\/www.csj-emballages.com\/wp-content\/uploads\/2024\/03\/RF.webp\" \/>\n\t<meta property=\"og:image:width\" content=\"800\" \/>\n\t<meta property=\"og:image:height\" content=\"800\" \/>\n\t<meta property=\"og:image:type\" content=\"image\/webp\" \/>\n<meta name=\"twitter:card\" content=\"summary_large_image\" \/>\n<meta name=\"twitter:label1\" content=\"Gesch\u00e4tzte Lesezeit\" \/>\n\t<meta name=\"twitter:data1\" content=\"3 Minuten\" \/>\n<script type=\"application\/ld+json\" class=\"yoast-schema-graph\">{\"@context\":\"https:\/\/schema.org\",\"@graph\":[{\"@type\":\"WebPage\",\"@id\":\"https:\/\/www.csj-emballages.com\/de\/produit\/250-weisse-festliche-ringe-o25-cm\/\",\"url\":\"https:\/\/www.csj-emballages.com\/de\/produit\/250-weisse-festliche-ringe-o25-cm\/\",\"name\":\"Rund Wei\u00df Festlich \u00f825 cm pro 250\",\"isPartOf\":{\"@id\":\"https:\/\/www.csj-emballages.com\/de\/#website\"},\"primaryImageOfPage\":{\"@id\":\"https:\/\/www.csj-emballages.com\/de\/produit\/250-weisse-festliche-ringe-o25-cm\/#primaryimage\"},\"image\":{\"@id\":\"https:\/\/www.csj-emballages.com\/de\/produit\/250-weisse-festliche-ringe-o25-cm\/#primaryimage\"},\"thumbnailUrl\":\"https:\/\/www.csj-emballages.com\/wp-content\/uploads\/2024\/03\/RF.webp\",\"datePublished\":\"2024-03-01T15:50:17+00:00\",\"dateModified\":\"2026-04-03T00:19:22+00:00\",\"description\":\"Veredeln Sie Ihre Pr\u00e4sentationen mit dem wei\u00dfen Rund mit Feston \u00f825 cm pro 250: elegant, praktisch und widerstandsf\u00e4hig, ideal f\u00fcr Catering und Konditoreien.\",\"breadcrumb\":{\"@id\":\"https:\/\/www.csj-emballages.com\/de\/produit\/250-weisse-festliche-ringe-o25-cm\/#breadcrumb\"},\"inLanguage\":\"de\",\"potentialAction\":[{\"@type\":\"ReadAction\",\"target\":[\"https:\/\/www.csj-emballages.com\/de\/produit\/250-weisse-festliche-ringe-o25-cm\/\"]}]},{\"@type\":\"ImageObject\",\"inLanguage\":\"de\",\"@id\":\"https:\/\/www.csj-emballages.com\/de\/produit\/250-weisse-festliche-ringe-o25-cm\/#primaryimage\",\"url\":\"https:\/\/www.csj-emballages.com\/wp-content\/uploads\/2024\/03\/RF.webp\",\"contentUrl\":\"https:\/\/www.csj-emballages.com\/wp-content\/uploads\/2024\/03\/RF.webp\",\"width\":800,\"height\":800,\"caption\":\"Rond blanc festonn\u00e9\"},{\"@type\":\"BreadcrumbList\",\"@id\":\"https:\/\/www.csj-emballages.com\/de\/produit\/250-weisse-festliche-ringe-o25-cm\/#breadcrumb\",\"itemListElement\":[{\"@type\":\"ListItem\",\"position\":1,\"name\":\"Accueil\",\"item\":\"https:\/\/www.csj-emballages.com\/de\/universum-lebensmittelverpackungen\/\"},{\"@type\":\"ListItem\",\"position\":2,\"name\":\"Shop\",\"item\":\"https:\/\/www.csj-emballages.com\/shop\/\"},{\"@type\":\"ListItem\",\"position\":3,\"name\":\"Rund wei\u00df mit Feston \u00f825 cm pro 250\"}]},{\"@type\":\"WebSite\",\"@id\":\"https:\/\/www.csj-emballages.com\/de\/#website\",\"url\":\"https:\/\/www.csj-emballages.com\/de\/\",\"name\":\"CSJ Emballages\",\"description\":\"\",\"publisher\":{\"@id\":\"https:\/\/www.csj-emballages.com\/de\/#organization\"},\"potentialAction\":[{\"@type\":\"SearchAction\",\"target\":{\"@type\":\"EntryPoint\",\"urlTemplate\":\"https:\/\/www.csj-emballages.com\/de\/?s={search_term_string}\"},\"query-input\":{\"@type\":\"PropertyValueSpecification\",\"valueRequired\":true,\"valueName\":\"search_term_string\"}}],\"inLanguage\":\"de\"},{\"@type\":\"Organization\",\"@id\":\"https:\/\/www.csj-emballages.com\/de\/#Organization\/\",\"name\":\"CSJ Emballages\",\"url\":\"https:\/\/www.csj-emballages.com\/de\/\",\"logo\":{\"@type\":\"ImageObject\",\"inLanguage\":\"de\",\"@id\":\"https:\/\/www.csj-emballages.com\/de\/#\/schema\/logo\/image\/\",\"url\":\"https:\/\/www.csj-emballages.com\/wp-content\/uploads\/2023\/10\/logo_csj.webp\",\"contentUrl\":\"https:\/\/www.csj-emballages.com\/wp-content\/uploads\/2023\/10\/logo_csj.webp\",\"width\":250,\"height\":95,\"caption\":\"CSJ Emballages\"},\"image\":{\"@id\":\"https:\/\/www.csj-emballages.com\/de\/#\/schema\/logo\/image\/\"},\"sameAs\":[\"https:\/\/www.facebook.com\/csjemballages\"],\"address\":{\"@type\":\"PostalAddress\",\"streetAddress\":\"ZI La Lechere\",\"addressLocality\":\"Patornay\",\"postalCode\":\"39130\",\"addressCountry\":\"FR\"},\"contactPoint\":[{\"@type\":\"ContactPoint\",\"contactType\":\"Service client\",\"telephone\":\"0384254272\",\"email\":\"contact@csj-emballages.com\"}]}]}<\/script>\n<!-- \/ Yoast SEO Premium plugin. -->","yoast_head_json":{"title":"Rund Wei\u00df Festlich \u00f825 cm pro 250","description":"Veredeln Sie Ihre Pr\u00e4sentationen mit dem wei\u00dfen Rund mit Feston \u00f825 cm pro 250: elegant, praktisch und widerstandsf\u00e4hig, ideal f\u00fcr Catering und Konditoreien.","robots":{"index":"index","follow":"follow","max-snippet":"max-snippet:-1","max-image-preview":"max-image-preview:large","max-video-preview":"max-video-preview:-1"},"canonical":"https:\/\/www.csj-emballages.com\/de\/produit\/250-weisse-festliche-ringe-o25-cm\/","og_locale":"de_DE","og_type":"article","og_title":"Rund wei\u00df mit Feston \u00f825 cm pro 250","og_description":"Veredeln Sie Ihre Pr\u00e4sentationen mit dem wei\u00dfen Rund mit Feston \u00f825 cm pro 250: elegant, praktisch und widerstandsf\u00e4hig, ideal f\u00fcr Catering und Konditoreien.","og_url":"https:\/\/www.csj-emballages.com\/de\/produit\/250-weisse-festliche-ringe-o25-cm\/","og_site_name":"CSJ Emballages","article_publisher":"https:\/\/www.facebook.com\/csjemballages","article_modified_time":"2026-04-03T00:19:22+00:00","og_image":[{"width":800,"height":800,"url":"https:\/\/www.csj-emballages.com\/wp-content\/uploads\/2024\/03\/RF.webp","type":"image\/webp"}],"twitter_card":"summary_large_image","twitter_misc":{"Gesch\u00e4tzte Lesezeit":"3 Minuten"},"schema":{"@context":"https:\/\/schema.org","@graph":[{"@type":"WebPage","@id":"https:\/\/www.csj-emballages.com\/de\/produit\/250-weisse-festliche-ringe-o25-cm\/","url":"https:\/\/www.csj-emballages.com\/de\/produit\/250-weisse-festliche-ringe-o25-cm\/","name":"Rund Wei\u00df Festlich \u00f825 cm pro 250","isPartOf":{"@id":"https:\/\/www.csj-emballages.com\/de\/#website"},"primaryImageOfPage":{"@id":"https:\/\/www.csj-emballages.com\/de\/produit\/250-weisse-festliche-ringe-o25-cm\/#primaryimage"},"image":{"@id":"https:\/\/www.csj-emballages.com\/de\/produit\/250-weisse-festliche-ringe-o25-cm\/#primaryimage"},"thumbnailUrl":"https:\/\/www.csj-emballages.com\/wp-content\/uploads\/2024\/03\/RF.webp","datePublished":"2024-03-01T15:50:17+00:00","dateModified":"2026-04-03T00:19:22+00:00","description":"Veredeln Sie Ihre Pr\u00e4sentationen mit dem wei\u00dfen Rund mit Feston \u00f825 cm pro 250: elegant, praktisch und widerstandsf\u00e4hig, ideal f\u00fcr Catering und Konditoreien.","breadcrumb":{"@id":"https:\/\/www.csj-emballages.com\/de\/produit\/250-weisse-festliche-ringe-o25-cm\/#breadcrumb"},"inLanguage":"de","potentialAction":[{"@type":"ReadAction","target":["https:\/\/www.csj-emballages.com\/de\/produit\/250-weisse-festliche-ringe-o25-cm\/"]}]},{"@type":"ImageObject","inLanguage":"de","@id":"https:\/\/www.csj-emballages.com\/de\/produit\/250-weisse-festliche-ringe-o25-cm\/#primaryimage","url":"https:\/\/www.csj-emballages.com\/wp-content\/uploads\/2024\/03\/RF.webp","contentUrl":"https:\/\/www.csj-emballages.com\/wp-content\/uploads\/2024\/03\/RF.webp","width":800,"height":800,"caption":"Rond blanc festonn\u00e9"},{"@type":"BreadcrumbList","@id":"https:\/\/www.csj-emballages.com\/de\/produit\/250-weisse-festliche-ringe-o25-cm\/#breadcrumb","itemListElement":[{"@type":"ListItem","position":1,"name":"Accueil","item":"https:\/\/www.csj-emballages.com\/de\/universum-lebensmittelverpackungen\/"},{"@type":"ListItem","position":2,"name":"Shop","item":"https:\/\/www.csj-emballages.com\/shop\/"},{"@type":"ListItem","position":3,"name":"Rund wei\u00df mit Feston \u00f825 cm pro 250"}]},{"@type":"WebSite","@id":"https:\/\/www.csj-emballages.com\/de\/#website","url":"https:\/\/www.csj-emballages.com\/de\/","name":"CSJ Emballages","description":"","publisher":{"@id":"https:\/\/www.csj-emballages.com\/de\/#organization"},"potentialAction":[{"@type":"SearchAction","target":{"@type":"EntryPoint","urlTemplate":"https:\/\/www.csj-emballages.com\/de\/?s={search_term_string}"},"query-input":{"@type":"PropertyValueSpecification","valueRequired":true,"valueName":"search_term_string"}}],"inLanguage":"de"},{"@type":"Organization","@id":"https:\/\/www.csj-emballages.com\/de\/#Organization\/","name":"CSJ Emballages","url":"https:\/\/www.csj-emballages.com\/de\/","logo":{"@type":"ImageObject","inLanguage":"de","@id":"https:\/\/www.csj-emballages.com\/de\/#\/schema\/logo\/image\/","url":"https:\/\/www.csj-emballages.com\/wp-content\/uploads\/2023\/10\/logo_csj.webp","contentUrl":"https:\/\/www.csj-emballages.com\/wp-content\/uploads\/2023\/10\/logo_csj.webp","width":250,"height":95,"caption":"CSJ Emballages"},"image":{"@id":"https:\/\/www.csj-emballages.com\/de\/#\/schema\/logo\/image\/"},"sameAs":["https:\/\/www.facebook.com\/csjemballages"],"address":{"@type":"PostalAddress","streetAddress":"ZI La Lechere","addressLocality":"Patornay","postalCode":"39130","addressCountry":"FR"},"contactPoint":[{"@type":"ContactPoint","contactType":"Service client","telephone":"0384254272","email":"contact@csj-emballages.com"}]}]}},"df_price":19.06,"df_sale_price":"","df_regular_price":19.06,"df_image_link":"https:\/\/www.csj-emballages.com\/wp-content\/uploads\/2024\/03\/RF-300x300.webp","tiered_pricing_type":"fixed","tiered_pricing_fixed_rules":[],"tiered_pricing_percentage_rules":[],"tiered_pricing_minimum":1,"tiered_pricing_roles_data":[],"_links":{"self":[{"href":"https:\/\/www.csj-emballages.com\/de\/wp-json\/wp\/v2\/product\/22856","targetHints":{"allow":["GET"]}}],"collection":[{"href":"https:\/\/www.csj-emballages.com\/de\/wp-json\/wp\/v2\/product"}],"about":[{"href":"https:\/\/www.csj-emballages.com\/de\/wp-json\/wp\/v2\/types\/product"}],"wp:featuredmedia":[{"embeddable":true,"href":"https:\/\/www.csj-emballages.com\/de\/wp-json\/wp\/v2\/media\/241318"}],"wp:attachment":[{"href":"https:\/\/www.csj-emballages.com\/de\/wp-json\/wp\/v2\/media?parent=22856"}],"wp:term":[{"taxonomy":"product_brand","embeddable":true,"href":"https:\/\/www.csj-emballages.com\/de\/wp-json\/wp\/v2\/product_brand?post=22856"},{"taxonomy":"product_cat","embeddable":true,"href":"https:\/\/www.csj-emballages.com\/de\/wp-json\/wp\/v2\/product_cat?post=22856"},{"taxonomy":"product_tag","embeddable":true,"href":"https:\/\/www.csj-emballages.com\/de\/wp-json\/wp\/v2\/product_tag?post=22856"}],"curies":[{"name":"wp","href":"https:\/\/api.w.org\/{rel}","templated":true}]}}